{"id":10152,"date":"2021-11-02T16:57:50","date_gmt":"2021-11-02T15:57:50","guid":{"rendered":"https:\/\/osg-excello.com\/?page_id=10152"},"modified":"2021-11-02T18:15:59","modified_gmt":"2021-11-02T17:15:59","slug":"nastroje-na-valcovani-zavitu-pro-valcovaci-hlavy","status":"publish","type":"page","link":"https:\/\/osg-excello.com\/cs\/nastroje-na-valcovani-zavitu-pro-valcovaci-hlavy\/","title":{"rendered":"N\u00e1stroje na v\u00e1lcov\u00e1n\u00ed z\u00e1vit\u016f pro v\u00e1lcovac\u00ed hlavy"},"content":{"rendered":"\n<style type=\"text\/css\" data-created_by=\"avia_inline_auto\" id=\"style-css-av-807no-33a4a38e5e0d5dea70cde682a9dc653a\">\n.flex_column.av-807no-33a4a38e5e0d5dea70cde682a9dc653a{\nborder-radius:0px 0px 0px 0px;\npadding:25px 0px 0px 0px;\n}\n<\/style>\n<div  class='flex_column av-807no-33a4a38e5e0d5dea70cde682a9dc653a av_one_full  avia-builder-el-0  el_before_av_hr  avia-builder-el-first  first flex_column_div  '     ><style type=\"text\/css\" data-created_by=\"avia_inline_auto\" id=\"style-css-av-k3ftxwyb-bdda91dc5a9be6527acfeaeb83cd69cf\">\n#top .av-special-heading.av-k3ftxwyb-bdda91dc5a9be6527acfeaeb83cd69cf{\npadding-bottom:10px;\n}\nbody .av-special-heading.av-k3ftxwyb-bdda91dc5a9be6527acfeaeb83cd69cf .av-special-heading-tag .heading-char{\nfont-size:25px;\n}\n.av-special-heading.av-k3ftxwyb-bdda91dc5a9be6527acfeaeb83cd69cf .av-subheading{\nfont-size:15px;\n}\n<\/style>\n<div  class='av-special-heading av-k3ftxwyb-bdda91dc5a9be6527acfeaeb83cd69cf av-special-heading-h1 blockquote modern-quote modern-centered  avia-builder-el-1  avia-builder-el-no-sibling  av-linked-heading'><h1 class='av-special-heading-tag '  itemprop=\"headline\"  >N\u00e1stroje na v\u00e1lcov\u00e1n\u00ed z\u00e1vit\u016f pro v\u00e1lcovac\u00ed hlavy<\/h1><div class=\"special-heading-border\"><div class=\"special-heading-inner-border\"><\/div><\/div><\/div><\/div>\n\n<style type=\"text\/css\" data-created_by=\"avia_inline_auto\" id=\"style-css-av-k363cjsl-6c3a36cc1ad2d24930cc419f13ab6bc6\">\n#top .hr.av-k363cjsl-6c3a36cc1ad2d24930cc419f13ab6bc6{\nmargin-top:0px;\nmargin-bottom:30px;\n}\n.hr.av-k363cjsl-6c3a36cc1ad2d24930cc419f13ab6bc6 .hr-inner{\nwidth:30%;\nborder-color:#e8e8e8;\nmax-width:45%;\n}\n.hr.av-k363cjsl-6c3a36cc1ad2d24930cc419f13ab6bc6 .av-seperator-icon{\ncolor:#e8e8e8;\n}\n.hr.av-k363cjsl-6c3a36cc1ad2d24930cc419f13ab6bc6 .av-seperator-icon.avia-svg-icon svg:first-child{\nfill:#e8e8e8;\nstroke:#e8e8e8;\n}\n<\/style>\n<div  class='hr av-k363cjsl-6c3a36cc1ad2d24930cc419f13ab6bc6 hr-custom  avia-builder-el-2  el_after_av_one_full  el_before_av_textblock  hr-center hr-icon-yes'><span class='hr-inner inner-border-av-border-thin'><span class=\"hr-inner-style\"><\/span><\/span><span class='av-seperator-icon avia-iconfont avia-font-entypo-fontello' data-av_icon='\ue898' data-av_iconfont='entypo-fontello' ><\/span><span class='hr-inner inner-border-av-border-thin'><span class=\"hr-inner-style\"><\/span><\/span><\/div>\n<section  class='av_textblock_section av-kvglk780-ee28dff35b68186243e3872cfcdb6e1c '   itemscope=\"itemscope\" itemtype=\"https:\/\/schema.org\/CreativeWork\" ><div class='avia_textblock'  itemprop=\"text\" ><p><strong>N\u00e1stroje na v\u00e1lcov\u00e1n\u00ed z\u00e1vit\u016f:<\/strong><\/p>\n<li>N\u00e1stroje na v\u00e1lcov\u00e1n\u00ed z\u00e1vit\u016f OSG EX-CELL-O p\u0159esv\u011bd\u010duj\u00ed nejvy\u0161\u0161\u00ed kvalitou a vynikaj\u00edc\u00ed \u017eivotnost\u00ed.<\/li>\n<li>Vyrobeno ze speci\u00e1ln\u011b vyvinut\u00fdch n\u00e1strojov\u00fdch ocel\u00ed, voliteln\u011b povrchov\u011b o\u0161et\u0159eno povlakem SQT.<\/li>\n<p><strong>varianty:<\/strong><\/p>\n<li>Sady n\u00e1stroj\u016f pro v\u00e1lcov\u00e1n\u00ed z\u00e1vit\u016f pro tv\u00e1\u0159en\u00ed s v\u00e1lcovac\u00edmi hlavami na soustruz\u00edch nebo speci\u00e1ln\u00edch syst\u00e9mech pro obr\u00e1b\u011bn\u00ed v\u00e1lcovac\u00edch hlav.<\/li>\n<p><strong>P\u0159ehled aplikac\u00ed \/ speci\u00e1ln\u00ed proveden\u00ed:<\/strong><\/p>\n<li>Z\u00e1vito\u0159ezn\u00e9 n\u00e1stroje TR-3 do velikosti z\u00e1vitu M72.<\/li>\n<li>Pou\u017eiteln\u00fd dvakr\u00e1t na ob\u011b strany.<\/li>\n<li>Op\u011btovn\u00e9 pou\u017eit\u00ed je mo\u017en\u00e9 p\u0159ebrou\u0161en\u00edm na aplikace s v\u011bt\u0161\u00edm z\u00e1vitem.<\/li>\n<\/div><\/section>\n<\/div><\/div><\/div><!-- close content main div --><\/div><\/div>\n<style type=\"text\/css\" data-created_by=\"avia_inline_auto\" id=\"style-css-av-k3647wxa-14f501a09e84162727fa6ec184c7a00c\">\n.avia-section.av-k3647wxa-14f501a09e84162727fa6ec184c7a00c{\nmargin-top:0px;\nmargin-bottom:100px;\n}\n<\/style>\n<div id='av_section_1'  class='avia-section av-k3647wxa-14f501a09e84162727fa6ec184c7a00c main_color avia-section-no-padding avia-no-border-styling  avia-builder-el-4  el_after_av_textblock  avia-builder-el-last  avia-bg-style-scroll container_wrap sidebar_right'  ><div class='container av-section-cont-open' ><div class='template-page content  av-content-small alpha units'><div class='post-entry post-entry-type-page post-entry-10152'><div class='entry-content-wrapper clearfix'>\n<div id='av-masonry-1' class='av-masonry av-k3egpode-70eb9c8d01d2dd9bf20f664069c13e4c noHover av-fixed-size av-large-gap av-hover-overlay- av-masonry-animation-active av-masonry-col-3 av-caption-always av-caption-style- av-masonry-gallery ' data-post_id=\"10152\"><div class=\"av-masonry-container isotope av-js-disabled\"><div class='av-masonry-entry isotope-item av-masonry-item-no-image '><\/div><a href=\"https:\/\/osg-excello.com\/wp-content\/uploads\/2021\/10\/20210812_092438_ret-scaled.jpg\" data-srcset=\"https:\/\/osg-excello.com\/wp-content\/uploads\/2021\/10\/20210812_092438_ret-scaled.jpg 2560w, https:\/\/osg-excello.com\/wp-content\/uploads\/2021\/10\/20210812_092438_ret-768x432.jpg 768w, https:\/\/osg-excello.com\/wp-content\/uploads\/2021\/10\/20210812_092438_ret-1536x864.jpg 1536w, https:\/\/osg-excello.com\/wp-content\/uploads\/2021\/10\/20210812_092438_ret-2048x1152.jpg 2048w, https:\/\/osg-excello.com\/wp-content\/uploads\/2021\/10\/20210812_092438_ret-1500x844.jpg 1500w, https:\/\/osg-excello.com\/wp-content\/uploads\/2021\/10\/20210812_092438_ret-705x397.jpg 705w\" data-sizes=\"(max-width: 2560px) 100vw, 2560px\"  aria-label=\"image 20210812_092438_ret\"  id='av-masonry-1-item-10058' data-av-masonry-item='10058' class='av-masonry-entry isotope-item post-10058 attachment type-attachment status-inherit hentry  av-masonry-item-with-image' title=\"20210812_092438_ret\" alt=\"\"    itemprop=\"thumbnailUrl\" ><div class='av-inner-masonry-sizer'><\/div><figure class='av-inner-masonry main_color'><div class=\"av-masonry-outerimage-container\"><div class='av-masonry-image-container' style=\"background-image: url(https:\/\/osg-excello.com\/wp-content\/uploads\/2021\/10\/20210812_092438_ret-705x397.jpg);\"  title=\"20210812_092438_ret\" ><\/div><\/div><\/figure><\/a><!--end av-masonry entry--><a href=\"https:\/\/osg-excello.com\/wp-content\/uploads\/2021\/10\/20210812_092938_ret-1-scaled.jpg\" data-srcset=\"https:\/\/osg-excello.com\/wp-content\/uploads\/2021\/10\/20210812_092938_ret-1-scaled.jpg 2560w, https:\/\/osg-excello.com\/wp-content\/uploads\/2021\/10\/20210812_092938_ret-1-768x432.jpg 768w, https:\/\/osg-excello.com\/wp-content\/uploads\/2021\/10\/20210812_092938_ret-1-1536x864.jpg 1536w, https:\/\/osg-excello.com\/wp-content\/uploads\/2021\/10\/20210812_092938_ret-1-2048x1152.jpg 2048w, https:\/\/osg-excello.com\/wp-content\/uploads\/2021\/10\/20210812_092938_ret-1-1500x844.jpg 1500w, https:\/\/osg-excello.com\/wp-content\/uploads\/2021\/10\/20210812_092938_ret-1-705x397.jpg 705w\" data-sizes=\"(max-width: 2560px) 100vw, 2560px\"  aria-label=\"image 20210812_092938_ret\"  id='av-masonry-1-item-10038' data-av-masonry-item='10038' class='av-masonry-entry isotope-item post-10038 attachment type-attachment status-inherit hentry  av-masonry-item-with-image' title=\"20210812_092938_ret\" alt=\"\"    itemprop=\"thumbnailUrl\" ><div class='av-inner-masonry-sizer'><\/div><figure class='av-inner-masonry main_color'><div class=\"av-masonry-outerimage-container\"><div class='av-masonry-image-container' style=\"background-image: url(https:\/\/osg-excello.com\/wp-content\/uploads\/2021\/10\/20210812_092938_ret-1-705x397.jpg);\"  title=\"20210812_092938_ret\" ><\/div><\/div><\/figure><\/a><!--end av-masonry entry--><a href=\"https:\/\/osg-excello.com\/wp-content\/uploads\/2021\/10\/20210812_092727_ret-1-scaled.jpg\" data-srcset=\"https:\/\/osg-excello.com\/wp-content\/uploads\/2021\/10\/20210812_092727_ret-1-scaled.jpg 2560w, https:\/\/osg-excello.com\/wp-content\/uploads\/2021\/10\/20210812_092727_ret-1-768x432.jpg 768w, https:\/\/osg-excello.com\/wp-content\/uploads\/2021\/10\/20210812_092727_ret-1-1536x864.jpg 1536w, https:\/\/osg-excello.com\/wp-content\/uploads\/2021\/10\/20210812_092727_ret-1-2048x1152.jpg 2048w, https:\/\/osg-excello.com\/wp-content\/uploads\/2021\/10\/20210812_092727_ret-1-1500x844.jpg 1500w, https:\/\/osg-excello.com\/wp-content\/uploads\/2021\/10\/20210812_092727_ret-1-705x397.jpg 705w\" data-sizes=\"(max-width: 2560px) 100vw, 2560px\"  aria-label=\"image 20210812_092727_ret\"  id='av-masonry-1-item-10006' data-av-masonry-item='10006' class='av-masonry-entry isotope-item post-10006 attachment type-attachment status-inherit hentry  av-masonry-item-with-image' title=\"20210812_092727_ret\" alt=\"\"    itemprop=\"thumbnailUrl\" ><div class='av-inner-masonry-sizer'><\/div><figure class='av-inner-masonry main_color'><div class=\"av-masonry-outerimage-container\"><div class='av-masonry-image-container' style=\"background-image: url(https:\/\/osg-excello.com\/wp-content\/uploads\/2021\/10\/20210812_092727_ret-1-705x397.jpg);\"  title=\"20210812_092727_ret\" ><\/div><\/div><\/figure><\/a><!--end av-masonry entry--><\/div><\/div>\n<\/div><\/div><\/div><!-- close content main div --><\/div><\/div><div id='after_section_1'  class='main_color av_default_container_wrap container_wrap sidebar_right'  ><div class='container av-section-cont-open' ><div class='template-page content  av-content-small alpha units'><div class='post-entry post-entry-type-page post-entry-10152'><div class='entry-content-wrapper clearfix'>\n","protected":false},"excerpt":{"rendered":"","protected":false},"author":2,"featured_media":0,"parent":0,"menu_order":0,"comment_status":"closed","ping_status":"closed","template":"","meta":{"footnotes":""},"class_list":["post-10152","page","type-page","status-publish","hentry"],"yoast_head":"<!-- This site is optimized with the Yoast SEO plugin v27.2 - https:\/\/yoast.com\/product\/yoast-seo-wordpress\/ -->\n<title>N\u00e1stroje na v\u00e1lcov\u00e1n\u00ed z\u00e1vit\u016f pro v\u00e1lcovac\u00ed hlavy - OSG Ex-Cell-O<\/title>\n<meta name=\"robots\" content=\"index, follow, max-snippet:-1, max-image-preview:large, max-video-preview:-1\" \/>\n<link rel=\"canonical\" href=\"https:\/\/osg-excello.com\/cs\/nastroje-na-valcovani-zavitu-pro-valcovaci-hlavy\/\" \/>\n<meta property=\"og:locale\" content=\"cs_CZ\" \/>\n<meta property=\"og:type\" content=\"article\" \/>\n<meta property=\"og:title\" content=\"N\u00e1stroje na v\u00e1lcov\u00e1n\u00ed z\u00e1vit\u016f pro v\u00e1lcovac\u00ed hlavy - OSG Ex-Cell-O\" \/>\n<meta property=\"og:url\" content=\"https:\/\/osg-excello.com\/cs\/nastroje-na-valcovani-zavitu-pro-valcovaci-hlavy\/\" \/>\n<meta property=\"og:site_name\" content=\"OSG Ex-Cell-O\" \/>\n<meta property=\"article:modified_time\" content=\"2021-11-02T17:15:59+00:00\" \/>\n<meta name=\"twitter:card\" content=\"summary_large_image\" \/>\n<meta name=\"twitter:label1\" content=\"Odhadovan\u00e1 doba \u010dten\u00ed\" \/>\n\t<meta name=\"twitter:data1\" content=\"2 minuty\" \/>\n<script type=\"application\/ld+json\" class=\"yoast-schema-graph\">{\"@context\":\"https:\/\/schema.org\",\"@graph\":[{\"@type\":\"WebPage\",\"@id\":\"https:\/\/osg-excello.com\/cs\/nastroje-na-valcovani-zavitu-pro-valcovaci-hlavy\/\",\"url\":\"https:\/\/osg-excello.com\/cs\/nastroje-na-valcovani-zavitu-pro-valcovaci-hlavy\/\",\"name\":\"N\u00e1stroje na v\u00e1lcov\u00e1n\u00ed z\u00e1vit\u016f pro v\u00e1lcovac\u00ed hlavy - OSG Ex-Cell-O\",\"isPartOf\":{\"@id\":\"https:\/\/osg-excello.com\/cs\/#website\"},\"datePublished\":\"2021-11-02T15:57:50+00:00\",\"dateModified\":\"2021-11-02T17:15:59+00:00\",\"breadcrumb\":{\"@id\":\"https:\/\/osg-excello.com\/cs\/nastroje-na-valcovani-zavitu-pro-valcovaci-hlavy\/#breadcrumb\"},\"inLanguage\":\"cs\",\"potentialAction\":[{\"@type\":\"ReadAction\",\"target\":[\"https:\/\/osg-excello.com\/cs\/nastroje-na-valcovani-zavitu-pro-valcovaci-hlavy\/\"]}]},{\"@type\":\"BreadcrumbList\",\"@id\":\"https:\/\/osg-excello.com\/cs\/nastroje-na-valcovani-zavitu-pro-valcovaci-hlavy\/#breadcrumb\",\"itemListElement\":[{\"@type\":\"ListItem\",\"position\":1,\"name\":\"Startseite\",\"item\":\"https:\/\/osg-excello.com\/cs\/\"},{\"@type\":\"ListItem\",\"position\":2,\"name\":\"N\u00e1stroje na v\u00e1lcov\u00e1n\u00ed z\u00e1vit\u016f pro v\u00e1lcovac\u00ed hlavy\"}]},{\"@type\":\"WebSite\",\"@id\":\"https:\/\/osg-excello.com\/cs\/#website\",\"url\":\"https:\/\/osg-excello.com\/cs\/\",\"name\":\"OSG Ex-Cell-O\",\"description\":\"\",\"publisher\":{\"@id\":\"https:\/\/osg-excello.com\/cs\/#organization\"},\"potentialAction\":[{\"@type\":\"SearchAction\",\"target\":{\"@type\":\"EntryPoint\",\"urlTemplate\":\"https:\/\/osg-excello.com\/cs\/?s={search_term_string}\"},\"query-input\":{\"@type\":\"PropertyValueSpecification\",\"valueRequired\":true,\"valueName\":\"search_term_string\"}}],\"inLanguage\":\"cs\"},{\"@type\":\"Organization\",\"@id\":\"https:\/\/osg-excello.com\/cs\/#organization\",\"name\":\"OSG Ex-Cell-O GmbH\",\"url\":\"https:\/\/osg-excello.com\/cs\/\",\"logo\":{\"@type\":\"ImageObject\",\"inLanguage\":\"cs\",\"@id\":\"https:\/\/osg-excello.com\/cs\/#\/schema\/logo\/image\/\",\"url\":\"https:\/\/osg-excello.com\/wp-content\/uploads\/2019\/11\/osg_excello_logo_final-2.png\",\"contentUrl\":\"https:\/\/osg-excello.com\/wp-content\/uploads\/2019\/11\/osg_excello_logo_final-2.png\",\"width\":514,\"height\":236,\"caption\":\"OSG Ex-Cell-O GmbH\"},\"image\":{\"@id\":\"https:\/\/osg-excello.com\/cs\/#\/schema\/logo\/image\/\"}}]}<\/script>\n<!-- \/ Yoast SEO plugin. -->","yoast_head_json":{"title":"N\u00e1stroje na v\u00e1lcov\u00e1n\u00ed z\u00e1vit\u016f pro v\u00e1lcovac\u00ed hlavy - OSG Ex-Cell-O","robots":{"index":"index","follow":"follow","max-snippet":"max-snippet:-1","max-image-preview":"max-image-preview:large","max-video-preview":"max-video-preview:-1"},"canonical":"https:\/\/osg-excello.com\/cs\/nastroje-na-valcovani-zavitu-pro-valcovaci-hlavy\/","og_locale":"cs_CZ","og_type":"article","og_title":"N\u00e1stroje na v\u00e1lcov\u00e1n\u00ed z\u00e1vit\u016f pro v\u00e1lcovac\u00ed hlavy - OSG Ex-Cell-O","og_url":"https:\/\/osg-excello.com\/cs\/nastroje-na-valcovani-zavitu-pro-valcovaci-hlavy\/","og_site_name":"OSG Ex-Cell-O","article_modified_time":"2021-11-02T17:15:59+00:00","twitter_card":"summary_large_image","twitter_misc":{"Odhadovan\u00e1 doba \u010dten\u00ed":"2 minuty"},"schema":{"@context":"https:\/\/schema.org","@graph":[{"@type":"WebPage","@id":"https:\/\/osg-excello.com\/cs\/nastroje-na-valcovani-zavitu-pro-valcovaci-hlavy\/","url":"https:\/\/osg-excello.com\/cs\/nastroje-na-valcovani-zavitu-pro-valcovaci-hlavy\/","name":"N\u00e1stroje na v\u00e1lcov\u00e1n\u00ed z\u00e1vit\u016f pro v\u00e1lcovac\u00ed hlavy - OSG Ex-Cell-O","isPartOf":{"@id":"https:\/\/osg-excello.com\/cs\/#website"},"datePublished":"2021-11-02T15:57:50+00:00","dateModified":"2021-11-02T17:15:59+00:00","breadcrumb":{"@id":"https:\/\/osg-excello.com\/cs\/nastroje-na-valcovani-zavitu-pro-valcovaci-hlavy\/#breadcrumb"},"inLanguage":"cs","potentialAction":[{"@type":"ReadAction","target":["https:\/\/osg-excello.com\/cs\/nastroje-na-valcovani-zavitu-pro-valcovaci-hlavy\/"]}]},{"@type":"BreadcrumbList","@id":"https:\/\/osg-excello.com\/cs\/nastroje-na-valcovani-zavitu-pro-valcovaci-hlavy\/#breadcrumb","itemListElement":[{"@type":"ListItem","position":1,"name":"Startseite","item":"https:\/\/osg-excello.com\/cs\/"},{"@type":"ListItem","position":2,"name":"N\u00e1stroje na v\u00e1lcov\u00e1n\u00ed z\u00e1vit\u016f pro v\u00e1lcovac\u00ed hlavy"}]},{"@type":"WebSite","@id":"https:\/\/osg-excello.com\/cs\/#website","url":"https:\/\/osg-excello.com\/cs\/","name":"OSG Ex-Cell-O","description":"","publisher":{"@id":"https:\/\/osg-excello.com\/cs\/#organization"},"potentialAction":[{"@type":"SearchAction","target":{"@type":"EntryPoint","urlTemplate":"https:\/\/osg-excello.com\/cs\/?s={search_term_string}"},"query-input":{"@type":"PropertyValueSpecification","valueRequired":true,"valueName":"search_term_string"}}],"inLanguage":"cs"},{"@type":"Organization","@id":"https:\/\/osg-excello.com\/cs\/#organization","name":"OSG Ex-Cell-O GmbH","url":"https:\/\/osg-excello.com\/cs\/","logo":{"@type":"ImageObject","inLanguage":"cs","@id":"https:\/\/osg-excello.com\/cs\/#\/schema\/logo\/image\/","url":"https:\/\/osg-excello.com\/wp-content\/uploads\/2019\/11\/osg_excello_logo_final-2.png","contentUrl":"https:\/\/osg-excello.com\/wp-content\/uploads\/2019\/11\/osg_excello_logo_final-2.png","width":514,"height":236,"caption":"OSG Ex-Cell-O GmbH"},"image":{"@id":"https:\/\/osg-excello.com\/cs\/#\/schema\/logo\/image\/"}}]}},"_links":{"self":[{"href":"https:\/\/osg-excello.com\/cs\/wp-json\/wp\/v2\/pages\/10152","targetHints":{"allow":["GET"]}}],"collection":[{"href":"https:\/\/osg-excello.com\/cs\/wp-json\/wp\/v2\/pages"}],"about":[{"href":"https:\/\/osg-excello.com\/cs\/wp-json\/wp\/v2\/types\/page"}],"author":[{"embeddable":true,"href":"https:\/\/osg-excello.com\/cs\/wp-json\/wp\/v2\/users\/2"}],"replies":[{"embeddable":true,"href":"https:\/\/osg-excello.com\/cs\/wp-json\/wp\/v2\/comments?post=10152"}],"version-history":[{"count":7,"href":"https:\/\/osg-excello.com\/cs\/wp-json\/wp\/v2\/pages\/10152\/revisions"}],"predecessor-version":[{"id":10594,"href":"https:\/\/osg-excello.com\/cs\/wp-json\/wp\/v2\/pages\/10152\/revisions\/10594"}],"wp:attachment":[{"href":"https:\/\/osg-excello.com\/cs\/wp-json\/wp\/v2\/media?parent=10152"}],"curies":[{"name":"wp","href":"https:\/\/api.w.org\/{rel}","templated":true}]}}