{"id":3472,"date":"2019-11-19T14:13:56","date_gmt":"2019-11-19T13:13:56","guid":{"rendered":"https:\/\/osg-excello.com\/firma\/unternehmensvorstellung\/"},"modified":"2021-05-19T07:49:37","modified_gmt":"2021-05-19T05:49:37","slug":"unternehmensvorstellung","status":"publish","type":"page","link":"https:\/\/osg-excello.com\/cs\/firma\/unternehmensvorstellung\/","title":{"rendered":"P\u0159edstaven\u00ed spole\u010dnosti"},"content":{"rendered":"\n<style type=\"text\/css\" data-created_by=\"avia_inline_auto\" id=\"style-css-av-807no-33a4a38e5e0d5dea70cde682a9dc653a\">\n.flex_column.av-807no-33a4a38e5e0d5dea70cde682a9dc653a{\nborder-radius:0px 0px 0px 0px;\npadding:25px 0px 0px 0px;\n}\n<\/style>\n<div  class='flex_column av-807no-33a4a38e5e0d5dea70cde682a9dc653a av_one_full  avia-builder-el-0  el_before_av_hr  avia-builder-el-first  first flex_column_div  '     ><style type=\"text\/css\" data-created_by=\"avia_inline_auto\" id=\"style-css-av-k3ebgi0v-538100852b9a62f7daa7970ac21550d6\">\n#top .av-special-heading.av-k3ebgi0v-538100852b9a62f7daa7970ac21550d6{\npadding-bottom:10px;\n}\nbody .av-special-heading.av-k3ebgi0v-538100852b9a62f7daa7970ac21550d6 .av-special-heading-tag .heading-char{\nfont-size:25px;\n}\n.av-special-heading.av-k3ebgi0v-538100852b9a62f7daa7970ac21550d6 .av-subheading{\nfont-size:15px;\n}\n<\/style>\n<div  class='av-special-heading av-k3ebgi0v-538100852b9a62f7daa7970ac21550d6 av-special-heading-h1 blockquote modern-quote modern-centered  avia-builder-el-1  avia-builder-el-no-sibling '><h1 class='av-special-heading-tag '  itemprop=\"headline\"  >P\u0159edstaven\u00ed spole\u010dnosti<\/h1><div class=\"special-heading-border\"><div class=\"special-heading-inner-border\"><\/div><\/div><\/div><\/div>\n\n<style type=\"text\/css\" data-created_by=\"avia_inline_auto\" id=\"style-css-av-k363cjsl-6c3a36cc1ad2d24930cc419f13ab6bc6\">\n#top .hr.av-k363cjsl-6c3a36cc1ad2d24930cc419f13ab6bc6{\nmargin-top:0px;\nmargin-bottom:30px;\n}\n.hr.av-k363cjsl-6c3a36cc1ad2d24930cc419f13ab6bc6 .hr-inner{\nwidth:30%;\nborder-color:#e8e8e8;\nmax-width:45%;\n}\n.hr.av-k363cjsl-6c3a36cc1ad2d24930cc419f13ab6bc6 .av-seperator-icon{\ncolor:#e8e8e8;\n}\n.hr.av-k363cjsl-6c3a36cc1ad2d24930cc419f13ab6bc6 .av-seperator-icon.avia-svg-icon svg:first-child{\nfill:#e8e8e8;\nstroke:#e8e8e8;\n}\n<\/style>\n<div  class='hr av-k363cjsl-6c3a36cc1ad2d24930cc419f13ab6bc6 hr-custom  avia-builder-el-2  el_after_av_one_full  el_before_av_section  avia-builder-el-last  hr-center hr-icon-yes'><span class='hr-inner inner-border-av-border-thin'><span class=\"hr-inner-style\"><\/span><\/span><span class='av-seperator-icon avia-iconfont avia-font-entypo-fontello' data-av_icon='\ue898' data-av_iconfont='entypo-fontello' ><\/span><span class='hr-inner inner-border-av-border-thin'><span class=\"hr-inner-style\"><\/span><\/span><\/div>\n<\/div><\/div><\/div><!-- close content main div --><\/div><\/div>\n<style type=\"text\/css\" data-created_by=\"avia_inline_auto\" id=\"style-css-av-k3647wxa-14f501a09e84162727fa6ec184c7a00c\">\n.avia-section.av-k3647wxa-14f501a09e84162727fa6ec184c7a00c{\nmargin-top:0px;\nmargin-bottom:100px;\n}\n<\/style>\n<div id='av_section_1'  class='avia-section av-k3647wxa-14f501a09e84162727fa6ec184c7a00c main_color avia-section-no-padding avia-no-border-styling  avia-builder-el-3  el_after_av_hr  avia-builder-el-last  avia-bg-style-scroll container_wrap sidebar_right'  ><div class='container av-section-cont-open' ><div class='template-page content  av-content-small alpha units'><div class='post-entry post-entry-type-page post-entry-3472'><div class='entry-content-wrapper clearfix'>\n\n<style type=\"text\/css\" data-created_by=\"avia_inline_auto\" id=\"style-css-av-7nzzw-2c1641dce56e8229eb55335a5a6ec76f\">\n.flex_column.av-7nzzw-2c1641dce56e8229eb55335a5a6ec76f{\nborder-radius:0px 0px 0px 0px;\npadding:0px 0px 0px 0px;\n}\n<\/style>\n<div  class='flex_column av-7nzzw-2c1641dce56e8229eb55335a5a6ec76f av_two_third  avia-builder-el-4  el_before_av_one_third  avia-builder-el-first  first flex_column_div av-animated-generic bottom-to-top av-zero-column-padding  '     ><section  class='av_textblock_section av-k3ebj9xh-e41d0b73d1ff0648d95f3ac70995ff20 '   itemscope=\"itemscope\" itemtype=\"https:\/\/schema.org\/CreativeWork\" ><div class='avia_textblock'  itemprop=\"text\" ><h3>Spole\u010dnost OSG:<\/h3>\n<p>&#13;<br \/>\nSpole\u010dnost OSG je nejv\u011bt\u0161\u00edm sv\u011btov\u00fdm v\u00fdrobcem stopkov\u00fdch n\u00e1stroj\u016f. Spole\u010dnost OSG byla zalo\u017een\u00e1 v roce 1938, m\u00e1 dlouhodobou pov\u011bst poskytovatele komplexn\u00edch \u0159e\u0161en\u00ed pro \u0159ezn\u00e9 n\u00e1stroje v cel\u00e9m v\u00fdrobn\u00edm pr\u016fmyslu.&#13;<br \/>\nOSG je leader na japonsk\u00e9m trhu \u0159ezn\u00fdch n\u00e1stroj\u016f v oblasti v\u00fdroby, prodeje a technologi\u00ed. Firma m\u00e1 zastoupen\u00ed ve 33 zem\u00edch po cel\u00e9m sv\u011bt\u011b.&#13;<br \/>\nOSG je n\u00e1zev na\u0161\u00ed spole\u010dnosti a na\u0161e ochrann\u00e1 zn\u00e1mka:&#13;<br \/>\n\u201eO\u201c znamen\u00e1 OSAWA (jm\u00e9no zakladatele na\u0161\u00ed spole\u010dnosti)&#13;<br \/>\n\u201eS\u201c znamen\u00e1 SCREW (\u0161roub, spir\u00e1la)&#13;<br \/>\n\u201eG\u201c znamen\u00e1 GRINDING (brou\u0161en\u00ed).&#13;<br \/>\n&#13;<br \/>\nOSG je p\u0159edn\u00ed v\u00fdrobce z\u00e1vitn\u00edk\u016f, stopkov\u00fdch fr\u00e9z, vrt\u00e1k\u016f a vym\u011bniteln\u00fdch \u0159ezn\u00fdch n\u00e1stroj\u016f. Rozs\u00e1hl\u00e1 \u0159ada \u0161pi\u010dkov\u00fdch \u0159ezn\u00fdch n\u00e1stroj\u016f spole\u010dnosti OSG zahrnuje exkluzivn\u00ed metalurgii, \u0159ezn\u00e9 geometrie a speci\u00e1ln\u00ed povrchov\u00e9 \u00fapravy, kter\u00e9 pom\u00e1haj\u00ed zvy\u0161ovat produktivitu, spolehlivost a \u017eivotnost n\u00e1stroje.&#13;<br \/>\nOSG je tak\u00e9 dodavatel n\u00e1stroj\u016f pro tv\u00e1\u0159en\u00ed zastudena do odv\u011btv\u00ed spojovac\u00edho materi\u00e1lu. Spole\u010dnost nab\u00edz\u00ed v\u0161echny druhy z\u00e1vitov\u00fdch v\u00e1lcovac\u00edch n\u00e1stroj\u016f, ploch\u00fdch \u010delist\u00ed, v\u00e1lcov\u00fdch rolen, planetov\u00fdch rolen,  lisovac\u00edch n\u00e1stroj\u016f a lisovac\u00edch matric.<\/p>\n<\/div><\/section><br \/>\n\n<style type=\"text\/css\" data-created_by=\"avia_inline_auto\" id=\"style-css-av-k363cjsl-1954af1815cd89afcfc4a831f7fe2ab9\">\n#top .hr.av-k363cjsl-1954af1815cd89afcfc4a831f7fe2ab9{\nmargin-top:30px;\nmargin-bottom:30px;\n}\n.hr.av-k363cjsl-1954af1815cd89afcfc4a831f7fe2ab9 .hr-inner{\nwidth:30%;\nborder-color:#e8e8e8;\nmax-width:45%;\n}\n.hr.av-k363cjsl-1954af1815cd89afcfc4a831f7fe2ab9 .av-seperator-icon{\ncolor:#e8e8e8;\n}\n.hr.av-k363cjsl-1954af1815cd89afcfc4a831f7fe2ab9 .av-seperator-icon.avia-svg-icon svg:first-child{\nfill:#e8e8e8;\nstroke:#e8e8e8;\n}\n<\/style>\n<div  class='hr av-k363cjsl-1954af1815cd89afcfc4a831f7fe2ab9 hr-custom  avia-builder-el-6  el_after_av_textblock  el_before_av_textblock  hr-center hr-icon-yes'><span class='hr-inner inner-border-av-border-thin'><span class=\"hr-inner-style\"><\/span><\/span><span class='av-seperator-icon avia-iconfont avia-font-entypo-fontello' data-av_icon='\ue898' data-av_iconfont='entypo-fontello' ><\/span><span class='hr-inner inner-border-av-border-thin'><span class=\"hr-inner-style\"><\/span><\/span><\/div><br \/>\n<section  class='av_textblock_section av-k3ebj9xh-e41d0b73d1ff0648d95f3ac70995ff20 '   itemscope=\"itemscope\" itemtype=\"https:\/\/schema.org\/CreativeWork\" ><div class='avia_textblock'  itemprop=\"text\" ><h3>OSG EX-CELL-O GmbH:<\/h3>\n<p>&#13;<br \/>\n J\u00e1dro na\u0161\u00ed obchodn\u00ed orientace zahrnuje masivn\u00ed tvarov\u00e1n\u00ed dr\u00e1\u017eek, z\u00e1vit\u016f, mazac\u00edch dr\u00e1\u017eek, r\u00fdhov\u00e1n\u00ed nebo jin\u00fdch podobn\u00fdch tvar\u016f na v\u00e1lcov\u00fdch sou\u010d\u00e1stech.&#13;<br \/>\n&#13;<br \/>\nCh\u00e1peme sami sebe jako technologick\u00e9ho partnera pro na\u0161e z\u00e1kazn\u00edky a z\u00e1m\u011brn\u011b p\u0159edstavujeme sv\u00fdm z\u00e1kazn\u00edk\u016fm ta nejinovativn\u011bj\u0161\u00ed v\u00fdrobn\u00ed \u0159e\u0161en\u00ed. N\u00e1\u0161 t\u00fdm se skl\u00e1d\u00e1 z dob\u0159e vy\u0161kolen\u00fdch technologick\u00fdch odborn\u00edk\u016f s pr\u016fm\u011brnou 15-ti letou zku\u0161enost\u00ed v technologii v\u00e1lcov\u00e1n\u00ed zastudena.&#13;<br \/>\n&#13;<br \/>\nNa\u0161e produktov\u00e9 portfolio zahrnuje nejmodern\u011bj\u0161\u00ed CNC dr\u00e1\u017ekovac\u00ed v\u00e1lcovac\u00ed stroje, prov\u00e1d\u00edme p\u0159estavby a upgrady tak\u00e9 na st\u00e1vaj\u00edc\u00edch stroj\u00edch. Dod\u00e1v\u00e1me vysoce p\u0159esn\u00e9 v\u00e1lcovac\u00ed n\u00e1stroje, prototypy a stroje pro malos\u00e9riovou v\u00fdrobu a nab\u00edz\u00edme tak\u00e9 z\u00e1kaznick\u00fd servis pro na\u0161e technologicky zam\u011b\u0159en\u00e9 z\u00e1kazn\u00edky.&#13;<br \/>\n&#13;<br \/>\nV r\u00e1mci skupiny OSG jsme sou\u010d\u00e1st\u00ed divize tv\u00e1\u0159ec\u00edch technologi\u00ed s v\u00fdrobn\u00edmi z\u00e1vody v Japonsku, Koreji, \u010c\u00edn\u011b, Tchaj-wanu, Indii, Thajsku, USA, Mexiku a N\u011bmecku.<\/p>\n<\/div><\/section><\/p><\/div>\n<style type=\"text\/css\" data-created_by=\"avia_inline_auto\" id=\"style-css-av-7nzzw-47ef4b95d16ddc52afc9d03e4ee84fbc\">\n.flex_column.av-7nzzw-47ef4b95d16ddc52afc9d03e4ee84fbc{\nborder-radius:0px 0px 0px 0px;\npadding:0px 0px 0px 0px;\n}\n<\/style>\n<div  class='flex_column av-7nzzw-47ef4b95d16ddc52afc9d03e4ee84fbc av_one_third  avia-builder-el-8  el_after_av_two_third  avia-builder-el-last  flex_column_div av-animated-generic bottom-to-top av-zero-column-padding  '     ><style type=\"text\/css\" data-created_by=\"avia_inline_auto\" id=\"style-css-av-k3ebmw4j-fd2d78ae24e4313fd4fb30d2436127b2\">\n.avia-image-container.av-k3ebmw4j-fd2d78ae24e4313fd4fb30d2436127b2 img.avia_image{\nbox-shadow:none;\n}\n.avia-image-container.av-k3ebmw4j-fd2d78ae24e4313fd4fb30d2436127b2 .av-image-caption-overlay-center{\ncolor:#ffffff;\n}\n<\/style>\n<div  class='avia-image-container av-k3ebmw4j-fd2d78ae24e4313fd4fb30d2436127b2 av-styling- av-hover-grow av-hide-overflow av-img-linked avia-align-center  avia-builder-el-9  avia-builder-el-no-sibling '   itemprop=\"image\" itemscope=\"itemscope\" itemtype=\"https:\/\/schema.org\/ImageObject\" ><div class=\"avia-image-container-inner\"><div class=\"avia-image-overlay-wrap\"><a href=\"https:\/\/osg-excello.com\/wp-content\/uploads\/2019\/11\/unternehmensvorstellung_150413_XK_Welle_DSC_5920-1.jpg\" data-srcset=\"https:\/\/osg-excello.com\/wp-content\/uploads\/2019\/11\/unternehmensvorstellung_150413_XK_Welle_DSC_5920-1.jpg 1280w, https:\/\/osg-excello.com\/wp-content\/uploads\/2019\/11\/unternehmensvorstellung_150413_XK_Welle_DSC_5920-1-768x512.jpg 768w, https:\/\/osg-excello.com\/wp-content\/uploads\/2019\/11\/unternehmensvorstellung_150413_XK_Welle_DSC_5920-1-705x470.jpg 705w\" data-sizes=\"(max-width: 1280px) 100vw, 1280px\" class='avia_image '  aria-label='unternehmensvorstellung_150413_XK_Welle_DSC_5920-1'><img decoding=\"async\" fetchpriority=\"high\" class='wp-image-3473 avia-img-lazy-loading-not-3473 avia_image ' src=\"https:\/\/osg-excello.com\/wp-content\/uploads\/2019\/11\/unternehmensvorstellung_150413_XK_Welle_DSC_5920-1.jpg\" alt='' title='unternehmensvorstellung_150413_XK_Welle_DSC_5920-1'  height=\"853\" width=\"1280\"  itemprop=\"thumbnailUrl\" srcset=\"https:\/\/osg-excello.com\/wp-content\/uploads\/2019\/11\/unternehmensvorstellung_150413_XK_Welle_DSC_5920-1.jpg 1280w, https:\/\/osg-excello.com\/wp-content\/uploads\/2019\/11\/unternehmensvorstellung_150413_XK_Welle_DSC_5920-1-768x512.jpg 768w, https:\/\/osg-excello.com\/wp-content\/uploads\/2019\/11\/unternehmensvorstellung_150413_XK_Welle_DSC_5920-1-705x470.jpg 705w\" sizes=\"(max-width: 1280px) 100vw, 1280px\" \/><\/a><\/div><\/div><\/div><\/div><\/div><\/div><\/div><!-- close content main div --><\/div><\/div><div id='after_section_1'  class='main_color av_default_container_wrap container_wrap sidebar_right'  ><div class='container av-section-cont-open' ><div class='template-page content  av-content-small alpha units'><div class='post-entry post-entry-type-page post-entry-3472'><div class='entry-content-wrapper clearfix'>\n","protected":false},"excerpt":{"rendered":"","protected":false},"author":1,"featured_media":0,"parent":2109,"menu_order":10,"comment_status":"closed","ping_status":"closed","template":"","meta":{"footnotes":""},"class_list":["post-3472","page","type-page","status-publish","hentry"],"yoast_head":"<!-- This site is optimized with the Yoast SEO plugin v27.2 - https:\/\/yoast.com\/product\/yoast-seo-wordpress\/ -->\n<title>P\u0159edstaven\u00ed spole\u010dnosti - OSG Ex-Cell-O<\/title>\n<meta name=\"robots\" content=\"index, follow, max-snippet:-1, max-image-preview:large, max-video-preview:-1\" \/>\n<link rel=\"canonical\" href=\"https:\/\/osg-excello.com\/cs\/firma\/unternehmensvorstellung\/\" \/>\n<meta property=\"og:locale\" content=\"cs_CZ\" \/>\n<meta property=\"og:type\" content=\"article\" \/>\n<meta property=\"og:title\" content=\"P\u0159edstaven\u00ed spole\u010dnosti - OSG Ex-Cell-O\" \/>\n<meta property=\"og:url\" content=\"https:\/\/osg-excello.com\/cs\/firma\/unternehmensvorstellung\/\" \/>\n<meta property=\"og:site_name\" content=\"OSG Ex-Cell-O\" \/>\n<meta property=\"article:modified_time\" content=\"2021-05-19T05:49:37+00:00\" \/>\n<meta name=\"twitter:card\" content=\"summary_large_image\" \/>\n<meta name=\"twitter:label1\" content=\"Odhadovan\u00e1 doba \u010dten\u00ed\" \/>\n\t<meta name=\"twitter:data1\" content=\"6 minut\" \/>\n<script type=\"application\/ld+json\" class=\"yoast-schema-graph\">{\"@context\":\"https:\/\/schema.org\",\"@graph\":[{\"@type\":\"WebPage\",\"@id\":\"https:\/\/osg-excello.com\/cs\/firma\/unternehmensvorstellung\/\",\"url\":\"https:\/\/osg-excello.com\/cs\/firma\/unternehmensvorstellung\/\",\"name\":\"P\u0159edstaven\u00ed spole\u010dnosti - OSG Ex-Cell-O\",\"isPartOf\":{\"@id\":\"https:\/\/osg-excello.com\/cs\/#website\"},\"datePublished\":\"2019-11-19T13:13:56+00:00\",\"dateModified\":\"2021-05-19T05:49:37+00:00\",\"breadcrumb\":{\"@id\":\"https:\/\/osg-excello.com\/cs\/firma\/unternehmensvorstellung\/#breadcrumb\"},\"inLanguage\":\"cs\",\"potentialAction\":[{\"@type\":\"ReadAction\",\"target\":[\"https:\/\/osg-excello.com\/cs\/firma\/unternehmensvorstellung\/\"]}]},{\"@type\":\"BreadcrumbList\",\"@id\":\"https:\/\/osg-excello.com\/cs\/firma\/unternehmensvorstellung\/#breadcrumb\",\"itemListElement\":[{\"@type\":\"ListItem\",\"position\":1,\"name\":\"Startseite\",\"item\":\"https:\/\/osg-excello.com\/cs\/\"},{\"@type\":\"ListItem\",\"position\":2,\"name\":\"FIRMA\",\"item\":\"https:\/\/osg-excello.com\/cs\/\"},{\"@type\":\"ListItem\",\"position\":3,\"name\":\"P\u0159edstaven\u00ed spole\u010dnosti\"}]},{\"@type\":\"WebSite\",\"@id\":\"https:\/\/osg-excello.com\/cs\/#website\",\"url\":\"https:\/\/osg-excello.com\/cs\/\",\"name\":\"OSG Ex-Cell-O\",\"description\":\"\",\"publisher\":{\"@id\":\"https:\/\/osg-excello.com\/cs\/#organization\"},\"potentialAction\":[{\"@type\":\"SearchAction\",\"target\":{\"@type\":\"EntryPoint\",\"urlTemplate\":\"https:\/\/osg-excello.com\/cs\/?s={search_term_string}\"},\"query-input\":{\"@type\":\"PropertyValueSpecification\",\"valueRequired\":true,\"valueName\":\"search_term_string\"}}],\"inLanguage\":\"cs\"},{\"@type\":\"Organization\",\"@id\":\"https:\/\/osg-excello.com\/cs\/#organization\",\"name\":\"OSG Ex-Cell-O GmbH\",\"url\":\"https:\/\/osg-excello.com\/cs\/\",\"logo\":{\"@type\":\"ImageObject\",\"inLanguage\":\"cs\",\"@id\":\"https:\/\/osg-excello.com\/cs\/#\/schema\/logo\/image\/\",\"url\":\"https:\/\/osg-excello.com\/wp-content\/uploads\/2019\/11\/osg_excello_logo_final-2.png\",\"contentUrl\":\"https:\/\/osg-excello.com\/wp-content\/uploads\/2019\/11\/osg_excello_logo_final-2.png\",\"width\":514,\"height\":236,\"caption\":\"OSG Ex-Cell-O GmbH\"},\"image\":{\"@id\":\"https:\/\/osg-excello.com\/cs\/#\/schema\/logo\/image\/\"}}]}<\/script>\n<!-- \/ Yoast SEO plugin. -->","yoast_head_json":{"title":"P\u0159edstaven\u00ed spole\u010dnosti - OSG Ex-Cell-O","robots":{"index":"index","follow":"follow","max-snippet":"max-snippet:-1","max-image-preview":"max-image-preview:large","max-video-preview":"max-video-preview:-1"},"canonical":"https:\/\/osg-excello.com\/cs\/firma\/unternehmensvorstellung\/","og_locale":"cs_CZ","og_type":"article","og_title":"P\u0159edstaven\u00ed spole\u010dnosti - OSG Ex-Cell-O","og_url":"https:\/\/osg-excello.com\/cs\/firma\/unternehmensvorstellung\/","og_site_name":"OSG Ex-Cell-O","article_modified_time":"2021-05-19T05:49:37+00:00","twitter_card":"summary_large_image","twitter_misc":{"Odhadovan\u00e1 doba \u010dten\u00ed":"6 minut"},"schema":{"@context":"https:\/\/schema.org","@graph":[{"@type":"WebPage","@id":"https:\/\/osg-excello.com\/cs\/firma\/unternehmensvorstellung\/","url":"https:\/\/osg-excello.com\/cs\/firma\/unternehmensvorstellung\/","name":"P\u0159edstaven\u00ed spole\u010dnosti - OSG Ex-Cell-O","isPartOf":{"@id":"https:\/\/osg-excello.com\/cs\/#website"},"datePublished":"2019-11-19T13:13:56+00:00","dateModified":"2021-05-19T05:49:37+00:00","breadcrumb":{"@id":"https:\/\/osg-excello.com\/cs\/firma\/unternehmensvorstellung\/#breadcrumb"},"inLanguage":"cs","potentialAction":[{"@type":"ReadAction","target":["https:\/\/osg-excello.com\/cs\/firma\/unternehmensvorstellung\/"]}]},{"@type":"BreadcrumbList","@id":"https:\/\/osg-excello.com\/cs\/firma\/unternehmensvorstellung\/#breadcrumb","itemListElement":[{"@type":"ListItem","position":1,"name":"Startseite","item":"https:\/\/osg-excello.com\/cs\/"},{"@type":"ListItem","position":2,"name":"FIRMA","item":"https:\/\/osg-excello.com\/cs\/"},{"@type":"ListItem","position":3,"name":"P\u0159edstaven\u00ed spole\u010dnosti"}]},{"@type":"WebSite","@id":"https:\/\/osg-excello.com\/cs\/#website","url":"https:\/\/osg-excello.com\/cs\/","name":"OSG Ex-Cell-O","description":"","publisher":{"@id":"https:\/\/osg-excello.com\/cs\/#organization"},"potentialAction":[{"@type":"SearchAction","target":{"@type":"EntryPoint","urlTemplate":"https:\/\/osg-excello.com\/cs\/?s={search_term_string}"},"query-input":{"@type":"PropertyValueSpecification","valueRequired":true,"valueName":"search_term_string"}}],"inLanguage":"cs"},{"@type":"Organization","@id":"https:\/\/osg-excello.com\/cs\/#organization","name":"OSG Ex-Cell-O GmbH","url":"https:\/\/osg-excello.com\/cs\/","logo":{"@type":"ImageObject","inLanguage":"cs","@id":"https:\/\/osg-excello.com\/cs\/#\/schema\/logo\/image\/","url":"https:\/\/osg-excello.com\/wp-content\/uploads\/2019\/11\/osg_excello_logo_final-2.png","contentUrl":"https:\/\/osg-excello.com\/wp-content\/uploads\/2019\/11\/osg_excello_logo_final-2.png","width":514,"height":236,"caption":"OSG Ex-Cell-O GmbH"},"image":{"@id":"https:\/\/osg-excello.com\/cs\/#\/schema\/logo\/image\/"}}]}},"_links":{"self":[{"href":"https:\/\/osg-excello.com\/cs\/wp-json\/wp\/v2\/pages\/3472","targetHints":{"allow":["GET"]}}],"collection":[{"href":"https:\/\/osg-excello.com\/cs\/wp-json\/wp\/v2\/pages"}],"about":[{"href":"https:\/\/osg-excello.com\/cs\/wp-json\/wp\/v2\/types\/page"}],"author":[{"embeddable":true,"href":"https:\/\/osg-excello.com\/cs\/wp-json\/wp\/v2\/users\/1"}],"replies":[{"embeddable":true,"href":"https:\/\/osg-excello.com\/cs\/wp-json\/wp\/v2\/comments?post=3472"}],"version-history":[{"count":5,"href":"https:\/\/osg-excello.com\/cs\/wp-json\/wp\/v2\/pages\/3472\/revisions"}],"predecessor-version":[{"id":3527,"href":"https:\/\/osg-excello.com\/cs\/wp-json\/wp\/v2\/pages\/3472\/revisions\/3527"}],"up":[{"embeddable":true,"href":"https:\/\/osg-excello.com\/cs\/wp-json\/wp\/v2\/pages\/2109"}],"wp:attachment":[{"href":"https:\/\/osg-excello.com\/cs\/wp-json\/wp\/v2\/media?parent=3472"}],"curies":[{"name":"wp","href":"https:\/\/api.w.org\/{rel}","templated":true}]}}