{"id":3563,"date":"2019-11-19T14:14:32","date_gmt":"2019-11-19T13:14:32","guid":{"rendered":"https:\/\/osg-excello.com\/firma\/mission\/"},"modified":"2021-05-19T08:26:56","modified_gmt":"2021-05-19T06:26:56","slug":"mission","status":"publish","type":"page","link":"https:\/\/osg-excello.com\/cs\/firma\/mission\/","title":{"rendered":"Mise"},"content":{"rendered":"\n<style type=\"text\/css\" data-created_by=\"avia_inline_auto\" id=\"style-css-av-807no-33a4a38e5e0d5dea70cde682a9dc653a\">\n.flex_column.av-807no-33a4a38e5e0d5dea70cde682a9dc653a{\nborder-radius:0px 0px 0px 0px;\npadding:25px 0px 0px 0px;\n}\n<\/style>\n<div  class='flex_column av-807no-33a4a38e5e0d5dea70cde682a9dc653a av_one_full  avia-builder-el-0  el_before_av_hr  avia-builder-el-first  first flex_column_div  '     ><style type=\"text\/css\" data-created_by=\"avia_inline_auto\" id=\"style-css-av-k3ebs5aa-59078907ef5346ae45b4ed3381900caa\">\n#top .av-special-heading.av-k3ebs5aa-59078907ef5346ae45b4ed3381900caa{\npadding-bottom:10px;\n}\nbody .av-special-heading.av-k3ebs5aa-59078907ef5346ae45b4ed3381900caa .av-special-heading-tag .heading-char{\nfont-size:25px;\n}\n.av-special-heading.av-k3ebs5aa-59078907ef5346ae45b4ed3381900caa .av-subheading{\nfont-size:15px;\n}\n<\/style>\n<div  class='av-special-heading av-k3ebs5aa-59078907ef5346ae45b4ed3381900caa av-special-heading-h1 blockquote modern-quote modern-centered  avia-builder-el-1  avia-builder-el-no-sibling '><h1 class='av-special-heading-tag '  itemprop=\"headline\"  >Mise<\/h1><div class=\"special-heading-border\"><div class=\"special-heading-inner-border\"><\/div><\/div><\/div><\/div>\n<style type=\"text\/css\" data-created_by=\"avia_inline_auto\" id=\"style-css-av-k363cjsl-6c3a36cc1ad2d24930cc419f13ab6bc6\">\n#top .hr.av-k363cjsl-6c3a36cc1ad2d24930cc419f13ab6bc6{\nmargin-top:0px;\nmargin-bottom:30px;\n}\n.hr.av-k363cjsl-6c3a36cc1ad2d24930cc419f13ab6bc6 .hr-inner{\nwidth:30%;\nborder-color:#e8e8e8;\nmax-width:45%;\n}\n.hr.av-k363cjsl-6c3a36cc1ad2d24930cc419f13ab6bc6 .av-seperator-icon{\ncolor:#e8e8e8;\n}\n.hr.av-k363cjsl-6c3a36cc1ad2d24930cc419f13ab6bc6 .av-seperator-icon.avia-svg-icon svg:first-child{\nfill:#e8e8e8;\nstroke:#e8e8e8;\n}\n<\/style>\n<div  class='hr av-k363cjsl-6c3a36cc1ad2d24930cc419f13ab6bc6 hr-custom  avia-builder-el-2  el_after_av_one_full  el_before_av_section  avia-builder-el-last  hr-center hr-icon-yes'><span class='hr-inner inner-border-av-border-thin'><span class=\"hr-inner-style\"><\/span><\/span><span class='av-seperator-icon avia-iconfont avia-font-entypo-fontello' data-av_icon='\ue898' data-av_iconfont='entypo-fontello' ><\/span><span class='hr-inner inner-border-av-border-thin'><span class=\"hr-inner-style\"><\/span><\/span><\/div><\/p>\n<\/div><\/div><\/div><!-- close content main div --><\/div><\/div>\n<style type=\"text\/css\" data-created_by=\"avia_inline_auto\" id=\"style-css-av-k3647wxa-14f501a09e84162727fa6ec184c7a00c\">\n.avia-section.av-k3647wxa-14f501a09e84162727fa6ec184c7a00c{\nmargin-top:0px;\nmargin-bottom:100px;\n}\n<\/style>\n<div id='av_section_1'  class='avia-section av-k3647wxa-14f501a09e84162727fa6ec184c7a00c main_color avia-section-no-padding avia-no-border-styling  avia-builder-el-3  el_after_av_hr  avia-builder-el-last  avia-bg-style-scroll container_wrap sidebar_right'  ><div class='container av-section-cont-open' ><div class='template-page content  av-content-small alpha units'><div class='post-entry post-entry-type-page post-entry-3563'><div class='entry-content-wrapper clearfix'>\n\n<style type=\"text\/css\" data-created_by=\"avia_inline_auto\" id=\"style-css-av-7nzzw-2c1641dce56e8229eb55335a5a6ec76f\">\n.flex_column.av-7nzzw-2c1641dce56e8229eb55335a5a6ec76f{\nborder-radius:0px 0px 0px 0px;\npadding:0px 0px 0px 0px;\n}\n<\/style>\n<div  class='flex_column av-7nzzw-2c1641dce56e8229eb55335a5a6ec76f av_two_third  avia-builder-el-4  el_before_av_one_third  avia-builder-el-first  first flex_column_div av-animated-generic bottom-to-top av-zero-column-padding  '     ><section  class='av_textblock_section av-k3ebj9xh-e41d0b73d1ff0648d95f3ac70995ff20 '   itemscope=\"itemscope\" itemtype=\"https:\/\/schema.org\/CreativeWork\" ><div class='avia_textblock'  itemprop=\"text\" ><ul class=\"ul1\">\n<li class=\"li1\"><span class=\"s2\">Na\u0161im klient\u016fm nab\u00edz\u00edme rozmanit\u00e9 produkty a slu\u017eby, poskytujeme standardn\u00ed nebo z\u00e1kaznicky orientovan\u00e1 \u0159e\u0161en\u00ed. Na\u0161e kompetence v oblasti poradenstv\u00ed a syst\u00e9mov\u00e9 technologie je p\u0159esv\u011bd\u010div\u00e1. Na\u0161im c\u00edlem je vytv\u00e1\u0159et hodnoty pro na\u0161e z\u00e1kazn\u00edky, partnery, zam\u011bstnance i akcion\u00e1\u0159e.<\/span><\/li>\n<li class=\"li1\"><span class=\"s2\">Spole\u010dn\u011b se vid\u00edme jako t\u00fdm odborn\u00edk\u016f na technologii v\u00e1lcov\u00e1n\u00ed za studena EX-CELL-O \/ MAG \/ ROTOFLO \/ XK a pokra\u010dujeme v t\u00e9to velmi \u00fasp\u011b\u0161n\u00e9 historii. Na z\u00e1klad\u011b toho vyv\u00edj\u00edme a dod\u00e1v\u00e1me \u0159e\u0161en\u00ed na m\u00edru.<\/span><\/li>\n<li class=\"li1\"><span class=\"s2\">Jsme otev\u0159eni jak\u00fdmkoliv nov\u00fdm v\u00fdzv\u00e1m a investujeme do modern\u00edch, udr\u017eiteln\u00fdch technologi\u00ed.<\/span><\/li>\n<li class=\"li1\"><span class=\"s2\">Intenzivn\u011b diskutujeme o po\u017eadavc\u00edch z\u00e1kazn\u00edk\u016f a navrhujeme \u0159e\u0161en\u00ed na z\u00e1klad\u011b na\u0161ich zku\u0161enost\u00ed s osv\u011bd\u010den\u00fdmi postupy.<\/span><\/li>\n<li class=\"li1\"><span class=\"s2\">Vz\u00e1jemn\u00e9 porozum\u011bn\u00ed, intenzivn\u00ed projektov\u00e1 komunikace a v\u010dasn\u00e9 dod\u00e1n\u00ed jsou pro n\u00e1s samoz\u0159ejmost\u00ed.<\/span><\/li>\n<li class=\"li1\"><span class=\"s2\">Jsme spokojeni, pouze kdy\u017e je spokojen i z\u00e1kazn\u00edk.<\/span><\/li>\n<\/ul>\n<\/div><\/section><\/div>\n<style type=\"text\/css\" data-created_by=\"avia_inline_auto\" id=\"style-css-av-7nzzw-47ef4b95d16ddc52afc9d03e4ee84fbc\">\n.flex_column.av-7nzzw-47ef4b95d16ddc52afc9d03e4ee84fbc{\nborder-radius:0px 0px 0px 0px;\npadding:0px 0px 0px 0px;\n}\n<\/style>\n<div  class='flex_column av-7nzzw-47ef4b95d16ddc52afc9d03e4ee84fbc av_one_third  avia-builder-el-6  el_after_av_two_third  avia-builder-el-last  flex_column_div av-animated-generic bottom-to-top av-zero-column-padding  '     ><style type=\"text\/css\" data-created_by=\"avia_inline_auto\" id=\"style-css-av-k3ebmw4j-b5e12826b912a92b565ac35f2c4a1797\">\n.avia-image-container.av-k3ebmw4j-b5e12826b912a92b565ac35f2c4a1797 img.avia_image{\nbox-shadow:none;\n}\n.avia-image-container.av-k3ebmw4j-b5e12826b912a92b565ac35f2c4a1797 .av-image-caption-overlay-center{\ncolor:#ffffff;\n}\n<\/style>\n<div  class='avia-image-container av-k3ebmw4j-b5e12826b912a92b565ac35f2c4a1797 av-styling- av-hover-grow av-hide-overflow av-img-linked avia-align-center  avia-builder-el-7  avia-builder-el-no-sibling '   itemprop=\"image\" itemscope=\"itemscope\" itemtype=\"https:\/\/schema.org\/ImageObject\" ><div class=\"avia-image-container-inner\"><div class=\"avia-image-overlay-wrap\"><a href=\"https:\/\/osg-excello.com\/wp-content\/uploads\/2019\/11\/mission_Handshake-deal-business-corporate.jpg\" data-srcset=\"https:\/\/osg-excello.com\/wp-content\/uploads\/2019\/11\/mission_Handshake-deal-business-corporate.jpg 1280w, https:\/\/osg-excello.com\/wp-content\/uploads\/2019\/11\/mission_Handshake-deal-business-corporate-768x512.jpg 768w, https:\/\/osg-excello.com\/wp-content\/uploads\/2019\/11\/mission_Handshake-deal-business-corporate-705x470.jpg 705w\" data-sizes=\"(max-width: 1280px) 100vw, 1280px\" class='avia_image '  aria-label='mission_Handshake-deal-business-corporate'><img decoding=\"async\" fetchpriority=\"high\" class='wp-image-3564 avia-img-lazy-loading-not-3564 avia_image ' src=\"https:\/\/osg-excello.com\/wp-content\/uploads\/2019\/11\/mission_Handshake-deal-business-corporate.jpg\" alt='' title='mission_Handshake-deal-business-corporate'  height=\"853\" width=\"1280\"  itemprop=\"thumbnailUrl\" srcset=\"https:\/\/osg-excello.com\/wp-content\/uploads\/2019\/11\/mission_Handshake-deal-business-corporate.jpg 1280w, https:\/\/osg-excello.com\/wp-content\/uploads\/2019\/11\/mission_Handshake-deal-business-corporate-768x512.jpg 768w, https:\/\/osg-excello.com\/wp-content\/uploads\/2019\/11\/mission_Handshake-deal-business-corporate-705x470.jpg 705w\" sizes=\"(max-width: 1280px) 100vw, 1280px\" \/><\/a><\/div><\/div><\/div><\/div><\/div><\/div><\/div><!-- close content main div --><\/div><\/div><div id='after_section_1'  class='main_color av_default_container_wrap container_wrap sidebar_right'  ><div class='container av-section-cont-open' ><div class='template-page content  av-content-small alpha units'><div class='post-entry post-entry-type-page post-entry-3563'><div class='entry-content-wrapper clearfix'>\n","protected":false},"excerpt":{"rendered":"","protected":false},"author":1,"featured_media":0,"parent":2109,"menu_order":20,"comment_status":"closed","ping_status":"closed","template":"","meta":{"footnotes":""},"class_list":["post-3563","page","type-page","status-publish","hentry"],"yoast_head":"<!-- This site is optimized with the Yoast SEO plugin v27.2 - https:\/\/yoast.com\/product\/yoast-seo-wordpress\/ -->\n<title>Mise - OSG Ex-Cell-O<\/title>\n<meta name=\"robots\" content=\"index, follow, max-snippet:-1, max-image-preview:large, max-video-preview:-1\" \/>\n<link rel=\"canonical\" href=\"https:\/\/osg-excello.com\/cs\/firma\/mission\/\" \/>\n<meta property=\"og:locale\" content=\"cs_CZ\" \/>\n<meta property=\"og:type\" content=\"article\" \/>\n<meta property=\"og:title\" content=\"Mise - OSG Ex-Cell-O\" \/>\n<meta property=\"og:url\" content=\"https:\/\/osg-excello.com\/cs\/firma\/mission\/\" \/>\n<meta property=\"og:site_name\" content=\"OSG Ex-Cell-O\" \/>\n<meta property=\"article:modified_time\" content=\"2021-05-19T06:26:56+00:00\" \/>\n<meta name=\"twitter:card\" content=\"summary_large_image\" \/>\n<meta name=\"twitter:label1\" content=\"Odhadovan\u00e1 doba \u010dten\u00ed\" \/>\n\t<meta name=\"twitter:data1\" content=\"4 minuty\" \/>\n<script type=\"application\/ld+json\" class=\"yoast-schema-graph\">{\"@context\":\"https:\/\/schema.org\",\"@graph\":[{\"@type\":\"WebPage\",\"@id\":\"https:\/\/osg-excello.com\/cs\/firma\/mission\/\",\"url\":\"https:\/\/osg-excello.com\/cs\/firma\/mission\/\",\"name\":\"Mise - OSG Ex-Cell-O\",\"isPartOf\":{\"@id\":\"https:\/\/osg-excello.com\/cs\/#website\"},\"datePublished\":\"2019-11-19T13:14:32+00:00\",\"dateModified\":\"2021-05-19T06:26:56+00:00\",\"breadcrumb\":{\"@id\":\"https:\/\/osg-excello.com\/cs\/firma\/mission\/#breadcrumb\"},\"inLanguage\":\"cs\",\"potentialAction\":[{\"@type\":\"ReadAction\",\"target\":[\"https:\/\/osg-excello.com\/cs\/firma\/mission\/\"]}]},{\"@type\":\"BreadcrumbList\",\"@id\":\"https:\/\/osg-excello.com\/cs\/firma\/mission\/#breadcrumb\",\"itemListElement\":[{\"@type\":\"ListItem\",\"position\":1,\"name\":\"Startseite\",\"item\":\"https:\/\/osg-excello.com\/cs\/\"},{\"@type\":\"ListItem\",\"position\":2,\"name\":\"FIRMA\",\"item\":\"https:\/\/osg-excello.com\/cs\/\"},{\"@type\":\"ListItem\",\"position\":3,\"name\":\"Mise\"}]},{\"@type\":\"WebSite\",\"@id\":\"https:\/\/osg-excello.com\/cs\/#website\",\"url\":\"https:\/\/osg-excello.com\/cs\/\",\"name\":\"OSG Ex-Cell-O\",\"description\":\"\",\"publisher\":{\"@id\":\"https:\/\/osg-excello.com\/cs\/#organization\"},\"potentialAction\":[{\"@type\":\"SearchAction\",\"target\":{\"@type\":\"EntryPoint\",\"urlTemplate\":\"https:\/\/osg-excello.com\/cs\/?s={search_term_string}\"},\"query-input\":{\"@type\":\"PropertyValueSpecification\",\"valueRequired\":true,\"valueName\":\"search_term_string\"}}],\"inLanguage\":\"cs\"},{\"@type\":\"Organization\",\"@id\":\"https:\/\/osg-excello.com\/cs\/#organization\",\"name\":\"OSG Ex-Cell-O GmbH\",\"url\":\"https:\/\/osg-excello.com\/cs\/\",\"logo\":{\"@type\":\"ImageObject\",\"inLanguage\":\"cs\",\"@id\":\"https:\/\/osg-excello.com\/cs\/#\/schema\/logo\/image\/\",\"url\":\"https:\/\/osg-excello.com\/wp-content\/uploads\/2019\/11\/osg_excello_logo_final-2.png\",\"contentUrl\":\"https:\/\/osg-excello.com\/wp-content\/uploads\/2019\/11\/osg_excello_logo_final-2.png\",\"width\":514,\"height\":236,\"caption\":\"OSG Ex-Cell-O GmbH\"},\"image\":{\"@id\":\"https:\/\/osg-excello.com\/cs\/#\/schema\/logo\/image\/\"}}]}<\/script>\n<!-- \/ Yoast SEO plugin. -->","yoast_head_json":{"title":"Mise - OSG Ex-Cell-O","robots":{"index":"index","follow":"follow","max-snippet":"max-snippet:-1","max-image-preview":"max-image-preview:large","max-video-preview":"max-video-preview:-1"},"canonical":"https:\/\/osg-excello.com\/cs\/firma\/mission\/","og_locale":"cs_CZ","og_type":"article","og_title":"Mise - OSG Ex-Cell-O","og_url":"https:\/\/osg-excello.com\/cs\/firma\/mission\/","og_site_name":"OSG Ex-Cell-O","article_modified_time":"2021-05-19T06:26:56+00:00","twitter_card":"summary_large_image","twitter_misc":{"Odhadovan\u00e1 doba \u010dten\u00ed":"4 minuty"},"schema":{"@context":"https:\/\/schema.org","@graph":[{"@type":"WebPage","@id":"https:\/\/osg-excello.com\/cs\/firma\/mission\/","url":"https:\/\/osg-excello.com\/cs\/firma\/mission\/","name":"Mise - OSG Ex-Cell-O","isPartOf":{"@id":"https:\/\/osg-excello.com\/cs\/#website"},"datePublished":"2019-11-19T13:14:32+00:00","dateModified":"2021-05-19T06:26:56+00:00","breadcrumb":{"@id":"https:\/\/osg-excello.com\/cs\/firma\/mission\/#breadcrumb"},"inLanguage":"cs","potentialAction":[{"@type":"ReadAction","target":["https:\/\/osg-excello.com\/cs\/firma\/mission\/"]}]},{"@type":"BreadcrumbList","@id":"https:\/\/osg-excello.com\/cs\/firma\/mission\/#breadcrumb","itemListElement":[{"@type":"ListItem","position":1,"name":"Startseite","item":"https:\/\/osg-excello.com\/cs\/"},{"@type":"ListItem","position":2,"name":"FIRMA","item":"https:\/\/osg-excello.com\/cs\/"},{"@type":"ListItem","position":3,"name":"Mise"}]},{"@type":"WebSite","@id":"https:\/\/osg-excello.com\/cs\/#website","url":"https:\/\/osg-excello.com\/cs\/","name":"OSG Ex-Cell-O","description":"","publisher":{"@id":"https:\/\/osg-excello.com\/cs\/#organization"},"potentialAction":[{"@type":"SearchAction","target":{"@type":"EntryPoint","urlTemplate":"https:\/\/osg-excello.com\/cs\/?s={search_term_string}"},"query-input":{"@type":"PropertyValueSpecification","valueRequired":true,"valueName":"search_term_string"}}],"inLanguage":"cs"},{"@type":"Organization","@id":"https:\/\/osg-excello.com\/cs\/#organization","name":"OSG Ex-Cell-O GmbH","url":"https:\/\/osg-excello.com\/cs\/","logo":{"@type":"ImageObject","inLanguage":"cs","@id":"https:\/\/osg-excello.com\/cs\/#\/schema\/logo\/image\/","url":"https:\/\/osg-excello.com\/wp-content\/uploads\/2019\/11\/osg_excello_logo_final-2.png","contentUrl":"https:\/\/osg-excello.com\/wp-content\/uploads\/2019\/11\/osg_excello_logo_final-2.png","width":514,"height":236,"caption":"OSG Ex-Cell-O GmbH"},"image":{"@id":"https:\/\/osg-excello.com\/cs\/#\/schema\/logo\/image\/"}}]}},"_links":{"self":[{"href":"https:\/\/osg-excello.com\/cs\/wp-json\/wp\/v2\/pages\/3563","targetHints":{"allow":["GET"]}}],"collection":[{"href":"https:\/\/osg-excello.com\/cs\/wp-json\/wp\/v2\/pages"}],"about":[{"href":"https:\/\/osg-excello.com\/cs\/wp-json\/wp\/v2\/types\/page"}],"author":[{"embeddable":true,"href":"https:\/\/osg-excello.com\/cs\/wp-json\/wp\/v2\/users\/1"}],"replies":[{"embeddable":true,"href":"https:\/\/osg-excello.com\/cs\/wp-json\/wp\/v2\/comments?post=3563"}],"version-history":[{"count":4,"href":"https:\/\/osg-excello.com\/cs\/wp-json\/wp\/v2\/pages\/3563\/revisions"}],"predecessor-version":[{"id":3605,"href":"https:\/\/osg-excello.com\/cs\/wp-json\/wp\/v2\/pages\/3563\/revisions\/3605"}],"up":[{"embeddable":true,"href":"https:\/\/osg-excello.com\/cs\/wp-json\/wp\/v2\/pages\/2109"}],"wp:attachment":[{"href":"https:\/\/osg-excello.com\/cs\/wp-json\/wp\/v2\/media?parent=3563"}],"curies":[{"name":"wp","href":"https:\/\/api.w.org\/{rel}","templated":true}]}}