{"id":3912,"date":"2019-11-19T14:15:42","date_gmt":"2019-11-19T13:15:42","guid":{"rendered":"https:\/\/osg-excello.com\/firma\/geschaeftsfuehrung\/"},"modified":"2026-01-21T12:38:22","modified_gmt":"2026-01-21T11:38:22","slug":"geschaeftsfuehrung","status":"publish","type":"page","link":"https:\/\/osg-excello.com\/cs\/firma\/geschaeftsfuehrung\/","title":{"rendered":"\u0158editel\u00e9"},"content":{"rendered":"\n<style type=\"text\/css\" data-created_by=\"avia_inline_auto\" id=\"style-css-av-807no-33a4a38e5e0d5dea70cde682a9dc653a\">\n.flex_column.av-807no-33a4a38e5e0d5dea70cde682a9dc653a{\nborder-radius:0px 0px 0px 0px;\npadding:25px 0px 0px 0px;\n}\n<\/style>\n<div  class='flex_column av-807no-33a4a38e5e0d5dea70cde682a9dc653a av_one_full  avia-builder-el-0  el_before_av_hr  avia-builder-el-first  first flex_column_div  '     ><style type=\"text\/css\" data-created_by=\"avia_inline_auto\" id=\"style-css-av-k3646mjj-af940b738b40f9f1951fb5e83bc9e6d8\">\n#top .av-special-heading.av-k3646mjj-af940b738b40f9f1951fb5e83bc9e6d8{\npadding-bottom:10px;\n}\nbody .av-special-heading.av-k3646mjj-af940b738b40f9f1951fb5e83bc9e6d8 .av-special-heading-tag .heading-char{\nfont-size:25px;\n}\n.av-special-heading.av-k3646mjj-af940b738b40f9f1951fb5e83bc9e6d8 .av-subheading{\nfont-size:15px;\n}\n<\/style>\n<div  class='av-special-heading av-k3646mjj-af940b738b40f9f1951fb5e83bc9e6d8 av-special-heading-h1 blockquote modern-quote modern-centered  avia-builder-el-1  avia-builder-el-no-sibling '><h1 class='av-special-heading-tag '  itemprop=\"headline\"  >\u0158editel\u00e9<\/h1><div class=\"special-heading-border\"><div class=\"special-heading-inner-border\"><\/div><\/div><\/div><\/div>\n\n<style type=\"text\/css\" data-created_by=\"avia_inline_auto\" id=\"style-css-av-k363cjsl-6c3a36cc1ad2d24930cc419f13ab6bc6\">\n#top .hr.av-k363cjsl-6c3a36cc1ad2d24930cc419f13ab6bc6{\nmargin-top:0px;\nmargin-bottom:30px;\n}\n.hr.av-k363cjsl-6c3a36cc1ad2d24930cc419f13ab6bc6 .hr-inner{\nwidth:30%;\nborder-color:#e8e8e8;\nmax-width:45%;\n}\n.hr.av-k363cjsl-6c3a36cc1ad2d24930cc419f13ab6bc6 .av-seperator-icon{\ncolor:#e8e8e8;\n}\n.hr.av-k363cjsl-6c3a36cc1ad2d24930cc419f13ab6bc6 .av-seperator-icon.avia-svg-icon svg:first-child{\nfill:#e8e8e8;\nstroke:#e8e8e8;\n}\n<\/style>\n<div  class='hr av-k363cjsl-6c3a36cc1ad2d24930cc419f13ab6bc6 hr-custom  avia-builder-el-2  el_after_av_one_full  el_before_av_section  avia-builder-el-last  hr-center hr-icon-yes'><span class='hr-inner inner-border-av-border-thin'><span class=\"hr-inner-style\"><\/span><\/span><span class='av-seperator-icon avia-iconfont avia-font-entypo-fontello' data-av_icon='\ue898' data-av_iconfont='entypo-fontello' ><\/span><span class='hr-inner inner-border-av-border-thin'><span class=\"hr-inner-style\"><\/span><\/span><\/div>\n<\/div><\/div><\/div><!-- close content main div --><\/div><\/div>\n<style type=\"text\/css\" data-created_by=\"avia_inline_auto\" id=\"style-css-av-k3647wxa-14f501a09e84162727fa6ec184c7a00c\">\n.avia-section.av-k3647wxa-14f501a09e84162727fa6ec184c7a00c{\nmargin-top:0px;\nmargin-bottom:100px;\n}\n<\/style>\n<div id='av_section_1'  class='avia-section av-k3647wxa-14f501a09e84162727fa6ec184c7a00c main_color avia-section-no-padding avia-no-border-styling  avia-builder-el-3  el_after_av_hr  avia-builder-el-last  avia-bg-style-scroll container_wrap sidebar_right'  ><div class='container av-section-cont-open' ><div class='template-page content  av-content-small alpha units'><div class='post-entry post-entry-type-page post-entry-3912'><div class='entry-content-wrapper clearfix'>\n\n<style type=\"text\/css\" data-created_by=\"avia_inline_auto\" id=\"style-css-av-7nzzw-2c1641dce56e8229eb55335a5a6ec76f\">\n.flex_column.av-7nzzw-2c1641dce56e8229eb55335a5a6ec76f{\nborder-radius:0px 0px 0px 0px;\npadding:0px 0px 0px 0px;\n}\n<\/style>\n<div  class='flex_column av-7nzzw-2c1641dce56e8229eb55335a5a6ec76f av_one_third  avia-builder-el-4  el_before_av_one_third  avia-builder-el-first  first flex_column_div av-animated-generic bottom-to-top av-zero-column-padding  '     ><section  class='avia-team-member av-k363nayv-7efdebadc7610dfbf1dc912e0d550a6c  avia-builder-el-5  avia-builder-el-no-sibling '  itemscope=\"itemscope\" itemtype=\"https:\/\/schema.org\/Person\" ><div class=\"team-img-container\"><img decoding=\"async\" fetchpriority=\"high\" class='wp-image-3938 avia-img-lazy-loading-not-3938 avia_image avia_image_team' src=\"https:\/\/osg-excello.com\/wp-content\/uploads\/2019\/12\/schmid.jpg\" alt='J\u00fcrgen Schmid'  itemprop=\"image\"   height=\"1300\" width=\"1000\" srcset=\"https:\/\/osg-excello.com\/wp-content\/uploads\/2019\/12\/schmid.jpg 1000w, https:\/\/osg-excello.com\/wp-content\/uploads\/2019\/12\/schmid-768x998.jpg 768w, https:\/\/osg-excello.com\/wp-content\/uploads\/2019\/12\/schmid-542x705.jpg 542w\" sizes=\"(max-width: 1000px) 100vw, 1000px\" \/><div class=\"team-social\"><div class=\"team-social-inner\"><span class='hidden av_member_url_markup '  itemprop=\"email\" >mailto:jschmid@osg-excello.com<\/span><a href='mailto:jschmid@osg-excello.com' class='avia-team-icon av-2k104-03c694258e42f7b672692781b1431bd6 avia-iconfont avia-font-entypo-fontello' rel='v:url' data-avia-tooltip=\"jschmid@osg-excello.com\" target='_blank' data-av_icon='\ue805' data-av_iconfont='entypo-fontello' ><\/a><span class='hidden av_member_url_markup '  itemprop=\"url\" >tel:+4971611584020<\/span><a href='tel:+4971611584020' class='avia-team-icon av-1vyq0-134ba064dddb1f803084edb3ec35c49b avia-iconfont avia-font-entypo-fontello' rel='v:url' data-avia-tooltip=\"Tel +49 71 61 15840-20\"  data-av_icon='\ue854' data-av_iconfont='entypo-fontello' ><\/a><span class='hidden av_member_url_markup '  itemprop=\"url\" >tel:+491727529368<\/span><a href='tel:+491727529368' class='avia-team-icon av-5i37o-db1630d1fd75983547a823d0ef376706 avia-iconfont avia-font-entypo-fontello' rel='v:url' data-avia-tooltip=\"Mobil +49 172 75 29 368\"  data-av_icon='\ue8ac' data-av_iconfont='entypo-fontello' ><\/a><\/div><\/div><\/div><h3 class='team-member-name '  itemprop=\"name\" >J\u00fcrgen Schmid<\/h3><div class='team-member-description '  itemprop=\"description\" ><p>Tel +49 71 61 15840-20<br \/>Mobil  +49 172 75 29 368<br \/>E-Mail: <a href=\"mailto:jschmid@osg-excello.com\" target=\"_blank\" rel=\"noopener\">jschmid@osg-excello.com<\/a><\/p>\n<\/div><span class='hidden team-member-affiliation'  itemprop=\"affiliation\" >OSG Ex-Cell-O<\/span><\/section><\/div>\n<style type=\"text\/css\" data-created_by=\"avia_inline_auto\" id=\"style-css-av-2xr7s-9df35d69ef1a09bcc09b2b938a3b6cd9\">\n.flex_column.av-2xr7s-9df35d69ef1a09bcc09b2b938a3b6cd9{\nborder-radius:0px 0px 0px 0px;\npadding:0px 0px 0px 0px;\n}\n<\/style>\n<div  class='flex_column av-2xr7s-9df35d69ef1a09bcc09b2b938a3b6cd9 av_one_third  avia-builder-el-6  el_after_av_one_third  avia-builder-el-last  flex_column_div av-animated-generic bottom-to-top av-zero-column-padding  '     ><section  class='avia-team-member av-k363nayv-bac476b289fc890edb4eafc9f08e8986  avia-builder-el-7  avia-builder-el-no-sibling '  itemscope=\"itemscope\" itemtype=\"https:\/\/schema.org\/Person\" ><div class=\"team-img-container\"><img decoding=\"async\" fetchpriority=\"high\" class='wp-image-3939 avia-img-lazy-loading-not-3939 avia_image avia_image_team' src=\"https:\/\/osg-excello.com\/wp-content\/uploads\/2019\/12\/schunter.jpg\" alt='Oliver Schunter'  itemprop=\"image\"   height=\"1300\" width=\"1000\" srcset=\"https:\/\/osg-excello.com\/wp-content\/uploads\/2019\/12\/schunter.jpg 1000w, https:\/\/osg-excello.com\/wp-content\/uploads\/2019\/12\/schunter-768x998.jpg 768w, https:\/\/osg-excello.com\/wp-content\/uploads\/2019\/12\/schunter-542x705.jpg 542w\" sizes=\"(max-width: 1000px) 100vw, 1000px\" \/><div class=\"team-social\"><div class=\"team-social-inner\"><span class='hidden av_member_url_markup '  itemprop=\"email\" >mailto:schunter@osg-excello.com<\/span><a href='mailto:schunter@osg-excello.com' class='avia-team-icon av-1ifrg-6ff89d48d775c7f36b5cb6c8da52d1e7 avia-iconfont avia-font-entypo-fontello' rel='v:url' data-avia-tooltip=\"schunter@osg-excello.com\" target='_blank' data-av_icon='\ue805' data-av_iconfont='entypo-fontello' ><\/a><span class='hidden av_member_url_markup '  itemprop=\"url\" >tel:+4971611584022<\/span><a href='tel:+4971611584022' class='avia-team-icon av-123n8-8c1dd1374a85f33c882feb707e23e391 avia-iconfont avia-font-entypo-fontello' rel='v:url' data-avia-tooltip=\"Tel +49 71 61 15840-22\"  data-av_icon='\ue854' data-av_iconfont='entypo-fontello' ><\/a><span class='hidden av_member_url_markup '  itemprop=\"url\" >tel:+491726376155<\/span><a href='tel:+491726376155' class='avia-team-icon av-z2p0-cf3ab36f3e98896e94e9e660680db0aa avia-iconfont avia-font-entypo-fontello' rel='v:url' data-avia-tooltip=\"Mobil +49 172 6376 155\"  data-av_icon='\ue8ac' data-av_iconfont='entypo-fontello' ><\/a><\/div><\/div><\/div><h3 class='team-member-name '  itemprop=\"name\" >Oliver Schunter<\/h3><div class='team-member-description '  itemprop=\"description\" ><p>Tel +49 71 61 15840-22<br \/>Mobil  +49 172 6376 155<br \/>E-Mail: <a href=\"mailto:schunter@osg-excello.com\">schunter@osg-excello.com<\/a><\/p>\n<\/div><span class='hidden team-member-affiliation'  itemprop=\"affiliation\" >OSG Ex-Cell-O<\/span><\/section><\/div><\/div><\/div><\/div><!-- close content main div --><\/div><\/div><div id='after_section_1'  class='main_color av_default_container_wrap container_wrap sidebar_right'  ><div class='container av-section-cont-open' ><div class='template-page content  av-content-small alpha units'><div class='post-entry post-entry-type-page post-entry-3912'><div class='entry-content-wrapper clearfix'>\n","protected":false},"excerpt":{"rendered":"","protected":false},"author":1,"featured_media":0,"parent":2109,"menu_order":60,"comment_status":"closed","ping_status":"closed","template":"","meta":{"footnotes":""},"class_list":["post-3912","page","type-page","status-publish","hentry"],"yoast_head":"<!-- This site is optimized with the Yoast SEO plugin v27.2 - https:\/\/yoast.com\/product\/yoast-seo-wordpress\/ -->\n<title>\u0158editel\u00e9 - OSG Ex-Cell-O<\/title>\n<meta name=\"robots\" content=\"index, follow, max-snippet:-1, max-image-preview:large, max-video-preview:-1\" \/>\n<link rel=\"canonical\" href=\"https:\/\/osg-excello.com\/cs\/firma\/geschaeftsfuehrung\/\" \/>\n<meta property=\"og:locale\" content=\"cs_CZ\" \/>\n<meta property=\"og:type\" content=\"article\" \/>\n<meta property=\"og:title\" content=\"\u0158editel\u00e9 - OSG Ex-Cell-O\" \/>\n<meta property=\"og:url\" content=\"https:\/\/osg-excello.com\/cs\/firma\/geschaeftsfuehrung\/\" \/>\n<meta property=\"og:site_name\" content=\"OSG Ex-Cell-O\" \/>\n<meta property=\"article:modified_time\" content=\"2026-01-21T11:38:22+00:00\" \/>\n<meta name=\"twitter:card\" content=\"summary_large_image\" \/>\n<meta name=\"twitter:label1\" content=\"Odhadovan\u00e1 doba \u010dten\u00ed\" \/>\n\t<meta name=\"twitter:data1\" content=\"1 minuta\" \/>\n<script type=\"application\/ld+json\" class=\"yoast-schema-graph\">{\"@context\":\"https:\/\/schema.org\",\"@graph\":[{\"@type\":\"WebPage\",\"@id\":\"https:\/\/osg-excello.com\/cs\/firma\/geschaeftsfuehrung\/\",\"url\":\"https:\/\/osg-excello.com\/cs\/firma\/geschaeftsfuehrung\/\",\"name\":\"\u0158editel\u00e9 - OSG Ex-Cell-O\",\"isPartOf\":{\"@id\":\"https:\/\/osg-excello.com\/cs\/#website\"},\"datePublished\":\"2019-11-19T13:15:42+00:00\",\"dateModified\":\"2026-01-21T11:38:22+00:00\",\"breadcrumb\":{\"@id\":\"https:\/\/osg-excello.com\/cs\/firma\/geschaeftsfuehrung\/#breadcrumb\"},\"inLanguage\":\"cs\",\"potentialAction\":[{\"@type\":\"ReadAction\",\"target\":[\"https:\/\/osg-excello.com\/cs\/firma\/geschaeftsfuehrung\/\"]}]},{\"@type\":\"BreadcrumbList\",\"@id\":\"https:\/\/osg-excello.com\/cs\/firma\/geschaeftsfuehrung\/#breadcrumb\",\"itemListElement\":[{\"@type\":\"ListItem\",\"position\":1,\"name\":\"Startseite\",\"item\":\"https:\/\/osg-excello.com\/cs\/\"},{\"@type\":\"ListItem\",\"position\":2,\"name\":\"FIRMA\",\"item\":\"https:\/\/osg-excello.com\/cs\/\"},{\"@type\":\"ListItem\",\"position\":3,\"name\":\"\u0158editel\u00e9\"}]},{\"@type\":\"WebSite\",\"@id\":\"https:\/\/osg-excello.com\/cs\/#website\",\"url\":\"https:\/\/osg-excello.com\/cs\/\",\"name\":\"OSG Ex-Cell-O\",\"description\":\"\",\"publisher\":{\"@id\":\"https:\/\/osg-excello.com\/cs\/#organization\"},\"potentialAction\":[{\"@type\":\"SearchAction\",\"target\":{\"@type\":\"EntryPoint\",\"urlTemplate\":\"https:\/\/osg-excello.com\/cs\/?s={search_term_string}\"},\"query-input\":{\"@type\":\"PropertyValueSpecification\",\"valueRequired\":true,\"valueName\":\"search_term_string\"}}],\"inLanguage\":\"cs\"},{\"@type\":\"Organization\",\"@id\":\"https:\/\/osg-excello.com\/cs\/#organization\",\"name\":\"OSG Ex-Cell-O GmbH\",\"url\":\"https:\/\/osg-excello.com\/cs\/\",\"logo\":{\"@type\":\"ImageObject\",\"inLanguage\":\"cs\",\"@id\":\"https:\/\/osg-excello.com\/cs\/#\/schema\/logo\/image\/\",\"url\":\"https:\/\/osg-excello.com\/wp-content\/uploads\/2019\/11\/osg_excello_logo_final-2.png\",\"contentUrl\":\"https:\/\/osg-excello.com\/wp-content\/uploads\/2019\/11\/osg_excello_logo_final-2.png\",\"width\":514,\"height\":236,\"caption\":\"OSG Ex-Cell-O GmbH\"},\"image\":{\"@id\":\"https:\/\/osg-excello.com\/cs\/#\/schema\/logo\/image\/\"}}]}<\/script>\n<!-- \/ Yoast SEO plugin. -->","yoast_head_json":{"title":"\u0158editel\u00e9 - OSG Ex-Cell-O","robots":{"index":"index","follow":"follow","max-snippet":"max-snippet:-1","max-image-preview":"max-image-preview:large","max-video-preview":"max-video-preview:-1"},"canonical":"https:\/\/osg-excello.com\/cs\/firma\/geschaeftsfuehrung\/","og_locale":"cs_CZ","og_type":"article","og_title":"\u0158editel\u00e9 - OSG Ex-Cell-O","og_url":"https:\/\/osg-excello.com\/cs\/firma\/geschaeftsfuehrung\/","og_site_name":"OSG Ex-Cell-O","article_modified_time":"2026-01-21T11:38:22+00:00","twitter_card":"summary_large_image","twitter_misc":{"Odhadovan\u00e1 doba \u010dten\u00ed":"1 minuta"},"schema":{"@context":"https:\/\/schema.org","@graph":[{"@type":"WebPage","@id":"https:\/\/osg-excello.com\/cs\/firma\/geschaeftsfuehrung\/","url":"https:\/\/osg-excello.com\/cs\/firma\/geschaeftsfuehrung\/","name":"\u0158editel\u00e9 - OSG Ex-Cell-O","isPartOf":{"@id":"https:\/\/osg-excello.com\/cs\/#website"},"datePublished":"2019-11-19T13:15:42+00:00","dateModified":"2026-01-21T11:38:22+00:00","breadcrumb":{"@id":"https:\/\/osg-excello.com\/cs\/firma\/geschaeftsfuehrung\/#breadcrumb"},"inLanguage":"cs","potentialAction":[{"@type":"ReadAction","target":["https:\/\/osg-excello.com\/cs\/firma\/geschaeftsfuehrung\/"]}]},{"@type":"BreadcrumbList","@id":"https:\/\/osg-excello.com\/cs\/firma\/geschaeftsfuehrung\/#breadcrumb","itemListElement":[{"@type":"ListItem","position":1,"name":"Startseite","item":"https:\/\/osg-excello.com\/cs\/"},{"@type":"ListItem","position":2,"name":"FIRMA","item":"https:\/\/osg-excello.com\/cs\/"},{"@type":"ListItem","position":3,"name":"\u0158editel\u00e9"}]},{"@type":"WebSite","@id":"https:\/\/osg-excello.com\/cs\/#website","url":"https:\/\/osg-excello.com\/cs\/","name":"OSG Ex-Cell-O","description":"","publisher":{"@id":"https:\/\/osg-excello.com\/cs\/#organization"},"potentialAction":[{"@type":"SearchAction","target":{"@type":"EntryPoint","urlTemplate":"https:\/\/osg-excello.com\/cs\/?s={search_term_string}"},"query-input":{"@type":"PropertyValueSpecification","valueRequired":true,"valueName":"search_term_string"}}],"inLanguage":"cs"},{"@type":"Organization","@id":"https:\/\/osg-excello.com\/cs\/#organization","name":"OSG Ex-Cell-O GmbH","url":"https:\/\/osg-excello.com\/cs\/","logo":{"@type":"ImageObject","inLanguage":"cs","@id":"https:\/\/osg-excello.com\/cs\/#\/schema\/logo\/image\/","url":"https:\/\/osg-excello.com\/wp-content\/uploads\/2019\/11\/osg_excello_logo_final-2.png","contentUrl":"https:\/\/osg-excello.com\/wp-content\/uploads\/2019\/11\/osg_excello_logo_final-2.png","width":514,"height":236,"caption":"OSG Ex-Cell-O GmbH"},"image":{"@id":"https:\/\/osg-excello.com\/cs\/#\/schema\/logo\/image\/"}}]}},"_links":{"self":[{"href":"https:\/\/osg-excello.com\/cs\/wp-json\/wp\/v2\/pages\/3912","targetHints":{"allow":["GET"]}}],"collection":[{"href":"https:\/\/osg-excello.com\/cs\/wp-json\/wp\/v2\/pages"}],"about":[{"href":"https:\/\/osg-excello.com\/cs\/wp-json\/wp\/v2\/types\/page"}],"author":[{"embeddable":true,"href":"https:\/\/osg-excello.com\/cs\/wp-json\/wp\/v2\/users\/1"}],"replies":[{"embeddable":true,"href":"https:\/\/osg-excello.com\/cs\/wp-json\/wp\/v2\/comments?post=3912"}],"version-history":[{"count":12,"href":"https:\/\/osg-excello.com\/cs\/wp-json\/wp\/v2\/pages\/3912\/revisions"}],"predecessor-version":[{"id":16530,"href":"https:\/\/osg-excello.com\/cs\/wp-json\/wp\/v2\/pages\/3912\/revisions\/16530"}],"up":[{"embeddable":true,"href":"https:\/\/osg-excello.com\/cs\/wp-json\/wp\/v2\/pages\/2109"}],"wp:attachment":[{"href":"https:\/\/osg-excello.com\/cs\/wp-json\/wp\/v2\/media?parent=3912"}],"curies":[{"name":"wp","href":"https:\/\/api.w.org\/{rel}","templated":true}]}}