{"id":5576,"date":"2019-11-19T16:21:55","date_gmt":"2019-11-19T15:21:55","guid":{"rendered":"https:\/\/osg-excello.com\/stroje\/xk12-serie\/"},"modified":"2021-05-25T14:45:51","modified_gmt":"2021-05-25T12:45:51","slug":"xk12-serie","status":"publish","type":"page","link":"https:\/\/osg-excello.com\/cs\/stroje\/xk12-serie\/","title":{"rendered":"\u0158ada XK12"},"content":{"rendered":"\n<style type=\"text\/css\" data-created_by=\"avia_inline_auto\" id=\"style-css-av-807no-33a4a38e5e0d5dea70cde682a9dc653a\">\n.flex_column.av-807no-33a4a38e5e0d5dea70cde682a9dc653a{\nborder-radius:0px 0px 0px 0px;\npadding:25px 0px 0px 0px;\n}\n<\/style>\n<div  class='flex_column av-807no-33a4a38e5e0d5dea70cde682a9dc653a av_one_full  avia-builder-el-0  el_before_av_hr  avia-builder-el-first  first flex_column_div  '     ><style type=\"text\/css\" data-created_by=\"avia_inline_auto\" id=\"style-css-av-k3a80l1x-112394266da8b771216eb656c3dd84c2\">\n#top .av-special-heading.av-k3a80l1x-112394266da8b771216eb656c3dd84c2{\npadding-bottom:10px;\n}\nbody .av-special-heading.av-k3a80l1x-112394266da8b771216eb656c3dd84c2 .av-special-heading-tag .heading-char{\nfont-size:25px;\n}\n.av-special-heading.av-k3a80l1x-112394266da8b771216eb656c3dd84c2 .av-subheading{\nfont-size:15px;\n}\n<\/style>\n<div  class='av-special-heading av-k3a80l1x-112394266da8b771216eb656c3dd84c2 av-special-heading-h1 blockquote modern-quote modern-centered  avia-builder-el-1  avia-builder-el-no-sibling '><h1 class='av-special-heading-tag '  itemprop=\"headline\"  >\u0158ada XK12<\/h1><div class=\"special-heading-border\"><div class=\"special-heading-inner-border\"><\/div><\/div><\/div><\/div>\n\n<style type=\"text\/css\" data-created_by=\"avia_inline_auto\" id=\"style-css-av-k363cjsl-6c3a36cc1ad2d24930cc419f13ab6bc6\">\n#top .hr.av-k363cjsl-6c3a36cc1ad2d24930cc419f13ab6bc6{\nmargin-top:0px;\nmargin-bottom:30px;\n}\n.hr.av-k363cjsl-6c3a36cc1ad2d24930cc419f13ab6bc6 .hr-inner{\nwidth:30%;\nborder-color:#e8e8e8;\nmax-width:45%;\n}\n.hr.av-k363cjsl-6c3a36cc1ad2d24930cc419f13ab6bc6 .av-seperator-icon{\ncolor:#e8e8e8;\n}\n.hr.av-k363cjsl-6c3a36cc1ad2d24930cc419f13ab6bc6 .av-seperator-icon.avia-svg-icon svg:first-child{\nfill:#e8e8e8;\nstroke:#e8e8e8;\n}\n<\/style>\n<div  class='hr av-k363cjsl-6c3a36cc1ad2d24930cc419f13ab6bc6 hr-custom  avia-builder-el-2  el_after_av_one_full  el_before_av_section  avia-builder-el-last  hr-center hr-icon-yes'><span class='hr-inner inner-border-av-border-thin'><span class=\"hr-inner-style\"><\/span><\/span><span class='av-seperator-icon avia-iconfont avia-font-entypo-fontello' data-av_icon='\ue898' data-av_iconfont='entypo-fontello' ><\/span><span class='hr-inner inner-border-av-border-thin'><span class=\"hr-inner-style\"><\/span><\/span><\/div>\n<\/div><\/div><\/div><!-- close content main div --><\/div><\/div>\n<style type=\"text\/css\" data-created_by=\"avia_inline_auto\" id=\"style-css-av-k3647wxa-14f501a09e84162727fa6ec184c7a00c\">\n.avia-section.av-k3647wxa-14f501a09e84162727fa6ec184c7a00c{\nmargin-top:0px;\nmargin-bottom:100px;\n}\n<\/style>\n<div id='av_section_1'  class='avia-section av-k3647wxa-14f501a09e84162727fa6ec184c7a00c main_color avia-section-no-padding avia-no-border-styling  avia-builder-el-3  el_after_av_hr  avia-builder-el-last  avia-bg-style-scroll container_wrap sidebar_right'  ><div class='container av-section-cont-open' ><div class='template-page content  av-content-small alpha units'><div class='post-entry post-entry-type-page post-entry-5576'><div class='entry-content-wrapper clearfix'>\n\n<style type=\"text\/css\" data-created_by=\"avia_inline_auto\" id=\"style-css-av-7nzzw-2c1641dce56e8229eb55335a5a6ec76f\">\n.flex_column.av-7nzzw-2c1641dce56e8229eb55335a5a6ec76f{\nborder-radius:0px 0px 0px 0px;\npadding:0px 0px 0px 0px;\n}\n<\/style>\n<div  class='flex_column av-7nzzw-2c1641dce56e8229eb55335a5a6ec76f av_two_third  avia-builder-el-4  el_before_av_one_third  avia-builder-el-first  first flex_column_div av-animated-generic bottom-to-top av-zero-column-padding  '     ><p>\n<style type=\"text\/css\" data-created_by=\"avia_inline_auto\" id=\"style-css-av-k3conupj-4f187e4a3139d7aeb8eac956b4f32203\">\n.avia-image-container.av-k3conupj-4f187e4a3139d7aeb8eac956b4f32203 img.avia_image{\nbox-shadow:none;\n}\n.avia-image-container.av-k3conupj-4f187e4a3139d7aeb8eac956b4f32203 .av-image-caption-overlay-center{\ncolor:#ffffff;\n}\n<\/style>\n<div  class='avia-image-container av-k3conupj-4f187e4a3139d7aeb8eac956b4f32203 av-styling- av-hover-grow av-hide-overflow av-img-linked avia-align-center  avia-builder-el-5  el_before_av_hr  avia-builder-el-first '   itemprop=\"image\" itemscope=\"itemscope\" itemtype=\"https:\/\/schema.org\/ImageObject\" ><div class=\"avia-image-container-inner\"><div class=\"avia-image-overlay-wrap\"><a href=\"https:\/\/osg-excello.com\/wp-content\/uploads\/2019\/11\/maschinen_XK12.jpg\" data-srcset=\"https:\/\/osg-excello.com\/wp-content\/uploads\/2019\/11\/maschinen_XK12.jpg 1280w, https:\/\/osg-excello.com\/wp-content\/uploads\/2019\/11\/maschinen_XK12-768x443.jpg 768w, https:\/\/osg-excello.com\/wp-content\/uploads\/2019\/11\/maschinen_XK12-705x407.jpg 705w\" data-sizes=\"(max-width: 1280px) 100vw, 1280px\" class='avia_image '  aria-label='maschinen_XK12'><img decoding=\"async\" fetchpriority=\"high\" class='wp-image-5606 avia-img-lazy-loading-not-5606 avia_image ' src=\"https:\/\/osg-excello.com\/wp-content\/uploads\/2019\/11\/maschinen_XK12.jpg\" alt='' title='maschinen_XK12'  height=\"739\" width=\"1280\"  itemprop=\"thumbnailUrl\" srcset=\"https:\/\/osg-excello.com\/wp-content\/uploads\/2019\/11\/maschinen_XK12.jpg 1280w, https:\/\/osg-excello.com\/wp-content\/uploads\/2019\/11\/maschinen_XK12-768x443.jpg 768w, https:\/\/osg-excello.com\/wp-content\/uploads\/2019\/11\/maschinen_XK12-705x407.jpg 705w\" sizes=\"(max-width: 1280px) 100vw, 1280px\" \/><\/a><\/div><\/div><\/div><br \/>\n\n<style type=\"text\/css\" data-created_by=\"avia_inline_auto\" id=\"style-css-av-k3b9kc22-fb179e88a596ca9b3f22021301765415\">\n#top .hr.hr-invisible.av-k3b9kc22-fb179e88a596ca9b3f22021301765415{\nheight:30px;\n}\n<\/style>\n<div  class='hr av-k3b9kc22-fb179e88a596ca9b3f22021301765415 hr-invisible  avia-builder-el-6  el_after_av_image  el_before_av_image '><span class='hr-inner '><span class=\"hr-inner-style\"><\/span><\/span><\/div><br \/>\n\n<style type=\"text\/css\" data-created_by=\"avia_inline_auto\" id=\"style-css-av-k3conupj-50da7d6d996e5e7666dbed3edeffddb3\">\n.avia-image-container.av-k3conupj-50da7d6d996e5e7666dbed3edeffddb3 img.avia_image{\nbox-shadow:none;\n}\n.avia-image-container.av-k3conupj-50da7d6d996e5e7666dbed3edeffddb3 .av-image-caption-overlay-center{\ncolor:#ffffff;\n}\n<\/style>\n<div  class='avia-image-container av-k3conupj-50da7d6d996e5e7666dbed3edeffddb3 av-styling- av-hover-grow av-hide-overflow av-img-linked avia-align-left  avia-builder-el-7  el_after_av_hr  el_before_av_image  rowImage50'   itemprop=\"image\" itemscope=\"itemscope\" itemtype=\"https:\/\/schema.org\/ImageObject\" ><div class=\"avia-image-container-inner\"><div class=\"avia-image-overlay-wrap\"><a href=\"https:\/\/osg-excello.com\/wp-content\/uploads\/2019\/11\/xk12_IMG_4621_retouched.jpg\" data-srcset=\"https:\/\/osg-excello.com\/wp-content\/uploads\/2019\/11\/xk12_IMG_4621_retouched.jpg 800w, https:\/\/osg-excello.com\/wp-content\/uploads\/2019\/11\/xk12_IMG_4621_retouched-300x200.jpg 300w, https:\/\/osg-excello.com\/wp-content\/uploads\/2019\/11\/xk12_IMG_4621_retouched-768x512.jpg 768w, https:\/\/osg-excello.com\/wp-content\/uploads\/2019\/11\/xk12_IMG_4621_retouched-705x470.jpg 705w\" data-sizes=\"(max-width: 800px) 100vw, 800px\" class='avia_image '  aria-label='xk12_IMG_4621_retouched'><img decoding=\"async\" fetchpriority=\"high\" class='wp-image-5603 avia-img-lazy-loading-not-5603 avia_image ' src=\"https:\/\/osg-excello.com\/wp-content\/uploads\/2019\/11\/xk12_IMG_4621_retouched-495x400.jpg\" alt='' title='xk12_IMG_4621_retouched'  height=\"400\" width=\"495\"  itemprop=\"thumbnailUrl\"  \/><\/a><\/div><\/div><\/div><br \/>\n\n<style type=\"text\/css\" data-created_by=\"avia_inline_auto\" id=\"style-css-av-k3conupj-c4684c6028339cfb516f9092dcb97680\">\n.avia-image-container.av-k3conupj-c4684c6028339cfb516f9092dcb97680 img.avia_image{\nbox-shadow:none;\n}\n.avia-image-container.av-k3conupj-c4684c6028339cfb516f9092dcb97680 .av-image-caption-overlay-center{\ncolor:#ffffff;\n}\n<\/style>\n<div  class='avia-image-container av-k3conupj-c4684c6028339cfb516f9092dcb97680 av-styling- av-hover-grow av-hide-overflow av-img-linked avia-align-left  avia-builder-el-8  el_after_av_image  avia-builder-el-last  rowImage50'   itemprop=\"image\" itemscope=\"itemscope\" itemtype=\"https:\/\/schema.org\/ImageObject\" ><div class=\"avia-image-container-inner\"><div class=\"avia-image-overlay-wrap\"><a href=\"https:\/\/osg-excello.com\/wp-content\/uploads\/2019\/11\/xk12_IMG_4614_Welle_freigestellt_retuschiert.jpg\" data-srcset=\"https:\/\/osg-excello.com\/wp-content\/uploads\/2019\/11\/xk12_IMG_4614_Welle_freigestellt_retuschiert.jpg 800w, https:\/\/osg-excello.com\/wp-content\/uploads\/2019\/11\/xk12_IMG_4614_Welle_freigestellt_retuschiert-300x156.jpg 300w, https:\/\/osg-excello.com\/wp-content\/uploads\/2019\/11\/xk12_IMG_4614_Welle_freigestellt_retuschiert-768x398.jpg 768w, https:\/\/osg-excello.com\/wp-content\/uploads\/2019\/11\/xk12_IMG_4614_Welle_freigestellt_retuschiert-705x366.jpg 705w\" data-sizes=\"(max-width: 800px) 100vw, 800px\" class='avia_image '  aria-label='xk12_IMG_4614_Welle_freigestellt_retuschiert'><img decoding=\"async\" fetchpriority=\"high\" class='wp-image-5602 avia-img-lazy-loading-not-5602 avia_image ' src=\"https:\/\/osg-excello.com\/wp-content\/uploads\/2019\/11\/xk12_IMG_4614_Welle_freigestellt_retuschiert-495x400.jpg\" alt='' title='xk12_IMG_4614_Welle_freigestellt_retuschiert'  height=\"400\" width=\"495\"  itemprop=\"thumbnailUrl\"  \/><\/a><\/div><\/div><\/div><\/p><\/div>\n<style type=\"text\/css\" data-created_by=\"avia_inline_auto\" id=\"style-css-av-7nzzw-47ef4b95d16ddc52afc9d03e4ee84fbc\">\n.flex_column.av-7nzzw-47ef4b95d16ddc52afc9d03e4ee84fbc{\nborder-radius:0px 0px 0px 0px;\npadding:0px 0px 0px 0px;\n}\n<\/style>\n<div  class='flex_column av-7nzzw-47ef4b95d16ddc52afc9d03e4ee84fbc av_one_third  avia-builder-el-9  el_after_av_two_third  avia-builder-el-last  flex_column_div av-animated-generic bottom-to-top av-zero-column-padding  '     ><p>\n<style type=\"text\/css\" data-created_by=\"avia_inline_auto\" id=\"style-css-av-2dhba-e4133c2046e2fceb0b307322d1d074ac\">\n#top .av-special-heading.av-2dhba-e4133c2046e2fceb0b307322d1d074ac{\npadding-bottom:10px;\n}\nbody .av-special-heading.av-2dhba-e4133c2046e2fceb0b307322d1d074ac .av-special-heading-tag .heading-char{\nfont-size:25px;\n}\n.av-special-heading.av-2dhba-e4133c2046e2fceb0b307322d1d074ac .av-subheading{\nfont-size:15px;\n}\n<\/style>\n<div  class='av-special-heading av-2dhba-e4133c2046e2fceb0b307322d1d074ac av-special-heading-h3  avia-builder-el-10  el_before_av_textblock  avia-builder-el-first '><h3 class='av-special-heading-tag '  itemprop=\"headline\"  >XK 1275<\/h3><div class=\"special-heading-border\"><div class=\"special-heading-inner-border\"><\/div><\/div><\/div><br \/>\n<section  class='av_textblock_section av-k3a8vy1i-c3eaba6a5673f57b0224f2a8c69b5209 '   itemscope=\"itemscope\" itemtype=\"https:\/\/schema.org\/CreativeWork\" ><div class='avia_textblock'  itemprop=\"text\" ><p>&#8222;Model XK 12 roz\u0161i\u0159uje \u0159adu stroj\u016f MAG pro tv\u00e1\u0159en\u00ed zastudena na maxim\u00e1ln\u00ed velikost. Je zalo\u017een na osv\u011bd\u010den\u00e9m stroji XK 8 a byl d\u016fkladn\u011b vylep\u0161en z hlediska tuhosti a rozsahu pracovn\u00edch sil. Navzdory masivn\u011b zv\u011bt\u0161en\u00e9mu rozsahu pou\u017eit\u00ed, kter\u00fd umo\u017e\u0148uje pr\u016fm\u011bry profil\u016f a\u017e 120 mm a d\u00e9lky obrobku a\u017e 5 000 mm, si design zachov\u00e1v\u00e1 mal\u00fd p\u016fdorys a byl optimalizov\u00e1n pro lep\u0161\u00ed p\u0159\u00edstup. Elektromechanick\u00e9 pohony zaji\u0161\u0165uj\u00ed n\u00edzkou spot\u0159ebu energie.<br \/>\n&#8220;<\/p>\n<\/div><\/section><br \/>\n\n<style type=\"text\/css\" data-created_by=\"avia_inline_auto\" id=\"style-css-av-1f3yu-07e1400ebceca9370d0740e940aa3ebb\">\n#top .av-special-heading.av-1f3yu-07e1400ebceca9370d0740e940aa3ebb{\npadding-bottom:10px;\n}\nbody .av-special-heading.av-1f3yu-07e1400ebceca9370d0740e940aa3ebb .av-special-heading-tag .heading-char{\nfont-size:25px;\n}\n.av-special-heading.av-1f3yu-07e1400ebceca9370d0740e940aa3ebb .av-subheading{\nfont-size:15px;\n}\n<\/style>\n<div  class='av-special-heading av-1f3yu-07e1400ebceca9370d0740e940aa3ebb av-special-heading-h3  avia-builder-el-12  el_after_av_textblock  el_before_av_textblock '><h3 class='av-special-heading-tag '  itemprop=\"headline\"  >XK 1275 &#8211; Rozsah pou\u017eit\u00ed<\/h3><div class=\"special-heading-border\"><div class=\"special-heading-inner-border\"><\/div><\/div><\/div><br \/>\n<section  class='av_textblock_section av-k3a8vy1i-c3eaba6a5673f57b0224f2a8c69b5209 '   itemscope=\"itemscope\" itemtype=\"https:\/\/schema.org\/CreativeWork\" ><div class='avia_textblock'  itemprop=\"text\" ><ul>\n<li>H\u0159\u00eddele n\u00e1pravy n\u00e1kladn\u00edch vozidel<\/li>\n<li>Hnac\u00ed h\u0159\u00eddele n\u00e1kladn\u00edch vozidel<\/li>\n<li>Velk\u00e9 komponenty pohonu pro stavebn\u00ed stroje nebo n\u00e1mo\u0159n\u00ed pr\u016fmysl<\/li>\n<\/ul>\n<\/div><\/section><br \/>\n\n<style type=\"text\/css\" data-created_by=\"avia_inline_auto\" id=\"style-css-av-ywpm-d098c7b1eb62b7f89dd56325aca70112\">\n#top .av-special-heading.av-ywpm-d098c7b1eb62b7f89dd56325aca70112{\npadding-bottom:10px;\n}\nbody .av-special-heading.av-ywpm-d098c7b1eb62b7f89dd56325aca70112 .av-special-heading-tag .heading-char{\nfont-size:25px;\n}\n.av-special-heading.av-ywpm-d098c7b1eb62b7f89dd56325aca70112 .av-subheading{\nfont-size:15px;\n}\n<\/style>\n<div  class='av-special-heading av-ywpm-d098c7b1eb62b7f89dd56325aca70112 av-special-heading-h3  avia-builder-el-14  el_after_av_textblock  el_before_av_textblock '><h3 class='av-special-heading-tag '  itemprop=\"headline\"  >Hlavn\u00ed v\u00fdhody<\/h3><div class=\"special-heading-border\"><div class=\"special-heading-inner-border\"><\/div><\/div><\/div><br \/>\n<section  class='av_textblock_section av-k3a8vy1i-c3eaba6a5673f57b0224f2a8c69b5209 '   itemscope=\"itemscope\" itemtype=\"https:\/\/schema.org\/CreativeWork\" ><div class='avia_textblock'  itemprop=\"text\" ><ul>\n<li>Vylep\u0161en\u00e1 tuhost a s\u00edly zpracov\u00e1n\u00ed<\/li>\n<li>D\u00e9lka obrobku a\u017e 5 m<\/li>\n<li>CNC \u0159\u00edzen\u00e9 osy obrobku a posuvu &#8211; energeticky efektivn\u00ed a kompaktn\u00ed<\/li>\n<li>Korekce chyby polohy pomoc\u00ed CNC \u0159\u00edzen\u00ed<\/li>\n<li>Interpolace osy X a Z v cyklu<\/li>\n<li>Zm\u011bna mno\u017estv\u00ed zub\u016f obrobku bez v\u00fdm\u011bny n\u00e1stroj\u016f<\/li>\n<li>Rychlost pojezdu lze naprogramovat individu\u00e1ln\u011b<\/li>\n<li>Optimalizovan\u00e9 zabezpe\u010den\u00ed stroje<\/li>\n<\/ul>\n<\/div><\/section><\/p><\/div><\/div><\/div><\/div><!-- close content main div --><\/div><\/div><div id='after_section_1'  class='main_color av_default_container_wrap container_wrap sidebar_right'  ><div class='container av-section-cont-open' ><div class='template-page content  av-content-small alpha units'><div class='post-entry post-entry-type-page post-entry-5576'><div class='entry-content-wrapper clearfix'>\n","protected":false},"excerpt":{"rendered":"","protected":false},"author":1,"featured_media":0,"parent":2449,"menu_order":944,"comment_status":"closed","ping_status":"closed","template":"","meta":{"footnotes":""},"class_list":["post-5576","page","type-page","status-publish","hentry"],"yoast_head":"<!-- This site is optimized with the Yoast SEO plugin v27.2 - https:\/\/yoast.com\/product\/yoast-seo-wordpress\/ -->\n<title>\u0158ada XK12 - OSG Ex-Cell-O<\/title>\n<meta name=\"robots\" content=\"index, follow, max-snippet:-1, max-image-preview:large, max-video-preview:-1\" \/>\n<link rel=\"canonical\" href=\"https:\/\/osg-excello.com\/cs\/stroje\/xk12-serie\/\" \/>\n<meta property=\"og:locale\" content=\"cs_CZ\" \/>\n<meta property=\"og:type\" content=\"article\" \/>\n<meta property=\"og:title\" content=\"\u0158ada XK12 - OSG Ex-Cell-O\" \/>\n<meta property=\"og:url\" content=\"https:\/\/osg-excello.com\/cs\/stroje\/xk12-serie\/\" \/>\n<meta property=\"og:site_name\" content=\"OSG Ex-Cell-O\" \/>\n<meta property=\"article:modified_time\" content=\"2021-05-25T12:45:51+00:00\" \/>\n<meta name=\"twitter:card\" content=\"summary_large_image\" \/>\n<meta name=\"twitter:label1\" content=\"Odhadovan\u00e1 doba \u010dten\u00ed\" \/>\n\t<meta name=\"twitter:data1\" content=\"7 minut\" \/>\n<script type=\"application\/ld+json\" class=\"yoast-schema-graph\">{\"@context\":\"https:\/\/schema.org\",\"@graph\":[{\"@type\":\"WebPage\",\"@id\":\"https:\/\/osg-excello.com\/cs\/stroje\/xk12-serie\/\",\"url\":\"https:\/\/osg-excello.com\/cs\/stroje\/xk12-serie\/\",\"name\":\"\u0158ada XK12 - OSG Ex-Cell-O\",\"isPartOf\":{\"@id\":\"https:\/\/osg-excello.com\/cs\/#website\"},\"datePublished\":\"2019-11-19T15:21:55+00:00\",\"dateModified\":\"2021-05-25T12:45:51+00:00\",\"breadcrumb\":{\"@id\":\"https:\/\/osg-excello.com\/cs\/stroje\/xk12-serie\/#breadcrumb\"},\"inLanguage\":\"cs\",\"potentialAction\":[{\"@type\":\"ReadAction\",\"target\":[\"https:\/\/osg-excello.com\/cs\/stroje\/xk12-serie\/\"]}]},{\"@type\":\"BreadcrumbList\",\"@id\":\"https:\/\/osg-excello.com\/cs\/stroje\/xk12-serie\/#breadcrumb\",\"itemListElement\":[{\"@type\":\"ListItem\",\"position\":1,\"name\":\"Startseite\",\"item\":\"https:\/\/osg-excello.com\/cs\/\"},{\"@type\":\"ListItem\",\"position\":2,\"name\":\"STROJE\",\"item\":\"https:\/\/osg-excello.com\/cs\/stroje\/\"},{\"@type\":\"ListItem\",\"position\":3,\"name\":\"\u0158ada XK12\"}]},{\"@type\":\"WebSite\",\"@id\":\"https:\/\/osg-excello.com\/cs\/#website\",\"url\":\"https:\/\/osg-excello.com\/cs\/\",\"name\":\"OSG Ex-Cell-O\",\"description\":\"\",\"publisher\":{\"@id\":\"https:\/\/osg-excello.com\/cs\/#organization\"},\"potentialAction\":[{\"@type\":\"SearchAction\",\"target\":{\"@type\":\"EntryPoint\",\"urlTemplate\":\"https:\/\/osg-excello.com\/cs\/?s={search_term_string}\"},\"query-input\":{\"@type\":\"PropertyValueSpecification\",\"valueRequired\":true,\"valueName\":\"search_term_string\"}}],\"inLanguage\":\"cs\"},{\"@type\":\"Organization\",\"@id\":\"https:\/\/osg-excello.com\/cs\/#organization\",\"name\":\"OSG Ex-Cell-O GmbH\",\"url\":\"https:\/\/osg-excello.com\/cs\/\",\"logo\":{\"@type\":\"ImageObject\",\"inLanguage\":\"cs\",\"@id\":\"https:\/\/osg-excello.com\/cs\/#\/schema\/logo\/image\/\",\"url\":\"https:\/\/osg-excello.com\/wp-content\/uploads\/2019\/11\/osg_excello_logo_final-2.png\",\"contentUrl\":\"https:\/\/osg-excello.com\/wp-content\/uploads\/2019\/11\/osg_excello_logo_final-2.png\",\"width\":514,\"height\":236,\"caption\":\"OSG Ex-Cell-O GmbH\"},\"image\":{\"@id\":\"https:\/\/osg-excello.com\/cs\/#\/schema\/logo\/image\/\"}}]}<\/script>\n<!-- \/ Yoast SEO plugin. -->","yoast_head_json":{"title":"\u0158ada XK12 - OSG Ex-Cell-O","robots":{"index":"index","follow":"follow","max-snippet":"max-snippet:-1","max-image-preview":"max-image-preview:large","max-video-preview":"max-video-preview:-1"},"canonical":"https:\/\/osg-excello.com\/cs\/stroje\/xk12-serie\/","og_locale":"cs_CZ","og_type":"article","og_title":"\u0158ada XK12 - OSG Ex-Cell-O","og_url":"https:\/\/osg-excello.com\/cs\/stroje\/xk12-serie\/","og_site_name":"OSG Ex-Cell-O","article_modified_time":"2021-05-25T12:45:51+00:00","twitter_card":"summary_large_image","twitter_misc":{"Odhadovan\u00e1 doba \u010dten\u00ed":"7 minut"},"schema":{"@context":"https:\/\/schema.org","@graph":[{"@type":"WebPage","@id":"https:\/\/osg-excello.com\/cs\/stroje\/xk12-serie\/","url":"https:\/\/osg-excello.com\/cs\/stroje\/xk12-serie\/","name":"\u0158ada XK12 - OSG Ex-Cell-O","isPartOf":{"@id":"https:\/\/osg-excello.com\/cs\/#website"},"datePublished":"2019-11-19T15:21:55+00:00","dateModified":"2021-05-25T12:45:51+00:00","breadcrumb":{"@id":"https:\/\/osg-excello.com\/cs\/stroje\/xk12-serie\/#breadcrumb"},"inLanguage":"cs","potentialAction":[{"@type":"ReadAction","target":["https:\/\/osg-excello.com\/cs\/stroje\/xk12-serie\/"]}]},{"@type":"BreadcrumbList","@id":"https:\/\/osg-excello.com\/cs\/stroje\/xk12-serie\/#breadcrumb","itemListElement":[{"@type":"ListItem","position":1,"name":"Startseite","item":"https:\/\/osg-excello.com\/cs\/"},{"@type":"ListItem","position":2,"name":"STROJE","item":"https:\/\/osg-excello.com\/cs\/stroje\/"},{"@type":"ListItem","position":3,"name":"\u0158ada XK12"}]},{"@type":"WebSite","@id":"https:\/\/osg-excello.com\/cs\/#website","url":"https:\/\/osg-excello.com\/cs\/","name":"OSG Ex-Cell-O","description":"","publisher":{"@id":"https:\/\/osg-excello.com\/cs\/#organization"},"potentialAction":[{"@type":"SearchAction","target":{"@type":"EntryPoint","urlTemplate":"https:\/\/osg-excello.com\/cs\/?s={search_term_string}"},"query-input":{"@type":"PropertyValueSpecification","valueRequired":true,"valueName":"search_term_string"}}],"inLanguage":"cs"},{"@type":"Organization","@id":"https:\/\/osg-excello.com\/cs\/#organization","name":"OSG Ex-Cell-O GmbH","url":"https:\/\/osg-excello.com\/cs\/","logo":{"@type":"ImageObject","inLanguage":"cs","@id":"https:\/\/osg-excello.com\/cs\/#\/schema\/logo\/image\/","url":"https:\/\/osg-excello.com\/wp-content\/uploads\/2019\/11\/osg_excello_logo_final-2.png","contentUrl":"https:\/\/osg-excello.com\/wp-content\/uploads\/2019\/11\/osg_excello_logo_final-2.png","width":514,"height":236,"caption":"OSG Ex-Cell-O GmbH"},"image":{"@id":"https:\/\/osg-excello.com\/cs\/#\/schema\/logo\/image\/"}}]}},"_links":{"self":[{"href":"https:\/\/osg-excello.com\/cs\/wp-json\/wp\/v2\/pages\/5576","targetHints":{"allow":["GET"]}}],"collection":[{"href":"https:\/\/osg-excello.com\/cs\/wp-json\/wp\/v2\/pages"}],"about":[{"href":"https:\/\/osg-excello.com\/cs\/wp-json\/wp\/v2\/types\/page"}],"author":[{"embeddable":true,"href":"https:\/\/osg-excello.com\/cs\/wp-json\/wp\/v2\/users\/1"}],"replies":[{"embeddable":true,"href":"https:\/\/osg-excello.com\/cs\/wp-json\/wp\/v2\/comments?post=5576"}],"version-history":[{"count":5,"href":"https:\/\/osg-excello.com\/cs\/wp-json\/wp\/v2\/pages\/5576\/revisions"}],"predecessor-version":[{"id":5985,"href":"https:\/\/osg-excello.com\/cs\/wp-json\/wp\/v2\/pages\/5576\/revisions\/5985"}],"up":[{"embeddable":true,"href":"https:\/\/osg-excello.com\/cs\/wp-json\/wp\/v2\/pages\/2449"}],"wp:attachment":[{"href":"https:\/\/osg-excello.com\/cs\/wp-json\/wp\/v2\/media?parent=5576"}],"curies":[{"name":"wp","href":"https:\/\/api.w.org\/{rel}","templated":true}]}}