{"id":6020,"date":"2019-11-19T16:21:55","date_gmt":"2019-11-19T15:21:55","guid":{"rendered":"https:\/\/osg-excello.com\/stroje\/maschinen-retoolings-umbauten-oder-ueberholungen\/"},"modified":"2021-05-26T08:39:18","modified_gmt":"2021-05-26T06:39:18","slug":"maschinen-retoolings-umbauten-oder-ueberholungen","status":"publish","type":"page","link":"https:\/\/osg-excello.com\/cs\/stroje\/maschinen-retoolings-umbauten-oder-ueberholungen\/","title":{"rendered":"P\u0159estavby, rekonstrukce nebo p\u0159estavby"},"content":{"rendered":"\n<style type=\"text\/css\" data-created_by=\"avia_inline_auto\" id=\"style-css-av-807no-33a4a38e5e0d5dea70cde682a9dc653a\">\n.flex_column.av-807no-33a4a38e5e0d5dea70cde682a9dc653a{\nborder-radius:0px 0px 0px 0px;\npadding:25px 0px 0px 0px;\n}\n<\/style>\n<div  class='flex_column av-807no-33a4a38e5e0d5dea70cde682a9dc653a av_one_full  avia-builder-el-0  el_before_av_hr  avia-builder-el-first  first flex_column_div  '     ><style type=\"text\/css\" data-created_by=\"avia_inline_auto\" id=\"style-css-av-k3em054k-5b968e1078e6d2b73baaf8775909fedc\">\n#top .av-special-heading.av-k3em054k-5b968e1078e6d2b73baaf8775909fedc{\npadding-bottom:10px;\n}\nbody .av-special-heading.av-k3em054k-5b968e1078e6d2b73baaf8775909fedc .av-special-heading-tag .heading-char{\nfont-size:25px;\n}\n.av-special-heading.av-k3em054k-5b968e1078e6d2b73baaf8775909fedc .av-subheading{\nfont-size:15px;\n}\n<\/style>\n<div  class='av-special-heading av-k3em054k-5b968e1078e6d2b73baaf8775909fedc av-special-heading-h1 blockquote modern-quote modern-centered  avia-builder-el-1  avia-builder-el-no-sibling '><h1 class='av-special-heading-tag '  itemprop=\"headline\"  >Stroje na p\u0159estavov\u00e1n\u00ed, p\u0159estavby nebo gener\u00e1ln\u00ed opravy<\/h1><div class=\"special-heading-border\"><div class=\"special-heading-inner-border\"><\/div><\/div><\/div><\/div>\n<style type=\"text\/css\" data-created_by=\"avia_inline_auto\" id=\"style-css-av-k363cjsl-6c3a36cc1ad2d24930cc419f13ab6bc6\">\n#top .hr.av-k363cjsl-6c3a36cc1ad2d24930cc419f13ab6bc6{\nmargin-top:0px;\nmargin-bottom:30px;\n}\n.hr.av-k363cjsl-6c3a36cc1ad2d24930cc419f13ab6bc6 .hr-inner{\nwidth:30%;\nborder-color:#e8e8e8;\nmax-width:45%;\n}\n.hr.av-k363cjsl-6c3a36cc1ad2d24930cc419f13ab6bc6 .av-seperator-icon{\ncolor:#e8e8e8;\n}\n.hr.av-k363cjsl-6c3a36cc1ad2d24930cc419f13ab6bc6 .av-seperator-icon.avia-svg-icon svg:first-child{\nfill:#e8e8e8;\nstroke:#e8e8e8;\n}\n<\/style>\n<div  class='hr av-k363cjsl-6c3a36cc1ad2d24930cc419f13ab6bc6 hr-custom  avia-builder-el-2  el_after_av_one_full  el_before_av_section  avia-builder-el-last  hr-center hr-icon-yes'><span class='hr-inner inner-border-av-border-thin'><span class=\"hr-inner-style\"><\/span><\/span><span class='av-seperator-icon avia-iconfont avia-font-entypo-fontello' data-av_icon='\ue898' data-av_iconfont='entypo-fontello' ><\/span><span class='hr-inner inner-border-av-border-thin'><span class=\"hr-inner-style\"><\/span><\/span><\/div><\/p>\n<\/div><\/div><\/div><!-- close content main div --><\/div><\/div>\n<style type=\"text\/css\" data-created_by=\"avia_inline_auto\" id=\"style-css-av-k3647wxa-14f501a09e84162727fa6ec184c7a00c\">\n.avia-section.av-k3647wxa-14f501a09e84162727fa6ec184c7a00c{\nmargin-top:0px;\nmargin-bottom:100px;\n}\n<\/style>\n<div id='av_section_1'  class='avia-section av-k3647wxa-14f501a09e84162727fa6ec184c7a00c main_color avia-section-no-padding avia-no-border-styling  avia-builder-el-3  el_after_av_hr  avia-builder-el-last  avia-bg-style-scroll container_wrap sidebar_right'  ><div class='container av-section-cont-open' ><div class='template-page content  av-content-small alpha units'><div class='post-entry post-entry-type-page post-entry-6020'><div class='entry-content-wrapper clearfix'>\n\n<style type=\"text\/css\" data-created_by=\"avia_inline_auto\" id=\"style-css-av-7nzzw-2c1641dce56e8229eb55335a5a6ec76f\">\n.flex_column.av-7nzzw-2c1641dce56e8229eb55335a5a6ec76f{\nborder-radius:0px 0px 0px 0px;\npadding:0px 0px 0px 0px;\n}\n<\/style>\n<div  class='flex_column av-7nzzw-2c1641dce56e8229eb55335a5a6ec76f av_one_third  avia-builder-el-4  el_before_av_one_third  avia-builder-el-first  first flex_column_div av-animated-generic bottom-to-top av-zero-column-padding  '     ><style type=\"text\/css\" data-created_by=\"avia_inline_auto\" id=\"style-css-av-k3conupj-9be6f384e7a0b232add20bd3435416b4\">\n.avia-image-container.av-k3conupj-9be6f384e7a0b232add20bd3435416b4 img.avia_image{\nbox-shadow:none;\n}\n.avia-image-container.av-k3conupj-9be6f384e7a0b232add20bd3435416b4 .av-image-caption-overlay-center{\ncolor:#ffffff;\n}\n<\/style>\n<div  class='avia-image-container av-k3conupj-9be6f384e7a0b232add20bd3435416b4 av-styling- av-hover-grow av-hide-overflow av-img-linked avia-align-left  avia-builder-el-5  avia-builder-el-no-sibling '   itemprop=\"image\" itemscope=\"itemscope\" itemtype=\"https:\/\/schema.org\/ImageObject\" ><div class=\"avia-image-container-inner\"><div class=\"avia-image-overlay-wrap\"><a href=\"https:\/\/osg-excello.com\/wp-content\/uploads\/2019\/11\/retooling_Vorher-1.jpg\" data-srcset=\"https:\/\/osg-excello.com\/wp-content\/uploads\/2019\/11\/retooling_Vorher-1.jpg 1280w, https:\/\/osg-excello.com\/wp-content\/uploads\/2019\/11\/retooling_Vorher-1-768x515.jpg 768w, https:\/\/osg-excello.com\/wp-content\/uploads\/2019\/11\/retooling_Vorher-1-705x473.jpg 705w\" data-sizes=\"(max-width: 1280px) 100vw, 1280px\" class='avia_image '  aria-label='retooling_Vorher'><img decoding=\"async\" fetchpriority=\"high\" class='wp-image-6034 avia-img-lazy-loading-not-6034 avia_image ' src=\"https:\/\/osg-excello.com\/wp-content\/uploads\/2019\/11\/retooling_Vorher-1.jpg\" alt='' title='retooling_Vorher'  height=\"858\" width=\"1280\"  itemprop=\"thumbnailUrl\" srcset=\"https:\/\/osg-excello.com\/wp-content\/uploads\/2019\/11\/retooling_Vorher-1.jpg 1280w, https:\/\/osg-excello.com\/wp-content\/uploads\/2019\/11\/retooling_Vorher-1-768x515.jpg 768w, https:\/\/osg-excello.com\/wp-content\/uploads\/2019\/11\/retooling_Vorher-1-705x473.jpg 705w\" sizes=\"(max-width: 1280px) 100vw, 1280px\" \/><\/a><\/div><\/div><\/div><\/div>\n<style type=\"text\/css\" data-created_by=\"avia_inline_auto\" id=\"style-css-av-7nzzw-47ef4b95d16ddc52afc9d03e4ee84fbc\">\n.flex_column.av-7nzzw-47ef4b95d16ddc52afc9d03e4ee84fbc{\nborder-radius:0px 0px 0px 0px;\npadding:0px 0px 0px 0px;\n}\n<\/style>\n<div  class='flex_column av-7nzzw-47ef4b95d16ddc52afc9d03e4ee84fbc av_one_third  avia-builder-el-6  el_after_av_one_third  el_before_av_one_third  flex_column_div av-animated-generic bottom-to-top av-zero-column-padding  '     ><style type=\"text\/css\" data-created_by=\"avia_inline_auto\" id=\"style-css-av-k3conupj-b8aada88e698b51ff75d26666cc74235\">\n.avia-image-container.av-k3conupj-b8aada88e698b51ff75d26666cc74235 img.avia_image{\nbox-shadow:none;\n}\n.avia-image-container.av-k3conupj-b8aada88e698b51ff75d26666cc74235 .av-image-caption-overlay-center{\ncolor:#ffffff;\n}\n<\/style>\n<div  class='avia-image-container av-k3conupj-b8aada88e698b51ff75d26666cc74235 av-styling- av-hover-grow av-hide-overflow av-img-linked avia-align-left  avia-builder-el-7  avia-builder-el-no-sibling '   itemprop=\"image\" itemscope=\"itemscope\" itemtype=\"https:\/\/schema.org\/ImageObject\" ><div class=\"avia-image-container-inner\"><div class=\"avia-image-overlay-wrap\"><a href=\"https:\/\/osg-excello.com\/wp-content\/uploads\/2019\/11\/retooling_Nachher.jpg\" data-srcset=\"https:\/\/osg-excello.com\/wp-content\/uploads\/2019\/11\/retooling_Nachher.jpg 1280w, https:\/\/osg-excello.com\/wp-content\/uploads\/2019\/11\/retooling_Nachher-768x515.jpg 768w, https:\/\/osg-excello.com\/wp-content\/uploads\/2019\/11\/retooling_Nachher-705x473.jpg 705w\" data-sizes=\"(max-width: 1280px) 100vw, 1280px\" class='avia_image '  aria-label='retooling_Nachher'><img decoding=\"async\" fetchpriority=\"high\" class='wp-image-6033 avia-img-lazy-loading-not-6033 avia_image ' src=\"https:\/\/osg-excello.com\/wp-content\/uploads\/2019\/11\/retooling_Nachher.jpg\" alt='' title='retooling_Nachher'  height=\"858\" width=\"1280\"  itemprop=\"thumbnailUrl\" srcset=\"https:\/\/osg-excello.com\/wp-content\/uploads\/2019\/11\/retooling_Nachher.jpg 1280w, https:\/\/osg-excello.com\/wp-content\/uploads\/2019\/11\/retooling_Nachher-768x515.jpg 768w, https:\/\/osg-excello.com\/wp-content\/uploads\/2019\/11\/retooling_Nachher-705x473.jpg 705w\" sizes=\"(max-width: 1280px) 100vw, 1280px\" \/><\/a><\/div><\/div><\/div><\/div>\n<style type=\"text\/css\" data-created_by=\"avia_inline_auto\" id=\"style-css-av-7nzzw-47ef4b95d16ddc52afc9d03e4ee84fbc\">\n.flex_column.av-7nzzw-47ef4b95d16ddc52afc9d03e4ee84fbc{\nborder-radius:0px 0px 0px 0px;\npadding:0px 0px 0px 0px;\n}\n<\/style>\n<div  class='flex_column av-7nzzw-47ef4b95d16ddc52afc9d03e4ee84fbc av_one_third  avia-builder-el-8  el_after_av_one_third  avia-builder-el-last  flex_column_div av-animated-generic bottom-to-top av-zero-column-padding  '     ><p>\n<style type=\"text\/css\" data-created_by=\"avia_inline_auto\" id=\"style-css-av-k3em0e8s-649d2a998e4a7fc8ebae610902541525\">\n#top .av-special-heading.av-k3em0e8s-649d2a998e4a7fc8ebae610902541525{\npadding-bottom:10px;\n}\nbody .av-special-heading.av-k3em0e8s-649d2a998e4a7fc8ebae610902541525 .av-special-heading-tag .heading-char{\nfont-size:25px;\n}\n.av-special-heading.av-k3em0e8s-649d2a998e4a7fc8ebae610902541525 .av-subheading{\nfont-size:15px;\n}\n<\/style>\n<div  class='av-special-heading av-k3em0e8s-649d2a998e4a7fc8ebae610902541525 av-special-heading-h3  avia-builder-el-9  el_before_av_textblock  avia-builder-el-first '><h3 class='av-special-heading-tag '  itemprop=\"headline\"  >Stroje na p\u0159estavov\u00e1n\u00ed, p\u0159estavby nebo gener\u00e1ln\u00ed opravy<\/h3><div class=\"special-heading-border\"><div class=\"special-heading-inner-border\"><\/div><\/div><\/div><br \/>\n<section  class='av_textblock_section av-k3a8vy1i-c3eaba6a5673f57b0224f2a8c69b5209 '   itemscope=\"itemscope\" itemtype=\"https:\/\/schema.org\/CreativeWork\" ><div class='avia_textblock'  itemprop=\"text\" ><p>A\u0165 u\u017e pro v\u00e1\u0161 nov\u00fd CNC stroj, nebo pro ROTOFLO z roku 1970 &#8211; na\u0161e know-how pokr\u00fdv\u00e1 celou historii EX-CELL-O. Porad\u00edme v\u00e1m, co je nutn\u00e9, aby v\u00e1\u0161 nov\u00fd obrobek mohl b\u00fdt vyroben na va\u0161em st\u00e1vaj\u00edc\u00edm stroji.<\/p>\n<\/div><\/section><br \/>\n\n<style type=\"text\/css\" data-created_by=\"avia_inline_auto\" id=\"style-css-av-k3em0e8s-d687380d2c90c460e7f924e2435da5e7\">\n#top .av-special-heading.av-k3em0e8s-d687380d2c90c460e7f924e2435da5e7{\npadding-bottom:10px;\n}\nbody .av-special-heading.av-k3em0e8s-d687380d2c90c460e7f924e2435da5e7 .av-special-heading-tag .heading-char{\nfont-size:25px;\n}\n.av-special-heading.av-k3em0e8s-d687380d2c90c460e7f924e2435da5e7 .av-subheading{\nfont-size:15px;\n}\n<\/style>\n<div  class='av-special-heading av-k3em0e8s-d687380d2c90c460e7f924e2435da5e7 av-special-heading-h3  avia-builder-el-11  el_after_av_textblock  el_before_av_textblock '><h3 class='av-special-heading-tag '  itemprop=\"headline\"  >Od n\u00e1s z\u00edsk\u00e1te jako kompletn\u00ed bal\u00ed\u010dek:<\/h3><div class=\"special-heading-border\"><div class=\"special-heading-inner-border\"><\/div><\/div><\/div><br \/>\n<section  class='av_textblock_section av-k3a8vy1i-c3eaba6a5673f57b0224f2a8c69b5209 '   itemscope=\"itemscope\" itemtype=\"https:\/\/schema.org\/CreativeWork\" ><div class='avia_textblock'  itemprop=\"text\" ><p><strong>V\u00fdm\u011bnu n\u00e1stroj\u016f<\/strong><\/p>\n<ul>\n<li>Na st\u00e1vaj\u00edc\u00edm stroji budete schopni v\u00fdroby nov\u00e9ho v\u00fdrobku.<\/li>\n<li>Zkonstruujeme a vyrob\u00edme dodate\u010dnou v\u00fdbavu nutnou pro Va\u0161e v\u00fdrobky v\u010detn\u011b programov\u00e9ho vybaven\u00ed.<\/li>\n<\/ul>\n<p><strong>P\u0159estavby stroj\u016f<\/strong><\/p>\n<ul>\n<li>Nov\u00e1 up\u00ednac\u00ed za\u0159\u00edzen\u00ed, v p\u0159\u00edpad\u011b pot\u0159eby nov\u00e9 uspo\u0159\u00e1d\u00e1n\u00ed proces\u016f.<\/li>\n<li>Zautomatizujeme v\u00e1\u0161 ru\u010dn\u011b ovl\u00e1dan\u00fd stroj.<\/li>\n<\/ul>\n<p><strong>Opravy stroj\u016f<\/strong><\/p>\n<ul>\n<li>\u010c\u00e1ste\u010dn\u00e9 nebo \u00fapln\u00e9 mechanick\u00e9 opravy.<\/li>\n<li>Kompletn\u00ed opravy v\u010detn\u011b nov\u00e9ho elektrick\u00e9ho za\u0159\u00edzen\u00ed a zabezpe\u010den\u00ed.<\/li>\n<\/ul>\n<\/div><\/section><\/p><\/div><\/div><\/div><\/div><!-- close content main div --><\/div><\/div><div id='after_section_1'  class='main_color av_default_container_wrap container_wrap sidebar_right'  ><div class='container av-section-cont-open' ><div class='template-page content  av-content-small alpha units'><div class='post-entry post-entry-type-page post-entry-6020'><div class='entry-content-wrapper clearfix'>\n","protected":false},"excerpt":{"rendered":"","protected":false},"author":1,"featured_media":0,"parent":2449,"menu_order":945,"comment_status":"closed","ping_status":"closed","template":"","meta":{"footnotes":""},"class_list":["post-6020","page","type-page","status-publish","hentry"],"yoast_head":"<!-- This site is optimized with the Yoast SEO plugin v27.2 - https:\/\/yoast.com\/product\/yoast-seo-wordpress\/ -->\n<title>P\u0159estavby, rekonstrukce nebo p\u0159estavby - OSG Ex-Cell-O<\/title>\n<meta name=\"robots\" content=\"index, follow, max-snippet:-1, max-image-preview:large, max-video-preview:-1\" \/>\n<link rel=\"canonical\" href=\"https:\/\/osg-excello.com\/cs\/stroje\/maschinen-retoolings-umbauten-oder-ueberholungen\/\" \/>\n<meta property=\"og:locale\" content=\"cs_CZ\" \/>\n<meta property=\"og:type\" content=\"article\" \/>\n<meta property=\"og:title\" content=\"P\u0159estavby, rekonstrukce nebo p\u0159estavby - OSG Ex-Cell-O\" \/>\n<meta property=\"og:url\" content=\"https:\/\/osg-excello.com\/cs\/stroje\/maschinen-retoolings-umbauten-oder-ueberholungen\/\" \/>\n<meta property=\"og:site_name\" content=\"OSG Ex-Cell-O\" \/>\n<meta property=\"article:modified_time\" content=\"2021-05-26T06:39:18+00:00\" \/>\n<meta name=\"twitter:card\" content=\"summary_large_image\" \/>\n<meta name=\"twitter:label1\" content=\"Odhadovan\u00e1 doba \u010dten\u00ed\" \/>\n\t<meta name=\"twitter:data1\" content=\"6 minut\" \/>\n<script type=\"application\/ld+json\" class=\"yoast-schema-graph\">{\"@context\":\"https:\/\/schema.org\",\"@graph\":[{\"@type\":\"WebPage\",\"@id\":\"https:\/\/osg-excello.com\/cs\/stroje\/maschinen-retoolings-umbauten-oder-ueberholungen\/\",\"url\":\"https:\/\/osg-excello.com\/cs\/stroje\/maschinen-retoolings-umbauten-oder-ueberholungen\/\",\"name\":\"P\u0159estavby, rekonstrukce nebo p\u0159estavby - OSG Ex-Cell-O\",\"isPartOf\":{\"@id\":\"https:\/\/osg-excello.com\/cs\/#website\"},\"datePublished\":\"2019-11-19T15:21:55+00:00\",\"dateModified\":\"2021-05-26T06:39:18+00:00\",\"breadcrumb\":{\"@id\":\"https:\/\/osg-excello.com\/cs\/stroje\/maschinen-retoolings-umbauten-oder-ueberholungen\/#breadcrumb\"},\"inLanguage\":\"cs\",\"potentialAction\":[{\"@type\":\"ReadAction\",\"target\":[\"https:\/\/osg-excello.com\/cs\/stroje\/maschinen-retoolings-umbauten-oder-ueberholungen\/\"]}]},{\"@type\":\"BreadcrumbList\",\"@id\":\"https:\/\/osg-excello.com\/cs\/stroje\/maschinen-retoolings-umbauten-oder-ueberholungen\/#breadcrumb\",\"itemListElement\":[{\"@type\":\"ListItem\",\"position\":1,\"name\":\"Startseite\",\"item\":\"https:\/\/osg-excello.com\/cs\/\"},{\"@type\":\"ListItem\",\"position\":2,\"name\":\"STROJE\",\"item\":\"https:\/\/osg-excello.com\/cs\/stroje\/\"},{\"@type\":\"ListItem\",\"position\":3,\"name\":\"P\u0159estavby, rekonstrukce nebo p\u0159estavby\"}]},{\"@type\":\"WebSite\",\"@id\":\"https:\/\/osg-excello.com\/cs\/#website\",\"url\":\"https:\/\/osg-excello.com\/cs\/\",\"name\":\"OSG Ex-Cell-O\",\"description\":\"\",\"publisher\":{\"@id\":\"https:\/\/osg-excello.com\/cs\/#organization\"},\"potentialAction\":[{\"@type\":\"SearchAction\",\"target\":{\"@type\":\"EntryPoint\",\"urlTemplate\":\"https:\/\/osg-excello.com\/cs\/?s={search_term_string}\"},\"query-input\":{\"@type\":\"PropertyValueSpecification\",\"valueRequired\":true,\"valueName\":\"search_term_string\"}}],\"inLanguage\":\"cs\"},{\"@type\":\"Organization\",\"@id\":\"https:\/\/osg-excello.com\/cs\/#organization\",\"name\":\"OSG Ex-Cell-O GmbH\",\"url\":\"https:\/\/osg-excello.com\/cs\/\",\"logo\":{\"@type\":\"ImageObject\",\"inLanguage\":\"cs\",\"@id\":\"https:\/\/osg-excello.com\/cs\/#\/schema\/logo\/image\/\",\"url\":\"https:\/\/osg-excello.com\/wp-content\/uploads\/2019\/11\/osg_excello_logo_final-2.png\",\"contentUrl\":\"https:\/\/osg-excello.com\/wp-content\/uploads\/2019\/11\/osg_excello_logo_final-2.png\",\"width\":514,\"height\":236,\"caption\":\"OSG Ex-Cell-O GmbH\"},\"image\":{\"@id\":\"https:\/\/osg-excello.com\/cs\/#\/schema\/logo\/image\/\"}}]}<\/script>\n<!-- \/ Yoast SEO plugin. -->","yoast_head_json":{"title":"P\u0159estavby, rekonstrukce nebo p\u0159estavby - OSG Ex-Cell-O","robots":{"index":"index","follow":"follow","max-snippet":"max-snippet:-1","max-image-preview":"max-image-preview:large","max-video-preview":"max-video-preview:-1"},"canonical":"https:\/\/osg-excello.com\/cs\/stroje\/maschinen-retoolings-umbauten-oder-ueberholungen\/","og_locale":"cs_CZ","og_type":"article","og_title":"P\u0159estavby, rekonstrukce nebo p\u0159estavby - OSG Ex-Cell-O","og_url":"https:\/\/osg-excello.com\/cs\/stroje\/maschinen-retoolings-umbauten-oder-ueberholungen\/","og_site_name":"OSG Ex-Cell-O","article_modified_time":"2021-05-26T06:39:18+00:00","twitter_card":"summary_large_image","twitter_misc":{"Odhadovan\u00e1 doba \u010dten\u00ed":"6 minut"},"schema":{"@context":"https:\/\/schema.org","@graph":[{"@type":"WebPage","@id":"https:\/\/osg-excello.com\/cs\/stroje\/maschinen-retoolings-umbauten-oder-ueberholungen\/","url":"https:\/\/osg-excello.com\/cs\/stroje\/maschinen-retoolings-umbauten-oder-ueberholungen\/","name":"P\u0159estavby, rekonstrukce nebo p\u0159estavby - OSG Ex-Cell-O","isPartOf":{"@id":"https:\/\/osg-excello.com\/cs\/#website"},"datePublished":"2019-11-19T15:21:55+00:00","dateModified":"2021-05-26T06:39:18+00:00","breadcrumb":{"@id":"https:\/\/osg-excello.com\/cs\/stroje\/maschinen-retoolings-umbauten-oder-ueberholungen\/#breadcrumb"},"inLanguage":"cs","potentialAction":[{"@type":"ReadAction","target":["https:\/\/osg-excello.com\/cs\/stroje\/maschinen-retoolings-umbauten-oder-ueberholungen\/"]}]},{"@type":"BreadcrumbList","@id":"https:\/\/osg-excello.com\/cs\/stroje\/maschinen-retoolings-umbauten-oder-ueberholungen\/#breadcrumb","itemListElement":[{"@type":"ListItem","position":1,"name":"Startseite","item":"https:\/\/osg-excello.com\/cs\/"},{"@type":"ListItem","position":2,"name":"STROJE","item":"https:\/\/osg-excello.com\/cs\/stroje\/"},{"@type":"ListItem","position":3,"name":"P\u0159estavby, rekonstrukce nebo p\u0159estavby"}]},{"@type":"WebSite","@id":"https:\/\/osg-excello.com\/cs\/#website","url":"https:\/\/osg-excello.com\/cs\/","name":"OSG Ex-Cell-O","description":"","publisher":{"@id":"https:\/\/osg-excello.com\/cs\/#organization"},"potentialAction":[{"@type":"SearchAction","target":{"@type":"EntryPoint","urlTemplate":"https:\/\/osg-excello.com\/cs\/?s={search_term_string}"},"query-input":{"@type":"PropertyValueSpecification","valueRequired":true,"valueName":"search_term_string"}}],"inLanguage":"cs"},{"@type":"Organization","@id":"https:\/\/osg-excello.com\/cs\/#organization","name":"OSG Ex-Cell-O GmbH","url":"https:\/\/osg-excello.com\/cs\/","logo":{"@type":"ImageObject","inLanguage":"cs","@id":"https:\/\/osg-excello.com\/cs\/#\/schema\/logo\/image\/","url":"https:\/\/osg-excello.com\/wp-content\/uploads\/2019\/11\/osg_excello_logo_final-2.png","contentUrl":"https:\/\/osg-excello.com\/wp-content\/uploads\/2019\/11\/osg_excello_logo_final-2.png","width":514,"height":236,"caption":"OSG Ex-Cell-O GmbH"},"image":{"@id":"https:\/\/osg-excello.com\/cs\/#\/schema\/logo\/image\/"}}]}},"_links":{"self":[{"href":"https:\/\/osg-excello.com\/cs\/wp-json\/wp\/v2\/pages\/6020","targetHints":{"allow":["GET"]}}],"collection":[{"href":"https:\/\/osg-excello.com\/cs\/wp-json\/wp\/v2\/pages"}],"about":[{"href":"https:\/\/osg-excello.com\/cs\/wp-json\/wp\/v2\/types\/page"}],"author":[{"embeddable":true,"href":"https:\/\/osg-excello.com\/cs\/wp-json\/wp\/v2\/users\/1"}],"replies":[{"embeddable":true,"href":"https:\/\/osg-excello.com\/cs\/wp-json\/wp\/v2\/comments?post=6020"}],"version-history":[{"count":5,"href":"https:\/\/osg-excello.com\/cs\/wp-json\/wp\/v2\/pages\/6020\/revisions"}],"predecessor-version":[{"id":6108,"href":"https:\/\/osg-excello.com\/cs\/wp-json\/wp\/v2\/pages\/6020\/revisions\/6108"}],"up":[{"embeddable":true,"href":"https:\/\/osg-excello.com\/cs\/wp-json\/wp\/v2\/pages\/2449"}],"wp:attachment":[{"href":"https:\/\/osg-excello.com\/cs\/wp-json\/wp\/v2\/media?parent=6020"}],"curies":[{"name":"wp","href":"https:\/\/api.w.org\/{rel}","templated":true}]}}