{"id":6144,"date":"2019-11-19T16:09:05","date_gmt":"2019-11-19T15:09:05","guid":{"rendered":"https:\/\/osg-excello.com\/inovace\/hoehere-verzahnungsqualitaet-durch-vorhalten-des-verzugs-aus-der-waermebehandlung\/"},"modified":"2021-05-26T09:21:57","modified_gmt":"2021-05-26T07:21:57","slug":"hoehere-verzahnungsqualitaet-durch-vorhalten-des-verzugs-aus-der-waermebehandlung","status":"publish","type":"page","link":"https:\/\/osg-excello.com\/cs\/inovace\/hoehere-verzahnungsqualitaet-durch-vorhalten-des-verzugs-aus-der-waermebehandlung\/","title":{"rendered":"Zlep\u0161en\u00e1 kvalita dr\u00e1\u017ekov\u00e1n\u00ed d\u00edky p\u0159edb\u011b\u017en\u00e9mu nastaven\u00ed odchylek p\u0159i tepeln\u00e9m zpracov\u00e1n\u00ed"},"content":{"rendered":"\n<style type=\"text\/css\" data-created_by=\"avia_inline_auto\" id=\"style-css-av-807no-33a4a38e5e0d5dea70cde682a9dc653a\">\n.flex_column.av-807no-33a4a38e5e0d5dea70cde682a9dc653a{\nborder-radius:0px 0px 0px 0px;\npadding:25px 0px 0px 0px;\n}\n<\/style>\n<div  class='flex_column av-807no-33a4a38e5e0d5dea70cde682a9dc653a av_one_full  avia-builder-el-0  el_before_av_hr  avia-builder-el-first  first flex_column_div  '     ><style type=\"text\/css\" data-created_by=\"avia_inline_auto\" id=\"style-css-av-k3edhkkl-9547955897f675556119810119254c27\">\n#top .av-special-heading.av-k3edhkkl-9547955897f675556119810119254c27{\npadding-bottom:10px;\n}\nbody .av-special-heading.av-k3edhkkl-9547955897f675556119810119254c27 .av-special-heading-tag .heading-char{\nfont-size:25px;\n}\n.av-special-heading.av-k3edhkkl-9547955897f675556119810119254c27 .av-subheading{\nfont-size:15px;\n}\n<\/style>\n<div  class='av-special-heading av-k3edhkkl-9547955897f675556119810119254c27 av-special-heading-h1 blockquote modern-quote modern-centered  avia-builder-el-1  avia-builder-el-no-sibling '><h1 class='av-special-heading-tag '  itemprop=\"headline\"  >Zlep\u0161en\u00e1 kvalita dr\u00e1\u017ekov\u00e1n\u00ed d\u00edky p\u0159edb\u011b\u017en\u00e9mu nastaven\u00ed odchylek p\u0159i tepeln\u00e9m zpracov\u00e1n\u00ed<\/h1><div class=\"special-heading-border\"><div class=\"special-heading-inner-border\"><\/div><\/div><\/div><\/div>\n<style type=\"text\/css\" data-created_by=\"avia_inline_auto\" id=\"style-css-av-k363cjsl-6c3a36cc1ad2d24930cc419f13ab6bc6\">\n#top .hr.av-k363cjsl-6c3a36cc1ad2d24930cc419f13ab6bc6{\nmargin-top:0px;\nmargin-bottom:30px;\n}\n.hr.av-k363cjsl-6c3a36cc1ad2d24930cc419f13ab6bc6 .hr-inner{\nwidth:30%;\nborder-color:#e8e8e8;\nmax-width:45%;\n}\n.hr.av-k363cjsl-6c3a36cc1ad2d24930cc419f13ab6bc6 .av-seperator-icon{\ncolor:#e8e8e8;\n}\n.hr.av-k363cjsl-6c3a36cc1ad2d24930cc419f13ab6bc6 .av-seperator-icon.avia-svg-icon svg:first-child{\nfill:#e8e8e8;\nstroke:#e8e8e8;\n}\n<\/style>\n<div  class='hr av-k363cjsl-6c3a36cc1ad2d24930cc419f13ab6bc6 hr-custom  avia-builder-el-2  el_after_av_one_full  el_before_av_section  avia-builder-el-last  hr-center hr-icon-yes'><span class='hr-inner inner-border-av-border-thin'><span class=\"hr-inner-style\"><\/span><\/span><span class='av-seperator-icon avia-iconfont avia-font-entypo-fontello' data-av_icon='\ue898' data-av_iconfont='entypo-fontello' ><\/span><span class='hr-inner inner-border-av-border-thin'><span class=\"hr-inner-style\"><\/span><\/span><\/div><\/p>\n<\/div><\/div><\/div><!-- close content main div --><\/div><\/div>\n<style type=\"text\/css\" data-created_by=\"avia_inline_auto\" id=\"style-css-av-k3647wxa-14f501a09e84162727fa6ec184c7a00c\">\n.avia-section.av-k3647wxa-14f501a09e84162727fa6ec184c7a00c{\nmargin-top:0px;\nmargin-bottom:100px;\n}\n<\/style>\n<div id='av_section_1'  class='avia-section av-k3647wxa-14f501a09e84162727fa6ec184c7a00c main_color avia-section-no-padding avia-no-border-styling  avia-builder-el-3  el_after_av_hr  avia-builder-el-last  avia-bg-style-scroll container_wrap sidebar_right'  ><div class='container av-section-cont-open' ><div class='template-page content  av-content-small alpha units'><div class='post-entry post-entry-type-page post-entry-6144'><div class='entry-content-wrapper clearfix'>\n\n<style type=\"text\/css\" data-created_by=\"avia_inline_auto\" id=\"style-css-av-7nzzw-2c1641dce56e8229eb55335a5a6ec76f\">\n.flex_column.av-7nzzw-2c1641dce56e8229eb55335a5a6ec76f{\nborder-radius:0px 0px 0px 0px;\npadding:0px 0px 0px 0px;\n}\n<\/style>\n<div  class='flex_column av-7nzzw-2c1641dce56e8229eb55335a5a6ec76f av_two_third  avia-builder-el-4  el_before_av_one_third  avia-builder-el-first  first flex_column_div av-animated-generic bottom-to-top av-zero-column-padding  '     ><section  class='av_textblock_section av-k3a8vy1i-c3eaba6a5673f57b0224f2a8c69b5209 '   itemscope=\"itemscope\" itemtype=\"https:\/\/schema.org\/CreativeWork\" ><div class='avia_textblock'  itemprop=\"text\" ><p class=\"p1\">Evolventn\u00ed dr\u00e1\u017ekov\u00e1n\u00ed lze extr\u00e9mn\u011b p\u0159esn\u011b vyr\u00e1b\u011bt v m\u011bkk\u00e9m procesu s \u0161irokou \u0161k\u00e1lou tv\u00e1\u0159ec\u00edch proces\u016f. P\u0159i n\u00e1sledn\u00e9m tepeln\u00e9m zpracov\u00e1n\u00ed v\u0161ak doch\u00e1z\u00ed k deformac\u00edm, kter\u00e9 vede k v\u00fdrazn\u011b ni\u017e\u0161\u00edm kvalit\u00e1m nebo dokonce vede k vy\u0159azen\u00ed v\u00fdrobku.<\/p>\n<ul>\n<li><span class=\"s1\"><span class=\"Apple-converted-space\">D\u016fvody t\u011bchto zpo\u017ed\u011bn\u00ed jsou v\u011bt\u0161inou r\u016fzn\u00e9. Rozd\u00edly v d\u00e1vk\u00e1ch materi\u00e1lu, kalic\u00ed a popo\u0161t\u011bc\u00ed k\u0159ivky souvisej\u00edc\u00ed s komponenty nebo tepeln\u00fdm procesem nebo rozd\u00edly v induktorech maj\u00ed vliv na zkreslen\u00ed tvrdosti p\u0159i m\u011b\u0159en\u00ed p\u0159es dr\u00e1tky. <\/span><\/span><\/li>\n<li>Aby byla zaji\u0161t\u011bna vynikaj\u00edc\u00ed kone\u010dn\u00e1 kvalita, mus\u00ed b\u00fdt zkreslen\u00ed tvrdosti p\u0159edem upraveno v m\u011bkk\u00e9m procesu.<\/li>\n<li>S na\u0161\u00ed nejmodern\u011bj\u0161\u00ed technologi\u00ed 8e os lze korekce rozm\u011br\u016f upravit s p\u0159esnost\u00ed v \u03bcm. T\u00edm je zaru\u010dena vysoce p\u0159esn\u00e1 koncov\u00e1 kvalita dr\u00e1\u017ekov\u00e1n\u00ed.<\/li>\n<\/ul>\n<\/div><\/section><\/div>\n<style type=\"text\/css\" data-created_by=\"avia_inline_auto\" id=\"style-css-av-7nzzw-47ef4b95d16ddc52afc9d03e4ee84fbc\">\n.flex_column.av-7nzzw-47ef4b95d16ddc52afc9d03e4ee84fbc{\nborder-radius:0px 0px 0px 0px;\npadding:0px 0px 0px 0px;\n}\n<\/style>\n<div  class='flex_column av-7nzzw-47ef4b95d16ddc52afc9d03e4ee84fbc av_one_third  avia-builder-el-6  el_after_av_two_third  avia-builder-el-last  flex_column_div av-animated-generic bottom-to-top av-zero-column-padding  '     ><div  class='avia-video av-k3ed5wvu-d5e6796499f617abd477fc419d698f9a avia-video-16-9 av-no-preview-image avia-video-load-always avia-video-html5'  itemprop=\"video\" itemtype=\"https:\/\/schema.org\/VideoObject\"  data-original_url='https:\/\/osg-excello.com\/wp-content\/uploads\/2019\/11\/Konizitaet.mp4'><video class='avia_video'    preload=\"auto\"  controls id='player_6144_1298645928_107723293'><source src='https:\/\/osg-excello.com\/wp-content\/uploads\/2019\/11\/Konizitaet.mp4' type='video\/mp4' \/><\/video><\/div><\/div><\/div><\/div><\/div><!-- close content main div --><\/div><\/div><div id='after_section_1'  class='main_color av_default_container_wrap container_wrap sidebar_right'  ><div class='container av-section-cont-open' ><div class='template-page content  av-content-small alpha units'><div class='post-entry post-entry-type-page post-entry-6144'><div class='entry-content-wrapper clearfix'>\n","protected":false},"excerpt":{"rendered":"","protected":false},"author":1,"featured_media":0,"parent":2397,"menu_order":933,"comment_status":"closed","ping_status":"closed","template":"","meta":{"footnotes":""},"class_list":["post-6144","page","type-page","status-publish","hentry"],"yoast_head":"<!-- This site is optimized with the Yoast SEO plugin v27.2 - https:\/\/yoast.com\/product\/yoast-seo-wordpress\/ -->\n<title>Zlep\u0161en\u00e1 kvalita dr\u00e1\u017ekov\u00e1n\u00ed d\u00edky p\u0159edb\u011b\u017en\u00e9mu nastaven\u00ed odchylek p\u0159i tepeln\u00e9m zpracov\u00e1n\u00ed - OSG Ex-Cell-O<\/title>\n<meta name=\"robots\" content=\"index, follow, max-snippet:-1, max-image-preview:large, max-video-preview:-1\" \/>\n<link rel=\"canonical\" href=\"https:\/\/osg-excello.com\/cs\/inovace\/hoehere-verzahnungsqualitaet-durch-vorhalten-des-verzugs-aus-der-waermebehandlung\/\" \/>\n<meta property=\"og:locale\" content=\"cs_CZ\" \/>\n<meta property=\"og:type\" content=\"article\" \/>\n<meta property=\"og:title\" content=\"Zlep\u0161en\u00e1 kvalita dr\u00e1\u017ekov\u00e1n\u00ed d\u00edky p\u0159edb\u011b\u017en\u00e9mu nastaven\u00ed odchylek p\u0159i tepeln\u00e9m zpracov\u00e1n\u00ed - OSG Ex-Cell-O\" \/>\n<meta property=\"og:url\" content=\"https:\/\/osg-excello.com\/cs\/inovace\/hoehere-verzahnungsqualitaet-durch-vorhalten-des-verzugs-aus-der-waermebehandlung\/\" \/>\n<meta property=\"og:site_name\" content=\"OSG Ex-Cell-O\" \/>\n<meta property=\"article:modified_time\" content=\"2021-05-26T07:21:57+00:00\" \/>\n<meta name=\"twitter:card\" content=\"summary_large_image\" \/>\n<meta name=\"twitter:label1\" content=\"Odhadovan\u00e1 doba \u010dten\u00ed\" \/>\n\t<meta name=\"twitter:data1\" content=\"4 minuty\" \/>\n<script type=\"application\/ld+json\" class=\"yoast-schema-graph\">{\"@context\":\"https:\/\/schema.org\",\"@graph\":[{\"@type\":\"WebPage\",\"@id\":\"https:\/\/osg-excello.com\/cs\/inovace\/hoehere-verzahnungsqualitaet-durch-vorhalten-des-verzugs-aus-der-waermebehandlung\/\",\"url\":\"https:\/\/osg-excello.com\/cs\/inovace\/hoehere-verzahnungsqualitaet-durch-vorhalten-des-verzugs-aus-der-waermebehandlung\/\",\"name\":\"Zlep\u0161en\u00e1 kvalita dr\u00e1\u017ekov\u00e1n\u00ed d\u00edky p\u0159edb\u011b\u017en\u00e9mu nastaven\u00ed odchylek p\u0159i tepeln\u00e9m zpracov\u00e1n\u00ed - OSG Ex-Cell-O\",\"isPartOf\":{\"@id\":\"https:\/\/osg-excello.com\/cs\/#website\"},\"datePublished\":\"2019-11-19T15:09:05+00:00\",\"dateModified\":\"2021-05-26T07:21:57+00:00\",\"breadcrumb\":{\"@id\":\"https:\/\/osg-excello.com\/cs\/inovace\/hoehere-verzahnungsqualitaet-durch-vorhalten-des-verzugs-aus-der-waermebehandlung\/#breadcrumb\"},\"inLanguage\":\"cs\",\"potentialAction\":[{\"@type\":\"ReadAction\",\"target\":[\"https:\/\/osg-excello.com\/cs\/inovace\/hoehere-verzahnungsqualitaet-durch-vorhalten-des-verzugs-aus-der-waermebehandlung\/\"]}]},{\"@type\":\"BreadcrumbList\",\"@id\":\"https:\/\/osg-excello.com\/cs\/inovace\/hoehere-verzahnungsqualitaet-durch-vorhalten-des-verzugs-aus-der-waermebehandlung\/#breadcrumb\",\"itemListElement\":[{\"@type\":\"ListItem\",\"position\":1,\"name\":\"Startseite\",\"item\":\"https:\/\/osg-excello.com\/cs\/\"},{\"@type\":\"ListItem\",\"position\":2,\"name\":\"INOVACE\",\"item\":\"https:\/\/osg-excello.com\/cs\/inovace\/\"},{\"@type\":\"ListItem\",\"position\":3,\"name\":\"Zlep\u0161en\u00e1 kvalita dr\u00e1\u017ekov\u00e1n\u00ed d\u00edky p\u0159edb\u011b\u017en\u00e9mu nastaven\u00ed odchylek p\u0159i tepeln\u00e9m zpracov\u00e1n\u00ed\"}]},{\"@type\":\"WebSite\",\"@id\":\"https:\/\/osg-excello.com\/cs\/#website\",\"url\":\"https:\/\/osg-excello.com\/cs\/\",\"name\":\"OSG Ex-Cell-O\",\"description\":\"\",\"publisher\":{\"@id\":\"https:\/\/osg-excello.com\/cs\/#organization\"},\"potentialAction\":[{\"@type\":\"SearchAction\",\"target\":{\"@type\":\"EntryPoint\",\"urlTemplate\":\"https:\/\/osg-excello.com\/cs\/?s={search_term_string}\"},\"query-input\":{\"@type\":\"PropertyValueSpecification\",\"valueRequired\":true,\"valueName\":\"search_term_string\"}}],\"inLanguage\":\"cs\"},{\"@type\":\"Organization\",\"@id\":\"https:\/\/osg-excello.com\/cs\/#organization\",\"name\":\"OSG Ex-Cell-O GmbH\",\"url\":\"https:\/\/osg-excello.com\/cs\/\",\"logo\":{\"@type\":\"ImageObject\",\"inLanguage\":\"cs\",\"@id\":\"https:\/\/osg-excello.com\/cs\/#\/schema\/logo\/image\/\",\"url\":\"https:\/\/osg-excello.com\/wp-content\/uploads\/2019\/11\/osg_excello_logo_final-2.png\",\"contentUrl\":\"https:\/\/osg-excello.com\/wp-content\/uploads\/2019\/11\/osg_excello_logo_final-2.png\",\"width\":514,\"height\":236,\"caption\":\"OSG Ex-Cell-O GmbH\"},\"image\":{\"@id\":\"https:\/\/osg-excello.com\/cs\/#\/schema\/logo\/image\/\"}}]}<\/script>\n<!-- \/ Yoast SEO plugin. -->","yoast_head_json":{"title":"Zlep\u0161en\u00e1 kvalita dr\u00e1\u017ekov\u00e1n\u00ed d\u00edky p\u0159edb\u011b\u017en\u00e9mu nastaven\u00ed odchylek p\u0159i tepeln\u00e9m zpracov\u00e1n\u00ed - OSG Ex-Cell-O","robots":{"index":"index","follow":"follow","max-snippet":"max-snippet:-1","max-image-preview":"max-image-preview:large","max-video-preview":"max-video-preview:-1"},"canonical":"https:\/\/osg-excello.com\/cs\/inovace\/hoehere-verzahnungsqualitaet-durch-vorhalten-des-verzugs-aus-der-waermebehandlung\/","og_locale":"cs_CZ","og_type":"article","og_title":"Zlep\u0161en\u00e1 kvalita dr\u00e1\u017ekov\u00e1n\u00ed d\u00edky p\u0159edb\u011b\u017en\u00e9mu nastaven\u00ed odchylek p\u0159i tepeln\u00e9m zpracov\u00e1n\u00ed - OSG Ex-Cell-O","og_url":"https:\/\/osg-excello.com\/cs\/inovace\/hoehere-verzahnungsqualitaet-durch-vorhalten-des-verzugs-aus-der-waermebehandlung\/","og_site_name":"OSG Ex-Cell-O","article_modified_time":"2021-05-26T07:21:57+00:00","twitter_card":"summary_large_image","twitter_misc":{"Odhadovan\u00e1 doba \u010dten\u00ed":"4 minuty"},"schema":{"@context":"https:\/\/schema.org","@graph":[{"@type":"WebPage","@id":"https:\/\/osg-excello.com\/cs\/inovace\/hoehere-verzahnungsqualitaet-durch-vorhalten-des-verzugs-aus-der-waermebehandlung\/","url":"https:\/\/osg-excello.com\/cs\/inovace\/hoehere-verzahnungsqualitaet-durch-vorhalten-des-verzugs-aus-der-waermebehandlung\/","name":"Zlep\u0161en\u00e1 kvalita dr\u00e1\u017ekov\u00e1n\u00ed d\u00edky p\u0159edb\u011b\u017en\u00e9mu nastaven\u00ed odchylek p\u0159i tepeln\u00e9m zpracov\u00e1n\u00ed - OSG Ex-Cell-O","isPartOf":{"@id":"https:\/\/osg-excello.com\/cs\/#website"},"datePublished":"2019-11-19T15:09:05+00:00","dateModified":"2021-05-26T07:21:57+00:00","breadcrumb":{"@id":"https:\/\/osg-excello.com\/cs\/inovace\/hoehere-verzahnungsqualitaet-durch-vorhalten-des-verzugs-aus-der-waermebehandlung\/#breadcrumb"},"inLanguage":"cs","potentialAction":[{"@type":"ReadAction","target":["https:\/\/osg-excello.com\/cs\/inovace\/hoehere-verzahnungsqualitaet-durch-vorhalten-des-verzugs-aus-der-waermebehandlung\/"]}]},{"@type":"BreadcrumbList","@id":"https:\/\/osg-excello.com\/cs\/inovace\/hoehere-verzahnungsqualitaet-durch-vorhalten-des-verzugs-aus-der-waermebehandlung\/#breadcrumb","itemListElement":[{"@type":"ListItem","position":1,"name":"Startseite","item":"https:\/\/osg-excello.com\/cs\/"},{"@type":"ListItem","position":2,"name":"INOVACE","item":"https:\/\/osg-excello.com\/cs\/inovace\/"},{"@type":"ListItem","position":3,"name":"Zlep\u0161en\u00e1 kvalita dr\u00e1\u017ekov\u00e1n\u00ed d\u00edky p\u0159edb\u011b\u017en\u00e9mu nastaven\u00ed odchylek p\u0159i tepeln\u00e9m zpracov\u00e1n\u00ed"}]},{"@type":"WebSite","@id":"https:\/\/osg-excello.com\/cs\/#website","url":"https:\/\/osg-excello.com\/cs\/","name":"OSG Ex-Cell-O","description":"","publisher":{"@id":"https:\/\/osg-excello.com\/cs\/#organization"},"potentialAction":[{"@type":"SearchAction","target":{"@type":"EntryPoint","urlTemplate":"https:\/\/osg-excello.com\/cs\/?s={search_term_string}"},"query-input":{"@type":"PropertyValueSpecification","valueRequired":true,"valueName":"search_term_string"}}],"inLanguage":"cs"},{"@type":"Organization","@id":"https:\/\/osg-excello.com\/cs\/#organization","name":"OSG Ex-Cell-O GmbH","url":"https:\/\/osg-excello.com\/cs\/","logo":{"@type":"ImageObject","inLanguage":"cs","@id":"https:\/\/osg-excello.com\/cs\/#\/schema\/logo\/image\/","url":"https:\/\/osg-excello.com\/wp-content\/uploads\/2019\/11\/osg_excello_logo_final-2.png","contentUrl":"https:\/\/osg-excello.com\/wp-content\/uploads\/2019\/11\/osg_excello_logo_final-2.png","width":514,"height":236,"caption":"OSG Ex-Cell-O GmbH"},"image":{"@id":"https:\/\/osg-excello.com\/cs\/#\/schema\/logo\/image\/"}}]}},"_links":{"self":[{"href":"https:\/\/osg-excello.com\/cs\/wp-json\/wp\/v2\/pages\/6144","targetHints":{"allow":["GET"]}}],"collection":[{"href":"https:\/\/osg-excello.com\/cs\/wp-json\/wp\/v2\/pages"}],"about":[{"href":"https:\/\/osg-excello.com\/cs\/wp-json\/wp\/v2\/types\/page"}],"author":[{"embeddable":true,"href":"https:\/\/osg-excello.com\/cs\/wp-json\/wp\/v2\/users\/1"}],"replies":[{"embeddable":true,"href":"https:\/\/osg-excello.com\/cs\/wp-json\/wp\/v2\/comments?post=6144"}],"version-history":[{"count":4,"href":"https:\/\/osg-excello.com\/cs\/wp-json\/wp\/v2\/pages\/6144\/revisions"}],"predecessor-version":[{"id":6191,"href":"https:\/\/osg-excello.com\/cs\/wp-json\/wp\/v2\/pages\/6144\/revisions\/6191"}],"up":[{"embeddable":true,"href":"https:\/\/osg-excello.com\/cs\/wp-json\/wp\/v2\/pages\/2397"}],"wp:attachment":[{"href":"https:\/\/osg-excello.com\/cs\/wp-json\/wp\/v2\/media?parent=6144"}],"curies":[{"name":"wp","href":"https:\/\/api.w.org\/{rel}","templated":true}]}}