{"id":6607,"date":"2019-11-19T16:21:55","date_gmt":"2019-11-19T15:21:55","guid":{"rendered":"https:\/\/osg-excello.com\/nastroje\/verfahrensentwicklung\/"},"modified":"2021-05-26T13:29:22","modified_gmt":"2021-05-26T11:29:22","slug":"verfahrensentwicklung","status":"publish","type":"page","link":"https:\/\/osg-excello.com\/cs\/nastroje\/verfahrensentwicklung\/","title":{"rendered":"V\u00fdvoj procesu"},"content":{"rendered":"\n<style type=\"text\/css\" data-created_by=\"avia_inline_auto\" id=\"style-css-av-807no-33a4a38e5e0d5dea70cde682a9dc653a\">\n.flex_column.av-807no-33a4a38e5e0d5dea70cde682a9dc653a{\nborder-radius:0px 0px 0px 0px;\npadding:25px 0px 0px 0px;\n}\n<\/style>\n<div  class='flex_column av-807no-33a4a38e5e0d5dea70cde682a9dc653a av_one_full  avia-builder-el-0  el_before_av_hr  avia-builder-el-first  first flex_column_div  '     ><style type=\"text\/css\" data-created_by=\"avia_inline_auto\" id=\"style-css-av-k3enjc10-60f28aa35b8aab7621415800d4ca3656\">\n#top .av-special-heading.av-k3enjc10-60f28aa35b8aab7621415800d4ca3656{\npadding-bottom:10px;\n}\nbody .av-special-heading.av-k3enjc10-60f28aa35b8aab7621415800d4ca3656 .av-special-heading-tag .heading-char{\nfont-size:25px;\n}\n.av-special-heading.av-k3enjc10-60f28aa35b8aab7621415800d4ca3656 .av-subheading{\nfont-size:15px;\n}\n<\/style>\n<div  class='av-special-heading av-k3enjc10-60f28aa35b8aab7621415800d4ca3656 av-special-heading-h1 blockquote modern-quote modern-centered  avia-builder-el-1  avia-builder-el-no-sibling '><h1 class='av-special-heading-tag '  itemprop=\"headline\"  >N\u00c1STROJE<\/h1><div class=\"special-heading-border\"><div class=\"special-heading-inner-border\"><\/div><\/div><\/div><\/div>\n<style type=\"text\/css\" data-created_by=\"avia_inline_auto\" id=\"style-css-av-k363cjsl-6c3a36cc1ad2d24930cc419f13ab6bc6\">\n#top .hr.av-k363cjsl-6c3a36cc1ad2d24930cc419f13ab6bc6{\nmargin-top:0px;\nmargin-bottom:30px;\n}\n.hr.av-k363cjsl-6c3a36cc1ad2d24930cc419f13ab6bc6 .hr-inner{\nwidth:30%;\nborder-color:#e8e8e8;\nmax-width:45%;\n}\n.hr.av-k363cjsl-6c3a36cc1ad2d24930cc419f13ab6bc6 .av-seperator-icon{\ncolor:#e8e8e8;\n}\n.hr.av-k363cjsl-6c3a36cc1ad2d24930cc419f13ab6bc6 .av-seperator-icon.avia-svg-icon svg:first-child{\nfill:#e8e8e8;\nstroke:#e8e8e8;\n}\n<\/style>\n<div  class='hr av-k363cjsl-6c3a36cc1ad2d24930cc419f13ab6bc6 hr-custom  avia-builder-el-2  el_after_av_one_full  el_before_av_section  avia-builder-el-last  hr-center hr-icon-yes'><span class='hr-inner inner-border-av-border-thin'><span class=\"hr-inner-style\"><\/span><\/span><span class='av-seperator-icon avia-iconfont avia-font-entypo-fontello' data-av_icon='\ue898' data-av_iconfont='entypo-fontello' ><\/span><span class='hr-inner inner-border-av-border-thin'><span class=\"hr-inner-style\"><\/span><\/span><\/div><\/p>\n<\/div><\/div><\/div><!-- close content main div --><\/div><\/div>\n<style type=\"text\/css\" data-created_by=\"avia_inline_auto\" id=\"style-css-av-k3647wxa-14f501a09e84162727fa6ec184c7a00c\">\n.avia-section.av-k3647wxa-14f501a09e84162727fa6ec184c7a00c{\nmargin-top:0px;\nmargin-bottom:100px;\n}\n<\/style>\n<div id='av_section_1'  class='avia-section av-k3647wxa-14f501a09e84162727fa6ec184c7a00c main_color avia-section-no-padding avia-no-border-styling  avia-builder-el-3  el_after_av_hr  avia-builder-el-last  avia-bg-style-scroll container_wrap sidebar_right'  ><div class='container av-section-cont-open' ><div class='template-page content  av-content-small alpha units'><div class='post-entry post-entry-type-page post-entry-6607'><div class='entry-content-wrapper clearfix'>\n\n<style type=\"text\/css\" data-created_by=\"avia_inline_auto\" id=\"style-css-av-7nzzw-2c1641dce56e8229eb55335a5a6ec76f\">\n.flex_column.av-7nzzw-2c1641dce56e8229eb55335a5a6ec76f{\nborder-radius:0px 0px 0px 0px;\npadding:0px 0px 0px 0px;\n}\n<\/style>\n<div  class='flex_column av-7nzzw-2c1641dce56e8229eb55335a5a6ec76f av_two_third  avia-builder-el-4  el_before_av_one_third  avia-builder-el-first  first flex_column_div av-animated-generic bottom-to-top av-zero-column-padding  '     ><p>\n<style type=\"text\/css\" data-created_by=\"avia_inline_auto\" id=\"style-css-av-k3conupj-ece014fdb012c926bc44e845c66ceef2\">\n.avia-image-container.av-k3conupj-ece014fdb012c926bc44e845c66ceef2 img.avia_image{\nbox-shadow:none;\n}\n.avia-image-container.av-k3conupj-ece014fdb012c926bc44e845c66ceef2 .av-image-caption-overlay-center{\ncolor:#ffffff;\n}\n<\/style>\n<div  class='avia-image-container av-k3conupj-ece014fdb012c926bc44e845c66ceef2 av-styling- av-hover-grow av-hide-overflow av-img-linked avia-align-center  avia-builder-el-5  el_before_av_hr  avia-builder-el-first '   itemprop=\"image\" itemscope=\"itemscope\" itemtype=\"https:\/\/schema.org\/ImageObject\" ><div class=\"avia-image-container-inner\"><div class=\"avia-image-overlay-wrap\"><a href=\"https:\/\/osg-excello.com\/wp-content\/uploads\/2019\/11\/werkzeug_verfahrensentwicklung_Kaltwalzen_DSC_7926_Ret_kl.jpg\" data-srcset=\"https:\/\/osg-excello.com\/wp-content\/uploads\/2019\/11\/werkzeug_verfahrensentwicklung_Kaltwalzen_DSC_7926_Ret_kl.jpg 1280w, https:\/\/osg-excello.com\/wp-content\/uploads\/2019\/11\/werkzeug_verfahrensentwicklung_Kaltwalzen_DSC_7926_Ret_kl-768x511.jpg 768w, https:\/\/osg-excello.com\/wp-content\/uploads\/2019\/11\/werkzeug_verfahrensentwicklung_Kaltwalzen_DSC_7926_Ret_kl-705x469.jpg 705w\" data-sizes=\"(max-width: 1280px) 100vw, 1280px\" class='avia_image '  aria-label='werkzeug_verfahrensentwicklung_Kaltwalzen_DSC_7926_Ret_kl'><img decoding=\"async\" fetchpriority=\"high\" class='wp-image-6621 avia-img-lazy-loading-not-6621 avia_image ' src=\"https:\/\/osg-excello.com\/wp-content\/uploads\/2019\/11\/werkzeug_verfahrensentwicklung_Kaltwalzen_DSC_7926_Ret_kl.jpg\" alt='' title='werkzeug_verfahrensentwicklung_Kaltwalzen_DSC_7926_Ret_kl'  height=\"852\" width=\"1280\"  itemprop=\"thumbnailUrl\" srcset=\"https:\/\/osg-excello.com\/wp-content\/uploads\/2019\/11\/werkzeug_verfahrensentwicklung_Kaltwalzen_DSC_7926_Ret_kl.jpg 1280w, https:\/\/osg-excello.com\/wp-content\/uploads\/2019\/11\/werkzeug_verfahrensentwicklung_Kaltwalzen_DSC_7926_Ret_kl-768x511.jpg 768w, https:\/\/osg-excello.com\/wp-content\/uploads\/2019\/11\/werkzeug_verfahrensentwicklung_Kaltwalzen_DSC_7926_Ret_kl-705x469.jpg 705w\" sizes=\"(max-width: 1280px) 100vw, 1280px\" \/><\/a><\/div><\/div><\/div><br \/>\n\n<style type=\"text\/css\" data-created_by=\"avia_inline_auto\" id=\"style-css-av-k3b9kc22-fb179e88a596ca9b3f22021301765415\">\n#top .hr.hr-invisible.av-k3b9kc22-fb179e88a596ca9b3f22021301765415{\nheight:30px;\n}\n<\/style>\n<div  class='hr av-k3b9kc22-fb179e88a596ca9b3f22021301765415 hr-invisible  avia-builder-el-6  el_after_av_image  el_before_av_image '><span class='hr-inner '><span class=\"hr-inner-style\"><\/span><\/span><\/div><br \/>\n\n<style type=\"text\/css\" data-created_by=\"avia_inline_auto\" id=\"style-css-av-k3conupj-5b5e91f2e7b9b61858d660bae844a314\">\n.avia-image-container.av-k3conupj-5b5e91f2e7b9b61858d660bae844a314 img.avia_image{\nbox-shadow:none;\n}\n.avia-image-container.av-k3conupj-5b5e91f2e7b9b61858d660bae844a314 .av-image-caption-overlay-center{\ncolor:#ffffff;\n}\n<\/style>\n<div  class='avia-image-container av-k3conupj-5b5e91f2e7b9b61858d660bae844a314 av-styling- av-hover-grow av-hide-overflow av-img-linked avia-align-left  avia-builder-el-7  el_after_av_hr  el_before_av_image  rowImage50'   itemprop=\"image\" itemscope=\"itemscope\" itemtype=\"https:\/\/schema.org\/ImageObject\" ><div class=\"avia-image-container-inner\"><div class=\"avia-image-overlay-wrap\"><a href=\"https:\/\/osg-excello.com\/wp-content\/uploads\/2019\/11\/werkzeug_verfahrensentwicklung_SAM_3541.jpg\" data-srcset=\"https:\/\/osg-excello.com\/wp-content\/uploads\/2019\/11\/werkzeug_verfahrensentwicklung_SAM_3541.jpg 1280w, https:\/\/osg-excello.com\/wp-content\/uploads\/2019\/11\/werkzeug_verfahrensentwicklung_SAM_3541-768x512.jpg 768w, https:\/\/osg-excello.com\/wp-content\/uploads\/2019\/11\/werkzeug_verfahrensentwicklung_SAM_3541-705x470.jpg 705w\" data-sizes=\"(max-width: 1280px) 100vw, 1280px\" class='avia_image '  aria-label='werkzeug_verfahrensentwicklung_SAM_3541'><img decoding=\"async\" fetchpriority=\"high\" class='wp-image-6608 avia-img-lazy-loading-not-6608 avia_image ' src=\"https:\/\/osg-excello.com\/wp-content\/uploads\/2019\/11\/werkzeug_verfahrensentwicklung_SAM_3541.jpg\" alt='' title='werkzeug_verfahrensentwicklung_SAM_3541'  height=\"853\" width=\"1280\"  itemprop=\"thumbnailUrl\" srcset=\"https:\/\/osg-excello.com\/wp-content\/uploads\/2019\/11\/werkzeug_verfahrensentwicklung_SAM_3541.jpg 1280w, https:\/\/osg-excello.com\/wp-content\/uploads\/2019\/11\/werkzeug_verfahrensentwicklung_SAM_3541-768x512.jpg 768w, https:\/\/osg-excello.com\/wp-content\/uploads\/2019\/11\/werkzeug_verfahrensentwicklung_SAM_3541-705x470.jpg 705w\" sizes=\"(max-width: 1280px) 100vw, 1280px\" \/><\/a><\/div><\/div><\/div><br \/>\n\n<style type=\"text\/css\" data-created_by=\"avia_inline_auto\" id=\"style-css-av-k3conupj-151cab006a42f3040fb211d729d1e322\">\n.avia-image-container.av-k3conupj-151cab006a42f3040fb211d729d1e322 img.avia_image{\nbox-shadow:none;\n}\n.avia-image-container.av-k3conupj-151cab006a42f3040fb211d729d1e322 .av-image-caption-overlay-center{\ncolor:#ffffff;\n}\n<\/style>\n<div  class='avia-image-container av-k3conupj-151cab006a42f3040fb211d729d1e322 av-styling- av-hover-grow av-hide-overflow av-img-linked avia-align-left  avia-builder-el-8  el_after_av_image  avia-builder-el-last  rowImage50'   itemprop=\"image\" itemscope=\"itemscope\" itemtype=\"https:\/\/schema.org\/ImageObject\" ><div class=\"avia-image-container-inner\"><div class=\"avia-image-overlay-wrap\"><a href=\"https:\/\/osg-excello.com\/wp-content\/uploads\/2019\/11\/werkzeug_verfahrensentwicklung_1.jpg\" class='avia_image '  aria-label='werkzeug_verfahrensentwicklung_1'><img decoding=\"async\" fetchpriority=\"high\" class='wp-image-6620 avia-img-lazy-loading-not-6620 avia_image ' src=\"https:\/\/osg-excello.com\/wp-content\/uploads\/2019\/11\/werkzeug_verfahrensentwicklung_1.jpg\" alt='' title='werkzeug_verfahrensentwicklung_1'  height=\"179\" width=\"453\"  itemprop=\"thumbnailUrl\"  \/><\/a><\/div><\/div><\/div><\/p><\/div>\n<style type=\"text\/css\" data-created_by=\"avia_inline_auto\" id=\"style-css-av-7nzzw-47ef4b95d16ddc52afc9d03e4ee84fbc\">\n.flex_column.av-7nzzw-47ef4b95d16ddc52afc9d03e4ee84fbc{\nborder-radius:0px 0px 0px 0px;\npadding:0px 0px 0px 0px;\n}\n<\/style>\n<div  class='flex_column av-7nzzw-47ef4b95d16ddc52afc9d03e4ee84fbc av_one_third  avia-builder-el-9  el_after_av_two_third  avia-builder-el-last  flex_column_div av-animated-generic bottom-to-top av-zero-column-padding  '     ><p>\n<style type=\"text\/css\" data-created_by=\"avia_inline_auto\" id=\"style-css-av-k3enkekk-d43b8a7a4c1203cccde6b8933541b087\">\n#top .av-special-heading.av-k3enkekk-d43b8a7a4c1203cccde6b8933541b087{\npadding-bottom:10px;\n}\nbody .av-special-heading.av-k3enkekk-d43b8a7a4c1203cccde6b8933541b087 .av-special-heading-tag .heading-char{\nfont-size:25px;\n}\n.av-special-heading.av-k3enkekk-d43b8a7a4c1203cccde6b8933541b087 .av-subheading{\nfont-size:15px;\n}\n<\/style>\n<div  class='av-special-heading av-k3enkekk-d43b8a7a4c1203cccde6b8933541b087 av-special-heading-h3  avia-builder-el-10  el_before_av_textblock  avia-builder-el-first '><h3 class='av-special-heading-tag '  itemprop=\"headline\"  >V\u00fdvoj n\u00e1stroj\u016f<\/h3><div class=\"special-heading-border\"><div class=\"special-heading-inner-border\"><\/div><\/div><\/div><br \/>\n<section  class='av_textblock_section av-k3a8vy1i-c3eaba6a5673f57b0224f2a8c69b5209 '   itemscope=\"itemscope\" itemtype=\"https:\/\/schema.org\/CreativeWork\" ><div class='avia_textblock'  itemprop=\"text\" ><ul>\n<li>Jako technologick\u00fd partner OSG EX-CELL-O spole\u010dn\u011b s V\u00e1mi vyvineme vysoce efektivn\u00ed proces p\u0159ipraven\u00fd k s\u00e9riov\u00e9 v\u00fdrob\u011b.<\/li>\n<li>Po obdr\u017een\u00ed va\u0161ich v\u00fdkres\u016f vyhodnot\u00edme, zda je \u0159e\u0161en\u00ed tv\u00e1\u0159en\u00ed zastudena provediteln\u00e9.<\/li>\n<li>Pokud je t\u0159eba upravit mal\u00e9 detaily, aby se umo\u017enil proces tv\u00e1\u0159en\u00ed, obdr\u017e\u00edte tyto informace p\u0159edem.<\/li>\n<li>D\u00e1le vyv\u00edj\u00edme pot\u0159ebn\u00e9 prototypov\u00e9 n\u00e1stroje a testujeme je na na\u0161ich prototypov\u00fdch stroj\u00edch, nejl\u00e9pe s vyu\u017eit\u00edm va\u0161ich origin\u00e1ln\u00edch d\u00edl\u016f.<\/li>\n<li>Pokud jsou nutn\u00e9 dal\u0161\u00ed \u00fapravy, bude konstrukce n\u00e1stroje upravena, zm\u011bny budou implementov\u00e1ny na n\u00e1stroj\u00edch a n\u00e1sleduje opakovan\u00fd test.<\/li>\n<li>Nakonec bude pro v\u00e1s vyrobena a zdokumentov\u00e1na mal\u00e1 s\u00e9rie.<\/li>\n<\/ul>\n<\/div><\/section><br \/>\n\n<style type=\"text\/css\" data-created_by=\"avia_inline_auto\" id=\"style-css-av-k3enlegr-1b421188b9451d04999fd0f26e067404\">\n#top .av-special-heading.av-k3enlegr-1b421188b9451d04999fd0f26e067404{\npadding-bottom:10px;\n}\nbody .av-special-heading.av-k3enlegr-1b421188b9451d04999fd0f26e067404 .av-special-heading-tag .heading-char{\nfont-size:25px;\n}\n.av-special-heading.av-k3enlegr-1b421188b9451d04999fd0f26e067404 .av-subheading{\nfont-size:15px;\n}\n<\/style>\n<div  class='av-special-heading av-k3enlegr-1b421188b9451d04999fd0f26e067404 av-special-heading-h3  avia-builder-el-12  el_after_av_textblock  el_before_av_textblock '><h3 class='av-special-heading-tag '  itemprop=\"headline\"  >N\u00c1STROJE<\/h3><div class=\"special-heading-border\"><div class=\"special-heading-inner-border\"><\/div><\/div><\/div><br \/>\n<section  class='av_textblock_section av-k3a8vy1i-c3eaba6a5673f57b0224f2a8c69b5209 '   itemscope=\"itemscope\" itemtype=\"https:\/\/schema.org\/CreativeWork\" ><div class='avia_textblock'  itemprop=\"text\" ><ul>\n<li>My\u0161len\u00ed &#8222;mimo zajet\u00e9 koleje&#8220;: v r\u00e1mci skupiny OSG uplat\u0148ujeme tuto rozvojovou strategii. Nov\u00e9 n\u00e1pady a inovace pro dal\u0161\u00ed v\u00fdvoj v\u00fdrobn\u00edch metod jsou z\u00e1kladem konkuren\u010dn\u00edch v\u00fdhod a udr\u017eiteln\u00e9ho r\u016fstu.<\/li>\n<li>Zamyslete se spolu s n\u00e1mi \u201emimo zajet\u00e9 koleje\u201c a vyzkou\u0161ejte na\u0161e schopnosti vyv\u00edjet nov\u00e9 tv\u00e1\u0159ec\u00ed procesy.<\/li>\n<\/ul>\n<\/div><\/section><\/p><\/div><\/div><\/div><\/div><!-- close content main div --><\/div><\/div><div id='after_section_1'  class='main_color av_default_container_wrap container_wrap sidebar_right'  ><div class='container av-section-cont-open' ><div class='template-page content  av-content-small alpha units'><div class='post-entry post-entry-type-page post-entry-6607'><div class='entry-content-wrapper clearfix'>\n","protected":false},"excerpt":{"rendered":"","protected":false},"author":1,"featured_media":0,"parent":2475,"menu_order":946,"comment_status":"closed","ping_status":"closed","template":"","meta":{"footnotes":""},"class_list":["post-6607","page","type-page","status-publish","hentry"],"yoast_head":"<!-- This site is optimized with the Yoast SEO plugin v27.2 - https:\/\/yoast.com\/product\/yoast-seo-wordpress\/ -->\n<title>V\u00fdvoj procesu - OSG Ex-Cell-O<\/title>\n<meta name=\"robots\" content=\"index, follow, max-snippet:-1, max-image-preview:large, max-video-preview:-1\" \/>\n<link rel=\"canonical\" href=\"https:\/\/osg-excello.com\/cs\/nastroje\/verfahrensentwicklung\/\" \/>\n<meta property=\"og:locale\" content=\"cs_CZ\" \/>\n<meta property=\"og:type\" content=\"article\" \/>\n<meta property=\"og:title\" content=\"V\u00fdvoj procesu - OSG Ex-Cell-O\" \/>\n<meta property=\"og:url\" content=\"https:\/\/osg-excello.com\/cs\/nastroje\/verfahrensentwicklung\/\" \/>\n<meta property=\"og:site_name\" content=\"OSG Ex-Cell-O\" \/>\n<meta property=\"article:modified_time\" content=\"2021-05-26T11:29:22+00:00\" \/>\n<meta name=\"twitter:card\" content=\"summary_large_image\" \/>\n<meta name=\"twitter:label1\" content=\"Odhadovan\u00e1 doba \u010dten\u00ed\" \/>\n\t<meta name=\"twitter:data1\" content=\"6 minut\" \/>\n<script type=\"application\/ld+json\" class=\"yoast-schema-graph\">{\"@context\":\"https:\/\/schema.org\",\"@graph\":[{\"@type\":\"WebPage\",\"@id\":\"https:\/\/osg-excello.com\/cs\/nastroje\/verfahrensentwicklung\/\",\"url\":\"https:\/\/osg-excello.com\/cs\/nastroje\/verfahrensentwicklung\/\",\"name\":\"V\u00fdvoj procesu - OSG Ex-Cell-O\",\"isPartOf\":{\"@id\":\"https:\/\/osg-excello.com\/cs\/#website\"},\"datePublished\":\"2019-11-19T15:21:55+00:00\",\"dateModified\":\"2021-05-26T11:29:22+00:00\",\"breadcrumb\":{\"@id\":\"https:\/\/osg-excello.com\/cs\/nastroje\/verfahrensentwicklung\/#breadcrumb\"},\"inLanguage\":\"cs\",\"potentialAction\":[{\"@type\":\"ReadAction\",\"target\":[\"https:\/\/osg-excello.com\/cs\/nastroje\/verfahrensentwicklung\/\"]}]},{\"@type\":\"BreadcrumbList\",\"@id\":\"https:\/\/osg-excello.com\/cs\/nastroje\/verfahrensentwicklung\/#breadcrumb\",\"itemListElement\":[{\"@type\":\"ListItem\",\"position\":1,\"name\":\"Startseite\",\"item\":\"https:\/\/osg-excello.com\/cs\/\"},{\"@type\":\"ListItem\",\"position\":2,\"name\":\"N\u00c1STROJE\",\"item\":\"https:\/\/osg-excello.com\/cs\/nastroje\/\"},{\"@type\":\"ListItem\",\"position\":3,\"name\":\"V\u00fdvoj procesu\"}]},{\"@type\":\"WebSite\",\"@id\":\"https:\/\/osg-excello.com\/cs\/#website\",\"url\":\"https:\/\/osg-excello.com\/cs\/\",\"name\":\"OSG Ex-Cell-O\",\"description\":\"\",\"publisher\":{\"@id\":\"https:\/\/osg-excello.com\/cs\/#organization\"},\"potentialAction\":[{\"@type\":\"SearchAction\",\"target\":{\"@type\":\"EntryPoint\",\"urlTemplate\":\"https:\/\/osg-excello.com\/cs\/?s={search_term_string}\"},\"query-input\":{\"@type\":\"PropertyValueSpecification\",\"valueRequired\":true,\"valueName\":\"search_term_string\"}}],\"inLanguage\":\"cs\"},{\"@type\":\"Organization\",\"@id\":\"https:\/\/osg-excello.com\/cs\/#organization\",\"name\":\"OSG Ex-Cell-O GmbH\",\"url\":\"https:\/\/osg-excello.com\/cs\/\",\"logo\":{\"@type\":\"ImageObject\",\"inLanguage\":\"cs\",\"@id\":\"https:\/\/osg-excello.com\/cs\/#\/schema\/logo\/image\/\",\"url\":\"https:\/\/osg-excello.com\/wp-content\/uploads\/2019\/11\/osg_excello_logo_final-2.png\",\"contentUrl\":\"https:\/\/osg-excello.com\/wp-content\/uploads\/2019\/11\/osg_excello_logo_final-2.png\",\"width\":514,\"height\":236,\"caption\":\"OSG Ex-Cell-O GmbH\"},\"image\":{\"@id\":\"https:\/\/osg-excello.com\/cs\/#\/schema\/logo\/image\/\"}}]}<\/script>\n<!-- \/ Yoast SEO plugin. -->","yoast_head_json":{"title":"V\u00fdvoj procesu - OSG Ex-Cell-O","robots":{"index":"index","follow":"follow","max-snippet":"max-snippet:-1","max-image-preview":"max-image-preview:large","max-video-preview":"max-video-preview:-1"},"canonical":"https:\/\/osg-excello.com\/cs\/nastroje\/verfahrensentwicklung\/","og_locale":"cs_CZ","og_type":"article","og_title":"V\u00fdvoj procesu - OSG Ex-Cell-O","og_url":"https:\/\/osg-excello.com\/cs\/nastroje\/verfahrensentwicklung\/","og_site_name":"OSG Ex-Cell-O","article_modified_time":"2021-05-26T11:29:22+00:00","twitter_card":"summary_large_image","twitter_misc":{"Odhadovan\u00e1 doba \u010dten\u00ed":"6 minut"},"schema":{"@context":"https:\/\/schema.org","@graph":[{"@type":"WebPage","@id":"https:\/\/osg-excello.com\/cs\/nastroje\/verfahrensentwicklung\/","url":"https:\/\/osg-excello.com\/cs\/nastroje\/verfahrensentwicklung\/","name":"V\u00fdvoj procesu - OSG Ex-Cell-O","isPartOf":{"@id":"https:\/\/osg-excello.com\/cs\/#website"},"datePublished":"2019-11-19T15:21:55+00:00","dateModified":"2021-05-26T11:29:22+00:00","breadcrumb":{"@id":"https:\/\/osg-excello.com\/cs\/nastroje\/verfahrensentwicklung\/#breadcrumb"},"inLanguage":"cs","potentialAction":[{"@type":"ReadAction","target":["https:\/\/osg-excello.com\/cs\/nastroje\/verfahrensentwicklung\/"]}]},{"@type":"BreadcrumbList","@id":"https:\/\/osg-excello.com\/cs\/nastroje\/verfahrensentwicklung\/#breadcrumb","itemListElement":[{"@type":"ListItem","position":1,"name":"Startseite","item":"https:\/\/osg-excello.com\/cs\/"},{"@type":"ListItem","position":2,"name":"N\u00c1STROJE","item":"https:\/\/osg-excello.com\/cs\/nastroje\/"},{"@type":"ListItem","position":3,"name":"V\u00fdvoj procesu"}]},{"@type":"WebSite","@id":"https:\/\/osg-excello.com\/cs\/#website","url":"https:\/\/osg-excello.com\/cs\/","name":"OSG Ex-Cell-O","description":"","publisher":{"@id":"https:\/\/osg-excello.com\/cs\/#organization"},"potentialAction":[{"@type":"SearchAction","target":{"@type":"EntryPoint","urlTemplate":"https:\/\/osg-excello.com\/cs\/?s={search_term_string}"},"query-input":{"@type":"PropertyValueSpecification","valueRequired":true,"valueName":"search_term_string"}}],"inLanguage":"cs"},{"@type":"Organization","@id":"https:\/\/osg-excello.com\/cs\/#organization","name":"OSG Ex-Cell-O GmbH","url":"https:\/\/osg-excello.com\/cs\/","logo":{"@type":"ImageObject","inLanguage":"cs","@id":"https:\/\/osg-excello.com\/cs\/#\/schema\/logo\/image\/","url":"https:\/\/osg-excello.com\/wp-content\/uploads\/2019\/11\/osg_excello_logo_final-2.png","contentUrl":"https:\/\/osg-excello.com\/wp-content\/uploads\/2019\/11\/osg_excello_logo_final-2.png","width":514,"height":236,"caption":"OSG Ex-Cell-O GmbH"},"image":{"@id":"https:\/\/osg-excello.com\/cs\/#\/schema\/logo\/image\/"}}]}},"_links":{"self":[{"href":"https:\/\/osg-excello.com\/cs\/wp-json\/wp\/v2\/pages\/6607","targetHints":{"allow":["GET"]}}],"collection":[{"href":"https:\/\/osg-excello.com\/cs\/wp-json\/wp\/v2\/pages"}],"about":[{"href":"https:\/\/osg-excello.com\/cs\/wp-json\/wp\/v2\/types\/page"}],"author":[{"embeddable":true,"href":"https:\/\/osg-excello.com\/cs\/wp-json\/wp\/v2\/users\/1"}],"replies":[{"embeddable":true,"href":"https:\/\/osg-excello.com\/cs\/wp-json\/wp\/v2\/comments?post=6607"}],"version-history":[{"count":10,"href":"https:\/\/osg-excello.com\/cs\/wp-json\/wp\/v2\/pages\/6607\/revisions"}],"predecessor-version":[{"id":6753,"href":"https:\/\/osg-excello.com\/cs\/wp-json\/wp\/v2\/pages\/6607\/revisions\/6753"}],"up":[{"embeddable":true,"href":"https:\/\/osg-excello.com\/cs\/wp-json\/wp\/v2\/pages\/2475"}],"wp:attachment":[{"href":"https:\/\/osg-excello.com\/cs\/wp-json\/wp\/v2\/media?parent=6607"}],"curies":[{"name":"wp","href":"https:\/\/api.w.org\/{rel}","templated":true}]}}