{"id":4423,"date":"2019-11-19T14:16:22","date_gmt":"2019-11-19T13:16:22","guid":{"rendered":"https:\/\/osg-excello.com\/ondernehma\/anfahrt\/"},"modified":"2022-09-02T08:36:28","modified_gmt":"2022-09-02T06:36:28","slug":"afahrt","status":"publish","type":"page","link":"https:\/\/osg-excello.com\/de-bw\/ondernehma\/afahrt\/","title":{"rendered":"Afahrt"},"content":{"rendered":"\n<style type=\"text\/css\" data-created_by=\"avia_inline_auto\" id=\"style-css-av-807no-33a4a38e5e0d5dea70cde682a9dc653a\">\n.flex_column.av-807no-33a4a38e5e0d5dea70cde682a9dc653a{\nborder-radius:0px 0px 0px 0px;\npadding:25px 0px 0px 0px;\n}\n<\/style>\n<div  class='flex_column av-807no-33a4a38e5e0d5dea70cde682a9dc653a av_one_full  avia-builder-el-0  el_before_av_hr  avia-builder-el-first  first flex_column_div  '     ><style type=\"text\/css\" data-created_by=\"avia_inline_auto\" id=\"style-css-av-k39wlmwg-857417725e4c0b26b6fd1de94767fbc7\">\n#top .av-special-heading.av-k39wlmwg-857417725e4c0b26b6fd1de94767fbc7{\npadding-bottom:10px;\n}\nbody .av-special-heading.av-k39wlmwg-857417725e4c0b26b6fd1de94767fbc7 .av-special-heading-tag .heading-char{\nfont-size:25px;\n}\n.av-special-heading.av-k39wlmwg-857417725e4c0b26b6fd1de94767fbc7 .av-subheading{\nfont-size:15px;\n}\n<\/style>\n<div  class='av-special-heading av-k39wlmwg-857417725e4c0b26b6fd1de94767fbc7 av-special-heading-h1 blockquote modern-quote modern-centered  avia-builder-el-1  avia-builder-el-no-sibling '><h1 class='av-special-heading-tag '  itemprop=\"headline\"  >Afahrt<\/h1><div class=\"special-heading-border\"><div class=\"special-heading-inner-border\"><\/div><\/div><\/div><\/div>\n\n<style type=\"text\/css\" data-created_by=\"avia_inline_auto\" id=\"style-css-av-k363cjsl-6c3a36cc1ad2d24930cc419f13ab6bc6\">\n#top .hr.av-k363cjsl-6c3a36cc1ad2d24930cc419f13ab6bc6{\nmargin-top:0px;\nmargin-bottom:30px;\n}\n.hr.av-k363cjsl-6c3a36cc1ad2d24930cc419f13ab6bc6 .hr-inner{\nwidth:30%;\nborder-color:#e8e8e8;\nmax-width:45%;\n}\n.hr.av-k363cjsl-6c3a36cc1ad2d24930cc419f13ab6bc6 .av-seperator-icon{\ncolor:#e8e8e8;\n}\n.hr.av-k363cjsl-6c3a36cc1ad2d24930cc419f13ab6bc6 .av-seperator-icon.avia-svg-icon svg:first-child{\nfill:#e8e8e8;\nstroke:#e8e8e8;\n}\n<\/style>\n<div  class='hr av-k363cjsl-6c3a36cc1ad2d24930cc419f13ab6bc6 hr-custom  avia-builder-el-2  el_after_av_one_full  el_before_av_section  avia-builder-el-last  hr-center hr-icon-yes'><span class='hr-inner inner-border-av-border-thin'><span class=\"hr-inner-style\"><\/span><\/span><span class='av-seperator-icon avia-iconfont avia-font-entypo-fontello' data-av_icon='\ue898' data-av_iconfont='entypo-fontello' ><\/span><span class='hr-inner inner-border-av-border-thin'><span class=\"hr-inner-style\"><\/span><\/span><\/div>\n<\/div><\/div><\/div><!-- close content main div --><\/div><\/div>\n<style type=\"text\/css\" data-created_by=\"avia_inline_auto\" id=\"style-css-av-k3647wxa-14f501a09e84162727fa6ec184c7a00c\">\n.avia-section.av-k3647wxa-14f501a09e84162727fa6ec184c7a00c{\nmargin-top:0px;\nmargin-bottom:100px;\n}\n<\/style>\n<div id='av_section_1'  class='avia-section av-k3647wxa-14f501a09e84162727fa6ec184c7a00c main_color avia-section-no-padding avia-no-border-styling  avia-builder-el-3  el_after_av_hr  avia-builder-el-last  avia-bg-style-scroll container_wrap sidebar_right'  ><div class='container av-section-cont-open' ><div class='template-page content  av-content-small alpha units'><div class='post-entry post-entry-type-page post-entry-4423'><div class='entry-content-wrapper clearfix'>\n\n<style type=\"text\/css\" data-created_by=\"avia_inline_auto\" id=\"style-css-av-7nzzw-2c1641dce56e8229eb55335a5a6ec76f\">\n.flex_column.av-7nzzw-2c1641dce56e8229eb55335a5a6ec76f{\nborder-radius:0px 0px 0px 0px;\npadding:0px 0px 0px 0px;\n}\n<\/style>\n<div  class='flex_column av-7nzzw-2c1641dce56e8229eb55335a5a6ec76f av_two_third  avia-builder-el-4  el_before_av_one_third  avia-builder-el-first  first flex_column_div av-animated-generic bottom-to-top av-zero-column-padding  '     ><p>\n<style type=\"text\/css\" data-created_by=\"avia_inline_auto\" id=\"style-css-av-10b2c-a9a740f759bc1b917abc446ad2a034c7\">\n#top .av-special-heading.av-10b2c-a9a740f759bc1b917abc446ad2a034c7{\npadding-bottom:10px;\n}\nbody .av-special-heading.av-10b2c-a9a740f759bc1b917abc446ad2a034c7 .av-special-heading-tag .heading-char{\nfont-size:25px;\n}\n.av-special-heading.av-10b2c-a9a740f759bc1b917abc446ad2a034c7 .av-subheading{\nfont-size:15px;\n}\n<\/style>\n<div  class='av-special-heading av-10b2c-a9a740f759bc1b917abc446ad2a034c7 av-special-heading-h3 blockquote modern-quote  avia-builder-el-5  el_before_av_codeblock  avia-builder-el-first '><h3 class='av-special-heading-tag '  itemprop=\"headline\"  >Ihr Weg zu OSG EX-CELL-O, Standort Eislingen, Salacher Stra\u00dfe 93<\/h3><div class=\"special-heading-border\"><div class=\"special-heading-inner-border\"><\/div><\/div><\/div><br \/>\n<\/p><\/div>\n<style type=\"text\/css\" data-created_by=\"avia_inline_auto\" id=\"style-css-av-2xr7s-9df35d69ef1a09bcc09b2b938a3b6cd9\">\n.flex_column.av-2xr7s-9df35d69ef1a09bcc09b2b938a3b6cd9{\nborder-radius:0px 0px 0px 0px;\npadding:0px 0px 0px 0px;\n}\n<\/style>\n<div  class='flex_column av-2xr7s-9df35d69ef1a09bcc09b2b938a3b6cd9 av_one_third  avia-builder-el-7  el_after_av_two_third  avia-builder-el-last  flex_column_div av-animated-generic bottom-to-top av-zero-column-padding  '     ><p>\n<style type=\"text\/css\" data-created_by=\"avia_inline_auto\" id=\"style-css-av-k3cs1gff-90124a322c59009f6b13a578077cb963\">\n#top .hr.hr-invisible.av-k3cs1gff-90124a322c59009f6b13a578077cb963{\nheight:10px;\n}\n<\/style>\n<div  class='hr av-k3cs1gff-90124a322c59009f6b13a578077cb963 hr-invisible  avia-builder-el-8  el_before_av_textblock  avia-builder-el-first '><span class='hr-inner '><span class=\"hr-inner-style\"><\/span><\/span><\/div><br \/>\n<section  class='av_textblock_section av-k39wqwhf-450478a13d7bef2ac823f83cdf21da0e '   itemscope=\"itemscope\" itemtype=\"https:\/\/schema.org\/CreativeWork\" ><div class='avia_textblock'  itemprop=\"text\" ><p><strong>Aus Richtung Stuttgart kommend<\/strong> fahren Sie auf der B10 und nehmen die Ausfahrt Richtung Eislingen-Ost \/ Salach. Fahren Sie Richtung Eislingen, beim 1. Kreisverkehr vor Eislingen rechts halten bis zum n\u00e4chsten Kreisverkehr, rechts abbiegen und dem Stra\u00dfenverlauf rechts folgen, beim n\u00e4chsten Kreisverkehr links abbiegen.<\/p>\n<\/div><\/section><br \/>\n<section  class='av_textblock_section av-k39wqwhf-1-f2885cd52b79155233b8b6504e725b5c '   itemscope=\"itemscope\" itemtype=\"https:\/\/schema.org\/CreativeWork\" ><div class='avia_textblock'  itemprop=\"text\" ><p><strong>Aus Richtung Mu\u0308nchen A8 kommend<\/strong> wechseln Sie auf die B10 Ausfahrt Ulm\/West und fahren in Richtung Geislingen. Bleiben Sie auf der B10 bis zur Ausfahrt Salach. Fahren Sie Richtung Eislingen, beim 1. Kreisverkehr vor Eislingen rechts halten bis zum n\u00e4chsten Kreisverkehr, rechts abbiegen und dem Stra\u00dfenverlauf rechts folgen, beim n\u00e4chsten Kreisverkehr links abbiegen.<\/p>\n<\/div><\/section><br \/>\n<\/p><\/div><\/div><\/div><\/div><!-- close content main div --><\/div><\/div><div id='after_section_1'  class='main_color av_default_container_wrap container_wrap sidebar_right'  ><div class='container av-section-cont-open' ><div class='template-page content  av-content-small alpha units'><div class='post-entry post-entry-type-page post-entry-4423'><div class='entry-content-wrapper clearfix'>\n","protected":false},"excerpt":{"rendered":"","protected":false},"author":1,"featured_media":0,"parent":2209,"menu_order":80,"comment_status":"closed","ping_status":"closed","template":"","meta":{"footnotes":""},"class_list":["post-4423","page","type-page","status-publish","hentry"],"yoast_head":"<!-- This site is optimized with the Yoast SEO plugin v27.2 - https:\/\/yoast.com\/product\/yoast-seo-wordpress\/ -->\n<title>Afahrt - OSG Ex-Cell-O<\/title>\n<meta name=\"robots\" content=\"index, follow, max-snippet:-1, max-image-preview:large, max-video-preview:-1\" \/>\n<link rel=\"canonical\" href=\"https:\/\/osg-excello.com\/de-bw\/ondernehma\/afahrt\/\" \/>\n<meta property=\"og:locale\" content=\"de_DE\" \/>\n<meta property=\"og:type\" content=\"article\" \/>\n<meta property=\"og:title\" content=\"Afahrt - OSG Ex-Cell-O\" \/>\n<meta property=\"og:url\" content=\"https:\/\/osg-excello.com\/de-bw\/ondernehma\/afahrt\/\" \/>\n<meta property=\"og:site_name\" content=\"OSG Ex-Cell-O\" \/>\n<meta property=\"article:modified_time\" content=\"2022-09-02T06:36:28+00:00\" \/>\n<meta name=\"twitter:card\" content=\"summary_large_image\" \/>\n<meta name=\"twitter:label1\" content=\"Est. reading time\" \/>\n\t<meta name=\"twitter:data1\" content=\"6 minutes\" \/>\n<script type=\"application\/ld+json\" class=\"yoast-schema-graph\">{\"@context\":\"https:\/\/schema.org\",\"@graph\":[{\"@type\":\"WebPage\",\"@id\":\"https:\/\/osg-excello.com\/de-bw\/ondernehma\/afahrt\/\",\"url\":\"https:\/\/osg-excello.com\/de-bw\/ondernehma\/afahrt\/\",\"name\":\"Afahrt - OSG Ex-Cell-O\",\"isPartOf\":{\"@id\":\"https:\/\/osg-excello.com\/de-bw\/#website\"},\"datePublished\":\"2019-11-19T13:16:22+00:00\",\"dateModified\":\"2022-09-02T06:36:28+00:00\",\"breadcrumb\":{\"@id\":\"https:\/\/osg-excello.com\/de-bw\/ondernehma\/afahrt\/#breadcrumb\"},\"inLanguage\":\"de-BW\",\"potentialAction\":[{\"@type\":\"ReadAction\",\"target\":[\"https:\/\/osg-excello.com\/de-bw\/ondernehma\/afahrt\/\"]}]},{\"@type\":\"BreadcrumbList\",\"@id\":\"https:\/\/osg-excello.com\/de-bw\/ondernehma\/afahrt\/#breadcrumb\",\"itemListElement\":[{\"@type\":\"ListItem\",\"position\":1,\"name\":\"Startseite\",\"item\":\"https:\/\/osg-excello.com\/de-bw\/\"},{\"@type\":\"ListItem\",\"position\":2,\"name\":\"ONDERNEHMA\",\"item\":\"https:\/\/osg-excello.com\/de-bw\/\"},{\"@type\":\"ListItem\",\"position\":3,\"name\":\"Afahrt\"}]},{\"@type\":\"WebSite\",\"@id\":\"https:\/\/osg-excello.com\/de-bw\/#website\",\"url\":\"https:\/\/osg-excello.com\/de-bw\/\",\"name\":\"OSG Ex-Cell-O\",\"description\":\"\",\"publisher\":{\"@id\":\"https:\/\/osg-excello.com\/de-bw\/#organization\"},\"potentialAction\":[{\"@type\":\"SearchAction\",\"target\":{\"@type\":\"EntryPoint\",\"urlTemplate\":\"https:\/\/osg-excello.com\/de-bw\/?s={search_term_string}\"},\"query-input\":{\"@type\":\"PropertyValueSpecification\",\"valueRequired\":true,\"valueName\":\"search_term_string\"}}],\"inLanguage\":\"de-BW\"},{\"@type\":\"Organization\",\"@id\":\"https:\/\/osg-excello.com\/de-bw\/#organization\",\"name\":\"OSG Ex-Cell-O GmbH\",\"url\":\"https:\/\/osg-excello.com\/de-bw\/\",\"logo\":{\"@type\":\"ImageObject\",\"inLanguage\":\"de-BW\",\"@id\":\"https:\/\/osg-excello.com\/de-bw\/#\/schema\/logo\/image\/\",\"url\":\"https:\/\/osg-excello.com\/wp-content\/uploads\/2019\/11\/osg_excello_logo_final-2.png\",\"contentUrl\":\"https:\/\/osg-excello.com\/wp-content\/uploads\/2019\/11\/osg_excello_logo_final-2.png\",\"width\":514,\"height\":236,\"caption\":\"OSG Ex-Cell-O GmbH\"},\"image\":{\"@id\":\"https:\/\/osg-excello.com\/de-bw\/#\/schema\/logo\/image\/\"}}]}<\/script>\n<!-- \/ Yoast SEO plugin. -->","yoast_head_json":{"title":"Afahrt - OSG Ex-Cell-O","robots":{"index":"index","follow":"follow","max-snippet":"max-snippet:-1","max-image-preview":"max-image-preview:large","max-video-preview":"max-video-preview:-1"},"canonical":"https:\/\/osg-excello.com\/de-bw\/ondernehma\/afahrt\/","og_locale":"de_DE","og_type":"article","og_title":"Afahrt - OSG Ex-Cell-O","og_url":"https:\/\/osg-excello.com\/de-bw\/ondernehma\/afahrt\/","og_site_name":"OSG Ex-Cell-O","article_modified_time":"2022-09-02T06:36:28+00:00","twitter_card":"summary_large_image","twitter_misc":{"Est. reading time":"6 minutes"},"schema":{"@context":"https:\/\/schema.org","@graph":[{"@type":"WebPage","@id":"https:\/\/osg-excello.com\/de-bw\/ondernehma\/afahrt\/","url":"https:\/\/osg-excello.com\/de-bw\/ondernehma\/afahrt\/","name":"Afahrt - OSG Ex-Cell-O","isPartOf":{"@id":"https:\/\/osg-excello.com\/de-bw\/#website"},"datePublished":"2019-11-19T13:16:22+00:00","dateModified":"2022-09-02T06:36:28+00:00","breadcrumb":{"@id":"https:\/\/osg-excello.com\/de-bw\/ondernehma\/afahrt\/#breadcrumb"},"inLanguage":"de-BW","potentialAction":[{"@type":"ReadAction","target":["https:\/\/osg-excello.com\/de-bw\/ondernehma\/afahrt\/"]}]},{"@type":"BreadcrumbList","@id":"https:\/\/osg-excello.com\/de-bw\/ondernehma\/afahrt\/#breadcrumb","itemListElement":[{"@type":"ListItem","position":1,"name":"Startseite","item":"https:\/\/osg-excello.com\/de-bw\/"},{"@type":"ListItem","position":2,"name":"ONDERNEHMA","item":"https:\/\/osg-excello.com\/de-bw\/"},{"@type":"ListItem","position":3,"name":"Afahrt"}]},{"@type":"WebSite","@id":"https:\/\/osg-excello.com\/de-bw\/#website","url":"https:\/\/osg-excello.com\/de-bw\/","name":"OSG Ex-Cell-O","description":"","publisher":{"@id":"https:\/\/osg-excello.com\/de-bw\/#organization"},"potentialAction":[{"@type":"SearchAction","target":{"@type":"EntryPoint","urlTemplate":"https:\/\/osg-excello.com\/de-bw\/?s={search_term_string}"},"query-input":{"@type":"PropertyValueSpecification","valueRequired":true,"valueName":"search_term_string"}}],"inLanguage":"de-BW"},{"@type":"Organization","@id":"https:\/\/osg-excello.com\/de-bw\/#organization","name":"OSG Ex-Cell-O GmbH","url":"https:\/\/osg-excello.com\/de-bw\/","logo":{"@type":"ImageObject","inLanguage":"de-BW","@id":"https:\/\/osg-excello.com\/de-bw\/#\/schema\/logo\/image\/","url":"https:\/\/osg-excello.com\/wp-content\/uploads\/2019\/11\/osg_excello_logo_final-2.png","contentUrl":"https:\/\/osg-excello.com\/wp-content\/uploads\/2019\/11\/osg_excello_logo_final-2.png","width":514,"height":236,"caption":"OSG Ex-Cell-O GmbH"},"image":{"@id":"https:\/\/osg-excello.com\/de-bw\/#\/schema\/logo\/image\/"}}]}},"_links":{"self":[{"href":"https:\/\/osg-excello.com\/de-bw\/wp-json\/wp\/v2\/pages\/4423","targetHints":{"allow":["GET"]}}],"collection":[{"href":"https:\/\/osg-excello.com\/de-bw\/wp-json\/wp\/v2\/pages"}],"about":[{"href":"https:\/\/osg-excello.com\/de-bw\/wp-json\/wp\/v2\/types\/page"}],"author":[{"embeddable":true,"href":"https:\/\/osg-excello.com\/de-bw\/wp-json\/wp\/v2\/users\/1"}],"replies":[{"embeddable":true,"href":"https:\/\/osg-excello.com\/de-bw\/wp-json\/wp\/v2\/comments?post=4423"}],"version-history":[{"count":10,"href":"https:\/\/osg-excello.com\/de-bw\/wp-json\/wp\/v2\/pages\/4423\/revisions"}],"predecessor-version":[{"id":11961,"href":"https:\/\/osg-excello.com\/de-bw\/wp-json\/wp\/v2\/pages\/4423\/revisions\/11961"}],"up":[{"embeddable":true,"href":"https:\/\/osg-excello.com\/de-bw\/wp-json\/wp\/v2\/pages\/2209"}],"wp:attachment":[{"href":"https:\/\/osg-excello.com\/de-bw\/wp-json\/wp\/v2\/media?parent=4423"}],"curies":[{"name":"wp","href":"https:\/\/api.w.org\/{rel}","templated":true}]}}