{"id":5662,"date":"2019-11-19T16:21:55","date_gmt":"2019-11-19T15:21:55","guid":{"rendered":"https:\/\/osg-excello.com\/mascheena\/xk12-serie\/"},"modified":"2021-06-30T20:41:17","modified_gmt":"2021-06-30T18:41:17","slug":"xk12-serie","status":"publish","type":"page","link":"https:\/\/osg-excello.com\/de-bw\/mascheena\/xk12-serie\/","title":{"rendered":"XK12-Serie"},"content":{"rendered":"\n<style type=\"text\/css\" data-created_by=\"avia_inline_auto\" id=\"style-css-av-807no-33a4a38e5e0d5dea70cde682a9dc653a\">\n.flex_column.av-807no-33a4a38e5e0d5dea70cde682a9dc653a{\nborder-radius:0px 0px 0px 0px;\npadding:25px 0px 0px 0px;\n}\n<\/style>\n<div  class='flex_column av-807no-33a4a38e5e0d5dea70cde682a9dc653a av_one_full  avia-builder-el-0  el_before_av_hr  avia-builder-el-first  first flex_column_div  '     ><style type=\"text\/css\" data-created_by=\"avia_inline_auto\" id=\"style-css-av-k3a80l1x-8502f138043a48358a5a010d225e630e\">\n#top .av-special-heading.av-k3a80l1x-8502f138043a48358a5a010d225e630e{\npadding-bottom:10px;\n}\nbody .av-special-heading.av-k3a80l1x-8502f138043a48358a5a010d225e630e .av-special-heading-tag .heading-char{\nfont-size:25px;\n}\n.av-special-heading.av-k3a80l1x-8502f138043a48358a5a010d225e630e .av-subheading{\nfont-size:15px;\n}\n<\/style>\n<div  class='av-special-heading av-k3a80l1x-8502f138043a48358a5a010d225e630e av-special-heading-h1 blockquote modern-quote modern-centered  avia-builder-el-1  avia-builder-el-no-sibling '><h1 class='av-special-heading-tag '  itemprop=\"headline\"  >XK 12-Serie<\/h1><div class=\"special-heading-border\"><div class=\"special-heading-inner-border\"><\/div><\/div><\/div><\/div>\n\n<style type=\"text\/css\" data-created_by=\"avia_inline_auto\" id=\"style-css-av-k363cjsl-6c3a36cc1ad2d24930cc419f13ab6bc6\">\n#top .hr.av-k363cjsl-6c3a36cc1ad2d24930cc419f13ab6bc6{\nmargin-top:0px;\nmargin-bottom:30px;\n}\n.hr.av-k363cjsl-6c3a36cc1ad2d24930cc419f13ab6bc6 .hr-inner{\nwidth:30%;\nborder-color:#e8e8e8;\nmax-width:45%;\n}\n.hr.av-k363cjsl-6c3a36cc1ad2d24930cc419f13ab6bc6 .av-seperator-icon{\ncolor:#e8e8e8;\n}\n.hr.av-k363cjsl-6c3a36cc1ad2d24930cc419f13ab6bc6 .av-seperator-icon.avia-svg-icon svg:first-child{\nfill:#e8e8e8;\nstroke:#e8e8e8;\n}\n<\/style>\n<div  class='hr av-k363cjsl-6c3a36cc1ad2d24930cc419f13ab6bc6 hr-custom  avia-builder-el-2  el_after_av_one_full  el_before_av_section  avia-builder-el-last  hr-center hr-icon-yes'><span class='hr-inner inner-border-av-border-thin'><span class=\"hr-inner-style\"><\/span><\/span><span class='av-seperator-icon avia-iconfont avia-font-entypo-fontello' data-av_icon='\ue898' data-av_iconfont='entypo-fontello' ><\/span><span class='hr-inner inner-border-av-border-thin'><span class=\"hr-inner-style\"><\/span><\/span><\/div>\n<\/div><\/div><\/div><!-- close content main div --><\/div><\/div>\n<style type=\"text\/css\" data-created_by=\"avia_inline_auto\" id=\"style-css-av-k3647wxa-14f501a09e84162727fa6ec184c7a00c\">\n.avia-section.av-k3647wxa-14f501a09e84162727fa6ec184c7a00c{\nmargin-top:0px;\nmargin-bottom:100px;\n}\n<\/style>\n<div id='av_section_1'  class='avia-section av-k3647wxa-14f501a09e84162727fa6ec184c7a00c main_color avia-section-no-padding avia-no-border-styling  avia-builder-el-3  el_after_av_hr  avia-builder-el-last  avia-bg-style-scroll container_wrap sidebar_right'  ><div class='container av-section-cont-open' ><div class='template-page content  av-content-small alpha units'><div class='post-entry post-entry-type-page post-entry-5662'><div class='entry-content-wrapper clearfix'>\n\n<style type=\"text\/css\" data-created_by=\"avia_inline_auto\" id=\"style-css-av-7nzzw-2c1641dce56e8229eb55335a5a6ec76f\">\n.flex_column.av-7nzzw-2c1641dce56e8229eb55335a5a6ec76f{\nborder-radius:0px 0px 0px 0px;\npadding:0px 0px 0px 0px;\n}\n<\/style>\n<div  class='flex_column av-7nzzw-2c1641dce56e8229eb55335a5a6ec76f av_two_third  avia-builder-el-4  el_before_av_one_third  avia-builder-el-first  first flex_column_div av-animated-generic bottom-to-top av-zero-column-padding  '     ><p>\n<style type=\"text\/css\" data-created_by=\"avia_inline_auto\" id=\"style-css-av-k3conupj-65eab59bd4b551b4d1eb2f824c8ab7e9\">\n.avia-image-container.av-k3conupj-65eab59bd4b551b4d1eb2f824c8ab7e9 img.avia_image{\nbox-shadow:none;\n}\n.avia-image-container.av-k3conupj-65eab59bd4b551b4d1eb2f824c8ab7e9 .av-image-caption-overlay-center{\ncolor:#ffffff;\n}\n<\/style>\n<div  class='avia-image-container av-k3conupj-65eab59bd4b551b4d1eb2f824c8ab7e9 av-styling- av-hover-grow av-hide-overflow av-img-linked avia-align-center  avia-builder-el-5  el_before_av_hr  avia-builder-el-first '   itemprop=\"image\" itemscope=\"itemscope\" itemtype=\"https:\/\/schema.org\/ImageObject\" ><div class=\"avia-image-container-inner\"><div class=\"avia-image-overlay-wrap\"><a href=\"https:\/\/osg-excello.com\/wp-content\/uploads\/2019\/11\/maschinen_XK12.jpg\" data-srcset=\"https:\/\/osg-excello.com\/wp-content\/uploads\/2019\/11\/maschinen_XK12.jpg 1280w, https:\/\/osg-excello.com\/wp-content\/uploads\/2019\/11\/maschinen_XK12-768x443.jpg 768w, https:\/\/osg-excello.com\/wp-content\/uploads\/2019\/11\/maschinen_XK12-705x407.jpg 705w\" data-sizes=\"(max-width: 1280px) 100vw, 1280px\" class='avia_image '  aria-label='maschinen_XK12'><img decoding=\"async\" fetchpriority=\"high\" class='wp-image-5682 avia-img-lazy-loading-not-5682 avia_image ' src=\"https:\/\/osg-excello.com\/wp-content\/uploads\/2019\/11\/maschinen_XK12.jpg\" alt='' title='maschinen_XK12'  height=\"739\" width=\"1280\"  itemprop=\"thumbnailUrl\" srcset=\"https:\/\/osg-excello.com\/wp-content\/uploads\/2019\/11\/maschinen_XK12.jpg 1280w, https:\/\/osg-excello.com\/wp-content\/uploads\/2019\/11\/maschinen_XK12-768x443.jpg 768w, https:\/\/osg-excello.com\/wp-content\/uploads\/2019\/11\/maschinen_XK12-705x407.jpg 705w\" sizes=\"(max-width: 1280px) 100vw, 1280px\" \/><\/a><\/div><\/div><\/div><br \/>\n\n<style type=\"text\/css\" data-created_by=\"avia_inline_auto\" id=\"style-css-av-k3b9kc22-fb179e88a596ca9b3f22021301765415\">\n#top .hr.hr-invisible.av-k3b9kc22-fb179e88a596ca9b3f22021301765415{\nheight:30px;\n}\n<\/style>\n<div  class='hr av-k3b9kc22-fb179e88a596ca9b3f22021301765415 hr-invisible  avia-builder-el-6  el_after_av_image  el_before_av_image '><span class='hr-inner '><span class=\"hr-inner-style\"><\/span><\/span><\/div><br \/>\n\n<style type=\"text\/css\" data-created_by=\"avia_inline_auto\" id=\"style-css-av-k3conupj-8039d1786f778451d206c87192ff0b20\">\n.avia-image-container.av-k3conupj-8039d1786f778451d206c87192ff0b20 img.avia_image{\nbox-shadow:none;\n}\n.avia-image-container.av-k3conupj-8039d1786f778451d206c87192ff0b20 .av-image-caption-overlay-center{\ncolor:#ffffff;\n}\n<\/style>\n<div  class='avia-image-container av-k3conupj-8039d1786f778451d206c87192ff0b20 av-styling- av-hover-grow av-hide-overflow av-img-linked avia-align-left  avia-builder-el-7  el_after_av_hr  el_before_av_image  rowImage50'   itemprop=\"image\" itemscope=\"itemscope\" itemtype=\"https:\/\/schema.org\/ImageObject\" ><div class=\"avia-image-container-inner\"><div class=\"avia-image-overlay-wrap\"><a href=\"https:\/\/osg-excello.com\/wp-content\/uploads\/2019\/11\/xk12_IMG_4621_retouched.jpg\" data-srcset=\"https:\/\/osg-excello.com\/wp-content\/uploads\/2019\/11\/xk12_IMG_4621_retouched.jpg 800w, https:\/\/osg-excello.com\/wp-content\/uploads\/2019\/11\/xk12_IMG_4621_retouched-300x200.jpg 300w, https:\/\/osg-excello.com\/wp-content\/uploads\/2019\/11\/xk12_IMG_4621_retouched-768x512.jpg 768w, https:\/\/osg-excello.com\/wp-content\/uploads\/2019\/11\/xk12_IMG_4621_retouched-705x470.jpg 705w\" data-sizes=\"(max-width: 800px) 100vw, 800px\" class='avia_image '  aria-label='xk12_IMG_4621_retouched'><img decoding=\"async\" fetchpriority=\"high\" class='wp-image-5679 avia-img-lazy-loading-not-5679 avia_image ' src=\"https:\/\/osg-excello.com\/wp-content\/uploads\/2019\/11\/xk12_IMG_4621_retouched-495x400.jpg\" alt='' title='xk12_IMG_4621_retouched'  height=\"400\" width=\"495\"  itemprop=\"thumbnailUrl\"  \/><\/a><\/div><\/div><\/div><br \/>\n\n<style type=\"text\/css\" data-created_by=\"avia_inline_auto\" id=\"style-css-av-k3conupj-be0bcd17bbfb889ed95a4ee076f08b1c\">\n.avia-image-container.av-k3conupj-be0bcd17bbfb889ed95a4ee076f08b1c img.avia_image{\nbox-shadow:none;\n}\n.avia-image-container.av-k3conupj-be0bcd17bbfb889ed95a4ee076f08b1c .av-image-caption-overlay-center{\ncolor:#ffffff;\n}\n<\/style>\n<div  class='avia-image-container av-k3conupj-be0bcd17bbfb889ed95a4ee076f08b1c av-styling- av-hover-grow av-hide-overflow av-img-linked avia-align-left  avia-builder-el-8  el_after_av_image  avia-builder-el-last  rowImage50'   itemprop=\"image\" itemscope=\"itemscope\" itemtype=\"https:\/\/schema.org\/ImageObject\" ><div class=\"avia-image-container-inner\"><div class=\"avia-image-overlay-wrap\"><a href=\"https:\/\/osg-excello.com\/wp-content\/uploads\/2019\/11\/xk12_IMG_4614_Welle_freigestellt_retuschiert.jpg\" data-srcset=\"https:\/\/osg-excello.com\/wp-content\/uploads\/2019\/11\/xk12_IMG_4614_Welle_freigestellt_retuschiert.jpg 800w, https:\/\/osg-excello.com\/wp-content\/uploads\/2019\/11\/xk12_IMG_4614_Welle_freigestellt_retuschiert-300x156.jpg 300w, https:\/\/osg-excello.com\/wp-content\/uploads\/2019\/11\/xk12_IMG_4614_Welle_freigestellt_retuschiert-768x398.jpg 768w, https:\/\/osg-excello.com\/wp-content\/uploads\/2019\/11\/xk12_IMG_4614_Welle_freigestellt_retuschiert-705x366.jpg 705w\" data-sizes=\"(max-width: 800px) 100vw, 800px\" class='avia_image '  aria-label='xk12_IMG_4614_Welle_freigestellt_retuschiert'><img decoding=\"async\" fetchpriority=\"high\" class='wp-image-5678 avia-img-lazy-loading-not-5678 avia_image ' src=\"https:\/\/osg-excello.com\/wp-content\/uploads\/2019\/11\/xk12_IMG_4614_Welle_freigestellt_retuschiert-495x400.jpg\" alt='' title='xk12_IMG_4614_Welle_freigestellt_retuschiert'  height=\"400\" width=\"495\"  itemprop=\"thumbnailUrl\"  \/><\/a><\/div><\/div><\/div><\/p><\/div>\n<style type=\"text\/css\" data-created_by=\"avia_inline_auto\" id=\"style-css-av-7nzzw-47ef4b95d16ddc52afc9d03e4ee84fbc\">\n.flex_column.av-7nzzw-47ef4b95d16ddc52afc9d03e4ee84fbc{\nborder-radius:0px 0px 0px 0px;\npadding:0px 0px 0px 0px;\n}\n<\/style>\n<div  class='flex_column av-7nzzw-47ef4b95d16ddc52afc9d03e4ee84fbc av_one_third  avia-builder-el-9  el_after_av_two_third  avia-builder-el-last  flex_column_div av-animated-generic bottom-to-top av-zero-column-padding  '     ><p>\n<style type=\"text\/css\" data-created_by=\"avia_inline_auto\" id=\"style-css-av-2dhba-e4133c2046e2fceb0b307322d1d074ac\">\n#top .av-special-heading.av-2dhba-e4133c2046e2fceb0b307322d1d074ac{\npadding-bottom:10px;\n}\nbody .av-special-heading.av-2dhba-e4133c2046e2fceb0b307322d1d074ac .av-special-heading-tag .heading-char{\nfont-size:25px;\n}\n.av-special-heading.av-2dhba-e4133c2046e2fceb0b307322d1d074ac .av-subheading{\nfont-size:15px;\n}\n<\/style>\n<div  class='av-special-heading av-2dhba-e4133c2046e2fceb0b307322d1d074ac av-special-heading-h3  avia-builder-el-10  el_before_av_textblock  avia-builder-el-first '><h3 class='av-special-heading-tag '  itemprop=\"headline\"  >XK 1275<\/h3><div class=\"special-heading-border\"><div class=\"special-heading-inner-border\"><\/div><\/div><\/div><br \/>\n<section  class='av_textblock_section av-k3a8vy1i-c3eaba6a5673f57b0224f2a8c69b5209 '   itemscope=\"itemscope\" itemtype=\"https:\/\/schema.org\/CreativeWork\" ><div class='avia_textblock'  itemprop=\"text\" ><p>D&#8217; greschda Kaltwalzmaschee XK 12 von OSG EX-CELL-O basierd auf dr bew\u00e4hrda XK 8 ond isch em Zug von ra kombledda Weiderendwicklong en ihrer Schdeifigkeid, wie au en de Achskr\u00e4fde massiv verschd\u00e4rgt worra. N\u00e4ba de maximal megliche Walzdurchmesser von 120 mm ond dr maximala Werkschd\u00fcckl\u00e4nge von 5000 mm glenzd dui Maschee mit Energieeffizienz durch elegdromechanische Achsadrieb, ra kloinera Aufschdellfl\u00e4che, sowie mit ma nuia, ergonomisch optimierda Vergleidungskonzepd.<\/p>\n<\/div><\/section><br \/>\n\n<style type=\"text\/css\" data-created_by=\"avia_inline_auto\" id=\"style-css-av-1f3yu-528e621ebc62cf9e379b4f0653119198\">\n#top .av-special-heading.av-1f3yu-528e621ebc62cf9e379b4f0653119198{\npadding-bottom:10px;\n}\nbody .av-special-heading.av-1f3yu-528e621ebc62cf9e379b4f0653119198 .av-special-heading-tag .heading-char{\nfont-size:25px;\n}\n.av-special-heading.av-1f3yu-528e621ebc62cf9e379b4f0653119198 .av-subheading{\nfont-size:15px;\n}\n<\/style>\n<div  class='av-special-heading av-1f3yu-528e621ebc62cf9e379b4f0653119198 av-special-heading-h3  avia-builder-el-12  el_after_av_textblock  el_before_av_textblock '><h3 class='av-special-heading-tag '  itemprop=\"headline\"  >XK 1275 Kernverwendung:<\/h3><div class=\"special-heading-border\"><div class=\"special-heading-inner-border\"><\/div><\/div><\/div><br \/>\n<section  class='av_textblock_section av-k3a8vy1i-c3eaba6a5673f57b0224f2a8c69b5209 '   itemscope=\"itemscope\" itemtype=\"https:\/\/schema.org\/CreativeWork\" ><div class='avia_textblock'  itemprop=\"text\" ><ul>\n<li>LKW-Achswella<\/li>\n<li>LKW-Getriebewella<\/li>\n<li>Gre\u00dfere Antriebselemende fr Nutzfahrzeig, Baumaschina odr Schiffskomponenda. <\/li>\n<\/ul>\n<\/div><\/section><br \/>\n\n<style type=\"text\/css\" data-created_by=\"avia_inline_auto\" id=\"style-css-av-ywpm-f0f385c7c77e0338f601d11e63a826f6\">\n#top .av-special-heading.av-ywpm-f0f385c7c77e0338f601d11e63a826f6{\npadding-bottom:10px;\n}\nbody .av-special-heading.av-ywpm-f0f385c7c77e0338f601d11e63a826f6 .av-special-heading-tag .heading-char{\nfont-size:25px;\n}\n.av-special-heading.av-ywpm-f0f385c7c77e0338f601d11e63a826f6 .av-subheading{\nfont-size:15px;\n}\n<\/style>\n<div  class='av-special-heading av-ywpm-f0f385c7c77e0338f601d11e63a826f6 av-special-heading-h3  avia-builder-el-14  el_after_av_textblock  el_before_av_textblock '><h3 class='av-special-heading-tag '  itemprop=\"headline\"  >Vordoil ond Highlights<\/h3><div class=\"special-heading-border\"><div class=\"special-heading-inner-border\"><\/div><\/div><\/div><br \/>\n<section  class='av_textblock_section av-k3a8vy1i-c3eaba6a5673f57b0224f2a8c69b5209 '   itemscope=\"itemscope\" itemtype=\"https:\/\/schema.org\/CreativeWork\" ><div class='avia_textblock'  itemprop=\"text\" ><ul>\n<li>Maschinaschdeifigkeid ond Achskr\u00e4ft von dera Maschee send massiv verschd\u00e4rkt<\/li>\n<li>Werkschd\u00fcckl\u00e4nga bis 5000 mm<\/li>\n<li>Kombakd ond energieeffiziend durch CNC-Atrieb en de Werkschdick- ond Vorschubachsa<\/li>\n<li>Doilungsfehlerkorrekdur \u00fcberd Schdeierung<\/li>\n<li>X- ond Z-Achsa-Inderpoladio w\u00e4hrend em Walza meglich<\/li>\n<li>Variation dr Z\u00e4hnezahl am Werkschdick ohne Werkzeigwechsel<\/li>\n<li>Gschwendigkeid schdufalos programmierbar<\/li>\n<li>Opdimierdes Maschinavergleidungskonzepd<\/li>\n<\/ul>\n<\/div><\/section><\/p><\/div><\/div><\/div><\/div><!-- close content main div --><\/div><\/div><div id='after_section_1'  class='main_color av_default_container_wrap container_wrap sidebar_right'  ><div class='container av-section-cont-open' ><div class='template-page content  av-content-small alpha units'><div class='post-entry post-entry-type-page post-entry-5662'><div class='entry-content-wrapper clearfix'>\n","protected":false},"excerpt":{"rendered":"","protected":false},"author":1,"featured_media":0,"parent":2457,"menu_order":944,"comment_status":"closed","ping_status":"closed","template":"","meta":{"footnotes":""},"class_list":["post-5662","page","type-page","status-publish","hentry"],"yoast_head":"<!-- This site is optimized with the Yoast SEO plugin v27.2 - https:\/\/yoast.com\/product\/yoast-seo-wordpress\/ -->\n<title>XK12-Serie - OSG Ex-Cell-O<\/title>\n<meta name=\"robots\" content=\"index, follow, max-snippet:-1, max-image-preview:large, max-video-preview:-1\" \/>\n<link rel=\"canonical\" href=\"https:\/\/osg-excello.com\/de-bw\/mascheena\/xk12-serie\/\" \/>\n<meta property=\"og:locale\" content=\"de_DE\" \/>\n<meta property=\"og:type\" content=\"article\" \/>\n<meta property=\"og:title\" content=\"XK12-Serie - OSG Ex-Cell-O\" \/>\n<meta property=\"og:url\" content=\"https:\/\/osg-excello.com\/de-bw\/mascheena\/xk12-serie\/\" \/>\n<meta property=\"og:site_name\" content=\"OSG Ex-Cell-O\" \/>\n<meta property=\"article:modified_time\" content=\"2021-06-30T18:41:17+00:00\" \/>\n<meta name=\"twitter:card\" content=\"summary_large_image\" \/>\n<meta name=\"twitter:label1\" content=\"Est. reading time\" \/>\n\t<meta name=\"twitter:data1\" content=\"7 minutes\" \/>\n<script type=\"application\/ld+json\" class=\"yoast-schema-graph\">{\"@context\":\"https:\/\/schema.org\",\"@graph\":[{\"@type\":\"WebPage\",\"@id\":\"https:\/\/osg-excello.com\/de-bw\/mascheena\/xk12-serie\/\",\"url\":\"https:\/\/osg-excello.com\/de-bw\/mascheena\/xk12-serie\/\",\"name\":\"XK12-Serie - OSG Ex-Cell-O\",\"isPartOf\":{\"@id\":\"https:\/\/osg-excello.com\/de-bw\/#website\"},\"datePublished\":\"2019-11-19T15:21:55+00:00\",\"dateModified\":\"2021-06-30T18:41:17+00:00\",\"breadcrumb\":{\"@id\":\"https:\/\/osg-excello.com\/de-bw\/mascheena\/xk12-serie\/#breadcrumb\"},\"inLanguage\":\"de-BW\",\"potentialAction\":[{\"@type\":\"ReadAction\",\"target\":[\"https:\/\/osg-excello.com\/de-bw\/mascheena\/xk12-serie\/\"]}]},{\"@type\":\"BreadcrumbList\",\"@id\":\"https:\/\/osg-excello.com\/de-bw\/mascheena\/xk12-serie\/#breadcrumb\",\"itemListElement\":[{\"@type\":\"ListItem\",\"position\":1,\"name\":\"Startseite\",\"item\":\"https:\/\/osg-excello.com\/de-bw\/\"},{\"@type\":\"ListItem\",\"position\":2,\"name\":\"MASCHEENA\",\"item\":\"https:\/\/osg-excello.com\/de-bw\/mascheena\/\"},{\"@type\":\"ListItem\",\"position\":3,\"name\":\"XK12-Serie\"}]},{\"@type\":\"WebSite\",\"@id\":\"https:\/\/osg-excello.com\/de-bw\/#website\",\"url\":\"https:\/\/osg-excello.com\/de-bw\/\",\"name\":\"OSG Ex-Cell-O\",\"description\":\"\",\"publisher\":{\"@id\":\"https:\/\/osg-excello.com\/de-bw\/#organization\"},\"potentialAction\":[{\"@type\":\"SearchAction\",\"target\":{\"@type\":\"EntryPoint\",\"urlTemplate\":\"https:\/\/osg-excello.com\/de-bw\/?s={search_term_string}\"},\"query-input\":{\"@type\":\"PropertyValueSpecification\",\"valueRequired\":true,\"valueName\":\"search_term_string\"}}],\"inLanguage\":\"de-BW\"},{\"@type\":\"Organization\",\"@id\":\"https:\/\/osg-excello.com\/de-bw\/#organization\",\"name\":\"OSG Ex-Cell-O GmbH\",\"url\":\"https:\/\/osg-excello.com\/de-bw\/\",\"logo\":{\"@type\":\"ImageObject\",\"inLanguage\":\"de-BW\",\"@id\":\"https:\/\/osg-excello.com\/de-bw\/#\/schema\/logo\/image\/\",\"url\":\"https:\/\/osg-excello.com\/wp-content\/uploads\/2019\/11\/osg_excello_logo_final-2.png\",\"contentUrl\":\"https:\/\/osg-excello.com\/wp-content\/uploads\/2019\/11\/osg_excello_logo_final-2.png\",\"width\":514,\"height\":236,\"caption\":\"OSG Ex-Cell-O GmbH\"},\"image\":{\"@id\":\"https:\/\/osg-excello.com\/de-bw\/#\/schema\/logo\/image\/\"}}]}<\/script>\n<!-- \/ Yoast SEO plugin. -->","yoast_head_json":{"title":"XK12-Serie - OSG Ex-Cell-O","robots":{"index":"index","follow":"follow","max-snippet":"max-snippet:-1","max-image-preview":"max-image-preview:large","max-video-preview":"max-video-preview:-1"},"canonical":"https:\/\/osg-excello.com\/de-bw\/mascheena\/xk12-serie\/","og_locale":"de_DE","og_type":"article","og_title":"XK12-Serie - OSG Ex-Cell-O","og_url":"https:\/\/osg-excello.com\/de-bw\/mascheena\/xk12-serie\/","og_site_name":"OSG Ex-Cell-O","article_modified_time":"2021-06-30T18:41:17+00:00","twitter_card":"summary_large_image","twitter_misc":{"Est. reading time":"7 minutes"},"schema":{"@context":"https:\/\/schema.org","@graph":[{"@type":"WebPage","@id":"https:\/\/osg-excello.com\/de-bw\/mascheena\/xk12-serie\/","url":"https:\/\/osg-excello.com\/de-bw\/mascheena\/xk12-serie\/","name":"XK12-Serie - OSG Ex-Cell-O","isPartOf":{"@id":"https:\/\/osg-excello.com\/de-bw\/#website"},"datePublished":"2019-11-19T15:21:55+00:00","dateModified":"2021-06-30T18:41:17+00:00","breadcrumb":{"@id":"https:\/\/osg-excello.com\/de-bw\/mascheena\/xk12-serie\/#breadcrumb"},"inLanguage":"de-BW","potentialAction":[{"@type":"ReadAction","target":["https:\/\/osg-excello.com\/de-bw\/mascheena\/xk12-serie\/"]}]},{"@type":"BreadcrumbList","@id":"https:\/\/osg-excello.com\/de-bw\/mascheena\/xk12-serie\/#breadcrumb","itemListElement":[{"@type":"ListItem","position":1,"name":"Startseite","item":"https:\/\/osg-excello.com\/de-bw\/"},{"@type":"ListItem","position":2,"name":"MASCHEENA","item":"https:\/\/osg-excello.com\/de-bw\/mascheena\/"},{"@type":"ListItem","position":3,"name":"XK12-Serie"}]},{"@type":"WebSite","@id":"https:\/\/osg-excello.com\/de-bw\/#website","url":"https:\/\/osg-excello.com\/de-bw\/","name":"OSG Ex-Cell-O","description":"","publisher":{"@id":"https:\/\/osg-excello.com\/de-bw\/#organization"},"potentialAction":[{"@type":"SearchAction","target":{"@type":"EntryPoint","urlTemplate":"https:\/\/osg-excello.com\/de-bw\/?s={search_term_string}"},"query-input":{"@type":"PropertyValueSpecification","valueRequired":true,"valueName":"search_term_string"}}],"inLanguage":"de-BW"},{"@type":"Organization","@id":"https:\/\/osg-excello.com\/de-bw\/#organization","name":"OSG Ex-Cell-O GmbH","url":"https:\/\/osg-excello.com\/de-bw\/","logo":{"@type":"ImageObject","inLanguage":"de-BW","@id":"https:\/\/osg-excello.com\/de-bw\/#\/schema\/logo\/image\/","url":"https:\/\/osg-excello.com\/wp-content\/uploads\/2019\/11\/osg_excello_logo_final-2.png","contentUrl":"https:\/\/osg-excello.com\/wp-content\/uploads\/2019\/11\/osg_excello_logo_final-2.png","width":514,"height":236,"caption":"OSG Ex-Cell-O GmbH"},"image":{"@id":"https:\/\/osg-excello.com\/de-bw\/#\/schema\/logo\/image\/"}}]}},"_links":{"self":[{"href":"https:\/\/osg-excello.com\/de-bw\/wp-json\/wp\/v2\/pages\/5662","targetHints":{"allow":["GET"]}}],"collection":[{"href":"https:\/\/osg-excello.com\/de-bw\/wp-json\/wp\/v2\/pages"}],"about":[{"href":"https:\/\/osg-excello.com\/de-bw\/wp-json\/wp\/v2\/types\/page"}],"author":[{"embeddable":true,"href":"https:\/\/osg-excello.com\/de-bw\/wp-json\/wp\/v2\/users\/1"}],"replies":[{"embeddable":true,"href":"https:\/\/osg-excello.com\/de-bw\/wp-json\/wp\/v2\/comments?post=5662"}],"version-history":[{"count":6,"href":"https:\/\/osg-excello.com\/de-bw\/wp-json\/wp\/v2\/pages\/5662\/revisions"}],"predecessor-version":[{"id":8939,"href":"https:\/\/osg-excello.com\/de-bw\/wp-json\/wp\/v2\/pages\/5662\/revisions\/8939"}],"up":[{"embeddable":true,"href":"https:\/\/osg-excello.com\/de-bw\/wp-json\/wp\/v2\/pages\/2457"}],"wp:attachment":[{"href":"https:\/\/osg-excello.com\/de-bw\/wp-json\/wp\/v2\/media?parent=5662"}],"curies":[{"name":"wp","href":"https:\/\/api.w.org\/{rel}","templated":true}]}}