{"id":5729,"date":"2019-11-19T16:09:05","date_gmt":"2019-11-19T15:09:05","guid":{"rendered":"https:\/\/osg-excello.com\/innovationa\/modernste-modulare-maschinentechnologie-die-neue-xk8e-serie\/"},"modified":"2021-05-25T08:46:16","modified_gmt":"2021-05-25T06:46:16","slug":"modernste-modulare-maschinentechnologie-die-neue-xk8e-serie","status":"publish","type":"page","link":"https:\/\/osg-excello.com\/de-bw\/innovationa\/modernste-modulare-maschinentechnologie-die-neue-xk8e-serie\/","title":{"rendered":"MODERNSCHDE MODULARE MASCHINENDECHNOLOGIE \u2013 DIE NEUE XK8E-SERIE"},"content":{"rendered":"\n<style type=\"text\/css\" data-created_by=\"avia_inline_auto\" id=\"style-css-av-807no-33a4a38e5e0d5dea70cde682a9dc653a\">\n.flex_column.av-807no-33a4a38e5e0d5dea70cde682a9dc653a{\nborder-radius:0px 0px 0px 0px;\npadding:25px 0px 0px 0px;\n}\n<\/style>\n<div  class='flex_column av-807no-33a4a38e5e0d5dea70cde682a9dc653a av_one_full  avia-builder-el-0  el_before_av_hr  avia-builder-el-first  first flex_column_div  '     ><style type=\"text\/css\" data-created_by=\"avia_inline_auto\" id=\"style-css-av-k3ecso4g-d8a1b8f2005515a62fbdc2f3ab34f604\">\n#top .av-special-heading.av-k3ecso4g-d8a1b8f2005515a62fbdc2f3ab34f604{\npadding-bottom:10px;\n}\nbody .av-special-heading.av-k3ecso4g-d8a1b8f2005515a62fbdc2f3ab34f604 .av-special-heading-tag .heading-char{\nfont-size:25px;\n}\n.av-special-heading.av-k3ecso4g-d8a1b8f2005515a62fbdc2f3ab34f604 .av-subheading{\nfont-size:15px;\n}\n<\/style>\n<div  class='av-special-heading av-k3ecso4g-d8a1b8f2005515a62fbdc2f3ab34f604 av-special-heading-h1 blockquote modern-quote modern-centered  avia-builder-el-1  avia-builder-el-no-sibling '><h1 class='av-special-heading-tag '  itemprop=\"headline\"  >MODERNSCHDE MODULARE MASCHINENDECHNOLOGIE \u2013 DIE NEUE XK8E-SERIE<\/h1><div class=\"special-heading-border\"><div class=\"special-heading-inner-border\"><\/div><\/div><\/div><\/div>\n\n<style type=\"text\/css\" data-created_by=\"avia_inline_auto\" id=\"style-css-av-k363cjsl-6c3a36cc1ad2d24930cc419f13ab6bc6\">\n#top .hr.av-k363cjsl-6c3a36cc1ad2d24930cc419f13ab6bc6{\nmargin-top:0px;\nmargin-bottom:30px;\n}\n.hr.av-k363cjsl-6c3a36cc1ad2d24930cc419f13ab6bc6 .hr-inner{\nwidth:30%;\nborder-color:#e8e8e8;\nmax-width:45%;\n}\n.hr.av-k363cjsl-6c3a36cc1ad2d24930cc419f13ab6bc6 .av-seperator-icon{\ncolor:#e8e8e8;\n}\n.hr.av-k363cjsl-6c3a36cc1ad2d24930cc419f13ab6bc6 .av-seperator-icon.avia-svg-icon svg:first-child{\nfill:#e8e8e8;\nstroke:#e8e8e8;\n}\n<\/style>\n<div  class='hr av-k363cjsl-6c3a36cc1ad2d24930cc419f13ab6bc6 hr-custom  avia-builder-el-2  el_after_av_one_full  el_before_av_section  avia-builder-el-last  hr-center hr-icon-yes'><span class='hr-inner inner-border-av-border-thin'><span class=\"hr-inner-style\"><\/span><\/span><span class='av-seperator-icon avia-iconfont avia-font-entypo-fontello' data-av_icon='\ue898' data-av_iconfont='entypo-fontello' ><\/span><span class='hr-inner inner-border-av-border-thin'><span class=\"hr-inner-style\"><\/span><\/span><\/div>\n<\/div><\/div><\/div><!-- close content main div --><\/div><\/div>\n<style type=\"text\/css\" data-created_by=\"avia_inline_auto\" id=\"style-css-av-k3647wxa-14f501a09e84162727fa6ec184c7a00c\">\n.avia-section.av-k3647wxa-14f501a09e84162727fa6ec184c7a00c{\nmargin-top:0px;\nmargin-bottom:100px;\n}\n<\/style>\n<div id='av_section_1'  class='avia-section av-k3647wxa-14f501a09e84162727fa6ec184c7a00c main_color avia-section-no-padding avia-no-border-styling  avia-builder-el-3  el_after_av_hr  avia-builder-el-last  avia-bg-style-scroll container_wrap sidebar_right'  ><div class='container av-section-cont-open' ><div class='template-page content  av-content-small alpha units'><div class='post-entry post-entry-type-page post-entry-5729'><div class='entry-content-wrapper clearfix'>\n\n<style type=\"text\/css\" data-created_by=\"avia_inline_auto\" id=\"style-css-av-7nzzw-2c1641dce56e8229eb55335a5a6ec76f\">\n.flex_column.av-7nzzw-2c1641dce56e8229eb55335a5a6ec76f{\nborder-radius:0px 0px 0px 0px;\npadding:0px 0px 0px 0px;\n}\n<\/style>\n<div  class='flex_column av-7nzzw-2c1641dce56e8229eb55335a5a6ec76f av_two_third  avia-builder-el-4  el_before_av_one_third  avia-builder-el-first  first flex_column_div av-animated-generic bottom-to-top av-zero-column-padding  '     ><section  class='av_textblock_section av-k3a8vy1i-c3eaba6a5673f57b0224f2a8c69b5209 '   itemscope=\"itemscope\" itemtype=\"https:\/\/schema.org\/CreativeWork\" ><div class='avia_textblock'  itemprop=\"text\" ><p class=\"p1\"><span class=\"s1\">Zur Grundlag fr d&#8217; Entwiglung onsrer nuia Kaltwalzmascheena-Generation XK8e, hend wir onsre Kunda auf deren d\u00e4gliche Herausforderunga abgfrogt ond indensiv rescherschiert. Als Erg\u00e4bnis hend mr folgende Endwicklungsziele er\u00f6rderd:<\/span><\/p>\n<ul class=\"ul1\">\n<li class=\"li1\"><span class=\"s1\">Passverzahnunga kennad em Woichbrozess mid verschiedene Umformbrozesse \u00e4ussersd genau hergschdellt werra. Allerdengs entschdehad en dr anschlie\u00dfenda W\u00e4rmebehandlung Verziag em Moss ibr Messkraise ond en dr Verzahnungsparallelid\u00e4d, die zu wesendlich schlechderen Qualid\u00e4da, oder gar zu Ausschuss f\u00fchrad.<br \/>\n<\/span><strong>INNOVATIONSAUFGAB OIS: Dui Maschee muas ds Kugelmoss ond d&#8217; Verzahnungsparallelid\u00e4d korrigiera kenna!<\/strong><\/li>\n<li class=\"li1\"><span class=\"s1\">D&#8217; Inveschdtionskoschda miasad dr Bearbeitungsaufgab, sowie de Qualid\u00e4dsansprich grecht werda, om Wettbewerbsvordoil en de schd\u00fcckkoschda zu erziela. <span class=\"Apple-converted-space\"><br \/>\n<\/span><strong> INNOVATIONSAUFGAB ZWOI: Dui Maschee muas em Aspruch endsprechend and&#8217; kundaseitige Vorgaba konfigurierbar sei. <\/strong><\/span><\/li>\n<li class=\"li1\"><span class=\"s1\">Blatzbedarf ond intelligende Audomatisierungsl\u00f6sunga bekommad schdetig en h\u00f6hera Schdellawerd. A maximale Ausbrengung pro Quadradmeder reduziert die Inveschdidionskoschda.<span class=\"Apple-converted-space\"><br \/>\n<\/span><\/span><strong>INNOVATIONSAUFGAB DREI: Dui Maschee soll meglischd Kompakd konschdruierd werda. Dr Be- und Entladebereich muas opdimal fr Automadisierungsl\u00f6sunga ausgschdaldad werra.<\/strong><\/li>\n<li class=\"li1\"><span class=\"s1\">D&#8217;  Maschinaschdeierung muas frd Bediener logisch schdrukdurierd sei, indernationale Schdandards entsprecha, nuischde Induschdrie-4.0-L\u00f6sunga gerechd werra ond schdandardisierde Schniddschdella aufweisa.<br \/>\n<\/span><strong>INNOVATIONSAUFGAB VIER: D&#8217; Maschinaschdeuerung soll modernschdte Technologia vereina. \u00c4pp basierde Oberfl\u00e4cha sollad de Facharbeiter d&#8217; Bedienung erleichdra. <\/strong><\/li>\n<li class=\"li1\"><span class=\"s1\">Oftmols send d&#8217; vorhandene Walzwerkzeig durch Maschina mit verschiedene Maschina\u00f6ffnunga et kombatibel.<br \/>\n<\/span><strong>INNOVATIONSAUFGAB F\u00dcNF: Dui Maschee soll ohne Umbauda mit \u00e4lle g\u00e4ngige Maschina\u00f6ffnunga 5,5\u201c \u2013 bis 8,0\u201c kombatibel sei.<\/strong><\/li>\n<\/ul>\n<h3 class=\"p1\"><span class=\"s1\">Mit dr nuia XK8e-Serie send \u00e4lle diese Aufgaba gl\u00f6sd ond zwar onder Fortf\u00fchrung von de bew\u00e4hrde Technologiea. Dodrmit biedat mir ehna ds innovadivschde Maschinakonzebd frs Querwalza von Passverzahnunga!<\/span><\/h3>\n<\/div><\/section><\/div>\n<style type=\"text\/css\" data-created_by=\"avia_inline_auto\" id=\"style-css-av-7nzzw-47ef4b95d16ddc52afc9d03e4ee84fbc\">\n.flex_column.av-7nzzw-47ef4b95d16ddc52afc9d03e4ee84fbc{\nborder-radius:0px 0px 0px 0px;\npadding:0px 0px 0px 0px;\n}\n<\/style>\n<div  class='flex_column av-7nzzw-47ef4b95d16ddc52afc9d03e4ee84fbc av_one_third  avia-builder-el-6  el_after_av_two_third  avia-builder-el-last  flex_column_div av-animated-generic bottom-to-top av-zero-column-padding  '     ><p>\n<style type=\"text\/css\" data-created_by=\"avia_inline_auto\" id=\"style-css-av-k3conupj-7d1f62ca5cb829265bd76c956412b7bb\">\n.avia-image-container.av-k3conupj-7d1f62ca5cb829265bd76c956412b7bb img.avia_image{\nbox-shadow:none;\n}\n.avia-image-container.av-k3conupj-7d1f62ca5cb829265bd76c956412b7bb .av-image-caption-overlay-center{\ncolor:#ffffff;\n}\n<\/style>\n<div  class='avia-image-container av-k3conupj-7d1f62ca5cb829265bd76c956412b7bb av-styling- av-hover-grow av-hide-overflow av-img-linked avia-align-center  avia-builder-el-7  el_before_av_image  avia-builder-el-first '   itemprop=\"image\" itemscope=\"itemscope\" itemtype=\"https:\/\/schema.org\/ImageObject\" ><div class=\"avia-image-container-inner\"><div class=\"avia-image-overlay-wrap\"><a href=\"https:\/\/osg-excello.com\/wp-content\/uploads\/2019\/11\/innovationen_XK8518E_0049_LoRes.jpg\" data-srcset=\"https:\/\/osg-excello.com\/wp-content\/uploads\/2019\/11\/innovationen_XK8518E_0049_LoRes.jpg 1280w, https:\/\/osg-excello.com\/wp-content\/uploads\/2019\/11\/innovationen_XK8518E_0049_LoRes-768x611.jpg 768w, https:\/\/osg-excello.com\/wp-content\/uploads\/2019\/11\/innovationen_XK8518E_0049_LoRes-705x561.jpg 705w\" data-sizes=\"(max-width: 1280px) 100vw, 1280px\" class='avia_image '  aria-label='innovationen_XK8518E_0049_LoRes'><img decoding=\"async\" fetchpriority=\"high\" class='wp-image-5749 avia-img-lazy-loading-not-5749 avia_image ' src=\"https:\/\/osg-excello.com\/wp-content\/uploads\/2019\/11\/innovationen_XK8518E_0049_LoRes.jpg\" alt='' title='innovationen_XK8518E_0049_LoRes'  height=\"1019\" width=\"1280\"  itemprop=\"thumbnailUrl\" srcset=\"https:\/\/osg-excello.com\/wp-content\/uploads\/2019\/11\/innovationen_XK8518E_0049_LoRes.jpg 1280w, https:\/\/osg-excello.com\/wp-content\/uploads\/2019\/11\/innovationen_XK8518E_0049_LoRes-768x611.jpg 768w, https:\/\/osg-excello.com\/wp-content\/uploads\/2019\/11\/innovationen_XK8518E_0049_LoRes-705x561.jpg 705w\" sizes=\"(max-width: 1280px) 100vw, 1280px\" \/><\/a><\/div><\/div><\/div><br \/>\n\n<style type=\"text\/css\" data-created_by=\"avia_inline_auto\" id=\"style-css-av-k3ed5dhl-3aa41f40229a9749a53e724001bf0f42\">\n.avia-image-container.av-k3ed5dhl-3aa41f40229a9749a53e724001bf0f42 img.avia_image{\nbox-shadow:none;\n}\n.avia-image-container.av-k3ed5dhl-3aa41f40229a9749a53e724001bf0f42 .av-image-caption-overlay-center{\ncolor:#ffffff;\n}\n<\/style>\n<div  class='avia-image-container av-k3ed5dhl-3aa41f40229a9749a53e724001bf0f42 av-styling- av-hover-grow av-hide-overflow av-img-linked avia-align-center  avia-builder-el-8  el_after_av_image  el_before_av_video '   itemprop=\"image\" itemscope=\"itemscope\" itemtype=\"https:\/\/schema.org\/ImageObject\" ><div class=\"avia-image-container-inner\"><div class=\"avia-image-overlay-wrap\"><a href=\"https:\/\/osg-excello.com\/wp-content\/uploads\/2019\/11\/xk8e_serie_07_XK8518E_225_LoRes.jpg\" data-srcset=\"https:\/\/osg-excello.com\/wp-content\/uploads\/2019\/11\/xk8e_serie_07_XK8518E_225_LoRes.jpg 1280w, https:\/\/osg-excello.com\/wp-content\/uploads\/2019\/11\/xk8e_serie_07_XK8518E_225_LoRes-768x512.jpg 768w, https:\/\/osg-excello.com\/wp-content\/uploads\/2019\/11\/xk8e_serie_07_XK8518E_225_LoRes-705x470.jpg 705w\" data-sizes=\"(max-width: 1280px) 100vw, 1280px\" class='avia_image '  aria-label='xk8e_serie_07_XK8518E_225_LoRes'><img decoding=\"async\" fetchpriority=\"high\" class='wp-image-5748 avia-img-lazy-loading-not-5748 avia_image ' src=\"https:\/\/osg-excello.com\/wp-content\/uploads\/2019\/11\/xk8e_serie_07_XK8518E_225_LoRes.jpg\" alt='' title='xk8e_serie_07_XK8518E_225_LoRes'  height=\"853\" width=\"1280\"  itemprop=\"thumbnailUrl\" srcset=\"https:\/\/osg-excello.com\/wp-content\/uploads\/2019\/11\/xk8e_serie_07_XK8518E_225_LoRes.jpg 1280w, https:\/\/osg-excello.com\/wp-content\/uploads\/2019\/11\/xk8e_serie_07_XK8518E_225_LoRes-768x512.jpg 768w, https:\/\/osg-excello.com\/wp-content\/uploads\/2019\/11\/xk8e_serie_07_XK8518E_225_LoRes-705x470.jpg 705w\" sizes=\"(max-width: 1280px) 100vw, 1280px\" \/><\/a><\/div><\/div><\/div><br \/>\n<div  class='avia-video av-k3ed5wvu-8f12f54f56664b83323cede8e96a4987 avia-video-16-9 roundborder av-no-preview-image avia-video-load-always avia-video-html5'  itemprop=\"video\" itemtype=\"https:\/\/schema.org\/VideoObject\"  data-original_url='https:\/\/osg-excello.com\/wp-content\/uploads\/2019\/11\/XK8e.mp4'><video class='avia_video'    preload=\"auto\"  controls id='player_5729_1884875782_259673101'><source src='https:\/\/osg-excello.com\/wp-content\/uploads\/2019\/11\/XK8e.mp4' type='video\/mp4' \/><\/video><\/div><\/p><\/div><\/div><\/div><\/div><!-- close content main div --><\/div><\/div><div id='after_section_1'  class='main_color av_default_container_wrap container_wrap sidebar_right'  ><div class='container av-section-cont-open' ><div class='template-page content  av-content-small alpha units'><div class='post-entry post-entry-type-page post-entry-5729'><div class='entry-content-wrapper clearfix'>\n","protected":false},"excerpt":{"rendered":"","protected":false},"author":1,"featured_media":0,"parent":2405,"menu_order":932,"comment_status":"closed","ping_status":"closed","template":"","meta":{"footnotes":""},"class_list":["post-5729","page","type-page","status-publish","hentry"],"yoast_head":"<!-- This site is optimized with the Yoast SEO plugin v27.2 - https:\/\/yoast.com\/product\/yoast-seo-wordpress\/ -->\n<title>MODERNSCHDE MODULARE MASCHINENDECHNOLOGIE \u2013 DIE NEUE XK8E-SERIE - OSG Ex-Cell-O<\/title>\n<meta name=\"robots\" content=\"index, follow, max-snippet:-1, max-image-preview:large, max-video-preview:-1\" \/>\n<link rel=\"canonical\" href=\"https:\/\/osg-excello.com\/de-bw\/innovationa\/modernste-modulare-maschinentechnologie-die-neue-xk8e-serie\/\" \/>\n<meta property=\"og:locale\" content=\"de_DE\" \/>\n<meta property=\"og:type\" content=\"article\" \/>\n<meta property=\"og:title\" content=\"MODERNSCHDE MODULARE MASCHINENDECHNOLOGIE \u2013 DIE NEUE XK8E-SERIE - OSG Ex-Cell-O\" \/>\n<meta property=\"og:url\" content=\"https:\/\/osg-excello.com\/de-bw\/innovationa\/modernste-modulare-maschinentechnologie-die-neue-xk8e-serie\/\" \/>\n<meta property=\"og:site_name\" content=\"OSG Ex-Cell-O\" \/>\n<meta property=\"article:modified_time\" content=\"2021-05-25T06:46:16+00:00\" \/>\n<meta name=\"twitter:card\" content=\"summary_large_image\" \/>\n<meta name=\"twitter:label1\" content=\"Est. reading time\" \/>\n\t<meta name=\"twitter:data1\" content=\"6 minutes\" \/>\n<script type=\"application\/ld+json\" class=\"yoast-schema-graph\">{\"@context\":\"https:\/\/schema.org\",\"@graph\":[{\"@type\":\"WebPage\",\"@id\":\"https:\/\/osg-excello.com\/de-bw\/innovationa\/modernste-modulare-maschinentechnologie-die-neue-xk8e-serie\/\",\"url\":\"https:\/\/osg-excello.com\/de-bw\/innovationa\/modernste-modulare-maschinentechnologie-die-neue-xk8e-serie\/\",\"name\":\"MODERNSCHDE MODULARE MASCHINENDECHNOLOGIE \u2013 DIE NEUE XK8E-SERIE - OSG Ex-Cell-O\",\"isPartOf\":{\"@id\":\"https:\/\/osg-excello.com\/de-bw\/#website\"},\"datePublished\":\"2019-11-19T15:09:05+00:00\",\"dateModified\":\"2021-05-25T06:46:16+00:00\",\"breadcrumb\":{\"@id\":\"https:\/\/osg-excello.com\/de-bw\/innovationa\/modernste-modulare-maschinentechnologie-die-neue-xk8e-serie\/#breadcrumb\"},\"inLanguage\":\"de-BW\",\"potentialAction\":[{\"@type\":\"ReadAction\",\"target\":[\"https:\/\/osg-excello.com\/de-bw\/innovationa\/modernste-modulare-maschinentechnologie-die-neue-xk8e-serie\/\"]}]},{\"@type\":\"BreadcrumbList\",\"@id\":\"https:\/\/osg-excello.com\/de-bw\/innovationa\/modernste-modulare-maschinentechnologie-die-neue-xk8e-serie\/#breadcrumb\",\"itemListElement\":[{\"@type\":\"ListItem\",\"position\":1,\"name\":\"Startseite\",\"item\":\"https:\/\/osg-excello.com\/de-bw\/\"},{\"@type\":\"ListItem\",\"position\":2,\"name\":\"INNOVATIONA\",\"item\":\"https:\/\/osg-excello.com\/de-bw\/innovationa\/\"},{\"@type\":\"ListItem\",\"position\":3,\"name\":\"MODERNSCHDE MODULARE MASCHINENDECHNOLOGIE \u2013 DIE NEUE XK8E-SERIE\"}]},{\"@type\":\"WebSite\",\"@id\":\"https:\/\/osg-excello.com\/de-bw\/#website\",\"url\":\"https:\/\/osg-excello.com\/de-bw\/\",\"name\":\"OSG Ex-Cell-O\",\"description\":\"\",\"publisher\":{\"@id\":\"https:\/\/osg-excello.com\/de-bw\/#organization\"},\"potentialAction\":[{\"@type\":\"SearchAction\",\"target\":{\"@type\":\"EntryPoint\",\"urlTemplate\":\"https:\/\/osg-excello.com\/de-bw\/?s={search_term_string}\"},\"query-input\":{\"@type\":\"PropertyValueSpecification\",\"valueRequired\":true,\"valueName\":\"search_term_string\"}}],\"inLanguage\":\"de-BW\"},{\"@type\":\"Organization\",\"@id\":\"https:\/\/osg-excello.com\/de-bw\/#organization\",\"name\":\"OSG Ex-Cell-O GmbH\",\"url\":\"https:\/\/osg-excello.com\/de-bw\/\",\"logo\":{\"@type\":\"ImageObject\",\"inLanguage\":\"de-BW\",\"@id\":\"https:\/\/osg-excello.com\/de-bw\/#\/schema\/logo\/image\/\",\"url\":\"https:\/\/osg-excello.com\/wp-content\/uploads\/2019\/11\/osg_excello_logo_final-2.png\",\"contentUrl\":\"https:\/\/osg-excello.com\/wp-content\/uploads\/2019\/11\/osg_excello_logo_final-2.png\",\"width\":514,\"height\":236,\"caption\":\"OSG Ex-Cell-O GmbH\"},\"image\":{\"@id\":\"https:\/\/osg-excello.com\/de-bw\/#\/schema\/logo\/image\/\"}}]}<\/script>\n<!-- \/ Yoast SEO plugin. -->","yoast_head_json":{"title":"MODERNSCHDE MODULARE MASCHINENDECHNOLOGIE \u2013 DIE NEUE XK8E-SERIE - OSG Ex-Cell-O","robots":{"index":"index","follow":"follow","max-snippet":"max-snippet:-1","max-image-preview":"max-image-preview:large","max-video-preview":"max-video-preview:-1"},"canonical":"https:\/\/osg-excello.com\/de-bw\/innovationa\/modernste-modulare-maschinentechnologie-die-neue-xk8e-serie\/","og_locale":"de_DE","og_type":"article","og_title":"MODERNSCHDE MODULARE MASCHINENDECHNOLOGIE \u2013 DIE NEUE XK8E-SERIE - OSG Ex-Cell-O","og_url":"https:\/\/osg-excello.com\/de-bw\/innovationa\/modernste-modulare-maschinentechnologie-die-neue-xk8e-serie\/","og_site_name":"OSG Ex-Cell-O","article_modified_time":"2021-05-25T06:46:16+00:00","twitter_card":"summary_large_image","twitter_misc":{"Est. reading time":"6 minutes"},"schema":{"@context":"https:\/\/schema.org","@graph":[{"@type":"WebPage","@id":"https:\/\/osg-excello.com\/de-bw\/innovationa\/modernste-modulare-maschinentechnologie-die-neue-xk8e-serie\/","url":"https:\/\/osg-excello.com\/de-bw\/innovationa\/modernste-modulare-maschinentechnologie-die-neue-xk8e-serie\/","name":"MODERNSCHDE MODULARE MASCHINENDECHNOLOGIE \u2013 DIE NEUE XK8E-SERIE - OSG Ex-Cell-O","isPartOf":{"@id":"https:\/\/osg-excello.com\/de-bw\/#website"},"datePublished":"2019-11-19T15:09:05+00:00","dateModified":"2021-05-25T06:46:16+00:00","breadcrumb":{"@id":"https:\/\/osg-excello.com\/de-bw\/innovationa\/modernste-modulare-maschinentechnologie-die-neue-xk8e-serie\/#breadcrumb"},"inLanguage":"de-BW","potentialAction":[{"@type":"ReadAction","target":["https:\/\/osg-excello.com\/de-bw\/innovationa\/modernste-modulare-maschinentechnologie-die-neue-xk8e-serie\/"]}]},{"@type":"BreadcrumbList","@id":"https:\/\/osg-excello.com\/de-bw\/innovationa\/modernste-modulare-maschinentechnologie-die-neue-xk8e-serie\/#breadcrumb","itemListElement":[{"@type":"ListItem","position":1,"name":"Startseite","item":"https:\/\/osg-excello.com\/de-bw\/"},{"@type":"ListItem","position":2,"name":"INNOVATIONA","item":"https:\/\/osg-excello.com\/de-bw\/innovationa\/"},{"@type":"ListItem","position":3,"name":"MODERNSCHDE MODULARE MASCHINENDECHNOLOGIE \u2013 DIE NEUE XK8E-SERIE"}]},{"@type":"WebSite","@id":"https:\/\/osg-excello.com\/de-bw\/#website","url":"https:\/\/osg-excello.com\/de-bw\/","name":"OSG Ex-Cell-O","description":"","publisher":{"@id":"https:\/\/osg-excello.com\/de-bw\/#organization"},"potentialAction":[{"@type":"SearchAction","target":{"@type":"EntryPoint","urlTemplate":"https:\/\/osg-excello.com\/de-bw\/?s={search_term_string}"},"query-input":{"@type":"PropertyValueSpecification","valueRequired":true,"valueName":"search_term_string"}}],"inLanguage":"de-BW"},{"@type":"Organization","@id":"https:\/\/osg-excello.com\/de-bw\/#organization","name":"OSG Ex-Cell-O GmbH","url":"https:\/\/osg-excello.com\/de-bw\/","logo":{"@type":"ImageObject","inLanguage":"de-BW","@id":"https:\/\/osg-excello.com\/de-bw\/#\/schema\/logo\/image\/","url":"https:\/\/osg-excello.com\/wp-content\/uploads\/2019\/11\/osg_excello_logo_final-2.png","contentUrl":"https:\/\/osg-excello.com\/wp-content\/uploads\/2019\/11\/osg_excello_logo_final-2.png","width":514,"height":236,"caption":"OSG Ex-Cell-O GmbH"},"image":{"@id":"https:\/\/osg-excello.com\/de-bw\/#\/schema\/logo\/image\/"}}]}},"_links":{"self":[{"href":"https:\/\/osg-excello.com\/de-bw\/wp-json\/wp\/v2\/pages\/5729","targetHints":{"allow":["GET"]}}],"collection":[{"href":"https:\/\/osg-excello.com\/de-bw\/wp-json\/wp\/v2\/pages"}],"about":[{"href":"https:\/\/osg-excello.com\/de-bw\/wp-json\/wp\/v2\/types\/page"}],"author":[{"embeddable":true,"href":"https:\/\/osg-excello.com\/de-bw\/wp-json\/wp\/v2\/users\/1"}],"replies":[{"embeddable":true,"href":"https:\/\/osg-excello.com\/de-bw\/wp-json\/wp\/v2\/comments?post=5729"}],"version-history":[{"count":5,"href":"https:\/\/osg-excello.com\/de-bw\/wp-json\/wp\/v2\/pages\/5729\/revisions"}],"predecessor-version":[{"id":5841,"href":"https:\/\/osg-excello.com\/de-bw\/wp-json\/wp\/v2\/pages\/5729\/revisions\/5841"}],"up":[{"embeddable":true,"href":"https:\/\/osg-excello.com\/de-bw\/wp-json\/wp\/v2\/pages\/2405"}],"wp:attachment":[{"href":"https:\/\/osg-excello.com\/de-bw\/wp-json\/wp\/v2\/media?parent=5729"}],"curies":[{"name":"wp","href":"https:\/\/api.w.org\/{rel}","templated":true}]}}