{"id":6268,"date":"2019-11-19T16:09:05","date_gmt":"2019-11-19T15:09:05","guid":{"rendered":"https:\/\/osg-excello.com\/innovationa\/neueste-technologie-zum-walzen-von-passverzahnungen-auf-hohlwellen\/"},"modified":"2021-05-26T10:52:56","modified_gmt":"2021-05-26T08:52:56","slug":"neueste-technologie-zum-walzen-von-passverzahnungen-auf-hohlwellen","status":"publish","type":"page","link":"https:\/\/osg-excello.com\/de-bw\/innovationa\/neueste-technologie-zum-walzen-von-passverzahnungen-auf-hohlwellen\/","title":{"rendered":"Passverzahnunga auf Hohlwella"},"content":{"rendered":"\n<style type=\"text\/css\" data-created_by=\"avia_inline_auto\" id=\"style-css-av-807no-33a4a38e5e0d5dea70cde682a9dc653a\">\n.flex_column.av-807no-33a4a38e5e0d5dea70cde682a9dc653a{\nborder-radius:0px 0px 0px 0px;\npadding:25px 0px 0px 0px;\n}\n<\/style>\n<div  class='flex_column av-807no-33a4a38e5e0d5dea70cde682a9dc653a av_one_full  avia-builder-el-0  el_before_av_hr  avia-builder-el-first  first flex_column_div  '     ><style type=\"text\/css\" data-created_by=\"avia_inline_auto\" id=\"style-css-av-k3ednkgz-32fbdccc79bb26187fe03ba728be46db\">\n#top .av-special-heading.av-k3ednkgz-32fbdccc79bb26187fe03ba728be46db{\npadding-bottom:10px;\n}\nbody .av-special-heading.av-k3ednkgz-32fbdccc79bb26187fe03ba728be46db .av-special-heading-tag .heading-char{\nfont-size:25px;\n}\n.av-special-heading.av-k3ednkgz-32fbdccc79bb26187fe03ba728be46db .av-subheading{\nfont-size:15px;\n}\n<\/style>\n<div  class='av-special-heading av-k3ednkgz-32fbdccc79bb26187fe03ba728be46db av-special-heading-h1 blockquote modern-quote modern-centered  avia-builder-el-1  avia-builder-el-no-sibling '><h1 class='av-special-heading-tag '  itemprop=\"headline\"  >Passverzahnunga auf Hohlwella<\/h1><div class=\"special-heading-border\"><div class=\"special-heading-inner-border\"><\/div><\/div><\/div><\/div>\n<style type=\"text\/css\" data-created_by=\"avia_inline_auto\" id=\"style-css-av-k363cjsl-6c3a36cc1ad2d24930cc419f13ab6bc6\">\n#top .hr.av-k363cjsl-6c3a36cc1ad2d24930cc419f13ab6bc6{\nmargin-top:0px;\nmargin-bottom:30px;\n}\n.hr.av-k363cjsl-6c3a36cc1ad2d24930cc419f13ab6bc6 .hr-inner{\nwidth:30%;\nborder-color:#e8e8e8;\nmax-width:45%;\n}\n.hr.av-k363cjsl-6c3a36cc1ad2d24930cc419f13ab6bc6 .av-seperator-icon{\ncolor:#e8e8e8;\n}\n.hr.av-k363cjsl-6c3a36cc1ad2d24930cc419f13ab6bc6 .av-seperator-icon.avia-svg-icon svg:first-child{\nfill:#e8e8e8;\nstroke:#e8e8e8;\n}\n<\/style>\n<div  class='hr av-k363cjsl-6c3a36cc1ad2d24930cc419f13ab6bc6 hr-custom  avia-builder-el-2  el_after_av_one_full  el_before_av_section  avia-builder-el-last  hr-center hr-icon-yes'><span class='hr-inner inner-border-av-border-thin'><span class=\"hr-inner-style\"><\/span><\/span><span class='av-seperator-icon avia-iconfont avia-font-entypo-fontello' data-av_icon='\ue898' data-av_iconfont='entypo-fontello' ><\/span><span class='hr-inner inner-border-av-border-thin'><span class=\"hr-inner-style\"><\/span><\/span><\/div><\/p>\n<\/div><\/div><\/div><!-- close content main div --><\/div><\/div>\n<style type=\"text\/css\" data-created_by=\"avia_inline_auto\" id=\"style-css-av-k3647wxa-14f501a09e84162727fa6ec184c7a00c\">\n.avia-section.av-k3647wxa-14f501a09e84162727fa6ec184c7a00c{\nmargin-top:0px;\nmargin-bottom:100px;\n}\n<\/style>\n<div id='av_section_1'  class='avia-section av-k3647wxa-14f501a09e84162727fa6ec184c7a00c main_color avia-section-no-padding avia-no-border-styling  avia-builder-el-3  el_after_av_hr  avia-builder-el-last  avia-bg-style-scroll container_wrap sidebar_right'  ><div class='container av-section-cont-open' ><div class='template-page content  av-content-small alpha units'><div class='post-entry post-entry-type-page post-entry-6268'><div class='entry-content-wrapper clearfix'>\n\n<style type=\"text\/css\" data-created_by=\"avia_inline_auto\" id=\"style-css-av-7nzzw-2c1641dce56e8229eb55335a5a6ec76f\">\n.flex_column.av-7nzzw-2c1641dce56e8229eb55335a5a6ec76f{\nborder-radius:0px 0px 0px 0px;\npadding:0px 0px 0px 0px;\n}\n<\/style>\n<div  class='flex_column av-7nzzw-2c1641dce56e8229eb55335a5a6ec76f av_two_third  avia-builder-el-4  el_before_av_one_third  avia-builder-el-first  first flex_column_div av-animated-generic bottom-to-top av-zero-column-padding  '     ><section  class='av_textblock_section av-k3a8vy1i-c3eaba6a5673f57b0224f2a8c69b5209 '   itemscope=\"itemscope\" itemtype=\"https:\/\/schema.org\/CreativeWork\" ><div class='avia_textblock'  itemprop=\"text\" ><p class=\"p1\">Om Gwwichd zu reduziera, werrad em Antriebsschdrang zunehmend Hohlwella eigsetzt. Bislang konndad dia nur bis zu ra beschdimmda minimala Wandschd\u00e4rge mit am konventionella Querwalzbrozess verzahnt werra. Bei ei\u00dferschd d\u00fcnnwandige Werkschd\u00fcckla hend koschdenintensivere Verzahnungsbrozesse gepland werra missa.<\/p>\n<p>&#13;<\/p>\n<p class=\"p1\">Mit onserm nui entwiggelda Reversier-Walzbrozess dauerd dr Umformbrozess zwar a bissle l\u00e4nger. Aber dodrmit lassad sich  Passverzahnunga auf Hohlwella mit Wandschd\u00e4rga bis zu onder 3mm brozesssicher omforma.<\/p>\n<p>&#13;<\/p>\n<p class=\"p1\">Bei doilweise Hohlwella lassad sich d&#8217; Brozesse au endsprechend kombiniera, om d&#8217; opdimale Wirtschaftlichkeit zu erziela.<\/p>\n<\/div><\/section><\/div>\n<style type=\"text\/css\" data-created_by=\"avia_inline_auto\" id=\"style-css-av-7nzzw-47ef4b95d16ddc52afc9d03e4ee84fbc\">\n.flex_column.av-7nzzw-47ef4b95d16ddc52afc9d03e4ee84fbc{\nborder-radius:0px 0px 0px 0px;\npadding:0px 0px 0px 0px;\n}\n<\/style>\n<div  class='flex_column av-7nzzw-47ef4b95d16ddc52afc9d03e4ee84fbc av_one_third  avia-builder-el-6  el_after_av_two_third  el_before_av_one_third  flex_column_div av-animated-generic bottom-to-top av-zero-column-padding  '     ><div  class='avia-video av-k3ed5wvu-db502dbfe1d356b1888d75f32d491350 avia-video-16-9 av-no-preview-image avia-video-load-always avia-video-html5'  itemprop=\"video\" itemtype=\"https:\/\/schema.org\/VideoObject\"  data-original_url='https:\/\/osg-excello.com\/wp-content\/uploads\/2019\/11\/Hohlwellen.mp4'><video class='avia_video'    preload=\"auto\"  controls id='player_6268_1533102095_1420887297'><source src='https:\/\/osg-excello.com\/wp-content\/uploads\/2019\/11\/Hohlwellen.mp4' type='video\/mp4' \/><\/video><\/div><\/div>\n<style type=\"text\/css\" data-created_by=\"avia_inline_auto\" id=\"style-css-av-7nzzw-a0aa3dd63de0b977348db63f8acfb121\">\n.flex_column.av-7nzzw-a0aa3dd63de0b977348db63f8acfb121{\nborder-radius:0px 0px 0px 0px;\npadding:0px 0px 0px 0px;\n}\n<\/style>\n<div  class='flex_column av-7nzzw-a0aa3dd63de0b977348db63f8acfb121 av_one_third  avia-builder-el-8  el_after_av_one_third  el_before_av_one_third  rowImage50 first flex_column_div av-animated-generic bottom-to-top av-zero-column-padding  column-top-margin'     ><style type=\"text\/css\" data-created_by=\"avia_inline_auto\" id=\"style-css-av-k3edslgv-b2b920811d2bb619afaf65f8f66db9f5\">\n.avia-image-container.av-k3edslgv-b2b920811d2bb619afaf65f8f66db9f5 img.avia_image{\nbox-shadow:none;\n}\n.avia-image-container.av-k3edslgv-b2b920811d2bb619afaf65f8f66db9f5 .av-image-caption-overlay-center{\ncolor:#ffffff;\n}\n<\/style>\n<div  class='avia-image-container av-k3edslgv-b2b920811d2bb619afaf65f8f66db9f5 av-styling- av-hover-grow av-hide-overflow av-img-linked avia-align-center  avia-builder-el-9  avia-builder-el-no-sibling '   itemprop=\"image\" itemscope=\"itemscope\" itemtype=\"https:\/\/schema.org\/ImageObject\" ><div class=\"avia-image-container-inner\"><div class=\"avia-image-overlay-wrap\"><a href=\"https:\/\/osg-excello.com\/wp-content\/uploads\/2019\/11\/passverzahnung_170811_XK875HP_DSC_3960.jpg\" data-srcset=\"https:\/\/osg-excello.com\/wp-content\/uploads\/2019\/11\/passverzahnung_170811_XK875HP_DSC_3960.jpg 1280w, https:\/\/osg-excello.com\/wp-content\/uploads\/2019\/11\/passverzahnung_170811_XK875HP_DSC_3960-768x512.jpg 768w, https:\/\/osg-excello.com\/wp-content\/uploads\/2019\/11\/passverzahnung_170811_XK875HP_DSC_3960-705x470.jpg 705w\" data-sizes=\"(max-width: 1280px) 100vw, 1280px\" class='avia_image '  aria-label='passverzahnung_170811_XK875HP_DSC_3960'><img decoding=\"async\" fetchpriority=\"high\" class='wp-image-6291 avia-img-lazy-loading-not-6291 avia_image ' src=\"https:\/\/osg-excello.com\/wp-content\/uploads\/2019\/11\/passverzahnung_170811_XK875HP_DSC_3960.jpg\" alt='' title='passverzahnung_170811_XK875HP_DSC_3960'  height=\"853\" width=\"1280\"  itemprop=\"thumbnailUrl\" srcset=\"https:\/\/osg-excello.com\/wp-content\/uploads\/2019\/11\/passverzahnung_170811_XK875HP_DSC_3960.jpg 1280w, https:\/\/osg-excello.com\/wp-content\/uploads\/2019\/11\/passverzahnung_170811_XK875HP_DSC_3960-768x512.jpg 768w, https:\/\/osg-excello.com\/wp-content\/uploads\/2019\/11\/passverzahnung_170811_XK875HP_DSC_3960-705x470.jpg 705w\" sizes=\"(max-width: 1280px) 100vw, 1280px\" \/><\/a><\/div><\/div><\/div><\/div>\n<style type=\"text\/css\" data-created_by=\"avia_inline_auto\" id=\"style-css-av-7nzzw-6cdfa5db30c044f9e7bdf9337dd1d197\">\n.flex_column.av-7nzzw-6cdfa5db30c044f9e7bdf9337dd1d197{\nborder-radius:0px 0px 0px 0px;\npadding:0px 0px 0px 0px;\n}\n<\/style>\n<div  class='flex_column av-7nzzw-6cdfa5db30c044f9e7bdf9337dd1d197 av_one_third  avia-builder-el-10  el_after_av_one_third  el_before_av_one_third  rowImage50 flex_column_div av-animated-generic bottom-to-top av-zero-column-padding  column-top-margin'     ><style type=\"text\/css\" data-created_by=\"avia_inline_auto\" id=\"style-css-av-k3edslgv-7f227917c161938979b529e61e21836e\">\n.avia-image-container.av-k3edslgv-7f227917c161938979b529e61e21836e img.avia_image{\nbox-shadow:none;\n}\n.avia-image-container.av-k3edslgv-7f227917c161938979b529e61e21836e .av-image-caption-overlay-center{\ncolor:#ffffff;\n}\n<\/style>\n<div  class='avia-image-container av-k3edslgv-7f227917c161938979b529e61e21836e av-styling- av-hover-grow av-hide-overflow av-img-linked avia-align-center  avia-builder-el-11  avia-builder-el-no-sibling '   itemprop=\"image\" itemscope=\"itemscope\" itemtype=\"https:\/\/schema.org\/ImageObject\" ><div class=\"avia-image-container-inner\"><div class=\"avia-image-overlay-wrap\"><a href=\"https:\/\/osg-excello.com\/wp-content\/uploads\/2019\/11\/passverzahnung_SAM_3376.jpg\" data-srcset=\"https:\/\/osg-excello.com\/wp-content\/uploads\/2019\/11\/passverzahnung_SAM_3376.jpg 1280w, https:\/\/osg-excello.com\/wp-content\/uploads\/2019\/11\/passverzahnung_SAM_3376-768x512.jpg 768w, https:\/\/osg-excello.com\/wp-content\/uploads\/2019\/11\/passverzahnung_SAM_3376-705x470.jpg 705w\" data-sizes=\"(max-width: 1280px) 100vw, 1280px\" class='avia_image '  aria-label='passverzahnung_SAM_3376'><img decoding=\"async\" fetchpriority=\"high\" class='wp-image-6293 avia-img-lazy-loading-not-6293 avia_image ' src=\"https:\/\/osg-excello.com\/wp-content\/uploads\/2019\/11\/passverzahnung_SAM_3376.jpg\" alt='' title='passverzahnung_SAM_3376'  height=\"853\" width=\"1280\"  itemprop=\"thumbnailUrl\" srcset=\"https:\/\/osg-excello.com\/wp-content\/uploads\/2019\/11\/passverzahnung_SAM_3376.jpg 1280w, https:\/\/osg-excello.com\/wp-content\/uploads\/2019\/11\/passverzahnung_SAM_3376-768x512.jpg 768w, https:\/\/osg-excello.com\/wp-content\/uploads\/2019\/11\/passverzahnung_SAM_3376-705x470.jpg 705w\" sizes=\"(max-width: 1280px) 100vw, 1280px\" \/><\/a><\/div><\/div><\/div><\/div>\n<style type=\"text\/css\" data-created_by=\"avia_inline_auto\" id=\"style-css-av-7nzzw-6cdfa5db30c044f9e7bdf9337dd1d197\">\n.flex_column.av-7nzzw-6cdfa5db30c044f9e7bdf9337dd1d197{\nborder-radius:0px 0px 0px 0px;\npadding:0px 0px 0px 0px;\n}\n<\/style>\n<div  class='flex_column av-7nzzw-6cdfa5db30c044f9e7bdf9337dd1d197 av_one_third  avia-builder-el-12  el_after_av_one_third  avia-builder-el-last  rowImage50 flex_column_div av-animated-generic bottom-to-top av-zero-column-padding  column-top-margin'     ><style type=\"text\/css\" data-created_by=\"avia_inline_auto\" id=\"style-css-av-k3edslgv-a16e92b3af7a66107cdef92eabeee42b\">\n.avia-image-container.av-k3edslgv-a16e92b3af7a66107cdef92eabeee42b img.avia_image{\nbox-shadow:none;\n}\n.avia-image-container.av-k3edslgv-a16e92b3af7a66107cdef92eabeee42b .av-image-caption-overlay-center{\ncolor:#ffffff;\n}\n<\/style>\n<div  class='avia-image-container av-k3edslgv-a16e92b3af7a66107cdef92eabeee42b av-styling- av-hover-grow av-hide-overflow av-img-linked avia-align-center  avia-builder-el-13  avia-builder-el-no-sibling '   itemprop=\"image\" itemscope=\"itemscope\" itemtype=\"https:\/\/schema.org\/ImageObject\" ><div class=\"avia-image-container-inner\"><div class=\"avia-image-overlay-wrap\"><a href=\"https:\/\/osg-excello.com\/wp-content\/uploads\/2019\/11\/passverzahnung_SAM_3331.jpg\" data-srcset=\"https:\/\/osg-excello.com\/wp-content\/uploads\/2019\/11\/passverzahnung_SAM_3331.jpg 1280w, https:\/\/osg-excello.com\/wp-content\/uploads\/2019\/11\/passverzahnung_SAM_3331-768x512.jpg 768w, https:\/\/osg-excello.com\/wp-content\/uploads\/2019\/11\/passverzahnung_SAM_3331-705x470.jpg 705w\" data-sizes=\"(max-width: 1280px) 100vw, 1280px\" class='avia_image '  aria-label='passverzahnung_SAM_3331'><img decoding=\"async\" fetchpriority=\"high\" class='wp-image-6292 avia-img-lazy-loading-not-6292 avia_image ' src=\"https:\/\/osg-excello.com\/wp-content\/uploads\/2019\/11\/passverzahnung_SAM_3331.jpg\" alt='' title='passverzahnung_SAM_3331'  height=\"853\" width=\"1280\"  itemprop=\"thumbnailUrl\" srcset=\"https:\/\/osg-excello.com\/wp-content\/uploads\/2019\/11\/passverzahnung_SAM_3331.jpg 1280w, https:\/\/osg-excello.com\/wp-content\/uploads\/2019\/11\/passverzahnung_SAM_3331-768x512.jpg 768w, https:\/\/osg-excello.com\/wp-content\/uploads\/2019\/11\/passverzahnung_SAM_3331-705x470.jpg 705w\" sizes=\"(max-width: 1280px) 100vw, 1280px\" \/><\/a><\/div><\/div><\/div><\/div><\/div><\/div><\/div><!-- close content main div --><\/div><\/div><div id='after_section_1'  class='main_color av_default_container_wrap container_wrap sidebar_right'  ><div class='container av-section-cont-open' ><div class='template-page content  av-content-small alpha units'><div class='post-entry post-entry-type-page post-entry-6268'><div class='entry-content-wrapper clearfix'>\n","protected":false},"excerpt":{"rendered":"","protected":false},"author":1,"featured_media":0,"parent":2405,"menu_order":934,"comment_status":"closed","ping_status":"closed","template":"","meta":{"footnotes":""},"class_list":["post-6268","page","type-page","status-publish","hentry"],"yoast_head":"<!-- This site is optimized with the Yoast SEO plugin v27.2 - https:\/\/yoast.com\/product\/yoast-seo-wordpress\/ -->\n<title>Passverzahnunga auf Hohlwella - OSG Ex-Cell-O<\/title>\n<meta name=\"robots\" content=\"index, follow, max-snippet:-1, max-image-preview:large, max-video-preview:-1\" \/>\n<link rel=\"canonical\" href=\"https:\/\/osg-excello.com\/de-bw\/innovationa\/neueste-technologie-zum-walzen-von-passverzahnungen-auf-hohlwellen\/\" \/>\n<meta property=\"og:locale\" content=\"de_DE\" \/>\n<meta property=\"og:type\" content=\"article\" \/>\n<meta property=\"og:title\" content=\"Passverzahnunga auf Hohlwella - OSG Ex-Cell-O\" \/>\n<meta property=\"og:url\" content=\"https:\/\/osg-excello.com\/de-bw\/innovationa\/neueste-technologie-zum-walzen-von-passverzahnungen-auf-hohlwellen\/\" \/>\n<meta property=\"og:site_name\" content=\"OSG Ex-Cell-O\" \/>\n<meta property=\"article:modified_time\" content=\"2021-05-26T08:52:56+00:00\" \/>\n<meta name=\"twitter:card\" content=\"summary_large_image\" \/>\n<meta name=\"twitter:label1\" content=\"Est. reading time\" \/>\n\t<meta name=\"twitter:data1\" content=\"7 minutes\" \/>\n<script type=\"application\/ld+json\" class=\"yoast-schema-graph\">{\"@context\":\"https:\/\/schema.org\",\"@graph\":[{\"@type\":\"WebPage\",\"@id\":\"https:\/\/osg-excello.com\/de-bw\/innovationa\/neueste-technologie-zum-walzen-von-passverzahnungen-auf-hohlwellen\/\",\"url\":\"https:\/\/osg-excello.com\/de-bw\/innovationa\/neueste-technologie-zum-walzen-von-passverzahnungen-auf-hohlwellen\/\",\"name\":\"Passverzahnunga auf Hohlwella - OSG Ex-Cell-O\",\"isPartOf\":{\"@id\":\"https:\/\/osg-excello.com\/de-bw\/#website\"},\"datePublished\":\"2019-11-19T15:09:05+00:00\",\"dateModified\":\"2021-05-26T08:52:56+00:00\",\"breadcrumb\":{\"@id\":\"https:\/\/osg-excello.com\/de-bw\/innovationa\/neueste-technologie-zum-walzen-von-passverzahnungen-auf-hohlwellen\/#breadcrumb\"},\"inLanguage\":\"de-BW\",\"potentialAction\":[{\"@type\":\"ReadAction\",\"target\":[\"https:\/\/osg-excello.com\/de-bw\/innovationa\/neueste-technologie-zum-walzen-von-passverzahnungen-auf-hohlwellen\/\"]}]},{\"@type\":\"BreadcrumbList\",\"@id\":\"https:\/\/osg-excello.com\/de-bw\/innovationa\/neueste-technologie-zum-walzen-von-passverzahnungen-auf-hohlwellen\/#breadcrumb\",\"itemListElement\":[{\"@type\":\"ListItem\",\"position\":1,\"name\":\"Startseite\",\"item\":\"https:\/\/osg-excello.com\/de-bw\/\"},{\"@type\":\"ListItem\",\"position\":2,\"name\":\"INNOVATIONA\",\"item\":\"https:\/\/osg-excello.com\/de-bw\/innovationa\/\"},{\"@type\":\"ListItem\",\"position\":3,\"name\":\"Passverzahnunga auf Hohlwella\"}]},{\"@type\":\"WebSite\",\"@id\":\"https:\/\/osg-excello.com\/de-bw\/#website\",\"url\":\"https:\/\/osg-excello.com\/de-bw\/\",\"name\":\"OSG Ex-Cell-O\",\"description\":\"\",\"publisher\":{\"@id\":\"https:\/\/osg-excello.com\/de-bw\/#organization\"},\"potentialAction\":[{\"@type\":\"SearchAction\",\"target\":{\"@type\":\"EntryPoint\",\"urlTemplate\":\"https:\/\/osg-excello.com\/de-bw\/?s={search_term_string}\"},\"query-input\":{\"@type\":\"PropertyValueSpecification\",\"valueRequired\":true,\"valueName\":\"search_term_string\"}}],\"inLanguage\":\"de-BW\"},{\"@type\":\"Organization\",\"@id\":\"https:\/\/osg-excello.com\/de-bw\/#organization\",\"name\":\"OSG Ex-Cell-O GmbH\",\"url\":\"https:\/\/osg-excello.com\/de-bw\/\",\"logo\":{\"@type\":\"ImageObject\",\"inLanguage\":\"de-BW\",\"@id\":\"https:\/\/osg-excello.com\/de-bw\/#\/schema\/logo\/image\/\",\"url\":\"https:\/\/osg-excello.com\/wp-content\/uploads\/2019\/11\/osg_excello_logo_final-2.png\",\"contentUrl\":\"https:\/\/osg-excello.com\/wp-content\/uploads\/2019\/11\/osg_excello_logo_final-2.png\",\"width\":514,\"height\":236,\"caption\":\"OSG Ex-Cell-O GmbH\"},\"image\":{\"@id\":\"https:\/\/osg-excello.com\/de-bw\/#\/schema\/logo\/image\/\"}}]}<\/script>\n<!-- \/ Yoast SEO plugin. -->","yoast_head_json":{"title":"Passverzahnunga auf Hohlwella - OSG Ex-Cell-O","robots":{"index":"index","follow":"follow","max-snippet":"max-snippet:-1","max-image-preview":"max-image-preview:large","max-video-preview":"max-video-preview:-1"},"canonical":"https:\/\/osg-excello.com\/de-bw\/innovationa\/neueste-technologie-zum-walzen-von-passverzahnungen-auf-hohlwellen\/","og_locale":"de_DE","og_type":"article","og_title":"Passverzahnunga auf Hohlwella - OSG Ex-Cell-O","og_url":"https:\/\/osg-excello.com\/de-bw\/innovationa\/neueste-technologie-zum-walzen-von-passverzahnungen-auf-hohlwellen\/","og_site_name":"OSG Ex-Cell-O","article_modified_time":"2021-05-26T08:52:56+00:00","twitter_card":"summary_large_image","twitter_misc":{"Est. reading time":"7 minutes"},"schema":{"@context":"https:\/\/schema.org","@graph":[{"@type":"WebPage","@id":"https:\/\/osg-excello.com\/de-bw\/innovationa\/neueste-technologie-zum-walzen-von-passverzahnungen-auf-hohlwellen\/","url":"https:\/\/osg-excello.com\/de-bw\/innovationa\/neueste-technologie-zum-walzen-von-passverzahnungen-auf-hohlwellen\/","name":"Passverzahnunga auf Hohlwella - OSG Ex-Cell-O","isPartOf":{"@id":"https:\/\/osg-excello.com\/de-bw\/#website"},"datePublished":"2019-11-19T15:09:05+00:00","dateModified":"2021-05-26T08:52:56+00:00","breadcrumb":{"@id":"https:\/\/osg-excello.com\/de-bw\/innovationa\/neueste-technologie-zum-walzen-von-passverzahnungen-auf-hohlwellen\/#breadcrumb"},"inLanguage":"de-BW","potentialAction":[{"@type":"ReadAction","target":["https:\/\/osg-excello.com\/de-bw\/innovationa\/neueste-technologie-zum-walzen-von-passverzahnungen-auf-hohlwellen\/"]}]},{"@type":"BreadcrumbList","@id":"https:\/\/osg-excello.com\/de-bw\/innovationa\/neueste-technologie-zum-walzen-von-passverzahnungen-auf-hohlwellen\/#breadcrumb","itemListElement":[{"@type":"ListItem","position":1,"name":"Startseite","item":"https:\/\/osg-excello.com\/de-bw\/"},{"@type":"ListItem","position":2,"name":"INNOVATIONA","item":"https:\/\/osg-excello.com\/de-bw\/innovationa\/"},{"@type":"ListItem","position":3,"name":"Passverzahnunga auf Hohlwella"}]},{"@type":"WebSite","@id":"https:\/\/osg-excello.com\/de-bw\/#website","url":"https:\/\/osg-excello.com\/de-bw\/","name":"OSG Ex-Cell-O","description":"","publisher":{"@id":"https:\/\/osg-excello.com\/de-bw\/#organization"},"potentialAction":[{"@type":"SearchAction","target":{"@type":"EntryPoint","urlTemplate":"https:\/\/osg-excello.com\/de-bw\/?s={search_term_string}"},"query-input":{"@type":"PropertyValueSpecification","valueRequired":true,"valueName":"search_term_string"}}],"inLanguage":"de-BW"},{"@type":"Organization","@id":"https:\/\/osg-excello.com\/de-bw\/#organization","name":"OSG Ex-Cell-O GmbH","url":"https:\/\/osg-excello.com\/de-bw\/","logo":{"@type":"ImageObject","inLanguage":"de-BW","@id":"https:\/\/osg-excello.com\/de-bw\/#\/schema\/logo\/image\/","url":"https:\/\/osg-excello.com\/wp-content\/uploads\/2019\/11\/osg_excello_logo_final-2.png","contentUrl":"https:\/\/osg-excello.com\/wp-content\/uploads\/2019\/11\/osg_excello_logo_final-2.png","width":514,"height":236,"caption":"OSG Ex-Cell-O GmbH"},"image":{"@id":"https:\/\/osg-excello.com\/de-bw\/#\/schema\/logo\/image\/"}}]}},"_links":{"self":[{"href":"https:\/\/osg-excello.com\/de-bw\/wp-json\/wp\/v2\/pages\/6268","targetHints":{"allow":["GET"]}}],"collection":[{"href":"https:\/\/osg-excello.com\/de-bw\/wp-json\/wp\/v2\/pages"}],"about":[{"href":"https:\/\/osg-excello.com\/de-bw\/wp-json\/wp\/v2\/types\/page"}],"author":[{"embeddable":true,"href":"https:\/\/osg-excello.com\/de-bw\/wp-json\/wp\/v2\/users\/1"}],"replies":[{"embeddable":true,"href":"https:\/\/osg-excello.com\/de-bw\/wp-json\/wp\/v2\/comments?post=6268"}],"version-history":[{"count":5,"href":"https:\/\/osg-excello.com\/de-bw\/wp-json\/wp\/v2\/pages\/6268\/revisions"}],"predecessor-version":[{"id":6345,"href":"https:\/\/osg-excello.com\/de-bw\/wp-json\/wp\/v2\/pages\/6268\/revisions\/6345"}],"up":[{"embeddable":true,"href":"https:\/\/osg-excello.com\/de-bw\/wp-json\/wp\/v2\/pages\/2405"}],"wp:attachment":[{"href":"https:\/\/osg-excello.com\/de-bw\/wp-json\/wp\/v2\/media?parent=6268"}],"curies":[{"name":"wp","href":"https:\/\/api.w.org\/{rel}","templated":true}]}}