{"id":9065,"date":"2021-09-09T13:11:48","date_gmt":"2021-09-09T11:11:48","guid":{"rendered":"https:\/\/osg-excello.com\/unternehmenspolitik\/"},"modified":"2021-09-10T16:48:04","modified_gmt":"2021-09-10T14:48:04","slug":"unternehmenspolitik","status":"publish","type":"page","link":"https:\/\/osg-excello.com\/de-bw\/ondernehma\/unternehmenspolitik\/","title":{"rendered":"Unternehmenspolitik"},"content":{"rendered":"\n<style type=\"text\/css\" data-created_by=\"avia_inline_auto\" id=\"style-css-av-807no-33a4a38e5e0d5dea70cde682a9dc653a\">\n.flex_column.av-807no-33a4a38e5e0d5dea70cde682a9dc653a{\nborder-radius:0px 0px 0px 0px;\npadding:25px 0px 0px 0px;\n}\n<\/style>\n<div  class='flex_column av-807no-33a4a38e5e0d5dea70cde682a9dc653a av_one_full  avia-builder-el-0  el_before_av_hr  avia-builder-el-first  first flex_column_div  '     ><style type=\"text\/css\" data-created_by=\"avia_inline_auto\" id=\"style-css-av-k3646mjj-80d44ed91b6f87a70591499a3631272d\">\n#top .av-special-heading.av-k3646mjj-80d44ed91b6f87a70591499a3631272d{\npadding-bottom:10px;\n}\nbody .av-special-heading.av-k3646mjj-80d44ed91b6f87a70591499a3631272d .av-special-heading-tag .heading-char{\nfont-size:25px;\n}\n.av-special-heading.av-k3646mjj-80d44ed91b6f87a70591499a3631272d .av-subheading{\nfont-size:15px;\n}\n<\/style>\n<div  class='av-special-heading av-k3646mjj-80d44ed91b6f87a70591499a3631272d av-special-heading-h1 blockquote modern-quote modern-centered  avia-builder-el-1  avia-builder-el-no-sibling  av-linked-heading'><h1 class='av-special-heading-tag '  itemprop=\"headline\"  >Onternehmensbolidig<\/h1><div class=\"special-heading-border\"><div class=\"special-heading-inner-border\"><\/div><\/div><\/div><\/div>\n<style type=\"text\/css\" data-created_by=\"avia_inline_auto\" id=\"style-css-av-k363cjsl-6c3a36cc1ad2d24930cc419f13ab6bc6\">\n#top .hr.av-k363cjsl-6c3a36cc1ad2d24930cc419f13ab6bc6{\nmargin-top:0px;\nmargin-bottom:30px;\n}\n.hr.av-k363cjsl-6c3a36cc1ad2d24930cc419f13ab6bc6 .hr-inner{\nwidth:30%;\nborder-color:#e8e8e8;\nmax-width:45%;\n}\n.hr.av-k363cjsl-6c3a36cc1ad2d24930cc419f13ab6bc6 .av-seperator-icon{\ncolor:#e8e8e8;\n}\n.hr.av-k363cjsl-6c3a36cc1ad2d24930cc419f13ab6bc6 .av-seperator-icon.avia-svg-icon svg:first-child{\nfill:#e8e8e8;\nstroke:#e8e8e8;\n}\n<\/style>\n<div  class='hr av-k363cjsl-6c3a36cc1ad2d24930cc419f13ab6bc6 hr-custom  avia-builder-el-2  el_after_av_one_full  el_before_av_section  avia-builder-el-last  hr-center hr-icon-yes'><span class='hr-inner inner-border-av-border-thin'><span class=\"hr-inner-style\"><\/span><\/span><span class='av-seperator-icon avia-iconfont avia-font-entypo-fontello' data-av_icon='\ue898' data-av_iconfont='entypo-fontello' ><\/span><span class='hr-inner inner-border-av-border-thin'><span class=\"hr-inner-style\"><\/span><\/span><\/div><\/p>\n<\/div><\/div><\/div><!-- close content main div --><\/div><\/div>\n<style type=\"text\/css\" data-created_by=\"avia_inline_auto\" id=\"style-css-av-k3647wxa-14f501a09e84162727fa6ec184c7a00c\">\n.avia-section.av-k3647wxa-14f501a09e84162727fa6ec184c7a00c{\nmargin-top:0px;\nmargin-bottom:100px;\n}\n<\/style>\n<div id='av_section_1'  class='avia-section av-k3647wxa-14f501a09e84162727fa6ec184c7a00c main_color avia-section-no-padding avia-no-border-styling  avia-builder-el-3  el_after_av_hr  avia-builder-el-last  avia-bg-style-scroll container_wrap sidebar_right'  ><div class='container av-section-cont-open' ><div class='template-page content  av-content-small alpha units'><div class='post-entry post-entry-type-page post-entry-9065'><div class='entry-content-wrapper clearfix'>\n\n<style type=\"text\/css\" data-created_by=\"avia_inline_auto\" id=\"style-css-av-3s7ygu-f6370a14f1fb9e8ba0b0c5308da806a9\">\n.flex_column.av-3s7ygu-f6370a14f1fb9e8ba0b0c5308da806a9{\nborder-radius:0px 0px 0px 0px;\npadding:0px 0px 0px 0px;\n}\n<\/style>\n<div  class='flex_column av-3s7ygu-f6370a14f1fb9e8ba0b0c5308da806a9 av_one_full  avia-builder-el-4  avia-builder-el-no-sibling  first flex_column_div av-zero-column-padding  '     ><section  class='av_textblock_section av-ktctzl50-e48a140c50f01c4158dc68c687ec38a6 '   itemscope=\"itemscope\" itemtype=\"https:\/\/schema.org\/CreativeWork\" ><div class='avia_textblock'  itemprop=\"text\" ><p><strong>Qualid\u00e4dsbolidik<\/strong><\/p>\n<ul>\n<li>Mir w\u00e4llad zfriedane Konda. Des erroichad mir drch d\u00b4 Entwiglong ond Lieferong exzellendr Produgde ond Dienstleischtunga.<\/li>\n<li>Onsre Richdlinia ond Brozesse basierad auf onserer Erfahrong, auf Standards ond Bescht-Bragdis L\u00f6sunga. Mir verbessrad onsr Onternehma kondinuierlich.<\/li>\n<li>Qualid\u00e4d bedeudad f\u00fcr os, d\u00b4 gstellde Aufgaba von Beginn a dedaillierd zu plana ond zamma mit onsre Gsch\u00e4fdsartnr termingerecht auszuf\u00fchra.<\/li>\n<li>Mir strebad noch exzellendr Qualid\u00e4d ond nemad des als Verpflichdung jedes oinzelna Midarbeiders wohr.<\/li>\n<\/ul>\n<p><strong>Ondrnehmensbolidik <\/strong><\/p>\n<ul>\n<li>D\u00b4 Omsedzung von gsetzliche Vorgaba zu Arbeidsbedingunga ond Arbeidsschutz send f\u00fcr os selbschdtverschd\u00e4ndlich.<\/li>\n<li>Onsere Ondrnehmensphilosophie schdellt folgende Thema en dr Middlpunkd:\n<ul>\n<li><strong>Mitarbeidroriendierung<\/strong><br \/>\nMir bendad onsre Midarbeidr bei dr Gschdaldung ond Vrbesserung dr Gsch\u00e4fdsbrozesse verandwortlich mit ei ond f\u00f6rdrad nochhaldig dera pers\u00f6nliches Engagemend.<\/li>\n<li><strong>Qualid\u00e4dsoriendierong<\/strong><br \/>\nQualid\u00e4d bedeudat f\u00fcr ons, d\u00b4 exzellende Erf\u00fcllong dr Kundaanforderunga ond -erwardunga.<\/li>\n<li><strong>Innovadionsoriendierong<\/strong><br \/>\nDr Dialog mit onsre Kunda bildad d\u00b4 Grundlag fr d\u00b4 Endwicklong onsrer Produgde ond Dienschdleischdunga.<\/li>\n<li><strong>Kundaoriendierong<\/strong><br \/>\nMir gangad agdiv auf Kunda zua ond stemmad ganz genau dia zuk\u00fcnfdige Bedarfsanforderunga ab.<\/li>\n<\/ul>\n<\/li>\n<li>Onser Omgang mit andere L\u00e4nder, andere Kuldura ond Glaubensrichdunga isch gepr\u00e4gd von<br \/>\ngegaseidigem Reschpeggt, Achdong ond Vrst\u00e4ndnis.<\/li>\n<li>D\u00b4 Onternehmenspolitik isch fr elle Midarbeidr verbindlich.<\/li>\n<\/ul>\n<p><strong>Umweldbolitig <\/strong><\/p>\n<ul>\n<li>Mir verpflichdad ons frd Eihaldong dr fr os g\u00fcldige Gsedze ond Vrordnunga.<\/li>\n<li>Mir endwicklad Produgte ond Technologiea, die Emissiona em Wertsch\u00f6pfongsprodzess onsrer Kunda reduzierad.<\/li>\n<li>Mir setzad Ressourca ond Energiea gezielt ond sparsam ei ond minimierad<br \/>\nomweldbelaschdende Emissiona wie Abfall, L\u00e4rm, odr Abwasser.<\/li>\n<li>Mir strebad noch kondinuierlicher Vrbesserung zur Vermeidung von Omweltbelastunga.<\/li>\n<li>Mir verlangad von onseren Midarbeiter verandwortungsbewussdes, omweldgerechdes Handla.<\/li>\n<\/ul>\n<\/div><\/section><\/div><\/div><\/div><\/div><!-- close content main div --><\/div><\/div><div id='after_section_1'  class='main_color av_default_container_wrap container_wrap sidebar_right'  ><div class='container av-section-cont-open' ><div class='template-page content  av-content-small alpha units'><div class='post-entry post-entry-type-page post-entry-9065'><div class='entry-content-wrapper clearfix'>\n","protected":false},"excerpt":{"rendered":"","protected":false},"author":2,"featured_media":0,"parent":2209,"menu_order":35,"comment_status":"closed","ping_status":"closed","template":"","meta":{"footnotes":""},"class_list":["post-9065","page","type-page","status-publish","hentry"],"yoast_head":"<!-- This site is optimized with the Yoast SEO plugin v27.2 - https:\/\/yoast.com\/product\/yoast-seo-wordpress\/ -->\n<title>Unternehmenspolitik - OSG Ex-Cell-O<\/title>\n<meta name=\"robots\" content=\"index, follow, max-snippet:-1, max-image-preview:large, max-video-preview:-1\" \/>\n<link rel=\"canonical\" href=\"https:\/\/osg-excello.com\/de-bw\/ondernehma\/unternehmenspolitik\/\" \/>\n<meta property=\"og:locale\" content=\"de_DE\" \/>\n<meta property=\"og:type\" content=\"article\" \/>\n<meta property=\"og:title\" content=\"Unternehmenspolitik - OSG Ex-Cell-O\" \/>\n<meta property=\"og:url\" content=\"https:\/\/osg-excello.com\/de-bw\/ondernehma\/unternehmenspolitik\/\" \/>\n<meta property=\"og:site_name\" content=\"OSG Ex-Cell-O\" \/>\n<meta property=\"article:modified_time\" content=\"2021-09-10T14:48:04+00:00\" \/>\n<meta name=\"twitter:card\" content=\"summary_large_image\" \/>\n<meta name=\"twitter:label1\" content=\"Est. reading time\" \/>\n\t<meta name=\"twitter:data1\" content=\"2 minutes\" \/>\n<script type=\"application\/ld+json\" class=\"yoast-schema-graph\">{\"@context\":\"https:\/\/schema.org\",\"@graph\":[{\"@type\":\"WebPage\",\"@id\":\"https:\/\/osg-excello.com\/de-bw\/ondernehma\/unternehmenspolitik\/\",\"url\":\"https:\/\/osg-excello.com\/de-bw\/ondernehma\/unternehmenspolitik\/\",\"name\":\"Unternehmenspolitik - OSG Ex-Cell-O\",\"isPartOf\":{\"@id\":\"https:\/\/osg-excello.com\/de-bw\/#website\"},\"datePublished\":\"2021-09-09T11:11:48+00:00\",\"dateModified\":\"2021-09-10T14:48:04+00:00\",\"breadcrumb\":{\"@id\":\"https:\/\/osg-excello.com\/de-bw\/ondernehma\/unternehmenspolitik\/#breadcrumb\"},\"inLanguage\":\"de-BW\",\"potentialAction\":[{\"@type\":\"ReadAction\",\"target\":[\"https:\/\/osg-excello.com\/de-bw\/ondernehma\/unternehmenspolitik\/\"]}]},{\"@type\":\"BreadcrumbList\",\"@id\":\"https:\/\/osg-excello.com\/de-bw\/ondernehma\/unternehmenspolitik\/#breadcrumb\",\"itemListElement\":[{\"@type\":\"ListItem\",\"position\":1,\"name\":\"Startseite\",\"item\":\"https:\/\/osg-excello.com\/de-bw\/\"},{\"@type\":\"ListItem\",\"position\":2,\"name\":\"ONDERNEHMA\",\"item\":\"https:\/\/osg-excello.com\/de-bw\/\"},{\"@type\":\"ListItem\",\"position\":3,\"name\":\"Unternehmenspolitik\"}]},{\"@type\":\"WebSite\",\"@id\":\"https:\/\/osg-excello.com\/de-bw\/#website\",\"url\":\"https:\/\/osg-excello.com\/de-bw\/\",\"name\":\"OSG Ex-Cell-O\",\"description\":\"\",\"publisher\":{\"@id\":\"https:\/\/osg-excello.com\/de-bw\/#organization\"},\"potentialAction\":[{\"@type\":\"SearchAction\",\"target\":{\"@type\":\"EntryPoint\",\"urlTemplate\":\"https:\/\/osg-excello.com\/de-bw\/?s={search_term_string}\"},\"query-input\":{\"@type\":\"PropertyValueSpecification\",\"valueRequired\":true,\"valueName\":\"search_term_string\"}}],\"inLanguage\":\"de-BW\"},{\"@type\":\"Organization\",\"@id\":\"https:\/\/osg-excello.com\/de-bw\/#organization\",\"name\":\"OSG Ex-Cell-O GmbH\",\"url\":\"https:\/\/osg-excello.com\/de-bw\/\",\"logo\":{\"@type\":\"ImageObject\",\"inLanguage\":\"de-BW\",\"@id\":\"https:\/\/osg-excello.com\/de-bw\/#\/schema\/logo\/image\/\",\"url\":\"https:\/\/osg-excello.com\/wp-content\/uploads\/2019\/11\/osg_excello_logo_final-2.png\",\"contentUrl\":\"https:\/\/osg-excello.com\/wp-content\/uploads\/2019\/11\/osg_excello_logo_final-2.png\",\"width\":514,\"height\":236,\"caption\":\"OSG Ex-Cell-O GmbH\"},\"image\":{\"@id\":\"https:\/\/osg-excello.com\/de-bw\/#\/schema\/logo\/image\/\"}}]}<\/script>\n<!-- \/ Yoast SEO plugin. -->","yoast_head_json":{"title":"Unternehmenspolitik - OSG Ex-Cell-O","robots":{"index":"index","follow":"follow","max-snippet":"max-snippet:-1","max-image-preview":"max-image-preview:large","max-video-preview":"max-video-preview:-1"},"canonical":"https:\/\/osg-excello.com\/de-bw\/ondernehma\/unternehmenspolitik\/","og_locale":"de_DE","og_type":"article","og_title":"Unternehmenspolitik - OSG Ex-Cell-O","og_url":"https:\/\/osg-excello.com\/de-bw\/ondernehma\/unternehmenspolitik\/","og_site_name":"OSG Ex-Cell-O","article_modified_time":"2021-09-10T14:48:04+00:00","twitter_card":"summary_large_image","twitter_misc":{"Est. reading time":"2 minutes"},"schema":{"@context":"https:\/\/schema.org","@graph":[{"@type":"WebPage","@id":"https:\/\/osg-excello.com\/de-bw\/ondernehma\/unternehmenspolitik\/","url":"https:\/\/osg-excello.com\/de-bw\/ondernehma\/unternehmenspolitik\/","name":"Unternehmenspolitik - OSG Ex-Cell-O","isPartOf":{"@id":"https:\/\/osg-excello.com\/de-bw\/#website"},"datePublished":"2021-09-09T11:11:48+00:00","dateModified":"2021-09-10T14:48:04+00:00","breadcrumb":{"@id":"https:\/\/osg-excello.com\/de-bw\/ondernehma\/unternehmenspolitik\/#breadcrumb"},"inLanguage":"de-BW","potentialAction":[{"@type":"ReadAction","target":["https:\/\/osg-excello.com\/de-bw\/ondernehma\/unternehmenspolitik\/"]}]},{"@type":"BreadcrumbList","@id":"https:\/\/osg-excello.com\/de-bw\/ondernehma\/unternehmenspolitik\/#breadcrumb","itemListElement":[{"@type":"ListItem","position":1,"name":"Startseite","item":"https:\/\/osg-excello.com\/de-bw\/"},{"@type":"ListItem","position":2,"name":"ONDERNEHMA","item":"https:\/\/osg-excello.com\/de-bw\/"},{"@type":"ListItem","position":3,"name":"Unternehmenspolitik"}]},{"@type":"WebSite","@id":"https:\/\/osg-excello.com\/de-bw\/#website","url":"https:\/\/osg-excello.com\/de-bw\/","name":"OSG Ex-Cell-O","description":"","publisher":{"@id":"https:\/\/osg-excello.com\/de-bw\/#organization"},"potentialAction":[{"@type":"SearchAction","target":{"@type":"EntryPoint","urlTemplate":"https:\/\/osg-excello.com\/de-bw\/?s={search_term_string}"},"query-input":{"@type":"PropertyValueSpecification","valueRequired":true,"valueName":"search_term_string"}}],"inLanguage":"de-BW"},{"@type":"Organization","@id":"https:\/\/osg-excello.com\/de-bw\/#organization","name":"OSG Ex-Cell-O GmbH","url":"https:\/\/osg-excello.com\/de-bw\/","logo":{"@type":"ImageObject","inLanguage":"de-BW","@id":"https:\/\/osg-excello.com\/de-bw\/#\/schema\/logo\/image\/","url":"https:\/\/osg-excello.com\/wp-content\/uploads\/2019\/11\/osg_excello_logo_final-2.png","contentUrl":"https:\/\/osg-excello.com\/wp-content\/uploads\/2019\/11\/osg_excello_logo_final-2.png","width":514,"height":236,"caption":"OSG Ex-Cell-O GmbH"},"image":{"@id":"https:\/\/osg-excello.com\/de-bw\/#\/schema\/logo\/image\/"}}]}},"_links":{"self":[{"href":"https:\/\/osg-excello.com\/de-bw\/wp-json\/wp\/v2\/pages\/9065","targetHints":{"allow":["GET"]}}],"collection":[{"href":"https:\/\/osg-excello.com\/de-bw\/wp-json\/wp\/v2\/pages"}],"about":[{"href":"https:\/\/osg-excello.com\/de-bw\/wp-json\/wp\/v2\/types\/page"}],"author":[{"embeddable":true,"href":"https:\/\/osg-excello.com\/de-bw\/wp-json\/wp\/v2\/users\/2"}],"replies":[{"embeddable":true,"href":"https:\/\/osg-excello.com\/de-bw\/wp-json\/wp\/v2\/comments?post=9065"}],"version-history":[{"count":9,"href":"https:\/\/osg-excello.com\/de-bw\/wp-json\/wp\/v2\/pages\/9065\/revisions"}],"predecessor-version":[{"id":9256,"href":"https:\/\/osg-excello.com\/de-bw\/wp-json\/wp\/v2\/pages\/9065\/revisions\/9256"}],"up":[{"embeddable":true,"href":"https:\/\/osg-excello.com\/de-bw\/wp-json\/wp\/v2\/pages\/2209"}],"wp:attachment":[{"href":"https:\/\/osg-excello.com\/de-bw\/wp-json\/wp\/v2\/media?parent=9065"}],"curies":[{"name":"wp","href":"https:\/\/api.w.org\/{rel}","templated":true}]}}