{"id":3510,"date":"2019-11-19T14:13:56","date_gmt":"2019-11-19T13:13:56","guid":{"rendered":"https:\/\/osg-excello.com\/empresa\/unternehmensvorstellung\/"},"modified":"2021-05-19T08:05:31","modified_gmt":"2021-05-19T06:05:31","slug":"unternehmensvorstellung","status":"publish","type":"page","link":"https:\/\/osg-excello.com\/es\/empresa\/unternehmensvorstellung\/","title":{"rendered":"Presentaci\u00f3n de la empresa"},"content":{"rendered":"\n<style type=\"text\/css\" data-created_by=\"avia_inline_auto\" id=\"style-css-av-807no-33a4a38e5e0d5dea70cde682a9dc653a\">\n.flex_column.av-807no-33a4a38e5e0d5dea70cde682a9dc653a{\nborder-radius:0px 0px 0px 0px;\npadding:25px 0px 0px 0px;\n}\n<\/style>\n<div  class='flex_column av-807no-33a4a38e5e0d5dea70cde682a9dc653a av_one_full  avia-builder-el-0  el_before_av_hr  avia-builder-el-first  first flex_column_div  '     ><style type=\"text\/css\" data-created_by=\"avia_inline_auto\" id=\"style-css-av-k3ebgi0v-7f11f9ac86600b382d36bf5bf9a537e0\">\n#top .av-special-heading.av-k3ebgi0v-7f11f9ac86600b382d36bf5bf9a537e0{\npadding-bottom:10px;\n}\nbody .av-special-heading.av-k3ebgi0v-7f11f9ac86600b382d36bf5bf9a537e0 .av-special-heading-tag .heading-char{\nfont-size:25px;\n}\n.av-special-heading.av-k3ebgi0v-7f11f9ac86600b382d36bf5bf9a537e0 .av-subheading{\nfont-size:15px;\n}\n<\/style>\n<div  class='av-special-heading av-k3ebgi0v-7f11f9ac86600b382d36bf5bf9a537e0 av-special-heading-h1 blockquote modern-quote modern-centered  avia-builder-el-1  avia-builder-el-no-sibling '><h1 class='av-special-heading-tag '  itemprop=\"headline\"  >Presentaci\u00f3n de la empresa<\/h1><div class=\"special-heading-border\"><div class=\"special-heading-inner-border\"><\/div><\/div><\/div><\/div>\n\n<style type=\"text\/css\" data-created_by=\"avia_inline_auto\" id=\"style-css-av-k363cjsl-6c3a36cc1ad2d24930cc419f13ab6bc6\">\n#top .hr.av-k363cjsl-6c3a36cc1ad2d24930cc419f13ab6bc6{\nmargin-top:0px;\nmargin-bottom:30px;\n}\n.hr.av-k363cjsl-6c3a36cc1ad2d24930cc419f13ab6bc6 .hr-inner{\nwidth:30%;\nborder-color:#e8e8e8;\nmax-width:45%;\n}\n.hr.av-k363cjsl-6c3a36cc1ad2d24930cc419f13ab6bc6 .av-seperator-icon{\ncolor:#e8e8e8;\n}\n.hr.av-k363cjsl-6c3a36cc1ad2d24930cc419f13ab6bc6 .av-seperator-icon.avia-svg-icon svg:first-child{\nfill:#e8e8e8;\nstroke:#e8e8e8;\n}\n<\/style>\n<div  class='hr av-k363cjsl-6c3a36cc1ad2d24930cc419f13ab6bc6 hr-custom  avia-builder-el-2  el_after_av_one_full  el_before_av_section  avia-builder-el-last  hr-center hr-icon-yes'><span class='hr-inner inner-border-av-border-thin'><span class=\"hr-inner-style\"><\/span><\/span><span class='av-seperator-icon avia-iconfont avia-font-entypo-fontello' data-av_icon='\ue898' data-av_iconfont='entypo-fontello' ><\/span><span class='hr-inner inner-border-av-border-thin'><span class=\"hr-inner-style\"><\/span><\/span><\/div>\n<\/div><\/div><\/div><!-- close content main div --><\/div><\/div>\n<style type=\"text\/css\" data-created_by=\"avia_inline_auto\" id=\"style-css-av-k3647wxa-14f501a09e84162727fa6ec184c7a00c\">\n.avia-section.av-k3647wxa-14f501a09e84162727fa6ec184c7a00c{\nmargin-top:0px;\nmargin-bottom:100px;\n}\n<\/style>\n<div id='av_section_1'  class='avia-section av-k3647wxa-14f501a09e84162727fa6ec184c7a00c main_color avia-section-no-padding avia-no-border-styling  avia-builder-el-3  el_after_av_hr  avia-builder-el-last  avia-bg-style-scroll container_wrap sidebar_right'  ><div class='container av-section-cont-open' ><div class='template-page content  av-content-small alpha units'><div class='post-entry post-entry-type-page post-entry-3510'><div class='entry-content-wrapper clearfix'>\n\n<style type=\"text\/css\" data-created_by=\"avia_inline_auto\" id=\"style-css-av-7nzzw-2c1641dce56e8229eb55335a5a6ec76f\">\n.flex_column.av-7nzzw-2c1641dce56e8229eb55335a5a6ec76f{\nborder-radius:0px 0px 0px 0px;\npadding:0px 0px 0px 0px;\n}\n<\/style>\n<div  class='flex_column av-7nzzw-2c1641dce56e8229eb55335a5a6ec76f av_two_third  avia-builder-el-4  el_before_av_one_third  avia-builder-el-first  first flex_column_div av-animated-generic bottom-to-top av-zero-column-padding  '     ><section  class='av_textblock_section av-k3ebj9xh-e41d0b73d1ff0648d95f3ac70995ff20 '   itemscope=\"itemscope\" itemtype=\"https:\/\/schema.org\/CreativeWork\" ><div class='avia_textblock'  itemprop=\"text\" ><h3>OSG Corporation:<\/h3>\n<p>&#13;<br \/>\nOSG Corporation es el mayor fabricante del mundo de herramientas rotativas. Fundada en 1938, OSG tiene una larga reputaci\u00f3n como proveedor de soluciones totales para herramientas de corte en toda la industria manufacturera.&#13;<br \/>\nOSG es el l\u00edder japon\u00e9s del mercado de herramientas de corte en 33 pa\u00edses de todo el mundo.&#13;<br \/>\nOSG es el nombre de nuestra compa\u00f1\u00eda y nuestra marca comercial:&#13;<br \/>\nO significa OSAWA (nombre del fundador de nuestra compa\u00f1\u00eda)&#13;<br \/>\nLa \u00abS\u00bb significa (Screw) TORNILLO&#13;<br \/>\nLa \u00abG\u00bb significa (grind) rectificar&#13;<br \/>\n&#13;<br \/>\nOSG es un fabricante l\u00edder de machuelos, cortadores, brocas y herramientas de corte indexables. La extensa l\u00ednea de herramientas de corte de alta tecnolog\u00eda de OSG cuenta con metalurgia exclusiva, geometr\u00edas de corte y tratamientos superficiales patentados para ayudar a incrementar la productividad, confiabilidad y vida de las herramientas.&#13;<br \/>\nOSG tambi\u00e9n sirve a la industria de los tornillos con herramientas de rolado en fr\u00edo.  La empresa ofrece todo tipo de matrices de rolado de roscas, flat die (matrices planas de rolado) , rodillos (matrices cil\u00edndricas), rodillos planetarios (matrices planetarias), rack dies (matrices de estr\u00edas) y trim dies (dados de trillado)<\/p>\n<\/div><\/section><br \/>\n\n<style type=\"text\/css\" data-created_by=\"avia_inline_auto\" id=\"style-css-av-k363cjsl-1954af1815cd89afcfc4a831f7fe2ab9\">\n#top .hr.av-k363cjsl-1954af1815cd89afcfc4a831f7fe2ab9{\nmargin-top:30px;\nmargin-bottom:30px;\n}\n.hr.av-k363cjsl-1954af1815cd89afcfc4a831f7fe2ab9 .hr-inner{\nwidth:30%;\nborder-color:#e8e8e8;\nmax-width:45%;\n}\n.hr.av-k363cjsl-1954af1815cd89afcfc4a831f7fe2ab9 .av-seperator-icon{\ncolor:#e8e8e8;\n}\n.hr.av-k363cjsl-1954af1815cd89afcfc4a831f7fe2ab9 .av-seperator-icon.avia-svg-icon svg:first-child{\nfill:#e8e8e8;\nstroke:#e8e8e8;\n}\n<\/style>\n<div  class='hr av-k363cjsl-1954af1815cd89afcfc4a831f7fe2ab9 hr-custom  avia-builder-el-6  el_after_av_textblock  el_before_av_textblock  hr-center hr-icon-yes'><span class='hr-inner inner-border-av-border-thin'><span class=\"hr-inner-style\"><\/span><\/span><span class='av-seperator-icon avia-iconfont avia-font-entypo-fontello' data-av_icon='\ue898' data-av_iconfont='entypo-fontello' ><\/span><span class='hr-inner inner-border-av-border-thin'><span class=\"hr-inner-style\"><\/span><\/span><\/div><br \/>\n<section  class='av_textblock_section av-k3ebj9xh-e41d0b73d1ff0648d95f3ac70995ff20 '   itemscope=\"itemscope\" itemtype=\"https:\/\/schema.org\/CreativeWork\" ><div class='avia_textblock'  itemprop=\"text\" ><h3>OSG EX-CELL-O GmbH:<\/h3>\n<p>&#13;<br \/>\nEl n\u00facleo de nuestra orientaci\u00f3n comercial incluye el rolado masivo de estr\u00edas, roscas, venas de lubricaci\u00f3n, moleteado u otras formas similares en componentes cil\u00edndricos.&#13;<br \/>\n&#13;<br \/>\nNos entendemos como socios tecnol\u00f3gicos para nuestros clientes y nos desarrollamos a prop\u00f3sito en las soluciones de fabricaci\u00f3n m\u00e1s innovadoras. Nuestro equipo est\u00e1 formado por expertos en tecnolog\u00eda bien formados con una media de 15 a\u00f1os de experiencia en tecnolog\u00eda de rolado en fr\u00edo.&#13;<br \/>\n&#13;<br \/>\nNuestra cartera de productos incluye m\u00e1quinas CNC roladoras de estr\u00edas de \u00faltima generaci\u00f3n, re acondicionamiento y actualizaciones de m\u00e1quinas existentes. Adem\u00e1s, las herramientas de rolado de alta precisi\u00f3n, los prototipos y la producci\u00f3n de lotes peque\u00f1os, as\u00ed como el servicio al cliente, forman parte de nuestros negocios orientados a la tecnolog\u00eda.&#13;<br \/>\n&#13;<br \/>\nDentro del Grupo OSG formamos parte de la divisi\u00f3n de tecnolog\u00eda de rolado con plantas de producci\u00f3n en Jap\u00f3n, Corea, China, Taiw\u00e1n, India, Tailandia, EE.UU., M\u00e9xico y Alemania.<\/p>\n<\/div><\/section><\/p><\/div>\n<style type=\"text\/css\" data-created_by=\"avia_inline_auto\" id=\"style-css-av-7nzzw-47ef4b95d16ddc52afc9d03e4ee84fbc\">\n.flex_column.av-7nzzw-47ef4b95d16ddc52afc9d03e4ee84fbc{\nborder-radius:0px 0px 0px 0px;\npadding:0px 0px 0px 0px;\n}\n<\/style>\n<div  class='flex_column av-7nzzw-47ef4b95d16ddc52afc9d03e4ee84fbc av_one_third  avia-builder-el-8  el_after_av_two_third  avia-builder-el-last  flex_column_div av-animated-generic bottom-to-top av-zero-column-padding  '     ><style type=\"text\/css\" data-created_by=\"avia_inline_auto\" id=\"style-css-av-k3ebmw4j-c0f8fb2777c0a4f809fb1f6573158c0d\">\n.avia-image-container.av-k3ebmw4j-c0f8fb2777c0a4f809fb1f6573158c0d img.avia_image{\nbox-shadow:none;\n}\n.avia-image-container.av-k3ebmw4j-c0f8fb2777c0a4f809fb1f6573158c0d .av-image-caption-overlay-center{\ncolor:#ffffff;\n}\n<\/style>\n<div  class='avia-image-container av-k3ebmw4j-c0f8fb2777c0a4f809fb1f6573158c0d av-styling- av-hover-grow av-hide-overflow av-img-linked avia-align-center  avia-builder-el-9  avia-builder-el-no-sibling '   itemprop=\"image\" itemscope=\"itemscope\" itemtype=\"https:\/\/schema.org\/ImageObject\" ><div class=\"avia-image-container-inner\"><div class=\"avia-image-overlay-wrap\"><a href=\"https:\/\/osg-excello.com\/wp-content\/uploads\/2019\/11\/unternehmensvorstellung_150413_XK_Welle_DSC_5920-1.jpg\" data-srcset=\"https:\/\/osg-excello.com\/wp-content\/uploads\/2019\/11\/unternehmensvorstellung_150413_XK_Welle_DSC_5920-1.jpg 1280w, https:\/\/osg-excello.com\/wp-content\/uploads\/2019\/11\/unternehmensvorstellung_150413_XK_Welle_DSC_5920-1-768x512.jpg 768w, https:\/\/osg-excello.com\/wp-content\/uploads\/2019\/11\/unternehmensvorstellung_150413_XK_Welle_DSC_5920-1-705x470.jpg 705w\" data-sizes=\"(max-width: 1280px) 100vw, 1280px\" class='avia_image '  aria-label='unternehmensvorstellung_150413_XK_Welle_DSC_5920-1'><img decoding=\"async\" fetchpriority=\"high\" class='wp-image-3511 avia-img-lazy-loading-not-3511 avia_image ' src=\"https:\/\/osg-excello.com\/wp-content\/uploads\/2019\/11\/unternehmensvorstellung_150413_XK_Welle_DSC_5920-1.jpg\" alt='' title='unternehmensvorstellung_150413_XK_Welle_DSC_5920-1'  height=\"853\" width=\"1280\"  itemprop=\"thumbnailUrl\" srcset=\"https:\/\/osg-excello.com\/wp-content\/uploads\/2019\/11\/unternehmensvorstellung_150413_XK_Welle_DSC_5920-1.jpg 1280w, https:\/\/osg-excello.com\/wp-content\/uploads\/2019\/11\/unternehmensvorstellung_150413_XK_Welle_DSC_5920-1-768x512.jpg 768w, https:\/\/osg-excello.com\/wp-content\/uploads\/2019\/11\/unternehmensvorstellung_150413_XK_Welle_DSC_5920-1-705x470.jpg 705w\" sizes=\"(max-width: 1280px) 100vw, 1280px\" \/><\/a><\/div><\/div><\/div><\/div><\/div><\/div><\/div><!-- close content main div --><\/div><\/div><div id='after_section_1'  class='main_color av_default_container_wrap container_wrap sidebar_right'  ><div class='container av-section-cont-open' ><div class='template-page content  av-content-small alpha units'><div class='post-entry post-entry-type-page post-entry-3510'><div class='entry-content-wrapper clearfix'>\n","protected":false},"excerpt":{"rendered":"","protected":false},"author":1,"featured_media":0,"parent":2290,"menu_order":10,"comment_status":"closed","ping_status":"closed","template":"","meta":{"footnotes":""},"class_list":["post-3510","page","type-page","status-publish","hentry"],"yoast_head":"<!-- This site is optimized with the Yoast SEO plugin v27.2 - https:\/\/yoast.com\/product\/yoast-seo-wordpress\/ -->\n<title>Presentaci\u00f3n de la empresa - OSG Ex-Cell-O<\/title>\n<meta name=\"robots\" content=\"index, follow, max-snippet:-1, max-image-preview:large, max-video-preview:-1\" \/>\n<link rel=\"canonical\" href=\"https:\/\/osg-excello.com\/es\/empresa\/unternehmensvorstellung\/\" \/>\n<meta property=\"og:locale\" content=\"es_ES\" \/>\n<meta property=\"og:type\" content=\"article\" \/>\n<meta property=\"og:title\" content=\"Presentaci\u00f3n de la empresa - OSG Ex-Cell-O\" \/>\n<meta property=\"og:url\" content=\"https:\/\/osg-excello.com\/es\/empresa\/unternehmensvorstellung\/\" \/>\n<meta property=\"og:site_name\" content=\"OSG Ex-Cell-O\" \/>\n<meta property=\"article:modified_time\" content=\"2021-05-19T06:05:31+00:00\" \/>\n<meta name=\"twitter:card\" content=\"summary_large_image\" \/>\n<meta name=\"twitter:label1\" content=\"Tiempo de lectura\" \/>\n\t<meta name=\"twitter:data1\" content=\"6 minutos\" \/>\n<script type=\"application\/ld+json\" class=\"yoast-schema-graph\">{\"@context\":\"https:\/\/schema.org\",\"@graph\":[{\"@type\":\"WebPage\",\"@id\":\"https:\/\/osg-excello.com\/es\/empresa\/unternehmensvorstellung\/\",\"url\":\"https:\/\/osg-excello.com\/es\/empresa\/unternehmensvorstellung\/\",\"name\":\"Presentaci\u00f3n de la empresa - OSG Ex-Cell-O\",\"isPartOf\":{\"@id\":\"https:\/\/osg-excello.com\/es\/#website\"},\"datePublished\":\"2019-11-19T13:13:56+00:00\",\"dateModified\":\"2021-05-19T06:05:31+00:00\",\"breadcrumb\":{\"@id\":\"https:\/\/osg-excello.com\/es\/empresa\/unternehmensvorstellung\/#breadcrumb\"},\"inLanguage\":\"es\",\"potentialAction\":[{\"@type\":\"ReadAction\",\"target\":[\"https:\/\/osg-excello.com\/es\/empresa\/unternehmensvorstellung\/\"]}]},{\"@type\":\"BreadcrumbList\",\"@id\":\"https:\/\/osg-excello.com\/es\/empresa\/unternehmensvorstellung\/#breadcrumb\",\"itemListElement\":[{\"@type\":\"ListItem\",\"position\":1,\"name\":\"Startseite\",\"item\":\"https:\/\/osg-excello.com\/es\/\"},{\"@type\":\"ListItem\",\"position\":2,\"name\":\"EMPRESA\",\"item\":\"https:\/\/osg-excello.com\/es\/\"},{\"@type\":\"ListItem\",\"position\":3,\"name\":\"Presentaci\u00f3n de la empresa\"}]},{\"@type\":\"WebSite\",\"@id\":\"https:\/\/osg-excello.com\/es\/#website\",\"url\":\"https:\/\/osg-excello.com\/es\/\",\"name\":\"OSG Ex-Cell-O\",\"description\":\"\",\"publisher\":{\"@id\":\"https:\/\/osg-excello.com\/es\/#organization\"},\"potentialAction\":[{\"@type\":\"SearchAction\",\"target\":{\"@type\":\"EntryPoint\",\"urlTemplate\":\"https:\/\/osg-excello.com\/es\/?s={search_term_string}\"},\"query-input\":{\"@type\":\"PropertyValueSpecification\",\"valueRequired\":true,\"valueName\":\"search_term_string\"}}],\"inLanguage\":\"es\"},{\"@type\":\"Organization\",\"@id\":\"https:\/\/osg-excello.com\/es\/#organization\",\"name\":\"OSG Ex-Cell-O GmbH\",\"url\":\"https:\/\/osg-excello.com\/es\/\",\"logo\":{\"@type\":\"ImageObject\",\"inLanguage\":\"es\",\"@id\":\"https:\/\/osg-excello.com\/es\/#\/schema\/logo\/image\/\",\"url\":\"https:\/\/osg-excello.com\/wp-content\/uploads\/2019\/11\/osg_excello_logo_final-2.png\",\"contentUrl\":\"https:\/\/osg-excello.com\/wp-content\/uploads\/2019\/11\/osg_excello_logo_final-2.png\",\"width\":514,\"height\":236,\"caption\":\"OSG Ex-Cell-O GmbH\"},\"image\":{\"@id\":\"https:\/\/osg-excello.com\/es\/#\/schema\/logo\/image\/\"}}]}<\/script>\n<!-- \/ Yoast SEO plugin. -->","yoast_head_json":{"title":"Presentaci\u00f3n de la empresa - OSG Ex-Cell-O","robots":{"index":"index","follow":"follow","max-snippet":"max-snippet:-1","max-image-preview":"max-image-preview:large","max-video-preview":"max-video-preview:-1"},"canonical":"https:\/\/osg-excello.com\/es\/empresa\/unternehmensvorstellung\/","og_locale":"es_ES","og_type":"article","og_title":"Presentaci\u00f3n de la empresa - OSG Ex-Cell-O","og_url":"https:\/\/osg-excello.com\/es\/empresa\/unternehmensvorstellung\/","og_site_name":"OSG Ex-Cell-O","article_modified_time":"2021-05-19T06:05:31+00:00","twitter_card":"summary_large_image","twitter_misc":{"Tiempo de lectura":"6 minutos"},"schema":{"@context":"https:\/\/schema.org","@graph":[{"@type":"WebPage","@id":"https:\/\/osg-excello.com\/es\/empresa\/unternehmensvorstellung\/","url":"https:\/\/osg-excello.com\/es\/empresa\/unternehmensvorstellung\/","name":"Presentaci\u00f3n de la empresa - OSG Ex-Cell-O","isPartOf":{"@id":"https:\/\/osg-excello.com\/es\/#website"},"datePublished":"2019-11-19T13:13:56+00:00","dateModified":"2021-05-19T06:05:31+00:00","breadcrumb":{"@id":"https:\/\/osg-excello.com\/es\/empresa\/unternehmensvorstellung\/#breadcrumb"},"inLanguage":"es","potentialAction":[{"@type":"ReadAction","target":["https:\/\/osg-excello.com\/es\/empresa\/unternehmensvorstellung\/"]}]},{"@type":"BreadcrumbList","@id":"https:\/\/osg-excello.com\/es\/empresa\/unternehmensvorstellung\/#breadcrumb","itemListElement":[{"@type":"ListItem","position":1,"name":"Startseite","item":"https:\/\/osg-excello.com\/es\/"},{"@type":"ListItem","position":2,"name":"EMPRESA","item":"https:\/\/osg-excello.com\/es\/"},{"@type":"ListItem","position":3,"name":"Presentaci\u00f3n de la empresa"}]},{"@type":"WebSite","@id":"https:\/\/osg-excello.com\/es\/#website","url":"https:\/\/osg-excello.com\/es\/","name":"OSG Ex-Cell-O","description":"","publisher":{"@id":"https:\/\/osg-excello.com\/es\/#organization"},"potentialAction":[{"@type":"SearchAction","target":{"@type":"EntryPoint","urlTemplate":"https:\/\/osg-excello.com\/es\/?s={search_term_string}"},"query-input":{"@type":"PropertyValueSpecification","valueRequired":true,"valueName":"search_term_string"}}],"inLanguage":"es"},{"@type":"Organization","@id":"https:\/\/osg-excello.com\/es\/#organization","name":"OSG Ex-Cell-O GmbH","url":"https:\/\/osg-excello.com\/es\/","logo":{"@type":"ImageObject","inLanguage":"es","@id":"https:\/\/osg-excello.com\/es\/#\/schema\/logo\/image\/","url":"https:\/\/osg-excello.com\/wp-content\/uploads\/2019\/11\/osg_excello_logo_final-2.png","contentUrl":"https:\/\/osg-excello.com\/wp-content\/uploads\/2019\/11\/osg_excello_logo_final-2.png","width":514,"height":236,"caption":"OSG Ex-Cell-O GmbH"},"image":{"@id":"https:\/\/osg-excello.com\/es\/#\/schema\/logo\/image\/"}}]}},"_links":{"self":[{"href":"https:\/\/osg-excello.com\/es\/wp-json\/wp\/v2\/pages\/3510","targetHints":{"allow":["GET"]}}],"collection":[{"href":"https:\/\/osg-excello.com\/es\/wp-json\/wp\/v2\/pages"}],"about":[{"href":"https:\/\/osg-excello.com\/es\/wp-json\/wp\/v2\/types\/page"}],"author":[{"embeddable":true,"href":"https:\/\/osg-excello.com\/es\/wp-json\/wp\/v2\/users\/1"}],"replies":[{"embeddable":true,"href":"https:\/\/osg-excello.com\/es\/wp-json\/wp\/v2\/comments?post=3510"}],"version-history":[{"count":5,"href":"https:\/\/osg-excello.com\/es\/wp-json\/wp\/v2\/pages\/3510\/revisions"}],"predecessor-version":[{"id":3554,"href":"https:\/\/osg-excello.com\/es\/wp-json\/wp\/v2\/pages\/3510\/revisions\/3554"}],"up":[{"embeddable":true,"href":"https:\/\/osg-excello.com\/es\/wp-json\/wp\/v2\/pages\/2290"}],"wp:attachment":[{"href":"https:\/\/osg-excello.com\/es\/wp-json\/wp\/v2\/media?parent=3510"}],"curies":[{"name":"wp","href":"https:\/\/api.w.org\/{rel}","templated":true}]}}