{"id":5306,"date":"2019-11-19T16:21:55","date_gmt":"2019-11-19T15:21:55","guid":{"rendered":"https:\/\/osg-excello.com\/maquinas\/xk-2-serie\/"},"modified":"2021-05-25T07:38:24","modified_gmt":"2021-05-25T05:38:24","slug":"xk-2-serie","status":"publish","type":"page","link":"https:\/\/osg-excello.com\/es\/maquinas\/xk-2-serie\/","title":{"rendered":"Serie XK2"},"content":{"rendered":"\n<style type=\"text\/css\" data-created_by=\"avia_inline_auto\" id=\"style-css-av-807no-33a4a38e5e0d5dea70cde682a9dc653a\">\n.flex_column.av-807no-33a4a38e5e0d5dea70cde682a9dc653a{\nborder-radius:0px 0px 0px 0px;\npadding:25px 0px 0px 0px;\n}\n<\/style>\n<div  class='flex_column av-807no-33a4a38e5e0d5dea70cde682a9dc653a av_one_full  avia-builder-el-0  el_before_av_hr  avia-builder-el-first  first flex_column_div  '     ><style type=\"text\/css\" data-created_by=\"avia_inline_auto\" id=\"style-css-av-k3ejqc7w-a7cd3430a24ec83ad47cb47a963b76a1\">\n#top .av-special-heading.av-k3ejqc7w-a7cd3430a24ec83ad47cb47a963b76a1{\npadding-bottom:10px;\n}\nbody .av-special-heading.av-k3ejqc7w-a7cd3430a24ec83ad47cb47a963b76a1 .av-special-heading-tag .heading-char{\nfont-size:25px;\n}\n.av-special-heading.av-k3ejqc7w-a7cd3430a24ec83ad47cb47a963b76a1 .av-subheading{\nfont-size:15px;\n}\n<\/style>\n<div  class='av-special-heading av-k3ejqc7w-a7cd3430a24ec83ad47cb47a963b76a1 av-special-heading-h1 blockquote modern-quote modern-centered  avia-builder-el-1  avia-builder-el-no-sibling '><h1 class='av-special-heading-tag '  itemprop=\"headline\"  >Serie XK2<\/h1><div class=\"special-heading-border\"><div class=\"special-heading-inner-border\"><\/div><\/div><\/div><\/div>\n\n<style type=\"text\/css\" data-created_by=\"avia_inline_auto\" id=\"style-css-av-k363cjsl-6c3a36cc1ad2d24930cc419f13ab6bc6\">\n#top .hr.av-k363cjsl-6c3a36cc1ad2d24930cc419f13ab6bc6{\nmargin-top:0px;\nmargin-bottom:30px;\n}\n.hr.av-k363cjsl-6c3a36cc1ad2d24930cc419f13ab6bc6 .hr-inner{\nwidth:30%;\nborder-color:#e8e8e8;\nmax-width:45%;\n}\n.hr.av-k363cjsl-6c3a36cc1ad2d24930cc419f13ab6bc6 .av-seperator-icon{\ncolor:#e8e8e8;\n}\n.hr.av-k363cjsl-6c3a36cc1ad2d24930cc419f13ab6bc6 .av-seperator-icon.avia-svg-icon svg:first-child{\nfill:#e8e8e8;\nstroke:#e8e8e8;\n}\n<\/style>\n<div  class='hr av-k363cjsl-6c3a36cc1ad2d24930cc419f13ab6bc6 hr-custom  avia-builder-el-2  el_after_av_one_full  el_before_av_section  avia-builder-el-last  hr-center hr-icon-yes'><span class='hr-inner inner-border-av-border-thin'><span class=\"hr-inner-style\"><\/span><\/span><span class='av-seperator-icon avia-iconfont avia-font-entypo-fontello' data-av_icon='\ue898' data-av_iconfont='entypo-fontello' ><\/span><span class='hr-inner inner-border-av-border-thin'><span class=\"hr-inner-style\"><\/span><\/span><\/div>\n<\/div><\/div><\/div><!-- close content main div --><\/div><\/div>\n<style type=\"text\/css\" data-created_by=\"avia_inline_auto\" id=\"style-css-av-k3647wxa-14f501a09e84162727fa6ec184c7a00c\">\n.avia-section.av-k3647wxa-14f501a09e84162727fa6ec184c7a00c{\nmargin-top:0px;\nmargin-bottom:100px;\n}\n<\/style>\n<div id='av_section_1'  class='avia-section av-k3647wxa-14f501a09e84162727fa6ec184c7a00c main_color avia-section-no-padding avia-no-border-styling  avia-builder-el-3  el_after_av_hr  avia-builder-el-last  avia-bg-style-scroll container_wrap sidebar_right'  ><div class='container av-section-cont-open' ><div class='template-page content  av-content-small alpha units'><div class='post-entry post-entry-type-page post-entry-5306'><div class='entry-content-wrapper clearfix'>\n\n<style type=\"text\/css\" data-created_by=\"avia_inline_auto\" id=\"style-css-av-7nzzw-2c1641dce56e8229eb55335a5a6ec76f\">\n.flex_column.av-7nzzw-2c1641dce56e8229eb55335a5a6ec76f{\nborder-radius:0px 0px 0px 0px;\npadding:0px 0px 0px 0px;\n}\n<\/style>\n<div  class='flex_column av-7nzzw-2c1641dce56e8229eb55335a5a6ec76f av_two_third  avia-builder-el-4  el_before_av_one_third  avia-builder-el-first  first flex_column_div av-animated-generic bottom-to-top av-zero-column-padding  '     ><style type=\"text\/css\" data-created_by=\"avia_inline_auto\" id=\"style-css-av-k3conupj-6bdf21d40c9c8d133338ee76626c55b4\">\n.avia-image-container.av-k3conupj-6bdf21d40c9c8d133338ee76626c55b4 img.avia_image{\nbox-shadow:none;\n}\n.avia-image-container.av-k3conupj-6bdf21d40c9c8d133338ee76626c55b4 .av-image-caption-overlay-center{\ncolor:#ffffff;\n}\n<\/style>\n<div  class='avia-image-container av-k3conupj-6bdf21d40c9c8d133338ee76626c55b4 av-styling- av-hover-grow av-hide-overflow av-img-linked avia-align-center  avia-builder-el-5  avia-builder-el-no-sibling '   itemprop=\"image\" itemscope=\"itemscope\" itemtype=\"https:\/\/schema.org\/ImageObject\" ><div class=\"avia-image-container-inner\"><div class=\"avia-image-overlay-wrap\"><a href=\"https:\/\/osg-excello.com\/wp-content\/uploads\/2019\/11\/maschinen_XK275-1.jpg\" data-srcset=\"https:\/\/osg-excello.com\/wp-content\/uploads\/2019\/11\/maschinen_XK275-1.jpg 1280w, https:\/\/osg-excello.com\/wp-content\/uploads\/2019\/11\/maschinen_XK275-1-768x503.jpg 768w, https:\/\/osg-excello.com\/wp-content\/uploads\/2019\/11\/maschinen_XK275-1-705x462.jpg 705w\" data-sizes=\"(max-width: 1280px) 100vw, 1280px\" class='avia_image '  aria-label='maschinen_XK275'><img decoding=\"async\" fetchpriority=\"high\" class='wp-image-5323 avia-img-lazy-loading-not-5323 avia_image ' src=\"https:\/\/osg-excello.com\/wp-content\/uploads\/2019\/11\/maschinen_XK275-1.jpg\" alt='' title='maschinen_XK275'  height=\"838\" width=\"1280\"  itemprop=\"thumbnailUrl\" srcset=\"https:\/\/osg-excello.com\/wp-content\/uploads\/2019\/11\/maschinen_XK275-1.jpg 1280w, https:\/\/osg-excello.com\/wp-content\/uploads\/2019\/11\/maschinen_XK275-1-768x503.jpg 768w, https:\/\/osg-excello.com\/wp-content\/uploads\/2019\/11\/maschinen_XK275-1-705x462.jpg 705w\" sizes=\"(max-width: 1280px) 100vw, 1280px\" \/><\/a><\/div><\/div><\/div><\/div>\n<style type=\"text\/css\" data-created_by=\"avia_inline_auto\" id=\"style-css-av-7nzzw-47ef4b95d16ddc52afc9d03e4ee84fbc\">\n.flex_column.av-7nzzw-47ef4b95d16ddc52afc9d03e4ee84fbc{\nborder-radius:0px 0px 0px 0px;\npadding:0px 0px 0px 0px;\n}\n<\/style>\n<div  class='flex_column av-7nzzw-47ef4b95d16ddc52afc9d03e4ee84fbc av_one_third  avia-builder-el-6  el_after_av_two_third  avia-builder-el-last  flex_column_div av-animated-generic bottom-to-top av-zero-column-padding  '     ><p>\n<style type=\"text\/css\" data-created_by=\"avia_inline_auto\" id=\"style-css-av-2368u-332ae20c1a3472309b1a27e4cb61c3b9\">\n#top .av-special-heading.av-2368u-332ae20c1a3472309b1a27e4cb61c3b9{\npadding-bottom:10px;\n}\nbody .av-special-heading.av-2368u-332ae20c1a3472309b1a27e4cb61c3b9 .av-special-heading-tag .heading-char{\nfont-size:25px;\n}\n.av-special-heading.av-2368u-332ae20c1a3472309b1a27e4cb61c3b9 .av-subheading{\nfont-size:15px;\n}\n<\/style>\n<div  class='av-special-heading av-2368u-332ae20c1a3472309b1a27e4cb61c3b9 av-special-heading-h3  avia-builder-el-7  el_before_av_textblock  avia-builder-el-first '><h3 class='av-special-heading-tag '  itemprop=\"headline\"  >XK 225, XK 237, XK 251, XK 275<\/h3><div class=\"special-heading-border\"><div class=\"special-heading-inner-border\"><\/div><\/div><\/div><br \/>\n<section  class='av_textblock_section av-k3a8vy1i-1d1c4f3752b626c5c1cf607bd938b70e '   itemscope=\"itemscope\" itemtype=\"https:\/\/schema.org\/CreativeWork\" ><div class='avia_textblock'  itemprop=\"text\" ><p>Los modelos XK 2 de MAG, basados en la tecnolog\u00eda de rolado en fr\u00edo de Ex-Cell-O, fueron desarrollados para satisfacer las crecientes demandas del mercado. Entre los factores clave para mejorar la productividad se encontraban la simplificaci\u00f3n de los ajustes de las herramientas, la mejora de la calidad de las piezas de trabajo y el aumento de la flexibilidad.<br \/>\nDe acuerdo con el m\u00f3dulo m\u00e1ximo de 2 mm, el di\u00e1metro m\u00e1ximo de los perfiles es de 60 mm.<\/p>\n<\/div><\/section><br \/>\n\n<style type=\"text\/css\" data-created_by=\"avia_inline_auto\" id=\"style-css-av-1pxgy-203211291dbcbcc5504d7ace7570c0b7\">\n#top .av-special-heading.av-1pxgy-203211291dbcbcc5504d7ace7570c0b7{\npadding-bottom:10px;\n}\nbody .av-special-heading.av-1pxgy-203211291dbcbcc5504d7ace7570c0b7 .av-special-heading-tag .heading-char{\nfont-size:25px;\n}\n.av-special-heading.av-1pxgy-203211291dbcbcc5504d7ace7570c0b7 .av-subheading{\nfont-size:15px;\n}\n<\/style>\n<div  class='av-special-heading av-1pxgy-203211291dbcbcc5504d7ace7570c0b7 av-special-heading-h3  avia-builder-el-9  el_after_av_textblock  el_before_av_textblock '><h3 class='av-special-heading-tag '  itemprop=\"headline\"  >XK 2xx &#8211; Rango de aplicaci\u00f3n<\/h3><div class=\"special-heading-border\"><div class=\"special-heading-inner-border\"><\/div><\/div><\/div><br \/>\n<section  class='av_textblock_section av-k3a8vy1i-c3eaba6a5673f57b0224f2a8c69b5209 '   itemscope=\"itemscope\" itemtype=\"https:\/\/schema.org\/CreativeWork\" ><div class='avia_textblock'  itemprop=\"text\" ><ul>\n<li>Ejes de transmisi\u00f3n de autom\u00f3viles de pasajeros<\/li>\n<li>Ejes de autom\u00f3viles de pasajeros<\/li>\n<li>Carcasas de juntas de autom\u00f3viles de pasajeros<\/li>\n<li>Ejes de motor el\u00e9ctrico<\/li>\n<\/ul>\n<\/div><\/section><br \/>\n\n<style type=\"text\/css\" data-created_by=\"avia_inline_auto\" id=\"style-css-av-o7da-4b1619db99d225bc1b69e773cd6fabd0\">\n#top .av-special-heading.av-o7da-4b1619db99d225bc1b69e773cd6fabd0{\npadding-bottom:10px;\n}\nbody .av-special-heading.av-o7da-4b1619db99d225bc1b69e773cd6fabd0 .av-special-heading-tag .heading-char{\nfont-size:25px;\n}\n.av-special-heading.av-o7da-4b1619db99d225bc1b69e773cd6fabd0 .av-subheading{\nfont-size:15px;\n}\n<\/style>\n<div  class='av-special-heading av-o7da-4b1619db99d225bc1b69e773cd6fabd0 av-special-heading-h3  avia-builder-el-11  el_after_av_textblock  el_before_av_textblock '><h3 class='av-special-heading-tag '  itemprop=\"headline\"  >Lo m\u00e1s destacado<\/h3><div class=\"special-heading-border\"><div class=\"special-heading-inner-border\"><\/div><\/div><\/div><br \/>\n<section  class='av_textblock_section av-k3a8vy1i-1d1c4f3752b626c5c1cf607bd938b70e '   itemscope=\"itemscope\" itemtype=\"https:\/\/schema.org\/CreativeWork\" ><div class='avia_textblock'  itemprop=\"text\" ><ul>\n<li>Proceso robusto de formado de estr\u00edas simples<\/li>\n<li>Acci\u00f3n de desplazamineto por 2 pistones hidr\u00e1ulicos<\/li>\n<li>Dise\u00f1o de m\u00e1quina probado y fiable<\/li>\n<li>Funcionamineto de desplazamineto sincronizado por 2 cremalleras y un pi\u00f1\u00f3n<\/li>\n<li>M\u00e1quina b\u00e1sica en forma de C y dise\u00f1o distribuido.<\/li>\n<\/ul>\n<\/div><\/section><\/p><\/div><\/div><\/div><\/div><!-- close content main div --><\/div><\/div><div id='after_section_1'  class='main_color av_default_container_wrap container_wrap sidebar_right'  ><div class='container av-section-cont-open' ><div class='template-page content  av-content-small alpha units'><div class='post-entry post-entry-type-page post-entry-5306'><div class='entry-content-wrapper clearfix'>\n","protected":false},"excerpt":{"rendered":"","protected":false},"author":1,"featured_media":0,"parent":2458,"menu_order":940,"comment_status":"closed","ping_status":"closed","template":"","meta":{"footnotes":""},"class_list":["post-5306","page","type-page","status-publish","hentry"],"yoast_head":"<!-- This site is optimized with the Yoast SEO plugin v27.2 - https:\/\/yoast.com\/product\/yoast-seo-wordpress\/ -->\n<title>Serie XK2 - OSG Ex-Cell-O<\/title>\n<meta name=\"robots\" content=\"index, follow, max-snippet:-1, max-image-preview:large, max-video-preview:-1\" \/>\n<link rel=\"canonical\" href=\"https:\/\/osg-excello.com\/es\/maquinas\/xk-2-serie\/\" \/>\n<meta property=\"og:locale\" content=\"es_ES\" \/>\n<meta property=\"og:type\" content=\"article\" \/>\n<meta property=\"og:title\" content=\"Serie XK2 - OSG Ex-Cell-O\" \/>\n<meta property=\"og:url\" content=\"https:\/\/osg-excello.com\/es\/maquinas\/xk-2-serie\/\" \/>\n<meta property=\"og:site_name\" content=\"OSG Ex-Cell-O\" \/>\n<meta property=\"article:modified_time\" content=\"2021-05-25T05:38:24+00:00\" \/>\n<meta name=\"twitter:card\" content=\"summary_large_image\" \/>\n<meta name=\"twitter:label1\" content=\"Tiempo de lectura\" \/>\n\t<meta name=\"twitter:data1\" content=\"2 minutos\" \/>\n<script type=\"application\/ld+json\" class=\"yoast-schema-graph\">{\"@context\":\"https:\/\/schema.org\",\"@graph\":[{\"@type\":\"WebPage\",\"@id\":\"https:\/\/osg-excello.com\/es\/maquinas\/xk-2-serie\/\",\"url\":\"https:\/\/osg-excello.com\/es\/maquinas\/xk-2-serie\/\",\"name\":\"Serie XK2 - OSG Ex-Cell-O\",\"isPartOf\":{\"@id\":\"https:\/\/osg-excello.com\/es\/#website\"},\"datePublished\":\"2019-11-19T15:21:55+00:00\",\"dateModified\":\"2021-05-25T05:38:24+00:00\",\"breadcrumb\":{\"@id\":\"https:\/\/osg-excello.com\/es\/maquinas\/xk-2-serie\/#breadcrumb\"},\"inLanguage\":\"es\",\"potentialAction\":[{\"@type\":\"ReadAction\",\"target\":[\"https:\/\/osg-excello.com\/es\/maquinas\/xk-2-serie\/\"]}]},{\"@type\":\"BreadcrumbList\",\"@id\":\"https:\/\/osg-excello.com\/es\/maquinas\/xk-2-serie\/#breadcrumb\",\"itemListElement\":[{\"@type\":\"ListItem\",\"position\":1,\"name\":\"Startseite\",\"item\":\"https:\/\/osg-excello.com\/es\/\"},{\"@type\":\"ListItem\",\"position\":2,\"name\":\"M\u00c1QUINAS\",\"item\":\"https:\/\/osg-excello.com\/es\/maquinas\/\"},{\"@type\":\"ListItem\",\"position\":3,\"name\":\"Serie XK2\"}]},{\"@type\":\"WebSite\",\"@id\":\"https:\/\/osg-excello.com\/es\/#website\",\"url\":\"https:\/\/osg-excello.com\/es\/\",\"name\":\"OSG Ex-Cell-O\",\"description\":\"\",\"publisher\":{\"@id\":\"https:\/\/osg-excello.com\/es\/#organization\"},\"potentialAction\":[{\"@type\":\"SearchAction\",\"target\":{\"@type\":\"EntryPoint\",\"urlTemplate\":\"https:\/\/osg-excello.com\/es\/?s={search_term_string}\"},\"query-input\":{\"@type\":\"PropertyValueSpecification\",\"valueRequired\":true,\"valueName\":\"search_term_string\"}}],\"inLanguage\":\"es\"},{\"@type\":\"Organization\",\"@id\":\"https:\/\/osg-excello.com\/es\/#organization\",\"name\":\"OSG Ex-Cell-O GmbH\",\"url\":\"https:\/\/osg-excello.com\/es\/\",\"logo\":{\"@type\":\"ImageObject\",\"inLanguage\":\"es\",\"@id\":\"https:\/\/osg-excello.com\/es\/#\/schema\/logo\/image\/\",\"url\":\"https:\/\/osg-excello.com\/wp-content\/uploads\/2019\/11\/osg_excello_logo_final-2.png\",\"contentUrl\":\"https:\/\/osg-excello.com\/wp-content\/uploads\/2019\/11\/osg_excello_logo_final-2.png\",\"width\":514,\"height\":236,\"caption\":\"OSG Ex-Cell-O GmbH\"},\"image\":{\"@id\":\"https:\/\/osg-excello.com\/es\/#\/schema\/logo\/image\/\"}}]}<\/script>\n<!-- \/ Yoast SEO plugin. -->","yoast_head_json":{"title":"Serie XK2 - OSG Ex-Cell-O","robots":{"index":"index","follow":"follow","max-snippet":"max-snippet:-1","max-image-preview":"max-image-preview:large","max-video-preview":"max-video-preview:-1"},"canonical":"https:\/\/osg-excello.com\/es\/maquinas\/xk-2-serie\/","og_locale":"es_ES","og_type":"article","og_title":"Serie XK2 - OSG Ex-Cell-O","og_url":"https:\/\/osg-excello.com\/es\/maquinas\/xk-2-serie\/","og_site_name":"OSG Ex-Cell-O","article_modified_time":"2021-05-25T05:38:24+00:00","twitter_card":"summary_large_image","twitter_misc":{"Tiempo de lectura":"2 minutos"},"schema":{"@context":"https:\/\/schema.org","@graph":[{"@type":"WebPage","@id":"https:\/\/osg-excello.com\/es\/maquinas\/xk-2-serie\/","url":"https:\/\/osg-excello.com\/es\/maquinas\/xk-2-serie\/","name":"Serie XK2 - OSG Ex-Cell-O","isPartOf":{"@id":"https:\/\/osg-excello.com\/es\/#website"},"datePublished":"2019-11-19T15:21:55+00:00","dateModified":"2021-05-25T05:38:24+00:00","breadcrumb":{"@id":"https:\/\/osg-excello.com\/es\/maquinas\/xk-2-serie\/#breadcrumb"},"inLanguage":"es","potentialAction":[{"@type":"ReadAction","target":["https:\/\/osg-excello.com\/es\/maquinas\/xk-2-serie\/"]}]},{"@type":"BreadcrumbList","@id":"https:\/\/osg-excello.com\/es\/maquinas\/xk-2-serie\/#breadcrumb","itemListElement":[{"@type":"ListItem","position":1,"name":"Startseite","item":"https:\/\/osg-excello.com\/es\/"},{"@type":"ListItem","position":2,"name":"M\u00c1QUINAS","item":"https:\/\/osg-excello.com\/es\/maquinas\/"},{"@type":"ListItem","position":3,"name":"Serie XK2"}]},{"@type":"WebSite","@id":"https:\/\/osg-excello.com\/es\/#website","url":"https:\/\/osg-excello.com\/es\/","name":"OSG Ex-Cell-O","description":"","publisher":{"@id":"https:\/\/osg-excello.com\/es\/#organization"},"potentialAction":[{"@type":"SearchAction","target":{"@type":"EntryPoint","urlTemplate":"https:\/\/osg-excello.com\/es\/?s={search_term_string}"},"query-input":{"@type":"PropertyValueSpecification","valueRequired":true,"valueName":"search_term_string"}}],"inLanguage":"es"},{"@type":"Organization","@id":"https:\/\/osg-excello.com\/es\/#organization","name":"OSG Ex-Cell-O GmbH","url":"https:\/\/osg-excello.com\/es\/","logo":{"@type":"ImageObject","inLanguage":"es","@id":"https:\/\/osg-excello.com\/es\/#\/schema\/logo\/image\/","url":"https:\/\/osg-excello.com\/wp-content\/uploads\/2019\/11\/osg_excello_logo_final-2.png","contentUrl":"https:\/\/osg-excello.com\/wp-content\/uploads\/2019\/11\/osg_excello_logo_final-2.png","width":514,"height":236,"caption":"OSG Ex-Cell-O GmbH"},"image":{"@id":"https:\/\/osg-excello.com\/es\/#\/schema\/logo\/image\/"}}]}},"_links":{"self":[{"href":"https:\/\/osg-excello.com\/es\/wp-json\/wp\/v2\/pages\/5306","targetHints":{"allow":["GET"]}}],"collection":[{"href":"https:\/\/osg-excello.com\/es\/wp-json\/wp\/v2\/pages"}],"about":[{"href":"https:\/\/osg-excello.com\/es\/wp-json\/wp\/v2\/types\/page"}],"author":[{"embeddable":true,"href":"https:\/\/osg-excello.com\/es\/wp-json\/wp\/v2\/users\/1"}],"replies":[{"embeddable":true,"href":"https:\/\/osg-excello.com\/es\/wp-json\/wp\/v2\/comments?post=5306"}],"version-history":[{"count":4,"href":"https:\/\/osg-excello.com\/es\/wp-json\/wp\/v2\/pages\/5306\/revisions"}],"predecessor-version":[{"id":5800,"href":"https:\/\/osg-excello.com\/es\/wp-json\/wp\/v2\/pages\/5306\/revisions\/5800"}],"up":[{"embeddable":true,"href":"https:\/\/osg-excello.com\/es\/wp-json\/wp\/v2\/pages\/2458"}],"wp:attachment":[{"href":"https:\/\/osg-excello.com\/es\/wp-json\/wp\/v2\/media?parent=5306"}],"curies":[{"name":"wp","href":"https:\/\/api.w.org\/{rel}","templated":true}]}}