{"id":5469,"date":"2019-11-19T16:21:55","date_gmt":"2019-11-19T15:21:55","guid":{"rendered":"https:\/\/osg-excello.com\/maquinas\/xk8-evolution-serie\/"},"modified":"2021-05-25T14:31:59","modified_gmt":"2021-05-25T12:31:59","slug":"xk8-evolution-serie","status":"publish","type":"page","link":"https:\/\/osg-excello.com\/es\/maquinas\/xk8-evolution-serie\/","title":{"rendered":"Serie XK8 Evolution"},"content":{"rendered":"\n<style type=\"text\/css\" data-created_by=\"avia_inline_auto\" id=\"style-css-av-807no-33a4a38e5e0d5dea70cde682a9dc653a\">\n.flex_column.av-807no-33a4a38e5e0d5dea70cde682a9dc653a{\nborder-radius:0px 0px 0px 0px;\npadding:25px 0px 0px 0px;\n}\n<\/style>\n<div  class='flex_column av-807no-33a4a38e5e0d5dea70cde682a9dc653a av_one_full  avia-builder-el-0  el_before_av_hr  avia-builder-el-first  first flex_column_div  '     ><style type=\"text\/css\" data-created_by=\"avia_inline_auto\" id=\"style-css-av-k3fxp34a-8cb0daea5a64f92466bcde2da2713df5\">\n#top .av-special-heading.av-k3fxp34a-8cb0daea5a64f92466bcde2da2713df5{\npadding-bottom:10px;\n}\nbody .av-special-heading.av-k3fxp34a-8cb0daea5a64f92466bcde2da2713df5 .av-special-heading-tag .heading-char{\nfont-size:25px;\n}\n.av-special-heading.av-k3fxp34a-8cb0daea5a64f92466bcde2da2713df5 .av-subheading{\nfont-size:15px;\n}\n<\/style>\n<div  class='av-special-heading av-k3fxp34a-8cb0daea5a64f92466bcde2da2713df5 av-special-heading-h1 blockquote modern-quote modern-centered  avia-builder-el-1  avia-builder-el-no-sibling '><h1 class='av-special-heading-tag '  itemprop=\"headline\"  >Serie XK8 Evolution<\/h1><div class=\"special-heading-border\"><div class=\"special-heading-inner-border\"><\/div><\/div><\/div><\/div>\n\n<style type=\"text\/css\" data-created_by=\"avia_inline_auto\" id=\"style-css-av-k363cjsl-6c3a36cc1ad2d24930cc419f13ab6bc6\">\n#top .hr.av-k363cjsl-6c3a36cc1ad2d24930cc419f13ab6bc6{\nmargin-top:0px;\nmargin-bottom:30px;\n}\n.hr.av-k363cjsl-6c3a36cc1ad2d24930cc419f13ab6bc6 .hr-inner{\nwidth:30%;\nborder-color:#e8e8e8;\nmax-width:45%;\n}\n.hr.av-k363cjsl-6c3a36cc1ad2d24930cc419f13ab6bc6 .av-seperator-icon{\ncolor:#e8e8e8;\n}\n.hr.av-k363cjsl-6c3a36cc1ad2d24930cc419f13ab6bc6 .av-seperator-icon.avia-svg-icon svg:first-child{\nfill:#e8e8e8;\nstroke:#e8e8e8;\n}\n<\/style>\n<div  class='hr av-k363cjsl-6c3a36cc1ad2d24930cc419f13ab6bc6 hr-custom  avia-builder-el-2  el_after_av_one_full  el_before_av_section  avia-builder-el-last  hr-center hr-icon-yes'><span class='hr-inner inner-border-av-border-thin'><span class=\"hr-inner-style\"><\/span><\/span><span class='av-seperator-icon avia-iconfont avia-font-entypo-fontello' data-av_icon='\ue898' data-av_iconfont='entypo-fontello' ><\/span><span class='hr-inner inner-border-av-border-thin'><span class=\"hr-inner-style\"><\/span><\/span><\/div>\n<\/div><\/div><\/div><!-- close content main div --><\/div><\/div>\n<style type=\"text\/css\" data-created_by=\"avia_inline_auto\" id=\"style-css-av-k3647wxa-14f501a09e84162727fa6ec184c7a00c\">\n.avia-section.av-k3647wxa-14f501a09e84162727fa6ec184c7a00c{\nmargin-top:0px;\nmargin-bottom:100px;\n}\n<\/style>\n<div id='av_section_1'  class='avia-section av-k3647wxa-14f501a09e84162727fa6ec184c7a00c main_color avia-section-no-padding avia-no-border-styling  avia-builder-el-3  el_after_av_hr  avia-builder-el-last  avia-bg-style-scroll container_wrap sidebar_right'  ><div class='container av-section-cont-open' ><div class='template-page content  av-content-small alpha units'><div class='post-entry post-entry-type-page post-entry-5469'><div class='entry-content-wrapper clearfix'>\n\n<style type=\"text\/css\" data-created_by=\"avia_inline_auto\" id=\"style-css-av-7nzzw-2c1641dce56e8229eb55335a5a6ec76f\">\n.flex_column.av-7nzzw-2c1641dce56e8229eb55335a5a6ec76f{\nborder-radius:0px 0px 0px 0px;\npadding:0px 0px 0px 0px;\n}\n<\/style>\n<div  class='flex_column av-7nzzw-2c1641dce56e8229eb55335a5a6ec76f av_two_third  avia-builder-el-4  el_before_av_one_third  avia-builder-el-first  first flex_column_div av-animated-generic bottom-to-top av-zero-column-padding  '     ><p>\n<style type=\"text\/css\" data-created_by=\"avia_inline_auto\" id=\"style-css-av-k3conupj-bcca658704621c1b1e5df999fbb2ade3\">\n.avia-image-container.av-k3conupj-bcca658704621c1b1e5df999fbb2ade3 img.avia_image{\nbox-shadow:none;\n}\n.avia-image-container.av-k3conupj-bcca658704621c1b1e5df999fbb2ade3 .av-image-caption-overlay-center{\ncolor:#ffffff;\n}\n<\/style>\n<div  class='avia-image-container av-k3conupj-bcca658704621c1b1e5df999fbb2ade3 av-styling- av-hover-grow av-hide-overflow av-img-linked avia-align-center  avia-builder-el-5  el_before_av_hr  avia-builder-el-first '   itemprop=\"image\" itemscope=\"itemscope\" itemtype=\"https:\/\/schema.org\/ImageObject\" ><div class=\"avia-image-container-inner\"><div class=\"avia-image-overlay-wrap\"><a href=\"https:\/\/osg-excello.com\/wp-content\/uploads\/2019\/11\/maschinen_XK8518E_0049_E.jpg\" data-srcset=\"https:\/\/osg-excello.com\/wp-content\/uploads\/2019\/11\/maschinen_XK8518E_0049_E.jpg 1280w, https:\/\/osg-excello.com\/wp-content\/uploads\/2019\/11\/maschinen_XK8518E_0049_E-768x449.jpg 768w, https:\/\/osg-excello.com\/wp-content\/uploads\/2019\/11\/maschinen_XK8518E_0049_E-705x413.jpg 705w\" data-sizes=\"(max-width: 1280px) 100vw, 1280px\" class='avia_image '  aria-label='maschinen_XK8518E_0049_E'><img decoding=\"async\" fetchpriority=\"high\" class='wp-image-5497 avia-img-lazy-loading-not-5497 avia_image ' src=\"https:\/\/osg-excello.com\/wp-content\/uploads\/2019\/11\/maschinen_XK8518E_0049_E.jpg\" alt='' title='maschinen_XK8518E_0049_E'  height=\"749\" width=\"1280\"  itemprop=\"thumbnailUrl\" srcset=\"https:\/\/osg-excello.com\/wp-content\/uploads\/2019\/11\/maschinen_XK8518E_0049_E.jpg 1280w, https:\/\/osg-excello.com\/wp-content\/uploads\/2019\/11\/maschinen_XK8518E_0049_E-768x449.jpg 768w, https:\/\/osg-excello.com\/wp-content\/uploads\/2019\/11\/maschinen_XK8518E_0049_E-705x413.jpg 705w\" sizes=\"(max-width: 1280px) 100vw, 1280px\" \/><\/a><\/div><\/div><\/div><br \/>\n\n<style type=\"text\/css\" data-created_by=\"avia_inline_auto\" id=\"style-css-av-k3b9kc22-fb179e88a596ca9b3f22021301765415\">\n#top .hr.hr-invisible.av-k3b9kc22-fb179e88a596ca9b3f22021301765415{\nheight:30px;\n}\n<\/style>\n<div  class='hr av-k3b9kc22-fb179e88a596ca9b3f22021301765415 hr-invisible  avia-builder-el-6  el_after_av_image  el_before_av_image '><span class='hr-inner '><span class=\"hr-inner-style\"><\/span><\/span><\/div><br \/>\n\n<style type=\"text\/css\" data-created_by=\"avia_inline_auto\" id=\"style-css-av-k3conupj-9daac69666bda75fe359e003b9092651\">\n.avia-image-container.av-k3conupj-9daac69666bda75fe359e003b9092651 img.avia_image{\nbox-shadow:none;\n}\n.avia-image-container.av-k3conupj-9daac69666bda75fe359e003b9092651 .av-image-caption-overlay-center{\ncolor:#ffffff;\n}\n<\/style>\n<div  class='avia-image-container av-k3conupj-9daac69666bda75fe359e003b9092651 av-styling- av-hover-grow av-hide-overflow av-img-linked avia-align-left  avia-builder-el-7  el_after_av_hr  el_before_av_image  rowImage50'   itemprop=\"image\" itemscope=\"itemscope\" itemtype=\"https:\/\/schema.org\/ImageObject\" ><div class=\"avia-image-container-inner\"><div class=\"avia-image-overlay-wrap\"><a href=\"https:\/\/osg-excello.com\/wp-content\/uploads\/2019\/11\/maschinen_XK8518E_0309_E.jpg\" data-srcset=\"https:\/\/osg-excello.com\/wp-content\/uploads\/2019\/11\/maschinen_XK8518E_0309_E.jpg 1280w, https:\/\/osg-excello.com\/wp-content\/uploads\/2019\/11\/maschinen_XK8518E_0309_E-768x576.jpg 768w, https:\/\/osg-excello.com\/wp-content\/uploads\/2019\/11\/maschinen_XK8518E_0309_E-705x529.jpg 705w\" data-sizes=\"(max-width: 1280px) 100vw, 1280px\" class='avia_image '  aria-label='maschinen_XK8518E_0309_E'><img decoding=\"async\" fetchpriority=\"high\" class='wp-image-5498 avia-img-lazy-loading-not-5498 avia_image ' src=\"https:\/\/osg-excello.com\/wp-content\/uploads\/2019\/11\/maschinen_XK8518E_0309_E.jpg\" alt='' title='maschinen_XK8518E_0309_E'  height=\"960\" width=\"1280\"  itemprop=\"thumbnailUrl\" srcset=\"https:\/\/osg-excello.com\/wp-content\/uploads\/2019\/11\/maschinen_XK8518E_0309_E.jpg 1280w, https:\/\/osg-excello.com\/wp-content\/uploads\/2019\/11\/maschinen_XK8518E_0309_E-768x576.jpg 768w, https:\/\/osg-excello.com\/wp-content\/uploads\/2019\/11\/maschinen_XK8518E_0309_E-705x529.jpg 705w\" sizes=\"(max-width: 1280px) 100vw, 1280px\" \/><\/a><\/div><\/div><\/div><br \/>\n\n<style type=\"text\/css\" data-created_by=\"avia_inline_auto\" id=\"style-css-av-k3conupj-85134325bd65c7620c6c22b43fb9d9d0\">\n.avia-image-container.av-k3conupj-85134325bd65c7620c6c22b43fb9d9d0 img.avia_image{\nbox-shadow:none;\n}\n.avia-image-container.av-k3conupj-85134325bd65c7620c6c22b43fb9d9d0 .av-image-caption-overlay-center{\ncolor:#ffffff;\n}\n<\/style>\n<div  class='avia-image-container av-k3conupj-85134325bd65c7620c6c22b43fb9d9d0 av-styling- av-hover-grow av-hide-overflow av-img-linked avia-align-left  avia-builder-el-8  el_after_av_image  avia-builder-el-last  rowImage50'   itemprop=\"image\" itemscope=\"itemscope\" itemtype=\"https:\/\/schema.org\/ImageObject\" ><div class=\"avia-image-container-inner\"><div class=\"avia-image-overlay-wrap\"><a href=\"https:\/\/osg-excello.com\/wp-content\/uploads\/2019\/11\/maschinen_xk8e_07_XK8518E_0340_B.jpg\" data-srcset=\"https:\/\/osg-excello.com\/wp-content\/uploads\/2019\/11\/maschinen_xk8e_07_XK8518E_0340_B.jpg 1280w, https:\/\/osg-excello.com\/wp-content\/uploads\/2019\/11\/maschinen_xk8e_07_XK8518E_0340_B-768x576.jpg 768w, https:\/\/osg-excello.com\/wp-content\/uploads\/2019\/11\/maschinen_xk8e_07_XK8518E_0340_B-705x529.jpg 705w\" data-sizes=\"(max-width: 1280px) 100vw, 1280px\" class='avia_image '  aria-label='maschinen_xk8e_07_XK8518E_0340_B'><img decoding=\"async\" fetchpriority=\"high\" class='wp-image-5470 avia-img-lazy-loading-not-5470 avia_image ' src=\"https:\/\/osg-excello.com\/wp-content\/uploads\/2019\/11\/maschinen_xk8e_07_XK8518E_0340_B.jpg\" alt='' title='maschinen_xk8e_07_XK8518E_0340_B'  height=\"960\" width=\"1280\"  itemprop=\"thumbnailUrl\" srcset=\"https:\/\/osg-excello.com\/wp-content\/uploads\/2019\/11\/maschinen_xk8e_07_XK8518E_0340_B.jpg 1280w, https:\/\/osg-excello.com\/wp-content\/uploads\/2019\/11\/maschinen_xk8e_07_XK8518E_0340_B-768x576.jpg 768w, https:\/\/osg-excello.com\/wp-content\/uploads\/2019\/11\/maschinen_xk8e_07_XK8518E_0340_B-705x529.jpg 705w\" sizes=\"(max-width: 1280px) 100vw, 1280px\" \/><\/a><\/div><\/div><\/div><\/p><\/div>\n<style type=\"text\/css\" data-created_by=\"avia_inline_auto\" id=\"style-css-av-7nzzw-47ef4b95d16ddc52afc9d03e4ee84fbc\">\n.flex_column.av-7nzzw-47ef4b95d16ddc52afc9d03e4ee84fbc{\nborder-radius:0px 0px 0px 0px;\npadding:0px 0px 0px 0px;\n}\n<\/style>\n<div  class='flex_column av-7nzzw-47ef4b95d16ddc52afc9d03e4ee84fbc av_one_third  avia-builder-el-9  el_after_av_two_third  avia-builder-el-last  flex_column_div av-animated-generic bottom-to-top av-zero-column-padding  '     ><p>\n<style type=\"text\/css\" data-created_by=\"avia_inline_auto\" id=\"style-css-av-26ewx-2d1c56f676b11390cfd0076a8bac4926\">\n#top .av-special-heading.av-26ewx-2d1c56f676b11390cfd0076a8bac4926{\npadding-bottom:10px;\n}\nbody .av-special-heading.av-26ewx-2d1c56f676b11390cfd0076a8bac4926 .av-special-heading-tag .heading-char{\nfont-size:25px;\n}\n.av-special-heading.av-26ewx-2d1c56f676b11390cfd0076a8bac4926 .av-subheading{\nfont-size:15px;\n}\n<\/style>\n<div  class='av-special-heading av-26ewx-2d1c56f676b11390cfd0076a8bac4926 av-special-heading-h3  avia-builder-el-10  el_before_av_textblock  avia-builder-el-first '><h3 class='av-special-heading-tag '  itemprop=\"headline\"  >XK 825, XK837, XK 851 (2e\/4e\/6e\/8e)<\/h3><div class=\"special-heading-border\"><div class=\"special-heading-inner-border\"><\/div><\/div><\/div><br \/>\n<section  class='av_textblock_section av-k3a8vy1i-c3eaba6a5673f57b0224f2a8c69b5209 '   itemscope=\"itemscope\" itemtype=\"https:\/\/schema.org\/CreativeWork\" ><div class='avia_textblock'  itemprop=\"text\" ><p>La evoluci\u00f3n para la pr\u00f3xima generaci\u00f3n. La serie XK8e est\u00e1 lista para adaptarse \u00f3ptimamente a los requerimientos e impresiona con las \u00faltimas caracter\u00edsticas tecnol\u00f3gicas.<\/p>\n<\/div><\/section><br \/>\n\n<style type=\"text\/css\" data-created_by=\"avia_inline_auto\" id=\"style-css-av-6djt-de1dd13d5e3971a07e07497a48cf4ddb\">\n#top .av-special-heading.av-6djt-de1dd13d5e3971a07e07497a48cf4ddb{\npadding-bottom:10px;\n}\nbody .av-special-heading.av-6djt-de1dd13d5e3971a07e07497a48cf4ddb .av-special-heading-tag .heading-char{\nfont-size:25px;\n}\n.av-special-heading.av-6djt-de1dd13d5e3971a07e07497a48cf4ddb .av-subheading{\nfont-size:15px;\n}\n<\/style>\n<div  class='av-special-heading av-6djt-de1dd13d5e3971a07e07497a48cf4ddb av-special-heading-h3  avia-builder-el-12  el_after_av_textblock  el_before_av_textblock '><h3 class='av-special-heading-tag '  itemprop=\"headline\"  >XK 8xx &#8211; Rango de aplicaci\u00f3n<\/h3><div class=\"special-heading-border\"><div class=\"special-heading-inner-border\"><\/div><\/div><\/div><br \/>\n<section  class='av_textblock_section av-k3a8vy1i-c3eaba6a5673f57b0224f2a8c69b5209 '   itemscope=\"itemscope\" itemtype=\"https:\/\/schema.org\/CreativeWork\" ><div class='avia_textblock'  itemprop=\"text\" ><ul>\n<li>Ejes de transmisi\u00f3n de autom\u00f3vil de pasajeros<\/li>\n<li>Ejes de autom\u00f3vil de pasajeros<\/li>\n<li>Ejes de motor el\u00e9ctrico<\/li>\n<li>Producci\u00f3n eficiente de peque\u00f1os lotes<\/li>\n<\/ul>\n<\/div><\/section><br \/>\n\n<style type=\"text\/css\" data-created_by=\"avia_inline_auto\" id=\"style-css-av-13369-179de34cd220a98b80f16c98ca9cdbee\">\n#top .av-special-heading.av-13369-179de34cd220a98b80f16c98ca9cdbee{\npadding-bottom:10px;\n}\nbody .av-special-heading.av-13369-179de34cd220a98b80f16c98ca9cdbee .av-special-heading-tag .heading-char{\nfont-size:25px;\n}\n.av-special-heading.av-13369-179de34cd220a98b80f16c98ca9cdbee .av-subheading{\nfont-size:15px;\n}\n<\/style>\n<div  class='av-special-heading av-13369-179de34cd220a98b80f16c98ca9cdbee av-special-heading-h3  avia-builder-el-14  el_after_av_textblock  el_before_av_textblock '><h3 class='av-special-heading-tag '  itemprop=\"headline\"  >Lo m\u00e1s destacado<\/h3><div class=\"special-heading-border\"><div class=\"special-heading-inner-border\"><\/div><\/div><\/div><br \/>\n<section  class='av_textblock_section av-k3a8vy1i-1d1c4f3752b626c5c1cf607bd938b70e '   itemscope=\"itemscope\" itemtype=\"https:\/\/schema.org\/CreativeWork\" ><div class='avia_textblock'  itemprop=\"text\" ><ul>\n<li>Opcionalmente como m\u00e1quina de 2, 4, 6 u 8 ejes disponible<\/li>\n<li>Ejes de control de conicidad CNC para manejar las conicidades de las estr\u00edas debido a las desviaciones del flujo de material axial o a las desviaciones del tratamiento t\u00e9rmico<\/li>\n<li>Gran variedad de piezas de trabajo y herramientas gracias al aumento de la variaci\u00f3n de apertura de las m\u00e1quinas: 5,5&#8243;- 8,0&#8243; en una m\u00e1quina.<\/li>\n<li>El mas reciente control FANUC con pantalla t\u00e1ctil HMI.<\/li>\n<li>Control de m\u00e1quina opcional SIEMENS 840D SL<\/li>\n<li>Aumento de las tasas de alimentaci\u00f3n horizontal y vertical<\/li>\n<li>Reducci\u00f3n del espacio en el uso de suelo<\/li>\n<\/ul>\n<\/div><\/section><\/p><\/div><\/div><\/div><\/div><!-- close content main div --><\/div><\/div><div id='after_section_1'  class='main_color av_default_container_wrap container_wrap sidebar_right'  ><div class='container av-section-cont-open' ><div class='template-page content  av-content-small alpha units'><div class='post-entry post-entry-type-page post-entry-5469'><div class='entry-content-wrapper clearfix'>\n","protected":false},"excerpt":{"rendered":"","protected":false},"author":1,"featured_media":0,"parent":2458,"menu_order":943,"comment_status":"closed","ping_status":"closed","template":"","meta":{"footnotes":""},"class_list":["post-5469","page","type-page","status-publish","hentry"],"yoast_head":"<!-- This site is optimized with the Yoast SEO plugin v27.2 - https:\/\/yoast.com\/product\/yoast-seo-wordpress\/ -->\n<title>Serie XK8 Evolution - OSG Ex-Cell-O<\/title>\n<meta name=\"robots\" content=\"index, follow, max-snippet:-1, max-image-preview:large, max-video-preview:-1\" \/>\n<link rel=\"canonical\" href=\"https:\/\/osg-excello.com\/es\/maquinas\/xk8-evolution-serie\/\" \/>\n<meta property=\"og:locale\" content=\"es_ES\" \/>\n<meta property=\"og:type\" content=\"article\" \/>\n<meta property=\"og:title\" content=\"Serie XK8 Evolution - OSG Ex-Cell-O\" \/>\n<meta property=\"og:url\" content=\"https:\/\/osg-excello.com\/es\/maquinas\/xk8-evolution-serie\/\" \/>\n<meta property=\"og:site_name\" content=\"OSG Ex-Cell-O\" \/>\n<meta property=\"article:modified_time\" content=\"2021-05-25T12:31:59+00:00\" \/>\n<meta name=\"twitter:card\" content=\"summary_large_image\" \/>\n<meta name=\"twitter:label1\" content=\"Tiempo de lectura\" \/>\n\t<meta name=\"twitter:data1\" content=\"7 minutos\" \/>\n<script type=\"application\/ld+json\" class=\"yoast-schema-graph\">{\"@context\":\"https:\/\/schema.org\",\"@graph\":[{\"@type\":\"WebPage\",\"@id\":\"https:\/\/osg-excello.com\/es\/maquinas\/xk8-evolution-serie\/\",\"url\":\"https:\/\/osg-excello.com\/es\/maquinas\/xk8-evolution-serie\/\",\"name\":\"Serie XK8 Evolution - OSG Ex-Cell-O\",\"isPartOf\":{\"@id\":\"https:\/\/osg-excello.com\/es\/#website\"},\"datePublished\":\"2019-11-19T15:21:55+00:00\",\"dateModified\":\"2021-05-25T12:31:59+00:00\",\"breadcrumb\":{\"@id\":\"https:\/\/osg-excello.com\/es\/maquinas\/xk8-evolution-serie\/#breadcrumb\"},\"inLanguage\":\"es\",\"potentialAction\":[{\"@type\":\"ReadAction\",\"target\":[\"https:\/\/osg-excello.com\/es\/maquinas\/xk8-evolution-serie\/\"]}]},{\"@type\":\"BreadcrumbList\",\"@id\":\"https:\/\/osg-excello.com\/es\/maquinas\/xk8-evolution-serie\/#breadcrumb\",\"itemListElement\":[{\"@type\":\"ListItem\",\"position\":1,\"name\":\"Startseite\",\"item\":\"https:\/\/osg-excello.com\/es\/\"},{\"@type\":\"ListItem\",\"position\":2,\"name\":\"M\u00c1QUINAS\",\"item\":\"https:\/\/osg-excello.com\/es\/maquinas\/\"},{\"@type\":\"ListItem\",\"position\":3,\"name\":\"Serie XK8 Evolution\"}]},{\"@type\":\"WebSite\",\"@id\":\"https:\/\/osg-excello.com\/es\/#website\",\"url\":\"https:\/\/osg-excello.com\/es\/\",\"name\":\"OSG Ex-Cell-O\",\"description\":\"\",\"publisher\":{\"@id\":\"https:\/\/osg-excello.com\/es\/#organization\"},\"potentialAction\":[{\"@type\":\"SearchAction\",\"target\":{\"@type\":\"EntryPoint\",\"urlTemplate\":\"https:\/\/osg-excello.com\/es\/?s={search_term_string}\"},\"query-input\":{\"@type\":\"PropertyValueSpecification\",\"valueRequired\":true,\"valueName\":\"search_term_string\"}}],\"inLanguage\":\"es\"},{\"@type\":\"Organization\",\"@id\":\"https:\/\/osg-excello.com\/es\/#organization\",\"name\":\"OSG Ex-Cell-O GmbH\",\"url\":\"https:\/\/osg-excello.com\/es\/\",\"logo\":{\"@type\":\"ImageObject\",\"inLanguage\":\"es\",\"@id\":\"https:\/\/osg-excello.com\/es\/#\/schema\/logo\/image\/\",\"url\":\"https:\/\/osg-excello.com\/wp-content\/uploads\/2019\/11\/osg_excello_logo_final-2.png\",\"contentUrl\":\"https:\/\/osg-excello.com\/wp-content\/uploads\/2019\/11\/osg_excello_logo_final-2.png\",\"width\":514,\"height\":236,\"caption\":\"OSG Ex-Cell-O GmbH\"},\"image\":{\"@id\":\"https:\/\/osg-excello.com\/es\/#\/schema\/logo\/image\/\"}}]}<\/script>\n<!-- \/ Yoast SEO plugin. -->","yoast_head_json":{"title":"Serie XK8 Evolution - OSG Ex-Cell-O","robots":{"index":"index","follow":"follow","max-snippet":"max-snippet:-1","max-image-preview":"max-image-preview:large","max-video-preview":"max-video-preview:-1"},"canonical":"https:\/\/osg-excello.com\/es\/maquinas\/xk8-evolution-serie\/","og_locale":"es_ES","og_type":"article","og_title":"Serie XK8 Evolution - OSG Ex-Cell-O","og_url":"https:\/\/osg-excello.com\/es\/maquinas\/xk8-evolution-serie\/","og_site_name":"OSG Ex-Cell-O","article_modified_time":"2021-05-25T12:31:59+00:00","twitter_card":"summary_large_image","twitter_misc":{"Tiempo de lectura":"7 minutos"},"schema":{"@context":"https:\/\/schema.org","@graph":[{"@type":"WebPage","@id":"https:\/\/osg-excello.com\/es\/maquinas\/xk8-evolution-serie\/","url":"https:\/\/osg-excello.com\/es\/maquinas\/xk8-evolution-serie\/","name":"Serie XK8 Evolution - OSG Ex-Cell-O","isPartOf":{"@id":"https:\/\/osg-excello.com\/es\/#website"},"datePublished":"2019-11-19T15:21:55+00:00","dateModified":"2021-05-25T12:31:59+00:00","breadcrumb":{"@id":"https:\/\/osg-excello.com\/es\/maquinas\/xk8-evolution-serie\/#breadcrumb"},"inLanguage":"es","potentialAction":[{"@type":"ReadAction","target":["https:\/\/osg-excello.com\/es\/maquinas\/xk8-evolution-serie\/"]}]},{"@type":"BreadcrumbList","@id":"https:\/\/osg-excello.com\/es\/maquinas\/xk8-evolution-serie\/#breadcrumb","itemListElement":[{"@type":"ListItem","position":1,"name":"Startseite","item":"https:\/\/osg-excello.com\/es\/"},{"@type":"ListItem","position":2,"name":"M\u00c1QUINAS","item":"https:\/\/osg-excello.com\/es\/maquinas\/"},{"@type":"ListItem","position":3,"name":"Serie XK8 Evolution"}]},{"@type":"WebSite","@id":"https:\/\/osg-excello.com\/es\/#website","url":"https:\/\/osg-excello.com\/es\/","name":"OSG Ex-Cell-O","description":"","publisher":{"@id":"https:\/\/osg-excello.com\/es\/#organization"},"potentialAction":[{"@type":"SearchAction","target":{"@type":"EntryPoint","urlTemplate":"https:\/\/osg-excello.com\/es\/?s={search_term_string}"},"query-input":{"@type":"PropertyValueSpecification","valueRequired":true,"valueName":"search_term_string"}}],"inLanguage":"es"},{"@type":"Organization","@id":"https:\/\/osg-excello.com\/es\/#organization","name":"OSG Ex-Cell-O GmbH","url":"https:\/\/osg-excello.com\/es\/","logo":{"@type":"ImageObject","inLanguage":"es","@id":"https:\/\/osg-excello.com\/es\/#\/schema\/logo\/image\/","url":"https:\/\/osg-excello.com\/wp-content\/uploads\/2019\/11\/osg_excello_logo_final-2.png","contentUrl":"https:\/\/osg-excello.com\/wp-content\/uploads\/2019\/11\/osg_excello_logo_final-2.png","width":514,"height":236,"caption":"OSG Ex-Cell-O GmbH"},"image":{"@id":"https:\/\/osg-excello.com\/es\/#\/schema\/logo\/image\/"}}]}},"_links":{"self":[{"href":"https:\/\/osg-excello.com\/es\/wp-json\/wp\/v2\/pages\/5469","targetHints":{"allow":["GET"]}}],"collection":[{"href":"https:\/\/osg-excello.com\/es\/wp-json\/wp\/v2\/pages"}],"about":[{"href":"https:\/\/osg-excello.com\/es\/wp-json\/wp\/v2\/types\/page"}],"author":[{"embeddable":true,"href":"https:\/\/osg-excello.com\/es\/wp-json\/wp\/v2\/users\/1"}],"replies":[{"embeddable":true,"href":"https:\/\/osg-excello.com\/es\/wp-json\/wp\/v2\/comments?post=5469"}],"version-history":[{"count":4,"href":"https:\/\/osg-excello.com\/es\/wp-json\/wp\/v2\/pages\/5469\/revisions"}],"predecessor-version":[{"id":5968,"href":"https:\/\/osg-excello.com\/es\/wp-json\/wp\/v2\/pages\/5469\/revisions\/5968"}],"up":[{"embeddable":true,"href":"https:\/\/osg-excello.com\/es\/wp-json\/wp\/v2\/pages\/2458"}],"wp:attachment":[{"href":"https:\/\/osg-excello.com\/es\/wp-json\/wp\/v2\/media?parent=5469"}],"curies":[{"name":"wp","href":"https:\/\/api.w.org\/{rel}","templated":true}]}}