{"id":5751,"date":"2019-11-19T16:09:05","date_gmt":"2019-11-19T15:09:05","guid":{"rendered":"https:\/\/osg-excello.com\/innovaciones\/modernste-modulare-maschinentechnologie-die-neue-xk8e-serie\/"},"modified":"2021-05-25T09:59:17","modified_gmt":"2021-05-25T07:59:17","slug":"modernste-modulare-maschinentechnologie-die-neue-xk8e-serie","status":"publish","type":"page","link":"https:\/\/osg-excello.com\/es\/innovaciones\/modernste-modulare-maschinentechnologie-die-neue-xk8e-serie\/","title":{"rendered":"Tecnolog\u00eda de laminaci\u00f3n de vanguardia: la nueva serie XK8e"},"content":{"rendered":"\n<style type=\"text\/css\" data-created_by=\"avia_inline_auto\" id=\"style-css-av-807no-33a4a38e5e0d5dea70cde682a9dc653a\">\n.flex_column.av-807no-33a4a38e5e0d5dea70cde682a9dc653a{\nborder-radius:0px 0px 0px 0px;\npadding:25px 0px 0px 0px;\n}\n<\/style>\n<div  class='flex_column av-807no-33a4a38e5e0d5dea70cde682a9dc653a av_one_full  avia-builder-el-0  el_before_av_hr  avia-builder-el-first  first flex_column_div  '     ><style type=\"text\/css\" data-created_by=\"avia_inline_auto\" id=\"style-css-av-k3ecso4g-83795ac3c3c42c5bab3978a8178e4937\">\n#top .av-special-heading.av-k3ecso4g-83795ac3c3c42c5bab3978a8178e4937{\npadding-bottom:10px;\n}\nbody .av-special-heading.av-k3ecso4g-83795ac3c3c42c5bab3978a8178e4937 .av-special-heading-tag .heading-char{\nfont-size:25px;\n}\n.av-special-heading.av-k3ecso4g-83795ac3c3c42c5bab3978a8178e4937 .av-subheading{\nfont-size:15px;\n}\n<\/style>\n<div  class='av-special-heading av-k3ecso4g-83795ac3c3c42c5bab3978a8178e4937 av-special-heading-h1 blockquote modern-quote modern-centered  avia-builder-el-1  avia-builder-el-no-sibling '><h1 class='av-special-heading-tag '  itemprop=\"headline\"  >Tecnolog\u00eda de laminaci\u00f3n de vanguardia: la nueva serie XK8e<\/h1><div class=\"special-heading-border\"><div class=\"special-heading-inner-border\"><\/div><\/div><\/div><\/div>\n\n<style type=\"text\/css\" data-created_by=\"avia_inline_auto\" id=\"style-css-av-k363cjsl-6c3a36cc1ad2d24930cc419f13ab6bc6\">\n#top .hr.av-k363cjsl-6c3a36cc1ad2d24930cc419f13ab6bc6{\nmargin-top:0px;\nmargin-bottom:30px;\n}\n.hr.av-k363cjsl-6c3a36cc1ad2d24930cc419f13ab6bc6 .hr-inner{\nwidth:30%;\nborder-color:#e8e8e8;\nmax-width:45%;\n}\n.hr.av-k363cjsl-6c3a36cc1ad2d24930cc419f13ab6bc6 .av-seperator-icon{\ncolor:#e8e8e8;\n}\n.hr.av-k363cjsl-6c3a36cc1ad2d24930cc419f13ab6bc6 .av-seperator-icon.avia-svg-icon svg:first-child{\nfill:#e8e8e8;\nstroke:#e8e8e8;\n}\n<\/style>\n<div  class='hr av-k363cjsl-6c3a36cc1ad2d24930cc419f13ab6bc6 hr-custom  avia-builder-el-2  el_after_av_one_full  el_before_av_section  avia-builder-el-last  hr-center hr-icon-yes'><span class='hr-inner inner-border-av-border-thin'><span class=\"hr-inner-style\"><\/span><\/span><span class='av-seperator-icon avia-iconfont avia-font-entypo-fontello' data-av_icon='\ue898' data-av_iconfont='entypo-fontello' ><\/span><span class='hr-inner inner-border-av-border-thin'><span class=\"hr-inner-style\"><\/span><\/span><\/div>\n<\/div><\/div><\/div><!-- close content main div --><\/div><\/div>\n<style type=\"text\/css\" data-created_by=\"avia_inline_auto\" id=\"style-css-av-k3647wxa-14f501a09e84162727fa6ec184c7a00c\">\n.avia-section.av-k3647wxa-14f501a09e84162727fa6ec184c7a00c{\nmargin-top:0px;\nmargin-bottom:100px;\n}\n<\/style>\n<div id='av_section_1'  class='avia-section av-k3647wxa-14f501a09e84162727fa6ec184c7a00c main_color avia-section-no-padding avia-no-border-styling  avia-builder-el-3  el_after_av_hr  avia-builder-el-last  avia-bg-style-scroll container_wrap sidebar_right'  ><div class='container av-section-cont-open' ><div class='template-page content  av-content-small alpha units'><div class='post-entry post-entry-type-page post-entry-5751'><div class='entry-content-wrapper clearfix'>\n\n<style type=\"text\/css\" data-created_by=\"avia_inline_auto\" id=\"style-css-av-7nzzw-2c1641dce56e8229eb55335a5a6ec76f\">\n.flex_column.av-7nzzw-2c1641dce56e8229eb55335a5a6ec76f{\nborder-radius:0px 0px 0px 0px;\npadding:0px 0px 0px 0px;\n}\n<\/style>\n<div  class='flex_column av-7nzzw-2c1641dce56e8229eb55335a5a6ec76f av_two_third  avia-builder-el-4  el_before_av_one_third  avia-builder-el-first  first flex_column_div av-animated-generic bottom-to-top av-zero-column-padding  '     ><section  class='av_textblock_section av-k3a8vy1i-c3eaba6a5673f57b0224f2a8c69b5209 '   itemscope=\"itemscope\" itemtype=\"https:\/\/schema.org\/CreativeWork\" ><div class='avia_textblock'  itemprop=\"text\" ><p class=\"p1\"><span class=\"s1\">Como base para el desarrollo de nuestra \u00faltima generaci\u00f3n de m\u00e1quinas de rolado de estr\u00edas, la serie XK8e, preguntamos a nuestros clientes acerca de sus retos diarios y llevamos a cabo una investigaci\u00f3n intensiva. Como resultado, nos fijamos los siguientes objetivos de desarrollo:<\/span><\/p>\n<ul class=\"ul1\">\n<li class=\"li1\"><span class=\"s1\">Las estr\u00edas se pueden producir con alta precisi\u00f3n en el proceso en suave con una amplia variedad de procesos de rolado. Sin embargo, en el tratamiento t\u00e9rmico posterior, se producen distorsiones en la medici\u00f3n de di\u00e1metro sobre pines y en la conicidad de las estr\u00edas, lo que conduce a calidades significativamente inferiores o incluso a rechazos.<br \/>\n<\/span><strong>MISI\u00d3N DE INNOVACI\u00d3N 1: La m\u00e1quina debe ser capaz de corregir la medici\u00f3n sobre los pines y la conicidad de las estr\u00edas!<\/strong><\/li>\n<li class=\"li1\"><span class=\"s1\">Los costos de inversi\u00f3n deben cumplir la tarea de procesamiento, as\u00ed como los requisitos de calidad para lograr ventajas competitivas en los costos unitarios.<span class=\"Apple-converted-space\"><br \/>\n<\/span><strong>MISI\u00d3N  DE INNOVACI\u00d3N 2: La m\u00e1quina debe ser configurable de acuerdo a los requerimientos del cliente!<\/strong><\/span><\/li>\n<li class=\"li1\"><span class=\"s1\">Los requisitos de espacio y Las soluciones de automatizaci\u00f3n inteligente son cada vez m\u00e1s importantes. Un rendimiento m\u00e1ximo por metro cuadrado reduce los costos de inversi\u00f3n.<span class=\"Apple-converted-space\"><br \/>\n<\/span><\/span><strong>MISI\u00d3N  DE INNOVACI\u00d3N 3: La m\u00e1quina debe ser dise\u00f1ada lo m\u00e1s compacta posible. El \u00e1rea de carga y descarga debe estar dise\u00f1ada de forma \u00f3ptima para las soluciones de automatizaci\u00f3n!<\/strong><\/li>\n<li class=\"li1\"><span class=\"s1\">El sistema de control de la m\u00e1quina debe estar estructurado l\u00f3gicamente para los operadores, cumplir con las normas internacionales, cumplir con las \u00faltimas soluciones de la Industria 4.0 y tener interfaces estandarizadas.<br \/>\n<\/span><strong>MISI\u00d3N  DE INNOVACI\u00d3N 4: El control de la m\u00e1quina debe combinar las tecnolog\u00edas m\u00e1s avanzadas. Las interfaces basadas en aplicaciones deben facilitar el trabajo de los operadores certificados.<\/strong><\/li>\n<li class=\"li1\"><span class=\"s1\">Lo m\u00e1s probable es que las herramientas de rolado existentes no sean compatibles con m\u00e1quinas m\u00e1s antiguas con diferentes aberturas de m\u00e1quina.<br \/>\n<\/span><strong>MISI\u00d3N  DE INNOVACI\u00d3N 5: Las m\u00e1quinas deben ser compatibles con todas las aperturas de m\u00e1quinas existentes de 5,5 \u00aba 8,0\u00bb sin ninguna modificaci\u00f3n.<\/strong><\/li>\n<\/ul>\n<h3 class=\"p1\"><span class=\"s1\">Con la nueva serie XK8e, todas estas misiones han sido cumplidas mientras se contin\u00faa con las tecnolog\u00edas probadas. Por lo tanto, le ofrecemos el concepto de m\u00e1quina m\u00e1s innovador para el rolado de estr\u00edas. <\/span><\/h3>\n<\/div><\/section><\/div>\n<style type=\"text\/css\" data-created_by=\"avia_inline_auto\" id=\"style-css-av-7nzzw-47ef4b95d16ddc52afc9d03e4ee84fbc\">\n.flex_column.av-7nzzw-47ef4b95d16ddc52afc9d03e4ee84fbc{\nborder-radius:0px 0px 0px 0px;\npadding:0px 0px 0px 0px;\n}\n<\/style>\n<div  class='flex_column av-7nzzw-47ef4b95d16ddc52afc9d03e4ee84fbc av_one_third  avia-builder-el-6  el_after_av_two_third  avia-builder-el-last  flex_column_div av-animated-generic bottom-to-top av-zero-column-padding  '     ><p>\n<style type=\"text\/css\" data-created_by=\"avia_inline_auto\" id=\"style-css-av-k3conupj-a42b2fded5991fbc4531a5815f39d59d\">\n.avia-image-container.av-k3conupj-a42b2fded5991fbc4531a5815f39d59d img.avia_image{\nbox-shadow:none;\n}\n.avia-image-container.av-k3conupj-a42b2fded5991fbc4531a5815f39d59d .av-image-caption-overlay-center{\ncolor:#ffffff;\n}\n<\/style>\n<div  class='avia-image-container av-k3conupj-a42b2fded5991fbc4531a5815f39d59d av-styling- av-hover-grow av-hide-overflow av-img-linked avia-align-center  avia-builder-el-7  el_before_av_image  avia-builder-el-first '   itemprop=\"image\" itemscope=\"itemscope\" itemtype=\"https:\/\/schema.org\/ImageObject\" ><div class=\"avia-image-container-inner\"><div class=\"avia-image-overlay-wrap\"><a href=\"https:\/\/osg-excello.com\/wp-content\/uploads\/2019\/11\/innovationen_XK8518E_0049_LoRes.jpg\" data-srcset=\"https:\/\/osg-excello.com\/wp-content\/uploads\/2019\/11\/innovationen_XK8518E_0049_LoRes.jpg 1280w, https:\/\/osg-excello.com\/wp-content\/uploads\/2019\/11\/innovationen_XK8518E_0049_LoRes-768x611.jpg 768w, https:\/\/osg-excello.com\/wp-content\/uploads\/2019\/11\/innovationen_XK8518E_0049_LoRes-705x561.jpg 705w\" data-sizes=\"(max-width: 1280px) 100vw, 1280px\" class='avia_image '  aria-label='innovationen_XK8518E_0049_LoRes'><img decoding=\"async\" fetchpriority=\"high\" class='wp-image-5759 avia-img-lazy-loading-not-5759 avia_image ' src=\"https:\/\/osg-excello.com\/wp-content\/uploads\/2019\/11\/innovationen_XK8518E_0049_LoRes.jpg\" alt='' title='innovationen_XK8518E_0049_LoRes'  height=\"1019\" width=\"1280\"  itemprop=\"thumbnailUrl\" srcset=\"https:\/\/osg-excello.com\/wp-content\/uploads\/2019\/11\/innovationen_XK8518E_0049_LoRes.jpg 1280w, https:\/\/osg-excello.com\/wp-content\/uploads\/2019\/11\/innovationen_XK8518E_0049_LoRes-768x611.jpg 768w, https:\/\/osg-excello.com\/wp-content\/uploads\/2019\/11\/innovationen_XK8518E_0049_LoRes-705x561.jpg 705w\" sizes=\"(max-width: 1280px) 100vw, 1280px\" \/><\/a><\/div><\/div><\/div><br \/>\n\n<style type=\"text\/css\" data-created_by=\"avia_inline_auto\" id=\"style-css-av-k3ed5dhl-c55216f1059cba5ef66797733cc0a48f\">\n.avia-image-container.av-k3ed5dhl-c55216f1059cba5ef66797733cc0a48f img.avia_image{\nbox-shadow:none;\n}\n.avia-image-container.av-k3ed5dhl-c55216f1059cba5ef66797733cc0a48f .av-image-caption-overlay-center{\ncolor:#ffffff;\n}\n<\/style>\n<div  class='avia-image-container av-k3ed5dhl-c55216f1059cba5ef66797733cc0a48f av-styling- av-hover-grow av-hide-overflow av-img-linked avia-align-center  avia-builder-el-8  el_after_av_image  el_before_av_video '   itemprop=\"image\" itemscope=\"itemscope\" itemtype=\"https:\/\/schema.org\/ImageObject\" ><div class=\"avia-image-container-inner\"><div class=\"avia-image-overlay-wrap\"><a href=\"https:\/\/osg-excello.com\/wp-content\/uploads\/2019\/11\/xk8e_serie_07_XK8518E_225_LoRes.jpg\" data-srcset=\"https:\/\/osg-excello.com\/wp-content\/uploads\/2019\/11\/xk8e_serie_07_XK8518E_225_LoRes.jpg 1280w, https:\/\/osg-excello.com\/wp-content\/uploads\/2019\/11\/xk8e_serie_07_XK8518E_225_LoRes-768x512.jpg 768w, https:\/\/osg-excello.com\/wp-content\/uploads\/2019\/11\/xk8e_serie_07_XK8518E_225_LoRes-705x470.jpg 705w\" data-sizes=\"(max-width: 1280px) 100vw, 1280px\" class='avia_image '  aria-label='xk8e_serie_07_XK8518E_225_LoRes'><img decoding=\"async\" fetchpriority=\"high\" class='wp-image-5758 avia-img-lazy-loading-not-5758 avia_image ' src=\"https:\/\/osg-excello.com\/wp-content\/uploads\/2019\/11\/xk8e_serie_07_XK8518E_225_LoRes.jpg\" alt='' title='xk8e_serie_07_XK8518E_225_LoRes'  height=\"853\" width=\"1280\"  itemprop=\"thumbnailUrl\" srcset=\"https:\/\/osg-excello.com\/wp-content\/uploads\/2019\/11\/xk8e_serie_07_XK8518E_225_LoRes.jpg 1280w, https:\/\/osg-excello.com\/wp-content\/uploads\/2019\/11\/xk8e_serie_07_XK8518E_225_LoRes-768x512.jpg 768w, https:\/\/osg-excello.com\/wp-content\/uploads\/2019\/11\/xk8e_serie_07_XK8518E_225_LoRes-705x470.jpg 705w\" sizes=\"(max-width: 1280px) 100vw, 1280px\" \/><\/a><\/div><\/div><\/div><br \/>\n<div  class='avia-video av-k3ed5wvu-8f12f54f56664b83323cede8e96a4987 avia-video-16-9 roundborder av-no-preview-image avia-video-load-always avia-video-html5'  itemprop=\"video\" itemtype=\"https:\/\/schema.org\/VideoObject\"  data-original_url='https:\/\/osg-excello.com\/wp-content\/uploads\/2019\/11\/XK8e.mp4'><video class='avia_video'    preload=\"auto\"  controls id='player_5751_956884872_1712172110'><source src='https:\/\/osg-excello.com\/wp-content\/uploads\/2019\/11\/XK8e.mp4' type='video\/mp4' \/><\/video><\/div><\/p><\/div><\/div><\/div><\/div><!-- close content main div --><\/div><\/div><div id='after_section_1'  class='main_color av_default_container_wrap container_wrap sidebar_right'  ><div class='container av-section-cont-open' ><div class='template-page content  av-content-small alpha units'><div class='post-entry post-entry-type-page post-entry-5751'><div class='entry-content-wrapper clearfix'>\n","protected":false},"excerpt":{"rendered":"","protected":false},"author":1,"featured_media":0,"parent":2406,"menu_order":932,"comment_status":"closed","ping_status":"closed","template":"","meta":{"footnotes":""},"class_list":["post-5751","page","type-page","status-publish","hentry"],"yoast_head":"<!-- This site is optimized with the Yoast SEO plugin v27.2 - https:\/\/yoast.com\/product\/yoast-seo-wordpress\/ -->\n<title>Tecnolog\u00eda de laminaci\u00f3n de vanguardia: la nueva serie XK8e - OSG Ex-Cell-O<\/title>\n<meta name=\"robots\" content=\"index, follow, max-snippet:-1, max-image-preview:large, max-video-preview:-1\" \/>\n<link rel=\"canonical\" href=\"https:\/\/osg-excello.com\/es\/innovaciones\/modernste-modulare-maschinentechnologie-die-neue-xk8e-serie\/\" \/>\n<meta property=\"og:locale\" content=\"es_ES\" \/>\n<meta property=\"og:type\" content=\"article\" \/>\n<meta property=\"og:title\" content=\"Tecnolog\u00eda de laminaci\u00f3n de vanguardia: la nueva serie XK8e - OSG Ex-Cell-O\" \/>\n<meta property=\"og:url\" content=\"https:\/\/osg-excello.com\/es\/innovaciones\/modernste-modulare-maschinentechnologie-die-neue-xk8e-serie\/\" \/>\n<meta property=\"og:site_name\" content=\"OSG Ex-Cell-O\" \/>\n<meta property=\"article:modified_time\" content=\"2021-05-25T07:59:17+00:00\" \/>\n<meta name=\"twitter:card\" content=\"summary_large_image\" \/>\n<meta name=\"twitter:label1\" content=\"Tiempo de lectura\" \/>\n\t<meta name=\"twitter:data1\" content=\"6 minutos\" \/>\n<script type=\"application\/ld+json\" class=\"yoast-schema-graph\">{\"@context\":\"https:\/\/schema.org\",\"@graph\":[{\"@type\":\"WebPage\",\"@id\":\"https:\/\/osg-excello.com\/es\/innovaciones\/modernste-modulare-maschinentechnologie-die-neue-xk8e-serie\/\",\"url\":\"https:\/\/osg-excello.com\/es\/innovaciones\/modernste-modulare-maschinentechnologie-die-neue-xk8e-serie\/\",\"name\":\"Tecnolog\u00eda de laminaci\u00f3n de vanguardia: la nueva serie XK8e - OSG Ex-Cell-O\",\"isPartOf\":{\"@id\":\"https:\/\/osg-excello.com\/es\/#website\"},\"datePublished\":\"2019-11-19T15:09:05+00:00\",\"dateModified\":\"2021-05-25T07:59:17+00:00\",\"breadcrumb\":{\"@id\":\"https:\/\/osg-excello.com\/es\/innovaciones\/modernste-modulare-maschinentechnologie-die-neue-xk8e-serie\/#breadcrumb\"},\"inLanguage\":\"es\",\"potentialAction\":[{\"@type\":\"ReadAction\",\"target\":[\"https:\/\/osg-excello.com\/es\/innovaciones\/modernste-modulare-maschinentechnologie-die-neue-xk8e-serie\/\"]}]},{\"@type\":\"BreadcrumbList\",\"@id\":\"https:\/\/osg-excello.com\/es\/innovaciones\/modernste-modulare-maschinentechnologie-die-neue-xk8e-serie\/#breadcrumb\",\"itemListElement\":[{\"@type\":\"ListItem\",\"position\":1,\"name\":\"Startseite\",\"item\":\"https:\/\/osg-excello.com\/es\/\"},{\"@type\":\"ListItem\",\"position\":2,\"name\":\"INNOVACIONES\",\"item\":\"https:\/\/osg-excello.com\/es\/innovaciones\/\"},{\"@type\":\"ListItem\",\"position\":3,\"name\":\"Tecnolog\u00eda de laminaci\u00f3n de vanguardia: la nueva serie XK8e\"}]},{\"@type\":\"WebSite\",\"@id\":\"https:\/\/osg-excello.com\/es\/#website\",\"url\":\"https:\/\/osg-excello.com\/es\/\",\"name\":\"OSG Ex-Cell-O\",\"description\":\"\",\"publisher\":{\"@id\":\"https:\/\/osg-excello.com\/es\/#organization\"},\"potentialAction\":[{\"@type\":\"SearchAction\",\"target\":{\"@type\":\"EntryPoint\",\"urlTemplate\":\"https:\/\/osg-excello.com\/es\/?s={search_term_string}\"},\"query-input\":{\"@type\":\"PropertyValueSpecification\",\"valueRequired\":true,\"valueName\":\"search_term_string\"}}],\"inLanguage\":\"es\"},{\"@type\":\"Organization\",\"@id\":\"https:\/\/osg-excello.com\/es\/#organization\",\"name\":\"OSG Ex-Cell-O GmbH\",\"url\":\"https:\/\/osg-excello.com\/es\/\",\"logo\":{\"@type\":\"ImageObject\",\"inLanguage\":\"es\",\"@id\":\"https:\/\/osg-excello.com\/es\/#\/schema\/logo\/image\/\",\"url\":\"https:\/\/osg-excello.com\/wp-content\/uploads\/2019\/11\/osg_excello_logo_final-2.png\",\"contentUrl\":\"https:\/\/osg-excello.com\/wp-content\/uploads\/2019\/11\/osg_excello_logo_final-2.png\",\"width\":514,\"height\":236,\"caption\":\"OSG Ex-Cell-O GmbH\"},\"image\":{\"@id\":\"https:\/\/osg-excello.com\/es\/#\/schema\/logo\/image\/\"}}]}<\/script>\n<!-- \/ Yoast SEO plugin. -->","yoast_head_json":{"title":"Tecnolog\u00eda de laminaci\u00f3n de vanguardia: la nueva serie XK8e - OSG Ex-Cell-O","robots":{"index":"index","follow":"follow","max-snippet":"max-snippet:-1","max-image-preview":"max-image-preview:large","max-video-preview":"max-video-preview:-1"},"canonical":"https:\/\/osg-excello.com\/es\/innovaciones\/modernste-modulare-maschinentechnologie-die-neue-xk8e-serie\/","og_locale":"es_ES","og_type":"article","og_title":"Tecnolog\u00eda de laminaci\u00f3n de vanguardia: la nueva serie XK8e - OSG Ex-Cell-O","og_url":"https:\/\/osg-excello.com\/es\/innovaciones\/modernste-modulare-maschinentechnologie-die-neue-xk8e-serie\/","og_site_name":"OSG Ex-Cell-O","article_modified_time":"2021-05-25T07:59:17+00:00","twitter_card":"summary_large_image","twitter_misc":{"Tiempo de lectura":"6 minutos"},"schema":{"@context":"https:\/\/schema.org","@graph":[{"@type":"WebPage","@id":"https:\/\/osg-excello.com\/es\/innovaciones\/modernste-modulare-maschinentechnologie-die-neue-xk8e-serie\/","url":"https:\/\/osg-excello.com\/es\/innovaciones\/modernste-modulare-maschinentechnologie-die-neue-xk8e-serie\/","name":"Tecnolog\u00eda de laminaci\u00f3n de vanguardia: la nueva serie XK8e - OSG Ex-Cell-O","isPartOf":{"@id":"https:\/\/osg-excello.com\/es\/#website"},"datePublished":"2019-11-19T15:09:05+00:00","dateModified":"2021-05-25T07:59:17+00:00","breadcrumb":{"@id":"https:\/\/osg-excello.com\/es\/innovaciones\/modernste-modulare-maschinentechnologie-die-neue-xk8e-serie\/#breadcrumb"},"inLanguage":"es","potentialAction":[{"@type":"ReadAction","target":["https:\/\/osg-excello.com\/es\/innovaciones\/modernste-modulare-maschinentechnologie-die-neue-xk8e-serie\/"]}]},{"@type":"BreadcrumbList","@id":"https:\/\/osg-excello.com\/es\/innovaciones\/modernste-modulare-maschinentechnologie-die-neue-xk8e-serie\/#breadcrumb","itemListElement":[{"@type":"ListItem","position":1,"name":"Startseite","item":"https:\/\/osg-excello.com\/es\/"},{"@type":"ListItem","position":2,"name":"INNOVACIONES","item":"https:\/\/osg-excello.com\/es\/innovaciones\/"},{"@type":"ListItem","position":3,"name":"Tecnolog\u00eda de laminaci\u00f3n de vanguardia: la nueva serie XK8e"}]},{"@type":"WebSite","@id":"https:\/\/osg-excello.com\/es\/#website","url":"https:\/\/osg-excello.com\/es\/","name":"OSG Ex-Cell-O","description":"","publisher":{"@id":"https:\/\/osg-excello.com\/es\/#organization"},"potentialAction":[{"@type":"SearchAction","target":{"@type":"EntryPoint","urlTemplate":"https:\/\/osg-excello.com\/es\/?s={search_term_string}"},"query-input":{"@type":"PropertyValueSpecification","valueRequired":true,"valueName":"search_term_string"}}],"inLanguage":"es"},{"@type":"Organization","@id":"https:\/\/osg-excello.com\/es\/#organization","name":"OSG Ex-Cell-O GmbH","url":"https:\/\/osg-excello.com\/es\/","logo":{"@type":"ImageObject","inLanguage":"es","@id":"https:\/\/osg-excello.com\/es\/#\/schema\/logo\/image\/","url":"https:\/\/osg-excello.com\/wp-content\/uploads\/2019\/11\/osg_excello_logo_final-2.png","contentUrl":"https:\/\/osg-excello.com\/wp-content\/uploads\/2019\/11\/osg_excello_logo_final-2.png","width":514,"height":236,"caption":"OSG Ex-Cell-O GmbH"},"image":{"@id":"https:\/\/osg-excello.com\/es\/#\/schema\/logo\/image\/"}}]}},"_links":{"self":[{"href":"https:\/\/osg-excello.com\/es\/wp-json\/wp\/v2\/pages\/5751","targetHints":{"allow":["GET"]}}],"collection":[{"href":"https:\/\/osg-excello.com\/es\/wp-json\/wp\/v2\/pages"}],"about":[{"href":"https:\/\/osg-excello.com\/es\/wp-json\/wp\/v2\/types\/page"}],"author":[{"embeddable":true,"href":"https:\/\/osg-excello.com\/es\/wp-json\/wp\/v2\/users\/1"}],"replies":[{"embeddable":true,"href":"https:\/\/osg-excello.com\/es\/wp-json\/wp\/v2\/comments?post=5751"}],"version-history":[{"count":5,"href":"https:\/\/osg-excello.com\/es\/wp-json\/wp\/v2\/pages\/5751\/revisions"}],"predecessor-version":[{"id":5844,"href":"https:\/\/osg-excello.com\/es\/wp-json\/wp\/v2\/pages\/5751\/revisions\/5844"}],"up":[{"embeddable":true,"href":"https:\/\/osg-excello.com\/es\/wp-json\/wp\/v2\/pages\/2406"}],"wp:attachment":[{"href":"https:\/\/osg-excello.com\/es\/wp-json\/wp\/v2\/media?parent=5751"}],"curies":[{"name":"wp","href":"https:\/\/api.w.org\/{rel}","templated":true}]}}