{"id":6295,"date":"2019-11-19T16:09:05","date_gmt":"2019-11-19T15:09:05","guid":{"rendered":"https:\/\/osg-excello.com\/innovaciones\/neueste-technologie-zum-walzen-von-passverzahnungen-auf-hohlwellen\/"},"modified":"2021-05-26T10:53:44","modified_gmt":"2021-05-26T08:53:44","slug":"neueste-technologie-zum-walzen-von-passverzahnungen-auf-hohlwellen","status":"publish","type":"page","link":"https:\/\/osg-excello.com\/es\/innovaciones\/neueste-technologie-zum-walzen-von-passverzahnungen-auf-hohlwellen\/","title":{"rendered":"\u00daltima tecnolog\u00eda para el laminado de estr\u00edas en ejes huecos"},"content":{"rendered":"\n<style type=\"text\/css\" data-created_by=\"avia_inline_auto\" id=\"style-css-av-807no-33a4a38e5e0d5dea70cde682a9dc653a\">\n.flex_column.av-807no-33a4a38e5e0d5dea70cde682a9dc653a{\nborder-radius:0px 0px 0px 0px;\npadding:25px 0px 0px 0px;\n}\n<\/style>\n<div  class='flex_column av-807no-33a4a38e5e0d5dea70cde682a9dc653a av_one_full  avia-builder-el-0  el_before_av_hr  avia-builder-el-first  first flex_column_div  '     ><style type=\"text\/css\" data-created_by=\"avia_inline_auto\" id=\"style-css-av-k3ednkgz-25ba4a63e196fe1d733f85ed8a0a15ae\">\n#top .av-special-heading.av-k3ednkgz-25ba4a63e196fe1d733f85ed8a0a15ae{\npadding-bottom:10px;\n}\nbody .av-special-heading.av-k3ednkgz-25ba4a63e196fe1d733f85ed8a0a15ae .av-special-heading-tag .heading-char{\nfont-size:25px;\n}\n.av-special-heading.av-k3ednkgz-25ba4a63e196fe1d733f85ed8a0a15ae .av-subheading{\nfont-size:15px;\n}\n<\/style>\n<div  class='av-special-heading av-k3ednkgz-25ba4a63e196fe1d733f85ed8a0a15ae av-special-heading-h1 blockquote modern-quote modern-centered  avia-builder-el-1  avia-builder-el-no-sibling '><h1 class='av-special-heading-tag '  itemprop=\"headline\"  >\u00daltima tecnolog\u00eda para el laminado de estr\u00edas en ejes huecos<\/h1><div class=\"special-heading-border\"><div class=\"special-heading-inner-border\"><\/div><\/div><\/div><\/div>\n<style type=\"text\/css\" data-created_by=\"avia_inline_auto\" id=\"style-css-av-k363cjsl-6c3a36cc1ad2d24930cc419f13ab6bc6\">\n#top .hr.av-k363cjsl-6c3a36cc1ad2d24930cc419f13ab6bc6{\nmargin-top:0px;\nmargin-bottom:30px;\n}\n.hr.av-k363cjsl-6c3a36cc1ad2d24930cc419f13ab6bc6 .hr-inner{\nwidth:30%;\nborder-color:#e8e8e8;\nmax-width:45%;\n}\n.hr.av-k363cjsl-6c3a36cc1ad2d24930cc419f13ab6bc6 .av-seperator-icon{\ncolor:#e8e8e8;\n}\n.hr.av-k363cjsl-6c3a36cc1ad2d24930cc419f13ab6bc6 .av-seperator-icon.avia-svg-icon svg:first-child{\nfill:#e8e8e8;\nstroke:#e8e8e8;\n}\n<\/style>\n<div  class='hr av-k363cjsl-6c3a36cc1ad2d24930cc419f13ab6bc6 hr-custom  avia-builder-el-2  el_after_av_one_full  el_before_av_section  avia-builder-el-last  hr-center hr-icon-yes'><span class='hr-inner inner-border-av-border-thin'><span class=\"hr-inner-style\"><\/span><\/span><span class='av-seperator-icon avia-iconfont avia-font-entypo-fontello' data-av_icon='\ue898' data-av_iconfont='entypo-fontello' ><\/span><span class='hr-inner inner-border-av-border-thin'><span class=\"hr-inner-style\"><\/span><\/span><\/div><\/p>\n<\/div><\/div><\/div><!-- close content main div --><\/div><\/div>\n<style type=\"text\/css\" data-created_by=\"avia_inline_auto\" id=\"style-css-av-k3647wxa-14f501a09e84162727fa6ec184c7a00c\">\n.avia-section.av-k3647wxa-14f501a09e84162727fa6ec184c7a00c{\nmargin-top:0px;\nmargin-bottom:100px;\n}\n<\/style>\n<div id='av_section_1'  class='avia-section av-k3647wxa-14f501a09e84162727fa6ec184c7a00c main_color avia-section-no-padding avia-no-border-styling  avia-builder-el-3  el_after_av_hr  avia-builder-el-last  avia-bg-style-scroll container_wrap sidebar_right'  ><div class='container av-section-cont-open' ><div class='template-page content  av-content-small alpha units'><div class='post-entry post-entry-type-page post-entry-6295'><div class='entry-content-wrapper clearfix'>\n\n<style type=\"text\/css\" data-created_by=\"avia_inline_auto\" id=\"style-css-av-7nzzw-2c1641dce56e8229eb55335a5a6ec76f\">\n.flex_column.av-7nzzw-2c1641dce56e8229eb55335a5a6ec76f{\nborder-radius:0px 0px 0px 0px;\npadding:0px 0px 0px 0px;\n}\n<\/style>\n<div  class='flex_column av-7nzzw-2c1641dce56e8229eb55335a5a6ec76f av_two_third  avia-builder-el-4  el_before_av_one_third  avia-builder-el-first  first flex_column_div av-animated-generic bottom-to-top av-zero-column-padding  '     ><section  class='av_textblock_section av-k3a8vy1i-c3eaba6a5673f57b0224f2a8c69b5209 '   itemscope=\"itemscope\" itemtype=\"https:\/\/schema.org\/CreativeWork\" ><div class='avia_textblock'  itemprop=\"text\" ><p class=\"p1\">Para reducir el peso, los ejes huecos se utilizan cada vez m\u00e1s en los sistemas de transmisi\u00f3n. Hasta ahora, dichos ejes solo pod\u00edan rolarse con el proceso de rolado convencional hasta un cierto espesor de pared m\u00ednimo. En el caso de piezas de trabajo de paredes extremadamente delgadas, se tuvieron que planificar procesos de fabricaci\u00f3n de estr\u00edas m\u00e1s costosos.<\/p>\n<p>&#13;<\/p>\n<p class=\"p1\">Con nuestro proceso de rolado inverso recientemente desarrollado, el proceso de rolado en s\u00ed toma un poco m\u00e1s de tiempo. Pero es posible formar estr\u00edas en ejes huecos con espesores de pared de hasta menos de 3 mm.<\/p>\n<p>&#13;<\/p>\n<p class=\"p1\">En el caso de ejes huecos parciales, los procesos tambi\u00e9n se pueden combinar adecuadamente para lograr la rentabilidad m\u00e1s econ\u00f3mica.<\/p>\n<\/div><\/section><\/div>\n<style type=\"text\/css\" data-created_by=\"avia_inline_auto\" id=\"style-css-av-7nzzw-47ef4b95d16ddc52afc9d03e4ee84fbc\">\n.flex_column.av-7nzzw-47ef4b95d16ddc52afc9d03e4ee84fbc{\nborder-radius:0px 0px 0px 0px;\npadding:0px 0px 0px 0px;\n}\n<\/style>\n<div  class='flex_column av-7nzzw-47ef4b95d16ddc52afc9d03e4ee84fbc av_one_third  avia-builder-el-6  el_after_av_two_third  el_before_av_one_third  flex_column_div av-animated-generic bottom-to-top av-zero-column-padding  '     ><div  class='avia-video av-k3ed5wvu-db502dbfe1d356b1888d75f32d491350 avia-video-16-9 av-no-preview-image avia-video-load-always avia-video-html5'  itemprop=\"video\" itemtype=\"https:\/\/schema.org\/VideoObject\"  data-original_url='https:\/\/osg-excello.com\/wp-content\/uploads\/2019\/11\/Hohlwellen.mp4'><video class='avia_video'    preload=\"auto\"  controls id='player_6295_938504123_1610473673'><source src='https:\/\/osg-excello.com\/wp-content\/uploads\/2019\/11\/Hohlwellen.mp4' type='video\/mp4' \/><\/video><\/div><\/div>\n<style type=\"text\/css\" data-created_by=\"avia_inline_auto\" id=\"style-css-av-7nzzw-a0aa3dd63de0b977348db63f8acfb121\">\n.flex_column.av-7nzzw-a0aa3dd63de0b977348db63f8acfb121{\nborder-radius:0px 0px 0px 0px;\npadding:0px 0px 0px 0px;\n}\n<\/style>\n<div  class='flex_column av-7nzzw-a0aa3dd63de0b977348db63f8acfb121 av_one_third  avia-builder-el-8  el_after_av_one_third  el_before_av_one_third  rowImage50 first flex_column_div av-animated-generic bottom-to-top av-zero-column-padding  column-top-margin'     ><style type=\"text\/css\" data-created_by=\"avia_inline_auto\" id=\"style-css-av-k3edslgv-9c9beac59a56d3603b3a9f8c30c0ca7d\">\n.avia-image-container.av-k3edslgv-9c9beac59a56d3603b3a9f8c30c0ca7d img.avia_image{\nbox-shadow:none;\n}\n.avia-image-container.av-k3edslgv-9c9beac59a56d3603b3a9f8c30c0ca7d .av-image-caption-overlay-center{\ncolor:#ffffff;\n}\n<\/style>\n<div  class='avia-image-container av-k3edslgv-9c9beac59a56d3603b3a9f8c30c0ca7d av-styling- av-hover-grow av-hide-overflow av-img-linked avia-align-center  avia-builder-el-9  avia-builder-el-no-sibling '   itemprop=\"image\" itemscope=\"itemscope\" itemtype=\"https:\/\/schema.org\/ImageObject\" ><div class=\"avia-image-container-inner\"><div class=\"avia-image-overlay-wrap\"><a href=\"https:\/\/osg-excello.com\/wp-content\/uploads\/2019\/11\/passverzahnung_170811_XK875HP_DSC_3960.jpg\" data-srcset=\"https:\/\/osg-excello.com\/wp-content\/uploads\/2019\/11\/passverzahnung_170811_XK875HP_DSC_3960.jpg 1280w, https:\/\/osg-excello.com\/wp-content\/uploads\/2019\/11\/passverzahnung_170811_XK875HP_DSC_3960-768x512.jpg 768w, https:\/\/osg-excello.com\/wp-content\/uploads\/2019\/11\/passverzahnung_170811_XK875HP_DSC_3960-705x470.jpg 705w\" data-sizes=\"(max-width: 1280px) 100vw, 1280px\" class='avia_image '  aria-label='passverzahnung_170811_XK875HP_DSC_3960'><img decoding=\"async\" fetchpriority=\"high\" class='wp-image-6302 avia-img-lazy-loading-not-6302 avia_image ' src=\"https:\/\/osg-excello.com\/wp-content\/uploads\/2019\/11\/passverzahnung_170811_XK875HP_DSC_3960.jpg\" alt='' title='passverzahnung_170811_XK875HP_DSC_3960'  height=\"853\" width=\"1280\"  itemprop=\"thumbnailUrl\" srcset=\"https:\/\/osg-excello.com\/wp-content\/uploads\/2019\/11\/passverzahnung_170811_XK875HP_DSC_3960.jpg 1280w, https:\/\/osg-excello.com\/wp-content\/uploads\/2019\/11\/passverzahnung_170811_XK875HP_DSC_3960-768x512.jpg 768w, https:\/\/osg-excello.com\/wp-content\/uploads\/2019\/11\/passverzahnung_170811_XK875HP_DSC_3960-705x470.jpg 705w\" sizes=\"(max-width: 1280px) 100vw, 1280px\" \/><\/a><\/div><\/div><\/div><\/div>\n<style type=\"text\/css\" data-created_by=\"avia_inline_auto\" id=\"style-css-av-7nzzw-6cdfa5db30c044f9e7bdf9337dd1d197\">\n.flex_column.av-7nzzw-6cdfa5db30c044f9e7bdf9337dd1d197{\nborder-radius:0px 0px 0px 0px;\npadding:0px 0px 0px 0px;\n}\n<\/style>\n<div  class='flex_column av-7nzzw-6cdfa5db30c044f9e7bdf9337dd1d197 av_one_third  avia-builder-el-10  el_after_av_one_third  el_before_av_one_third  rowImage50 flex_column_div av-animated-generic bottom-to-top av-zero-column-padding  column-top-margin'     ><style type=\"text\/css\" data-created_by=\"avia_inline_auto\" id=\"style-css-av-k3edslgv-d174f16a98e14358f6d43201b99b4995\">\n.avia-image-container.av-k3edslgv-d174f16a98e14358f6d43201b99b4995 img.avia_image{\nbox-shadow:none;\n}\n.avia-image-container.av-k3edslgv-d174f16a98e14358f6d43201b99b4995 .av-image-caption-overlay-center{\ncolor:#ffffff;\n}\n<\/style>\n<div  class='avia-image-container av-k3edslgv-d174f16a98e14358f6d43201b99b4995 av-styling- av-hover-grow av-hide-overflow av-img-linked avia-align-center  avia-builder-el-11  avia-builder-el-no-sibling '   itemprop=\"image\" itemscope=\"itemscope\" itemtype=\"https:\/\/schema.org\/ImageObject\" ><div class=\"avia-image-container-inner\"><div class=\"avia-image-overlay-wrap\"><a href=\"https:\/\/osg-excello.com\/wp-content\/uploads\/2019\/11\/passverzahnung_SAM_3376.jpg\" data-srcset=\"https:\/\/osg-excello.com\/wp-content\/uploads\/2019\/11\/passverzahnung_SAM_3376.jpg 1280w, https:\/\/osg-excello.com\/wp-content\/uploads\/2019\/11\/passverzahnung_SAM_3376-768x512.jpg 768w, https:\/\/osg-excello.com\/wp-content\/uploads\/2019\/11\/passverzahnung_SAM_3376-705x470.jpg 705w\" data-sizes=\"(max-width: 1280px) 100vw, 1280px\" class='avia_image '  aria-label='passverzahnung_SAM_3376'><img decoding=\"async\" fetchpriority=\"high\" class='wp-image-6304 avia-img-lazy-loading-not-6304 avia_image ' src=\"https:\/\/osg-excello.com\/wp-content\/uploads\/2019\/11\/passverzahnung_SAM_3376.jpg\" alt='' title='passverzahnung_SAM_3376'  height=\"853\" width=\"1280\"  itemprop=\"thumbnailUrl\" srcset=\"https:\/\/osg-excello.com\/wp-content\/uploads\/2019\/11\/passverzahnung_SAM_3376.jpg 1280w, https:\/\/osg-excello.com\/wp-content\/uploads\/2019\/11\/passverzahnung_SAM_3376-768x512.jpg 768w, https:\/\/osg-excello.com\/wp-content\/uploads\/2019\/11\/passverzahnung_SAM_3376-705x470.jpg 705w\" sizes=\"(max-width: 1280px) 100vw, 1280px\" \/><\/a><\/div><\/div><\/div><\/div>\n<style type=\"text\/css\" data-created_by=\"avia_inline_auto\" id=\"style-css-av-7nzzw-6cdfa5db30c044f9e7bdf9337dd1d197\">\n.flex_column.av-7nzzw-6cdfa5db30c044f9e7bdf9337dd1d197{\nborder-radius:0px 0px 0px 0px;\npadding:0px 0px 0px 0px;\n}\n<\/style>\n<div  class='flex_column av-7nzzw-6cdfa5db30c044f9e7bdf9337dd1d197 av_one_third  avia-builder-el-12  el_after_av_one_third  avia-builder-el-last  rowImage50 flex_column_div av-animated-generic bottom-to-top av-zero-column-padding  column-top-margin'     ><style type=\"text\/css\" data-created_by=\"avia_inline_auto\" id=\"style-css-av-k3edslgv-07449a0abf10370f12a085cbf7225f4c\">\n.avia-image-container.av-k3edslgv-07449a0abf10370f12a085cbf7225f4c img.avia_image{\nbox-shadow:none;\n}\n.avia-image-container.av-k3edslgv-07449a0abf10370f12a085cbf7225f4c .av-image-caption-overlay-center{\ncolor:#ffffff;\n}\n<\/style>\n<div  class='avia-image-container av-k3edslgv-07449a0abf10370f12a085cbf7225f4c av-styling- av-hover-grow av-hide-overflow av-img-linked avia-align-center  avia-builder-el-13  avia-builder-el-no-sibling '   itemprop=\"image\" itemscope=\"itemscope\" itemtype=\"https:\/\/schema.org\/ImageObject\" ><div class=\"avia-image-container-inner\"><div class=\"avia-image-overlay-wrap\"><a href=\"https:\/\/osg-excello.com\/wp-content\/uploads\/2019\/11\/passverzahnung_SAM_3331.jpg\" data-srcset=\"https:\/\/osg-excello.com\/wp-content\/uploads\/2019\/11\/passverzahnung_SAM_3331.jpg 1280w, https:\/\/osg-excello.com\/wp-content\/uploads\/2019\/11\/passverzahnung_SAM_3331-768x512.jpg 768w, https:\/\/osg-excello.com\/wp-content\/uploads\/2019\/11\/passverzahnung_SAM_3331-705x470.jpg 705w\" data-sizes=\"(max-width: 1280px) 100vw, 1280px\" class='avia_image '  aria-label='passverzahnung_SAM_3331'><img decoding=\"async\" fetchpriority=\"high\" class='wp-image-6303 avia-img-lazy-loading-not-6303 avia_image ' src=\"https:\/\/osg-excello.com\/wp-content\/uploads\/2019\/11\/passverzahnung_SAM_3331.jpg\" alt='' title='passverzahnung_SAM_3331'  height=\"853\" width=\"1280\"  itemprop=\"thumbnailUrl\" srcset=\"https:\/\/osg-excello.com\/wp-content\/uploads\/2019\/11\/passverzahnung_SAM_3331.jpg 1280w, https:\/\/osg-excello.com\/wp-content\/uploads\/2019\/11\/passverzahnung_SAM_3331-768x512.jpg 768w, https:\/\/osg-excello.com\/wp-content\/uploads\/2019\/11\/passverzahnung_SAM_3331-705x470.jpg 705w\" sizes=\"(max-width: 1280px) 100vw, 1280px\" \/><\/a><\/div><\/div><\/div><\/div><\/div><\/div><\/div><!-- close content main div --><\/div><\/div><div id='after_section_1'  class='main_color av_default_container_wrap container_wrap sidebar_right'  ><div class='container av-section-cont-open' ><div class='template-page content  av-content-small alpha units'><div class='post-entry post-entry-type-page post-entry-6295'><div class='entry-content-wrapper clearfix'>\n","protected":false},"excerpt":{"rendered":"","protected":false},"author":1,"featured_media":0,"parent":2406,"menu_order":934,"comment_status":"closed","ping_status":"closed","template":"","meta":{"footnotes":""},"class_list":["post-6295","page","type-page","status-publish","hentry"],"yoast_head":"<!-- This site is optimized with the Yoast SEO plugin v27.2 - https:\/\/yoast.com\/product\/yoast-seo-wordpress\/ -->\n<title>\u00daltima tecnolog\u00eda para el laminado de estr\u00edas en ejes huecos - OSG Ex-Cell-O<\/title>\n<meta name=\"robots\" content=\"index, follow, max-snippet:-1, max-image-preview:large, max-video-preview:-1\" \/>\n<link rel=\"canonical\" href=\"https:\/\/osg-excello.com\/es\/innovaciones\/neueste-technologie-zum-walzen-von-passverzahnungen-auf-hohlwellen\/\" \/>\n<meta property=\"og:locale\" content=\"es_ES\" \/>\n<meta property=\"og:type\" content=\"article\" \/>\n<meta property=\"og:title\" content=\"\u00daltima tecnolog\u00eda para el laminado de estr\u00edas en ejes huecos - OSG Ex-Cell-O\" \/>\n<meta property=\"og:url\" content=\"https:\/\/osg-excello.com\/es\/innovaciones\/neueste-technologie-zum-walzen-von-passverzahnungen-auf-hohlwellen\/\" \/>\n<meta property=\"og:site_name\" content=\"OSG Ex-Cell-O\" \/>\n<meta property=\"article:modified_time\" content=\"2021-05-26T08:53:44+00:00\" \/>\n<meta name=\"twitter:card\" content=\"summary_large_image\" \/>\n<meta name=\"twitter:label1\" content=\"Tiempo de lectura\" \/>\n\t<meta name=\"twitter:data1\" content=\"7 minutos\" \/>\n<script type=\"application\/ld+json\" class=\"yoast-schema-graph\">{\"@context\":\"https:\/\/schema.org\",\"@graph\":[{\"@type\":\"WebPage\",\"@id\":\"https:\/\/osg-excello.com\/es\/innovaciones\/neueste-technologie-zum-walzen-von-passverzahnungen-auf-hohlwellen\/\",\"url\":\"https:\/\/osg-excello.com\/es\/innovaciones\/neueste-technologie-zum-walzen-von-passverzahnungen-auf-hohlwellen\/\",\"name\":\"\u00daltima tecnolog\u00eda para el laminado de estr\u00edas en ejes huecos - OSG Ex-Cell-O\",\"isPartOf\":{\"@id\":\"https:\/\/osg-excello.com\/es\/#website\"},\"datePublished\":\"2019-11-19T15:09:05+00:00\",\"dateModified\":\"2021-05-26T08:53:44+00:00\",\"breadcrumb\":{\"@id\":\"https:\/\/osg-excello.com\/es\/innovaciones\/neueste-technologie-zum-walzen-von-passverzahnungen-auf-hohlwellen\/#breadcrumb\"},\"inLanguage\":\"es\",\"potentialAction\":[{\"@type\":\"ReadAction\",\"target\":[\"https:\/\/osg-excello.com\/es\/innovaciones\/neueste-technologie-zum-walzen-von-passverzahnungen-auf-hohlwellen\/\"]}]},{\"@type\":\"BreadcrumbList\",\"@id\":\"https:\/\/osg-excello.com\/es\/innovaciones\/neueste-technologie-zum-walzen-von-passverzahnungen-auf-hohlwellen\/#breadcrumb\",\"itemListElement\":[{\"@type\":\"ListItem\",\"position\":1,\"name\":\"Startseite\",\"item\":\"https:\/\/osg-excello.com\/es\/\"},{\"@type\":\"ListItem\",\"position\":2,\"name\":\"INNOVACIONES\",\"item\":\"https:\/\/osg-excello.com\/es\/innovaciones\/\"},{\"@type\":\"ListItem\",\"position\":3,\"name\":\"\u00daltima tecnolog\u00eda para el laminado de estr\u00edas en ejes huecos\"}]},{\"@type\":\"WebSite\",\"@id\":\"https:\/\/osg-excello.com\/es\/#website\",\"url\":\"https:\/\/osg-excello.com\/es\/\",\"name\":\"OSG Ex-Cell-O\",\"description\":\"\",\"publisher\":{\"@id\":\"https:\/\/osg-excello.com\/es\/#organization\"},\"potentialAction\":[{\"@type\":\"SearchAction\",\"target\":{\"@type\":\"EntryPoint\",\"urlTemplate\":\"https:\/\/osg-excello.com\/es\/?s={search_term_string}\"},\"query-input\":{\"@type\":\"PropertyValueSpecification\",\"valueRequired\":true,\"valueName\":\"search_term_string\"}}],\"inLanguage\":\"es\"},{\"@type\":\"Organization\",\"@id\":\"https:\/\/osg-excello.com\/es\/#organization\",\"name\":\"OSG Ex-Cell-O GmbH\",\"url\":\"https:\/\/osg-excello.com\/es\/\",\"logo\":{\"@type\":\"ImageObject\",\"inLanguage\":\"es\",\"@id\":\"https:\/\/osg-excello.com\/es\/#\/schema\/logo\/image\/\",\"url\":\"https:\/\/osg-excello.com\/wp-content\/uploads\/2019\/11\/osg_excello_logo_final-2.png\",\"contentUrl\":\"https:\/\/osg-excello.com\/wp-content\/uploads\/2019\/11\/osg_excello_logo_final-2.png\",\"width\":514,\"height\":236,\"caption\":\"OSG Ex-Cell-O GmbH\"},\"image\":{\"@id\":\"https:\/\/osg-excello.com\/es\/#\/schema\/logo\/image\/\"}}]}<\/script>\n<!-- \/ Yoast SEO plugin. -->","yoast_head_json":{"title":"\u00daltima tecnolog\u00eda para el laminado de estr\u00edas en ejes huecos - OSG Ex-Cell-O","robots":{"index":"index","follow":"follow","max-snippet":"max-snippet:-1","max-image-preview":"max-image-preview:large","max-video-preview":"max-video-preview:-1"},"canonical":"https:\/\/osg-excello.com\/es\/innovaciones\/neueste-technologie-zum-walzen-von-passverzahnungen-auf-hohlwellen\/","og_locale":"es_ES","og_type":"article","og_title":"\u00daltima tecnolog\u00eda para el laminado de estr\u00edas en ejes huecos - OSG Ex-Cell-O","og_url":"https:\/\/osg-excello.com\/es\/innovaciones\/neueste-technologie-zum-walzen-von-passverzahnungen-auf-hohlwellen\/","og_site_name":"OSG Ex-Cell-O","article_modified_time":"2021-05-26T08:53:44+00:00","twitter_card":"summary_large_image","twitter_misc":{"Tiempo de lectura":"7 minutos"},"schema":{"@context":"https:\/\/schema.org","@graph":[{"@type":"WebPage","@id":"https:\/\/osg-excello.com\/es\/innovaciones\/neueste-technologie-zum-walzen-von-passverzahnungen-auf-hohlwellen\/","url":"https:\/\/osg-excello.com\/es\/innovaciones\/neueste-technologie-zum-walzen-von-passverzahnungen-auf-hohlwellen\/","name":"\u00daltima tecnolog\u00eda para el laminado de estr\u00edas en ejes huecos - OSG Ex-Cell-O","isPartOf":{"@id":"https:\/\/osg-excello.com\/es\/#website"},"datePublished":"2019-11-19T15:09:05+00:00","dateModified":"2021-05-26T08:53:44+00:00","breadcrumb":{"@id":"https:\/\/osg-excello.com\/es\/innovaciones\/neueste-technologie-zum-walzen-von-passverzahnungen-auf-hohlwellen\/#breadcrumb"},"inLanguage":"es","potentialAction":[{"@type":"ReadAction","target":["https:\/\/osg-excello.com\/es\/innovaciones\/neueste-technologie-zum-walzen-von-passverzahnungen-auf-hohlwellen\/"]}]},{"@type":"BreadcrumbList","@id":"https:\/\/osg-excello.com\/es\/innovaciones\/neueste-technologie-zum-walzen-von-passverzahnungen-auf-hohlwellen\/#breadcrumb","itemListElement":[{"@type":"ListItem","position":1,"name":"Startseite","item":"https:\/\/osg-excello.com\/es\/"},{"@type":"ListItem","position":2,"name":"INNOVACIONES","item":"https:\/\/osg-excello.com\/es\/innovaciones\/"},{"@type":"ListItem","position":3,"name":"\u00daltima tecnolog\u00eda para el laminado de estr\u00edas en ejes huecos"}]},{"@type":"WebSite","@id":"https:\/\/osg-excello.com\/es\/#website","url":"https:\/\/osg-excello.com\/es\/","name":"OSG Ex-Cell-O","description":"","publisher":{"@id":"https:\/\/osg-excello.com\/es\/#organization"},"potentialAction":[{"@type":"SearchAction","target":{"@type":"EntryPoint","urlTemplate":"https:\/\/osg-excello.com\/es\/?s={search_term_string}"},"query-input":{"@type":"PropertyValueSpecification","valueRequired":true,"valueName":"search_term_string"}}],"inLanguage":"es"},{"@type":"Organization","@id":"https:\/\/osg-excello.com\/es\/#organization","name":"OSG Ex-Cell-O GmbH","url":"https:\/\/osg-excello.com\/es\/","logo":{"@type":"ImageObject","inLanguage":"es","@id":"https:\/\/osg-excello.com\/es\/#\/schema\/logo\/image\/","url":"https:\/\/osg-excello.com\/wp-content\/uploads\/2019\/11\/osg_excello_logo_final-2.png","contentUrl":"https:\/\/osg-excello.com\/wp-content\/uploads\/2019\/11\/osg_excello_logo_final-2.png","width":514,"height":236,"caption":"OSG Ex-Cell-O GmbH"},"image":{"@id":"https:\/\/osg-excello.com\/es\/#\/schema\/logo\/image\/"}}]}},"_links":{"self":[{"href":"https:\/\/osg-excello.com\/es\/wp-json\/wp\/v2\/pages\/6295","targetHints":{"allow":["GET"]}}],"collection":[{"href":"https:\/\/osg-excello.com\/es\/wp-json\/wp\/v2\/pages"}],"about":[{"href":"https:\/\/osg-excello.com\/es\/wp-json\/wp\/v2\/types\/page"}],"author":[{"embeddable":true,"href":"https:\/\/osg-excello.com\/es\/wp-json\/wp\/v2\/users\/1"}],"replies":[{"embeddable":true,"href":"https:\/\/osg-excello.com\/es\/wp-json\/wp\/v2\/comments?post=6295"}],"version-history":[{"count":5,"href":"https:\/\/osg-excello.com\/es\/wp-json\/wp\/v2\/pages\/6295\/revisions"}],"predecessor-version":[{"id":6348,"href":"https:\/\/osg-excello.com\/es\/wp-json\/wp\/v2\/pages\/6295\/revisions\/6348"}],"up":[{"embeddable":true,"href":"https:\/\/osg-excello.com\/es\/wp-json\/wp\/v2\/pages\/2406"}],"wp:attachment":[{"href":"https:\/\/osg-excello.com\/es\/wp-json\/wp\/v2\/media?parent=6295"}],"curies":[{"name":"wp","href":"https:\/\/api.w.org\/{rel}","templated":true}]}}