{"id":6435,"date":"2019-11-19T16:09:05","date_gmt":"2019-11-19T15:09:05","guid":{"rendered":"https:\/\/osg-excello.com\/innovaciones\/kostenintensive-prozesse-einsparen-durch-prozesssicheres-freihalten-von-vorgedrehten-einstichen\/"},"modified":"2021-05-26T11:11:22","modified_gmt":"2021-05-26T09:11:22","slug":"kostenintensive-prozesse-einsparen-durch-prozesssicheres-freihalten-von-vorgedrehten-einstichen","status":"publish","type":"page","link":"https:\/\/osg-excello.com\/es\/innovaciones\/kostenintensive-prozesse-einsparen-durch-prozesssicheres-freihalten-von-vorgedrehten-einstichen\/","title":{"rendered":"Ahorro de costes gracias a la limpieza de las ranuras pretorneadas"},"content":{"rendered":"\n<style type=\"text\/css\" data-created_by=\"avia_inline_auto\" id=\"style-css-av-807no-33a4a38e5e0d5dea70cde682a9dc653a\">\n.flex_column.av-807no-33a4a38e5e0d5dea70cde682a9dc653a{\nborder-radius:0px 0px 0px 0px;\npadding:25px 0px 0px 0px;\n}\n<\/style>\n<div  class='flex_column av-807no-33a4a38e5e0d5dea70cde682a9dc653a av_one_full  avia-builder-el-0  el_before_av_hr  avia-builder-el-first  first flex_column_div  '     ><style type=\"text\/css\" data-created_by=\"avia_inline_auto\" id=\"style-css-av-k3edzw4t-1c6c7372154f37e6286568e516198da4\">\n#top .av-special-heading.av-k3edzw4t-1c6c7372154f37e6286568e516198da4{\npadding-bottom:10px;\n}\nbody .av-special-heading.av-k3edzw4t-1c6c7372154f37e6286568e516198da4 .av-special-heading-tag .heading-char{\nfont-size:25px;\n}\n.av-special-heading.av-k3edzw4t-1c6c7372154f37e6286568e516198da4 .av-subheading{\nfont-size:15px;\n}\n<\/style>\n<div  class='av-special-heading av-k3edzw4t-1c6c7372154f37e6286568e516198da4 av-special-heading-h1 blockquote modern-quote modern-centered  avia-builder-el-1  avia-builder-el-no-sibling '><h1 class='av-special-heading-tag '  itemprop=\"headline\"  >Ahorro de costes gracias a la limpieza de las ranuras pretorneadas<\/h1><div class=\"special-heading-border\"><div class=\"special-heading-inner-border\"><\/div><\/div><\/div><\/div>\n\n<style type=\"text\/css\" data-created_by=\"avia_inline_auto\" id=\"style-css-av-k363cjsl-6c3a36cc1ad2d24930cc419f13ab6bc6\">\n#top .hr.av-k363cjsl-6c3a36cc1ad2d24930cc419f13ab6bc6{\nmargin-top:0px;\nmargin-bottom:30px;\n}\n.hr.av-k363cjsl-6c3a36cc1ad2d24930cc419f13ab6bc6 .hr-inner{\nwidth:30%;\nborder-color:#e8e8e8;\nmax-width:45%;\n}\n.hr.av-k363cjsl-6c3a36cc1ad2d24930cc419f13ab6bc6 .av-seperator-icon{\ncolor:#e8e8e8;\n}\n.hr.av-k363cjsl-6c3a36cc1ad2d24930cc419f13ab6bc6 .av-seperator-icon.avia-svg-icon svg:first-child{\nfill:#e8e8e8;\nstroke:#e8e8e8;\n}\n<\/style>\n<div  class='hr av-k363cjsl-6c3a36cc1ad2d24930cc419f13ab6bc6 hr-custom  avia-builder-el-2  el_after_av_one_full  el_before_av_section  avia-builder-el-last  hr-center hr-icon-yes'><span class='hr-inner inner-border-av-border-thin'><span class=\"hr-inner-style\"><\/span><\/span><span class='av-seperator-icon avia-iconfont avia-font-entypo-fontello' data-av_icon='\ue898' data-av_iconfont='entypo-fontello' ><\/span><span class='hr-inner inner-border-av-border-thin'><span class=\"hr-inner-style\"><\/span><\/span><\/div>\n<\/div><\/div><\/div><!-- close content main div --><\/div><\/div>\n<style type=\"text\/css\" data-created_by=\"avia_inline_auto\" id=\"style-css-av-k3647wxa-14f501a09e84162727fa6ec184c7a00c\">\n.avia-section.av-k3647wxa-14f501a09e84162727fa6ec184c7a00c{\nmargin-top:0px;\nmargin-bottom:100px;\n}\n<\/style>\n<div id='av_section_1'  class='avia-section av-k3647wxa-14f501a09e84162727fa6ec184c7a00c main_color avia-section-no-padding avia-no-border-styling  avia-builder-el-3  el_after_av_hr  avia-builder-el-last  avia-bg-style-scroll container_wrap sidebar_right'  ><div class='container av-section-cont-open' ><div class='template-page content  av-content-small alpha units'><div class='post-entry post-entry-type-page post-entry-6435'><div class='entry-content-wrapper clearfix'>\n\n<style type=\"text\/css\" data-created_by=\"avia_inline_auto\" id=\"style-css-av-7nzzw-2c1641dce56e8229eb55335a5a6ec76f\">\n.flex_column.av-7nzzw-2c1641dce56e8229eb55335a5a6ec76f{\nborder-radius:0px 0px 0px 0px;\npadding:0px 0px 0px 0px;\n}\n<\/style>\n<div  class='flex_column av-7nzzw-2c1641dce56e8229eb55335a5a6ec76f av_two_third  avia-builder-el-4  el_before_av_one_third  avia-builder-el-first  first flex_column_div av-animated-generic bottom-to-top av-zero-column-padding  '     ><section  class='av_textblock_section av-k3a8vy1i-c3eaba6a5673f57b0224f2a8c69b5209 '   itemscope=\"itemscope\" itemtype=\"https:\/\/schema.org\/CreativeWork\" ><div class='avia_textblock'  itemprop=\"text\" ><p class=\"p1\">Para asegurar las conexiones de estr\u00edas axialmente, a menudo est\u00e1n acondicionadas de ranuras anulares en las que se insertan anillos de retenci\u00f3n despu\u00e9s del montaje. Por lo general, estas ranuras anulares se fabrican despu\u00e9s del proceso de tratamiento t\u00e9rmico. Esto da lugar a inversiones y costos de proceso para la producci\u00f3n de las ranuras anulares, as\u00ed como la eliminaci\u00f3n de las rebabas secundarias en los flancos de las estr\u00edas.<\/p>\n<p>&#13;<\/p>\n<p class=\"p1\">Con nuestra tecnolog\u00eda patentada, las ranuras anulares ya se pod\u00edan fabricar en el proceso de torneado suave y se pueden mantener libres durante el proceso de rolado.<\/p>\n<p>&#13;<\/p>\n<p class=\"p1\">Para ello, la posici\u00f3n axial de la ranura debe ser determinada exactamente antes del proceso de rolado. A continuaci\u00f3n, la pieza se posiciona con precisi\u00f3n utilizando los datos determinados. Con esta estrategia de fabricaci\u00f3n se garantizan resultados fiables y sin rebaba.<\/p>\n<\/div><\/section><\/div>\n<style type=\"text\/css\" data-created_by=\"avia_inline_auto\" id=\"style-css-av-7nzzw-47ef4b95d16ddc52afc9d03e4ee84fbc\">\n.flex_column.av-7nzzw-47ef4b95d16ddc52afc9d03e4ee84fbc{\nborder-radius:0px 0px 0px 0px;\npadding:0px 0px 0px 0px;\n}\n<\/style>\n<div  class='flex_column av-7nzzw-47ef4b95d16ddc52afc9d03e4ee84fbc av_one_third  avia-builder-el-6  el_after_av_two_third  el_before_av_one_fourth  flex_column_div av-animated-generic bottom-to-top av-zero-column-padding  '     ><div  class='avia-video av-k3ed5wvu-c6501cf83cd7cd06c55c512230c4a10c avia-video-16-9 roundBorder av-no-preview-image avia-video-load-always avia-video-html5'  itemprop=\"video\" itemtype=\"https:\/\/schema.org\/VideoObject\"  data-original_url='https:\/\/osg-excello.com\/wp-content\/uploads\/2019\/11\/Nutfreihalten.mp4'><video class='avia_video'    preload=\"auto\"  controls id='player_6435_1512353228_841883589'><source src='https:\/\/osg-excello.com\/wp-content\/uploads\/2019\/11\/Nutfreihalten.mp4' type='video\/mp4' \/><\/video><\/div><\/div>\n<style type=\"text\/css\" data-created_by=\"avia_inline_auto\" id=\"style-css-av-7nzzw-a0aa3dd63de0b977348db63f8acfb121\">\n.flex_column.av-7nzzw-a0aa3dd63de0b977348db63f8acfb121{\nborder-radius:0px 0px 0px 0px;\npadding:0px 0px 0px 0px;\n}\n<\/style>\n<div  class='flex_column av-7nzzw-a0aa3dd63de0b977348db63f8acfb121 av_one_fourth  avia-builder-el-8  el_after_av_one_third  el_before_av_one_fourth  rowImage50 first flex_column_div av-animated-generic bottom-to-top av-zero-column-padding  column-top-margin'     ><style type=\"text\/css\" data-created_by=\"avia_inline_auto\" id=\"style-css-av-k3edslgv-7110a5529fd372b7d192f0d119ec22fe\">\n.avia-image-container.av-k3edslgv-7110a5529fd372b7d192f0d119ec22fe img.avia_image{\nbox-shadow:none;\n}\n.avia-image-container.av-k3edslgv-7110a5529fd372b7d192f0d119ec22fe .av-image-caption-overlay-center{\ncolor:#ffffff;\n}\n<\/style>\n<div  class='avia-image-container av-k3edslgv-7110a5529fd372b7d192f0d119ec22fe av-styling- av-hover-grow av-hide-overflow av-img-linked avia-align-center  avia-builder-el-9  avia-builder-el-no-sibling '   itemprop=\"image\" itemscope=\"itemscope\" itemtype=\"https:\/\/schema.org\/ImageObject\" ><div class=\"avia-image-container-inner\"><div class=\"avia-image-overlay-wrap\"><a href=\"https:\/\/osg-excello.com\/wp-content\/uploads\/2019\/11\/prozesse_SAM_3350.jpg\" data-srcset=\"https:\/\/osg-excello.com\/wp-content\/uploads\/2019\/11\/prozesse_SAM_3350.jpg 1280w, https:\/\/osg-excello.com\/wp-content\/uploads\/2019\/11\/prozesse_SAM_3350-768x512.jpg 768w, https:\/\/osg-excello.com\/wp-content\/uploads\/2019\/11\/prozesse_SAM_3350-705x470.jpg 705w\" data-sizes=\"(max-width: 1280px) 100vw, 1280px\" class='avia_image '  aria-label='prozesse_SAM_3350'><img decoding=\"async\" fetchpriority=\"high\" class='wp-image-6445 avia-img-lazy-loading-not-6445 avia_image ' src=\"https:\/\/osg-excello.com\/wp-content\/uploads\/2019\/11\/prozesse_SAM_3350.jpg\" alt='' title='prozesse_SAM_3350'  height=\"853\" width=\"1280\"  itemprop=\"thumbnailUrl\" srcset=\"https:\/\/osg-excello.com\/wp-content\/uploads\/2019\/11\/prozesse_SAM_3350.jpg 1280w, https:\/\/osg-excello.com\/wp-content\/uploads\/2019\/11\/prozesse_SAM_3350-768x512.jpg 768w, https:\/\/osg-excello.com\/wp-content\/uploads\/2019\/11\/prozesse_SAM_3350-705x470.jpg 705w\" sizes=\"(max-width: 1280px) 100vw, 1280px\" \/><\/a><\/div><\/div><\/div><\/div>\n<style type=\"text\/css\" data-created_by=\"avia_inline_auto\" id=\"style-css-av-7nzzw-6cdfa5db30c044f9e7bdf9337dd1d197\">\n.flex_column.av-7nzzw-6cdfa5db30c044f9e7bdf9337dd1d197{\nborder-radius:0px 0px 0px 0px;\npadding:0px 0px 0px 0px;\n}\n<\/style>\n<div  class='flex_column av-7nzzw-6cdfa5db30c044f9e7bdf9337dd1d197 av_one_fourth  avia-builder-el-10  el_after_av_one_fourth  el_before_av_one_fourth  rowImage50 flex_column_div av-animated-generic bottom-to-top av-zero-column-padding  column-top-margin'     ><style type=\"text\/css\" data-created_by=\"avia_inline_auto\" id=\"style-css-av-k3edslgv-4a329c32b727d8b4304679bb8561d697\">\n.avia-image-container.av-k3edslgv-4a329c32b727d8b4304679bb8561d697 img.avia_image{\nbox-shadow:none;\n}\n.avia-image-container.av-k3edslgv-4a329c32b727d8b4304679bb8561d697 .av-image-caption-overlay-center{\ncolor:#ffffff;\n}\n<\/style>\n<div  class='avia-image-container av-k3edslgv-4a329c32b727d8b4304679bb8561d697 av-styling- av-hover-grow av-hide-overflow av-img-linked avia-align-center  avia-builder-el-11  avia-builder-el-no-sibling '   itemprop=\"image\" itemscope=\"itemscope\" itemtype=\"https:\/\/schema.org\/ImageObject\" ><div class=\"avia-image-container-inner\"><div class=\"avia-image-overlay-wrap\"><a href=\"https:\/\/osg-excello.com\/wp-content\/uploads\/2019\/11\/prozesse_SAM_3312.jpg\" data-srcset=\"https:\/\/osg-excello.com\/wp-content\/uploads\/2019\/11\/prozesse_SAM_3312.jpg 1280w, https:\/\/osg-excello.com\/wp-content\/uploads\/2019\/11\/prozesse_SAM_3312-768x512.jpg 768w, https:\/\/osg-excello.com\/wp-content\/uploads\/2019\/11\/prozesse_SAM_3312-705x470.jpg 705w\" data-sizes=\"(max-width: 1280px) 100vw, 1280px\" class='avia_image '  aria-label='prozesse_SAM_3312'><img decoding=\"async\" fetchpriority=\"high\" class='wp-image-6444 avia-img-lazy-loading-not-6444 avia_image ' src=\"https:\/\/osg-excello.com\/wp-content\/uploads\/2019\/11\/prozesse_SAM_3312.jpg\" alt='' title='prozesse_SAM_3312'  height=\"853\" width=\"1280\"  itemprop=\"thumbnailUrl\" srcset=\"https:\/\/osg-excello.com\/wp-content\/uploads\/2019\/11\/prozesse_SAM_3312.jpg 1280w, https:\/\/osg-excello.com\/wp-content\/uploads\/2019\/11\/prozesse_SAM_3312-768x512.jpg 768w, https:\/\/osg-excello.com\/wp-content\/uploads\/2019\/11\/prozesse_SAM_3312-705x470.jpg 705w\" sizes=\"(max-width: 1280px) 100vw, 1280px\" \/><\/a><\/div><\/div><\/div><\/div>\n<style type=\"text\/css\" data-created_by=\"avia_inline_auto\" id=\"style-css-av-7nzzw-6cdfa5db30c044f9e7bdf9337dd1d197\">\n.flex_column.av-7nzzw-6cdfa5db30c044f9e7bdf9337dd1d197{\nborder-radius:0px 0px 0px 0px;\npadding:0px 0px 0px 0px;\n}\n<\/style>\n<div  class='flex_column av-7nzzw-6cdfa5db30c044f9e7bdf9337dd1d197 av_one_fourth  avia-builder-el-12  el_after_av_one_fourth  el_before_av_one_fourth  rowImage50 flex_column_div av-animated-generic bottom-to-top av-zero-column-padding  column-top-margin'     ><style type=\"text\/css\" data-created_by=\"avia_inline_auto\" id=\"style-css-av-k3edslgv-852397e8408fc7036a017118c3a21e91\">\n.avia-image-container.av-k3edslgv-852397e8408fc7036a017118c3a21e91 img.avia_image{\nbox-shadow:none;\n}\n.avia-image-container.av-k3edslgv-852397e8408fc7036a017118c3a21e91 .av-image-caption-overlay-center{\ncolor:#ffffff;\n}\n<\/style>\n<div  class='avia-image-container av-k3edslgv-852397e8408fc7036a017118c3a21e91 av-styling- av-hover-grow av-hide-overflow av-img-linked avia-align-center  avia-builder-el-13  avia-builder-el-no-sibling '   itemprop=\"image\" itemscope=\"itemscope\" itemtype=\"https:\/\/schema.org\/ImageObject\" ><div class=\"avia-image-container-inner\"><div class=\"avia-image-overlay-wrap\"><a href=\"https:\/\/osg-excello.com\/wp-content\/uploads\/2019\/11\/prozesse_SAM_3319.jpg\" data-srcset=\"https:\/\/osg-excello.com\/wp-content\/uploads\/2019\/11\/prozesse_SAM_3319.jpg 1280w, https:\/\/osg-excello.com\/wp-content\/uploads\/2019\/11\/prozesse_SAM_3319-768x512.jpg 768w, https:\/\/osg-excello.com\/wp-content\/uploads\/2019\/11\/prozesse_SAM_3319-705x470.jpg 705w\" data-sizes=\"(max-width: 1280px) 100vw, 1280px\" class='avia_image '  aria-label='prozesse_SAM_3319'><img decoding=\"async\" fetchpriority=\"high\" class='wp-image-6443 avia-img-lazy-loading-not-6443 avia_image ' src=\"https:\/\/osg-excello.com\/wp-content\/uploads\/2019\/11\/prozesse_SAM_3319.jpg\" alt='' title='prozesse_SAM_3319'  height=\"853\" width=\"1280\"  itemprop=\"thumbnailUrl\" srcset=\"https:\/\/osg-excello.com\/wp-content\/uploads\/2019\/11\/prozesse_SAM_3319.jpg 1280w, https:\/\/osg-excello.com\/wp-content\/uploads\/2019\/11\/prozesse_SAM_3319-768x512.jpg 768w, https:\/\/osg-excello.com\/wp-content\/uploads\/2019\/11\/prozesse_SAM_3319-705x470.jpg 705w\" sizes=\"(max-width: 1280px) 100vw, 1280px\" \/><\/a><\/div><\/div><\/div><\/div>\n<style type=\"text\/css\" data-created_by=\"avia_inline_auto\" id=\"style-css-av-7nzzw-6cdfa5db30c044f9e7bdf9337dd1d197\">\n.flex_column.av-7nzzw-6cdfa5db30c044f9e7bdf9337dd1d197{\nborder-radius:0px 0px 0px 0px;\npadding:0px 0px 0px 0px;\n}\n<\/style>\n<div  class='flex_column av-7nzzw-6cdfa5db30c044f9e7bdf9337dd1d197 av_one_fourth  avia-builder-el-14  el_after_av_one_fourth  avia-builder-el-last  rowImage50 flex_column_div av-animated-generic bottom-to-top av-zero-column-padding  column-top-margin'     ><style type=\"text\/css\" data-created_by=\"avia_inline_auto\" id=\"style-css-av-k3edslgv-7857afb421918b896f8ae81e39a3f7e5\">\n.avia-image-container.av-k3edslgv-7857afb421918b896f8ae81e39a3f7e5 img.avia_image{\nbox-shadow:none;\n}\n.avia-image-container.av-k3edslgv-7857afb421918b896f8ae81e39a3f7e5 .av-image-caption-overlay-center{\ncolor:#ffffff;\n}\n<\/style>\n<div  class='avia-image-container av-k3edslgv-7857afb421918b896f8ae81e39a3f7e5 av-styling- av-hover-grow av-hide-overflow av-img-linked avia-align-center  avia-builder-el-15  avia-builder-el-no-sibling '   itemprop=\"image\" itemscope=\"itemscope\" itemtype=\"https:\/\/schema.org\/ImageObject\" ><div class=\"avia-image-container-inner\"><div class=\"avia-image-overlay-wrap\"><a href=\"https:\/\/osg-excello.com\/wp-content\/uploads\/2019\/11\/prozesse_SAM_3341.jpg\" data-srcset=\"https:\/\/osg-excello.com\/wp-content\/uploads\/2019\/11\/prozesse_SAM_3341.jpg 1280w, https:\/\/osg-excello.com\/wp-content\/uploads\/2019\/11\/prozesse_SAM_3341-768x512.jpg 768w, https:\/\/osg-excello.com\/wp-content\/uploads\/2019\/11\/prozesse_SAM_3341-705x470.jpg 705w\" data-sizes=\"(max-width: 1280px) 100vw, 1280px\" class='avia_image '  aria-label='prozesse_SAM_3341'><img decoding=\"async\" fetchpriority=\"high\" class='wp-image-6442 avia-img-lazy-loading-not-6442 avia_image ' src=\"https:\/\/osg-excello.com\/wp-content\/uploads\/2019\/11\/prozesse_SAM_3341.jpg\" alt='' title='prozesse_SAM_3341'  height=\"853\" width=\"1280\"  itemprop=\"thumbnailUrl\" srcset=\"https:\/\/osg-excello.com\/wp-content\/uploads\/2019\/11\/prozesse_SAM_3341.jpg 1280w, https:\/\/osg-excello.com\/wp-content\/uploads\/2019\/11\/prozesse_SAM_3341-768x512.jpg 768w, https:\/\/osg-excello.com\/wp-content\/uploads\/2019\/11\/prozesse_SAM_3341-705x470.jpg 705w\" sizes=\"(max-width: 1280px) 100vw, 1280px\" \/><\/a><\/div><\/div><\/div><\/div><\/div><\/div><\/div><!-- close content main div --><\/div><\/div><div id='after_section_1'  class='main_color av_default_container_wrap container_wrap sidebar_right'  ><div class='container av-section-cont-open' ><div class='template-page content  av-content-small alpha units'><div class='post-entry post-entry-type-page post-entry-6435'><div class='entry-content-wrapper clearfix'>\n","protected":false},"excerpt":{"rendered":"","protected":false},"author":1,"featured_media":0,"parent":2406,"menu_order":935,"comment_status":"closed","ping_status":"closed","template":"","meta":{"footnotes":""},"class_list":["post-6435","page","type-page","status-publish","hentry"],"yoast_head":"<!-- This site is optimized with the Yoast SEO plugin v27.2 - https:\/\/yoast.com\/product\/yoast-seo-wordpress\/ -->\n<title>Ahorro de costes gracias a la limpieza de las ranuras pretorneadas - OSG Ex-Cell-O<\/title>\n<meta name=\"robots\" content=\"index, follow, max-snippet:-1, max-image-preview:large, max-video-preview:-1\" \/>\n<link rel=\"canonical\" href=\"https:\/\/osg-excello.com\/es\/innovaciones\/kostenintensive-prozesse-einsparen-durch-prozesssicheres-freihalten-von-vorgedrehten-einstichen\/\" \/>\n<meta property=\"og:locale\" content=\"es_ES\" \/>\n<meta property=\"og:type\" content=\"article\" \/>\n<meta property=\"og:title\" content=\"Ahorro de costes gracias a la limpieza de las ranuras pretorneadas - OSG Ex-Cell-O\" \/>\n<meta property=\"og:url\" content=\"https:\/\/osg-excello.com\/es\/innovaciones\/kostenintensive-prozesse-einsparen-durch-prozesssicheres-freihalten-von-vorgedrehten-einstichen\/\" \/>\n<meta property=\"og:site_name\" content=\"OSG Ex-Cell-O\" \/>\n<meta property=\"article:modified_time\" content=\"2021-05-26T09:11:22+00:00\" \/>\n<meta name=\"twitter:card\" content=\"summary_large_image\" \/>\n<meta name=\"twitter:label1\" content=\"Tiempo de lectura\" \/>\n\t<meta name=\"twitter:data1\" content=\"8 minutos\" \/>\n<script type=\"application\/ld+json\" class=\"yoast-schema-graph\">{\"@context\":\"https:\/\/schema.org\",\"@graph\":[{\"@type\":\"WebPage\",\"@id\":\"https:\/\/osg-excello.com\/es\/innovaciones\/kostenintensive-prozesse-einsparen-durch-prozesssicheres-freihalten-von-vorgedrehten-einstichen\/\",\"url\":\"https:\/\/osg-excello.com\/es\/innovaciones\/kostenintensive-prozesse-einsparen-durch-prozesssicheres-freihalten-von-vorgedrehten-einstichen\/\",\"name\":\"Ahorro de costes gracias a la limpieza de las ranuras pretorneadas - OSG Ex-Cell-O\",\"isPartOf\":{\"@id\":\"https:\/\/osg-excello.com\/es\/#website\"},\"datePublished\":\"2019-11-19T15:09:05+00:00\",\"dateModified\":\"2021-05-26T09:11:22+00:00\",\"breadcrumb\":{\"@id\":\"https:\/\/osg-excello.com\/es\/innovaciones\/kostenintensive-prozesse-einsparen-durch-prozesssicheres-freihalten-von-vorgedrehten-einstichen\/#breadcrumb\"},\"inLanguage\":\"es\",\"potentialAction\":[{\"@type\":\"ReadAction\",\"target\":[\"https:\/\/osg-excello.com\/es\/innovaciones\/kostenintensive-prozesse-einsparen-durch-prozesssicheres-freihalten-von-vorgedrehten-einstichen\/\"]}]},{\"@type\":\"BreadcrumbList\",\"@id\":\"https:\/\/osg-excello.com\/es\/innovaciones\/kostenintensive-prozesse-einsparen-durch-prozesssicheres-freihalten-von-vorgedrehten-einstichen\/#breadcrumb\",\"itemListElement\":[{\"@type\":\"ListItem\",\"position\":1,\"name\":\"Startseite\",\"item\":\"https:\/\/osg-excello.com\/es\/\"},{\"@type\":\"ListItem\",\"position\":2,\"name\":\"INNOVACIONES\",\"item\":\"https:\/\/osg-excello.com\/es\/innovaciones\/\"},{\"@type\":\"ListItem\",\"position\":3,\"name\":\"Ahorro de costes gracias a la limpieza de las ranuras pretorneadas\"}]},{\"@type\":\"WebSite\",\"@id\":\"https:\/\/osg-excello.com\/es\/#website\",\"url\":\"https:\/\/osg-excello.com\/es\/\",\"name\":\"OSG Ex-Cell-O\",\"description\":\"\",\"publisher\":{\"@id\":\"https:\/\/osg-excello.com\/es\/#organization\"},\"potentialAction\":[{\"@type\":\"SearchAction\",\"target\":{\"@type\":\"EntryPoint\",\"urlTemplate\":\"https:\/\/osg-excello.com\/es\/?s={search_term_string}\"},\"query-input\":{\"@type\":\"PropertyValueSpecification\",\"valueRequired\":true,\"valueName\":\"search_term_string\"}}],\"inLanguage\":\"es\"},{\"@type\":\"Organization\",\"@id\":\"https:\/\/osg-excello.com\/es\/#organization\",\"name\":\"OSG Ex-Cell-O GmbH\",\"url\":\"https:\/\/osg-excello.com\/es\/\",\"logo\":{\"@type\":\"ImageObject\",\"inLanguage\":\"es\",\"@id\":\"https:\/\/osg-excello.com\/es\/#\/schema\/logo\/image\/\",\"url\":\"https:\/\/osg-excello.com\/wp-content\/uploads\/2019\/11\/osg_excello_logo_final-2.png\",\"contentUrl\":\"https:\/\/osg-excello.com\/wp-content\/uploads\/2019\/11\/osg_excello_logo_final-2.png\",\"width\":514,\"height\":236,\"caption\":\"OSG Ex-Cell-O GmbH\"},\"image\":{\"@id\":\"https:\/\/osg-excello.com\/es\/#\/schema\/logo\/image\/\"}}]}<\/script>\n<!-- \/ Yoast SEO plugin. -->","yoast_head_json":{"title":"Ahorro de costes gracias a la limpieza de las ranuras pretorneadas - OSG Ex-Cell-O","robots":{"index":"index","follow":"follow","max-snippet":"max-snippet:-1","max-image-preview":"max-image-preview:large","max-video-preview":"max-video-preview:-1"},"canonical":"https:\/\/osg-excello.com\/es\/innovaciones\/kostenintensive-prozesse-einsparen-durch-prozesssicheres-freihalten-von-vorgedrehten-einstichen\/","og_locale":"es_ES","og_type":"article","og_title":"Ahorro de costes gracias a la limpieza de las ranuras pretorneadas - OSG Ex-Cell-O","og_url":"https:\/\/osg-excello.com\/es\/innovaciones\/kostenintensive-prozesse-einsparen-durch-prozesssicheres-freihalten-von-vorgedrehten-einstichen\/","og_site_name":"OSG Ex-Cell-O","article_modified_time":"2021-05-26T09:11:22+00:00","twitter_card":"summary_large_image","twitter_misc":{"Tiempo de lectura":"8 minutos"},"schema":{"@context":"https:\/\/schema.org","@graph":[{"@type":"WebPage","@id":"https:\/\/osg-excello.com\/es\/innovaciones\/kostenintensive-prozesse-einsparen-durch-prozesssicheres-freihalten-von-vorgedrehten-einstichen\/","url":"https:\/\/osg-excello.com\/es\/innovaciones\/kostenintensive-prozesse-einsparen-durch-prozesssicheres-freihalten-von-vorgedrehten-einstichen\/","name":"Ahorro de costes gracias a la limpieza de las ranuras pretorneadas - OSG Ex-Cell-O","isPartOf":{"@id":"https:\/\/osg-excello.com\/es\/#website"},"datePublished":"2019-11-19T15:09:05+00:00","dateModified":"2021-05-26T09:11:22+00:00","breadcrumb":{"@id":"https:\/\/osg-excello.com\/es\/innovaciones\/kostenintensive-prozesse-einsparen-durch-prozesssicheres-freihalten-von-vorgedrehten-einstichen\/#breadcrumb"},"inLanguage":"es","potentialAction":[{"@type":"ReadAction","target":["https:\/\/osg-excello.com\/es\/innovaciones\/kostenintensive-prozesse-einsparen-durch-prozesssicheres-freihalten-von-vorgedrehten-einstichen\/"]}]},{"@type":"BreadcrumbList","@id":"https:\/\/osg-excello.com\/es\/innovaciones\/kostenintensive-prozesse-einsparen-durch-prozesssicheres-freihalten-von-vorgedrehten-einstichen\/#breadcrumb","itemListElement":[{"@type":"ListItem","position":1,"name":"Startseite","item":"https:\/\/osg-excello.com\/es\/"},{"@type":"ListItem","position":2,"name":"INNOVACIONES","item":"https:\/\/osg-excello.com\/es\/innovaciones\/"},{"@type":"ListItem","position":3,"name":"Ahorro de costes gracias a la limpieza de las ranuras pretorneadas"}]},{"@type":"WebSite","@id":"https:\/\/osg-excello.com\/es\/#website","url":"https:\/\/osg-excello.com\/es\/","name":"OSG Ex-Cell-O","description":"","publisher":{"@id":"https:\/\/osg-excello.com\/es\/#organization"},"potentialAction":[{"@type":"SearchAction","target":{"@type":"EntryPoint","urlTemplate":"https:\/\/osg-excello.com\/es\/?s={search_term_string}"},"query-input":{"@type":"PropertyValueSpecification","valueRequired":true,"valueName":"search_term_string"}}],"inLanguage":"es"},{"@type":"Organization","@id":"https:\/\/osg-excello.com\/es\/#organization","name":"OSG Ex-Cell-O GmbH","url":"https:\/\/osg-excello.com\/es\/","logo":{"@type":"ImageObject","inLanguage":"es","@id":"https:\/\/osg-excello.com\/es\/#\/schema\/logo\/image\/","url":"https:\/\/osg-excello.com\/wp-content\/uploads\/2019\/11\/osg_excello_logo_final-2.png","contentUrl":"https:\/\/osg-excello.com\/wp-content\/uploads\/2019\/11\/osg_excello_logo_final-2.png","width":514,"height":236,"caption":"OSG Ex-Cell-O GmbH"},"image":{"@id":"https:\/\/osg-excello.com\/es\/#\/schema\/logo\/image\/"}}]}},"_links":{"self":[{"href":"https:\/\/osg-excello.com\/es\/wp-json\/wp\/v2\/pages\/6435","targetHints":{"allow":["GET"]}}],"collection":[{"href":"https:\/\/osg-excello.com\/es\/wp-json\/wp\/v2\/pages"}],"about":[{"href":"https:\/\/osg-excello.com\/es\/wp-json\/wp\/v2\/types\/page"}],"author":[{"embeddable":true,"href":"https:\/\/osg-excello.com\/es\/wp-json\/wp\/v2\/users\/1"}],"replies":[{"embeddable":true,"href":"https:\/\/osg-excello.com\/es\/wp-json\/wp\/v2\/comments?post=6435"}],"version-history":[{"count":5,"href":"https:\/\/osg-excello.com\/es\/wp-json\/wp\/v2\/pages\/6435\/revisions"}],"predecessor-version":[{"id":6491,"href":"https:\/\/osg-excello.com\/es\/wp-json\/wp\/v2\/pages\/6435\/revisions\/6491"}],"up":[{"embeddable":true,"href":"https:\/\/osg-excello.com\/es\/wp-json\/wp\/v2\/pages\/2406"}],"wp:attachment":[{"href":"https:\/\/osg-excello.com\/es\/wp-json\/wp\/v2\/media?parent=6435"}],"curies":[{"name":"wp","href":"https:\/\/api.w.org\/{rel}","templated":true}]}}