{"id":1443,"date":"2019-11-19T14:13:56","date_gmt":"2019-11-19T13:13:56","guid":{"rendered":"https:\/\/osg-excello.com\/presentation-de-lentreprise\/"},"modified":"2021-04-19T07:24:54","modified_gmt":"2021-04-19T05:24:54","slug":"presentation-de-lentreprise","status":"publish","type":"page","link":"https:\/\/osg-excello.com\/fr\/compagnie\/presentation-de-lentreprise\/","title":{"rendered":"Pr\u00e9sentation de l&rsquo;entreprise"},"content":{"rendered":"\n<style type=\"text\/css\" data-created_by=\"avia_inline_auto\" id=\"style-css-av-807no-33a4a38e5e0d5dea70cde682a9dc653a\">\n.flex_column.av-807no-33a4a38e5e0d5dea70cde682a9dc653a{\nborder-radius:0px 0px 0px 0px;\npadding:25px 0px 0px 0px;\n}\n<\/style>\n<div  class='flex_column av-807no-33a4a38e5e0d5dea70cde682a9dc653a av_one_full  avia-builder-el-0  el_before_av_hr  avia-builder-el-first  first flex_column_div  '     ><style type=\"text\/css\" data-created_by=\"avia_inline_auto\" id=\"style-css-av-k3ebgi0v-6fc426b3993b30869f5c0bbc50b7b645\">\n#top .av-special-heading.av-k3ebgi0v-6fc426b3993b30869f5c0bbc50b7b645{\npadding-bottom:10px;\n}\nbody .av-special-heading.av-k3ebgi0v-6fc426b3993b30869f5c0bbc50b7b645 .av-special-heading-tag .heading-char{\nfont-size:25px;\n}\n.av-special-heading.av-k3ebgi0v-6fc426b3993b30869f5c0bbc50b7b645 .av-subheading{\nfont-size:15px;\n}\n<\/style>\n<div  class='av-special-heading av-k3ebgi0v-6fc426b3993b30869f5c0bbc50b7b645 av-special-heading-h1 blockquote modern-quote modern-centered  avia-builder-el-1  avia-builder-el-no-sibling '><h1 class='av-special-heading-tag '  itemprop=\"headline\"  >Pr\u00e9sentation de l\u2019entreprise<\/h1><div class=\"special-heading-border\"><div class=\"special-heading-inner-border\"><\/div><\/div><\/div><\/div>\n\n<style type=\"text\/css\" data-created_by=\"avia_inline_auto\" id=\"style-css-av-k363cjsl-6c3a36cc1ad2d24930cc419f13ab6bc6\">\n#top .hr.av-k363cjsl-6c3a36cc1ad2d24930cc419f13ab6bc6{\nmargin-top:0px;\nmargin-bottom:30px;\n}\n.hr.av-k363cjsl-6c3a36cc1ad2d24930cc419f13ab6bc6 .hr-inner{\nwidth:30%;\nborder-color:#e8e8e8;\nmax-width:45%;\n}\n.hr.av-k363cjsl-6c3a36cc1ad2d24930cc419f13ab6bc6 .av-seperator-icon{\ncolor:#e8e8e8;\n}\n.hr.av-k363cjsl-6c3a36cc1ad2d24930cc419f13ab6bc6 .av-seperator-icon.avia-svg-icon svg:first-child{\nfill:#e8e8e8;\nstroke:#e8e8e8;\n}\n<\/style>\n<div  class='hr av-k363cjsl-6c3a36cc1ad2d24930cc419f13ab6bc6 hr-custom  avia-builder-el-2  el_after_av_one_full  el_before_av_section  avia-builder-el-last  hr-center hr-icon-yes'><span class='hr-inner inner-border-av-border-thin'><span class=\"hr-inner-style\"><\/span><\/span><span class='av-seperator-icon avia-iconfont avia-font-entypo-fontello' data-av_icon='\ue898' data-av_iconfont='entypo-fontello' ><\/span><span class='hr-inner inner-border-av-border-thin'><span class=\"hr-inner-style\"><\/span><\/span><\/div>\n<\/div><\/div><\/div><!-- close content main div --><\/div><\/div>\n<style type=\"text\/css\" data-created_by=\"avia_inline_auto\" id=\"style-css-av-k3647wxa-14f501a09e84162727fa6ec184c7a00c\">\n.avia-section.av-k3647wxa-14f501a09e84162727fa6ec184c7a00c{\nmargin-top:0px;\nmargin-bottom:100px;\n}\n<\/style>\n<div id='av_section_1'  class='avia-section av-k3647wxa-14f501a09e84162727fa6ec184c7a00c main_color avia-section-no-padding avia-no-border-styling  avia-builder-el-3  el_after_av_hr  avia-builder-el-last  avia-bg-style-scroll container_wrap sidebar_right'  ><div class='container av-section-cont-open' ><div class='template-page content  av-content-small alpha units'><div class='post-entry post-entry-type-page post-entry-1443'><div class='entry-content-wrapper clearfix'>\n\n<style type=\"text\/css\" data-created_by=\"avia_inline_auto\" id=\"style-css-av-7nzzw-2c1641dce56e8229eb55335a5a6ec76f\">\n.flex_column.av-7nzzw-2c1641dce56e8229eb55335a5a6ec76f{\nborder-radius:0px 0px 0px 0px;\npadding:0px 0px 0px 0px;\n}\n<\/style>\n<div  class='flex_column av-7nzzw-2c1641dce56e8229eb55335a5a6ec76f av_two_third  avia-builder-el-4  el_before_av_one_third  avia-builder-el-first  first flex_column_div av-animated-generic bottom-to-top av-zero-column-padding  '     ><section  class='av_textblock_section av-k3ebj9xh-e41d0b73d1ff0648d95f3ac70995ff20 '   itemscope=\"itemscope\" itemtype=\"https:\/\/schema.org\/CreativeWork\" ><div class='avia_textblock'  itemprop=\"text\" ><h3>OSG Corporation:<\/h3>\n<p>&#13;<br \/>\nOSG Corporation est le plus grand fabricant mondial d&rsquo;outils \u00e0 queue. Fond\u00e9e en 1938, OSG a une r\u00e9putation de longue date en tant que fournisseur de solutions compl\u00e8tes pour les outils de coupe dans l&rsquo;industrie manufacturi\u00e8re.&#13;<br \/>\nOSG est le num\u00e9ro 1 du march\u00e9 japonais des outils de coupe en termes de fabrication, de ventes et de technologie. dans 33 pays \u00e0 travers le monde.&#13;<br \/>\nOSG est le nom de notre entreprise et notre marque de commerce:&#13;<br \/>\nO signifie OSAWA (le nom des fondateurs de notre soci\u00e9t\u00e9)&#13;<br \/>\nS signifie \u00ab\u00a0SCREW\u00a0\u00bb (vis)&#13;<br \/>\nG signifie \u00ab\u00a0GRINDING&#13;<br \/>\n&#13;<br \/>\nOSG est un des principaux fabricants de tarauds, de fraises, de forets et d&rsquo;outils de coupe indexables. La vaste gamme d&rsquo;outils de coupe de haute technologie d&rsquo;OSG se caract\u00e9rise par une m\u00e9tallurgie exclusive, des g\u00e9om\u00e9tries de coupe et des traitements &#13;<br \/>\nOSG fournit \u00e9galement \u00e0 l&rsquo;industrie des fixations des outils de laminage \u00e0 froid.  L&rsquo;entreprise propose toutes sortes de matrices de roulage de filets, de matrices de roulage \u00e0 plat, de matrices cylindriques, de matrices plan\u00e9taires, de matrices \u00e0 cr\u00e9ma<\/p>\n<\/div><\/section><br \/>\n\n<style type=\"text\/css\" data-created_by=\"avia_inline_auto\" id=\"style-css-av-k363cjsl-1954af1815cd89afcfc4a831f7fe2ab9\">\n#top .hr.av-k363cjsl-1954af1815cd89afcfc4a831f7fe2ab9{\nmargin-top:30px;\nmargin-bottom:30px;\n}\n.hr.av-k363cjsl-1954af1815cd89afcfc4a831f7fe2ab9 .hr-inner{\nwidth:30%;\nborder-color:#e8e8e8;\nmax-width:45%;\n}\n.hr.av-k363cjsl-1954af1815cd89afcfc4a831f7fe2ab9 .av-seperator-icon{\ncolor:#e8e8e8;\n}\n.hr.av-k363cjsl-1954af1815cd89afcfc4a831f7fe2ab9 .av-seperator-icon.avia-svg-icon svg:first-child{\nfill:#e8e8e8;\nstroke:#e8e8e8;\n}\n<\/style>\n<div  class='hr av-k363cjsl-1954af1815cd89afcfc4a831f7fe2ab9 hr-custom  avia-builder-el-6  el_after_av_textblock  el_before_av_textblock  hr-center hr-icon-yes'><span class='hr-inner inner-border-av-border-thin'><span class=\"hr-inner-style\"><\/span><\/span><span class='av-seperator-icon avia-iconfont avia-font-entypo-fontello' data-av_icon='\ue898' data-av_iconfont='entypo-fontello' ><\/span><span class='hr-inner inner-border-av-border-thin'><span class=\"hr-inner-style\"><\/span><\/span><\/div><br \/>\n<section  class='av_textblock_section av-k3ebj9xh-e41d0b73d1ff0648d95f3ac70995ff20 '   itemscope=\"itemscope\" itemtype=\"https:\/\/schema.org\/CreativeWork\" ><div class='avia_textblock'  itemprop=\"text\" ><h3>OSG EX-CELL-O GmbH:<\/h3>\n<p>&#13;<br \/>\nLe c\u0153ur de notre orientation commerciale comprend le formage dans la masse de cannelures, de filetages, de rainures d&rsquo;huile, de molettes ou d&rsquo;autres formes similaires sur des composants cylindriques.&#13;<br \/>\n&#13;<br \/>\nNous nous consid\u00e9rons comme le partenaire technologique de nos clients et nous nous d\u00e9veloppons de mani\u00e8re cibl\u00e9e vers les solutions de fabrication les plus innovantes.  Notre \u00e9quipe est compos\u00e9e d&rsquo;experts en technologie bien form\u00e9s, ayant en moyenne 15 ans d&rsquo;experience dans la technolgie du roulage&#13;<br \/>\n&#13;<br \/>\nNotre portefeuille de produits comprend des machines de laminage de cannelures CNC de pointe, des r\u00e9\u00e9quipements et des mises \u00e0 niveau sur des machines existantes \u00e9galement. En outre, des outils de laminage de haute pr\u00e9cision, des prototypes et des productions de petite s\u00e9rie aussi bien que du service client sont au coeur de notre m\u00e9tier.&#13;<br \/>\n&#13;<br \/>\nAu sein du groupe OSG, nous faisons partie de la division de la technologie de formage avec des sites de production au Japon, en Cor\u00e9e, en Chine, \u00e0 Taiwan, en Inde, en Tha\u00eflande, aux \u00c9tats-Unis, au Mexique et en Allemagne.<\/p>\n<\/div><\/section><\/p><\/div>\n<style type=\"text\/css\" data-created_by=\"avia_inline_auto\" id=\"style-css-av-7nzzw-47ef4b95d16ddc52afc9d03e4ee84fbc\">\n.flex_column.av-7nzzw-47ef4b95d16ddc52afc9d03e4ee84fbc{\nborder-radius:0px 0px 0px 0px;\npadding:0px 0px 0px 0px;\n}\n<\/style>\n<div  class='flex_column av-7nzzw-47ef4b95d16ddc52afc9d03e4ee84fbc av_one_third  avia-builder-el-8  el_after_av_two_third  avia-builder-el-last  flex_column_div av-animated-generic bottom-to-top av-zero-column-padding  '     ><style type=\"text\/css\" data-created_by=\"avia_inline_auto\" id=\"style-css-av-k3ebmw4j-940874c4720855e3e46c2b110f077e7d\">\n.avia-image-container.av-k3ebmw4j-940874c4720855e3e46c2b110f077e7d img.avia_image{\nbox-shadow:none;\n}\n.avia-image-container.av-k3ebmw4j-940874c4720855e3e46c2b110f077e7d .av-image-caption-overlay-center{\ncolor:#ffffff;\n}\n<\/style>\n<div  class='avia-image-container av-k3ebmw4j-940874c4720855e3e46c2b110f077e7d av-styling- av-hover-grow av-hide-overflow av-img-linked avia-align-center  avia-builder-el-9  avia-builder-el-no-sibling '   itemprop=\"image\" itemscope=\"itemscope\" itemtype=\"https:\/\/schema.org\/ImageObject\" ><div class=\"avia-image-container-inner\"><div class=\"avia-image-overlay-wrap\"><a href=\"https:\/\/osg-excello.com\/wp-content\/uploads\/2019\/11\/unternehmensvorstellung_150413_XK_Welle_DSC_5920-1.jpg\" data-srcset=\"https:\/\/osg-excello.com\/wp-content\/uploads\/2019\/11\/unternehmensvorstellung_150413_XK_Welle_DSC_5920-1.jpg 1280w, https:\/\/osg-excello.com\/wp-content\/uploads\/2019\/11\/unternehmensvorstellung_150413_XK_Welle_DSC_5920-1-768x512.jpg 768w, https:\/\/osg-excello.com\/wp-content\/uploads\/2019\/11\/unternehmensvorstellung_150413_XK_Welle_DSC_5920-1-705x470.jpg 705w\" data-sizes=\"(max-width: 1280px) 100vw, 1280px\" class='avia_image '  aria-label='unternehmensvorstellung_150413_XK_Welle_DSC_5920-1'><img decoding=\"async\" fetchpriority=\"high\" class='wp-image-1447 avia-img-lazy-loading-not-1447 avia_image ' src=\"https:\/\/osg-excello.com\/wp-content\/uploads\/2019\/11\/unternehmensvorstellung_150413_XK_Welle_DSC_5920-1.jpg\" alt='' title='unternehmensvorstellung_150413_XK_Welle_DSC_5920-1'  height=\"853\" width=\"1280\"  itemprop=\"thumbnailUrl\" srcset=\"https:\/\/osg-excello.com\/wp-content\/uploads\/2019\/11\/unternehmensvorstellung_150413_XK_Welle_DSC_5920-1.jpg 1280w, https:\/\/osg-excello.com\/wp-content\/uploads\/2019\/11\/unternehmensvorstellung_150413_XK_Welle_DSC_5920-1-768x512.jpg 768w, https:\/\/osg-excello.com\/wp-content\/uploads\/2019\/11\/unternehmensvorstellung_150413_XK_Welle_DSC_5920-1-705x470.jpg 705w\" sizes=\"(max-width: 1280px) 100vw, 1280px\" \/><\/a><\/div><\/div><\/div><\/div><\/div><\/div><\/div><!-- close content main div --><\/div><\/div><div id='after_section_1'  class='main_color av_default_container_wrap container_wrap sidebar_right'  ><div class='container av-section-cont-open' ><div class='template-page content  av-content-small alpha units'><div class='post-entry post-entry-type-page post-entry-1443'><div class='entry-content-wrapper clearfix'>\n","protected":false},"excerpt":{"rendered":"","protected":false},"author":1,"featured_media":0,"parent":1448,"menu_order":10,"comment_status":"closed","ping_status":"closed","template":"","meta":{"footnotes":""},"class_list":["post-1443","page","type-page","status-publish","hentry"],"yoast_head":"<!-- This site is optimized with the Yoast SEO plugin v27.2 - https:\/\/yoast.com\/product\/yoast-seo-wordpress\/ -->\n<title>Pr\u00e9sentation de l&#039;entreprise - OSG Ex-Cell-O<\/title>\n<meta name=\"robots\" content=\"index, follow, max-snippet:-1, max-image-preview:large, max-video-preview:-1\" \/>\n<link rel=\"canonical\" href=\"https:\/\/osg-excello.com\/fr\/compagnie\/presentation-de-lentreprise\/\" \/>\n<meta property=\"og:locale\" content=\"fr_FR\" \/>\n<meta property=\"og:type\" content=\"article\" \/>\n<meta property=\"og:title\" content=\"Pr\u00e9sentation de l&#039;entreprise - OSG Ex-Cell-O\" \/>\n<meta property=\"og:url\" content=\"https:\/\/osg-excello.com\/fr\/compagnie\/presentation-de-lentreprise\/\" \/>\n<meta property=\"og:site_name\" content=\"OSG Ex-Cell-O\" \/>\n<meta property=\"article:modified_time\" content=\"2021-04-19T05:24:54+00:00\" \/>\n<meta name=\"twitter:card\" content=\"summary_large_image\" \/>\n<meta name=\"twitter:label1\" content=\"Dur\u00e9e de lecture estim\u00e9e\" \/>\n\t<meta name=\"twitter:data1\" content=\"6 minutes\" \/>\n<script type=\"application\/ld+json\" class=\"yoast-schema-graph\">{\"@context\":\"https:\/\/schema.org\",\"@graph\":[{\"@type\":\"WebPage\",\"@id\":\"https:\/\/osg-excello.com\/fr\/compagnie\/presentation-de-lentreprise\/\",\"url\":\"https:\/\/osg-excello.com\/fr\/compagnie\/presentation-de-lentreprise\/\",\"name\":\"Pr\u00e9sentation de l'entreprise - OSG Ex-Cell-O\",\"isPartOf\":{\"@id\":\"https:\/\/osg-excello.com\/fr\/#website\"},\"datePublished\":\"2019-11-19T13:13:56+00:00\",\"dateModified\":\"2021-04-19T05:24:54+00:00\",\"breadcrumb\":{\"@id\":\"https:\/\/osg-excello.com\/fr\/compagnie\/presentation-de-lentreprise\/#breadcrumb\"},\"inLanguage\":\"fr-FR\",\"potentialAction\":[{\"@type\":\"ReadAction\",\"target\":[\"https:\/\/osg-excello.com\/fr\/compagnie\/presentation-de-lentreprise\/\"]}]},{\"@type\":\"BreadcrumbList\",\"@id\":\"https:\/\/osg-excello.com\/fr\/compagnie\/presentation-de-lentreprise\/#breadcrumb\",\"itemListElement\":[{\"@type\":\"ListItem\",\"position\":1,\"name\":\"Startseite\",\"item\":\"https:\/\/osg-excello.com\/fr\/\"},{\"@type\":\"ListItem\",\"position\":2,\"name\":\"COMPAGNIE\",\"item\":\"https:\/\/osg-excello.com\/fr\/\"},{\"@type\":\"ListItem\",\"position\":3,\"name\":\"Pr\u00e9sentation de l&rsquo;entreprise\"}]},{\"@type\":\"WebSite\",\"@id\":\"https:\/\/osg-excello.com\/fr\/#website\",\"url\":\"https:\/\/osg-excello.com\/fr\/\",\"name\":\"OSG Ex-Cell-O\",\"description\":\"\",\"publisher\":{\"@id\":\"https:\/\/osg-excello.com\/fr\/#organization\"},\"potentialAction\":[{\"@type\":\"SearchAction\",\"target\":{\"@type\":\"EntryPoint\",\"urlTemplate\":\"https:\/\/osg-excello.com\/fr\/?s={search_term_string}\"},\"query-input\":{\"@type\":\"PropertyValueSpecification\",\"valueRequired\":true,\"valueName\":\"search_term_string\"}}],\"inLanguage\":\"fr-FR\"},{\"@type\":\"Organization\",\"@id\":\"https:\/\/osg-excello.com\/fr\/#organization\",\"name\":\"OSG Ex-Cell-O GmbH\",\"url\":\"https:\/\/osg-excello.com\/fr\/\",\"logo\":{\"@type\":\"ImageObject\",\"inLanguage\":\"fr-FR\",\"@id\":\"https:\/\/osg-excello.com\/fr\/#\/schema\/logo\/image\/\",\"url\":\"https:\/\/osg-excello.com\/wp-content\/uploads\/2019\/11\/osg_excello_logo_final-2.png\",\"contentUrl\":\"https:\/\/osg-excello.com\/wp-content\/uploads\/2019\/11\/osg_excello_logo_final-2.png\",\"width\":514,\"height\":236,\"caption\":\"OSG Ex-Cell-O GmbH\"},\"image\":{\"@id\":\"https:\/\/osg-excello.com\/fr\/#\/schema\/logo\/image\/\"}}]}<\/script>\n<!-- \/ Yoast SEO plugin. -->","yoast_head_json":{"title":"Pr\u00e9sentation de l'entreprise - OSG Ex-Cell-O","robots":{"index":"index","follow":"follow","max-snippet":"max-snippet:-1","max-image-preview":"max-image-preview:large","max-video-preview":"max-video-preview:-1"},"canonical":"https:\/\/osg-excello.com\/fr\/compagnie\/presentation-de-lentreprise\/","og_locale":"fr_FR","og_type":"article","og_title":"Pr\u00e9sentation de l'entreprise - OSG Ex-Cell-O","og_url":"https:\/\/osg-excello.com\/fr\/compagnie\/presentation-de-lentreprise\/","og_site_name":"OSG Ex-Cell-O","article_modified_time":"2021-04-19T05:24:54+00:00","twitter_card":"summary_large_image","twitter_misc":{"Dur\u00e9e de lecture estim\u00e9e":"6 minutes"},"schema":{"@context":"https:\/\/schema.org","@graph":[{"@type":"WebPage","@id":"https:\/\/osg-excello.com\/fr\/compagnie\/presentation-de-lentreprise\/","url":"https:\/\/osg-excello.com\/fr\/compagnie\/presentation-de-lentreprise\/","name":"Pr\u00e9sentation de l'entreprise - OSG Ex-Cell-O","isPartOf":{"@id":"https:\/\/osg-excello.com\/fr\/#website"},"datePublished":"2019-11-19T13:13:56+00:00","dateModified":"2021-04-19T05:24:54+00:00","breadcrumb":{"@id":"https:\/\/osg-excello.com\/fr\/compagnie\/presentation-de-lentreprise\/#breadcrumb"},"inLanguage":"fr-FR","potentialAction":[{"@type":"ReadAction","target":["https:\/\/osg-excello.com\/fr\/compagnie\/presentation-de-lentreprise\/"]}]},{"@type":"BreadcrumbList","@id":"https:\/\/osg-excello.com\/fr\/compagnie\/presentation-de-lentreprise\/#breadcrumb","itemListElement":[{"@type":"ListItem","position":1,"name":"Startseite","item":"https:\/\/osg-excello.com\/fr\/"},{"@type":"ListItem","position":2,"name":"COMPAGNIE","item":"https:\/\/osg-excello.com\/fr\/"},{"@type":"ListItem","position":3,"name":"Pr\u00e9sentation de l&rsquo;entreprise"}]},{"@type":"WebSite","@id":"https:\/\/osg-excello.com\/fr\/#website","url":"https:\/\/osg-excello.com\/fr\/","name":"OSG Ex-Cell-O","description":"","publisher":{"@id":"https:\/\/osg-excello.com\/fr\/#organization"},"potentialAction":[{"@type":"SearchAction","target":{"@type":"EntryPoint","urlTemplate":"https:\/\/osg-excello.com\/fr\/?s={search_term_string}"},"query-input":{"@type":"PropertyValueSpecification","valueRequired":true,"valueName":"search_term_string"}}],"inLanguage":"fr-FR"},{"@type":"Organization","@id":"https:\/\/osg-excello.com\/fr\/#organization","name":"OSG Ex-Cell-O GmbH","url":"https:\/\/osg-excello.com\/fr\/","logo":{"@type":"ImageObject","inLanguage":"fr-FR","@id":"https:\/\/osg-excello.com\/fr\/#\/schema\/logo\/image\/","url":"https:\/\/osg-excello.com\/wp-content\/uploads\/2019\/11\/osg_excello_logo_final-2.png","contentUrl":"https:\/\/osg-excello.com\/wp-content\/uploads\/2019\/11\/osg_excello_logo_final-2.png","width":514,"height":236,"caption":"OSG Ex-Cell-O GmbH"},"image":{"@id":"https:\/\/osg-excello.com\/fr\/#\/schema\/logo\/image\/"}}]}},"_links":{"self":[{"href":"https:\/\/osg-excello.com\/fr\/wp-json\/wp\/v2\/pages\/1443","targetHints":{"allow":["GET"]}}],"collection":[{"href":"https:\/\/osg-excello.com\/fr\/wp-json\/wp\/v2\/pages"}],"about":[{"href":"https:\/\/osg-excello.com\/fr\/wp-json\/wp\/v2\/types\/page"}],"author":[{"embeddable":true,"href":"https:\/\/osg-excello.com\/fr\/wp-json\/wp\/v2\/users\/1"}],"replies":[{"embeddable":true,"href":"https:\/\/osg-excello.com\/fr\/wp-json\/wp\/v2\/comments?post=1443"}],"version-history":[{"count":2,"href":"https:\/\/osg-excello.com\/fr\/wp-json\/wp\/v2\/pages\/1443\/revisions"}],"predecessor-version":[{"id":1446,"href":"https:\/\/osg-excello.com\/fr\/wp-json\/wp\/v2\/pages\/1443\/revisions\/1446"}],"up":[{"embeddable":true,"href":"https:\/\/osg-excello.com\/fr\/wp-json\/wp\/v2\/pages\/1448"}],"wp:attachment":[{"href":"https:\/\/osg-excello.com\/fr\/wp-json\/wp\/v2\/media?parent=1443"}],"curies":[{"name":"wp","href":"https:\/\/api.w.org\/{rel}","templated":true}]}}