{"id":1705,"date":"2019-11-19T16:21:55","date_gmt":"2019-11-19T15:21:55","guid":{"rendered":"https:\/\/osg-excello.com\/machines\/xk8-evolution-serie\/"},"modified":"2021-05-11T09:25:09","modified_gmt":"2021-05-11T07:25:09","slug":"serie-xk8-evolution","status":"publish","type":"page","link":"https:\/\/osg-excello.com\/fr\/machines\/serie-xk8-evolution\/","title":{"rendered":"S\u00e9rie XK8 Evolution"},"content":{"rendered":"\n<style type=\"text\/css\" data-created_by=\"avia_inline_auto\" id=\"style-css-av-807no-33a4a38e5e0d5dea70cde682a9dc653a\">\n.flex_column.av-807no-33a4a38e5e0d5dea70cde682a9dc653a{\nborder-radius:0px 0px 0px 0px;\npadding:25px 0px 0px 0px;\n}\n<\/style>\n<div  class='flex_column av-807no-33a4a38e5e0d5dea70cde682a9dc653a av_one_full  avia-builder-el-0  el_before_av_hr  avia-builder-el-first  first flex_column_div  '     ><style type=\"text\/css\" data-created_by=\"avia_inline_auto\" id=\"style-css-av-k3fxp34a-7c8d6e3215edd18b5e67f26dd21a5ac4\">\n#top .av-special-heading.av-k3fxp34a-7c8d6e3215edd18b5e67f26dd21a5ac4{\npadding-bottom:10px;\n}\nbody .av-special-heading.av-k3fxp34a-7c8d6e3215edd18b5e67f26dd21a5ac4 .av-special-heading-tag .heading-char{\nfont-size:25px;\n}\n.av-special-heading.av-k3fxp34a-7c8d6e3215edd18b5e67f26dd21a5ac4 .av-subheading{\nfont-size:15px;\n}\n<\/style>\n<div  class='av-special-heading av-k3fxp34a-7c8d6e3215edd18b5e67f26dd21a5ac4 av-special-heading-h1 blockquote modern-quote modern-centered  avia-builder-el-1  avia-builder-el-no-sibling '><h1 class='av-special-heading-tag '  itemprop=\"headline\"  >S\u00e9rie XK8 Evolution<\/h1><div class=\"special-heading-border\"><div class=\"special-heading-inner-border\"><\/div><\/div><\/div><\/div>\n\n<style type=\"text\/css\" data-created_by=\"avia_inline_auto\" id=\"style-css-av-k363cjsl-6c3a36cc1ad2d24930cc419f13ab6bc6\">\n#top .hr.av-k363cjsl-6c3a36cc1ad2d24930cc419f13ab6bc6{\nmargin-top:0px;\nmargin-bottom:30px;\n}\n.hr.av-k363cjsl-6c3a36cc1ad2d24930cc419f13ab6bc6 .hr-inner{\nwidth:30%;\nborder-color:#e8e8e8;\nmax-width:45%;\n}\n.hr.av-k363cjsl-6c3a36cc1ad2d24930cc419f13ab6bc6 .av-seperator-icon{\ncolor:#e8e8e8;\n}\n.hr.av-k363cjsl-6c3a36cc1ad2d24930cc419f13ab6bc6 .av-seperator-icon.avia-svg-icon svg:first-child{\nfill:#e8e8e8;\nstroke:#e8e8e8;\n}\n<\/style>\n<div  class='hr av-k363cjsl-6c3a36cc1ad2d24930cc419f13ab6bc6 hr-custom  avia-builder-el-2  el_after_av_one_full  el_before_av_section  avia-builder-el-last  hr-center hr-icon-yes'><span class='hr-inner inner-border-av-border-thin'><span class=\"hr-inner-style\"><\/span><\/span><span class='av-seperator-icon avia-iconfont avia-font-entypo-fontello' data-av_icon='\ue898' data-av_iconfont='entypo-fontello' ><\/span><span class='hr-inner inner-border-av-border-thin'><span class=\"hr-inner-style\"><\/span><\/span><\/div>\n<\/div><\/div><\/div><!-- close content main div --><\/div><\/div>\n<style type=\"text\/css\" data-created_by=\"avia_inline_auto\" id=\"style-css-av-k3647wxa-14f501a09e84162727fa6ec184c7a00c\">\n.avia-section.av-k3647wxa-14f501a09e84162727fa6ec184c7a00c{\nmargin-top:0px;\nmargin-bottom:100px;\n}\n<\/style>\n<div id='av_section_1'  class='avia-section av-k3647wxa-14f501a09e84162727fa6ec184c7a00c main_color avia-section-no-padding avia-no-border-styling  avia-builder-el-3  el_after_av_hr  avia-builder-el-last  avia-bg-style-scroll container_wrap sidebar_right'  ><div class='container av-section-cont-open' ><div class='template-page content  av-content-small alpha units'><div class='post-entry post-entry-type-page post-entry-1705'><div class='entry-content-wrapper clearfix'>\n\n<style type=\"text\/css\" data-created_by=\"avia_inline_auto\" id=\"style-css-av-7nzzw-2c1641dce56e8229eb55335a5a6ec76f\">\n.flex_column.av-7nzzw-2c1641dce56e8229eb55335a5a6ec76f{\nborder-radius:0px 0px 0px 0px;\npadding:0px 0px 0px 0px;\n}\n<\/style>\n<div  class='flex_column av-7nzzw-2c1641dce56e8229eb55335a5a6ec76f av_two_third  avia-builder-el-4  el_before_av_one_third  avia-builder-el-first  first flex_column_div av-animated-generic bottom-to-top av-zero-column-padding  '     ><p>\n<style type=\"text\/css\" data-created_by=\"avia_inline_auto\" id=\"style-css-av-k3conupj-dff9f3c5e9ef555766249128eb427653\">\n.avia-image-container.av-k3conupj-dff9f3c5e9ef555766249128eb427653 img.avia_image{\nbox-shadow:none;\n}\n.avia-image-container.av-k3conupj-dff9f3c5e9ef555766249128eb427653 .av-image-caption-overlay-center{\ncolor:#ffffff;\n}\n<\/style>\n<div  class='avia-image-container av-k3conupj-dff9f3c5e9ef555766249128eb427653 av-styling- av-hover-grow av-hide-overflow av-img-linked avia-align-center  avia-builder-el-5  el_before_av_hr  avia-builder-el-first '   itemprop=\"image\" itemscope=\"itemscope\" itemtype=\"https:\/\/schema.org\/ImageObject\" ><div class=\"avia-image-container-inner\"><div class=\"avia-image-overlay-wrap\"><a href=\"https:\/\/osg-excello.com\/wp-content\/uploads\/2019\/11\/maschinen_XK8518E_0049_E.jpg\" data-srcset=\"https:\/\/osg-excello.com\/wp-content\/uploads\/2019\/11\/maschinen_XK8518E_0049_E.jpg 1280w, https:\/\/osg-excello.com\/wp-content\/uploads\/2019\/11\/maschinen_XK8518E_0049_E-768x449.jpg 768w, https:\/\/osg-excello.com\/wp-content\/uploads\/2019\/11\/maschinen_XK8518E_0049_E-705x413.jpg 705w\" data-sizes=\"(max-width: 1280px) 100vw, 1280px\" class='avia_image '  aria-label='maschinen_XK8518E_0049_E'><img decoding=\"async\" fetchpriority=\"high\" class='wp-image-1719 avia-img-lazy-loading-not-1719 avia_image ' src=\"https:\/\/osg-excello.com\/wp-content\/uploads\/2019\/11\/maschinen_XK8518E_0049_E.jpg\" alt='' title='maschinen_XK8518E_0049_E'  height=\"749\" width=\"1280\"  itemprop=\"thumbnailUrl\" srcset=\"https:\/\/osg-excello.com\/wp-content\/uploads\/2019\/11\/maschinen_XK8518E_0049_E.jpg 1280w, https:\/\/osg-excello.com\/wp-content\/uploads\/2019\/11\/maschinen_XK8518E_0049_E-768x449.jpg 768w, https:\/\/osg-excello.com\/wp-content\/uploads\/2019\/11\/maschinen_XK8518E_0049_E-705x413.jpg 705w\" sizes=\"(max-width: 1280px) 100vw, 1280px\" \/><\/a><\/div><\/div><\/div><br \/>\n\n<style type=\"text\/css\" data-created_by=\"avia_inline_auto\" id=\"style-css-av-k3b9kc22-fb179e88a596ca9b3f22021301765415\">\n#top .hr.hr-invisible.av-k3b9kc22-fb179e88a596ca9b3f22021301765415{\nheight:30px;\n}\n<\/style>\n<div  class='hr av-k3b9kc22-fb179e88a596ca9b3f22021301765415 hr-invisible  avia-builder-el-6  el_after_av_image  el_before_av_image '><span class='hr-inner '><span class=\"hr-inner-style\"><\/span><\/span><\/div><br \/>\n\n<style type=\"text\/css\" data-created_by=\"avia_inline_auto\" id=\"style-css-av-k3conupj-7c3afacbc90853902458321de492ee7f\">\n.avia-image-container.av-k3conupj-7c3afacbc90853902458321de492ee7f img.avia_image{\nbox-shadow:none;\n}\n.avia-image-container.av-k3conupj-7c3afacbc90853902458321de492ee7f .av-image-caption-overlay-center{\ncolor:#ffffff;\n}\n<\/style>\n<div  class='avia-image-container av-k3conupj-7c3afacbc90853902458321de492ee7f av-styling- av-hover-grow av-hide-overflow av-img-linked avia-align-left  avia-builder-el-7  el_after_av_hr  el_before_av_image  rowImage50'   itemprop=\"image\" itemscope=\"itemscope\" itemtype=\"https:\/\/schema.org\/ImageObject\" ><div class=\"avia-image-container-inner\"><div class=\"avia-image-overlay-wrap\"><a href=\"https:\/\/osg-excello.com\/wp-content\/uploads\/2019\/11\/maschinen_XK8518E_0309_E.jpg\" data-srcset=\"https:\/\/osg-excello.com\/wp-content\/uploads\/2019\/11\/maschinen_XK8518E_0309_E.jpg 1280w, https:\/\/osg-excello.com\/wp-content\/uploads\/2019\/11\/maschinen_XK8518E_0309_E-768x576.jpg 768w, https:\/\/osg-excello.com\/wp-content\/uploads\/2019\/11\/maschinen_XK8518E_0309_E-705x529.jpg 705w\" data-sizes=\"(max-width: 1280px) 100vw, 1280px\" class='avia_image '  aria-label='maschinen_XK8518E_0309_E'><img decoding=\"async\" fetchpriority=\"high\" class='wp-image-1720 avia-img-lazy-loading-not-1720 avia_image ' src=\"https:\/\/osg-excello.com\/wp-content\/uploads\/2019\/11\/maschinen_XK8518E_0309_E.jpg\" alt='' title='maschinen_XK8518E_0309_E'  height=\"960\" width=\"1280\"  itemprop=\"thumbnailUrl\" srcset=\"https:\/\/osg-excello.com\/wp-content\/uploads\/2019\/11\/maschinen_XK8518E_0309_E.jpg 1280w, https:\/\/osg-excello.com\/wp-content\/uploads\/2019\/11\/maschinen_XK8518E_0309_E-768x576.jpg 768w, https:\/\/osg-excello.com\/wp-content\/uploads\/2019\/11\/maschinen_XK8518E_0309_E-705x529.jpg 705w\" sizes=\"(max-width: 1280px) 100vw, 1280px\" \/><\/a><\/div><\/div><\/div><br \/>\n\n<style type=\"text\/css\" data-created_by=\"avia_inline_auto\" id=\"style-css-av-k3conupj-3a2bbe5837473e177e1fba5e793adf66\">\n.avia-image-container.av-k3conupj-3a2bbe5837473e177e1fba5e793adf66 img.avia_image{\nbox-shadow:none;\n}\n.avia-image-container.av-k3conupj-3a2bbe5837473e177e1fba5e793adf66 .av-image-caption-overlay-center{\ncolor:#ffffff;\n}\n<\/style>\n<div  class='avia-image-container av-k3conupj-3a2bbe5837473e177e1fba5e793adf66 av-styling- av-hover-grow av-hide-overflow av-img-linked avia-align-left  avia-builder-el-8  el_after_av_image  avia-builder-el-last  rowImage50'   itemprop=\"image\" itemscope=\"itemscope\" itemtype=\"https:\/\/schema.org\/ImageObject\" ><div class=\"avia-image-container-inner\"><div class=\"avia-image-overlay-wrap\"><a href=\"https:\/\/osg-excello.com\/wp-content\/uploads\/2019\/11\/maschinen_xk8e_07_XK8518E_0340_B.jpg\" data-srcset=\"https:\/\/osg-excello.com\/wp-content\/uploads\/2019\/11\/maschinen_xk8e_07_XK8518E_0340_B.jpg 1280w, https:\/\/osg-excello.com\/wp-content\/uploads\/2019\/11\/maschinen_xk8e_07_XK8518E_0340_B-768x576.jpg 768w, https:\/\/osg-excello.com\/wp-content\/uploads\/2019\/11\/maschinen_xk8e_07_XK8518E_0340_B-705x529.jpg 705w\" data-sizes=\"(max-width: 1280px) 100vw, 1280px\" class='avia_image '  aria-label='maschinen_xk8e_07_XK8518E_0340_B'><img decoding=\"async\" fetchpriority=\"high\" class='wp-image-1706 avia-img-lazy-loading-not-1706 avia_image ' src=\"https:\/\/osg-excello.com\/wp-content\/uploads\/2019\/11\/maschinen_xk8e_07_XK8518E_0340_B.jpg\" alt='' title='maschinen_xk8e_07_XK8518E_0340_B'  height=\"960\" width=\"1280\"  itemprop=\"thumbnailUrl\" srcset=\"https:\/\/osg-excello.com\/wp-content\/uploads\/2019\/11\/maschinen_xk8e_07_XK8518E_0340_B.jpg 1280w, https:\/\/osg-excello.com\/wp-content\/uploads\/2019\/11\/maschinen_xk8e_07_XK8518E_0340_B-768x576.jpg 768w, https:\/\/osg-excello.com\/wp-content\/uploads\/2019\/11\/maschinen_xk8e_07_XK8518E_0340_B-705x529.jpg 705w\" sizes=\"(max-width: 1280px) 100vw, 1280px\" \/><\/a><\/div><\/div><\/div><\/p><\/div>\n<style type=\"text\/css\" data-created_by=\"avia_inline_auto\" id=\"style-css-av-7nzzw-47ef4b95d16ddc52afc9d03e4ee84fbc\">\n.flex_column.av-7nzzw-47ef4b95d16ddc52afc9d03e4ee84fbc{\nborder-radius:0px 0px 0px 0px;\npadding:0px 0px 0px 0px;\n}\n<\/style>\n<div  class='flex_column av-7nzzw-47ef4b95d16ddc52afc9d03e4ee84fbc av_one_third  avia-builder-el-9  el_after_av_two_third  avia-builder-el-last  flex_column_div av-animated-generic bottom-to-top av-zero-column-padding  '     ><p>\n<style type=\"text\/css\" data-created_by=\"avia_inline_auto\" id=\"style-css-av-av_heading-c3d900e761f6c62df0c480431bbacc34\">\n#top .av-special-heading.av-av_heading-c3d900e761f6c62df0c480431bbacc34{\npadding-bottom:10px;\n}\nbody .av-special-heading.av-av_heading-c3d900e761f6c62df0c480431bbacc34 .av-special-heading-tag .heading-char{\nfont-size:25px;\n}\n.av-special-heading.av-av_heading-c3d900e761f6c62df0c480431bbacc34 .av-subheading{\nfont-size:15px;\n}\n<\/style>\n<div  class='av-special-heading av-av_heading-c3d900e761f6c62df0c480431bbacc34 av-special-heading-h3  avia-builder-el-10  el_before_av_textblock  avia-builder-el-first '><h3 class='av-special-heading-tag '  itemprop=\"headline\"  >XK 825, XK837, XK 851 (2e\/4e\/6e\/8e)<\/h3><div class=\"special-heading-border\"><div class=\"special-heading-inner-border\"><\/div><\/div><\/div><br \/>\n<section  class='av_textblock_section av-k3a8vy1i-c3eaba6a5673f57b0224f2a8c69b5209 '   itemscope=\"itemscope\" itemtype=\"https:\/\/schema.org\/CreativeWork\" ><div class='avia_textblock'  itemprop=\"text\" ><p>L&rsquo;\u00e9volution pour la prochaine g\u00e9n\u00e9ration. La s\u00e9rie XK8e est pr\u00eate \u00e0 s&rsquo;adapter de fa\u00e7on optimale aux exigences et impressionne par ses caract\u00e9ristiques technologiques de pointe.<\/p>\n<\/div><\/section><br \/>\n\n<style type=\"text\/css\" data-created_by=\"avia_inline_auto\" id=\"style-css-av-av_heading-afc2f38dd52b973d73aad218ed91ea91\">\n#top .av-special-heading.av-av_heading-afc2f38dd52b973d73aad218ed91ea91{\npadding-bottom:10px;\n}\nbody .av-special-heading.av-av_heading-afc2f38dd52b973d73aad218ed91ea91 .av-special-heading-tag .heading-char{\nfont-size:25px;\n}\n.av-special-heading.av-av_heading-afc2f38dd52b973d73aad218ed91ea91 .av-subheading{\nfont-size:15px;\n}\n<\/style>\n<div  class='av-special-heading av-av_heading-afc2f38dd52b973d73aad218ed91ea91 av-special-heading-h3  avia-builder-el-12  el_after_av_textblock  el_before_av_textblock '><h3 class='av-special-heading-tag '  itemprop=\"headline\"  >XK 8xx &#8211; Gamme d\u2019applications<\/h3><div class=\"special-heading-border\"><div class=\"special-heading-inner-border\"><\/div><\/div><\/div><br \/>\n<section  class='av_textblock_section av-k3a8vy1i-1d1c4f3752b626c5c1cf607bd938b70e '   itemscope=\"itemscope\" itemtype=\"https:\/\/schema.org\/CreativeWork\" ><div class='avia_textblock'  itemprop=\"text\" ><ul>\n<li>Arbres de transmission pour voitures particuli\u00e8res<\/li>\n<li>Essieux de voitures particuli\u00e8res<\/li>\n<li>Arbres de moteurs \u00e9lectriques<\/li>\n<li>Production efficace de petits lots<\/li>\n<\/ul>\n<\/div><\/section><br \/>\n\n<style type=\"text\/css\" data-created_by=\"avia_inline_auto\" id=\"style-css-av-av_heading-6aeb09a1756b321e09893ab1de09cfb5\">\n#top .av-special-heading.av-av_heading-6aeb09a1756b321e09893ab1de09cfb5{\npadding-bottom:10px;\n}\nbody .av-special-heading.av-av_heading-6aeb09a1756b321e09893ab1de09cfb5 .av-special-heading-tag .heading-char{\nfont-size:25px;\n}\n.av-special-heading.av-av_heading-6aeb09a1756b321e09893ab1de09cfb5 .av-subheading{\nfont-size:15px;\n}\n<\/style>\n<div  class='av-special-heading av-av_heading-6aeb09a1756b321e09893ab1de09cfb5 av-special-heading-h3  avia-builder-el-14  el_after_av_textblock  el_before_av_textblock '><h3 class='av-special-heading-tag '  itemprop=\"headline\"  >Faits marquants<\/h3><div class=\"special-heading-border\"><div class=\"special-heading-inner-border\"><\/div><\/div><\/div><br \/>\n<section  class='av_textblock_section av-k3a8vy1i-1d1c4f3752b626c5c1cf607bd938b70e '   itemscope=\"itemscope\" itemtype=\"https:\/\/schema.org\/CreativeWork\" ><div class='avia_textblock'  itemprop=\"text\" ><ul>\n<li>Disponible en option comme machine \u00e0 2, 4, 6 ou 8 axes<\/li>\n<li>CNC-Contr\u00f4le des axes pour g\u00e9rer les cong\u00e9s de cannelure dus aux \u00e9carts axiaux de flux de mati\u00e8re ou aux \u00e9carts de traitement thermique<\/li>\n<li>Grande vari\u00e9t\u00e9 de pi\u00e8ces et d&rsquo;outils gr\u00e2ce \u00e0 une plus grande vari\u00e9t\u00e9 d&rsquo;ouverture de machines : 5,5&Prime;- 8,0&Prime; dans une machine.<\/li>\n<li>Dernier contr\u00f4le de FANUC avec IHM \u00e0 \u00e9cran tactile.<\/li>\n<li>Commande de machine en option SIEMENS 840D SL<\/li>\n<li>Augmentation des taux d&rsquo;alimentation horizontaux et verticaux<\/li>\n<li>R\u00e9duction de l&rsquo;espace au sol<\/li>\n<\/ul>\n<\/div><\/section><\/p><\/div><\/div><\/div><\/div><!-- close content main div --><\/div><\/div><div id='after_section_1'  class='main_color av_default_container_wrap container_wrap sidebar_right'  ><div class='container av-section-cont-open' ><div class='template-page content  av-content-small alpha units'><div class='post-entry post-entry-type-page post-entry-1705'><div class='entry-content-wrapper clearfix'>\n","protected":false},"excerpt":{"rendered":"","protected":false},"author":1,"featured_media":0,"parent":1667,"menu_order":943,"comment_status":"closed","ping_status":"closed","template":"","meta":{"footnotes":""},"class_list":["post-1705","page","type-page","status-publish","hentry"],"yoast_head":"<!-- This site is optimized with the Yoast SEO plugin v27.2 - https:\/\/yoast.com\/product\/yoast-seo-wordpress\/ -->\n<title>S\u00e9rie XK8 Evolution - OSG Ex-Cell-O<\/title>\n<meta name=\"robots\" content=\"index, follow, max-snippet:-1, max-image-preview:large, max-video-preview:-1\" \/>\n<link rel=\"canonical\" href=\"https:\/\/osg-excello.com\/fr\/machines\/serie-xk8-evolution\/\" \/>\n<meta property=\"og:locale\" content=\"fr_FR\" \/>\n<meta property=\"og:type\" content=\"article\" \/>\n<meta property=\"og:title\" content=\"S\u00e9rie XK8 Evolution - OSG Ex-Cell-O\" \/>\n<meta property=\"og:url\" content=\"https:\/\/osg-excello.com\/fr\/machines\/serie-xk8-evolution\/\" \/>\n<meta property=\"og:site_name\" content=\"OSG Ex-Cell-O\" \/>\n<meta property=\"article:modified_time\" content=\"2021-05-11T07:25:09+00:00\" \/>\n<meta name=\"twitter:card\" content=\"summary_large_image\" \/>\n<meta name=\"twitter:label1\" content=\"Dur\u00e9e de lecture estim\u00e9e\" \/>\n\t<meta name=\"twitter:data1\" content=\"3 minutes\" \/>\n<script type=\"application\/ld+json\" class=\"yoast-schema-graph\">{\"@context\":\"https:\/\/schema.org\",\"@graph\":[{\"@type\":\"WebPage\",\"@id\":\"https:\/\/osg-excello.com\/fr\/machines\/serie-xk8-evolution\/\",\"url\":\"https:\/\/osg-excello.com\/fr\/machines\/serie-xk8-evolution\/\",\"name\":\"S\u00e9rie XK8 Evolution - OSG Ex-Cell-O\",\"isPartOf\":{\"@id\":\"https:\/\/osg-excello.com\/fr\/#website\"},\"datePublished\":\"2019-11-19T15:21:55+00:00\",\"dateModified\":\"2021-05-11T07:25:09+00:00\",\"breadcrumb\":{\"@id\":\"https:\/\/osg-excello.com\/fr\/machines\/serie-xk8-evolution\/#breadcrumb\"},\"inLanguage\":\"fr-FR\",\"potentialAction\":[{\"@type\":\"ReadAction\",\"target\":[\"https:\/\/osg-excello.com\/fr\/machines\/serie-xk8-evolution\/\"]}]},{\"@type\":\"BreadcrumbList\",\"@id\":\"https:\/\/osg-excello.com\/fr\/machines\/serie-xk8-evolution\/#breadcrumb\",\"itemListElement\":[{\"@type\":\"ListItem\",\"position\":1,\"name\":\"Startseite\",\"item\":\"https:\/\/osg-excello.com\/fr\/\"},{\"@type\":\"ListItem\",\"position\":2,\"name\":\"Machines\",\"item\":\"https:\/\/osg-excello.com\/fr\/machines\/\"},{\"@type\":\"ListItem\",\"position\":3,\"name\":\"S\u00e9rie XK8 Evolution\"}]},{\"@type\":\"WebSite\",\"@id\":\"https:\/\/osg-excello.com\/fr\/#website\",\"url\":\"https:\/\/osg-excello.com\/fr\/\",\"name\":\"OSG Ex-Cell-O\",\"description\":\"\",\"publisher\":{\"@id\":\"https:\/\/osg-excello.com\/fr\/#organization\"},\"potentialAction\":[{\"@type\":\"SearchAction\",\"target\":{\"@type\":\"EntryPoint\",\"urlTemplate\":\"https:\/\/osg-excello.com\/fr\/?s={search_term_string}\"},\"query-input\":{\"@type\":\"PropertyValueSpecification\",\"valueRequired\":true,\"valueName\":\"search_term_string\"}}],\"inLanguage\":\"fr-FR\"},{\"@type\":\"Organization\",\"@id\":\"https:\/\/osg-excello.com\/fr\/#organization\",\"name\":\"OSG Ex-Cell-O GmbH\",\"url\":\"https:\/\/osg-excello.com\/fr\/\",\"logo\":{\"@type\":\"ImageObject\",\"inLanguage\":\"fr-FR\",\"@id\":\"https:\/\/osg-excello.com\/fr\/#\/schema\/logo\/image\/\",\"url\":\"https:\/\/osg-excello.com\/wp-content\/uploads\/2019\/11\/osg_excello_logo_final-2.png\",\"contentUrl\":\"https:\/\/osg-excello.com\/wp-content\/uploads\/2019\/11\/osg_excello_logo_final-2.png\",\"width\":514,\"height\":236,\"caption\":\"OSG Ex-Cell-O GmbH\"},\"image\":{\"@id\":\"https:\/\/osg-excello.com\/fr\/#\/schema\/logo\/image\/\"}}]}<\/script>\n<!-- \/ Yoast SEO plugin. -->","yoast_head_json":{"title":"S\u00e9rie XK8 Evolution - OSG Ex-Cell-O","robots":{"index":"index","follow":"follow","max-snippet":"max-snippet:-1","max-image-preview":"max-image-preview:large","max-video-preview":"max-video-preview:-1"},"canonical":"https:\/\/osg-excello.com\/fr\/machines\/serie-xk8-evolution\/","og_locale":"fr_FR","og_type":"article","og_title":"S\u00e9rie XK8 Evolution - OSG Ex-Cell-O","og_url":"https:\/\/osg-excello.com\/fr\/machines\/serie-xk8-evolution\/","og_site_name":"OSG Ex-Cell-O","article_modified_time":"2021-05-11T07:25:09+00:00","twitter_card":"summary_large_image","twitter_misc":{"Dur\u00e9e de lecture estim\u00e9e":"3 minutes"},"schema":{"@context":"https:\/\/schema.org","@graph":[{"@type":"WebPage","@id":"https:\/\/osg-excello.com\/fr\/machines\/serie-xk8-evolution\/","url":"https:\/\/osg-excello.com\/fr\/machines\/serie-xk8-evolution\/","name":"S\u00e9rie XK8 Evolution - OSG Ex-Cell-O","isPartOf":{"@id":"https:\/\/osg-excello.com\/fr\/#website"},"datePublished":"2019-11-19T15:21:55+00:00","dateModified":"2021-05-11T07:25:09+00:00","breadcrumb":{"@id":"https:\/\/osg-excello.com\/fr\/machines\/serie-xk8-evolution\/#breadcrumb"},"inLanguage":"fr-FR","potentialAction":[{"@type":"ReadAction","target":["https:\/\/osg-excello.com\/fr\/machines\/serie-xk8-evolution\/"]}]},{"@type":"BreadcrumbList","@id":"https:\/\/osg-excello.com\/fr\/machines\/serie-xk8-evolution\/#breadcrumb","itemListElement":[{"@type":"ListItem","position":1,"name":"Startseite","item":"https:\/\/osg-excello.com\/fr\/"},{"@type":"ListItem","position":2,"name":"Machines","item":"https:\/\/osg-excello.com\/fr\/machines\/"},{"@type":"ListItem","position":3,"name":"S\u00e9rie XK8 Evolution"}]},{"@type":"WebSite","@id":"https:\/\/osg-excello.com\/fr\/#website","url":"https:\/\/osg-excello.com\/fr\/","name":"OSG Ex-Cell-O","description":"","publisher":{"@id":"https:\/\/osg-excello.com\/fr\/#organization"},"potentialAction":[{"@type":"SearchAction","target":{"@type":"EntryPoint","urlTemplate":"https:\/\/osg-excello.com\/fr\/?s={search_term_string}"},"query-input":{"@type":"PropertyValueSpecification","valueRequired":true,"valueName":"search_term_string"}}],"inLanguage":"fr-FR"},{"@type":"Organization","@id":"https:\/\/osg-excello.com\/fr\/#organization","name":"OSG Ex-Cell-O GmbH","url":"https:\/\/osg-excello.com\/fr\/","logo":{"@type":"ImageObject","inLanguage":"fr-FR","@id":"https:\/\/osg-excello.com\/fr\/#\/schema\/logo\/image\/","url":"https:\/\/osg-excello.com\/wp-content\/uploads\/2019\/11\/osg_excello_logo_final-2.png","contentUrl":"https:\/\/osg-excello.com\/wp-content\/uploads\/2019\/11\/osg_excello_logo_final-2.png","width":514,"height":236,"caption":"OSG Ex-Cell-O GmbH"},"image":{"@id":"https:\/\/osg-excello.com\/fr\/#\/schema\/logo\/image\/"}}]}},"_links":{"self":[{"href":"https:\/\/osg-excello.com\/fr\/wp-json\/wp\/v2\/pages\/1705","targetHints":{"allow":["GET"]}}],"collection":[{"href":"https:\/\/osg-excello.com\/fr\/wp-json\/wp\/v2\/pages"}],"about":[{"href":"https:\/\/osg-excello.com\/fr\/wp-json\/wp\/v2\/types\/page"}],"author":[{"embeddable":true,"href":"https:\/\/osg-excello.com\/fr\/wp-json\/wp\/v2\/users\/1"}],"replies":[{"embeddable":true,"href":"https:\/\/osg-excello.com\/fr\/wp-json\/wp\/v2\/comments?post=1705"}],"version-history":[{"count":10,"href":"https:\/\/osg-excello.com\/fr\/wp-json\/wp\/v2\/pages\/1705\/revisions"}],"predecessor-version":[{"id":1755,"href":"https:\/\/osg-excello.com\/fr\/wp-json\/wp\/v2\/pages\/1705\/revisions\/1755"}],"up":[{"embeddable":true,"href":"https:\/\/osg-excello.com\/fr\/wp-json\/wp\/v2\/pages\/1667"}],"wp:attachment":[{"href":"https:\/\/osg-excello.com\/fr\/wp-json\/wp\/v2\/media?parent=1705"}],"curies":[{"name":"wp","href":"https:\/\/api.w.org\/{rel}","templated":true}]}}