{"id":1806,"date":"2019-11-19T16:21:55","date_gmt":"2019-11-19T15:21:55","guid":{"rendered":"https:\/\/osg-excello.com\/services\/technische-services-ersatzteile\/"},"modified":"2021-05-11T13:15:27","modified_gmt":"2021-05-11T11:15:27","slug":"service-technique-et-pieces-de-rechange","status":"publish","type":"page","link":"https:\/\/osg-excello.com\/fr\/services\/service-technique-et-pieces-de-rechange\/","title":{"rendered":"Service technique et pi\u00e8ces de rechange"},"content":{"rendered":"\n<style type=\"text\/css\" data-created_by=\"avia_inline_auto\" id=\"style-css-av-807no-33a4a38e5e0d5dea70cde682a9dc653a\">\n.flex_column.av-807no-33a4a38e5e0d5dea70cde682a9dc653a{\nborder-radius:0px 0px 0px 0px;\npadding:25px 0px 0px 0px;\n}\n<\/style>\n<div  class='flex_column av-807no-33a4a38e5e0d5dea70cde682a9dc653a av_one_full  avia-builder-el-0  el_before_av_hr  avia-builder-el-first  first flex_column_div  '     ><style type=\"text\/css\" data-created_by=\"avia_inline_auto\" id=\"style-css-av-k3g0t35o-3c57c2826354682dcd11d1a092f55b1e\">\n#top .av-special-heading.av-k3g0t35o-3c57c2826354682dcd11d1a092f55b1e{\npadding-bottom:10px;\n}\nbody .av-special-heading.av-k3g0t35o-3c57c2826354682dcd11d1a092f55b1e .av-special-heading-tag .heading-char{\nfont-size:25px;\n}\n.av-special-heading.av-k3g0t35o-3c57c2826354682dcd11d1a092f55b1e .av-subheading{\nfont-size:15px;\n}\n<\/style>\n<div  class='av-special-heading av-k3g0t35o-3c57c2826354682dcd11d1a092f55b1e av-special-heading-h1 blockquote modern-quote modern-centered  avia-builder-el-1  avia-builder-el-no-sibling '><h1 class='av-special-heading-tag '  itemprop=\"headline\"  >Service technique et pi\u00e8ces de rechange<\/h1><div class=\"special-heading-border\"><div class=\"special-heading-inner-border\"><\/div><\/div><\/div><\/div>\n\n<style type=\"text\/css\" data-created_by=\"avia_inline_auto\" id=\"style-css-av-k363cjsl-6c3a36cc1ad2d24930cc419f13ab6bc6\">\n#top .hr.av-k363cjsl-6c3a36cc1ad2d24930cc419f13ab6bc6{\nmargin-top:0px;\nmargin-bottom:30px;\n}\n.hr.av-k363cjsl-6c3a36cc1ad2d24930cc419f13ab6bc6 .hr-inner{\nwidth:30%;\nborder-color:#e8e8e8;\nmax-width:45%;\n}\n.hr.av-k363cjsl-6c3a36cc1ad2d24930cc419f13ab6bc6 .av-seperator-icon{\ncolor:#e8e8e8;\n}\n.hr.av-k363cjsl-6c3a36cc1ad2d24930cc419f13ab6bc6 .av-seperator-icon.avia-svg-icon svg:first-child{\nfill:#e8e8e8;\nstroke:#e8e8e8;\n}\n<\/style>\n<div  class='hr av-k363cjsl-6c3a36cc1ad2d24930cc419f13ab6bc6 hr-custom  avia-builder-el-2  el_after_av_one_full  el_before_av_section  avia-builder-el-last  hr-center hr-icon-yes'><span class='hr-inner inner-border-av-border-thin'><span class=\"hr-inner-style\"><\/span><\/span><span class='av-seperator-icon avia-iconfont avia-font-entypo-fontello' data-av_icon='\ue898' data-av_iconfont='entypo-fontello' ><\/span><span class='hr-inner inner-border-av-border-thin'><span class=\"hr-inner-style\"><\/span><\/span><\/div>\n<\/div><\/div><\/div><!-- close content main div --><\/div><\/div>\n<style type=\"text\/css\" data-created_by=\"avia_inline_auto\" id=\"style-css-av-k3647wxa-14f501a09e84162727fa6ec184c7a00c\">\n.avia-section.av-k3647wxa-14f501a09e84162727fa6ec184c7a00c{\nmargin-top:0px;\nmargin-bottom:100px;\n}\n<\/style>\n<div id='av_section_1'  class='avia-section av-k3647wxa-14f501a09e84162727fa6ec184c7a00c main_color avia-section-no-padding avia-no-border-styling  avia-builder-el-3  el_after_av_hr  avia-builder-el-last  avia-bg-style-scroll container_wrap sidebar_right'  ><div class='container av-section-cont-open' ><div class='template-page content  av-content-small alpha units'><div class='post-entry post-entry-type-page post-entry-1806'><div class='entry-content-wrapper clearfix'>\n\n<style type=\"text\/css\" data-created_by=\"avia_inline_auto\" id=\"style-css-av-7nzzw-2c1641dce56e8229eb55335a5a6ec76f\">\n.flex_column.av-7nzzw-2c1641dce56e8229eb55335a5a6ec76f{\nborder-radius:0px 0px 0px 0px;\npadding:0px 0px 0px 0px;\n}\n<\/style>\n<div  class='flex_column av-7nzzw-2c1641dce56e8229eb55335a5a6ec76f av_one_third  avia-builder-el-4  el_before_av_one_third  avia-builder-el-first  first flex_column_div av-animated-generic bottom-to-top av-zero-column-padding  '     ><style type=\"text\/css\" data-created_by=\"avia_inline_auto\" id=\"style-css-av-k3iiw2f2-a43bc4283505bd2593b570e0767cb9e8\">\n.avia-image-container.av-k3iiw2f2-a43bc4283505bd2593b570e0767cb9e8 img.avia_image{\nbox-shadow:none;\n}\n.avia-image-container.av-k3iiw2f2-a43bc4283505bd2593b570e0767cb9e8 .av-image-caption-overlay-center{\ncolor:#ffffff;\n}\n<\/style>\n<div  class='avia-image-container av-k3iiw2f2-a43bc4283505bd2593b570e0767cb9e8 av-styling- av-hover-grow av-hide-overflow av-img-linked avia-align-center  avia-builder-el-5  avia-builder-el-no-sibling '   itemprop=\"image\" itemscope=\"itemscope\" itemtype=\"https:\/\/schema.org\/ImageObject\" ><div class=\"avia-image-container-inner\"><div class=\"avia-image-overlay-wrap\"><a href=\"https:\/\/osg-excello.com\/wp-content\/uploads\/2019\/11\/werkzeug_ersatzteil_SAM_3566.jpg\" data-srcset=\"https:\/\/osg-excello.com\/wp-content\/uploads\/2019\/11\/werkzeug_ersatzteil_SAM_3566.jpg 1280w, https:\/\/osg-excello.com\/wp-content\/uploads\/2019\/11\/werkzeug_ersatzteil_SAM_3566-768x512.jpg 768w, https:\/\/osg-excello.com\/wp-content\/uploads\/2019\/11\/werkzeug_ersatzteil_SAM_3566-705x470.jpg 705w\" data-sizes=\"(max-width: 1280px) 100vw, 1280px\" class='avia_image '  aria-label='werkzeug_ersatzteil_SAM_3566'><img decoding=\"async\" fetchpriority=\"high\" class='wp-image-1971 avia-img-lazy-loading-not-1971 avia_image ' src=\"https:\/\/osg-excello.com\/wp-content\/uploads\/2019\/11\/werkzeug_ersatzteil_SAM_3566.jpg\" alt='' title='werkzeug_ersatzteil_SAM_3566'  height=\"853\" width=\"1280\"  itemprop=\"thumbnailUrl\" srcset=\"https:\/\/osg-excello.com\/wp-content\/uploads\/2019\/11\/werkzeug_ersatzteil_SAM_3566.jpg 1280w, https:\/\/osg-excello.com\/wp-content\/uploads\/2019\/11\/werkzeug_ersatzteil_SAM_3566-768x512.jpg 768w, https:\/\/osg-excello.com\/wp-content\/uploads\/2019\/11\/werkzeug_ersatzteil_SAM_3566-705x470.jpg 705w\" sizes=\"(max-width: 1280px) 100vw, 1280px\" \/><\/a><\/div><\/div><\/div><\/div>\n<style type=\"text\/css\" data-created_by=\"avia_inline_auto\" id=\"style-css-av-7nzzw-47ef4b95d16ddc52afc9d03e4ee84fbc\">\n.flex_column.av-7nzzw-47ef4b95d16ddc52afc9d03e4ee84fbc{\nborder-radius:0px 0px 0px 0px;\npadding:0px 0px 0px 0px;\n}\n<\/style>\n<div  class='flex_column av-7nzzw-47ef4b95d16ddc52afc9d03e4ee84fbc av_one_third  avia-builder-el-6  el_after_av_one_third  el_before_av_one_third  flex_column_div av-animated-generic bottom-to-top av-zero-column-padding  '     ><style type=\"text\/css\" data-created_by=\"avia_inline_auto\" id=\"style-css-av-k3iiw2f2-6b8c7201ff6c23558dd38cd9c8cfce8c\">\n.avia-image-container.av-k3iiw2f2-6b8c7201ff6c23558dd38cd9c8cfce8c img.avia_image{\nbox-shadow:none;\n}\n.avia-image-container.av-k3iiw2f2-6b8c7201ff6c23558dd38cd9c8cfce8c .av-image-caption-overlay-center{\ncolor:#ffffff;\n}\n<\/style>\n<div  class='avia-image-container av-k3iiw2f2-6b8c7201ff6c23558dd38cd9c8cfce8c av-styling- av-hover-grow av-hide-overflow av-img-linked avia-align-center  avia-builder-el-7  avia-builder-el-no-sibling '   itemprop=\"image\" itemscope=\"itemscope\" itemtype=\"https:\/\/schema.org\/ImageObject\" ><div class=\"avia-image-container-inner\"><div class=\"avia-image-overlay-wrap\"><a href=\"https:\/\/osg-excello.com\/wp-content\/uploads\/2019\/11\/werkzeug_ersatzteil_SAM_3573.jpg\" data-srcset=\"https:\/\/osg-excello.com\/wp-content\/uploads\/2019\/11\/werkzeug_ersatzteil_SAM_3573.jpg 1280w, https:\/\/osg-excello.com\/wp-content\/uploads\/2019\/11\/werkzeug_ersatzteil_SAM_3573-768x512.jpg 768w, https:\/\/osg-excello.com\/wp-content\/uploads\/2019\/11\/werkzeug_ersatzteil_SAM_3573-705x470.jpg 705w\" data-sizes=\"(max-width: 1280px) 100vw, 1280px\" class='avia_image '  aria-label='werkzeug_ersatzteil_SAM_3573'><img decoding=\"async\" fetchpriority=\"high\" class='wp-image-1972 avia-img-lazy-loading-not-1972 avia_image ' src=\"https:\/\/osg-excello.com\/wp-content\/uploads\/2019\/11\/werkzeug_ersatzteil_SAM_3573.jpg\" alt='' title='werkzeug_ersatzteil_SAM_3573'  height=\"853\" width=\"1280\"  itemprop=\"thumbnailUrl\" srcset=\"https:\/\/osg-excello.com\/wp-content\/uploads\/2019\/11\/werkzeug_ersatzteil_SAM_3573.jpg 1280w, https:\/\/osg-excello.com\/wp-content\/uploads\/2019\/11\/werkzeug_ersatzteil_SAM_3573-768x512.jpg 768w, https:\/\/osg-excello.com\/wp-content\/uploads\/2019\/11\/werkzeug_ersatzteil_SAM_3573-705x470.jpg 705w\" sizes=\"(max-width: 1280px) 100vw, 1280px\" \/><\/a><\/div><\/div><\/div><\/div>\n<style type=\"text\/css\" data-created_by=\"avia_inline_auto\" id=\"style-css-av-7nzzw-47ef4b95d16ddc52afc9d03e4ee84fbc\">\n.flex_column.av-7nzzw-47ef4b95d16ddc52afc9d03e4ee84fbc{\nborder-radius:0px 0px 0px 0px;\npadding:0px 0px 0px 0px;\n}\n<\/style>\n<div  class='flex_column av-7nzzw-47ef4b95d16ddc52afc9d03e4ee84fbc av_one_third  avia-builder-el-8  el_after_av_one_third  avia-builder-el-last  flex_column_div av-animated-generic bottom-to-top av-zero-column-padding  '     ><p>\n<style type=\"text\/css\" data-created_by=\"avia_inline_auto\" id=\"style-css-av-dloxu-be669e11813cd4f72d9774f37ae8946f\">\n#top .av-special-heading.av-dloxu-be669e11813cd4f72d9774f37ae8946f{\npadding-bottom:10px;\n}\nbody .av-special-heading.av-dloxu-be669e11813cd4f72d9774f37ae8946f .av-special-heading-tag .heading-char{\nfont-size:25px;\n}\n.av-special-heading.av-dloxu-be669e11813cd4f72d9774f37ae8946f .av-subheading{\nfont-size:15px;\n}\n<\/style>\n<div  class='av-special-heading av-dloxu-be669e11813cd4f72d9774f37ae8946f av-special-heading-h3  avia-builder-el-9  el_before_av_textblock  avia-builder-el-first '><h3 class='av-special-heading-tag '  itemprop=\"headline\"  >Service technique<\/h3><div class=\"special-heading-border\"><div class=\"special-heading-inner-border\"><\/div><\/div><\/div><br \/>\n<section  class='av_textblock_section av-k3a8vy1i-c3eaba6a5673f57b0224f2a8c69b5209 '   itemscope=\"itemscope\" itemtype=\"https:\/\/schema.org\/CreativeWork\" ><div class='avia_textblock'  itemprop=\"text\" ><p>L&rsquo;\u00e9quipe OSG EX-CELL-O est votre partenaire pour un service client\u00e8le complet sur vos machines de laminage \u00e0 froid. Nous nous occupons de votre nouvelle machine de laminage MAG CNC, ou de votre ancienne EX-CELL-O XK ou ROTOFLO. Nous pouvons \u00e9galement vous aider avec nos connaissances sur les machines d&rsquo;autres fabricants d&rsquo;\u00e9quipements d&rsquo;origine, si vous le souhaitez.<\/p>\n<\/div><\/section><br \/>\n\n<style type=\"text\/css\" data-created_by=\"avia_inline_auto\" id=\"style-css-av-85x3m-0a2c14667dc15c2ba632393396b34af0\">\n#top .av-special-heading.av-85x3m-0a2c14667dc15c2ba632393396b34af0{\npadding-bottom:10px;\n}\nbody .av-special-heading.av-85x3m-0a2c14667dc15c2ba632393396b34af0 .av-special-heading-tag .heading-char{\nfont-size:25px;\n}\n.av-special-heading.av-85x3m-0a2c14667dc15c2ba632393396b34af0 .av-subheading{\nfont-size:15px;\n}\n<\/style>\n<div  class='av-special-heading av-85x3m-0a2c14667dc15c2ba632393396b34af0 av-special-heading-h3  avia-builder-el-11  el_after_av_textblock  el_before_av_textblock '><h3 class='av-special-heading-tag '  itemprop=\"headline\"  >Nos services<\/h3><div class=\"special-heading-border\"><div class=\"special-heading-inner-border\"><\/div><\/div><\/div><br \/>\n<section  class='av_textblock_section av-k3a8vy1i-c3eaba6a5673f57b0224f2a8c69b5209 '   itemscope=\"itemscope\" itemtype=\"https:\/\/schema.org\/CreativeWork\" ><div class='avia_textblock'  itemprop=\"text\" ><ul>\n<li>Inspection des machines<\/li>\n<li>Maintenance <\/li>\n<li>Mise en place de la g\u00e9om\u00e9trie de la machine<\/li>\n<li>Pi\u00e8ces de rechange<\/li>\n<li>Soutien au d\u00e9marrage du processus<\/li>\n<li>Soutien \u00e0 la production<\/li>\n<\/ul>\n<\/div><\/section><\/p><\/div><\/div><\/div><\/div><!-- close content main div --><\/div><\/div><div id='after_section_1'  class='main_color av_default_container_wrap container_wrap sidebar_right'  ><div class='container av-section-cont-open' ><div class='template-page content  av-content-small alpha units'><div class='post-entry post-entry-type-page post-entry-1806'><div class='entry-content-wrapper clearfix'>\n","protected":false},"excerpt":{"rendered":"","protected":false},"author":1,"featured_media":0,"parent":1664,"menu_order":952,"comment_status":"closed","ping_status":"closed","template":"","meta":{"footnotes":""},"class_list":["post-1806","page","type-page","status-publish","hentry"],"yoast_head":"<!-- This site is optimized with the Yoast SEO plugin v27.2 - https:\/\/yoast.com\/product\/yoast-seo-wordpress\/ -->\n<title>Service technique et pi\u00e8ces de rechange - OSG Ex-Cell-O<\/title>\n<meta name=\"robots\" content=\"index, follow, max-snippet:-1, max-image-preview:large, max-video-preview:-1\" \/>\n<link rel=\"canonical\" href=\"https:\/\/osg-excello.com\/fr\/services\/service-technique-et-pieces-de-rechange\/\" \/>\n<meta property=\"og:locale\" content=\"fr_FR\" \/>\n<meta property=\"og:type\" content=\"article\" \/>\n<meta property=\"og:title\" content=\"Service technique et pi\u00e8ces de rechange - OSG Ex-Cell-O\" \/>\n<meta property=\"og:url\" content=\"https:\/\/osg-excello.com\/fr\/services\/service-technique-et-pieces-de-rechange\/\" \/>\n<meta property=\"og:site_name\" content=\"OSG Ex-Cell-O\" \/>\n<meta property=\"article:modified_time\" content=\"2021-05-11T11:15:27+00:00\" \/>\n<meta name=\"twitter:card\" content=\"summary_large_image\" \/>\n<meta name=\"twitter:label1\" content=\"Dur\u00e9e de lecture estim\u00e9e\" \/>\n\t<meta name=\"twitter:data1\" content=\"6 minutes\" \/>\n<script type=\"application\/ld+json\" class=\"yoast-schema-graph\">{\"@context\":\"https:\/\/schema.org\",\"@graph\":[{\"@type\":\"WebPage\",\"@id\":\"https:\/\/osg-excello.com\/fr\/services\/service-technique-et-pieces-de-rechange\/\",\"url\":\"https:\/\/osg-excello.com\/fr\/services\/service-technique-et-pieces-de-rechange\/\",\"name\":\"Service technique et pi\u00e8ces de rechange - OSG Ex-Cell-O\",\"isPartOf\":{\"@id\":\"https:\/\/osg-excello.com\/fr\/#website\"},\"datePublished\":\"2019-11-19T15:21:55+00:00\",\"dateModified\":\"2021-05-11T11:15:27+00:00\",\"breadcrumb\":{\"@id\":\"https:\/\/osg-excello.com\/fr\/services\/service-technique-et-pieces-de-rechange\/#breadcrumb\"},\"inLanguage\":\"fr-FR\",\"potentialAction\":[{\"@type\":\"ReadAction\",\"target\":[\"https:\/\/osg-excello.com\/fr\/services\/service-technique-et-pieces-de-rechange\/\"]}]},{\"@type\":\"BreadcrumbList\",\"@id\":\"https:\/\/osg-excello.com\/fr\/services\/service-technique-et-pieces-de-rechange\/#breadcrumb\",\"itemListElement\":[{\"@type\":\"ListItem\",\"position\":1,\"name\":\"Startseite\",\"item\":\"https:\/\/osg-excello.com\/fr\/\"},{\"@type\":\"ListItem\",\"position\":2,\"name\":\"Services\",\"item\":\"https:\/\/osg-excello.com\/fr\/services\/\"},{\"@type\":\"ListItem\",\"position\":3,\"name\":\"Service technique et pi\u00e8ces de rechange\"}]},{\"@type\":\"WebSite\",\"@id\":\"https:\/\/osg-excello.com\/fr\/#website\",\"url\":\"https:\/\/osg-excello.com\/fr\/\",\"name\":\"OSG Ex-Cell-O\",\"description\":\"\",\"publisher\":{\"@id\":\"https:\/\/osg-excello.com\/fr\/#organization\"},\"potentialAction\":[{\"@type\":\"SearchAction\",\"target\":{\"@type\":\"EntryPoint\",\"urlTemplate\":\"https:\/\/osg-excello.com\/fr\/?s={search_term_string}\"},\"query-input\":{\"@type\":\"PropertyValueSpecification\",\"valueRequired\":true,\"valueName\":\"search_term_string\"}}],\"inLanguage\":\"fr-FR\"},{\"@type\":\"Organization\",\"@id\":\"https:\/\/osg-excello.com\/fr\/#organization\",\"name\":\"OSG Ex-Cell-O GmbH\",\"url\":\"https:\/\/osg-excello.com\/fr\/\",\"logo\":{\"@type\":\"ImageObject\",\"inLanguage\":\"fr-FR\",\"@id\":\"https:\/\/osg-excello.com\/fr\/#\/schema\/logo\/image\/\",\"url\":\"https:\/\/osg-excello.com\/wp-content\/uploads\/2019\/11\/osg_excello_logo_final-2.png\",\"contentUrl\":\"https:\/\/osg-excello.com\/wp-content\/uploads\/2019\/11\/osg_excello_logo_final-2.png\",\"width\":514,\"height\":236,\"caption\":\"OSG Ex-Cell-O GmbH\"},\"image\":{\"@id\":\"https:\/\/osg-excello.com\/fr\/#\/schema\/logo\/image\/\"}}]}<\/script>\n<!-- \/ Yoast SEO plugin. -->","yoast_head_json":{"title":"Service technique et pi\u00e8ces de rechange - OSG Ex-Cell-O","robots":{"index":"index","follow":"follow","max-snippet":"max-snippet:-1","max-image-preview":"max-image-preview:large","max-video-preview":"max-video-preview:-1"},"canonical":"https:\/\/osg-excello.com\/fr\/services\/service-technique-et-pieces-de-rechange\/","og_locale":"fr_FR","og_type":"article","og_title":"Service technique et pi\u00e8ces de rechange - OSG Ex-Cell-O","og_url":"https:\/\/osg-excello.com\/fr\/services\/service-technique-et-pieces-de-rechange\/","og_site_name":"OSG Ex-Cell-O","article_modified_time":"2021-05-11T11:15:27+00:00","twitter_card":"summary_large_image","twitter_misc":{"Dur\u00e9e de lecture estim\u00e9e":"6 minutes"},"schema":{"@context":"https:\/\/schema.org","@graph":[{"@type":"WebPage","@id":"https:\/\/osg-excello.com\/fr\/services\/service-technique-et-pieces-de-rechange\/","url":"https:\/\/osg-excello.com\/fr\/services\/service-technique-et-pieces-de-rechange\/","name":"Service technique et pi\u00e8ces de rechange - OSG Ex-Cell-O","isPartOf":{"@id":"https:\/\/osg-excello.com\/fr\/#website"},"datePublished":"2019-11-19T15:21:55+00:00","dateModified":"2021-05-11T11:15:27+00:00","breadcrumb":{"@id":"https:\/\/osg-excello.com\/fr\/services\/service-technique-et-pieces-de-rechange\/#breadcrumb"},"inLanguage":"fr-FR","potentialAction":[{"@type":"ReadAction","target":["https:\/\/osg-excello.com\/fr\/services\/service-technique-et-pieces-de-rechange\/"]}]},{"@type":"BreadcrumbList","@id":"https:\/\/osg-excello.com\/fr\/services\/service-technique-et-pieces-de-rechange\/#breadcrumb","itemListElement":[{"@type":"ListItem","position":1,"name":"Startseite","item":"https:\/\/osg-excello.com\/fr\/"},{"@type":"ListItem","position":2,"name":"Services","item":"https:\/\/osg-excello.com\/fr\/services\/"},{"@type":"ListItem","position":3,"name":"Service technique et pi\u00e8ces de rechange"}]},{"@type":"WebSite","@id":"https:\/\/osg-excello.com\/fr\/#website","url":"https:\/\/osg-excello.com\/fr\/","name":"OSG Ex-Cell-O","description":"","publisher":{"@id":"https:\/\/osg-excello.com\/fr\/#organization"},"potentialAction":[{"@type":"SearchAction","target":{"@type":"EntryPoint","urlTemplate":"https:\/\/osg-excello.com\/fr\/?s={search_term_string}"},"query-input":{"@type":"PropertyValueSpecification","valueRequired":true,"valueName":"search_term_string"}}],"inLanguage":"fr-FR"},{"@type":"Organization","@id":"https:\/\/osg-excello.com\/fr\/#organization","name":"OSG Ex-Cell-O GmbH","url":"https:\/\/osg-excello.com\/fr\/","logo":{"@type":"ImageObject","inLanguage":"fr-FR","@id":"https:\/\/osg-excello.com\/fr\/#\/schema\/logo\/image\/","url":"https:\/\/osg-excello.com\/wp-content\/uploads\/2019\/11\/osg_excello_logo_final-2.png","contentUrl":"https:\/\/osg-excello.com\/wp-content\/uploads\/2019\/11\/osg_excello_logo_final-2.png","width":514,"height":236,"caption":"OSG Ex-Cell-O GmbH"},"image":{"@id":"https:\/\/osg-excello.com\/fr\/#\/schema\/logo\/image\/"}}]}},"_links":{"self":[{"href":"https:\/\/osg-excello.com\/fr\/wp-json\/wp\/v2\/pages\/1806","targetHints":{"allow":["GET"]}}],"collection":[{"href":"https:\/\/osg-excello.com\/fr\/wp-json\/wp\/v2\/pages"}],"about":[{"href":"https:\/\/osg-excello.com\/fr\/wp-json\/wp\/v2\/types\/page"}],"author":[{"embeddable":true,"href":"https:\/\/osg-excello.com\/fr\/wp-json\/wp\/v2\/users\/1"}],"replies":[{"embeddable":true,"href":"https:\/\/osg-excello.com\/fr\/wp-json\/wp\/v2\/comments?post=1806"}],"version-history":[{"count":9,"href":"https:\/\/osg-excello.com\/fr\/wp-json\/wp\/v2\/pages\/1806\/revisions"}],"predecessor-version":[{"id":1817,"href":"https:\/\/osg-excello.com\/fr\/wp-json\/wp\/v2\/pages\/1806\/revisions\/1817"}],"up":[{"embeddable":true,"href":"https:\/\/osg-excello.com\/fr\/wp-json\/wp\/v2\/pages\/1664"}],"wp:attachment":[{"href":"https:\/\/osg-excello.com\/fr\/wp-json\/wp\/v2\/media?parent=1806"}],"curies":[{"name":"wp","href":"https:\/\/api.w.org\/{rel}","templated":true}]}}