{"id":2054,"date":"2019-11-19T16:09:05","date_gmt":"2019-11-19T15:09:05","guid":{"rendered":"https:\/\/osg-excello.com\/innovations\/hoehere-verzahnungsqualitaet-durch-vorhalten-des-verzugs-aus-der-waermebehandlung\/"},"modified":"2021-05-11T15:23:18","modified_gmt":"2021-05-11T13:23:18","slug":"amelioration-de-la-qualite-des-cannelures-grace-au-prereglage-des-ecarts-de-traitement-thermique","status":"publish","type":"page","link":"https:\/\/osg-excello.com\/fr\/innovations\/amelioration-de-la-qualite-des-cannelures-grace-au-prereglage-des-ecarts-de-traitement-thermique\/","title":{"rendered":"Am\u00e9lioration de la qualit\u00e9 des cannelures gr\u00e2ce au pr\u00e9r\u00e9glage des \u00e9carts de traitement thermique."},"content":{"rendered":"\n<style type=\"text\/css\" data-created_by=\"avia_inline_auto\" id=\"style-css-av-807no-33a4a38e5e0d5dea70cde682a9dc653a\">\n.flex_column.av-807no-33a4a38e5e0d5dea70cde682a9dc653a{\nborder-radius:0px 0px 0px 0px;\npadding:25px 0px 0px 0px;\n}\n<\/style>\n<div  class='flex_column av-807no-33a4a38e5e0d5dea70cde682a9dc653a av_one_full  avia-builder-el-0  el_before_av_hr  avia-builder-el-first  first flex_column_div  '     ><style type=\"text\/css\" data-created_by=\"avia_inline_auto\" id=\"style-css-av-k3edhkkl-5b198d32753ef20bfb0163e1444a9680\">\n#top .av-special-heading.av-k3edhkkl-5b198d32753ef20bfb0163e1444a9680{\npadding-bottom:10px;\n}\nbody .av-special-heading.av-k3edhkkl-5b198d32753ef20bfb0163e1444a9680 .av-special-heading-tag .heading-char{\nfont-size:25px;\n}\n.av-special-heading.av-k3edhkkl-5b198d32753ef20bfb0163e1444a9680 .av-subheading{\nfont-size:15px;\n}\n<\/style>\n<div  class='av-special-heading av-k3edhkkl-5b198d32753ef20bfb0163e1444a9680 av-special-heading-h1 blockquote modern-quote modern-centered  avia-builder-el-1  avia-builder-el-no-sibling '><h1 class='av-special-heading-tag '  itemprop=\"headline\"  >Am\u00e9lioration de la qualit\u00e9 des cannelures gr\u00e2ce au pr\u00e9r\u00e9glage des \u00e9carts de traitement thermique.<\/h1><div class=\"special-heading-border\"><div class=\"special-heading-inner-border\"><\/div><\/div><\/div><\/div>\n<style type=\"text\/css\" data-created_by=\"avia_inline_auto\" id=\"style-css-av-k363cjsl-6c3a36cc1ad2d24930cc419f13ab6bc6\">\n#top .hr.av-k363cjsl-6c3a36cc1ad2d24930cc419f13ab6bc6{\nmargin-top:0px;\nmargin-bottom:30px;\n}\n.hr.av-k363cjsl-6c3a36cc1ad2d24930cc419f13ab6bc6 .hr-inner{\nwidth:30%;\nborder-color:#e8e8e8;\nmax-width:45%;\n}\n.hr.av-k363cjsl-6c3a36cc1ad2d24930cc419f13ab6bc6 .av-seperator-icon{\ncolor:#e8e8e8;\n}\n.hr.av-k363cjsl-6c3a36cc1ad2d24930cc419f13ab6bc6 .av-seperator-icon.avia-svg-icon svg:first-child{\nfill:#e8e8e8;\nstroke:#e8e8e8;\n}\n<\/style>\n<div  class='hr av-k363cjsl-6c3a36cc1ad2d24930cc419f13ab6bc6 hr-custom  avia-builder-el-2  el_after_av_one_full  el_before_av_section  avia-builder-el-last  hr-center hr-icon-yes'><span class='hr-inner inner-border-av-border-thin'><span class=\"hr-inner-style\"><\/span><\/span><span class='av-seperator-icon avia-iconfont avia-font-entypo-fontello' data-av_icon='\ue898' data-av_iconfont='entypo-fontello' ><\/span><span class='hr-inner inner-border-av-border-thin'><span class=\"hr-inner-style\"><\/span><\/span><\/div><\/p>\n<\/div><\/div><\/div><!-- close content main div --><\/div><\/div>\n<style type=\"text\/css\" data-created_by=\"avia_inline_auto\" id=\"style-css-av-k3647wxa-14f501a09e84162727fa6ec184c7a00c\">\n.avia-section.av-k3647wxa-14f501a09e84162727fa6ec184c7a00c{\nmargin-top:0px;\nmargin-bottom:100px;\n}\n<\/style>\n<div id='av_section_1'  class='avia-section av-k3647wxa-14f501a09e84162727fa6ec184c7a00c main_color avia-section-no-padding avia-no-border-styling  avia-builder-el-3  el_after_av_hr  avia-builder-el-last  avia-bg-style-scroll container_wrap sidebar_right'  ><div class='container av-section-cont-open' ><div class='template-page content  av-content-small alpha units'><div class='post-entry post-entry-type-page post-entry-2054'><div class='entry-content-wrapper clearfix'>\n\n<style type=\"text\/css\" data-created_by=\"avia_inline_auto\" id=\"style-css-av-7nzzw-2c1641dce56e8229eb55335a5a6ec76f\">\n.flex_column.av-7nzzw-2c1641dce56e8229eb55335a5a6ec76f{\nborder-radius:0px 0px 0px 0px;\npadding:0px 0px 0px 0px;\n}\n<\/style>\n<div  class='flex_column av-7nzzw-2c1641dce56e8229eb55335a5a6ec76f av_two_third  avia-builder-el-4  el_before_av_one_third  avia-builder-el-first  first flex_column_div av-animated-generic bottom-to-top av-zero-column-padding  '     ><section  class='av_textblock_section av-k3a8vy1i-c3eaba6a5673f57b0224f2a8c69b5209 '   itemscope=\"itemscope\" itemtype=\"https:\/\/schema.org\/CreativeWork\" ><div class='avia_textblock'  itemprop=\"text\" ><p>Involute splines can be produced extremely precisely in the soft process with a wide variety of forming processes. However, distortions occur in the subsequent heat treatment, which lead to significantly lower qualities, or even result in rejects.<\/p>\n<ul>\n<li>The reasons of these delays are mostly different. Variations in material batches, component- or process-related cooling curves, or variations in the inductors have an influence on the hardness distortions in measurement over pins and in the spline taper.<\/li>\n<li>In order to ensure excellent final quality, hardness distortions must be pre corrected in soft process.<\/li>\n<li>Avec notre technologie 8e-axes, la mesure des cotes sur billes et le profil peuvent \u00eatre corrig\u00e9s au micron pr\u00e8s. Ceci guarantie une haute pr\u00e9cision et niveau de qualit\u00e9 des cannelures.<\/li>\n<\/ul>\n<\/div><\/section><\/div>\n<style type=\"text\/css\" data-created_by=\"avia_inline_auto\" id=\"style-css-av-7nzzw-47ef4b95d16ddc52afc9d03e4ee84fbc\">\n.flex_column.av-7nzzw-47ef4b95d16ddc52afc9d03e4ee84fbc{\nborder-radius:0px 0px 0px 0px;\npadding:0px 0px 0px 0px;\n}\n<\/style>\n<div  class='flex_column av-7nzzw-47ef4b95d16ddc52afc9d03e4ee84fbc av_one_third  avia-builder-el-6  el_after_av_two_third  avia-builder-el-last  flex_column_div av-animated-generic bottom-to-top av-zero-column-padding  '     ><div  class='avia-video av-k3ed5wvu-d5e6796499f617abd477fc419d698f9a avia-video-16-9 av-no-preview-image avia-video-load-always avia-video-html5'  itemprop=\"video\" itemtype=\"https:\/\/schema.org\/VideoObject\"  data-original_url='https:\/\/osg-excello.com\/wp-content\/uploads\/2019\/11\/Konizitaet.mp4'><video class='avia_video'    preload=\"auto\"  controls id='player_2054_1108682620_1205985394'><source src='https:\/\/osg-excello.com\/wp-content\/uploads\/2019\/11\/Konizitaet.mp4' type='video\/mp4' \/><\/video><\/div><\/div><\/div><\/div><\/div><!-- close content main div --><\/div><\/div><div id='after_section_1'  class='main_color av_default_container_wrap container_wrap sidebar_right'  ><div class='container av-section-cont-open' ><div class='template-page content  av-content-small alpha units'><div class='post-entry post-entry-type-page post-entry-2054'><div class='entry-content-wrapper clearfix'>\n","protected":false},"excerpt":{"rendered":"","protected":false},"author":1,"featured_media":0,"parent":1619,"menu_order":933,"comment_status":"closed","ping_status":"closed","template":"","meta":{"footnotes":""},"class_list":["post-2054","page","type-page","status-publish","hentry"],"yoast_head":"<!-- This site is optimized with the Yoast SEO plugin v27.2 - https:\/\/yoast.com\/product\/yoast-seo-wordpress\/ -->\n<title>Am\u00e9lioration de la qualit\u00e9 des cannelures gr\u00e2ce au pr\u00e9r\u00e9glage des \u00e9carts de traitement thermique. - OSG Ex-Cell-O<\/title>\n<meta name=\"robots\" content=\"index, follow, max-snippet:-1, max-image-preview:large, max-video-preview:-1\" \/>\n<link rel=\"canonical\" href=\"https:\/\/osg-excello.com\/fr\/innovations\/amelioration-de-la-qualite-des-cannelures-grace-au-prereglage-des-ecarts-de-traitement-thermique\/\" \/>\n<meta property=\"og:locale\" content=\"fr_FR\" \/>\n<meta property=\"og:type\" content=\"article\" \/>\n<meta property=\"og:title\" content=\"Am\u00e9lioration de la qualit\u00e9 des cannelures gr\u00e2ce au pr\u00e9r\u00e9glage des \u00e9carts de traitement thermique. - OSG Ex-Cell-O\" \/>\n<meta property=\"og:url\" content=\"https:\/\/osg-excello.com\/fr\/innovations\/amelioration-de-la-qualite-des-cannelures-grace-au-prereglage-des-ecarts-de-traitement-thermique\/\" \/>\n<meta property=\"og:site_name\" content=\"OSG Ex-Cell-O\" \/>\n<meta property=\"article:modified_time\" content=\"2021-05-11T13:23:18+00:00\" \/>\n<meta name=\"twitter:card\" content=\"summary_large_image\" \/>\n<meta name=\"twitter:label1\" content=\"Dur\u00e9e de lecture estim\u00e9e\" \/>\n\t<meta name=\"twitter:data1\" content=\"2 minutes\" \/>\n<script type=\"application\/ld+json\" class=\"yoast-schema-graph\">{\"@context\":\"https:\/\/schema.org\",\"@graph\":[{\"@type\":\"WebPage\",\"@id\":\"https:\/\/osg-excello.com\/fr\/innovations\/amelioration-de-la-qualite-des-cannelures-grace-au-prereglage-des-ecarts-de-traitement-thermique\/\",\"url\":\"https:\/\/osg-excello.com\/fr\/innovations\/amelioration-de-la-qualite-des-cannelures-grace-au-prereglage-des-ecarts-de-traitement-thermique\/\",\"name\":\"Am\u00e9lioration de la qualit\u00e9 des cannelures gr\u00e2ce au pr\u00e9r\u00e9glage des \u00e9carts de traitement thermique. - OSG Ex-Cell-O\",\"isPartOf\":{\"@id\":\"https:\/\/osg-excello.com\/fr\/#website\"},\"datePublished\":\"2019-11-19T15:09:05+00:00\",\"dateModified\":\"2021-05-11T13:23:18+00:00\",\"breadcrumb\":{\"@id\":\"https:\/\/osg-excello.com\/fr\/innovations\/amelioration-de-la-qualite-des-cannelures-grace-au-prereglage-des-ecarts-de-traitement-thermique\/#breadcrumb\"},\"inLanguage\":\"fr-FR\",\"potentialAction\":[{\"@type\":\"ReadAction\",\"target\":[\"https:\/\/osg-excello.com\/fr\/innovations\/amelioration-de-la-qualite-des-cannelures-grace-au-prereglage-des-ecarts-de-traitement-thermique\/\"]}]},{\"@type\":\"BreadcrumbList\",\"@id\":\"https:\/\/osg-excello.com\/fr\/innovations\/amelioration-de-la-qualite-des-cannelures-grace-au-prereglage-des-ecarts-de-traitement-thermique\/#breadcrumb\",\"itemListElement\":[{\"@type\":\"ListItem\",\"position\":1,\"name\":\"Startseite\",\"item\":\"https:\/\/osg-excello.com\/fr\/\"},{\"@type\":\"ListItem\",\"position\":2,\"name\":\"Innovations\",\"item\":\"https:\/\/osg-excello.com\/fr\/innovations\/\"},{\"@type\":\"ListItem\",\"position\":3,\"name\":\"Am\u00e9lioration de la qualit\u00e9 des cannelures gr\u00e2ce au pr\u00e9r\u00e9glage des \u00e9carts de traitement thermique.\"}]},{\"@type\":\"WebSite\",\"@id\":\"https:\/\/osg-excello.com\/fr\/#website\",\"url\":\"https:\/\/osg-excello.com\/fr\/\",\"name\":\"OSG Ex-Cell-O\",\"description\":\"\",\"publisher\":{\"@id\":\"https:\/\/osg-excello.com\/fr\/#organization\"},\"potentialAction\":[{\"@type\":\"SearchAction\",\"target\":{\"@type\":\"EntryPoint\",\"urlTemplate\":\"https:\/\/osg-excello.com\/fr\/?s={search_term_string}\"},\"query-input\":{\"@type\":\"PropertyValueSpecification\",\"valueRequired\":true,\"valueName\":\"search_term_string\"}}],\"inLanguage\":\"fr-FR\"},{\"@type\":\"Organization\",\"@id\":\"https:\/\/osg-excello.com\/fr\/#organization\",\"name\":\"OSG Ex-Cell-O GmbH\",\"url\":\"https:\/\/osg-excello.com\/fr\/\",\"logo\":{\"@type\":\"ImageObject\",\"inLanguage\":\"fr-FR\",\"@id\":\"https:\/\/osg-excello.com\/fr\/#\/schema\/logo\/image\/\",\"url\":\"https:\/\/osg-excello.com\/wp-content\/uploads\/2019\/11\/osg_excello_logo_final-2.png\",\"contentUrl\":\"https:\/\/osg-excello.com\/wp-content\/uploads\/2019\/11\/osg_excello_logo_final-2.png\",\"width\":514,\"height\":236,\"caption\":\"OSG Ex-Cell-O GmbH\"},\"image\":{\"@id\":\"https:\/\/osg-excello.com\/fr\/#\/schema\/logo\/image\/\"}}]}<\/script>\n<!-- \/ Yoast SEO plugin. -->","yoast_head_json":{"title":"Am\u00e9lioration de la qualit\u00e9 des cannelures gr\u00e2ce au pr\u00e9r\u00e9glage des \u00e9carts de traitement thermique. - OSG Ex-Cell-O","robots":{"index":"index","follow":"follow","max-snippet":"max-snippet:-1","max-image-preview":"max-image-preview:large","max-video-preview":"max-video-preview:-1"},"canonical":"https:\/\/osg-excello.com\/fr\/innovations\/amelioration-de-la-qualite-des-cannelures-grace-au-prereglage-des-ecarts-de-traitement-thermique\/","og_locale":"fr_FR","og_type":"article","og_title":"Am\u00e9lioration de la qualit\u00e9 des cannelures gr\u00e2ce au pr\u00e9r\u00e9glage des \u00e9carts de traitement thermique. - OSG Ex-Cell-O","og_url":"https:\/\/osg-excello.com\/fr\/innovations\/amelioration-de-la-qualite-des-cannelures-grace-au-prereglage-des-ecarts-de-traitement-thermique\/","og_site_name":"OSG Ex-Cell-O","article_modified_time":"2021-05-11T13:23:18+00:00","twitter_card":"summary_large_image","twitter_misc":{"Dur\u00e9e de lecture estim\u00e9e":"2 minutes"},"schema":{"@context":"https:\/\/schema.org","@graph":[{"@type":"WebPage","@id":"https:\/\/osg-excello.com\/fr\/innovations\/amelioration-de-la-qualite-des-cannelures-grace-au-prereglage-des-ecarts-de-traitement-thermique\/","url":"https:\/\/osg-excello.com\/fr\/innovations\/amelioration-de-la-qualite-des-cannelures-grace-au-prereglage-des-ecarts-de-traitement-thermique\/","name":"Am\u00e9lioration de la qualit\u00e9 des cannelures gr\u00e2ce au pr\u00e9r\u00e9glage des \u00e9carts de traitement thermique. - OSG Ex-Cell-O","isPartOf":{"@id":"https:\/\/osg-excello.com\/fr\/#website"},"datePublished":"2019-11-19T15:09:05+00:00","dateModified":"2021-05-11T13:23:18+00:00","breadcrumb":{"@id":"https:\/\/osg-excello.com\/fr\/innovations\/amelioration-de-la-qualite-des-cannelures-grace-au-prereglage-des-ecarts-de-traitement-thermique\/#breadcrumb"},"inLanguage":"fr-FR","potentialAction":[{"@type":"ReadAction","target":["https:\/\/osg-excello.com\/fr\/innovations\/amelioration-de-la-qualite-des-cannelures-grace-au-prereglage-des-ecarts-de-traitement-thermique\/"]}]},{"@type":"BreadcrumbList","@id":"https:\/\/osg-excello.com\/fr\/innovations\/amelioration-de-la-qualite-des-cannelures-grace-au-prereglage-des-ecarts-de-traitement-thermique\/#breadcrumb","itemListElement":[{"@type":"ListItem","position":1,"name":"Startseite","item":"https:\/\/osg-excello.com\/fr\/"},{"@type":"ListItem","position":2,"name":"Innovations","item":"https:\/\/osg-excello.com\/fr\/innovations\/"},{"@type":"ListItem","position":3,"name":"Am\u00e9lioration de la qualit\u00e9 des cannelures gr\u00e2ce au pr\u00e9r\u00e9glage des \u00e9carts de traitement thermique."}]},{"@type":"WebSite","@id":"https:\/\/osg-excello.com\/fr\/#website","url":"https:\/\/osg-excello.com\/fr\/","name":"OSG Ex-Cell-O","description":"","publisher":{"@id":"https:\/\/osg-excello.com\/fr\/#organization"},"potentialAction":[{"@type":"SearchAction","target":{"@type":"EntryPoint","urlTemplate":"https:\/\/osg-excello.com\/fr\/?s={search_term_string}"},"query-input":{"@type":"PropertyValueSpecification","valueRequired":true,"valueName":"search_term_string"}}],"inLanguage":"fr-FR"},{"@type":"Organization","@id":"https:\/\/osg-excello.com\/fr\/#organization","name":"OSG Ex-Cell-O GmbH","url":"https:\/\/osg-excello.com\/fr\/","logo":{"@type":"ImageObject","inLanguage":"fr-FR","@id":"https:\/\/osg-excello.com\/fr\/#\/schema\/logo\/image\/","url":"https:\/\/osg-excello.com\/wp-content\/uploads\/2019\/11\/osg_excello_logo_final-2.png","contentUrl":"https:\/\/osg-excello.com\/wp-content\/uploads\/2019\/11\/osg_excello_logo_final-2.png","width":514,"height":236,"caption":"OSG Ex-Cell-O GmbH"},"image":{"@id":"https:\/\/osg-excello.com\/fr\/#\/schema\/logo\/image\/"}}]}},"_links":{"self":[{"href":"https:\/\/osg-excello.com\/fr\/wp-json\/wp\/v2\/pages\/2054","targetHints":{"allow":["GET"]}}],"collection":[{"href":"https:\/\/osg-excello.com\/fr\/wp-json\/wp\/v2\/pages"}],"about":[{"href":"https:\/\/osg-excello.com\/fr\/wp-json\/wp\/v2\/types\/page"}],"author":[{"embeddable":true,"href":"https:\/\/osg-excello.com\/fr\/wp-json\/wp\/v2\/users\/1"}],"replies":[{"embeddable":true,"href":"https:\/\/osg-excello.com\/fr\/wp-json\/wp\/v2\/comments?post=2054"}],"version-history":[{"count":6,"href":"https:\/\/osg-excello.com\/fr\/wp-json\/wp\/v2\/pages\/2054\/revisions"}],"predecessor-version":[{"id":2062,"href":"https:\/\/osg-excello.com\/fr\/wp-json\/wp\/v2\/pages\/2054\/revisions\/2062"}],"up":[{"embeddable":true,"href":"https:\/\/osg-excello.com\/fr\/wp-json\/wp\/v2\/pages\/1619"}],"wp:attachment":[{"href":"https:\/\/osg-excello.com\/fr\/wp-json\/wp\/v2\/media?parent=2054"}],"curies":[{"name":"wp","href":"https:\/\/api.w.org\/{rel}","templated":true}]}}