{"id":2081,"date":"2019-11-19T16:09:05","date_gmt":"2019-11-19T15:09:05","guid":{"rendered":"https:\/\/osg-excello.com\/innovations\/probleme-beim-fuegen-der-passverzahnungen-hier-gehts-zur-loesung\/"},"modified":"2021-05-11T15:34:36","modified_gmt":"2021-05-11T13:34:36","slug":"probleme-beim-fuegen-der-passverzahnungen-hier-gehts-zur-loesung","status":"publish","type":"page","link":"https:\/\/osg-excello.com\/fr\/innovations\/probleme-beim-fuegen-der-passverzahnungen-hier-gehts-zur-loesung\/","title":{"rendered":"Des probl\u00e8mes d&rsquo;assemblage de cannelures ? D\u00e9couvrez nos solutions."},"content":{"rendered":"\n<style type=\"text\/css\" data-created_by=\"avia_inline_auto\" id=\"style-css-av-807no-33a4a38e5e0d5dea70cde682a9dc653a\">\n.flex_column.av-807no-33a4a38e5e0d5dea70cde682a9dc653a{\nborder-radius:0px 0px 0px 0px;\npadding:25px 0px 0px 0px;\n}\n<\/style>\n<div  class='flex_column av-807no-33a4a38e5e0d5dea70cde682a9dc653a av_one_full  avia-builder-el-0  el_before_av_hr  avia-builder-el-first  first flex_column_div  '     ><style type=\"text\/css\" data-created_by=\"avia_inline_auto\" id=\"style-css-av-k3eemauz-9484d9a22cbdb7627414bd00c11fffad\">\n#top .av-special-heading.av-k3eemauz-9484d9a22cbdb7627414bd00c11fffad{\npadding-bottom:10px;\n}\nbody .av-special-heading.av-k3eemauz-9484d9a22cbdb7627414bd00c11fffad .av-special-heading-tag .heading-char{\nfont-size:25px;\n}\n.av-special-heading.av-k3eemauz-9484d9a22cbdb7627414bd00c11fffad .av-subheading{\nfont-size:15px;\n}\n<\/style>\n<div  class='av-special-heading av-k3eemauz-9484d9a22cbdb7627414bd00c11fffad av-special-heading-h1 blockquote modern-quote modern-centered  avia-builder-el-1  avia-builder-el-no-sibling '><h1 class='av-special-heading-tag '  itemprop=\"headline\"  >Des probl\u00e8mes d\u2019assemblage de cannelures ? D\u00e9couvrez nos solutions.<\/h1><div class=\"special-heading-border\"><div class=\"special-heading-inner-border\"><\/div><\/div><\/div><\/div>\n<style type=\"text\/css\" data-created_by=\"avia_inline_auto\" id=\"style-css-av-k363cjsl-6c3a36cc1ad2d24930cc419f13ab6bc6\">\n#top .hr.av-k363cjsl-6c3a36cc1ad2d24930cc419f13ab6bc6{\nmargin-top:0px;\nmargin-bottom:30px;\n}\n.hr.av-k363cjsl-6c3a36cc1ad2d24930cc419f13ab6bc6 .hr-inner{\nwidth:30%;\nborder-color:#e8e8e8;\nmax-width:45%;\n}\n.hr.av-k363cjsl-6c3a36cc1ad2d24930cc419f13ab6bc6 .av-seperator-icon{\ncolor:#e8e8e8;\n}\n.hr.av-k363cjsl-6c3a36cc1ad2d24930cc419f13ab6bc6 .av-seperator-icon.avia-svg-icon svg:first-child{\nfill:#e8e8e8;\nstroke:#e8e8e8;\n}\n<\/style>\n<div  class='hr av-k363cjsl-6c3a36cc1ad2d24930cc419f13ab6bc6 hr-custom  avia-builder-el-2  el_after_av_one_full  el_before_av_section  avia-builder-el-last  hr-center hr-icon-yes'><span class='hr-inner inner-border-av-border-thin'><span class=\"hr-inner-style\"><\/span><\/span><span class='av-seperator-icon avia-iconfont avia-font-entypo-fontello' data-av_icon='\ue898' data-av_iconfont='entypo-fontello' ><\/span><span class='hr-inner inner-border-av-border-thin'><span class=\"hr-inner-style\"><\/span><\/span><\/div><\/p>\n<\/div><\/div><\/div><!-- close content main div --><\/div><\/div>\n<style type=\"text\/css\" data-created_by=\"avia_inline_auto\" id=\"style-css-av-k3647wxa-14f501a09e84162727fa6ec184c7a00c\">\n.avia-section.av-k3647wxa-14f501a09e84162727fa6ec184c7a00c{\nmargin-top:0px;\nmargin-bottom:100px;\n}\n<\/style>\n<div id='av_section_1'  class='avia-section av-k3647wxa-14f501a09e84162727fa6ec184c7a00c main_color avia-section-no-padding avia-no-border-styling  avia-builder-el-3  el_after_av_hr  avia-builder-el-last  avia-bg-style-scroll container_wrap sidebar_right'  ><div class='container av-section-cont-open' ><div class='template-page content  av-content-small alpha units'><div class='post-entry post-entry-type-page post-entry-2081'><div class='entry-content-wrapper clearfix'>\n\n<style type=\"text\/css\" data-created_by=\"avia_inline_auto\" id=\"style-css-av-7nzzw-2c1641dce56e8229eb55335a5a6ec76f\">\n.flex_column.av-7nzzw-2c1641dce56e8229eb55335a5a6ec76f{\nborder-radius:0px 0px 0px 0px;\npadding:0px 0px 0px 0px;\n}\n<\/style>\n<div  class='flex_column av-7nzzw-2c1641dce56e8229eb55335a5a6ec76f av_two_third  avia-builder-el-4  el_before_av_one_third  avia-builder-el-first  first flex_column_div av-animated-generic bottom-to-top av-zero-column-padding  '     ><section  class='av_textblock_section av-k3a8vy1i-c3eaba6a5673f57b0224f2a8c69b5209 '   itemscope=\"itemscope\" itemtype=\"https:\/\/schema.org\/CreativeWork\" ><div class='avia_textblock'  itemprop=\"text\" ><p>Afin d&rsquo;obtenir des assemblages sans jeu radial, les cannelures sont con\u00e7ues comme des ajustements serr\u00e9s. L&rsquo;\u00e9paisseur r\u00e9elle des dents est donc plus large que les entredents du moyeu, ce qui rend l&rsquo;assemblage presque impossible.<\/p>\n<p>&#13;<\/p>\n<p>Meme dans les zones d&rsquo;assemblage seuls quelques  \u03bc de jeu sont accept\u00e9s, ce qui rend ces operations d&rsquo;assemblages, ou dans des endroits etroits difficiles.<\/p>\n<p>&#13;<\/p>\n<p> Pour cette op\u00e9ration, nous proposons un outil sp\u00e9cial pour s&rsquo;affranchir de ce probl\u00e8me et rendre l&rsquo;assemblage manuel ou robotis\u00e9 plus simple \u00e0 r\u00e9aliser.<\/p>\n<\/div><\/section><\/div>\n<style type=\"text\/css\" data-created_by=\"avia_inline_auto\" id=\"style-css-av-7nzzw-47ef4b95d16ddc52afc9d03e4ee84fbc\">\n.flex_column.av-7nzzw-47ef4b95d16ddc52afc9d03e4ee84fbc{\nborder-radius:0px 0px 0px 0px;\npadding:0px 0px 0px 0px;\n}\n<\/style>\n<div  class='flex_column av-7nzzw-47ef4b95d16ddc52afc9d03e4ee84fbc av_one_third  avia-builder-el-6  el_after_av_two_third  avia-builder-el-last  flex_column_div av-animated-generic bottom-to-top av-zero-column-padding  '     ><p>\n<style type=\"text\/css\" data-created_by=\"avia_inline_auto\" id=\"style-css-av-k3conupj-0c8c29b8ac0c900855d2606b2cc96370\">\n.avia-image-container.av-k3conupj-0c8c29b8ac0c900855d2606b2cc96370 img.avia_image{\nbox-shadow:none;\n}\n.avia-image-container.av-k3conupj-0c8c29b8ac0c900855d2606b2cc96370 .av-image-caption-overlay-center{\ncolor:#ffffff;\n}\n<\/style>\n<div  class='avia-image-container av-k3conupj-0c8c29b8ac0c900855d2606b2cc96370 av-styling- av-hover-grow av-hide-overflow av-img-linked avia-align-center  avia-builder-el-7  el_before_av_image  avia-builder-el-first '   itemprop=\"image\" itemscope=\"itemscope\" itemtype=\"https:\/\/schema.org\/ImageObject\" ><div class=\"avia-image-container-inner\"><div class=\"avia-image-overlay-wrap\"><a href=\"https:\/\/osg-excello.com\/wp-content\/uploads\/2019\/11\/fuegbarkeit_SAM_3437.jpg\" data-srcset=\"https:\/\/osg-excello.com\/wp-content\/uploads\/2019\/11\/fuegbarkeit_SAM_3437.jpg 1280w, https:\/\/osg-excello.com\/wp-content\/uploads\/2019\/11\/fuegbarkeit_SAM_3437-768x604.jpg 768w, https:\/\/osg-excello.com\/wp-content\/uploads\/2019\/11\/fuegbarkeit_SAM_3437-705x554.jpg 705w\" data-sizes=\"(max-width: 1280px) 100vw, 1280px\" class='avia_image '  aria-label='fuegbarkeit_SAM_3437'><img decoding=\"async\" fetchpriority=\"high\" class='wp-image-2083 avia-img-lazy-loading-not-2083 avia_image ' src=\"https:\/\/osg-excello.com\/wp-content\/uploads\/2019\/11\/fuegbarkeit_SAM_3437.jpg\" alt='' title='fuegbarkeit_SAM_3437'  height=\"1006\" width=\"1280\"  itemprop=\"thumbnailUrl\" srcset=\"https:\/\/osg-excello.com\/wp-content\/uploads\/2019\/11\/fuegbarkeit_SAM_3437.jpg 1280w, https:\/\/osg-excello.com\/wp-content\/uploads\/2019\/11\/fuegbarkeit_SAM_3437-768x604.jpg 768w, https:\/\/osg-excello.com\/wp-content\/uploads\/2019\/11\/fuegbarkeit_SAM_3437-705x554.jpg 705w\" sizes=\"(max-width: 1280px) 100vw, 1280px\" \/><\/a><\/div><\/div><\/div><br \/>\n\n<style type=\"text\/css\" data-created_by=\"avia_inline_auto\" id=\"style-css-av-k3ed5dhl-b458993a1f2415303233607b996262fd\">\n.avia-image-container.av-k3ed5dhl-b458993a1f2415303233607b996262fd img.avia_image{\nbox-shadow:none;\n}\n.avia-image-container.av-k3ed5dhl-b458993a1f2415303233607b996262fd .av-image-caption-overlay-center{\ncolor:#ffffff;\n}\n<\/style>\n<div  class='avia-image-container av-k3ed5dhl-b458993a1f2415303233607b996262fd av-styling- av-hover-grow av-hide-overflow av-img-linked avia-align-center  avia-builder-el-8  el_after_av_image  avia-builder-el-last '   itemprop=\"image\" itemscope=\"itemscope\" itemtype=\"https:\/\/schema.org\/ImageObject\" ><div class=\"avia-image-container-inner\"><div class=\"avia-image-overlay-wrap\"><a href=\"https:\/\/osg-excello.com\/wp-content\/uploads\/2019\/11\/fuegbarkeit_SAM_3404.jpg\" data-srcset=\"https:\/\/osg-excello.com\/wp-content\/uploads\/2019\/11\/fuegbarkeit_SAM_3404.jpg 1280w, https:\/\/osg-excello.com\/wp-content\/uploads\/2019\/11\/fuegbarkeit_SAM_3404-768x536.jpg 768w, https:\/\/osg-excello.com\/wp-content\/uploads\/2019\/11\/fuegbarkeit_SAM_3404-705x492.jpg 705w\" data-sizes=\"(max-width: 1280px) 100vw, 1280px\" class='avia_image '  aria-label='fuegbarkeit_SAM_3404'><img decoding=\"async\" fetchpriority=\"high\" class='wp-image-2082 avia-img-lazy-loading-not-2082 avia_image ' src=\"https:\/\/osg-excello.com\/wp-content\/uploads\/2019\/11\/fuegbarkeit_SAM_3404.jpg\" alt='' title='fuegbarkeit_SAM_3404'  height=\"894\" width=\"1280\"  itemprop=\"thumbnailUrl\" srcset=\"https:\/\/osg-excello.com\/wp-content\/uploads\/2019\/11\/fuegbarkeit_SAM_3404.jpg 1280w, https:\/\/osg-excello.com\/wp-content\/uploads\/2019\/11\/fuegbarkeit_SAM_3404-768x536.jpg 768w, https:\/\/osg-excello.com\/wp-content\/uploads\/2019\/11\/fuegbarkeit_SAM_3404-705x492.jpg 705w\" sizes=\"(max-width: 1280px) 100vw, 1280px\" \/><\/a><\/div><\/div><\/div><\/p><\/div><\/div><\/div><\/div><!-- close content main div --><\/div><\/div><div id='after_section_1'  class='main_color av_default_container_wrap container_wrap sidebar_right'  ><div class='container av-section-cont-open' ><div class='template-page content  av-content-small alpha units'><div class='post-entry post-entry-type-page post-entry-2081'><div class='entry-content-wrapper clearfix'>\n","protected":false},"excerpt":{"rendered":"","protected":false},"author":1,"featured_media":0,"parent":1619,"menu_order":936,"comment_status":"closed","ping_status":"closed","template":"","meta":{"footnotes":""},"class_list":["post-2081","page","type-page","status-publish","hentry"],"yoast_head":"<!-- This site is optimized with the Yoast SEO plugin v27.2 - https:\/\/yoast.com\/product\/yoast-seo-wordpress\/ -->\n<title>Des probl\u00e8mes d&#039;assemblage de cannelures ? D\u00e9couvrez nos solutions. - OSG Ex-Cell-O<\/title>\n<meta name=\"robots\" content=\"index, follow, max-snippet:-1, max-image-preview:large, max-video-preview:-1\" \/>\n<link rel=\"canonical\" href=\"https:\/\/osg-excello.com\/fr\/innovations\/probleme-beim-fuegen-der-passverzahnungen-hier-gehts-zur-loesung\/\" \/>\n<meta property=\"og:locale\" content=\"fr_FR\" \/>\n<meta property=\"og:type\" content=\"article\" \/>\n<meta property=\"og:title\" content=\"Des probl\u00e8mes d&#039;assemblage de cannelures ? D\u00e9couvrez nos solutions. - OSG Ex-Cell-O\" \/>\n<meta property=\"og:url\" content=\"https:\/\/osg-excello.com\/fr\/innovations\/probleme-beim-fuegen-der-passverzahnungen-hier-gehts-zur-loesung\/\" \/>\n<meta property=\"og:site_name\" content=\"OSG Ex-Cell-O\" \/>\n<meta property=\"article:modified_time\" content=\"2021-05-11T13:34:36+00:00\" \/>\n<meta name=\"twitter:card\" content=\"summary_large_image\" \/>\n<meta name=\"twitter:label1\" content=\"Dur\u00e9e de lecture estim\u00e9e\" \/>\n\t<meta name=\"twitter:data1\" content=\"4 minutes\" \/>\n<script type=\"application\/ld+json\" class=\"yoast-schema-graph\">{\"@context\":\"https:\/\/schema.org\",\"@graph\":[{\"@type\":\"WebPage\",\"@id\":\"https:\/\/osg-excello.com\/fr\/innovations\/probleme-beim-fuegen-der-passverzahnungen-hier-gehts-zur-loesung\/\",\"url\":\"https:\/\/osg-excello.com\/fr\/innovations\/probleme-beim-fuegen-der-passverzahnungen-hier-gehts-zur-loesung\/\",\"name\":\"Des probl\u00e8mes d'assemblage de cannelures ? D\u00e9couvrez nos solutions. - OSG Ex-Cell-O\",\"isPartOf\":{\"@id\":\"https:\/\/osg-excello.com\/fr\/#website\"},\"datePublished\":\"2019-11-19T15:09:05+00:00\",\"dateModified\":\"2021-05-11T13:34:36+00:00\",\"breadcrumb\":{\"@id\":\"https:\/\/osg-excello.com\/fr\/innovations\/probleme-beim-fuegen-der-passverzahnungen-hier-gehts-zur-loesung\/#breadcrumb\"},\"inLanguage\":\"fr-FR\",\"potentialAction\":[{\"@type\":\"ReadAction\",\"target\":[\"https:\/\/osg-excello.com\/fr\/innovations\/probleme-beim-fuegen-der-passverzahnungen-hier-gehts-zur-loesung\/\"]}]},{\"@type\":\"BreadcrumbList\",\"@id\":\"https:\/\/osg-excello.com\/fr\/innovations\/probleme-beim-fuegen-der-passverzahnungen-hier-gehts-zur-loesung\/#breadcrumb\",\"itemListElement\":[{\"@type\":\"ListItem\",\"position\":1,\"name\":\"Startseite\",\"item\":\"https:\/\/osg-excello.com\/fr\/\"},{\"@type\":\"ListItem\",\"position\":2,\"name\":\"Innovations\",\"item\":\"https:\/\/osg-excello.com\/fr\/innovations\/\"},{\"@type\":\"ListItem\",\"position\":3,\"name\":\"Des probl\u00e8mes d&rsquo;assemblage de cannelures ? D\u00e9couvrez nos solutions.\"}]},{\"@type\":\"WebSite\",\"@id\":\"https:\/\/osg-excello.com\/fr\/#website\",\"url\":\"https:\/\/osg-excello.com\/fr\/\",\"name\":\"OSG Ex-Cell-O\",\"description\":\"\",\"publisher\":{\"@id\":\"https:\/\/osg-excello.com\/fr\/#organization\"},\"potentialAction\":[{\"@type\":\"SearchAction\",\"target\":{\"@type\":\"EntryPoint\",\"urlTemplate\":\"https:\/\/osg-excello.com\/fr\/?s={search_term_string}\"},\"query-input\":{\"@type\":\"PropertyValueSpecification\",\"valueRequired\":true,\"valueName\":\"search_term_string\"}}],\"inLanguage\":\"fr-FR\"},{\"@type\":\"Organization\",\"@id\":\"https:\/\/osg-excello.com\/fr\/#organization\",\"name\":\"OSG Ex-Cell-O GmbH\",\"url\":\"https:\/\/osg-excello.com\/fr\/\",\"logo\":{\"@type\":\"ImageObject\",\"inLanguage\":\"fr-FR\",\"@id\":\"https:\/\/osg-excello.com\/fr\/#\/schema\/logo\/image\/\",\"url\":\"https:\/\/osg-excello.com\/wp-content\/uploads\/2019\/11\/osg_excello_logo_final-2.png\",\"contentUrl\":\"https:\/\/osg-excello.com\/wp-content\/uploads\/2019\/11\/osg_excello_logo_final-2.png\",\"width\":514,\"height\":236,\"caption\":\"OSG Ex-Cell-O GmbH\"},\"image\":{\"@id\":\"https:\/\/osg-excello.com\/fr\/#\/schema\/logo\/image\/\"}}]}<\/script>\n<!-- \/ Yoast SEO plugin. -->","yoast_head_json":{"title":"Des probl\u00e8mes d'assemblage de cannelures ? D\u00e9couvrez nos solutions. - OSG Ex-Cell-O","robots":{"index":"index","follow":"follow","max-snippet":"max-snippet:-1","max-image-preview":"max-image-preview:large","max-video-preview":"max-video-preview:-1"},"canonical":"https:\/\/osg-excello.com\/fr\/innovations\/probleme-beim-fuegen-der-passverzahnungen-hier-gehts-zur-loesung\/","og_locale":"fr_FR","og_type":"article","og_title":"Des probl\u00e8mes d'assemblage de cannelures ? D\u00e9couvrez nos solutions. - OSG Ex-Cell-O","og_url":"https:\/\/osg-excello.com\/fr\/innovations\/probleme-beim-fuegen-der-passverzahnungen-hier-gehts-zur-loesung\/","og_site_name":"OSG Ex-Cell-O","article_modified_time":"2021-05-11T13:34:36+00:00","twitter_card":"summary_large_image","twitter_misc":{"Dur\u00e9e de lecture estim\u00e9e":"4 minutes"},"schema":{"@context":"https:\/\/schema.org","@graph":[{"@type":"WebPage","@id":"https:\/\/osg-excello.com\/fr\/innovations\/probleme-beim-fuegen-der-passverzahnungen-hier-gehts-zur-loesung\/","url":"https:\/\/osg-excello.com\/fr\/innovations\/probleme-beim-fuegen-der-passverzahnungen-hier-gehts-zur-loesung\/","name":"Des probl\u00e8mes d'assemblage de cannelures ? D\u00e9couvrez nos solutions. - OSG Ex-Cell-O","isPartOf":{"@id":"https:\/\/osg-excello.com\/fr\/#website"},"datePublished":"2019-11-19T15:09:05+00:00","dateModified":"2021-05-11T13:34:36+00:00","breadcrumb":{"@id":"https:\/\/osg-excello.com\/fr\/innovations\/probleme-beim-fuegen-der-passverzahnungen-hier-gehts-zur-loesung\/#breadcrumb"},"inLanguage":"fr-FR","potentialAction":[{"@type":"ReadAction","target":["https:\/\/osg-excello.com\/fr\/innovations\/probleme-beim-fuegen-der-passverzahnungen-hier-gehts-zur-loesung\/"]}]},{"@type":"BreadcrumbList","@id":"https:\/\/osg-excello.com\/fr\/innovations\/probleme-beim-fuegen-der-passverzahnungen-hier-gehts-zur-loesung\/#breadcrumb","itemListElement":[{"@type":"ListItem","position":1,"name":"Startseite","item":"https:\/\/osg-excello.com\/fr\/"},{"@type":"ListItem","position":2,"name":"Innovations","item":"https:\/\/osg-excello.com\/fr\/innovations\/"},{"@type":"ListItem","position":3,"name":"Des probl\u00e8mes d&rsquo;assemblage de cannelures ? D\u00e9couvrez nos solutions."}]},{"@type":"WebSite","@id":"https:\/\/osg-excello.com\/fr\/#website","url":"https:\/\/osg-excello.com\/fr\/","name":"OSG Ex-Cell-O","description":"","publisher":{"@id":"https:\/\/osg-excello.com\/fr\/#organization"},"potentialAction":[{"@type":"SearchAction","target":{"@type":"EntryPoint","urlTemplate":"https:\/\/osg-excello.com\/fr\/?s={search_term_string}"},"query-input":{"@type":"PropertyValueSpecification","valueRequired":true,"valueName":"search_term_string"}}],"inLanguage":"fr-FR"},{"@type":"Organization","@id":"https:\/\/osg-excello.com\/fr\/#organization","name":"OSG Ex-Cell-O GmbH","url":"https:\/\/osg-excello.com\/fr\/","logo":{"@type":"ImageObject","inLanguage":"fr-FR","@id":"https:\/\/osg-excello.com\/fr\/#\/schema\/logo\/image\/","url":"https:\/\/osg-excello.com\/wp-content\/uploads\/2019\/11\/osg_excello_logo_final-2.png","contentUrl":"https:\/\/osg-excello.com\/wp-content\/uploads\/2019\/11\/osg_excello_logo_final-2.png","width":514,"height":236,"caption":"OSG Ex-Cell-O GmbH"},"image":{"@id":"https:\/\/osg-excello.com\/fr\/#\/schema\/logo\/image\/"}}]}},"_links":{"self":[{"href":"https:\/\/osg-excello.com\/fr\/wp-json\/wp\/v2\/pages\/2081","targetHints":{"allow":["GET"]}}],"collection":[{"href":"https:\/\/osg-excello.com\/fr\/wp-json\/wp\/v2\/pages"}],"about":[{"href":"https:\/\/osg-excello.com\/fr\/wp-json\/wp\/v2\/types\/page"}],"author":[{"embeddable":true,"href":"https:\/\/osg-excello.com\/fr\/wp-json\/wp\/v2\/users\/1"}],"replies":[{"embeddable":true,"href":"https:\/\/osg-excello.com\/fr\/wp-json\/wp\/v2\/comments?post=2081"}],"version-history":[{"count":2,"href":"https:\/\/osg-excello.com\/fr\/wp-json\/wp\/v2\/pages\/2081\/revisions"}],"predecessor-version":[{"id":2085,"href":"https:\/\/osg-excello.com\/fr\/wp-json\/wp\/v2\/pages\/2081\/revisions\/2085"}],"up":[{"embeddable":true,"href":"https:\/\/osg-excello.com\/fr\/wp-json\/wp\/v2\/pages\/1619"}],"wp:attachment":[{"href":"https:\/\/osg-excello.com\/fr\/wp-json\/wp\/v2\/media?parent=2081"}],"curies":[{"name":"wp","href":"https:\/\/api.w.org\/{rel}","templated":true}]}}