{"id":3474,"date":"2019-11-19T14:13:56","date_gmt":"2019-11-19T13:13:56","guid":{"rendered":"https:\/\/osg-excello.com\/ceg\/unternehmensvorstellung\/"},"modified":"2021-05-19T07:51:33","modified_gmt":"2021-05-19T05:51:33","slug":"unternehmensvorstellung","status":"publish","type":"page","link":"https:\/\/osg-excello.com\/hu\/ceg\/unternehmensvorstellung\/","title":{"rendered":"A v\u00e1llalat bemutat\u00e1sa"},"content":{"rendered":"\n<style type=\"text\/css\" data-created_by=\"avia_inline_auto\" id=\"style-css-av-807no-33a4a38e5e0d5dea70cde682a9dc653a\">\n.flex_column.av-807no-33a4a38e5e0d5dea70cde682a9dc653a{\nborder-radius:0px 0px 0px 0px;\npadding:25px 0px 0px 0px;\n}\n<\/style>\n<div  class='flex_column av-807no-33a4a38e5e0d5dea70cde682a9dc653a av_one_full  avia-builder-el-0  el_before_av_hr  avia-builder-el-first  first flex_column_div  '     ><style type=\"text\/css\" data-created_by=\"avia_inline_auto\" id=\"style-css-av-k3ebgi0v-7e5b91b4b87ff139a4c29299814b884e\">\n#top .av-special-heading.av-k3ebgi0v-7e5b91b4b87ff139a4c29299814b884e{\npadding-bottom:10px;\n}\nbody .av-special-heading.av-k3ebgi0v-7e5b91b4b87ff139a4c29299814b884e .av-special-heading-tag .heading-char{\nfont-size:25px;\n}\n.av-special-heading.av-k3ebgi0v-7e5b91b4b87ff139a4c29299814b884e .av-subheading{\nfont-size:15px;\n}\n<\/style>\n<div  class='av-special-heading av-k3ebgi0v-7e5b91b4b87ff139a4c29299814b884e av-special-heading-h1 blockquote modern-quote modern-centered  avia-builder-el-1  avia-builder-el-no-sibling '><h1 class='av-special-heading-tag '  itemprop=\"headline\"  >A v\u00e1llalat bemutat\u00e1sa<\/h1><div class=\"special-heading-border\"><div class=\"special-heading-inner-border\"><\/div><\/div><\/div><\/div>\n\n<style type=\"text\/css\" data-created_by=\"avia_inline_auto\" id=\"style-css-av-k363cjsl-6c3a36cc1ad2d24930cc419f13ab6bc6\">\n#top .hr.av-k363cjsl-6c3a36cc1ad2d24930cc419f13ab6bc6{\nmargin-top:0px;\nmargin-bottom:30px;\n}\n.hr.av-k363cjsl-6c3a36cc1ad2d24930cc419f13ab6bc6 .hr-inner{\nwidth:30%;\nborder-color:#e8e8e8;\nmax-width:45%;\n}\n.hr.av-k363cjsl-6c3a36cc1ad2d24930cc419f13ab6bc6 .av-seperator-icon{\ncolor:#e8e8e8;\n}\n.hr.av-k363cjsl-6c3a36cc1ad2d24930cc419f13ab6bc6 .av-seperator-icon.avia-svg-icon svg:first-child{\nfill:#e8e8e8;\nstroke:#e8e8e8;\n}\n<\/style>\n<div  class='hr av-k363cjsl-6c3a36cc1ad2d24930cc419f13ab6bc6 hr-custom  avia-builder-el-2  el_after_av_one_full  el_before_av_section  avia-builder-el-last  hr-center hr-icon-yes'><span class='hr-inner inner-border-av-border-thin'><span class=\"hr-inner-style\"><\/span><\/span><span class='av-seperator-icon avia-iconfont avia-font-entypo-fontello' data-av_icon='\ue898' data-av_iconfont='entypo-fontello' ><\/span><span class='hr-inner inner-border-av-border-thin'><span class=\"hr-inner-style\"><\/span><\/span><\/div>\n<\/div><\/div><\/div><!-- close content main div --><\/div><\/div>\n<style type=\"text\/css\" data-created_by=\"avia_inline_auto\" id=\"style-css-av-k3647wxa-14f501a09e84162727fa6ec184c7a00c\">\n.avia-section.av-k3647wxa-14f501a09e84162727fa6ec184c7a00c{\nmargin-top:0px;\nmargin-bottom:100px;\n}\n<\/style>\n<div id='av_section_1'  class='avia-section av-k3647wxa-14f501a09e84162727fa6ec184c7a00c main_color avia-section-no-padding avia-no-border-styling  avia-builder-el-3  el_after_av_hr  avia-builder-el-last  avia-bg-style-scroll container_wrap sidebar_right'  ><div class='container av-section-cont-open' ><div class='template-page content  av-content-small alpha units'><div class='post-entry post-entry-type-page post-entry-3474'><div class='entry-content-wrapper clearfix'>\n\n<style type=\"text\/css\" data-created_by=\"avia_inline_auto\" id=\"style-css-av-7nzzw-2c1641dce56e8229eb55335a5a6ec76f\">\n.flex_column.av-7nzzw-2c1641dce56e8229eb55335a5a6ec76f{\nborder-radius:0px 0px 0px 0px;\npadding:0px 0px 0px 0px;\n}\n<\/style>\n<div  class='flex_column av-7nzzw-2c1641dce56e8229eb55335a5a6ec76f av_two_third  avia-builder-el-4  el_before_av_one_third  avia-builder-el-first  first flex_column_div av-animated-generic bottom-to-top av-zero-column-padding  '     ><section  class='av_textblock_section av-k3ebj9xh-e41d0b73d1ff0648d95f3ac70995ff20 '   itemscope=\"itemscope\" itemtype=\"https:\/\/schema.org\/CreativeWork\" ><div class='avia_textblock'  itemprop=\"text\" ><h3>OSG Corporation:<\/h3>\n<p>&#13;<br \/>\nAz OSG a vil\u00e1g legnagyobb forg\u00f3 forg\u00e1csol\u00f3 szersz\u00e1mgy\u00e1rt\u00f3 v\u00e1llalata.Az 1938-ban alap\u00edtott v\u00e1llalat sok \u00e9ves tapasztalattal rendelkezik teljes megold\u00e1sok ny\u00fajt\u00e1s\u00e1ban k\u00fcl\u00f6nb\u00f6z\u0151 ipar\u00e1gak sz\u00e1m\u00e1ra.&#13;<br \/>\nAz OSG a forg\u00e1csol\u00f3 szersz\u00e1mok piac\u00e1n tov\u00e1bbra is tartja els\u0151 sz\u00e1m\u00fa poz\u00edci\u00f3j\u00e1t Jap\u00e1nban, vezet\u0151 hely\u00e9t glob\u00e1lisan a gy\u00e1rt\u00e1sban, \u00e9rt\u00e9kes\u00edt\u00e9sben pedig 33 orsz\u00e1gban.&#13;<br \/>\nOSG c\u00e9g\u00fcnk neve \u00e9s v\u00e9djegye:&#13;<br \/>\nAz \u201eO\u201c az OSAWA (c\u00e9galap\u00edt\u00f3ink nev\u00e9nek) r\u00f6vid\u00edt\u00e9se&#13;<br \/>\nAz \u201eS\u201c (angol SCREW sz\u00f3b\u00f3l)jelent\u00e9se CSAVAR&#13;<br \/>\nA \u201eG\u201c (angol GRINDING sz\u00f3b\u00f3l) a K\u00d6SZ\u00d6R\u00dcL\u00c9S-t jelent&#13;<br \/>\n&#13;<br \/>\nAz OSG menetszersz\u00e1mok, mar\u00f3k, f\u00far\u00f3k \u00e9s forg\u00e1csol\u00f3szersz\u00e1mok vezet\u0151 gy\u00e1rt\u00f3ja. Az OSG abszol\u00fat ir\u00e1ny\u00edt\u00e1sa alatt tartja gy\u00e1rt\u00e1s\u00e1t \u00e9s term\u00e9keit. Minden szersz\u00e1m h\u00e1zon bel\u00fcl k\u00e9sz\u00fcl, saj\u00e1t alapanyagb\u00f3l, saj\u00e1t fejleszt\u00e9s\u0171 geometri\u00e1kkal \u00e9s bevonatokkal. Ez a h\u00e1rom \u00f6sszetev\u0151 biztos\u00edtja a kiv\u00e1l\u00f3 szersz\u00e1mot&#13;<br \/>\nAz OSG hidegalak\u00edt\u00f3 szersz\u00e1mokat is k\u00e9sz\u00edt a k\u00f6t\u0151elemipar sz\u00e1m\u00e1ra. A v\u00e1llalat t\u00f6bbf\u00e9le kivitel\u0171 menetalak\u00edt\u00f3 szersz\u00e1mot k\u00edn\u00e1l.<\/p>\n<\/div><\/section><br \/>\n\n<style type=\"text\/css\" data-created_by=\"avia_inline_auto\" id=\"style-css-av-k363cjsl-1954af1815cd89afcfc4a831f7fe2ab9\">\n#top .hr.av-k363cjsl-1954af1815cd89afcfc4a831f7fe2ab9{\nmargin-top:30px;\nmargin-bottom:30px;\n}\n.hr.av-k363cjsl-1954af1815cd89afcfc4a831f7fe2ab9 .hr-inner{\nwidth:30%;\nborder-color:#e8e8e8;\nmax-width:45%;\n}\n.hr.av-k363cjsl-1954af1815cd89afcfc4a831f7fe2ab9 .av-seperator-icon{\ncolor:#e8e8e8;\n}\n.hr.av-k363cjsl-1954af1815cd89afcfc4a831f7fe2ab9 .av-seperator-icon.avia-svg-icon svg:first-child{\nfill:#e8e8e8;\nstroke:#e8e8e8;\n}\n<\/style>\n<div  class='hr av-k363cjsl-1954af1815cd89afcfc4a831f7fe2ab9 hr-custom  avia-builder-el-6  el_after_av_textblock  el_before_av_textblock  hr-center hr-icon-yes'><span class='hr-inner inner-border-av-border-thin'><span class=\"hr-inner-style\"><\/span><\/span><span class='av-seperator-icon avia-iconfont avia-font-entypo-fontello' data-av_icon='\ue898' data-av_iconfont='entypo-fontello' ><\/span><span class='hr-inner inner-border-av-border-thin'><span class=\"hr-inner-style\"><\/span><\/span><\/div><br \/>\n<section  class='av_textblock_section av-k3ebj9xh-e41d0b73d1ff0648d95f3ac70995ff20 '   itemscope=\"itemscope\" itemtype=\"https:\/\/schema.org\/CreativeWork\" ><div class='avia_textblock'  itemprop=\"text\" ><h3>OSG EX-CELL-O GmbH:<\/h3>\n<p>&#13;<br \/>\n\u00dczleti orient\u00e1ci\u00f3nk mag\u00e1ba foglalja a spline-ok, menetek, hornyok, rec\u00e9z\u00e9sek vagy m\u00e1s hasonl\u00f3 hengeres form\u00e1k alkatr\u00e9szeken t\u00f6rt\u00e9n\u0151 kialak\u00edt\u00e1s\u00e1t.&#13;<br \/>\n&#13;<br \/>\n\u00dcgyfeleink technol\u00f3giai partnerek\u00e9nt c\u00e9ltudatosan fejl\u0151d\u00fcnk a leginnovat\u00edvabb gy\u00e1rt\u00e1si megold\u00e1sokkal. Csapatunk j\u00f3l k\u00e9pzett szak\u00e9rt\u0151kb\u0151l \u00e1ll, akiknek \u00e1tlagosan 15 \u00e9ves tapasztalata van a hidegalak\u00edt\u00f3 technol\u00f3gi\u00e1ban.&#13;<br \/>\n&#13;<br \/>\nTerm\u00e9kportf\u00f3li\u00f3nk \u00e9s technol\u00f3gia-orient\u00e1lt \u00fcgyf\u00e9lszolg\u00e1latunk tartalmazza a legkorszer\u0171bb CNC spline m\u00e1ngorl\u00f3g\u00e9peket \u00e9s megl\u00e9v\u0151 g\u00e9pek \u00fajratervez\u00e9s\u00e9t \u00e9s friss\u00edt\u00e9seit. Tov\u00e1bb\u00e1 nagy pontoss\u00e1g\u00fa szersz\u00e1mok, protot\u00edpusok \u00e9s a kis t\u00e9telek gy\u00e1rt\u00e1s\u00e1t is.&#13;<br \/>\n&#13;<br \/>\nAz OSG-csoporton bel\u00fcl r\u00e9szesei vagyunk a hidegalak\u00edt\u00f3 technol\u00f3g\u00e1k r\u00e9szleg\u00e9nek, melynek telephelyei Jap\u00e1nban, Kore\u00e1ban, K\u00edn\u00e1ban, Tajvanon, Indi\u00e1ban, Thaif\u00f6ld\u00f6n, USA-ban, Mexik\u00f3ban \u00e9s N\u00e9metorsz\u00e1gban tal\u00e1lhat\u00f3k.<\/p>\n<\/div><\/section><\/p><\/div>\n<style type=\"text\/css\" data-created_by=\"avia_inline_auto\" id=\"style-css-av-7nzzw-47ef4b95d16ddc52afc9d03e4ee84fbc\">\n.flex_column.av-7nzzw-47ef4b95d16ddc52afc9d03e4ee84fbc{\nborder-radius:0px 0px 0px 0px;\npadding:0px 0px 0px 0px;\n}\n<\/style>\n<div  class='flex_column av-7nzzw-47ef4b95d16ddc52afc9d03e4ee84fbc av_one_third  avia-builder-el-8  el_after_av_two_third  avia-builder-el-last  flex_column_div av-animated-generic bottom-to-top av-zero-column-padding  '     ><style type=\"text\/css\" data-created_by=\"avia_inline_auto\" id=\"style-css-av-k3ebmw4j-f837ee74a9d620b20050c11a383126c4\">\n.avia-image-container.av-k3ebmw4j-f837ee74a9d620b20050c11a383126c4 img.avia_image{\nbox-shadow:none;\n}\n.avia-image-container.av-k3ebmw4j-f837ee74a9d620b20050c11a383126c4 .av-image-caption-overlay-center{\ncolor:#ffffff;\n}\n<\/style>\n<div  class='avia-image-container av-k3ebmw4j-f837ee74a9d620b20050c11a383126c4 av-styling- av-hover-grow av-hide-overflow av-img-linked avia-align-center  avia-builder-el-9  avia-builder-el-no-sibling '   itemprop=\"image\" itemscope=\"itemscope\" itemtype=\"https:\/\/schema.org\/ImageObject\" ><div class=\"avia-image-container-inner\"><div class=\"avia-image-overlay-wrap\"><a href=\"https:\/\/osg-excello.com\/wp-content\/uploads\/2019\/11\/unternehmensvorstellung_150413_XK_Welle_DSC_5920-1.jpg\" data-srcset=\"https:\/\/osg-excello.com\/wp-content\/uploads\/2019\/11\/unternehmensvorstellung_150413_XK_Welle_DSC_5920-1.jpg 1280w, https:\/\/osg-excello.com\/wp-content\/uploads\/2019\/11\/unternehmensvorstellung_150413_XK_Welle_DSC_5920-1-768x512.jpg 768w, https:\/\/osg-excello.com\/wp-content\/uploads\/2019\/11\/unternehmensvorstellung_150413_XK_Welle_DSC_5920-1-705x470.jpg 705w\" data-sizes=\"(max-width: 1280px) 100vw, 1280px\" class='avia_image '  aria-label='unternehmensvorstellung_150413_XK_Welle_DSC_5920-1'><img decoding=\"async\" fetchpriority=\"high\" class='wp-image-3475 avia-img-lazy-loading-not-3475 avia_image ' src=\"https:\/\/osg-excello.com\/wp-content\/uploads\/2019\/11\/unternehmensvorstellung_150413_XK_Welle_DSC_5920-1.jpg\" alt='' title='unternehmensvorstellung_150413_XK_Welle_DSC_5920-1'  height=\"853\" width=\"1280\"  itemprop=\"thumbnailUrl\" srcset=\"https:\/\/osg-excello.com\/wp-content\/uploads\/2019\/11\/unternehmensvorstellung_150413_XK_Welle_DSC_5920-1.jpg 1280w, https:\/\/osg-excello.com\/wp-content\/uploads\/2019\/11\/unternehmensvorstellung_150413_XK_Welle_DSC_5920-1-768x512.jpg 768w, https:\/\/osg-excello.com\/wp-content\/uploads\/2019\/11\/unternehmensvorstellung_150413_XK_Welle_DSC_5920-1-705x470.jpg 705w\" sizes=\"(max-width: 1280px) 100vw, 1280px\" \/><\/a><\/div><\/div><\/div><\/div><\/div><\/div><\/div><!-- close content main div --><\/div><\/div><div id='after_section_1'  class='main_color av_default_container_wrap container_wrap sidebar_right'  ><div class='container av-section-cont-open' ><div class='template-page content  av-content-small alpha units'><div class='post-entry post-entry-type-page post-entry-3474'><div class='entry-content-wrapper clearfix'>\n","protected":false},"excerpt":{"rendered":"","protected":false},"author":1,"featured_media":0,"parent":2111,"menu_order":10,"comment_status":"closed","ping_status":"closed","template":"","meta":{"footnotes":""},"class_list":["post-3474","page","type-page","status-publish","hentry"],"yoast_head":"<!-- This site is optimized with the Yoast SEO plugin v27.2 - https:\/\/yoast.com\/product\/yoast-seo-wordpress\/ -->\n<title>A v\u00e1llalat bemutat\u00e1sa - OSG Ex-Cell-O<\/title>\n<meta name=\"robots\" content=\"index, follow, max-snippet:-1, max-image-preview:large, max-video-preview:-1\" \/>\n<link rel=\"canonical\" href=\"https:\/\/osg-excello.com\/hu\/ceg\/unternehmensvorstellung\/\" \/>\n<meta property=\"og:locale\" content=\"hu_HU\" \/>\n<meta property=\"og:type\" content=\"article\" \/>\n<meta property=\"og:title\" content=\"A v\u00e1llalat bemutat\u00e1sa - OSG Ex-Cell-O\" \/>\n<meta property=\"og:url\" content=\"https:\/\/osg-excello.com\/hu\/ceg\/unternehmensvorstellung\/\" \/>\n<meta property=\"og:site_name\" content=\"OSG Ex-Cell-O\" \/>\n<meta property=\"article:modified_time\" content=\"2021-05-19T05:51:33+00:00\" \/>\n<meta name=\"twitter:card\" content=\"summary_large_image\" \/>\n<meta name=\"twitter:label1\" content=\"Becs\u00fclt olvas\u00e1si id\u0151\" \/>\n\t<meta name=\"twitter:data1\" content=\"6 perc\" \/>\n<script type=\"application\/ld+json\" class=\"yoast-schema-graph\">{\"@context\":\"https:\/\/schema.org\",\"@graph\":[{\"@type\":\"WebPage\",\"@id\":\"https:\/\/osg-excello.com\/hu\/ceg\/unternehmensvorstellung\/\",\"url\":\"https:\/\/osg-excello.com\/hu\/ceg\/unternehmensvorstellung\/\",\"name\":\"A v\u00e1llalat bemutat\u00e1sa - OSG Ex-Cell-O\",\"isPartOf\":{\"@id\":\"https:\/\/osg-excello.com\/hu\/#website\"},\"datePublished\":\"2019-11-19T13:13:56+00:00\",\"dateModified\":\"2021-05-19T05:51:33+00:00\",\"breadcrumb\":{\"@id\":\"https:\/\/osg-excello.com\/hu\/ceg\/unternehmensvorstellung\/#breadcrumb\"},\"inLanguage\":\"hu\",\"potentialAction\":[{\"@type\":\"ReadAction\",\"target\":[\"https:\/\/osg-excello.com\/hu\/ceg\/unternehmensvorstellung\/\"]}]},{\"@type\":\"BreadcrumbList\",\"@id\":\"https:\/\/osg-excello.com\/hu\/ceg\/unternehmensvorstellung\/#breadcrumb\",\"itemListElement\":[{\"@type\":\"ListItem\",\"position\":1,\"name\":\"Startseite\",\"item\":\"https:\/\/osg-excello.com\/hu\/\"},{\"@type\":\"ListItem\",\"position\":2,\"name\":\"C\u00c9G\",\"item\":\"https:\/\/osg-excello.com\/hu\/\"},{\"@type\":\"ListItem\",\"position\":3,\"name\":\"A v\u00e1llalat bemutat\u00e1sa\"}]},{\"@type\":\"WebSite\",\"@id\":\"https:\/\/osg-excello.com\/hu\/#website\",\"url\":\"https:\/\/osg-excello.com\/hu\/\",\"name\":\"OSG Ex-Cell-O\",\"description\":\"\",\"publisher\":{\"@id\":\"https:\/\/osg-excello.com\/hu\/#organization\"},\"potentialAction\":[{\"@type\":\"SearchAction\",\"target\":{\"@type\":\"EntryPoint\",\"urlTemplate\":\"https:\/\/osg-excello.com\/hu\/?s={search_term_string}\"},\"query-input\":{\"@type\":\"PropertyValueSpecification\",\"valueRequired\":true,\"valueName\":\"search_term_string\"}}],\"inLanguage\":\"hu\"},{\"@type\":\"Organization\",\"@id\":\"https:\/\/osg-excello.com\/hu\/#organization\",\"name\":\"OSG Ex-Cell-O GmbH\",\"url\":\"https:\/\/osg-excello.com\/hu\/\",\"logo\":{\"@type\":\"ImageObject\",\"inLanguage\":\"hu\",\"@id\":\"https:\/\/osg-excello.com\/hu\/#\/schema\/logo\/image\/\",\"url\":\"https:\/\/osg-excello.com\/wp-content\/uploads\/2019\/11\/osg_excello_logo_final-2.png\",\"contentUrl\":\"https:\/\/osg-excello.com\/wp-content\/uploads\/2019\/11\/osg_excello_logo_final-2.png\",\"width\":514,\"height\":236,\"caption\":\"OSG Ex-Cell-O GmbH\"},\"image\":{\"@id\":\"https:\/\/osg-excello.com\/hu\/#\/schema\/logo\/image\/\"}}]}<\/script>\n<!-- \/ Yoast SEO plugin. -->","yoast_head_json":{"title":"A v\u00e1llalat bemutat\u00e1sa - OSG Ex-Cell-O","robots":{"index":"index","follow":"follow","max-snippet":"max-snippet:-1","max-image-preview":"max-image-preview:large","max-video-preview":"max-video-preview:-1"},"canonical":"https:\/\/osg-excello.com\/hu\/ceg\/unternehmensvorstellung\/","og_locale":"hu_HU","og_type":"article","og_title":"A v\u00e1llalat bemutat\u00e1sa - OSG Ex-Cell-O","og_url":"https:\/\/osg-excello.com\/hu\/ceg\/unternehmensvorstellung\/","og_site_name":"OSG Ex-Cell-O","article_modified_time":"2021-05-19T05:51:33+00:00","twitter_card":"summary_large_image","twitter_misc":{"Becs\u00fclt olvas\u00e1si id\u0151":"6 perc"},"schema":{"@context":"https:\/\/schema.org","@graph":[{"@type":"WebPage","@id":"https:\/\/osg-excello.com\/hu\/ceg\/unternehmensvorstellung\/","url":"https:\/\/osg-excello.com\/hu\/ceg\/unternehmensvorstellung\/","name":"A v\u00e1llalat bemutat\u00e1sa - OSG Ex-Cell-O","isPartOf":{"@id":"https:\/\/osg-excello.com\/hu\/#website"},"datePublished":"2019-11-19T13:13:56+00:00","dateModified":"2021-05-19T05:51:33+00:00","breadcrumb":{"@id":"https:\/\/osg-excello.com\/hu\/ceg\/unternehmensvorstellung\/#breadcrumb"},"inLanguage":"hu","potentialAction":[{"@type":"ReadAction","target":["https:\/\/osg-excello.com\/hu\/ceg\/unternehmensvorstellung\/"]}]},{"@type":"BreadcrumbList","@id":"https:\/\/osg-excello.com\/hu\/ceg\/unternehmensvorstellung\/#breadcrumb","itemListElement":[{"@type":"ListItem","position":1,"name":"Startseite","item":"https:\/\/osg-excello.com\/hu\/"},{"@type":"ListItem","position":2,"name":"C\u00c9G","item":"https:\/\/osg-excello.com\/hu\/"},{"@type":"ListItem","position":3,"name":"A v\u00e1llalat bemutat\u00e1sa"}]},{"@type":"WebSite","@id":"https:\/\/osg-excello.com\/hu\/#website","url":"https:\/\/osg-excello.com\/hu\/","name":"OSG Ex-Cell-O","description":"","publisher":{"@id":"https:\/\/osg-excello.com\/hu\/#organization"},"potentialAction":[{"@type":"SearchAction","target":{"@type":"EntryPoint","urlTemplate":"https:\/\/osg-excello.com\/hu\/?s={search_term_string}"},"query-input":{"@type":"PropertyValueSpecification","valueRequired":true,"valueName":"search_term_string"}}],"inLanguage":"hu"},{"@type":"Organization","@id":"https:\/\/osg-excello.com\/hu\/#organization","name":"OSG Ex-Cell-O GmbH","url":"https:\/\/osg-excello.com\/hu\/","logo":{"@type":"ImageObject","inLanguage":"hu","@id":"https:\/\/osg-excello.com\/hu\/#\/schema\/logo\/image\/","url":"https:\/\/osg-excello.com\/wp-content\/uploads\/2019\/11\/osg_excello_logo_final-2.png","contentUrl":"https:\/\/osg-excello.com\/wp-content\/uploads\/2019\/11\/osg_excello_logo_final-2.png","width":514,"height":236,"caption":"OSG Ex-Cell-O GmbH"},"image":{"@id":"https:\/\/osg-excello.com\/hu\/#\/schema\/logo\/image\/"}}]}},"_links":{"self":[{"href":"https:\/\/osg-excello.com\/hu\/wp-json\/wp\/v2\/pages\/3474","targetHints":{"allow":["GET"]}}],"collection":[{"href":"https:\/\/osg-excello.com\/hu\/wp-json\/wp\/v2\/pages"}],"about":[{"href":"https:\/\/osg-excello.com\/hu\/wp-json\/wp\/v2\/types\/page"}],"author":[{"embeddable":true,"href":"https:\/\/osg-excello.com\/hu\/wp-json\/wp\/v2\/users\/1"}],"replies":[{"embeddable":true,"href":"https:\/\/osg-excello.com\/hu\/wp-json\/wp\/v2\/comments?post=3474"}],"version-history":[{"count":5,"href":"https:\/\/osg-excello.com\/hu\/wp-json\/wp\/v2\/pages\/3474\/revisions"}],"predecessor-version":[{"id":3530,"href":"https:\/\/osg-excello.com\/hu\/wp-json\/wp\/v2\/pages\/3474\/revisions\/3530"}],"up":[{"embeddable":true,"href":"https:\/\/osg-excello.com\/hu\/wp-json\/wp\/v2\/pages\/2111"}],"wp:attachment":[{"href":"https:\/\/osg-excello.com\/hu\/wp-json\/wp\/v2\/media?parent=3474"}],"curies":[{"name":"wp","href":"https:\/\/api.w.org\/{rel}","templated":true}]}}