{"id":5343,"date":"2019-11-19T16:21:55","date_gmt":"2019-11-19T15:21:55","guid":{"rendered":"https:\/\/osg-excello.com\/gepek\/xk-6-serie\/"},"modified":"2021-05-25T10:19:17","modified_gmt":"2021-05-25T08:19:17","slug":"xk-6-serie","status":"publish","type":"page","link":"https:\/\/osg-excello.com\/hu\/gepek\/xk-6-serie\/","title":{"rendered":"XK6-sorozat"},"content":{"rendered":"\n<style type=\"text\/css\" data-created_by=\"avia_inline_auto\" id=\"style-css-av-807no-33a4a38e5e0d5dea70cde682a9dc653a\">\n.flex_column.av-807no-33a4a38e5e0d5dea70cde682a9dc653a{\nborder-radius:0px 0px 0px 0px;\npadding:25px 0px 0px 0px;\n}\n<\/style>\n<div  class='flex_column av-807no-33a4a38e5e0d5dea70cde682a9dc653a av_one_full  avia-builder-el-0  el_before_av_hr  avia-builder-el-first  first flex_column_div  '     ><style type=\"text\/css\" data-created_by=\"avia_inline_auto\" id=\"style-css-av-k3ek79x2-6be467d07cd10d2c277583bd8aa98346\">\n#top .av-special-heading.av-k3ek79x2-6be467d07cd10d2c277583bd8aa98346{\npadding-bottom:10px;\n}\nbody .av-special-heading.av-k3ek79x2-6be467d07cd10d2c277583bd8aa98346 .av-special-heading-tag .heading-char{\nfont-size:25px;\n}\n.av-special-heading.av-k3ek79x2-6be467d07cd10d2c277583bd8aa98346 .av-subheading{\nfont-size:15px;\n}\n<\/style>\n<div  class='av-special-heading av-k3ek79x2-6be467d07cd10d2c277583bd8aa98346 av-special-heading-h1 blockquote modern-quote modern-centered  avia-builder-el-1  avia-builder-el-no-sibling '><h1 class='av-special-heading-tag '  itemprop=\"headline\"  >XK6-sorozat<\/h1><div class=\"special-heading-border\"><div class=\"special-heading-inner-border\"><\/div><\/div><\/div><\/div>\n\n<style type=\"text\/css\" data-created_by=\"avia_inline_auto\" id=\"style-css-av-k363cjsl-6c3a36cc1ad2d24930cc419f13ab6bc6\">\n#top .hr.av-k363cjsl-6c3a36cc1ad2d24930cc419f13ab6bc6{\nmargin-top:0px;\nmargin-bottom:30px;\n}\n.hr.av-k363cjsl-6c3a36cc1ad2d24930cc419f13ab6bc6 .hr-inner{\nwidth:30%;\nborder-color:#e8e8e8;\nmax-width:45%;\n}\n.hr.av-k363cjsl-6c3a36cc1ad2d24930cc419f13ab6bc6 .av-seperator-icon{\ncolor:#e8e8e8;\n}\n.hr.av-k363cjsl-6c3a36cc1ad2d24930cc419f13ab6bc6 .av-seperator-icon.avia-svg-icon svg:first-child{\nfill:#e8e8e8;\nstroke:#e8e8e8;\n}\n<\/style>\n<div  class='hr av-k363cjsl-6c3a36cc1ad2d24930cc419f13ab6bc6 hr-custom  avia-builder-el-2  el_after_av_one_full  el_before_av_section  avia-builder-el-last  hr-center hr-icon-yes'><span class='hr-inner inner-border-av-border-thin'><span class=\"hr-inner-style\"><\/span><\/span><span class='av-seperator-icon avia-iconfont avia-font-entypo-fontello' data-av_icon='\ue898' data-av_iconfont='entypo-fontello' ><\/span><span class='hr-inner inner-border-av-border-thin'><span class=\"hr-inner-style\"><\/span><\/span><\/div>\n<\/div><\/div><\/div><!-- close content main div --><\/div><\/div>\n<style type=\"text\/css\" data-created_by=\"avia_inline_auto\" id=\"style-css-av-k3647wxa-14f501a09e84162727fa6ec184c7a00c\">\n.avia-section.av-k3647wxa-14f501a09e84162727fa6ec184c7a00c{\nmargin-top:0px;\nmargin-bottom:100px;\n}\n<\/style>\n<div id='av_section_1'  class='avia-section av-k3647wxa-14f501a09e84162727fa6ec184c7a00c main_color avia-section-no-padding avia-no-border-styling  avia-builder-el-3  el_after_av_hr  avia-builder-el-last  avia-bg-style-scroll container_wrap sidebar_right'  ><div class='container av-section-cont-open' ><div class='template-page content  av-content-small alpha units'><div class='post-entry post-entry-type-page post-entry-5343'><div class='entry-content-wrapper clearfix'>\n\n<style type=\"text\/css\" data-created_by=\"avia_inline_auto\" id=\"style-css-av-7nzzw-2c1641dce56e8229eb55335a5a6ec76f\">\n.flex_column.av-7nzzw-2c1641dce56e8229eb55335a5a6ec76f{\nborder-radius:0px 0px 0px 0px;\npadding:0px 0px 0px 0px;\n}\n<\/style>\n<div  class='flex_column av-7nzzw-2c1641dce56e8229eb55335a5a6ec76f av_two_third  avia-builder-el-4  el_before_av_one_third  avia-builder-el-first  first flex_column_div av-animated-generic bottom-to-top av-zero-column-padding  '     ><style type=\"text\/css\" data-created_by=\"avia_inline_auto\" id=\"style-css-av-k3conupj-45751a643aebebffd12967f4f23fd78a\">\n.avia-image-container.av-k3conupj-45751a643aebebffd12967f4f23fd78a img.avia_image{\nbox-shadow:none;\n}\n.avia-image-container.av-k3conupj-45751a643aebebffd12967f4f23fd78a .av-image-caption-overlay-center{\ncolor:#ffffff;\n}\n<\/style>\n<div  class='avia-image-container av-k3conupj-45751a643aebebffd12967f4f23fd78a av-styling- av-hover-grow av-hide-overflow av-img-linked avia-align-center  avia-builder-el-5  avia-builder-el-no-sibling '   itemprop=\"image\" itemscope=\"itemscope\" itemtype=\"https:\/\/schema.org\/ImageObject\" ><div class=\"avia-image-container-inner\"><div class=\"avia-image-overlay-wrap\"><a href=\"https:\/\/osg-excello.com\/wp-content\/uploads\/2019\/11\/maschinen_XK651-1.jpg\" data-srcset=\"https:\/\/osg-excello.com\/wp-content\/uploads\/2019\/11\/maschinen_XK651-1.jpg 1280w, https:\/\/osg-excello.com\/wp-content\/uploads\/2019\/11\/maschinen_XK651-1-768x503.jpg 768w, https:\/\/osg-excello.com\/wp-content\/uploads\/2019\/11\/maschinen_XK651-1-705x462.jpg 705w\" data-sizes=\"(max-width: 1280px) 100vw, 1280px\" class='avia_image '  aria-label='maschinen_XK651'><img decoding=\"async\" fetchpriority=\"high\" class='wp-image-5354 avia-img-lazy-loading-not-5354 avia_image ' src=\"https:\/\/osg-excello.com\/wp-content\/uploads\/2019\/11\/maschinen_XK651-1.jpg\" alt='' title='maschinen_XK651'  height=\"838\" width=\"1280\"  itemprop=\"thumbnailUrl\" srcset=\"https:\/\/osg-excello.com\/wp-content\/uploads\/2019\/11\/maschinen_XK651-1.jpg 1280w, https:\/\/osg-excello.com\/wp-content\/uploads\/2019\/11\/maschinen_XK651-1-768x503.jpg 768w, https:\/\/osg-excello.com\/wp-content\/uploads\/2019\/11\/maschinen_XK651-1-705x462.jpg 705w\" sizes=\"(max-width: 1280px) 100vw, 1280px\" \/><\/a><\/div><\/div><\/div><\/div>\n<style type=\"text\/css\" data-created_by=\"avia_inline_auto\" id=\"style-css-av-7nzzw-47ef4b95d16ddc52afc9d03e4ee84fbc\">\n.flex_column.av-7nzzw-47ef4b95d16ddc52afc9d03e4ee84fbc{\nborder-radius:0px 0px 0px 0px;\npadding:0px 0px 0px 0px;\n}\n<\/style>\n<div  class='flex_column av-7nzzw-47ef4b95d16ddc52afc9d03e4ee84fbc av_one_third  avia-builder-el-6  el_after_av_two_third  avia-builder-el-last  flex_column_div av-animated-generic bottom-to-top av-zero-column-padding  '     ><p>\n<style type=\"text\/css\" data-created_by=\"avia_inline_auto\" id=\"style-css-av-29dgz-635a1e2d282ee5c981300a53917af460\">\n#top .av-special-heading.av-29dgz-635a1e2d282ee5c981300a53917af460{\npadding-bottom:10px;\n}\nbody .av-special-heading.av-29dgz-635a1e2d282ee5c981300a53917af460 .av-special-heading-tag .heading-char{\nfont-size:25px;\n}\n.av-special-heading.av-29dgz-635a1e2d282ee5c981300a53917af460 .av-subheading{\nfont-size:15px;\n}\n<\/style>\n<div  class='av-special-heading av-29dgz-635a1e2d282ee5c981300a53917af460 av-special-heading-h3  avia-builder-el-7  el_before_av_textblock  avia-builder-el-first '><h3 class='av-special-heading-tag '  itemprop=\"headline\"  >XK 637, XK 651, XK 675<\/h3><div class=\"special-heading-border\"><div class=\"special-heading-inner-border\"><\/div><\/div><\/div><br \/>\n<section  class='av_textblock_section av-k3a8vy1i-c3eaba6a5673f57b0224f2a8c69b5209 '   itemscope=\"itemscope\" itemtype=\"https:\/\/schema.org\/CreativeWork\" ><div class='avia_textblock'  itemprop=\"text\" ><p>Az XK 6 g\u00e9pek folytatj\u00e1k a neves XK 2 modellek sikert\u00f6rt\u00e9net\u00e9t. A bev\u00e1lt merevs\u00e9g, az ide\u00e1lis egyens\u00faly az el\u0151tol\u00e1s \u00e9s a radi\u00e1lis er\u0151k k\u00f6z\u00f6tt lehet\u0151v\u00e9 teszi profilok kialak\u00edt\u00e1s\u00e1t ak\u00e1r 60 mm-es \u00e1tm\u00e9r\u0151ig. A g\u00e9pt\u00edpust k\u00f6nny\u0171 hozz\u00e1f\u00e9rhet\u0151s\u00e9g\u0171nek tervezt\u00fck,  felhaszn\u00e1l\u00f3bar\u00e1t kezel\u00e9s. A munkadarab \u00e9s az el\u0151tol\u00e1s is CNC vez\u00e9rl\u00e9s\u0171.<\/p>\n<\/div><\/section><br \/>\n\n<style type=\"text\/css\" data-created_by=\"avia_inline_auto\" id=\"style-css-av-1qzz3-49818e703349a32d6c603278cc290ba9\">\n#top .av-special-heading.av-1qzz3-49818e703349a32d6c603278cc290ba9{\npadding-bottom:10px;\n}\nbody .av-special-heading.av-1qzz3-49818e703349a32d6c603278cc290ba9 .av-special-heading-tag .heading-char{\nfont-size:25px;\n}\n.av-special-heading.av-1qzz3-49818e703349a32d6c603278cc290ba9 .av-subheading{\nfont-size:15px;\n}\n<\/style>\n<div  class='av-special-heading av-1qzz3-49818e703349a32d6c603278cc290ba9 av-special-heading-h3  avia-builder-el-9  el_after_av_textblock  el_before_av_textblock '><h3 class='av-special-heading-tag '  itemprop=\"headline\"  >XK 6xx &#8211; Alkalmaz\u00e1si tartom\u00e1ny<\/h3><div class=\"special-heading-border\"><div class=\"special-heading-inner-border\"><\/div><\/div><\/div><br \/>\n<section  class='av_textblock_section av-k3a8vy1i-c3eaba6a5673f57b0224f2a8c69b5209 '   itemscope=\"itemscope\" itemtype=\"https:\/\/schema.org\/CreativeWork\" ><div class='avia_textblock'  itemprop=\"text\" ><ul>\n<li>Szem\u00e9lyg\u00e9pkocsi f\u00e9ltengely<\/li>\n<li>Szem\u00e9lyg\u00e9pkocsik csatlakoz\u00f3i<\/li>\n<li>Elektromotor tengely<\/li>\n<\/ul>\n<\/div><\/section><br \/>\n\n<style type=\"text\/css\" data-created_by=\"avia_inline_auto\" id=\"style-css-av-10pwr-369fd384e04a1ae7b4d0a9fb8b939a50\">\n#top .av-special-heading.av-10pwr-369fd384e04a1ae7b4d0a9fb8b939a50{\npadding-bottom:10px;\n}\nbody .av-special-heading.av-10pwr-369fd384e04a1ae7b4d0a9fb8b939a50 .av-special-heading-tag .heading-char{\nfont-size:25px;\n}\n.av-special-heading.av-10pwr-369fd384e04a1ae7b4d0a9fb8b939a50 .av-subheading{\nfont-size:15px;\n}\n<\/style>\n<div  class='av-special-heading av-10pwr-369fd384e04a1ae7b4d0a9fb8b939a50 av-special-heading-h3  avia-builder-el-11  el_after_av_textblock  el_before_av_textblock '><h3 class='av-special-heading-tag '  itemprop=\"headline\"  >F\u0151bb jellemz\u0151k<\/h3><div class=\"special-heading-border\"><div class=\"special-heading-inner-border\"><\/div><\/div><\/div><br \/>\n<section  class='av_textblock_section av-k3a8vy1i-c3eaba6a5673f57b0224f2a8c69b5209 '   itemscope=\"itemscope\" itemtype=\"https:\/\/schema.org\/CreativeWork\" ><div class='avia_textblock'  itemprop=\"text\" ><ul>\n<li>Hidraulikamentes g\u00e9p &#8211; cs\u00f6kkentett zajszint \u00e9s \u00f6kol\u00f3giai l\u00e1bnyom<\/li>\n<li>CNC vez\u00e9rl\u00e9s\u0171 munkadarab- \u00e9s adagol\u00f3 tengelyek &#8211; energiatakar\u00e9kos \u00e9s kezel\u0151bar\u00e1t<\/li>\n<li>Megmunk\u00e1l\u00e1si er\u0151k v\u00e1ltoztathat\u00f3 tartom\u00e1nya<\/li>\n<li>Elektronikusan szinkroniz\u00e1lt<\/li>\n<li>Be\u00e1ll\u00edt\u00e1si hib\u00e1k jav\u00edt\u00e1sa CNC vez\u00e9rl\u00e9ssel<\/li>\n<li>Az alakad\u00e1si sebess\u00e9g fokozatmentesen v\u00e1ltoztathat\u00f3<\/li>\n<li>Robusztus, hibamentes korrekci\u00f3z\u00e1si lehet\u0151s\u00e9g<\/li>\n<\/ul>\n<\/div><\/section><\/p><\/div><\/div><\/div><\/div><!-- close content main div --><\/div><\/div><div id='after_section_1'  class='main_color av_default_container_wrap container_wrap sidebar_right'  ><div class='container av-section-cont-open' ><div class='template-page content  av-content-small alpha units'><div class='post-entry post-entry-type-page post-entry-5343'><div class='entry-content-wrapper clearfix'>\n","protected":false},"excerpt":{"rendered":"","protected":false},"author":1,"featured_media":0,"parent":2450,"menu_order":941,"comment_status":"closed","ping_status":"closed","template":"","meta":{"footnotes":""},"class_list":["post-5343","page","type-page","status-publish","hentry"],"yoast_head":"<!-- This site is optimized with the Yoast SEO plugin v27.2 - https:\/\/yoast.com\/product\/yoast-seo-wordpress\/ -->\n<title>XK6-sorozat - OSG Ex-Cell-O<\/title>\n<meta name=\"robots\" content=\"index, follow, max-snippet:-1, max-image-preview:large, max-video-preview:-1\" \/>\n<link rel=\"canonical\" href=\"https:\/\/osg-excello.com\/hu\/gepek\/xk-6-serie\/\" \/>\n<meta property=\"og:locale\" content=\"hu_HU\" \/>\n<meta property=\"og:type\" content=\"article\" \/>\n<meta property=\"og:title\" content=\"XK6-sorozat - OSG Ex-Cell-O\" \/>\n<meta property=\"og:url\" content=\"https:\/\/osg-excello.com\/hu\/gepek\/xk-6-serie\/\" \/>\n<meta property=\"og:site_name\" content=\"OSG Ex-Cell-O\" \/>\n<meta property=\"article:modified_time\" content=\"2021-05-25T08:19:17+00:00\" \/>\n<meta name=\"twitter:card\" content=\"summary_large_image\" \/>\n<meta name=\"twitter:label1\" content=\"Becs\u00fclt olvas\u00e1si id\u0151\" \/>\n\t<meta name=\"twitter:data1\" content=\"6 perc\" \/>\n<script type=\"application\/ld+json\" class=\"yoast-schema-graph\">{\"@context\":\"https:\/\/schema.org\",\"@graph\":[{\"@type\":\"WebPage\",\"@id\":\"https:\/\/osg-excello.com\/hu\/gepek\/xk-6-serie\/\",\"url\":\"https:\/\/osg-excello.com\/hu\/gepek\/xk-6-serie\/\",\"name\":\"XK6-sorozat - OSG Ex-Cell-O\",\"isPartOf\":{\"@id\":\"https:\/\/osg-excello.com\/hu\/#website\"},\"datePublished\":\"2019-11-19T15:21:55+00:00\",\"dateModified\":\"2021-05-25T08:19:17+00:00\",\"breadcrumb\":{\"@id\":\"https:\/\/osg-excello.com\/hu\/gepek\/xk-6-serie\/#breadcrumb\"},\"inLanguage\":\"hu\",\"potentialAction\":[{\"@type\":\"ReadAction\",\"target\":[\"https:\/\/osg-excello.com\/hu\/gepek\/xk-6-serie\/\"]}]},{\"@type\":\"BreadcrumbList\",\"@id\":\"https:\/\/osg-excello.com\/hu\/gepek\/xk-6-serie\/#breadcrumb\",\"itemListElement\":[{\"@type\":\"ListItem\",\"position\":1,\"name\":\"Startseite\",\"item\":\"https:\/\/osg-excello.com\/hu\/\"},{\"@type\":\"ListItem\",\"position\":2,\"name\":\"G\u00c9PEK\",\"item\":\"https:\/\/osg-excello.com\/hu\/gepek\/\"},{\"@type\":\"ListItem\",\"position\":3,\"name\":\"XK6-sorozat\"}]},{\"@type\":\"WebSite\",\"@id\":\"https:\/\/osg-excello.com\/hu\/#website\",\"url\":\"https:\/\/osg-excello.com\/hu\/\",\"name\":\"OSG Ex-Cell-O\",\"description\":\"\",\"publisher\":{\"@id\":\"https:\/\/osg-excello.com\/hu\/#organization\"},\"potentialAction\":[{\"@type\":\"SearchAction\",\"target\":{\"@type\":\"EntryPoint\",\"urlTemplate\":\"https:\/\/osg-excello.com\/hu\/?s={search_term_string}\"},\"query-input\":{\"@type\":\"PropertyValueSpecification\",\"valueRequired\":true,\"valueName\":\"search_term_string\"}}],\"inLanguage\":\"hu\"},{\"@type\":\"Organization\",\"@id\":\"https:\/\/osg-excello.com\/hu\/#organization\",\"name\":\"OSG Ex-Cell-O GmbH\",\"url\":\"https:\/\/osg-excello.com\/hu\/\",\"logo\":{\"@type\":\"ImageObject\",\"inLanguage\":\"hu\",\"@id\":\"https:\/\/osg-excello.com\/hu\/#\/schema\/logo\/image\/\",\"url\":\"https:\/\/osg-excello.com\/wp-content\/uploads\/2019\/11\/osg_excello_logo_final-2.png\",\"contentUrl\":\"https:\/\/osg-excello.com\/wp-content\/uploads\/2019\/11\/osg_excello_logo_final-2.png\",\"width\":514,\"height\":236,\"caption\":\"OSG Ex-Cell-O GmbH\"},\"image\":{\"@id\":\"https:\/\/osg-excello.com\/hu\/#\/schema\/logo\/image\/\"}}]}<\/script>\n<!-- \/ Yoast SEO plugin. -->","yoast_head_json":{"title":"XK6-sorozat - OSG Ex-Cell-O","robots":{"index":"index","follow":"follow","max-snippet":"max-snippet:-1","max-image-preview":"max-image-preview:large","max-video-preview":"max-video-preview:-1"},"canonical":"https:\/\/osg-excello.com\/hu\/gepek\/xk-6-serie\/","og_locale":"hu_HU","og_type":"article","og_title":"XK6-sorozat - OSG Ex-Cell-O","og_url":"https:\/\/osg-excello.com\/hu\/gepek\/xk-6-serie\/","og_site_name":"OSG Ex-Cell-O","article_modified_time":"2021-05-25T08:19:17+00:00","twitter_card":"summary_large_image","twitter_misc":{"Becs\u00fclt olvas\u00e1si id\u0151":"6 perc"},"schema":{"@context":"https:\/\/schema.org","@graph":[{"@type":"WebPage","@id":"https:\/\/osg-excello.com\/hu\/gepek\/xk-6-serie\/","url":"https:\/\/osg-excello.com\/hu\/gepek\/xk-6-serie\/","name":"XK6-sorozat - OSG Ex-Cell-O","isPartOf":{"@id":"https:\/\/osg-excello.com\/hu\/#website"},"datePublished":"2019-11-19T15:21:55+00:00","dateModified":"2021-05-25T08:19:17+00:00","breadcrumb":{"@id":"https:\/\/osg-excello.com\/hu\/gepek\/xk-6-serie\/#breadcrumb"},"inLanguage":"hu","potentialAction":[{"@type":"ReadAction","target":["https:\/\/osg-excello.com\/hu\/gepek\/xk-6-serie\/"]}]},{"@type":"BreadcrumbList","@id":"https:\/\/osg-excello.com\/hu\/gepek\/xk-6-serie\/#breadcrumb","itemListElement":[{"@type":"ListItem","position":1,"name":"Startseite","item":"https:\/\/osg-excello.com\/hu\/"},{"@type":"ListItem","position":2,"name":"G\u00c9PEK","item":"https:\/\/osg-excello.com\/hu\/gepek\/"},{"@type":"ListItem","position":3,"name":"XK6-sorozat"}]},{"@type":"WebSite","@id":"https:\/\/osg-excello.com\/hu\/#website","url":"https:\/\/osg-excello.com\/hu\/","name":"OSG Ex-Cell-O","description":"","publisher":{"@id":"https:\/\/osg-excello.com\/hu\/#organization"},"potentialAction":[{"@type":"SearchAction","target":{"@type":"EntryPoint","urlTemplate":"https:\/\/osg-excello.com\/hu\/?s={search_term_string}"},"query-input":{"@type":"PropertyValueSpecification","valueRequired":true,"valueName":"search_term_string"}}],"inLanguage":"hu"},{"@type":"Organization","@id":"https:\/\/osg-excello.com\/hu\/#organization","name":"OSG Ex-Cell-O GmbH","url":"https:\/\/osg-excello.com\/hu\/","logo":{"@type":"ImageObject","inLanguage":"hu","@id":"https:\/\/osg-excello.com\/hu\/#\/schema\/logo\/image\/","url":"https:\/\/osg-excello.com\/wp-content\/uploads\/2019\/11\/osg_excello_logo_final-2.png","contentUrl":"https:\/\/osg-excello.com\/wp-content\/uploads\/2019\/11\/osg_excello_logo_final-2.png","width":514,"height":236,"caption":"OSG Ex-Cell-O GmbH"},"image":{"@id":"https:\/\/osg-excello.com\/hu\/#\/schema\/logo\/image\/"}}]}},"_links":{"self":[{"href":"https:\/\/osg-excello.com\/hu\/wp-json\/wp\/v2\/pages\/5343","targetHints":{"allow":["GET"]}}],"collection":[{"href":"https:\/\/osg-excello.com\/hu\/wp-json\/wp\/v2\/pages"}],"about":[{"href":"https:\/\/osg-excello.com\/hu\/wp-json\/wp\/v2\/types\/page"}],"author":[{"embeddable":true,"href":"https:\/\/osg-excello.com\/hu\/wp-json\/wp\/v2\/users\/1"}],"replies":[{"embeddable":true,"href":"https:\/\/osg-excello.com\/hu\/wp-json\/wp\/v2\/comments?post=5343"}],"version-history":[{"count":7,"href":"https:\/\/osg-excello.com\/hu\/wp-json\/wp\/v2\/pages\/5343\/revisions"}],"predecessor-version":[{"id":5864,"href":"https:\/\/osg-excello.com\/hu\/wp-json\/wp\/v2\/pages\/5343\/revisions\/5864"}],"up":[{"embeddable":true,"href":"https:\/\/osg-excello.com\/hu\/wp-json\/wp\/v2\/pages\/2450"}],"wp:attachment":[{"href":"https:\/\/osg-excello.com\/hu\/wp-json\/wp\/v2\/media?parent=5343"}],"curies":[{"name":"wp","href":"https:\/\/api.w.org\/{rel}","templated":true}]}}