{"id":5403,"date":"2019-11-19T16:21:55","date_gmt":"2019-11-19T15:21:55","guid":{"rendered":"https:\/\/osg-excello.com\/gepek\/xk-8-serie\/"},"modified":"2021-05-25T13:16:20","modified_gmt":"2021-05-25T11:16:20","slug":"xk-8-serie","status":"publish","type":"page","link":"https:\/\/osg-excello.com\/hu\/gepek\/xk-8-serie\/","title":{"rendered":"XK8-sorozat"},"content":{"rendered":"\n<style type=\"text\/css\" data-created_by=\"avia_inline_auto\" id=\"style-css-av-807no-33a4a38e5e0d5dea70cde682a9dc653a\">\n.flex_column.av-807no-33a4a38e5e0d5dea70cde682a9dc653a{\nborder-radius:0px 0px 0px 0px;\npadding:25px 0px 0px 0px;\n}\n<\/style>\n<div  class='flex_column av-807no-33a4a38e5e0d5dea70cde682a9dc653a av_one_full  avia-builder-el-0  el_before_av_hr  avia-builder-el-first  first flex_column_div  '     ><style type=\"text\/css\" data-created_by=\"avia_inline_auto\" id=\"style-css-av-k3ekheso-af3fa3f8d128d3574277ca116da13e2b\">\n#top .av-special-heading.av-k3ekheso-af3fa3f8d128d3574277ca116da13e2b{\npadding-bottom:10px;\n}\nbody .av-special-heading.av-k3ekheso-af3fa3f8d128d3574277ca116da13e2b .av-special-heading-tag .heading-char{\nfont-size:25px;\n}\n.av-special-heading.av-k3ekheso-af3fa3f8d128d3574277ca116da13e2b .av-subheading{\nfont-size:15px;\n}\n<\/style>\n<div  class='av-special-heading av-k3ekheso-af3fa3f8d128d3574277ca116da13e2b av-special-heading-h1 blockquote modern-quote modern-centered  avia-builder-el-1  avia-builder-el-no-sibling '><h1 class='av-special-heading-tag '  itemprop=\"headline\"  >XK8-sorozat<\/h1><div class=\"special-heading-border\"><div class=\"special-heading-inner-border\"><\/div><\/div><\/div><\/div>\n\n<style type=\"text\/css\" data-created_by=\"avia_inline_auto\" id=\"style-css-av-k363cjsl-6c3a36cc1ad2d24930cc419f13ab6bc6\">\n#top .hr.av-k363cjsl-6c3a36cc1ad2d24930cc419f13ab6bc6{\nmargin-top:0px;\nmargin-bottom:30px;\n}\n.hr.av-k363cjsl-6c3a36cc1ad2d24930cc419f13ab6bc6 .hr-inner{\nwidth:30%;\nborder-color:#e8e8e8;\nmax-width:45%;\n}\n.hr.av-k363cjsl-6c3a36cc1ad2d24930cc419f13ab6bc6 .av-seperator-icon{\ncolor:#e8e8e8;\n}\n.hr.av-k363cjsl-6c3a36cc1ad2d24930cc419f13ab6bc6 .av-seperator-icon.avia-svg-icon svg:first-child{\nfill:#e8e8e8;\nstroke:#e8e8e8;\n}\n<\/style>\n<div  class='hr av-k363cjsl-6c3a36cc1ad2d24930cc419f13ab6bc6 hr-custom  avia-builder-el-2  el_after_av_one_full  el_before_av_section  avia-builder-el-last  hr-center hr-icon-yes'><span class='hr-inner inner-border-av-border-thin'><span class=\"hr-inner-style\"><\/span><\/span><span class='av-seperator-icon avia-iconfont avia-font-entypo-fontello' data-av_icon='\ue898' data-av_iconfont='entypo-fontello' ><\/span><span class='hr-inner inner-border-av-border-thin'><span class=\"hr-inner-style\"><\/span><\/span><\/div>\n<\/div><\/div><\/div><!-- close content main div --><\/div><\/div>\n<style type=\"text\/css\" data-created_by=\"avia_inline_auto\" id=\"style-css-av-k3647wxa-14f501a09e84162727fa6ec184c7a00c\">\n.avia-section.av-k3647wxa-14f501a09e84162727fa6ec184c7a00c{\nmargin-top:0px;\nmargin-bottom:100px;\n}\n<\/style>\n<div id='av_section_1'  class='avia-section av-k3647wxa-14f501a09e84162727fa6ec184c7a00c main_color avia-section-no-padding avia-no-border-styling  avia-builder-el-3  el_after_av_hr  avia-builder-el-last  avia-bg-style-scroll container_wrap sidebar_right'  ><div class='container av-section-cont-open' ><div class='template-page content  av-content-small alpha units'><div class='post-entry post-entry-type-page post-entry-5403'><div class='entry-content-wrapper clearfix'>\n\n<style type=\"text\/css\" data-created_by=\"avia_inline_auto\" id=\"style-css-av-7nzzw-2c1641dce56e8229eb55335a5a6ec76f\">\n.flex_column.av-7nzzw-2c1641dce56e8229eb55335a5a6ec76f{\nborder-radius:0px 0px 0px 0px;\npadding:0px 0px 0px 0px;\n}\n<\/style>\n<div  class='flex_column av-7nzzw-2c1641dce56e8229eb55335a5a6ec76f av_two_third  avia-builder-el-4  el_before_av_one_third  avia-builder-el-first  first flex_column_div av-animated-generic bottom-to-top av-zero-column-padding  '     ><p>\n<style type=\"text\/css\" data-created_by=\"avia_inline_auto\" id=\"style-css-av-k3conupj-199c49145a554a2e17fce5308265eb66\">\n.avia-image-container.av-k3conupj-199c49145a554a2e17fce5308265eb66 img.avia_image{\nbox-shadow:none;\n}\n.avia-image-container.av-k3conupj-199c49145a554a2e17fce5308265eb66 .av-image-caption-overlay-center{\ncolor:#ffffff;\n}\n<\/style>\n<div  class='avia-image-container av-k3conupj-199c49145a554a2e17fce5308265eb66 av-styling- av-hover-grow av-hide-overflow av-img-linked avia-align-center  avia-builder-el-5  el_before_av_hr  avia-builder-el-first '   itemprop=\"image\" itemscope=\"itemscope\" itemtype=\"https:\/\/schema.org\/ImageObject\" ><div class=\"avia-image-container-inner\"><div class=\"avia-image-overlay-wrap\"><a href=\"https:\/\/osg-excello.com\/wp-content\/uploads\/2019\/11\/maschinen_XK851.jpg\" data-srcset=\"https:\/\/osg-excello.com\/wp-content\/uploads\/2019\/11\/maschinen_XK851.jpg 1280w, https:\/\/osg-excello.com\/wp-content\/uploads\/2019\/11\/maschinen_XK851-768x513.jpg 768w, https:\/\/osg-excello.com\/wp-content\/uploads\/2019\/11\/maschinen_XK851-705x471.jpg 705w\" data-sizes=\"(max-width: 1280px) 100vw, 1280px\" class='avia_image '  aria-label='maschinen_XK851'><img decoding=\"async\" fetchpriority=\"high\" class='wp-image-5421 avia-img-lazy-loading-not-5421 avia_image ' src=\"https:\/\/osg-excello.com\/wp-content\/uploads\/2019\/11\/maschinen_XK851.jpg\" alt='' title='maschinen_XK851'  height=\"855\" width=\"1280\"  itemprop=\"thumbnailUrl\" srcset=\"https:\/\/osg-excello.com\/wp-content\/uploads\/2019\/11\/maschinen_XK851.jpg 1280w, https:\/\/osg-excello.com\/wp-content\/uploads\/2019\/11\/maschinen_XK851-768x513.jpg 768w, https:\/\/osg-excello.com\/wp-content\/uploads\/2019\/11\/maschinen_XK851-705x471.jpg 705w\" sizes=\"(max-width: 1280px) 100vw, 1280px\" \/><\/a><\/div><\/div><\/div><br \/>\n\n<style type=\"text\/css\" data-created_by=\"avia_inline_auto\" id=\"style-css-av-k3b9kc22-fb179e88a596ca9b3f22021301765415\">\n#top .hr.hr-invisible.av-k3b9kc22-fb179e88a596ca9b3f22021301765415{\nheight:30px;\n}\n<\/style>\n<div  class='hr av-k3b9kc22-fb179e88a596ca9b3f22021301765415 hr-invisible  avia-builder-el-6  el_after_av_image  el_before_av_image '><span class='hr-inner '><span class=\"hr-inner-style\"><\/span><\/span><\/div><br \/>\n\n<style type=\"text\/css\" data-created_by=\"avia_inline_auto\" id=\"style-css-av-k3conupj-9b889f12324117d501bd752b82eb6eec\">\n.avia-image-container.av-k3conupj-9b889f12324117d501bd752b82eb6eec img.avia_image{\nbox-shadow:none;\n}\n.avia-image-container.av-k3conupj-9b889f12324117d501bd752b82eb6eec .av-image-caption-overlay-center{\ncolor:#ffffff;\n}\n<\/style>\n<div  class='avia-image-container av-k3conupj-9b889f12324117d501bd752b82eb6eec av-styling- av-hover-grow av-hide-overflow av-img-linked avia-align-left  avia-builder-el-7  el_after_av_hr  avia-builder-el-last  rowImage50'   itemprop=\"image\" itemscope=\"itemscope\" itemtype=\"https:\/\/schema.org\/ImageObject\" ><div class=\"avia-image-container-inner\"><div class=\"avia-image-overlay-wrap\"><a href=\"https:\/\/osg-excello.com\/wp-content\/uploads\/2019\/11\/maschinen_xk8_120412_XK_DSC_6946.jpg\" data-srcset=\"https:\/\/osg-excello.com\/wp-content\/uploads\/2019\/11\/maschinen_xk8_120412_XK_DSC_6946.jpg 1280w, https:\/\/osg-excello.com\/wp-content\/uploads\/2019\/11\/maschinen_xk8_120412_XK_DSC_6946-768x576.jpg 768w, https:\/\/osg-excello.com\/wp-content\/uploads\/2019\/11\/maschinen_xk8_120412_XK_DSC_6946-705x529.jpg 705w\" data-sizes=\"(max-width: 1280px) 100vw, 1280px\" class='avia_image '  aria-label='maschinen_xk8_120412_XK_DSC_6946'><img decoding=\"async\" fetchpriority=\"high\" class='wp-image-5420 avia-img-lazy-loading-not-5420 avia_image ' src=\"https:\/\/osg-excello.com\/wp-content\/uploads\/2019\/11\/maschinen_xk8_120412_XK_DSC_6946.jpg\" alt='' title='maschinen_xk8_120412_XK_DSC_6946'  height=\"960\" width=\"1280\"  itemprop=\"thumbnailUrl\" srcset=\"https:\/\/osg-excello.com\/wp-content\/uploads\/2019\/11\/maschinen_xk8_120412_XK_DSC_6946.jpg 1280w, https:\/\/osg-excello.com\/wp-content\/uploads\/2019\/11\/maschinen_xk8_120412_XK_DSC_6946-768x576.jpg 768w, https:\/\/osg-excello.com\/wp-content\/uploads\/2019\/11\/maschinen_xk8_120412_XK_DSC_6946-705x529.jpg 705w\" sizes=\"(max-width: 1280px) 100vw, 1280px\" \/><\/a><\/div><\/div><\/div><\/p><\/div>\n<style type=\"text\/css\" data-created_by=\"avia_inline_auto\" id=\"style-css-av-7nzzw-47ef4b95d16ddc52afc9d03e4ee84fbc\">\n.flex_column.av-7nzzw-47ef4b95d16ddc52afc9d03e4ee84fbc{\nborder-radius:0px 0px 0px 0px;\npadding:0px 0px 0px 0px;\n}\n<\/style>\n<div  class='flex_column av-7nzzw-47ef4b95d16ddc52afc9d03e4ee84fbc av_one_third  avia-builder-el-8  el_after_av_two_third  avia-builder-el-last  flex_column_div av-animated-generic bottom-to-top av-zero-column-padding  '     ><p>\n<style type=\"text\/css\" data-created_by=\"avia_inline_auto\" id=\"style-css-av-20d60-8fbbc842ac81d5f2fa2a1f9100463826\">\n#top .av-special-heading.av-20d60-8fbbc842ac81d5f2fa2a1f9100463826{\npadding-bottom:10px;\n}\nbody .av-special-heading.av-20d60-8fbbc842ac81d5f2fa2a1f9100463826 .av-special-heading-tag .heading-char{\nfont-size:25px;\n}\n.av-special-heading.av-20d60-8fbbc842ac81d5f2fa2a1f9100463826 .av-subheading{\nfont-size:15px;\n}\n<\/style>\n<div  class='av-special-heading av-20d60-8fbbc842ac81d5f2fa2a1f9100463826 av-special-heading-h3  avia-builder-el-9  el_before_av_textblock  avia-builder-el-first '><h3 class='av-special-heading-tag '  itemprop=\"headline\"  >XK 837, XK 851, XK 875<\/h3><div class=\"special-heading-border\"><div class=\"special-heading-inner-border\"><\/div><\/div><\/div><br \/>\n<section  class='av_textblock_section av-k3a8vy1i-c3eaba6a5673f57b0224f2a8c69b5209 '   itemscope=\"itemscope\" itemtype=\"https:\/\/schema.org\/CreativeWork\" ><div class='avia_textblock'  itemprop=\"text\" ><p>T\u00f6bb mint 15 \u00e9vvel ezel\u0151tt, amikor kidolgoztuk az XK 8 modellek koncepci\u00f3j\u00e1t, \u00e1tfog\u00f3 energiatakar\u00e9koss\u00e1gi funkci\u00f3kat val\u00f3s\u00edtunk meg. Jelent\u0151s energiafogyaszt\u00e1s-cs\u00f6kkent\u00e9st \u00e9rt\u00fcnk el a hidraulikus meghajt\u00e1sok elektromechanikus alkatr\u00e9szekkel t\u00f6rt\u00e9n\u0151 cser\u00e9j\u00e9vel, ami jelent\u0151sen cs\u00f6kkentette az \u00f6kol\u00f3giai l\u00e1bnyomot \u00e9s zajszintet. Az ergon\u00f3miailag optimaliz\u00e1lt g\u00e9pv\u00e9delemmel a kialak\u00edt\u00e1s kompakt, ugyanakkor a maxim\u00e1lis \u00e1tm\u00e9r\u0151 ak\u00e1r 80 mm, a munkadarab hossza pedig 1500 mm is lehet.<\/p>\n<\/div><\/section><br \/>\n\n<style type=\"text\/css\" data-created_by=\"avia_inline_auto\" id=\"style-css-av-1nz0w-274e10a3eb8da48caa6a3a7991ef40a7\">\n#top .av-special-heading.av-1nz0w-274e10a3eb8da48caa6a3a7991ef40a7{\npadding-bottom:10px;\n}\nbody .av-special-heading.av-1nz0w-274e10a3eb8da48caa6a3a7991ef40a7 .av-special-heading-tag .heading-char{\nfont-size:25px;\n}\n.av-special-heading.av-1nz0w-274e10a3eb8da48caa6a3a7991ef40a7 .av-subheading{\nfont-size:15px;\n}\n<\/style>\n<div  class='av-special-heading av-1nz0w-274e10a3eb8da48caa6a3a7991ef40a7 av-special-heading-h3  avia-builder-el-11  el_after_av_textblock  el_before_av_textblock '><h3 class='av-special-heading-tag '  itemprop=\"headline\"  >XK 8xx &#8211; Alkalmaz\u00e1si tartom\u00e1ny<\/h3><div class=\"special-heading-border\"><div class=\"special-heading-inner-border\"><\/div><\/div><\/div><br \/>\n<section  class='av_textblock_section av-k3a8vy1i-c3eaba6a5673f57b0224f2a8c69b5209 '   itemscope=\"itemscope\" itemtype=\"https:\/\/schema.org\/CreativeWork\" ><div class='avia_textblock'  itemprop=\"text\" ><ul>\n<li>Szem\u00e9lyg\u00e9pkocsi kard\u00e1ntengely<\/li>\n<li>Szem\u00e9lyg\u00e9pkocsi f\u00e9ltengely<\/li>\n<li>Kis sz\u00e9ri\u00e1k hat\u00e9kony gy\u00e1rt\u00e1sa<\/li>\n<\/ul>\n<\/div><\/section><br \/>\n\n<style type=\"text\/css\" data-created_by=\"avia_inline_auto\" id=\"style-css-av-v8rk-9165ef2ce33c02eed4ad02be3660eb85\">\n#top .av-special-heading.av-v8rk-9165ef2ce33c02eed4ad02be3660eb85{\npadding-bottom:10px;\n}\nbody .av-special-heading.av-v8rk-9165ef2ce33c02eed4ad02be3660eb85 .av-special-heading-tag .heading-char{\nfont-size:25px;\n}\n.av-special-heading.av-v8rk-9165ef2ce33c02eed4ad02be3660eb85 .av-subheading{\nfont-size:15px;\n}\n<\/style>\n<div  class='av-special-heading av-v8rk-9165ef2ce33c02eed4ad02be3660eb85 av-special-heading-h3  avia-builder-el-13  el_after_av_textblock  el_before_av_textblock '><h3 class='av-special-heading-tag '  itemprop=\"headline\"  >F\u0151bb jellemz\u0151k<\/h3><div class=\"special-heading-border\"><div class=\"special-heading-inner-border\"><\/div><\/div><\/div><br \/>\n<section  class='av_textblock_section av-k3a8vy1i-c3eaba6a5673f57b0224f2a8c69b5209 '   itemscope=\"itemscope\" itemtype=\"https:\/\/schema.org\/CreativeWork\" ><div class='avia_textblock'  itemprop=\"text\" ><ul>\n<li>Korszer\u0171 hidegalak\u00edt\u00f3 technol\u00f3gia folyamatir\u00e1ny\u00edt\u00e1ssal<\/li>\n<li>Minden mozg\u00e1st numerikusan vez\u00e9relt tengelyek hajtanak v\u00e9gre<\/li>\n<li>K\u00fcl\u00f6nb\u00f6z\u0151 fogsz\u00e1m\u00fa munkadarabok gy\u00e1rt\u00e1sa szersz\u00e1mcsere n\u00e9lk\u00fcl<\/li>\n<li>F\u00fcgg\u0151leges el\u0151tol\u00e1s\u00fa m\u00e1ngorl\u00e1s<\/li>\n<li>Alakad\u00e1si sebess\u00e9g egyedileg programozhat\u00f3<\/li>\n<li>Hidraulikamentes g\u00e9p &#8211; cs\u00f6kkentett zajszint \u00e9s \u00f6kol\u00f3giai l\u00e1bnyom<\/li>\n<li>Egyszer\u0171s\u00edtett szersz\u00e1mbe\u00e1ll\u00edt\u00e1s<\/li>\n<li>Fokozott rugalmass\u00e1g<\/li>\n<\/ul>\n<\/div><\/section><\/p><\/div><\/div><\/div><\/div><!-- close content main div --><\/div><\/div><div id='after_section_1'  class='main_color av_default_container_wrap container_wrap sidebar_right'  ><div class='container av-section-cont-open' ><div class='template-page content  av-content-small alpha units'><div class='post-entry post-entry-type-page post-entry-5403'><div class='entry-content-wrapper clearfix'>\n","protected":false},"excerpt":{"rendered":"","protected":false},"author":1,"featured_media":0,"parent":2450,"menu_order":942,"comment_status":"closed","ping_status":"closed","template":"","meta":{"footnotes":""},"class_list":["post-5403","page","type-page","status-publish","hentry"],"yoast_head":"<!-- This site is optimized with the Yoast SEO plugin v27.2 - https:\/\/yoast.com\/product\/yoast-seo-wordpress\/ -->\n<title>XK8-sorozat - OSG Ex-Cell-O<\/title>\n<meta name=\"robots\" content=\"index, follow, max-snippet:-1, max-image-preview:large, max-video-preview:-1\" \/>\n<link rel=\"canonical\" href=\"https:\/\/osg-excello.com\/hu\/gepek\/xk-8-serie\/\" \/>\n<meta property=\"og:locale\" content=\"hu_HU\" \/>\n<meta property=\"og:type\" content=\"article\" \/>\n<meta property=\"og:title\" content=\"XK8-sorozat - OSG Ex-Cell-O\" \/>\n<meta property=\"og:url\" content=\"https:\/\/osg-excello.com\/hu\/gepek\/xk-8-serie\/\" \/>\n<meta property=\"og:site_name\" content=\"OSG Ex-Cell-O\" \/>\n<meta property=\"article:modified_time\" content=\"2021-05-25T11:16:20+00:00\" \/>\n<meta name=\"twitter:card\" content=\"summary_large_image\" \/>\n<meta name=\"twitter:label1\" content=\"Becs\u00fclt olvas\u00e1si id\u0151\" \/>\n\t<meta name=\"twitter:data1\" content=\"7 perc\" \/>\n<script type=\"application\/ld+json\" class=\"yoast-schema-graph\">{\"@context\":\"https:\/\/schema.org\",\"@graph\":[{\"@type\":\"WebPage\",\"@id\":\"https:\/\/osg-excello.com\/hu\/gepek\/xk-8-serie\/\",\"url\":\"https:\/\/osg-excello.com\/hu\/gepek\/xk-8-serie\/\",\"name\":\"XK8-sorozat - OSG Ex-Cell-O\",\"isPartOf\":{\"@id\":\"https:\/\/osg-excello.com\/hu\/#website\"},\"datePublished\":\"2019-11-19T15:21:55+00:00\",\"dateModified\":\"2021-05-25T11:16:20+00:00\",\"breadcrumb\":{\"@id\":\"https:\/\/osg-excello.com\/hu\/gepek\/xk-8-serie\/#breadcrumb\"},\"inLanguage\":\"hu\",\"potentialAction\":[{\"@type\":\"ReadAction\",\"target\":[\"https:\/\/osg-excello.com\/hu\/gepek\/xk-8-serie\/\"]}]},{\"@type\":\"BreadcrumbList\",\"@id\":\"https:\/\/osg-excello.com\/hu\/gepek\/xk-8-serie\/#breadcrumb\",\"itemListElement\":[{\"@type\":\"ListItem\",\"position\":1,\"name\":\"Startseite\",\"item\":\"https:\/\/osg-excello.com\/hu\/\"},{\"@type\":\"ListItem\",\"position\":2,\"name\":\"G\u00c9PEK\",\"item\":\"https:\/\/osg-excello.com\/hu\/gepek\/\"},{\"@type\":\"ListItem\",\"position\":3,\"name\":\"XK8-sorozat\"}]},{\"@type\":\"WebSite\",\"@id\":\"https:\/\/osg-excello.com\/hu\/#website\",\"url\":\"https:\/\/osg-excello.com\/hu\/\",\"name\":\"OSG Ex-Cell-O\",\"description\":\"\",\"publisher\":{\"@id\":\"https:\/\/osg-excello.com\/hu\/#organization\"},\"potentialAction\":[{\"@type\":\"SearchAction\",\"target\":{\"@type\":\"EntryPoint\",\"urlTemplate\":\"https:\/\/osg-excello.com\/hu\/?s={search_term_string}\"},\"query-input\":{\"@type\":\"PropertyValueSpecification\",\"valueRequired\":true,\"valueName\":\"search_term_string\"}}],\"inLanguage\":\"hu\"},{\"@type\":\"Organization\",\"@id\":\"https:\/\/osg-excello.com\/hu\/#organization\",\"name\":\"OSG Ex-Cell-O GmbH\",\"url\":\"https:\/\/osg-excello.com\/hu\/\",\"logo\":{\"@type\":\"ImageObject\",\"inLanguage\":\"hu\",\"@id\":\"https:\/\/osg-excello.com\/hu\/#\/schema\/logo\/image\/\",\"url\":\"https:\/\/osg-excello.com\/wp-content\/uploads\/2019\/11\/osg_excello_logo_final-2.png\",\"contentUrl\":\"https:\/\/osg-excello.com\/wp-content\/uploads\/2019\/11\/osg_excello_logo_final-2.png\",\"width\":514,\"height\":236,\"caption\":\"OSG Ex-Cell-O GmbH\"},\"image\":{\"@id\":\"https:\/\/osg-excello.com\/hu\/#\/schema\/logo\/image\/\"}}]}<\/script>\n<!-- \/ Yoast SEO plugin. -->","yoast_head_json":{"title":"XK8-sorozat - OSG Ex-Cell-O","robots":{"index":"index","follow":"follow","max-snippet":"max-snippet:-1","max-image-preview":"max-image-preview:large","max-video-preview":"max-video-preview:-1"},"canonical":"https:\/\/osg-excello.com\/hu\/gepek\/xk-8-serie\/","og_locale":"hu_HU","og_type":"article","og_title":"XK8-sorozat - OSG Ex-Cell-O","og_url":"https:\/\/osg-excello.com\/hu\/gepek\/xk-8-serie\/","og_site_name":"OSG Ex-Cell-O","article_modified_time":"2021-05-25T11:16:20+00:00","twitter_card":"summary_large_image","twitter_misc":{"Becs\u00fclt olvas\u00e1si id\u0151":"7 perc"},"schema":{"@context":"https:\/\/schema.org","@graph":[{"@type":"WebPage","@id":"https:\/\/osg-excello.com\/hu\/gepek\/xk-8-serie\/","url":"https:\/\/osg-excello.com\/hu\/gepek\/xk-8-serie\/","name":"XK8-sorozat - OSG Ex-Cell-O","isPartOf":{"@id":"https:\/\/osg-excello.com\/hu\/#website"},"datePublished":"2019-11-19T15:21:55+00:00","dateModified":"2021-05-25T11:16:20+00:00","breadcrumb":{"@id":"https:\/\/osg-excello.com\/hu\/gepek\/xk-8-serie\/#breadcrumb"},"inLanguage":"hu","potentialAction":[{"@type":"ReadAction","target":["https:\/\/osg-excello.com\/hu\/gepek\/xk-8-serie\/"]}]},{"@type":"BreadcrumbList","@id":"https:\/\/osg-excello.com\/hu\/gepek\/xk-8-serie\/#breadcrumb","itemListElement":[{"@type":"ListItem","position":1,"name":"Startseite","item":"https:\/\/osg-excello.com\/hu\/"},{"@type":"ListItem","position":2,"name":"G\u00c9PEK","item":"https:\/\/osg-excello.com\/hu\/gepek\/"},{"@type":"ListItem","position":3,"name":"XK8-sorozat"}]},{"@type":"WebSite","@id":"https:\/\/osg-excello.com\/hu\/#website","url":"https:\/\/osg-excello.com\/hu\/","name":"OSG Ex-Cell-O","description":"","publisher":{"@id":"https:\/\/osg-excello.com\/hu\/#organization"},"potentialAction":[{"@type":"SearchAction","target":{"@type":"EntryPoint","urlTemplate":"https:\/\/osg-excello.com\/hu\/?s={search_term_string}"},"query-input":{"@type":"PropertyValueSpecification","valueRequired":true,"valueName":"search_term_string"}}],"inLanguage":"hu"},{"@type":"Organization","@id":"https:\/\/osg-excello.com\/hu\/#organization","name":"OSG Ex-Cell-O GmbH","url":"https:\/\/osg-excello.com\/hu\/","logo":{"@type":"ImageObject","inLanguage":"hu","@id":"https:\/\/osg-excello.com\/hu\/#\/schema\/logo\/image\/","url":"https:\/\/osg-excello.com\/wp-content\/uploads\/2019\/11\/osg_excello_logo_final-2.png","contentUrl":"https:\/\/osg-excello.com\/wp-content\/uploads\/2019\/11\/osg_excello_logo_final-2.png","width":514,"height":236,"caption":"OSG Ex-Cell-O GmbH"},"image":{"@id":"https:\/\/osg-excello.com\/hu\/#\/schema\/logo\/image\/"}}]}},"_links":{"self":[{"href":"https:\/\/osg-excello.com\/hu\/wp-json\/wp\/v2\/pages\/5403","targetHints":{"allow":["GET"]}}],"collection":[{"href":"https:\/\/osg-excello.com\/hu\/wp-json\/wp\/v2\/pages"}],"about":[{"href":"https:\/\/osg-excello.com\/hu\/wp-json\/wp\/v2\/types\/page"}],"author":[{"embeddable":true,"href":"https:\/\/osg-excello.com\/hu\/wp-json\/wp\/v2\/users\/1"}],"replies":[{"embeddable":true,"href":"https:\/\/osg-excello.com\/hu\/wp-json\/wp\/v2\/comments?post=5403"}],"version-history":[{"count":5,"href":"https:\/\/osg-excello.com\/hu\/wp-json\/wp\/v2\/pages\/5403\/revisions"}],"predecessor-version":[{"id":5907,"href":"https:\/\/osg-excello.com\/hu\/wp-json\/wp\/v2\/pages\/5403\/revisions\/5907"}],"up":[{"embeddable":true,"href":"https:\/\/osg-excello.com\/hu\/wp-json\/wp\/v2\/pages\/2450"}],"wp:attachment":[{"href":"https:\/\/osg-excello.com\/hu\/wp-json\/wp\/v2\/media?parent=5403"}],"curies":[{"name":"wp","href":"https:\/\/api.w.org\/{rel}","templated":true}]}}