{"id":6609,"date":"2019-11-19T16:21:55","date_gmt":"2019-11-19T15:21:55","guid":{"rendered":"https:\/\/osg-excello.com\/szerelekek\/verfahrensentwicklung\/"},"modified":"2021-05-26T13:28:38","modified_gmt":"2021-05-26T11:28:38","slug":"verfahrensentwicklung","status":"publish","type":"page","link":"https:\/\/osg-excello.com\/hu\/szerelekek\/verfahrensentwicklung\/","title":{"rendered":"Folyamatfejleszt\u00e9s"},"content":{"rendered":"\n<style type=\"text\/css\" data-created_by=\"avia_inline_auto\" id=\"style-css-av-807no-33a4a38e5e0d5dea70cde682a9dc653a\">\n.flex_column.av-807no-33a4a38e5e0d5dea70cde682a9dc653a{\nborder-radius:0px 0px 0px 0px;\npadding:25px 0px 0px 0px;\n}\n<\/style>\n<div  class='flex_column av-807no-33a4a38e5e0d5dea70cde682a9dc653a av_one_full  avia-builder-el-0  el_before_av_hr  avia-builder-el-first  first flex_column_div  '     ><style type=\"text\/css\" data-created_by=\"avia_inline_auto\" id=\"style-css-av-k3enjc10-6529ccb7e6bc0be3aab0f9c4696ea9fa\">\n#top .av-special-heading.av-k3enjc10-6529ccb7e6bc0be3aab0f9c4696ea9fa{\npadding-bottom:10px;\n}\nbody .av-special-heading.av-k3enjc10-6529ccb7e6bc0be3aab0f9c4696ea9fa .av-special-heading-tag .heading-char{\nfont-size:25px;\n}\n.av-special-heading.av-k3enjc10-6529ccb7e6bc0be3aab0f9c4696ea9fa .av-subheading{\nfont-size:15px;\n}\n<\/style>\n<div  class='av-special-heading av-k3enjc10-6529ccb7e6bc0be3aab0f9c4696ea9fa av-special-heading-h1 blockquote modern-quote modern-centered  avia-builder-el-1  avia-builder-el-no-sibling '><h1 class='av-special-heading-tag '  itemprop=\"headline\"  >Folyamatfejleszt\u00e9s<\/h1><div class=\"special-heading-border\"><div class=\"special-heading-inner-border\"><\/div><\/div><\/div><\/div>\n<style type=\"text\/css\" data-created_by=\"avia_inline_auto\" id=\"style-css-av-k363cjsl-6c3a36cc1ad2d24930cc419f13ab6bc6\">\n#top .hr.av-k363cjsl-6c3a36cc1ad2d24930cc419f13ab6bc6{\nmargin-top:0px;\nmargin-bottom:30px;\n}\n.hr.av-k363cjsl-6c3a36cc1ad2d24930cc419f13ab6bc6 .hr-inner{\nwidth:30%;\nborder-color:#e8e8e8;\nmax-width:45%;\n}\n.hr.av-k363cjsl-6c3a36cc1ad2d24930cc419f13ab6bc6 .av-seperator-icon{\ncolor:#e8e8e8;\n}\n.hr.av-k363cjsl-6c3a36cc1ad2d24930cc419f13ab6bc6 .av-seperator-icon.avia-svg-icon svg:first-child{\nfill:#e8e8e8;\nstroke:#e8e8e8;\n}\n<\/style>\n<div  class='hr av-k363cjsl-6c3a36cc1ad2d24930cc419f13ab6bc6 hr-custom  avia-builder-el-2  el_after_av_one_full  el_before_av_section  avia-builder-el-last  hr-center hr-icon-yes'><span class='hr-inner inner-border-av-border-thin'><span class=\"hr-inner-style\"><\/span><\/span><span class='av-seperator-icon avia-iconfont avia-font-entypo-fontello' data-av_icon='\ue898' data-av_iconfont='entypo-fontello' ><\/span><span class='hr-inner inner-border-av-border-thin'><span class=\"hr-inner-style\"><\/span><\/span><\/div><\/p>\n<\/div><\/div><\/div><!-- close content main div --><\/div><\/div>\n<style type=\"text\/css\" data-created_by=\"avia_inline_auto\" id=\"style-css-av-k3647wxa-14f501a09e84162727fa6ec184c7a00c\">\n.avia-section.av-k3647wxa-14f501a09e84162727fa6ec184c7a00c{\nmargin-top:0px;\nmargin-bottom:100px;\n}\n<\/style>\n<div id='av_section_1'  class='avia-section av-k3647wxa-14f501a09e84162727fa6ec184c7a00c main_color avia-section-no-padding avia-no-border-styling  avia-builder-el-3  el_after_av_hr  avia-builder-el-last  avia-bg-style-scroll container_wrap sidebar_right'  ><div class='container av-section-cont-open' ><div class='template-page content  av-content-small alpha units'><div class='post-entry post-entry-type-page post-entry-6609'><div class='entry-content-wrapper clearfix'>\n\n<style type=\"text\/css\" data-created_by=\"avia_inline_auto\" id=\"style-css-av-7nzzw-2c1641dce56e8229eb55335a5a6ec76f\">\n.flex_column.av-7nzzw-2c1641dce56e8229eb55335a5a6ec76f{\nborder-radius:0px 0px 0px 0px;\npadding:0px 0px 0px 0px;\n}\n<\/style>\n<div  class='flex_column av-7nzzw-2c1641dce56e8229eb55335a5a6ec76f av_two_third  avia-builder-el-4  el_before_av_one_third  avia-builder-el-first  first flex_column_div av-animated-generic bottom-to-top av-zero-column-padding  '     ><p>\n<style type=\"text\/css\" data-created_by=\"avia_inline_auto\" id=\"style-css-av-k3conupj-7806de83e796f3c3aa4ee73c2aed0d64\">\n.avia-image-container.av-k3conupj-7806de83e796f3c3aa4ee73c2aed0d64 img.avia_image{\nbox-shadow:none;\n}\n.avia-image-container.av-k3conupj-7806de83e796f3c3aa4ee73c2aed0d64 .av-image-caption-overlay-center{\ncolor:#ffffff;\n}\n<\/style>\n<div  class='avia-image-container av-k3conupj-7806de83e796f3c3aa4ee73c2aed0d64 av-styling- av-hover-grow av-hide-overflow av-img-linked avia-align-center  avia-builder-el-5  el_before_av_hr  avia-builder-el-first '   itemprop=\"image\" itemscope=\"itemscope\" itemtype=\"https:\/\/schema.org\/ImageObject\" ><div class=\"avia-image-container-inner\"><div class=\"avia-image-overlay-wrap\"><a href=\"https:\/\/osg-excello.com\/wp-content\/uploads\/2019\/11\/werkzeug_verfahrensentwicklung_Kaltwalzen_DSC_7926_Ret_kl.jpg\" data-srcset=\"https:\/\/osg-excello.com\/wp-content\/uploads\/2019\/11\/werkzeug_verfahrensentwicklung_Kaltwalzen_DSC_7926_Ret_kl.jpg 1280w, https:\/\/osg-excello.com\/wp-content\/uploads\/2019\/11\/werkzeug_verfahrensentwicklung_Kaltwalzen_DSC_7926_Ret_kl-768x511.jpg 768w, https:\/\/osg-excello.com\/wp-content\/uploads\/2019\/11\/werkzeug_verfahrensentwicklung_Kaltwalzen_DSC_7926_Ret_kl-705x469.jpg 705w\" data-sizes=\"(max-width: 1280px) 100vw, 1280px\" class='avia_image '  aria-label='werkzeug_verfahrensentwicklung_Kaltwalzen_DSC_7926_Ret_kl'><img decoding=\"async\" fetchpriority=\"high\" class='wp-image-6625 avia-img-lazy-loading-not-6625 avia_image ' src=\"https:\/\/osg-excello.com\/wp-content\/uploads\/2019\/11\/werkzeug_verfahrensentwicklung_Kaltwalzen_DSC_7926_Ret_kl.jpg\" alt='' title='werkzeug_verfahrensentwicklung_Kaltwalzen_DSC_7926_Ret_kl'  height=\"852\" width=\"1280\"  itemprop=\"thumbnailUrl\" srcset=\"https:\/\/osg-excello.com\/wp-content\/uploads\/2019\/11\/werkzeug_verfahrensentwicklung_Kaltwalzen_DSC_7926_Ret_kl.jpg 1280w, https:\/\/osg-excello.com\/wp-content\/uploads\/2019\/11\/werkzeug_verfahrensentwicklung_Kaltwalzen_DSC_7926_Ret_kl-768x511.jpg 768w, https:\/\/osg-excello.com\/wp-content\/uploads\/2019\/11\/werkzeug_verfahrensentwicklung_Kaltwalzen_DSC_7926_Ret_kl-705x469.jpg 705w\" sizes=\"(max-width: 1280px) 100vw, 1280px\" \/><\/a><\/div><\/div><\/div><br \/>\n\n<style type=\"text\/css\" data-created_by=\"avia_inline_auto\" id=\"style-css-av-k3b9kc22-fb179e88a596ca9b3f22021301765415\">\n#top .hr.hr-invisible.av-k3b9kc22-fb179e88a596ca9b3f22021301765415{\nheight:30px;\n}\n<\/style>\n<div  class='hr av-k3b9kc22-fb179e88a596ca9b3f22021301765415 hr-invisible  avia-builder-el-6  el_after_av_image  el_before_av_image '><span class='hr-inner '><span class=\"hr-inner-style\"><\/span><\/span><\/div><br \/>\n\n<style type=\"text\/css\" data-created_by=\"avia_inline_auto\" id=\"style-css-av-k3conupj-35af65e022d226bfeca7f34946f10698\">\n.avia-image-container.av-k3conupj-35af65e022d226bfeca7f34946f10698 img.avia_image{\nbox-shadow:none;\n}\n.avia-image-container.av-k3conupj-35af65e022d226bfeca7f34946f10698 .av-image-caption-overlay-center{\ncolor:#ffffff;\n}\n<\/style>\n<div  class='avia-image-container av-k3conupj-35af65e022d226bfeca7f34946f10698 av-styling- av-hover-grow av-hide-overflow av-img-linked avia-align-left  avia-builder-el-7  el_after_av_hr  el_before_av_image  rowImage50'   itemprop=\"image\" itemscope=\"itemscope\" itemtype=\"https:\/\/schema.org\/ImageObject\" ><div class=\"avia-image-container-inner\"><div class=\"avia-image-overlay-wrap\"><a href=\"https:\/\/osg-excello.com\/wp-content\/uploads\/2019\/11\/werkzeug_verfahrensentwicklung_SAM_3541.jpg\" data-srcset=\"https:\/\/osg-excello.com\/wp-content\/uploads\/2019\/11\/werkzeug_verfahrensentwicklung_SAM_3541.jpg 1280w, https:\/\/osg-excello.com\/wp-content\/uploads\/2019\/11\/werkzeug_verfahrensentwicklung_SAM_3541-768x512.jpg 768w, https:\/\/osg-excello.com\/wp-content\/uploads\/2019\/11\/werkzeug_verfahrensentwicklung_SAM_3541-705x470.jpg 705w\" data-sizes=\"(max-width: 1280px) 100vw, 1280px\" class='avia_image '  aria-label='werkzeug_verfahrensentwicklung_SAM_3541'><img decoding=\"async\" fetchpriority=\"high\" class='wp-image-6610 avia-img-lazy-loading-not-6610 avia_image ' src=\"https:\/\/osg-excello.com\/wp-content\/uploads\/2019\/11\/werkzeug_verfahrensentwicklung_SAM_3541.jpg\" alt='' title='werkzeug_verfahrensentwicklung_SAM_3541'  height=\"853\" width=\"1280\"  itemprop=\"thumbnailUrl\" srcset=\"https:\/\/osg-excello.com\/wp-content\/uploads\/2019\/11\/werkzeug_verfahrensentwicklung_SAM_3541.jpg 1280w, https:\/\/osg-excello.com\/wp-content\/uploads\/2019\/11\/werkzeug_verfahrensentwicklung_SAM_3541-768x512.jpg 768w, https:\/\/osg-excello.com\/wp-content\/uploads\/2019\/11\/werkzeug_verfahrensentwicklung_SAM_3541-705x470.jpg 705w\" sizes=\"(max-width: 1280px) 100vw, 1280px\" \/><\/a><\/div><\/div><\/div><br \/>\n\n<style type=\"text\/css\" data-created_by=\"avia_inline_auto\" id=\"style-css-av-k3conupj-4c002da1d66b4a4e3898e8c03ddc32e5\">\n.avia-image-container.av-k3conupj-4c002da1d66b4a4e3898e8c03ddc32e5 img.avia_image{\nbox-shadow:none;\n}\n.avia-image-container.av-k3conupj-4c002da1d66b4a4e3898e8c03ddc32e5 .av-image-caption-overlay-center{\ncolor:#ffffff;\n}\n<\/style>\n<div  class='avia-image-container av-k3conupj-4c002da1d66b4a4e3898e8c03ddc32e5 av-styling- av-hover-grow av-hide-overflow av-img-linked avia-align-left  avia-builder-el-8  el_after_av_image  avia-builder-el-last  rowImage50'   itemprop=\"image\" itemscope=\"itemscope\" itemtype=\"https:\/\/schema.org\/ImageObject\" ><div class=\"avia-image-container-inner\"><div class=\"avia-image-overlay-wrap\"><a href=\"https:\/\/osg-excello.com\/wp-content\/uploads\/2019\/11\/werkzeug_verfahrensentwicklung_1.jpg\" class='avia_image '  aria-label='werkzeug_verfahrensentwicklung_1'><img decoding=\"async\" fetchpriority=\"high\" class='wp-image-6624 avia-img-lazy-loading-not-6624 avia_image ' src=\"https:\/\/osg-excello.com\/wp-content\/uploads\/2019\/11\/werkzeug_verfahrensentwicklung_1.jpg\" alt='' title='werkzeug_verfahrensentwicklung_1'  height=\"179\" width=\"453\"  itemprop=\"thumbnailUrl\"  \/><\/a><\/div><\/div><\/div><\/p><\/div>\n<style type=\"text\/css\" data-created_by=\"avia_inline_auto\" id=\"style-css-av-7nzzw-47ef4b95d16ddc52afc9d03e4ee84fbc\">\n.flex_column.av-7nzzw-47ef4b95d16ddc52afc9d03e4ee84fbc{\nborder-radius:0px 0px 0px 0px;\npadding:0px 0px 0px 0px;\n}\n<\/style>\n<div  class='flex_column av-7nzzw-47ef4b95d16ddc52afc9d03e4ee84fbc av_one_third  avia-builder-el-9  el_after_av_two_third  avia-builder-el-last  flex_column_div av-animated-generic bottom-to-top av-zero-column-padding  '     ><p>\n<style type=\"text\/css\" data-created_by=\"avia_inline_auto\" id=\"style-css-av-k3enkekk-cdfaffb9d7a54d08faf854cb8fa7dd89\">\n#top .av-special-heading.av-k3enkekk-cdfaffb9d7a54d08faf854cb8fa7dd89{\npadding-bottom:10px;\n}\nbody .av-special-heading.av-k3enkekk-cdfaffb9d7a54d08faf854cb8fa7dd89 .av-special-heading-tag .heading-char{\nfont-size:25px;\n}\n.av-special-heading.av-k3enkekk-cdfaffb9d7a54d08faf854cb8fa7dd89 .av-subheading{\nfont-size:15px;\n}\n<\/style>\n<div  class='av-special-heading av-k3enkekk-cdfaffb9d7a54d08faf854cb8fa7dd89 av-special-heading-h3  avia-builder-el-10  el_before_av_textblock  avia-builder-el-first '><h3 class='av-special-heading-tag '  itemprop=\"headline\"  >Szersz\u00e1mfejleszt\u00e9s<\/h3><div class=\"special-heading-border\"><div class=\"special-heading-inner-border\"><\/div><\/div><\/div><br \/>\n<section  class='av_textblock_section av-k3a8vy1i-c3eaba6a5673f57b0224f2a8c69b5209 '   itemscope=\"itemscope\" itemtype=\"https:\/\/schema.org\/CreativeWork\" ><div class='avia_textblock'  itemprop=\"text\" ><ul>\n<li>Mint technol\u00f3giai partner, az OSG EX-CELL-O \u00d6nnel k\u00f6z\u00f6sen fejleszti a folyamatokat, hogy az k\u00e9szen \u00e1lljon a sorozatgy\u00e1rt\u00e1sra.<\/li>\n<li>A rajz k\u00e9zhezv\u00e9tele ut\u00e1n elmezz\u00fck, hogy megval\u00f3s\u00edthat\u00f3-e a kivitel.<\/li>\n<li>Amennyiben m\u00f3dos\u00edt\u00e1s sz\u00fcks\u00e9ges a form\u00e1z\u00e1si folyamat enged\u00e9lyez\u00e9s\u00e9hez, akkor ezeket az inform\u00e1ci\u00f3kat egyeztet\u00e9sre k\u00fcldj\u00fck.<\/li>\n<li>K\u00f6vetkez\u0151 l\u00e9p\u00e9sk\u00e9nt  elk\u00e9sz\u00edtj\u00fck a protot\u00edpust, \u00e9s tesztelj\u00fck azt g\u00e9peinken, ide\u00e1lis esetben az eredeti alkatr\u00e9szeket felhaszn\u00e1lva.<\/li>\n<li>Ha korrekci\u00f3ra van sz\u00fcks\u00e9g, m\u00f3dos\u00edtjuk a kivitelt , \u00e9s a v\u00e1ltoztat\u00e1sok \u00fajb\u00f3li tesztel\u00e9ssel ellen\u0151rizz\u00fck azok helyess\u00e9g\u00e9t.<\/li>\n<li>V\u00e9g\u00fcl egy kis darabsz\u00e1m\u00fa sorozat k\u00e9sz\u00fcl a sz\u00fcks\u00e9ges dokument\u00e1ci\u00f3val az \u00d6n sz\u00e1m\u00e1ra.<\/li>\n<\/ul>\n<\/div><\/section><br \/>\n\n<style type=\"text\/css\" data-created_by=\"avia_inline_auto\" id=\"style-css-av-k3enlegr-c4536f5a54d8c16bc8089bb76ac1e89f\">\n#top .av-special-heading.av-k3enlegr-c4536f5a54d8c16bc8089bb76ac1e89f{\npadding-bottom:10px;\n}\nbody .av-special-heading.av-k3enlegr-c4536f5a54d8c16bc8089bb76ac1e89f .av-special-heading-tag .heading-char{\nfont-size:25px;\n}\n.av-special-heading.av-k3enlegr-c4536f5a54d8c16bc8089bb76ac1e89f .av-subheading{\nfont-size:15px;\n}\n<\/style>\n<div  class='av-special-heading av-k3enlegr-c4536f5a54d8c16bc8089bb76ac1e89f av-special-heading-h3  avia-builder-el-12  el_after_av_textblock  el_before_av_textblock '><h3 class='av-special-heading-tag '  itemprop=\"headline\"  >Folyamatfejleszt\u00e9s<\/h3><div class=\"special-heading-border\"><div class=\"special-heading-inner-border\"><\/div><\/div><\/div><br \/>\n<section  class='av_textblock_section av-k3a8vy1i-c3eaba6a5673f57b0224f2a8c69b5209 '   itemscope=\"itemscope\" itemtype=\"https:\/\/schema.org\/CreativeWork\" ><div class='avia_textblock'  itemprop=\"text\" ><ul>\n<li>&#8222;Out of the box&#8221; szeml\u00e9let: az OSG-csoporton bel\u00fcl ezt a fejleszt\u00e9si strat\u00e9gi\u00e1t tartjuk szem al\u0151tt. A gy\u00e1rt\u00e1si m\u00f3dszerek tov\u00e1bbi fejleszt\u00e9s\u00e9vel, \u00faj \u00f6tletekkel \u00e9s az innov\u00e1ci\u00f3kon kereszt\u00fcl biztos\u00edtjuk a versenyel\u0151nyt, ami a fenntarthat\u00f3 n\u00f6veked\u00e9s alapja.<\/li>\n<li>Gondolkozzunk k\u00f6z\u00f6sen, \u00e9s tesztelje kompetenci\u00e1nkat az \u00faj m\u00e1ngorl\u00e1si folyamatok kidolgoz\u00e1sa \u00e9rdek\u00e9ben.<\/li>\n<\/ul>\n<\/div><\/section><\/p><\/div><\/div><\/div><\/div><!-- close content main div --><\/div><\/div><div id='after_section_1'  class='main_color av_default_container_wrap container_wrap sidebar_right'  ><div class='container av-section-cont-open' ><div class='template-page content  av-content-small alpha units'><div class='post-entry post-entry-type-page post-entry-6609'><div class='entry-content-wrapper clearfix'>\n","protected":false},"excerpt":{"rendered":"","protected":false},"author":1,"featured_media":0,"parent":2476,"menu_order":946,"comment_status":"closed","ping_status":"closed","template":"","meta":{"footnotes":""},"class_list":["post-6609","page","type-page","status-publish","hentry"],"yoast_head":"<!-- This site is optimized with the Yoast SEO plugin v27.2 - https:\/\/yoast.com\/product\/yoast-seo-wordpress\/ -->\n<title>Folyamatfejleszt\u00e9s - OSG Ex-Cell-O<\/title>\n<meta name=\"robots\" content=\"index, follow, max-snippet:-1, max-image-preview:large, max-video-preview:-1\" \/>\n<link rel=\"canonical\" href=\"https:\/\/osg-excello.com\/hu\/szerelekek\/verfahrensentwicklung\/\" \/>\n<meta property=\"og:locale\" content=\"hu_HU\" \/>\n<meta property=\"og:type\" content=\"article\" \/>\n<meta property=\"og:title\" content=\"Folyamatfejleszt\u00e9s - OSG Ex-Cell-O\" \/>\n<meta property=\"og:url\" content=\"https:\/\/osg-excello.com\/hu\/szerelekek\/verfahrensentwicklung\/\" \/>\n<meta property=\"og:site_name\" content=\"OSG Ex-Cell-O\" \/>\n<meta property=\"article:modified_time\" content=\"2021-05-26T11:28:38+00:00\" \/>\n<meta name=\"twitter:card\" content=\"summary_large_image\" \/>\n<meta name=\"twitter:label1\" content=\"Becs\u00fclt olvas\u00e1si id\u0151\" \/>\n\t<meta name=\"twitter:data1\" content=\"7 perc\" \/>\n<script type=\"application\/ld+json\" class=\"yoast-schema-graph\">{\"@context\":\"https:\/\/schema.org\",\"@graph\":[{\"@type\":\"WebPage\",\"@id\":\"https:\/\/osg-excello.com\/hu\/szerelekek\/verfahrensentwicklung\/\",\"url\":\"https:\/\/osg-excello.com\/hu\/szerelekek\/verfahrensentwicklung\/\",\"name\":\"Folyamatfejleszt\u00e9s - OSG Ex-Cell-O\",\"isPartOf\":{\"@id\":\"https:\/\/osg-excello.com\/hu\/#website\"},\"datePublished\":\"2019-11-19T15:21:55+00:00\",\"dateModified\":\"2021-05-26T11:28:38+00:00\",\"breadcrumb\":{\"@id\":\"https:\/\/osg-excello.com\/hu\/szerelekek\/verfahrensentwicklung\/#breadcrumb\"},\"inLanguage\":\"hu\",\"potentialAction\":[{\"@type\":\"ReadAction\",\"target\":[\"https:\/\/osg-excello.com\/hu\/szerelekek\/verfahrensentwicklung\/\"]}]},{\"@type\":\"BreadcrumbList\",\"@id\":\"https:\/\/osg-excello.com\/hu\/szerelekek\/verfahrensentwicklung\/#breadcrumb\",\"itemListElement\":[{\"@type\":\"ListItem\",\"position\":1,\"name\":\"Startseite\",\"item\":\"https:\/\/osg-excello.com\/hu\/\"},{\"@type\":\"ListItem\",\"position\":2,\"name\":\"SZEREL\u00c9KEK\",\"item\":\"https:\/\/osg-excello.com\/hu\/szerelekek\/\"},{\"@type\":\"ListItem\",\"position\":3,\"name\":\"Folyamatfejleszt\u00e9s\"}]},{\"@type\":\"WebSite\",\"@id\":\"https:\/\/osg-excello.com\/hu\/#website\",\"url\":\"https:\/\/osg-excello.com\/hu\/\",\"name\":\"OSG Ex-Cell-O\",\"description\":\"\",\"publisher\":{\"@id\":\"https:\/\/osg-excello.com\/hu\/#organization\"},\"potentialAction\":[{\"@type\":\"SearchAction\",\"target\":{\"@type\":\"EntryPoint\",\"urlTemplate\":\"https:\/\/osg-excello.com\/hu\/?s={search_term_string}\"},\"query-input\":{\"@type\":\"PropertyValueSpecification\",\"valueRequired\":true,\"valueName\":\"search_term_string\"}}],\"inLanguage\":\"hu\"},{\"@type\":\"Organization\",\"@id\":\"https:\/\/osg-excello.com\/hu\/#organization\",\"name\":\"OSG Ex-Cell-O GmbH\",\"url\":\"https:\/\/osg-excello.com\/hu\/\",\"logo\":{\"@type\":\"ImageObject\",\"inLanguage\":\"hu\",\"@id\":\"https:\/\/osg-excello.com\/hu\/#\/schema\/logo\/image\/\",\"url\":\"https:\/\/osg-excello.com\/wp-content\/uploads\/2019\/11\/osg_excello_logo_final-2.png\",\"contentUrl\":\"https:\/\/osg-excello.com\/wp-content\/uploads\/2019\/11\/osg_excello_logo_final-2.png\",\"width\":514,\"height\":236,\"caption\":\"OSG Ex-Cell-O GmbH\"},\"image\":{\"@id\":\"https:\/\/osg-excello.com\/hu\/#\/schema\/logo\/image\/\"}}]}<\/script>\n<!-- \/ Yoast SEO plugin. -->","yoast_head_json":{"title":"Folyamatfejleszt\u00e9s - OSG Ex-Cell-O","robots":{"index":"index","follow":"follow","max-snippet":"max-snippet:-1","max-image-preview":"max-image-preview:large","max-video-preview":"max-video-preview:-1"},"canonical":"https:\/\/osg-excello.com\/hu\/szerelekek\/verfahrensentwicklung\/","og_locale":"hu_HU","og_type":"article","og_title":"Folyamatfejleszt\u00e9s - OSG Ex-Cell-O","og_url":"https:\/\/osg-excello.com\/hu\/szerelekek\/verfahrensentwicklung\/","og_site_name":"OSG Ex-Cell-O","article_modified_time":"2021-05-26T11:28:38+00:00","twitter_card":"summary_large_image","twitter_misc":{"Becs\u00fclt olvas\u00e1si id\u0151":"7 perc"},"schema":{"@context":"https:\/\/schema.org","@graph":[{"@type":"WebPage","@id":"https:\/\/osg-excello.com\/hu\/szerelekek\/verfahrensentwicklung\/","url":"https:\/\/osg-excello.com\/hu\/szerelekek\/verfahrensentwicklung\/","name":"Folyamatfejleszt\u00e9s - OSG Ex-Cell-O","isPartOf":{"@id":"https:\/\/osg-excello.com\/hu\/#website"},"datePublished":"2019-11-19T15:21:55+00:00","dateModified":"2021-05-26T11:28:38+00:00","breadcrumb":{"@id":"https:\/\/osg-excello.com\/hu\/szerelekek\/verfahrensentwicklung\/#breadcrumb"},"inLanguage":"hu","potentialAction":[{"@type":"ReadAction","target":["https:\/\/osg-excello.com\/hu\/szerelekek\/verfahrensentwicklung\/"]}]},{"@type":"BreadcrumbList","@id":"https:\/\/osg-excello.com\/hu\/szerelekek\/verfahrensentwicklung\/#breadcrumb","itemListElement":[{"@type":"ListItem","position":1,"name":"Startseite","item":"https:\/\/osg-excello.com\/hu\/"},{"@type":"ListItem","position":2,"name":"SZEREL\u00c9KEK","item":"https:\/\/osg-excello.com\/hu\/szerelekek\/"},{"@type":"ListItem","position":3,"name":"Folyamatfejleszt\u00e9s"}]},{"@type":"WebSite","@id":"https:\/\/osg-excello.com\/hu\/#website","url":"https:\/\/osg-excello.com\/hu\/","name":"OSG Ex-Cell-O","description":"","publisher":{"@id":"https:\/\/osg-excello.com\/hu\/#organization"},"potentialAction":[{"@type":"SearchAction","target":{"@type":"EntryPoint","urlTemplate":"https:\/\/osg-excello.com\/hu\/?s={search_term_string}"},"query-input":{"@type":"PropertyValueSpecification","valueRequired":true,"valueName":"search_term_string"}}],"inLanguage":"hu"},{"@type":"Organization","@id":"https:\/\/osg-excello.com\/hu\/#organization","name":"OSG Ex-Cell-O GmbH","url":"https:\/\/osg-excello.com\/hu\/","logo":{"@type":"ImageObject","inLanguage":"hu","@id":"https:\/\/osg-excello.com\/hu\/#\/schema\/logo\/image\/","url":"https:\/\/osg-excello.com\/wp-content\/uploads\/2019\/11\/osg_excello_logo_final-2.png","contentUrl":"https:\/\/osg-excello.com\/wp-content\/uploads\/2019\/11\/osg_excello_logo_final-2.png","width":514,"height":236,"caption":"OSG Ex-Cell-O GmbH"},"image":{"@id":"https:\/\/osg-excello.com\/hu\/#\/schema\/logo\/image\/"}}]}},"_links":{"self":[{"href":"https:\/\/osg-excello.com\/hu\/wp-json\/wp\/v2\/pages\/6609","targetHints":{"allow":["GET"]}}],"collection":[{"href":"https:\/\/osg-excello.com\/hu\/wp-json\/wp\/v2\/pages"}],"about":[{"href":"https:\/\/osg-excello.com\/hu\/wp-json\/wp\/v2\/types\/page"}],"author":[{"embeddable":true,"href":"https:\/\/osg-excello.com\/hu\/wp-json\/wp\/v2\/users\/1"}],"replies":[{"embeddable":true,"href":"https:\/\/osg-excello.com\/hu\/wp-json\/wp\/v2\/comments?post=6609"}],"version-history":[{"count":5,"href":"https:\/\/osg-excello.com\/hu\/wp-json\/wp\/v2\/pages\/6609\/revisions"}],"predecessor-version":[{"id":6747,"href":"https:\/\/osg-excello.com\/hu\/wp-json\/wp\/v2\/pages\/6609\/revisions\/6747"}],"up":[{"embeddable":true,"href":"https:\/\/osg-excello.com\/hu\/wp-json\/wp\/v2\/pages\/2476"}],"wp:attachment":[{"href":"https:\/\/osg-excello.com\/hu\/wp-json\/wp\/v2\/media?parent=6609"}],"curies":[{"name":"wp","href":"https:\/\/api.w.org\/{rel}","templated":true}]}}