{"id":9056,"date":"2021-09-09T13:11:48","date_gmt":"2021-09-09T11:11:48","guid":{"rendered":"https:\/\/osg-excello.com\/unternehmenspolitik\/"},"modified":"2021-09-09T13:17:12","modified_gmt":"2021-09-09T11:17:12","slug":"unternehmenspolitik","status":"publish","type":"page","link":"https:\/\/osg-excello.com\/ko\/company\/unternehmenspolitik\/","title":{"rendered":"Unternehmenspolitik"},"content":{"rendered":"\n<style type=\"text\/css\" data-created_by=\"avia_inline_auto\" id=\"style-css-av-807no-33a4a38e5e0d5dea70cde682a9dc653a\">\n.flex_column.av-807no-33a4a38e5e0d5dea70cde682a9dc653a{\nborder-radius:0px 0px 0px 0px;\npadding:25px 0px 0px 0px;\n}\n<\/style>\n<div  class='flex_column av-807no-33a4a38e5e0d5dea70cde682a9dc653a av_one_full  avia-builder-el-0  el_before_av_hr  avia-builder-el-first  first flex_column_div  '     ><style type=\"text\/css\" data-created_by=\"avia_inline_auto\" id=\"style-css-av-k3646mjj-db1932f03b4982cf5a39061802059772\">\n#top .av-special-heading.av-k3646mjj-db1932f03b4982cf5a39061802059772{\npadding-bottom:10px;\n}\nbody .av-special-heading.av-k3646mjj-db1932f03b4982cf5a39061802059772 .av-special-heading-tag .heading-char{\nfont-size:25px;\n}\n.av-special-heading.av-k3646mjj-db1932f03b4982cf5a39061802059772 .av-subheading{\nfont-size:15px;\n}\n<\/style>\n<div  class='av-special-heading av-k3646mjj-db1932f03b4982cf5a39061802059772 av-special-heading-h1 blockquote modern-quote modern-centered  avia-builder-el-1  avia-builder-el-no-sibling  av-linked-heading'><h1 class='av-special-heading-tag '  itemprop=\"headline\"  >Unternehmenspolitik<\/h1><div class=\"special-heading-border\"><div class=\"special-heading-inner-border\"><\/div><\/div><\/div><\/div>\n<style type=\"text\/css\" data-created_by=\"avia_inline_auto\" id=\"style-css-av-k363cjsl-6c3a36cc1ad2d24930cc419f13ab6bc6\">\n#top .hr.av-k363cjsl-6c3a36cc1ad2d24930cc419f13ab6bc6{\nmargin-top:0px;\nmargin-bottom:30px;\n}\n.hr.av-k363cjsl-6c3a36cc1ad2d24930cc419f13ab6bc6 .hr-inner{\nwidth:30%;\nborder-color:#e8e8e8;\nmax-width:45%;\n}\n.hr.av-k363cjsl-6c3a36cc1ad2d24930cc419f13ab6bc6 .av-seperator-icon{\ncolor:#e8e8e8;\n}\n.hr.av-k363cjsl-6c3a36cc1ad2d24930cc419f13ab6bc6 .av-seperator-icon.avia-svg-icon svg:first-child{\nfill:#e8e8e8;\nstroke:#e8e8e8;\n}\n<\/style>\n<div  class='hr av-k363cjsl-6c3a36cc1ad2d24930cc419f13ab6bc6 hr-custom  avia-builder-el-2  el_after_av_one_full  el_before_av_section  avia-builder-el-last  hr-center hr-icon-yes'><span class='hr-inner inner-border-av-border-thin'><span class=\"hr-inner-style\"><\/span><\/span><span class='av-seperator-icon avia-iconfont avia-font-entypo-fontello' data-av_icon='\ue898' data-av_iconfont='entypo-fontello' ><\/span><span class='hr-inner inner-border-av-border-thin'><span class=\"hr-inner-style\"><\/span><\/span><\/div><\/p>\n<\/div><\/div><\/div><!-- close content main div --><\/div><\/div>\n<style type=\"text\/css\" data-created_by=\"avia_inline_auto\" id=\"style-css-av-k3647wxa-14f501a09e84162727fa6ec184c7a00c\">\n.avia-section.av-k3647wxa-14f501a09e84162727fa6ec184c7a00c{\nmargin-top:0px;\nmargin-bottom:100px;\n}\n<\/style>\n<div id='av_section_1'  class='avia-section av-k3647wxa-14f501a09e84162727fa6ec184c7a00c main_color avia-section-no-padding avia-no-border-styling  avia-builder-el-3  el_after_av_hr  el_before_av_textblock  avia-bg-style-scroll container_wrap sidebar_right'  ><div class='container av-section-cont-open' ><div class='template-page content  av-content-small alpha units'><div class='post-entry post-entry-type-page post-entry-9056'><div class='entry-content-wrapper clearfix'>\n\n<style type=\"text\/css\" data-created_by=\"avia_inline_auto\" id=\"style-css-av-av_one_full-53b0b300fb3685750664fb085c5ad19d\">\n.flex_column.av-av_one_full-53b0b300fb3685750664fb085c5ad19d{\nborder-radius:0px 0px 0px 0px;\npadding:0px 0px 0px 0px;\n}\n<\/style>\n<div  class='flex_column av-av_one_full-53b0b300fb3685750664fb085c5ad19d av_one_full  avia-builder-el-4  avia-builder-el-no-sibling  first flex_column_div av-zero-column-padding  '     ><section  class='av_textblock_section av-ktctzl50-e48a140c50f01c4158dc68c687ec38a6 '   itemscope=\"itemscope\" itemtype=\"https:\/\/schema.org\/CreativeWork\" ><div class='avia_textblock'  itemprop=\"text\" ><p>Kundenzufriedenheit<br \/>\nWir wollen zufriedene Kunden. Deshalb ist hohe Produktqualit\u00e4t und unser Service am Kunden eines unserer obersten Unternehmensziele. Durch die konsequente Umsetzung der Unternehmensleits\u00e4tze und durch den pers\u00f6nlichen Kontakt unserer gut geschulten und motivierten Mitarbeiter im Vertrieb, wollen wir von unserem Kunden als vertrauensw\u00fcrdiger Lieferant wahrgenommen werden.<br \/>\nKundenn\u00e4he ist ein wesentlicher Bestandteil unserer Qualit\u00e4tspolitik.<br \/>\nDurch diese k\u00f6nnen wir eine ganzheitliche Analyse des Produktionsumfeldes vornehmen, um die richtige Maschinen- und Werkzeugauswahl zu treffen oder gegebenenfalls kundenspezifische L\u00f6sungen zu entwickeln.<br \/>\nDen Ma\u00dfstab f\u00fcr unsere Qualit\u00e4t setzt der Kunde.<br \/>\nUnser Ziel ist es diesen Ma\u00dfstab zu erf\u00fcllen und dass unsere Maschinen und Werkzeuge ein wesentlicher Bestandteil f\u00fcr die Produkte unsere Kunden sind.<\/p>\n<\/div><\/section><\/div><\/div><\/div><\/div><!-- close content main div --><\/div><\/div><div id='after_section_1'  class='main_color av_default_container_wrap container_wrap sidebar_right'  ><div class='container av-section-cont-open' ><div class='template-page content  av-content-small alpha units'><div class='post-entry post-entry-type-page post-entry-9056'><div class='entry-content-wrapper clearfix'><section  class='av_textblock_section av-av_textblock-01da66c8a430ece279119bac7dc1a336 '   itemscope=\"itemscope\" itemtype=\"https:\/\/schema.org\/CreativeWork\" ><div class='avia_textblock'  itemprop=\"text\" ><p>Klicke hier, um Ihren eigenen Text einzuf\u00fcgen<\/p>\n<\/div><\/section><\/p>\n","protected":false},"excerpt":{"rendered":"","protected":false},"author":2,"featured_media":0,"parent":2205,"menu_order":35,"comment_status":"closed","ping_status":"closed","template":"","meta":{"footnotes":""},"class_list":["post-9056","page","type-page","status-publish","hentry"],"yoast_head":"<!-- This site is optimized with the Yoast SEO plugin v27.2 - https:\/\/yoast.com\/product\/yoast-seo-wordpress\/ -->\n<title>Unternehmenspolitik - OSG Ex-Cell-O<\/title>\n<meta name=\"robots\" content=\"index, follow, max-snippet:-1, max-image-preview:large, max-video-preview:-1\" \/>\n<link rel=\"canonical\" href=\"https:\/\/osg-excello.com\/ko\/company\/unternehmenspolitik\/\" \/>\n<meta property=\"og:locale\" content=\"ko_KR\" \/>\n<meta property=\"og:type\" content=\"article\" \/>\n<meta property=\"og:title\" content=\"Unternehmenspolitik - OSG Ex-Cell-O\" \/>\n<meta property=\"og:url\" content=\"https:\/\/osg-excello.com\/ko\/company\/unternehmenspolitik\/\" \/>\n<meta property=\"og:site_name\" content=\"OSG Ex-Cell-O\" \/>\n<meta property=\"article:modified_time\" content=\"2021-09-09T11:17:12+00:00\" \/>\n<meta name=\"twitter:card\" content=\"summary_large_image\" \/>\n<meta name=\"twitter:label1\" content=\"\uc608\uc0c1 \ub418\ub294 \ud310\ub3c5 \uc2dc\uac04\" \/>\n\t<meta name=\"twitter:data1\" content=\"4\ubd84\" \/>\n<script type=\"application\/ld+json\" class=\"yoast-schema-graph\">{\"@context\":\"https:\/\/schema.org\",\"@graph\":[{\"@type\":\"WebPage\",\"@id\":\"https:\/\/osg-excello.com\/ko\/company\/unternehmenspolitik\/\",\"url\":\"https:\/\/osg-excello.com\/ko\/company\/unternehmenspolitik\/\",\"name\":\"Unternehmenspolitik - OSG Ex-Cell-O\",\"isPartOf\":{\"@id\":\"https:\/\/osg-excello.com\/ko\/#website\"},\"datePublished\":\"2021-09-09T11:11:48+00:00\",\"dateModified\":\"2021-09-09T11:17:12+00:00\",\"breadcrumb\":{\"@id\":\"https:\/\/osg-excello.com\/ko\/company\/unternehmenspolitik\/#breadcrumb\"},\"inLanguage\":\"ko-KR\",\"potentialAction\":[{\"@type\":\"ReadAction\",\"target\":[\"https:\/\/osg-excello.com\/ko\/company\/unternehmenspolitik\/\"]}]},{\"@type\":\"BreadcrumbList\",\"@id\":\"https:\/\/osg-excello.com\/ko\/company\/unternehmenspolitik\/#breadcrumb\",\"itemListElement\":[{\"@type\":\"ListItem\",\"position\":1,\"name\":\"Startseite\",\"item\":\"https:\/\/osg-excello.com\/ko\/\"},{\"@type\":\"ListItem\",\"position\":2,\"name\":\"\ud68c\uc0ac\",\"item\":\"https:\/\/osg-excello.com\/ko\/\"},{\"@type\":\"ListItem\",\"position\":3,\"name\":\"Unternehmenspolitik\"}]},{\"@type\":\"WebSite\",\"@id\":\"https:\/\/osg-excello.com\/ko\/#website\",\"url\":\"https:\/\/osg-excello.com\/ko\/\",\"name\":\"OSG Ex-Cell-O\",\"description\":\"\",\"publisher\":{\"@id\":\"https:\/\/osg-excello.com\/ko\/#organization\"},\"potentialAction\":[{\"@type\":\"SearchAction\",\"target\":{\"@type\":\"EntryPoint\",\"urlTemplate\":\"https:\/\/osg-excello.com\/ko\/?s={search_term_string}\"},\"query-input\":{\"@type\":\"PropertyValueSpecification\",\"valueRequired\":true,\"valueName\":\"search_term_string\"}}],\"inLanguage\":\"ko-KR\"},{\"@type\":\"Organization\",\"@id\":\"https:\/\/osg-excello.com\/ko\/#organization\",\"name\":\"OSG Ex-Cell-O GmbH\",\"url\":\"https:\/\/osg-excello.com\/ko\/\",\"logo\":{\"@type\":\"ImageObject\",\"inLanguage\":\"ko-KR\",\"@id\":\"https:\/\/osg-excello.com\/ko\/#\/schema\/logo\/image\/\",\"url\":\"https:\/\/osg-excello.com\/wp-content\/uploads\/2019\/11\/osg_excello_logo_final-2.png\",\"contentUrl\":\"https:\/\/osg-excello.com\/wp-content\/uploads\/2019\/11\/osg_excello_logo_final-2.png\",\"width\":514,\"height\":236,\"caption\":\"OSG Ex-Cell-O GmbH\"},\"image\":{\"@id\":\"https:\/\/osg-excello.com\/ko\/#\/schema\/logo\/image\/\"}}]}<\/script>\n<!-- \/ Yoast SEO plugin. -->","yoast_head_json":{"title":"Unternehmenspolitik - OSG Ex-Cell-O","robots":{"index":"index","follow":"follow","max-snippet":"max-snippet:-1","max-image-preview":"max-image-preview:large","max-video-preview":"max-video-preview:-1"},"canonical":"https:\/\/osg-excello.com\/ko\/company\/unternehmenspolitik\/","og_locale":"ko_KR","og_type":"article","og_title":"Unternehmenspolitik - OSG Ex-Cell-O","og_url":"https:\/\/osg-excello.com\/ko\/company\/unternehmenspolitik\/","og_site_name":"OSG Ex-Cell-O","article_modified_time":"2021-09-09T11:17:12+00:00","twitter_card":"summary_large_image","twitter_misc":{"\uc608\uc0c1 \ub418\ub294 \ud310\ub3c5 \uc2dc\uac04":"4\ubd84"},"schema":{"@context":"https:\/\/schema.org","@graph":[{"@type":"WebPage","@id":"https:\/\/osg-excello.com\/ko\/company\/unternehmenspolitik\/","url":"https:\/\/osg-excello.com\/ko\/company\/unternehmenspolitik\/","name":"Unternehmenspolitik - OSG Ex-Cell-O","isPartOf":{"@id":"https:\/\/osg-excello.com\/ko\/#website"},"datePublished":"2021-09-09T11:11:48+00:00","dateModified":"2021-09-09T11:17:12+00:00","breadcrumb":{"@id":"https:\/\/osg-excello.com\/ko\/company\/unternehmenspolitik\/#breadcrumb"},"inLanguage":"ko-KR","potentialAction":[{"@type":"ReadAction","target":["https:\/\/osg-excello.com\/ko\/company\/unternehmenspolitik\/"]}]},{"@type":"BreadcrumbList","@id":"https:\/\/osg-excello.com\/ko\/company\/unternehmenspolitik\/#breadcrumb","itemListElement":[{"@type":"ListItem","position":1,"name":"Startseite","item":"https:\/\/osg-excello.com\/ko\/"},{"@type":"ListItem","position":2,"name":"\ud68c\uc0ac","item":"https:\/\/osg-excello.com\/ko\/"},{"@type":"ListItem","position":3,"name":"Unternehmenspolitik"}]},{"@type":"WebSite","@id":"https:\/\/osg-excello.com\/ko\/#website","url":"https:\/\/osg-excello.com\/ko\/","name":"OSG Ex-Cell-O","description":"","publisher":{"@id":"https:\/\/osg-excello.com\/ko\/#organization"},"potentialAction":[{"@type":"SearchAction","target":{"@type":"EntryPoint","urlTemplate":"https:\/\/osg-excello.com\/ko\/?s={search_term_string}"},"query-input":{"@type":"PropertyValueSpecification","valueRequired":true,"valueName":"search_term_string"}}],"inLanguage":"ko-KR"},{"@type":"Organization","@id":"https:\/\/osg-excello.com\/ko\/#organization","name":"OSG Ex-Cell-O GmbH","url":"https:\/\/osg-excello.com\/ko\/","logo":{"@type":"ImageObject","inLanguage":"ko-KR","@id":"https:\/\/osg-excello.com\/ko\/#\/schema\/logo\/image\/","url":"https:\/\/osg-excello.com\/wp-content\/uploads\/2019\/11\/osg_excello_logo_final-2.png","contentUrl":"https:\/\/osg-excello.com\/wp-content\/uploads\/2019\/11\/osg_excello_logo_final-2.png","width":514,"height":236,"caption":"OSG Ex-Cell-O GmbH"},"image":{"@id":"https:\/\/osg-excello.com\/ko\/#\/schema\/logo\/image\/"}}]}},"_links":{"self":[{"href":"https:\/\/osg-excello.com\/ko\/wp-json\/wp\/v2\/pages\/9056","targetHints":{"allow":["GET"]}}],"collection":[{"href":"https:\/\/osg-excello.com\/ko\/wp-json\/wp\/v2\/pages"}],"about":[{"href":"https:\/\/osg-excello.com\/ko\/wp-json\/wp\/v2\/types\/page"}],"author":[{"embeddable":true,"href":"https:\/\/osg-excello.com\/ko\/wp-json\/wp\/v2\/users\/2"}],"replies":[{"embeddable":true,"href":"https:\/\/osg-excello.com\/ko\/wp-json\/wp\/v2\/comments?post=9056"}],"version-history":[{"count":1,"href":"https:\/\/osg-excello.com\/ko\/wp-json\/wp\/v2\/pages\/9056\/revisions"}],"predecessor-version":[{"id":9061,"href":"https:\/\/osg-excello.com\/ko\/wp-json\/wp\/v2\/pages\/9056\/revisions\/9061"}],"up":[{"embeddable":true,"href":"https:\/\/osg-excello.com\/ko\/wp-json\/wp\/v2\/pages\/2205"}],"wp:attachment":[{"href":"https:\/\/osg-excello.com\/ko\/wp-json\/wp\/v2\/media?parent=9056"}],"curies":[{"name":"wp","href":"https:\/\/api.w.org\/{rel}","templated":true}]}}