{"id":10124,"date":"2021-11-02T17:06:40","date_gmt":"2021-11-02T16:06:40","guid":{"rendered":"https:\/\/osg-excello.com\/?page_id=10124"},"modified":"2021-12-12T16:10:58","modified_gmt":"2021-12-12T15:10:58","slug":"walcowanie-cylindryczne-matryce","status":"publish","type":"page","link":"https:\/\/osg-excello.com\/pl\/walcowanie-cylindryczne-matryce\/","title":{"rendered":"Walcowanie cylindryczne Matryce"},"content":{"rendered":"\n<style type=\"text\/css\" data-created_by=\"avia_inline_auto\" id=\"style-css-av-807no-33a4a38e5e0d5dea70cde682a9dc653a\">\n.flex_column.av-807no-33a4a38e5e0d5dea70cde682a9dc653a{\nborder-radius:0px 0px 0px 0px;\npadding:25px 0px 0px 0px;\n}\n<\/style>\n<div  class='flex_column av-807no-33a4a38e5e0d5dea70cde682a9dc653a av_one_full  avia-builder-el-0  el_before_av_hr  avia-builder-el-first  first flex_column_div  '     ><style type=\"text\/css\" data-created_by=\"avia_inline_auto\" id=\"style-css-av-k3ftxwyb-001ead37fabea3475ce63cba17b3b9a2\">\n#top .av-special-heading.av-k3ftxwyb-001ead37fabea3475ce63cba17b3b9a2{\npadding-bottom:10px;\n}\nbody .av-special-heading.av-k3ftxwyb-001ead37fabea3475ce63cba17b3b9a2 .av-special-heading-tag .heading-char{\nfont-size:25px;\n}\n.av-special-heading.av-k3ftxwyb-001ead37fabea3475ce63cba17b3b9a2 .av-subheading{\nfont-size:15px;\n}\n<\/style>\n<div  class='av-special-heading av-k3ftxwyb-001ead37fabea3475ce63cba17b3b9a2 av-special-heading-h1 blockquote modern-quote modern-centered  avia-builder-el-1  avia-builder-el-no-sibling  av-linked-heading'><h1 class='av-special-heading-tag '  itemprop=\"headline\"  >Walcowanie cylindryczne Matryce<\/h1><div class=\"special-heading-border\"><div class=\"special-heading-inner-border\"><\/div><\/div><\/div><\/div>\n\n<style type=\"text\/css\" data-created_by=\"avia_inline_auto\" id=\"style-css-av-k363cjsl-6c3a36cc1ad2d24930cc419f13ab6bc6\">\n#top .hr.av-k363cjsl-6c3a36cc1ad2d24930cc419f13ab6bc6{\nmargin-top:0px;\nmargin-bottom:30px;\n}\n.hr.av-k363cjsl-6c3a36cc1ad2d24930cc419f13ab6bc6 .hr-inner{\nwidth:30%;\nborder-color:#e8e8e8;\nmax-width:45%;\n}\n.hr.av-k363cjsl-6c3a36cc1ad2d24930cc419f13ab6bc6 .av-seperator-icon{\ncolor:#e8e8e8;\n}\n.hr.av-k363cjsl-6c3a36cc1ad2d24930cc419f13ab6bc6 .av-seperator-icon.avia-svg-icon svg:first-child{\nfill:#e8e8e8;\nstroke:#e8e8e8;\n}\n<\/style>\n<div  class='hr av-k363cjsl-6c3a36cc1ad2d24930cc419f13ab6bc6 hr-custom  avia-builder-el-2  el_after_av_one_full  el_before_av_textblock  hr-center hr-icon-yes'><span class='hr-inner inner-border-av-border-thin'><span class=\"hr-inner-style\"><\/span><\/span><span class='av-seperator-icon avia-iconfont avia-font-entypo-fontello' data-av_icon='\ue898' data-av_iconfont='entypo-fontello' ><\/span><span class='hr-inner inner-border-av-border-thin'><span class=\"hr-inner-style\"><\/span><\/span><\/div>\n<section  class='av_textblock_section av-kvgl23ml-454fcc7366a5bc16dc6579fa28d902ed '   itemscope=\"itemscope\" itemtype=\"https:\/\/schema.org\/CreativeWork\" ><div class='avia_textblock'  itemprop=\"text\" ><p><strong>Walcowanie cylindryczne:<\/strong><\/p>\n<li>Walcownie walcowe OSG EX-CELL-O przekonuj\u0105 najwy\u017csz\u0105 jako\u015bci\u0105 i doskona\u0142\u0105 trwa\u0142o\u015bci\u0105.<\/li>\n<li>Wykonane ze specjalnie opracowanych stali narz\u0119dziowych, opcjonalnie pokryte pow\u0142ok\u0105 SQT.<\/li>\n<p><strong>Warianty:<\/strong><\/p>\n<li>Wykrojniki cylindryczne o sta\u0142ej \u015brednicy zewn\u0119trznej do operacji formowania na walcarkach okr\u0105g\u0142ych CNC.<\/li>\n<li>Narz\u0119dzia cylindryczne z przyrostowym profilem do proces\u00f3w formowania na CNC lub konwencjonalnych walcarkach okr\u0105g\u0142ych.<\/li>\n<p><strong>Przegl\u0105d zastosowa\u0144 \/ konstrukcje specjalne:<\/strong><\/p>\n<li>Wielowypusty, gwinty, rowki olejowe, rowki pier\u015bcieniowe, rade\u0142ka.<\/li>\n<li>Z\u0119by szczytowe, fazki na wej\u015bciu z\u0119ba, z\u0119by zablokowane, luz wst\u0119pnie toczonych rowk\u00f3w, narz\u0119dzia kombinowane.<\/li>\n<\/div><\/section>\n<\/div><\/div><\/div><!-- close content main div --><\/div><\/div>\n<style type=\"text\/css\" data-created_by=\"avia_inline_auto\" id=\"style-css-av-k3647wxa-14f501a09e84162727fa6ec184c7a00c\">\n.avia-section.av-k3647wxa-14f501a09e84162727fa6ec184c7a00c{\nmargin-top:0px;\nmargin-bottom:100px;\n}\n<\/style>\n<div id='av_section_1'  class='avia-section av-k3647wxa-14f501a09e84162727fa6ec184c7a00c main_color avia-section-no-padding avia-no-border-styling  avia-builder-el-4  el_after_av_textblock  avia-builder-el-last  avia-bg-style-scroll container_wrap sidebar_right'  ><div class='container av-section-cont-open' ><div class='template-page content  av-content-small alpha units'><div class='post-entry post-entry-type-page post-entry-10124'><div class='entry-content-wrapper clearfix'>\n<div id='av-masonry-1' class='av-masonry av-k3egpode-f6094cc5753668b93ba1a525d276478c noHover av-fixed-size av-large-gap av-hover-overlay- av-masonry-animation-active av-masonry-col-3 av-caption-always av-caption-style- av-masonry-gallery ' data-post_id=\"10124\"><div class=\"av-masonry-container isotope av-js-disabled\"><div class='av-masonry-entry isotope-item av-masonry-item-no-image '><\/div><a href=\"https:\/\/osg-excello.com\/wp-content\/uploads\/2021\/10\/20211021_123236_ret-scaled.jpg\" data-srcset=\"https:\/\/osg-excello.com\/wp-content\/uploads\/2021\/10\/20211021_123236_ret-scaled.jpg 2560w, https:\/\/osg-excello.com\/wp-content\/uploads\/2021\/10\/20211021_123236_ret-768x432.jpg 768w, https:\/\/osg-excello.com\/wp-content\/uploads\/2021\/10\/20211021_123236_ret-1536x864.jpg 1536w, https:\/\/osg-excello.com\/wp-content\/uploads\/2021\/10\/20211021_123236_ret-2048x1152.jpg 2048w, https:\/\/osg-excello.com\/wp-content\/uploads\/2021\/10\/20211021_123236_ret-1500x844.jpg 1500w, https:\/\/osg-excello.com\/wp-content\/uploads\/2021\/10\/20211021_123236_ret-705x397.jpg 705w\" data-sizes=\"(max-width: 2560px) 100vw, 2560px\"  aria-label=\"image xy\"  id='av-masonry-1-item-9926' data-av-masonry-item='9926' class='av-masonry-entry isotope-item post-9926 attachment type-attachment status-inherit hentry  av-masonry-item-with-image' title=\"xy\" alt=\"\"    itemprop=\"thumbnailUrl\" ><div class='av-inner-masonry-sizer'><\/div><figure class='av-inner-masonry main_color'><div class=\"av-masonry-outerimage-container\"><div class='av-masonry-image-container' style=\"background-image: url(https:\/\/osg-excello.com\/wp-content\/uploads\/2021\/10\/20211021_123236_ret-705x397.jpg);\"  title=\"xy\" ><\/div><\/div><\/figure><\/a><!--end av-masonry entry--><a href=\"https:\/\/osg-excello.com\/wp-content\/uploads\/2021\/12\/20211208_122034_ret-scaled.jpg\" data-srcset=\"https:\/\/osg-excello.com\/wp-content\/uploads\/2021\/12\/20211208_122034_ret-scaled.jpg 2560w, https:\/\/osg-excello.com\/wp-content\/uploads\/2021\/12\/20211208_122034_ret-768x432.jpg 768w, https:\/\/osg-excello.com\/wp-content\/uploads\/2021\/12\/20211208_122034_ret-1536x864.jpg 1536w, https:\/\/osg-excello.com\/wp-content\/uploads\/2021\/12\/20211208_122034_ret-2048x1152.jpg 2048w, https:\/\/osg-excello.com\/wp-content\/uploads\/2021\/12\/20211208_122034_ret-1500x844.jpg 1500w, https:\/\/osg-excello.com\/wp-content\/uploads\/2021\/12\/20211208_122034_ret-705x397.jpg 705w\" data-sizes=\"(max-width: 2560px) 100vw, 2560px\"  aria-label=\"image 20211208_122034_ret\"  id='av-masonry-1-item-11159' data-av-masonry-item='11159' class='av-masonry-entry isotope-item post-11159 attachment type-attachment status-inherit hentry  av-masonry-item-with-image' title=\"20211208_122034_ret\" alt=\"\"    itemprop=\"thumbnailUrl\" ><div class='av-inner-masonry-sizer'><\/div><figure class='av-inner-masonry main_color'><div class=\"av-masonry-outerimage-container\"><div class='av-masonry-image-container' style=\"background-image: url(https:\/\/osg-excello.com\/wp-content\/uploads\/2021\/12\/20211208_122034_ret-705x397.jpg);\"  title=\"20211208_122034_ret\" ><\/div><\/div><\/figure><\/a><!--end av-masonry entry--><a href=\"https:\/\/osg-excello.com\/wp-content\/uploads\/2021\/10\/20210916_111620_ret-scaled.jpg\" data-srcset=\"https:\/\/osg-excello.com\/wp-content\/uploads\/2021\/10\/20210916_111620_ret-scaled.jpg 2560w, https:\/\/osg-excello.com\/wp-content\/uploads\/2021\/10\/20210916_111620_ret-768x432.jpg 768w, https:\/\/osg-excello.com\/wp-content\/uploads\/2021\/10\/20210916_111620_ret-1536x864.jpg 1536w, https:\/\/osg-excello.com\/wp-content\/uploads\/2021\/10\/20210916_111620_ret-2048x1152.jpg 2048w, https:\/\/osg-excello.com\/wp-content\/uploads\/2021\/10\/20210916_111620_ret-1500x844.jpg 1500w, https:\/\/osg-excello.com\/wp-content\/uploads\/2021\/10\/20210916_111620_ret-705x397.jpg 705w\" data-sizes=\"(max-width: 2560px) 100vw, 2560px\"  aria-label=\"image xy\"  id='av-masonry-1-item-9894' data-av-masonry-item='9894' class='av-masonry-entry isotope-item post-9894 attachment type-attachment status-inherit hentry  av-masonry-item-with-image' title=\"xy\" alt=\"\"    itemprop=\"thumbnailUrl\" ><div class='av-inner-masonry-sizer'><\/div><figure class='av-inner-masonry main_color'><div class=\"av-masonry-outerimage-container\"><div class='av-masonry-image-container' style=\"background-image: url(https:\/\/osg-excello.com\/wp-content\/uploads\/2021\/10\/20210916_111620_ret-705x397.jpg);\"  title=\"xy\" ><\/div><\/div><\/figure><\/a><!--end av-masonry entry--><a href=\"https:\/\/osg-excello.com\/wp-content\/uploads\/2021\/10\/20200924_132645_ret-scaled.jpg\" data-srcset=\"https:\/\/osg-excello.com\/wp-content\/uploads\/2021\/10\/20200924_132645_ret-scaled.jpg 2560w, https:\/\/osg-excello.com\/wp-content\/uploads\/2021\/10\/20200924_132645_ret-768x432.jpg 768w, https:\/\/osg-excello.com\/wp-content\/uploads\/2021\/10\/20200924_132645_ret-1536x864.jpg 1536w, https:\/\/osg-excello.com\/wp-content\/uploads\/2021\/10\/20200924_132645_ret-2048x1152.jpg 2048w, https:\/\/osg-excello.com\/wp-content\/uploads\/2021\/10\/20200924_132645_ret-1500x844.jpg 1500w, https:\/\/osg-excello.com\/wp-content\/uploads\/2021\/10\/20200924_132645_ret-705x397.jpg 705w\" data-sizes=\"(max-width: 2560px) 100vw, 2560px\"  aria-label=\"image xy\"  id='av-masonry-1-item-9942' data-av-masonry-item='9942' class='av-masonry-entry isotope-item post-9942 attachment type-attachment status-inherit hentry  av-masonry-item-with-image' title=\"xy\" alt=\"\"    itemprop=\"thumbnailUrl\" ><div class='av-inner-masonry-sizer'><\/div><figure class='av-inner-masonry main_color'><div class=\"av-masonry-outerimage-container\"><div class='av-masonry-image-container' style=\"background-image: url(https:\/\/osg-excello.com\/wp-content\/uploads\/2021\/10\/20200924_132645_ret-705x397.jpg);\"  title=\"xy\" ><\/div><\/div><\/figure><\/a><!--end av-masonry entry--><a href=\"https:\/\/osg-excello.com\/wp-content\/uploads\/2021\/10\/20211021_100023_ret-scaled.jpg\" data-srcset=\"https:\/\/osg-excello.com\/wp-content\/uploads\/2021\/10\/20211021_100023_ret-scaled.jpg 2560w, https:\/\/osg-excello.com\/wp-content\/uploads\/2021\/10\/20211021_100023_ret-768x432.jpg 768w, https:\/\/osg-excello.com\/wp-content\/uploads\/2021\/10\/20211021_100023_ret-1536x864.jpg 1536w, https:\/\/osg-excello.com\/wp-content\/uploads\/2021\/10\/20211021_100023_ret-2048x1152.jpg 2048w, https:\/\/osg-excello.com\/wp-content\/uploads\/2021\/10\/20211021_100023_ret-1500x844.jpg 1500w, https:\/\/osg-excello.com\/wp-content\/uploads\/2021\/10\/20211021_100023_ret-705x397.jpg 705w\" data-sizes=\"(max-width: 2560px) 100vw, 2560px\"  aria-label=\"image xy\"  id='av-masonry-1-item-9910' data-av-masonry-item='9910' class='av-masonry-entry isotope-item post-9910 attachment type-attachment status-inherit hentry  av-masonry-item-with-image' title=\"xy\" alt=\"\"    itemprop=\"thumbnailUrl\" ><div class='av-inner-masonry-sizer'><\/div><figure class='av-inner-masonry main_color'><div class=\"av-masonry-outerimage-container\"><div class='av-masonry-image-container' style=\"background-image: url(https:\/\/osg-excello.com\/wp-content\/uploads\/2021\/10\/20211021_100023_ret-705x397.jpg);\"  title=\"xy\" ><\/div><\/div><\/figure><\/a><!--end av-masonry entry--><a href=\"https:\/\/osg-excello.com\/wp-content\/uploads\/2021\/10\/20201002_132331_ret-scaled.jpg\" data-srcset=\"https:\/\/osg-excello.com\/wp-content\/uploads\/2021\/10\/20201002_132331_ret-scaled.jpg 2560w, https:\/\/osg-excello.com\/wp-content\/uploads\/2021\/10\/20201002_132331_ret-768x432.jpg 768w, https:\/\/osg-excello.com\/wp-content\/uploads\/2021\/10\/20201002_132331_ret-1536x864.jpg 1536w, https:\/\/osg-excello.com\/wp-content\/uploads\/2021\/10\/20201002_132331_ret-2048x1152.jpg 2048w, https:\/\/osg-excello.com\/wp-content\/uploads\/2021\/10\/20201002_132331_ret-1500x844.jpg 1500w, https:\/\/osg-excello.com\/wp-content\/uploads\/2021\/10\/20201002_132331_ret-705x397.jpg 705w\" data-sizes=\"(max-width: 2560px) 100vw, 2560px\"  aria-label=\"image xy\"  id='av-masonry-1-item-9878' data-av-masonry-item='9878' class='av-masonry-entry isotope-item post-9878 attachment type-attachment status-inherit hentry  av-masonry-item-with-image' title=\"xy\" alt=\"\"    itemprop=\"thumbnailUrl\" ><div class='av-inner-masonry-sizer'><\/div><figure class='av-inner-masonry main_color'><div class=\"av-masonry-outerimage-container\"><div class='av-masonry-image-container' style=\"background-image: url(https:\/\/osg-excello.com\/wp-content\/uploads\/2021\/10\/20201002_132331_ret-705x397.jpg);\"  title=\"xy\" ><\/div><\/div><\/figure><\/a><!--end av-masonry entry--><a href=\"https:\/\/osg-excello.com\/wp-content\/uploads\/2021\/10\/20200924_153047_ret-scaled.jpg\" data-srcset=\"https:\/\/osg-excello.com\/wp-content\/uploads\/2021\/10\/20200924_153047_ret-scaled.jpg 2560w, https:\/\/osg-excello.com\/wp-content\/uploads\/2021\/10\/20200924_153047_ret-768x432.jpg 768w, https:\/\/osg-excello.com\/wp-content\/uploads\/2021\/10\/20200924_153047_ret-1536x864.jpg 1536w, https:\/\/osg-excello.com\/wp-content\/uploads\/2021\/10\/20200924_153047_ret-2048x1152.jpg 2048w, https:\/\/osg-excello.com\/wp-content\/uploads\/2021\/10\/20200924_153047_ret-1500x844.jpg 1500w, https:\/\/osg-excello.com\/wp-content\/uploads\/2021\/10\/20200924_153047_ret-705x397.jpg 705w\" data-sizes=\"(max-width: 2560px) 100vw, 2560px\"  aria-label=\"image xy\"  id='av-masonry-1-item-9862' data-av-masonry-item='9862' class='av-masonry-entry isotope-item post-9862 attachment type-attachment status-inherit hentry  av-masonry-item-with-image' title=\"xy\" alt=\"\"    itemprop=\"thumbnailUrl\" ><div class='av-inner-masonry-sizer'><\/div><figure class='av-inner-masonry main_color'><div class=\"av-masonry-outerimage-container\"><div class='av-masonry-image-container' style=\"background-image: url(https:\/\/osg-excello.com\/wp-content\/uploads\/2021\/10\/20200924_153047_ret-705x397.jpg);\"  title=\"xy\" ><\/div><\/div><\/figure><\/a><!--end av-masonry entry--><a href=\"https:\/\/osg-excello.com\/wp-content\/uploads\/2021\/12\/20211125_102000_ret-scaled.jpg\" data-srcset=\"https:\/\/osg-excello.com\/wp-content\/uploads\/2021\/12\/20211125_102000_ret-scaled.jpg 2560w, https:\/\/osg-excello.com\/wp-content\/uploads\/2021\/12\/20211125_102000_ret-768x432.jpg 768w, https:\/\/osg-excello.com\/wp-content\/uploads\/2021\/12\/20211125_102000_ret-1536x864.jpg 1536w, https:\/\/osg-excello.com\/wp-content\/uploads\/2021\/12\/20211125_102000_ret-2048x1152.jpg 2048w, https:\/\/osg-excello.com\/wp-content\/uploads\/2021\/12\/20211125_102000_ret-1500x844.jpg 1500w, https:\/\/osg-excello.com\/wp-content\/uploads\/2021\/12\/20211125_102000_ret-705x397.jpg 705w\" data-sizes=\"(max-width: 2560px) 100vw, 2560px\"  aria-label=\"image 20211125_102000_ret\"  id='av-masonry-1-item-11143' data-av-masonry-item='11143' class='av-masonry-entry isotope-item post-11143 attachment type-attachment status-inherit hentry  av-masonry-item-with-image' title=\"20211125_102000_ret\" alt=\"\"    itemprop=\"thumbnailUrl\" ><div class='av-inner-masonry-sizer'><\/div><figure class='av-inner-masonry main_color'><div class=\"av-masonry-outerimage-container\"><div class='av-masonry-image-container' style=\"background-image: url(https:\/\/osg-excello.com\/wp-content\/uploads\/2021\/12\/20211125_102000_ret-705x397.jpg);\"  title=\"20211125_102000_ret\" ><\/div><\/div><\/figure><\/a><!--end av-masonry entry--><a href=\"https:\/\/osg-excello.com\/wp-content\/uploads\/2021\/12\/20211106_113111_ret-scaled.jpg\" data-srcset=\"https:\/\/osg-excello.com\/wp-content\/uploads\/2021\/12\/20211106_113111_ret-scaled.jpg 2560w, https:\/\/osg-excello.com\/wp-content\/uploads\/2021\/12\/20211106_113111_ret-768x432.jpg 768w, https:\/\/osg-excello.com\/wp-content\/uploads\/2021\/12\/20211106_113111_ret-1536x864.jpg 1536w, https:\/\/osg-excello.com\/wp-content\/uploads\/2021\/12\/20211106_113111_ret-2048x1152.jpg 2048w, https:\/\/osg-excello.com\/wp-content\/uploads\/2021\/12\/20211106_113111_ret-1500x844.jpg 1500w, https:\/\/osg-excello.com\/wp-content\/uploads\/2021\/12\/20211106_113111_ret-705x397.jpg 705w\" data-sizes=\"(max-width: 2560px) 100vw, 2560px\"  aria-label=\"image 20211106_113111_ret\"  id='av-masonry-1-item-11127' data-av-masonry-item='11127' class='av-masonry-entry isotope-item post-11127 attachment type-attachment status-inherit hentry  av-masonry-item-with-image' title=\"20211106_113111_ret\" alt=\"\"    itemprop=\"thumbnailUrl\" ><div class='av-inner-masonry-sizer'><\/div><figure class='av-inner-masonry main_color'><div class=\"av-masonry-outerimage-container\"><div class='av-masonry-image-container' style=\"background-image: url(https:\/\/osg-excello.com\/wp-content\/uploads\/2021\/12\/20211106_113111_ret-705x397.jpg);\"  title=\"20211106_113111_ret\" ><\/div><\/div><\/figure><\/a><!--end av-masonry entry--><\/div><\/div>\n<\/div><\/div><\/div><!-- close content main div --><\/div><\/div><div id='after_section_1'  class='main_color av_default_container_wrap container_wrap sidebar_right'  ><div class='container av-section-cont-open' ><div class='template-page content  av-content-small alpha units'><div class='post-entry post-entry-type-page post-entry-10124'><div class='entry-content-wrapper clearfix'>\n","protected":false},"excerpt":{"rendered":"","protected":false},"author":2,"featured_media":0,"parent":0,"menu_order":0,"comment_status":"closed","ping_status":"closed","template":"","meta":{"footnotes":""},"class_list":["post-10124","page","type-page","status-publish","hentry"],"yoast_head":"<!-- This site is optimized with the Yoast SEO plugin v27.2 - https:\/\/yoast.com\/product\/yoast-seo-wordpress\/ -->\n<title>Walcowanie cylindryczne Matryce - OSG Ex-Cell-O<\/title>\n<meta name=\"robots\" content=\"index, follow, max-snippet:-1, max-image-preview:large, max-video-preview:-1\" \/>\n<link rel=\"canonical\" href=\"https:\/\/osg-excello.com\/pl\/walcowanie-cylindryczne-matryce\/\" \/>\n<meta property=\"og:locale\" content=\"pl_PL\" \/>\n<meta property=\"og:type\" content=\"article\" \/>\n<meta property=\"og:title\" content=\"Walcowanie cylindryczne Matryce - OSG Ex-Cell-O\" \/>\n<meta property=\"og:url\" content=\"https:\/\/osg-excello.com\/pl\/walcowanie-cylindryczne-matryce\/\" \/>\n<meta property=\"og:site_name\" content=\"OSG Ex-Cell-O\" \/>\n<meta property=\"article:modified_time\" content=\"2021-12-12T15:10:58+00:00\" \/>\n<meta name=\"twitter:card\" content=\"summary_large_image\" \/>\n<meta name=\"twitter:label1\" content=\"Szacowany czas czytania\" \/>\n\t<meta name=\"twitter:data1\" content=\"2 minuty\" \/>\n<script type=\"application\/ld+json\" class=\"yoast-schema-graph\">{\"@context\":\"https:\/\/schema.org\",\"@graph\":[{\"@type\":\"WebPage\",\"@id\":\"https:\/\/osg-excello.com\/pl\/walcowanie-cylindryczne-matryce\/\",\"url\":\"https:\/\/osg-excello.com\/pl\/walcowanie-cylindryczne-matryce\/\",\"name\":\"Walcowanie cylindryczne Matryce - OSG Ex-Cell-O\",\"isPartOf\":{\"@id\":\"https:\/\/osg-excello.com\/pl\/#website\"},\"datePublished\":\"2021-11-02T16:06:40+00:00\",\"dateModified\":\"2021-12-12T15:10:58+00:00\",\"breadcrumb\":{\"@id\":\"https:\/\/osg-excello.com\/pl\/walcowanie-cylindryczne-matryce\/#breadcrumb\"},\"inLanguage\":\"pl-PL\",\"potentialAction\":[{\"@type\":\"ReadAction\",\"target\":[\"https:\/\/osg-excello.com\/pl\/walcowanie-cylindryczne-matryce\/\"]}]},{\"@type\":\"BreadcrumbList\",\"@id\":\"https:\/\/osg-excello.com\/pl\/walcowanie-cylindryczne-matryce\/#breadcrumb\",\"itemListElement\":[{\"@type\":\"ListItem\",\"position\":1,\"name\":\"Startseite\",\"item\":\"https:\/\/osg-excello.com\/pl\/\"},{\"@type\":\"ListItem\",\"position\":2,\"name\":\"Walcowanie cylindryczne Matryce\"}]},{\"@type\":\"WebSite\",\"@id\":\"https:\/\/osg-excello.com\/pl\/#website\",\"url\":\"https:\/\/osg-excello.com\/pl\/\",\"name\":\"OSG Ex-Cell-O\",\"description\":\"\",\"publisher\":{\"@id\":\"https:\/\/osg-excello.com\/pl\/#organization\"},\"potentialAction\":[{\"@type\":\"SearchAction\",\"target\":{\"@type\":\"EntryPoint\",\"urlTemplate\":\"https:\/\/osg-excello.com\/pl\/?s={search_term_string}\"},\"query-input\":{\"@type\":\"PropertyValueSpecification\",\"valueRequired\":true,\"valueName\":\"search_term_string\"}}],\"inLanguage\":\"pl-PL\"},{\"@type\":\"Organization\",\"@id\":\"https:\/\/osg-excello.com\/pl\/#organization\",\"name\":\"OSG Ex-Cell-O GmbH\",\"url\":\"https:\/\/osg-excello.com\/pl\/\",\"logo\":{\"@type\":\"ImageObject\",\"inLanguage\":\"pl-PL\",\"@id\":\"https:\/\/osg-excello.com\/pl\/#\/schema\/logo\/image\/\",\"url\":\"https:\/\/osg-excello.com\/wp-content\/uploads\/2019\/11\/osg_excello_logo_final-2.png\",\"contentUrl\":\"https:\/\/osg-excello.com\/wp-content\/uploads\/2019\/11\/osg_excello_logo_final-2.png\",\"width\":514,\"height\":236,\"caption\":\"OSG Ex-Cell-O GmbH\"},\"image\":{\"@id\":\"https:\/\/osg-excello.com\/pl\/#\/schema\/logo\/image\/\"}}]}<\/script>\n<!-- \/ Yoast SEO plugin. -->","yoast_head_json":{"title":"Walcowanie cylindryczne Matryce - OSG Ex-Cell-O","robots":{"index":"index","follow":"follow","max-snippet":"max-snippet:-1","max-image-preview":"max-image-preview:large","max-video-preview":"max-video-preview:-1"},"canonical":"https:\/\/osg-excello.com\/pl\/walcowanie-cylindryczne-matryce\/","og_locale":"pl_PL","og_type":"article","og_title":"Walcowanie cylindryczne Matryce - OSG Ex-Cell-O","og_url":"https:\/\/osg-excello.com\/pl\/walcowanie-cylindryczne-matryce\/","og_site_name":"OSG Ex-Cell-O","article_modified_time":"2021-12-12T15:10:58+00:00","twitter_card":"summary_large_image","twitter_misc":{"Szacowany czas czytania":"2 minuty"},"schema":{"@context":"https:\/\/schema.org","@graph":[{"@type":"WebPage","@id":"https:\/\/osg-excello.com\/pl\/walcowanie-cylindryczne-matryce\/","url":"https:\/\/osg-excello.com\/pl\/walcowanie-cylindryczne-matryce\/","name":"Walcowanie cylindryczne Matryce - OSG Ex-Cell-O","isPartOf":{"@id":"https:\/\/osg-excello.com\/pl\/#website"},"datePublished":"2021-11-02T16:06:40+00:00","dateModified":"2021-12-12T15:10:58+00:00","breadcrumb":{"@id":"https:\/\/osg-excello.com\/pl\/walcowanie-cylindryczne-matryce\/#breadcrumb"},"inLanguage":"pl-PL","potentialAction":[{"@type":"ReadAction","target":["https:\/\/osg-excello.com\/pl\/walcowanie-cylindryczne-matryce\/"]}]},{"@type":"BreadcrumbList","@id":"https:\/\/osg-excello.com\/pl\/walcowanie-cylindryczne-matryce\/#breadcrumb","itemListElement":[{"@type":"ListItem","position":1,"name":"Startseite","item":"https:\/\/osg-excello.com\/pl\/"},{"@type":"ListItem","position":2,"name":"Walcowanie cylindryczne Matryce"}]},{"@type":"WebSite","@id":"https:\/\/osg-excello.com\/pl\/#website","url":"https:\/\/osg-excello.com\/pl\/","name":"OSG Ex-Cell-O","description":"","publisher":{"@id":"https:\/\/osg-excello.com\/pl\/#organization"},"potentialAction":[{"@type":"SearchAction","target":{"@type":"EntryPoint","urlTemplate":"https:\/\/osg-excello.com\/pl\/?s={search_term_string}"},"query-input":{"@type":"PropertyValueSpecification","valueRequired":true,"valueName":"search_term_string"}}],"inLanguage":"pl-PL"},{"@type":"Organization","@id":"https:\/\/osg-excello.com\/pl\/#organization","name":"OSG Ex-Cell-O GmbH","url":"https:\/\/osg-excello.com\/pl\/","logo":{"@type":"ImageObject","inLanguage":"pl-PL","@id":"https:\/\/osg-excello.com\/pl\/#\/schema\/logo\/image\/","url":"https:\/\/osg-excello.com\/wp-content\/uploads\/2019\/11\/osg_excello_logo_final-2.png","contentUrl":"https:\/\/osg-excello.com\/wp-content\/uploads\/2019\/11\/osg_excello_logo_final-2.png","width":514,"height":236,"caption":"OSG Ex-Cell-O GmbH"},"image":{"@id":"https:\/\/osg-excello.com\/pl\/#\/schema\/logo\/image\/"}}]}},"_links":{"self":[{"href":"https:\/\/osg-excello.com\/pl\/wp-json\/wp\/v2\/pages\/10124","targetHints":{"allow":["GET"]}}],"collection":[{"href":"https:\/\/osg-excello.com\/pl\/wp-json\/wp\/v2\/pages"}],"about":[{"href":"https:\/\/osg-excello.com\/pl\/wp-json\/wp\/v2\/types\/page"}],"author":[{"embeddable":true,"href":"https:\/\/osg-excello.com\/pl\/wp-json\/wp\/v2\/users\/2"}],"replies":[{"embeddable":true,"href":"https:\/\/osg-excello.com\/pl\/wp-json\/wp\/v2\/comments?post=10124"}],"version-history":[{"count":9,"href":"https:\/\/osg-excello.com\/pl\/wp-json\/wp\/v2\/pages\/10124\/revisions"}],"predecessor-version":[{"id":11183,"href":"https:\/\/osg-excello.com\/pl\/wp-json\/wp\/v2\/pages\/10124\/revisions\/11183"}],"wp:attachment":[{"href":"https:\/\/osg-excello.com\/pl\/wp-json\/wp\/v2\/media?parent=10124"}],"curies":[{"name":"wp","href":"https:\/\/api.w.org\/{rel}","templated":true}]}}