{"id":5351,"date":"2019-11-19T16:21:55","date_gmt":"2019-11-19T15:21:55","guid":{"rendered":"https:\/\/osg-excello.com\/maszyny\/xk-6-serie\/"},"modified":"2021-05-25T10:46:53","modified_gmt":"2021-05-25T08:46:53","slug":"xk-6-serie","status":"publish","type":"page","link":"https:\/\/osg-excello.com\/pl\/maszyny\/xk-6-serie\/","title":{"rendered":"Seria XK6"},"content":{"rendered":"\n<style type=\"text\/css\" data-created_by=\"avia_inline_auto\" id=\"style-css-av-807no-33a4a38e5e0d5dea70cde682a9dc653a\">\n.flex_column.av-807no-33a4a38e5e0d5dea70cde682a9dc653a{\nborder-radius:0px 0px 0px 0px;\npadding:25px 0px 0px 0px;\n}\n<\/style>\n<div  class='flex_column av-807no-33a4a38e5e0d5dea70cde682a9dc653a av_one_full  avia-builder-el-0  el_before_av_hr  avia-builder-el-first  first flex_column_div  '     ><style type=\"text\/css\" data-created_by=\"avia_inline_auto\" id=\"style-css-av-k3ek79x2-d3ddf7e269a058a33d0a421767b22be0\">\n#top .av-special-heading.av-k3ek79x2-d3ddf7e269a058a33d0a421767b22be0{\npadding-bottom:10px;\n}\nbody .av-special-heading.av-k3ek79x2-d3ddf7e269a058a33d0a421767b22be0 .av-special-heading-tag .heading-char{\nfont-size:25px;\n}\n.av-special-heading.av-k3ek79x2-d3ddf7e269a058a33d0a421767b22be0 .av-subheading{\nfont-size:15px;\n}\n<\/style>\n<div  class='av-special-heading av-k3ek79x2-d3ddf7e269a058a33d0a421767b22be0 av-special-heading-h1 blockquote modern-quote modern-centered  avia-builder-el-1  avia-builder-el-no-sibling '><h1 class='av-special-heading-tag '  itemprop=\"headline\"  >Seria XK6<\/h1><div class=\"special-heading-border\"><div class=\"special-heading-inner-border\"><\/div><\/div><\/div><\/div>\n\n<style type=\"text\/css\" data-created_by=\"avia_inline_auto\" id=\"style-css-av-k363cjsl-6c3a36cc1ad2d24930cc419f13ab6bc6\">\n#top .hr.av-k363cjsl-6c3a36cc1ad2d24930cc419f13ab6bc6{\nmargin-top:0px;\nmargin-bottom:30px;\n}\n.hr.av-k363cjsl-6c3a36cc1ad2d24930cc419f13ab6bc6 .hr-inner{\nwidth:30%;\nborder-color:#e8e8e8;\nmax-width:45%;\n}\n.hr.av-k363cjsl-6c3a36cc1ad2d24930cc419f13ab6bc6 .av-seperator-icon{\ncolor:#e8e8e8;\n}\n.hr.av-k363cjsl-6c3a36cc1ad2d24930cc419f13ab6bc6 .av-seperator-icon.avia-svg-icon svg:first-child{\nfill:#e8e8e8;\nstroke:#e8e8e8;\n}\n<\/style>\n<div  class='hr av-k363cjsl-6c3a36cc1ad2d24930cc419f13ab6bc6 hr-custom  avia-builder-el-2  el_after_av_one_full  el_before_av_section  avia-builder-el-last  hr-center hr-icon-yes'><span class='hr-inner inner-border-av-border-thin'><span class=\"hr-inner-style\"><\/span><\/span><span class='av-seperator-icon avia-iconfont avia-font-entypo-fontello' data-av_icon='\ue898' data-av_iconfont='entypo-fontello' ><\/span><span class='hr-inner inner-border-av-border-thin'><span class=\"hr-inner-style\"><\/span><\/span><\/div>\n<\/div><\/div><\/div><!-- close content main div --><\/div><\/div>\n<style type=\"text\/css\" data-created_by=\"avia_inline_auto\" id=\"style-css-av-k3647wxa-14f501a09e84162727fa6ec184c7a00c\">\n.avia-section.av-k3647wxa-14f501a09e84162727fa6ec184c7a00c{\nmargin-top:0px;\nmargin-bottom:100px;\n}\n<\/style>\n<div id='av_section_1'  class='avia-section av-k3647wxa-14f501a09e84162727fa6ec184c7a00c main_color avia-section-no-padding avia-no-border-styling  avia-builder-el-3  el_after_av_hr  avia-builder-el-last  avia-bg-style-scroll container_wrap sidebar_right'  ><div class='container av-section-cont-open' ><div class='template-page content  av-content-small alpha units'><div class='post-entry post-entry-type-page post-entry-5351'><div class='entry-content-wrapper clearfix'>\n\n<style type=\"text\/css\" data-created_by=\"avia_inline_auto\" id=\"style-css-av-7nzzw-2c1641dce56e8229eb55335a5a6ec76f\">\n.flex_column.av-7nzzw-2c1641dce56e8229eb55335a5a6ec76f{\nborder-radius:0px 0px 0px 0px;\npadding:0px 0px 0px 0px;\n}\n<\/style>\n<div  class='flex_column av-7nzzw-2c1641dce56e8229eb55335a5a6ec76f av_two_third  avia-builder-el-4  el_before_av_one_third  avia-builder-el-first  first flex_column_div av-animated-generic bottom-to-top av-zero-column-padding  '     ><style type=\"text\/css\" data-created_by=\"avia_inline_auto\" id=\"style-css-av-k3conupj-3fd03c55d8283a776816465150083ac0\">\n.avia-image-container.av-k3conupj-3fd03c55d8283a776816465150083ac0 img.avia_image{\nbox-shadow:none;\n}\n.avia-image-container.av-k3conupj-3fd03c55d8283a776816465150083ac0 .av-image-caption-overlay-center{\ncolor:#ffffff;\n}\n<\/style>\n<div  class='avia-image-container av-k3conupj-3fd03c55d8283a776816465150083ac0 av-styling- av-hover-grow av-hide-overflow av-img-linked avia-align-center  avia-builder-el-5  avia-builder-el-no-sibling '   itemprop=\"image\" itemscope=\"itemscope\" itemtype=\"https:\/\/schema.org\/ImageObject\" ><div class=\"avia-image-container-inner\"><div class=\"avia-image-overlay-wrap\"><a href=\"https:\/\/osg-excello.com\/wp-content\/uploads\/2019\/11\/maschinen_XK651-1.jpg\" data-srcset=\"https:\/\/osg-excello.com\/wp-content\/uploads\/2019\/11\/maschinen_XK651-1.jpg 1280w, https:\/\/osg-excello.com\/wp-content\/uploads\/2019\/11\/maschinen_XK651-1-768x503.jpg 768w, https:\/\/osg-excello.com\/wp-content\/uploads\/2019\/11\/maschinen_XK651-1-705x462.jpg 705w\" data-sizes=\"(max-width: 1280px) 100vw, 1280px\" class='avia_image '  aria-label='maschinen_XK651'><img decoding=\"async\" fetchpriority=\"high\" class='wp-image-5366 avia-img-lazy-loading-not-5366 avia_image ' src=\"https:\/\/osg-excello.com\/wp-content\/uploads\/2019\/11\/maschinen_XK651-1.jpg\" alt='' title='maschinen_XK651'  height=\"838\" width=\"1280\"  itemprop=\"thumbnailUrl\" srcset=\"https:\/\/osg-excello.com\/wp-content\/uploads\/2019\/11\/maschinen_XK651-1.jpg 1280w, https:\/\/osg-excello.com\/wp-content\/uploads\/2019\/11\/maschinen_XK651-1-768x503.jpg 768w, https:\/\/osg-excello.com\/wp-content\/uploads\/2019\/11\/maschinen_XK651-1-705x462.jpg 705w\" sizes=\"(max-width: 1280px) 100vw, 1280px\" \/><\/a><\/div><\/div><\/div><\/div>\n<style type=\"text\/css\" data-created_by=\"avia_inline_auto\" id=\"style-css-av-7nzzw-47ef4b95d16ddc52afc9d03e4ee84fbc\">\n.flex_column.av-7nzzw-47ef4b95d16ddc52afc9d03e4ee84fbc{\nborder-radius:0px 0px 0px 0px;\npadding:0px 0px 0px 0px;\n}\n<\/style>\n<div  class='flex_column av-7nzzw-47ef4b95d16ddc52afc9d03e4ee84fbc av_one_third  avia-builder-el-6  el_after_av_two_third  avia-builder-el-last  flex_column_div av-animated-generic bottom-to-top av-zero-column-padding  '     ><p>\n<style type=\"text\/css\" data-created_by=\"avia_inline_auto\" id=\"style-css-av-29dgz-635a1e2d282ee5c981300a53917af460\">\n#top .av-special-heading.av-29dgz-635a1e2d282ee5c981300a53917af460{\npadding-bottom:10px;\n}\nbody .av-special-heading.av-29dgz-635a1e2d282ee5c981300a53917af460 .av-special-heading-tag .heading-char{\nfont-size:25px;\n}\n.av-special-heading.av-29dgz-635a1e2d282ee5c981300a53917af460 .av-subheading{\nfont-size:15px;\n}\n<\/style>\n<div  class='av-special-heading av-29dgz-635a1e2d282ee5c981300a53917af460 av-special-heading-h3  avia-builder-el-7  el_before_av_textblock  avia-builder-el-first '><h3 class='av-special-heading-tag '  itemprop=\"headline\"  >XK 637, XK 651, XK 675<\/h3><div class=\"special-heading-border\"><div class=\"special-heading-inner-border\"><\/div><\/div><\/div><br \/>\n<section  class='av_textblock_section av-k3a8vy1i-c3eaba6a5673f57b0224f2a8c69b5209 '   itemscope=\"itemscope\" itemtype=\"https:\/\/schema.org\/CreativeWork\" ><div class='avia_textblock'  itemprop=\"text\" ><p>Maszyny XK 6 kontynuuj\u0105 histori\u0119 sukcesu renomowanych modeli XK 2. Sprawdzona sztywno\u015b\u0107 oraz idealnie wywa\u017cony posuw i si\u0142y promieniowe pozwalaj\u0105 na bardzo wydajne kszta\u0142towanie profili o \u015brednicach do 60 mm. Maszyny te zosta\u0142y zaprojektowane z my\u015bl\u0105 o \u0142atwej obs\u0142udze pod wzgl\u0119dem dost\u0119pno\u015bci. Ponadto, zar\u00f3wno przedmiot obrabiany jak i osie posuwu s\u0105 sterowane CNC.<\/p>\n<\/div><\/section><br \/>\n\n<style type=\"text\/css\" data-created_by=\"avia_inline_auto\" id=\"style-css-av-1qzz3-6dcb66c62fa91ae43bf04d4d48713364\">\n#top .av-special-heading.av-1qzz3-6dcb66c62fa91ae43bf04d4d48713364{\npadding-bottom:10px;\n}\nbody .av-special-heading.av-1qzz3-6dcb66c62fa91ae43bf04d4d48713364 .av-special-heading-tag .heading-char{\nfont-size:25px;\n}\n.av-special-heading.av-1qzz3-6dcb66c62fa91ae43bf04d4d48713364 .av-subheading{\nfont-size:15px;\n}\n<\/style>\n<div  class='av-special-heading av-1qzz3-6dcb66c62fa91ae43bf04d4d48713364 av-special-heading-h3  avia-builder-el-9  el_after_av_textblock  el_before_av_textblock '><h3 class='av-special-heading-tag '  itemprop=\"headline\"  >XK 6xx &#8211; Zakres zastosowa\u0144<\/h3><div class=\"special-heading-border\"><div class=\"special-heading-inner-border\"><\/div><\/div><\/div><br \/>\n<section  class='av_textblock_section av-k3a8vy1i-c3eaba6a5673f57b0224f2a8c69b5209 '   itemscope=\"itemscope\" itemtype=\"https:\/\/schema.org\/CreativeWork\" ><div class='avia_textblock'  itemprop=\"text\" ><ul>\n<li>Wa\u0142ki osi samochodu osobowego<\/li>\n<li>Obudowy przegub\u00f3w samochod\u00f3w osobowych<\/li>\n<li>Wa\u0142 silnika elektrycznego<\/li>\n<\/ul>\n<\/div><\/section><br \/>\n\n<style type=\"text\/css\" data-created_by=\"avia_inline_auto\" id=\"style-css-av-10pwr-d7151f4b780c338419d0ff07ede7c957\">\n#top .av-special-heading.av-10pwr-d7151f4b780c338419d0ff07ede7c957{\npadding-bottom:10px;\n}\nbody .av-special-heading.av-10pwr-d7151f4b780c338419d0ff07ede7c957 .av-special-heading-tag .heading-char{\nfont-size:25px;\n}\n.av-special-heading.av-10pwr-d7151f4b780c338419d0ff07ede7c957 .av-subheading{\nfont-size:15px;\n}\n<\/style>\n<div  class='av-special-heading av-10pwr-d7151f4b780c338419d0ff07ede7c957 av-special-heading-h3  avia-builder-el-11  el_after_av_textblock  el_before_av_textblock '><h3 class='av-special-heading-tag '  itemprop=\"headline\"  >Najwa\u017cniejsze informacje<\/h3><div class=\"special-heading-border\"><div class=\"special-heading-inner-border\"><\/div><\/div><\/div><br \/>\n<section  class='av_textblock_section av-k3a8vy1i-c3eaba6a5673f57b0224f2a8c69b5209 '   itemscope=\"itemscope\" itemtype=\"https:\/\/schema.org\/CreativeWork\" ><div class='avia_textblock'  itemprop=\"text\" ><ul>\n<li>Maszyna wolna od hydrauliki &#8211; zajmuje mniej miejsca i ma mniejszy poziom ha\u0142asu<\/li>\n<li>Sterowane CNC osie obrabianego przedmiotu i posuwu &#8211; energooszcz\u0119dne i przyjazne dla operatora<\/li>\n<li>Zmienny zakres si\u0142 przetwarzania<\/li>\n<li>Slajdy synchronizowane elektronicznie<\/li>\n<li>Korekta b\u0142\u0119d\u00f3w odst\u0119p\u00f3w za pomoc\u0105 sterowania CNC<\/li>\n<li>Pr\u0119dko\u015b\u0107 walcowania jest regulowana bezstopniowo<\/li>\n<li>Solidna, niezawodna korekcja okr\u0105g\u0142o\u015bci<\/li>\n<\/ul>\n<\/div><\/section><\/p><\/div><\/div><\/div><\/div><!-- close content main div --><\/div><\/div><div id='after_section_1'  class='main_color av_default_container_wrap container_wrap sidebar_right'  ><div class='container av-section-cont-open' ><div class='template-page content  av-content-small alpha units'><div class='post-entry post-entry-type-page post-entry-5351'><div class='entry-content-wrapper clearfix'>\n","protected":false},"excerpt":{"rendered":"","protected":false},"author":1,"featured_media":0,"parent":2454,"menu_order":941,"comment_status":"closed","ping_status":"closed","template":"","meta":{"footnotes":""},"class_list":["post-5351","page","type-page","status-publish","hentry"],"yoast_head":"<!-- This site is optimized with the Yoast SEO plugin v27.2 - https:\/\/yoast.com\/product\/yoast-seo-wordpress\/ -->\n<title>Seria XK6 - OSG Ex-Cell-O<\/title>\n<meta name=\"robots\" content=\"index, follow, max-snippet:-1, max-image-preview:large, max-video-preview:-1\" \/>\n<link rel=\"canonical\" href=\"https:\/\/osg-excello.com\/pl\/maszyny\/xk-6-serie\/\" \/>\n<meta property=\"og:locale\" content=\"pl_PL\" \/>\n<meta property=\"og:type\" content=\"article\" \/>\n<meta property=\"og:title\" content=\"Seria XK6 - OSG Ex-Cell-O\" \/>\n<meta property=\"og:url\" content=\"https:\/\/osg-excello.com\/pl\/maszyny\/xk-6-serie\/\" \/>\n<meta property=\"og:site_name\" content=\"OSG Ex-Cell-O\" \/>\n<meta property=\"article:modified_time\" content=\"2021-05-25T08:46:53+00:00\" \/>\n<meta name=\"twitter:card\" content=\"summary_large_image\" \/>\n<meta name=\"twitter:label1\" content=\"Szacowany czas czytania\" \/>\n\t<meta name=\"twitter:data1\" content=\"6 minut\" \/>\n<script type=\"application\/ld+json\" class=\"yoast-schema-graph\">{\"@context\":\"https:\/\/schema.org\",\"@graph\":[{\"@type\":\"WebPage\",\"@id\":\"https:\/\/osg-excello.com\/pl\/maszyny\/xk-6-serie\/\",\"url\":\"https:\/\/osg-excello.com\/pl\/maszyny\/xk-6-serie\/\",\"name\":\"Seria XK6 - OSG Ex-Cell-O\",\"isPartOf\":{\"@id\":\"https:\/\/osg-excello.com\/pl\/#website\"},\"datePublished\":\"2019-11-19T15:21:55+00:00\",\"dateModified\":\"2021-05-25T08:46:53+00:00\",\"breadcrumb\":{\"@id\":\"https:\/\/osg-excello.com\/pl\/maszyny\/xk-6-serie\/#breadcrumb\"},\"inLanguage\":\"pl-PL\",\"potentialAction\":[{\"@type\":\"ReadAction\",\"target\":[\"https:\/\/osg-excello.com\/pl\/maszyny\/xk-6-serie\/\"]}]},{\"@type\":\"BreadcrumbList\",\"@id\":\"https:\/\/osg-excello.com\/pl\/maszyny\/xk-6-serie\/#breadcrumb\",\"itemListElement\":[{\"@type\":\"ListItem\",\"position\":1,\"name\":\"Startseite\",\"item\":\"https:\/\/osg-excello.com\/pl\/\"},{\"@type\":\"ListItem\",\"position\":2,\"name\":\"MASZYNY\",\"item\":\"https:\/\/osg-excello.com\/pl\/maszyny\/\"},{\"@type\":\"ListItem\",\"position\":3,\"name\":\"Seria XK6\"}]},{\"@type\":\"WebSite\",\"@id\":\"https:\/\/osg-excello.com\/pl\/#website\",\"url\":\"https:\/\/osg-excello.com\/pl\/\",\"name\":\"OSG Ex-Cell-O\",\"description\":\"\",\"publisher\":{\"@id\":\"https:\/\/osg-excello.com\/pl\/#organization\"},\"potentialAction\":[{\"@type\":\"SearchAction\",\"target\":{\"@type\":\"EntryPoint\",\"urlTemplate\":\"https:\/\/osg-excello.com\/pl\/?s={search_term_string}\"},\"query-input\":{\"@type\":\"PropertyValueSpecification\",\"valueRequired\":true,\"valueName\":\"search_term_string\"}}],\"inLanguage\":\"pl-PL\"},{\"@type\":\"Organization\",\"@id\":\"https:\/\/osg-excello.com\/pl\/#organization\",\"name\":\"OSG Ex-Cell-O GmbH\",\"url\":\"https:\/\/osg-excello.com\/pl\/\",\"logo\":{\"@type\":\"ImageObject\",\"inLanguage\":\"pl-PL\",\"@id\":\"https:\/\/osg-excello.com\/pl\/#\/schema\/logo\/image\/\",\"url\":\"https:\/\/osg-excello.com\/wp-content\/uploads\/2019\/11\/osg_excello_logo_final-2.png\",\"contentUrl\":\"https:\/\/osg-excello.com\/wp-content\/uploads\/2019\/11\/osg_excello_logo_final-2.png\",\"width\":514,\"height\":236,\"caption\":\"OSG Ex-Cell-O GmbH\"},\"image\":{\"@id\":\"https:\/\/osg-excello.com\/pl\/#\/schema\/logo\/image\/\"}}]}<\/script>\n<!-- \/ Yoast SEO plugin. -->","yoast_head_json":{"title":"Seria XK6 - OSG Ex-Cell-O","robots":{"index":"index","follow":"follow","max-snippet":"max-snippet:-1","max-image-preview":"max-image-preview:large","max-video-preview":"max-video-preview:-1"},"canonical":"https:\/\/osg-excello.com\/pl\/maszyny\/xk-6-serie\/","og_locale":"pl_PL","og_type":"article","og_title":"Seria XK6 - OSG Ex-Cell-O","og_url":"https:\/\/osg-excello.com\/pl\/maszyny\/xk-6-serie\/","og_site_name":"OSG Ex-Cell-O","article_modified_time":"2021-05-25T08:46:53+00:00","twitter_card":"summary_large_image","twitter_misc":{"Szacowany czas czytania":"6 minut"},"schema":{"@context":"https:\/\/schema.org","@graph":[{"@type":"WebPage","@id":"https:\/\/osg-excello.com\/pl\/maszyny\/xk-6-serie\/","url":"https:\/\/osg-excello.com\/pl\/maszyny\/xk-6-serie\/","name":"Seria XK6 - OSG Ex-Cell-O","isPartOf":{"@id":"https:\/\/osg-excello.com\/pl\/#website"},"datePublished":"2019-11-19T15:21:55+00:00","dateModified":"2021-05-25T08:46:53+00:00","breadcrumb":{"@id":"https:\/\/osg-excello.com\/pl\/maszyny\/xk-6-serie\/#breadcrumb"},"inLanguage":"pl-PL","potentialAction":[{"@type":"ReadAction","target":["https:\/\/osg-excello.com\/pl\/maszyny\/xk-6-serie\/"]}]},{"@type":"BreadcrumbList","@id":"https:\/\/osg-excello.com\/pl\/maszyny\/xk-6-serie\/#breadcrumb","itemListElement":[{"@type":"ListItem","position":1,"name":"Startseite","item":"https:\/\/osg-excello.com\/pl\/"},{"@type":"ListItem","position":2,"name":"MASZYNY","item":"https:\/\/osg-excello.com\/pl\/maszyny\/"},{"@type":"ListItem","position":3,"name":"Seria XK6"}]},{"@type":"WebSite","@id":"https:\/\/osg-excello.com\/pl\/#website","url":"https:\/\/osg-excello.com\/pl\/","name":"OSG Ex-Cell-O","description":"","publisher":{"@id":"https:\/\/osg-excello.com\/pl\/#organization"},"potentialAction":[{"@type":"SearchAction","target":{"@type":"EntryPoint","urlTemplate":"https:\/\/osg-excello.com\/pl\/?s={search_term_string}"},"query-input":{"@type":"PropertyValueSpecification","valueRequired":true,"valueName":"search_term_string"}}],"inLanguage":"pl-PL"},{"@type":"Organization","@id":"https:\/\/osg-excello.com\/pl\/#organization","name":"OSG Ex-Cell-O GmbH","url":"https:\/\/osg-excello.com\/pl\/","logo":{"@type":"ImageObject","inLanguage":"pl-PL","@id":"https:\/\/osg-excello.com\/pl\/#\/schema\/logo\/image\/","url":"https:\/\/osg-excello.com\/wp-content\/uploads\/2019\/11\/osg_excello_logo_final-2.png","contentUrl":"https:\/\/osg-excello.com\/wp-content\/uploads\/2019\/11\/osg_excello_logo_final-2.png","width":514,"height":236,"caption":"OSG Ex-Cell-O GmbH"},"image":{"@id":"https:\/\/osg-excello.com\/pl\/#\/schema\/logo\/image\/"}}]}},"_links":{"self":[{"href":"https:\/\/osg-excello.com\/pl\/wp-json\/wp\/v2\/pages\/5351","targetHints":{"allow":["GET"]}}],"collection":[{"href":"https:\/\/osg-excello.com\/pl\/wp-json\/wp\/v2\/pages"}],"about":[{"href":"https:\/\/osg-excello.com\/pl\/wp-json\/wp\/v2\/types\/page"}],"author":[{"embeddable":true,"href":"https:\/\/osg-excello.com\/pl\/wp-json\/wp\/v2\/users\/1"}],"replies":[{"embeddable":true,"href":"https:\/\/osg-excello.com\/pl\/wp-json\/wp\/v2\/comments?post=5351"}],"version-history":[{"count":5,"href":"https:\/\/osg-excello.com\/pl\/wp-json\/wp\/v2\/pages\/5351\/revisions"}],"predecessor-version":[{"id":5876,"href":"https:\/\/osg-excello.com\/pl\/wp-json\/wp\/v2\/pages\/5351\/revisions\/5876"}],"up":[{"embeddable":true,"href":"https:\/\/osg-excello.com\/pl\/wp-json\/wp\/v2\/pages\/2454"}],"wp:attachment":[{"href":"https:\/\/osg-excello.com\/pl\/wp-json\/wp\/v2\/media?parent=5351"}],"curies":[{"name":"wp","href":"https:\/\/api.w.org\/{rel}","templated":true}]}}