{"id":5723,"date":"2019-11-19T16:09:05","date_gmt":"2019-11-19T15:09:05","guid":{"rendered":"https:\/\/osg-excello.com\/innowacje\/modernste-modulare-maschinentechnologie-die-neue-xk8e-serie\/"},"modified":"2021-05-25T08:35:31","modified_gmt":"2021-05-25T06:35:31","slug":"modernste-modulare-maschinentechnologie-die-neue-xk8e-serie","status":"publish","type":"page","link":"https:\/\/osg-excello.com\/pl\/innowacje\/modernste-modulare-maschinentechnologie-die-neue-xk8e-serie\/","title":{"rendered":"Najnowocze\u015bniejsza technologia walcarek &#8211; nowa seria XK8e"},"content":{"rendered":"\n<style type=\"text\/css\" data-created_by=\"avia_inline_auto\" id=\"style-css-av-807no-33a4a38e5e0d5dea70cde682a9dc653a\">\n.flex_column.av-807no-33a4a38e5e0d5dea70cde682a9dc653a{\nborder-radius:0px 0px 0px 0px;\npadding:25px 0px 0px 0px;\n}\n<\/style>\n<div  class='flex_column av-807no-33a4a38e5e0d5dea70cde682a9dc653a av_one_full  avia-builder-el-0  el_before_av_hr  avia-builder-el-first  first flex_column_div  '     ><style type=\"text\/css\" data-created_by=\"avia_inline_auto\" id=\"style-css-av-k3ecso4g-04fbe27124423dea7ba67476988d25a6\">\n#top .av-special-heading.av-k3ecso4g-04fbe27124423dea7ba67476988d25a6{\npadding-bottom:10px;\n}\nbody .av-special-heading.av-k3ecso4g-04fbe27124423dea7ba67476988d25a6 .av-special-heading-tag .heading-char{\nfont-size:25px;\n}\n.av-special-heading.av-k3ecso4g-04fbe27124423dea7ba67476988d25a6 .av-subheading{\nfont-size:15px;\n}\n<\/style>\n<div  class='av-special-heading av-k3ecso4g-04fbe27124423dea7ba67476988d25a6 av-special-heading-h1 blockquote modern-quote modern-centered  avia-builder-el-1  avia-builder-el-no-sibling '><h1 class='av-special-heading-tag '  itemprop=\"headline\"  >Najnowocze\u015bniejsza technologia walcarek &#8211; nowa seria XK8e<\/h1><div class=\"special-heading-border\"><div class=\"special-heading-inner-border\"><\/div><\/div><\/div><\/div>\n\n<style type=\"text\/css\" data-created_by=\"avia_inline_auto\" id=\"style-css-av-k363cjsl-6c3a36cc1ad2d24930cc419f13ab6bc6\">\n#top .hr.av-k363cjsl-6c3a36cc1ad2d24930cc419f13ab6bc6{\nmargin-top:0px;\nmargin-bottom:30px;\n}\n.hr.av-k363cjsl-6c3a36cc1ad2d24930cc419f13ab6bc6 .hr-inner{\nwidth:30%;\nborder-color:#e8e8e8;\nmax-width:45%;\n}\n.hr.av-k363cjsl-6c3a36cc1ad2d24930cc419f13ab6bc6 .av-seperator-icon{\ncolor:#e8e8e8;\n}\n.hr.av-k363cjsl-6c3a36cc1ad2d24930cc419f13ab6bc6 .av-seperator-icon.avia-svg-icon svg:first-child{\nfill:#e8e8e8;\nstroke:#e8e8e8;\n}\n<\/style>\n<div  class='hr av-k363cjsl-6c3a36cc1ad2d24930cc419f13ab6bc6 hr-custom  avia-builder-el-2  el_after_av_one_full  el_before_av_section  avia-builder-el-last  hr-center hr-icon-yes'><span class='hr-inner inner-border-av-border-thin'><span class=\"hr-inner-style\"><\/span><\/span><span class='av-seperator-icon avia-iconfont avia-font-entypo-fontello' data-av_icon='\ue898' data-av_iconfont='entypo-fontello' ><\/span><span class='hr-inner inner-border-av-border-thin'><span class=\"hr-inner-style\"><\/span><\/span><\/div>\n<\/div><\/div><\/div><!-- close content main div --><\/div><\/div>\n<style type=\"text\/css\" data-created_by=\"avia_inline_auto\" id=\"style-css-av-k3647wxa-14f501a09e84162727fa6ec184c7a00c\">\n.avia-section.av-k3647wxa-14f501a09e84162727fa6ec184c7a00c{\nmargin-top:0px;\nmargin-bottom:100px;\n}\n<\/style>\n<div id='av_section_1'  class='avia-section av-k3647wxa-14f501a09e84162727fa6ec184c7a00c main_color avia-section-no-padding avia-no-border-styling  avia-builder-el-3  el_after_av_hr  avia-builder-el-last  avia-bg-style-scroll container_wrap sidebar_right'  ><div class='container av-section-cont-open' ><div class='template-page content  av-content-small alpha units'><div class='post-entry post-entry-type-page post-entry-5723'><div class='entry-content-wrapper clearfix'>\n\n<style type=\"text\/css\" data-created_by=\"avia_inline_auto\" id=\"style-css-av-7nzzw-2c1641dce56e8229eb55335a5a6ec76f\">\n.flex_column.av-7nzzw-2c1641dce56e8229eb55335a5a6ec76f{\nborder-radius:0px 0px 0px 0px;\npadding:0px 0px 0px 0px;\n}\n<\/style>\n<div  class='flex_column av-7nzzw-2c1641dce56e8229eb55335a5a6ec76f av_two_third  avia-builder-el-4  el_before_av_one_third  avia-builder-el-first  first flex_column_div av-animated-generic bottom-to-top av-zero-column-padding  '     ><section  class='av_textblock_section av-k3a8vy1i-c3eaba6a5673f57b0224f2a8c69b5209 '   itemscope=\"itemscope\" itemtype=\"https:\/\/schema.org\/CreativeWork\" ><div class='avia_textblock'  itemprop=\"text\" ><p class=\"p1\"><span class=\"s1\">W ramach rozwoju naszej najnowszej generacji maszyn do walcowania wielowypust\u00f3w, serii XK8e, zapytali\u015bmy naszych klient\u00f3w o ich codzienne wyzwania i przeprowadzili\u015bmy intensywne badania. W rezultacie osi\u0105gnij nast\u0119puj\u0105ce cele rozwojowe: <\/span><\/p>\n<ul class=\"ul1\">\n<li class=\"li1\"><span class=\"s1\">Wielowypusty ewolwentowe mog\u0105 by\u0107 wytwarzane niezwykle precyzyjnie w procesie mi\u0119kkim przy szerokiej gamie proces\u00f3w formowania. Jednak w p\u00f3\u017aniejszej obr\u00f3bce cieplnej wyst\u0119puj\u0105 zniekszta\u0142cenia w punktach pomiarowych i sto\u017cku wielowypustu, co prowadzi do znacznie ni\u017cszej jako\u015bci, a nawet do odrzut\u00f3w.<br \/>\n<\/span><strong>ZADANIE INNOWACYJNE 1: Maszyna musi by\u0107 w stanie skorygowa\u0107 pomiar na ko\u0142kach i sto\u017cku wielowypustu!<\/strong><\/li>\n<li class=\"li1\"><span class=\"s1\">Koszty inwestycyjne musz\u0105 spe\u0142nia\u0107 zadanie procesowe, a tak\u017ce wymagania jako\u015bciowe, aby osi\u0105gn\u0105\u0107 przewag\u0119 konkurencyjn\u0105 w kosztach jednostkowych.<span class=\"Apple-converted-space\"><br \/>\n<\/span><strong>ZADANIE INNOWACYJNE 2: Maszyna musi by\u0107 konfigurowalna zgodnie z wymaganiami klienta!<\/strong><\/span><\/li>\n<li class=\"li1\"><span class=\"s1\">Wymagania przestrzenne i inteligentne rozwi\u0105zania automatyzacyjne staj\u0105 si\u0119 coraz wa\u017cniejsze. Maksymalna wydajno\u015b\u0107 na metr kwadratowy zmniejsza koszty inwestycji.<span class=\"Apple-converted-space\"><br \/>\n<\/span><\/span><strong>ZADANIE INNOWACYJNE 3: Maszyna powinna by\u0107 zaprojektowana tak kompaktowo, jak to tylko mo\u017cliwe. Obszar za\u0142adunku i roz\u0142adunku musi by\u0107 zaprojektowany optymalnie dla rozwi\u0105za\u0144 automatyzacyjnych!<\/strong><\/li>\n<li class=\"li1\"><span class=\"s1\">System sterowania maszyn\u0105 musi mie\u0107 logiczn\u0105 struktur\u0119 dla operator\u00f3w, spe\u0142nia\u0107 mi\u0119dzynarodowe standardy, by\u0107 zgodne z najnowszymi rozwi\u0105zaniami Przemys\u0142u 4.0 i mie\u0107 znormalizowane interfejsy.<br \/>\n<\/span><strong>ZADANIE INNOWACYJNE 4: Sterowanie maszyn\u0105 powinno \u0142\u0105czy\u0107 najnowocze\u015bniejsze technologie. Interfejsy oparte na aplikacjach powinny u\u0142atwi\u0107 obs\u0142ug\u0119 wykwalifikowanym pracownikom.<\/strong><\/li>\n<li class=\"li1\"><span class=\"s1\">Najprawdopodobniej istniej\u0105ce narz\u0119dzia do walcowania nie s\u0105 kompatybilne ze starszymi maszynami z r\u00f3\u017cnymi otworami maszynowymi.<br \/>\n<\/span><strong>ZADANIE INNOWACYJNE 5: Maszyny powinny by\u0107 kompatybilne ze wszystkimi historycznymi otworami maszynowymi 5.5 &#8222;do 8.0&#8221; bez \u017cadnych modyfikacji.<\/strong><\/li>\n<\/ul>\n<h3 class=\"p1\"><span class=\"s1\">Dzi\u0119ki nowej serii XK8e wszystkie te zadania zosta\u0142y rozwi\u0105zane przy jednoczesnym kontynuowaniu sprawdzonych technologii. W ten spos\u00f3b oferujemy Pa\u0144stwu najbardziej innowacyjn\u0105 koncepcj\u0119 maszyn do walcowania krzy\u017cowego wielowypust\u00f3w!<\/span><\/h3>\n<\/div><\/section><\/div>\n<style type=\"text\/css\" data-created_by=\"avia_inline_auto\" id=\"style-css-av-7nzzw-47ef4b95d16ddc52afc9d03e4ee84fbc\">\n.flex_column.av-7nzzw-47ef4b95d16ddc52afc9d03e4ee84fbc{\nborder-radius:0px 0px 0px 0px;\npadding:0px 0px 0px 0px;\n}\n<\/style>\n<div  class='flex_column av-7nzzw-47ef4b95d16ddc52afc9d03e4ee84fbc av_one_third  avia-builder-el-6  el_after_av_two_third  avia-builder-el-last  flex_column_div av-animated-generic bottom-to-top av-zero-column-padding  '     ><p>\n<style type=\"text\/css\" data-created_by=\"avia_inline_auto\" id=\"style-css-av-k3conupj-291bb673f6cfabda022939ec547d13cb\">\n.avia-image-container.av-k3conupj-291bb673f6cfabda022939ec547d13cb img.avia_image{\nbox-shadow:none;\n}\n.avia-image-container.av-k3conupj-291bb673f6cfabda022939ec547d13cb .av-image-caption-overlay-center{\ncolor:#ffffff;\n}\n<\/style>\n<div  class='avia-image-container av-k3conupj-291bb673f6cfabda022939ec547d13cb av-styling- av-hover-grow av-hide-overflow av-img-linked avia-align-center  avia-builder-el-7  el_before_av_image  avia-builder-el-first '   itemprop=\"image\" itemscope=\"itemscope\" itemtype=\"https:\/\/schema.org\/ImageObject\" ><div class=\"avia-image-container-inner\"><div class=\"avia-image-overlay-wrap\"><a href=\"https:\/\/osg-excello.com\/wp-content\/uploads\/2019\/11\/innovationen_XK8518E_0049_LoRes.jpg\" data-srcset=\"https:\/\/osg-excello.com\/wp-content\/uploads\/2019\/11\/innovationen_XK8518E_0049_LoRes.jpg 1280w, https:\/\/osg-excello.com\/wp-content\/uploads\/2019\/11\/innovationen_XK8518E_0049_LoRes-768x611.jpg 768w, https:\/\/osg-excello.com\/wp-content\/uploads\/2019\/11\/innovationen_XK8518E_0049_LoRes-705x561.jpg 705w\" data-sizes=\"(max-width: 1280px) 100vw, 1280px\" class='avia_image '  aria-label='innovationen_XK8518E_0049_LoRes'><img decoding=\"async\" fetchpriority=\"high\" class='wp-image-5737 avia-img-lazy-loading-not-5737 avia_image ' src=\"https:\/\/osg-excello.com\/wp-content\/uploads\/2019\/11\/innovationen_XK8518E_0049_LoRes.jpg\" alt='' title='innovationen_XK8518E_0049_LoRes'  height=\"1019\" width=\"1280\"  itemprop=\"thumbnailUrl\" srcset=\"https:\/\/osg-excello.com\/wp-content\/uploads\/2019\/11\/innovationen_XK8518E_0049_LoRes.jpg 1280w, https:\/\/osg-excello.com\/wp-content\/uploads\/2019\/11\/innovationen_XK8518E_0049_LoRes-768x611.jpg 768w, https:\/\/osg-excello.com\/wp-content\/uploads\/2019\/11\/innovationen_XK8518E_0049_LoRes-705x561.jpg 705w\" sizes=\"(max-width: 1280px) 100vw, 1280px\" \/><\/a><\/div><\/div><\/div><br \/>\n\n<style type=\"text\/css\" data-created_by=\"avia_inline_auto\" id=\"style-css-av-k3ed5dhl-8251e61fd32f3551ff5fba5f1428674e\">\n.avia-image-container.av-k3ed5dhl-8251e61fd32f3551ff5fba5f1428674e img.avia_image{\nbox-shadow:none;\n}\n.avia-image-container.av-k3ed5dhl-8251e61fd32f3551ff5fba5f1428674e .av-image-caption-overlay-center{\ncolor:#ffffff;\n}\n<\/style>\n<div  class='avia-image-container av-k3ed5dhl-8251e61fd32f3551ff5fba5f1428674e av-styling- av-hover-grow av-hide-overflow av-img-linked avia-align-center  avia-builder-el-8  el_after_av_image  el_before_av_video '   itemprop=\"image\" itemscope=\"itemscope\" itemtype=\"https:\/\/schema.org\/ImageObject\" ><div class=\"avia-image-container-inner\"><div class=\"avia-image-overlay-wrap\"><a href=\"https:\/\/osg-excello.com\/wp-content\/uploads\/2019\/11\/xk8e_serie_07_XK8518E_225_LoRes.jpg\" data-srcset=\"https:\/\/osg-excello.com\/wp-content\/uploads\/2019\/11\/xk8e_serie_07_XK8518E_225_LoRes.jpg 1280w, https:\/\/osg-excello.com\/wp-content\/uploads\/2019\/11\/xk8e_serie_07_XK8518E_225_LoRes-768x512.jpg 768w, https:\/\/osg-excello.com\/wp-content\/uploads\/2019\/11\/xk8e_serie_07_XK8518E_225_LoRes-705x470.jpg 705w\" data-sizes=\"(max-width: 1280px) 100vw, 1280px\" class='avia_image '  aria-label='xk8e_serie_07_XK8518E_225_LoRes'><img decoding=\"async\" fetchpriority=\"high\" class='wp-image-5736 avia-img-lazy-loading-not-5736 avia_image ' src=\"https:\/\/osg-excello.com\/wp-content\/uploads\/2019\/11\/xk8e_serie_07_XK8518E_225_LoRes.jpg\" alt='' title='xk8e_serie_07_XK8518E_225_LoRes'  height=\"853\" width=\"1280\"  itemprop=\"thumbnailUrl\" srcset=\"https:\/\/osg-excello.com\/wp-content\/uploads\/2019\/11\/xk8e_serie_07_XK8518E_225_LoRes.jpg 1280w, https:\/\/osg-excello.com\/wp-content\/uploads\/2019\/11\/xk8e_serie_07_XK8518E_225_LoRes-768x512.jpg 768w, https:\/\/osg-excello.com\/wp-content\/uploads\/2019\/11\/xk8e_serie_07_XK8518E_225_LoRes-705x470.jpg 705w\" sizes=\"(max-width: 1280px) 100vw, 1280px\" \/><\/a><\/div><\/div><\/div><br \/>\n<div  class='avia-video av-k3ed5wvu-8f12f54f56664b83323cede8e96a4987 avia-video-16-9 roundborder av-no-preview-image avia-video-load-always avia-video-html5'  itemprop=\"video\" itemtype=\"https:\/\/schema.org\/VideoObject\"  data-original_url='https:\/\/osg-excello.com\/wp-content\/uploads\/2019\/11\/XK8e.mp4'><video class='avia_video'    preload=\"auto\"  controls id='player_5723_1028811219_586138121'><source src='https:\/\/osg-excello.com\/wp-content\/uploads\/2019\/11\/XK8e.mp4' type='video\/mp4' \/><\/video><\/div><\/p><\/div><\/div><\/div><\/div><!-- close content main div --><\/div><\/div><div id='after_section_1'  class='main_color av_default_container_wrap container_wrap sidebar_right'  ><div class='container av-section-cont-open' ><div class='template-page content  av-content-small alpha units'><div class='post-entry post-entry-type-page post-entry-5723'><div class='entry-content-wrapper clearfix'>\n","protected":false},"excerpt":{"rendered":"","protected":false},"author":1,"featured_media":0,"parent":2402,"menu_order":932,"comment_status":"closed","ping_status":"closed","template":"","meta":{"footnotes":""},"class_list":["post-5723","page","type-page","status-publish","hentry"],"yoast_head":"<!-- This site is optimized with the Yoast SEO plugin v27.2 - https:\/\/yoast.com\/product\/yoast-seo-wordpress\/ -->\n<title>Najnowocze\u015bniejsza technologia walcarek - nowa seria XK8e - OSG Ex-Cell-O<\/title>\n<meta name=\"robots\" content=\"index, follow, max-snippet:-1, max-image-preview:large, max-video-preview:-1\" \/>\n<link rel=\"canonical\" href=\"https:\/\/osg-excello.com\/pl\/innowacje\/modernste-modulare-maschinentechnologie-die-neue-xk8e-serie\/\" \/>\n<meta property=\"og:locale\" content=\"pl_PL\" \/>\n<meta property=\"og:type\" content=\"article\" \/>\n<meta property=\"og:title\" content=\"Najnowocze\u015bniejsza technologia walcarek - nowa seria XK8e - OSG Ex-Cell-O\" \/>\n<meta property=\"og:url\" content=\"https:\/\/osg-excello.com\/pl\/innowacje\/modernste-modulare-maschinentechnologie-die-neue-xk8e-serie\/\" \/>\n<meta property=\"og:site_name\" content=\"OSG Ex-Cell-O\" \/>\n<meta property=\"article:modified_time\" content=\"2021-05-25T06:35:31+00:00\" \/>\n<meta name=\"twitter:card\" content=\"summary_large_image\" \/>\n<meta name=\"twitter:label1\" content=\"Szacowany czas czytania\" \/>\n\t<meta name=\"twitter:data1\" content=\"6 minut\" \/>\n<script type=\"application\/ld+json\" class=\"yoast-schema-graph\">{\"@context\":\"https:\/\/schema.org\",\"@graph\":[{\"@type\":\"WebPage\",\"@id\":\"https:\/\/osg-excello.com\/pl\/innowacje\/modernste-modulare-maschinentechnologie-die-neue-xk8e-serie\/\",\"url\":\"https:\/\/osg-excello.com\/pl\/innowacje\/modernste-modulare-maschinentechnologie-die-neue-xk8e-serie\/\",\"name\":\"Najnowocze\u015bniejsza technologia walcarek - nowa seria XK8e - OSG Ex-Cell-O\",\"isPartOf\":{\"@id\":\"https:\/\/osg-excello.com\/pl\/#website\"},\"datePublished\":\"2019-11-19T15:09:05+00:00\",\"dateModified\":\"2021-05-25T06:35:31+00:00\",\"breadcrumb\":{\"@id\":\"https:\/\/osg-excello.com\/pl\/innowacje\/modernste-modulare-maschinentechnologie-die-neue-xk8e-serie\/#breadcrumb\"},\"inLanguage\":\"pl-PL\",\"potentialAction\":[{\"@type\":\"ReadAction\",\"target\":[\"https:\/\/osg-excello.com\/pl\/innowacje\/modernste-modulare-maschinentechnologie-die-neue-xk8e-serie\/\"]}]},{\"@type\":\"BreadcrumbList\",\"@id\":\"https:\/\/osg-excello.com\/pl\/innowacje\/modernste-modulare-maschinentechnologie-die-neue-xk8e-serie\/#breadcrumb\",\"itemListElement\":[{\"@type\":\"ListItem\",\"position\":1,\"name\":\"Startseite\",\"item\":\"https:\/\/osg-excello.com\/pl\/\"},{\"@type\":\"ListItem\",\"position\":2,\"name\":\"INNOWACJE\",\"item\":\"https:\/\/osg-excello.com\/pl\/innowacje\/\"},{\"@type\":\"ListItem\",\"position\":3,\"name\":\"Najnowocze\u015bniejsza technologia walcarek &#8211; nowa seria XK8e\"}]},{\"@type\":\"WebSite\",\"@id\":\"https:\/\/osg-excello.com\/pl\/#website\",\"url\":\"https:\/\/osg-excello.com\/pl\/\",\"name\":\"OSG Ex-Cell-O\",\"description\":\"\",\"publisher\":{\"@id\":\"https:\/\/osg-excello.com\/pl\/#organization\"},\"potentialAction\":[{\"@type\":\"SearchAction\",\"target\":{\"@type\":\"EntryPoint\",\"urlTemplate\":\"https:\/\/osg-excello.com\/pl\/?s={search_term_string}\"},\"query-input\":{\"@type\":\"PropertyValueSpecification\",\"valueRequired\":true,\"valueName\":\"search_term_string\"}}],\"inLanguage\":\"pl-PL\"},{\"@type\":\"Organization\",\"@id\":\"https:\/\/osg-excello.com\/pl\/#organization\",\"name\":\"OSG Ex-Cell-O GmbH\",\"url\":\"https:\/\/osg-excello.com\/pl\/\",\"logo\":{\"@type\":\"ImageObject\",\"inLanguage\":\"pl-PL\",\"@id\":\"https:\/\/osg-excello.com\/pl\/#\/schema\/logo\/image\/\",\"url\":\"https:\/\/osg-excello.com\/wp-content\/uploads\/2019\/11\/osg_excello_logo_final-2.png\",\"contentUrl\":\"https:\/\/osg-excello.com\/wp-content\/uploads\/2019\/11\/osg_excello_logo_final-2.png\",\"width\":514,\"height\":236,\"caption\":\"OSG Ex-Cell-O GmbH\"},\"image\":{\"@id\":\"https:\/\/osg-excello.com\/pl\/#\/schema\/logo\/image\/\"}}]}<\/script>\n<!-- \/ Yoast SEO plugin. -->","yoast_head_json":{"title":"Najnowocze\u015bniejsza technologia walcarek - nowa seria XK8e - OSG Ex-Cell-O","robots":{"index":"index","follow":"follow","max-snippet":"max-snippet:-1","max-image-preview":"max-image-preview:large","max-video-preview":"max-video-preview:-1"},"canonical":"https:\/\/osg-excello.com\/pl\/innowacje\/modernste-modulare-maschinentechnologie-die-neue-xk8e-serie\/","og_locale":"pl_PL","og_type":"article","og_title":"Najnowocze\u015bniejsza technologia walcarek - nowa seria XK8e - OSG Ex-Cell-O","og_url":"https:\/\/osg-excello.com\/pl\/innowacje\/modernste-modulare-maschinentechnologie-die-neue-xk8e-serie\/","og_site_name":"OSG Ex-Cell-O","article_modified_time":"2021-05-25T06:35:31+00:00","twitter_card":"summary_large_image","twitter_misc":{"Szacowany czas czytania":"6 minut"},"schema":{"@context":"https:\/\/schema.org","@graph":[{"@type":"WebPage","@id":"https:\/\/osg-excello.com\/pl\/innowacje\/modernste-modulare-maschinentechnologie-die-neue-xk8e-serie\/","url":"https:\/\/osg-excello.com\/pl\/innowacje\/modernste-modulare-maschinentechnologie-die-neue-xk8e-serie\/","name":"Najnowocze\u015bniejsza technologia walcarek - nowa seria XK8e - OSG Ex-Cell-O","isPartOf":{"@id":"https:\/\/osg-excello.com\/pl\/#website"},"datePublished":"2019-11-19T15:09:05+00:00","dateModified":"2021-05-25T06:35:31+00:00","breadcrumb":{"@id":"https:\/\/osg-excello.com\/pl\/innowacje\/modernste-modulare-maschinentechnologie-die-neue-xk8e-serie\/#breadcrumb"},"inLanguage":"pl-PL","potentialAction":[{"@type":"ReadAction","target":["https:\/\/osg-excello.com\/pl\/innowacje\/modernste-modulare-maschinentechnologie-die-neue-xk8e-serie\/"]}]},{"@type":"BreadcrumbList","@id":"https:\/\/osg-excello.com\/pl\/innowacje\/modernste-modulare-maschinentechnologie-die-neue-xk8e-serie\/#breadcrumb","itemListElement":[{"@type":"ListItem","position":1,"name":"Startseite","item":"https:\/\/osg-excello.com\/pl\/"},{"@type":"ListItem","position":2,"name":"INNOWACJE","item":"https:\/\/osg-excello.com\/pl\/innowacje\/"},{"@type":"ListItem","position":3,"name":"Najnowocze\u015bniejsza technologia walcarek &#8211; nowa seria XK8e"}]},{"@type":"WebSite","@id":"https:\/\/osg-excello.com\/pl\/#website","url":"https:\/\/osg-excello.com\/pl\/","name":"OSG Ex-Cell-O","description":"","publisher":{"@id":"https:\/\/osg-excello.com\/pl\/#organization"},"potentialAction":[{"@type":"SearchAction","target":{"@type":"EntryPoint","urlTemplate":"https:\/\/osg-excello.com\/pl\/?s={search_term_string}"},"query-input":{"@type":"PropertyValueSpecification","valueRequired":true,"valueName":"search_term_string"}}],"inLanguage":"pl-PL"},{"@type":"Organization","@id":"https:\/\/osg-excello.com\/pl\/#organization","name":"OSG Ex-Cell-O GmbH","url":"https:\/\/osg-excello.com\/pl\/","logo":{"@type":"ImageObject","inLanguage":"pl-PL","@id":"https:\/\/osg-excello.com\/pl\/#\/schema\/logo\/image\/","url":"https:\/\/osg-excello.com\/wp-content\/uploads\/2019\/11\/osg_excello_logo_final-2.png","contentUrl":"https:\/\/osg-excello.com\/wp-content\/uploads\/2019\/11\/osg_excello_logo_final-2.png","width":514,"height":236,"caption":"OSG Ex-Cell-O GmbH"},"image":{"@id":"https:\/\/osg-excello.com\/pl\/#\/schema\/logo\/image\/"}}]}},"_links":{"self":[{"href":"https:\/\/osg-excello.com\/pl\/wp-json\/wp\/v2\/pages\/5723","targetHints":{"allow":["GET"]}}],"collection":[{"href":"https:\/\/osg-excello.com\/pl\/wp-json\/wp\/v2\/pages"}],"about":[{"href":"https:\/\/osg-excello.com\/pl\/wp-json\/wp\/v2\/types\/page"}],"author":[{"embeddable":true,"href":"https:\/\/osg-excello.com\/pl\/wp-json\/wp\/v2\/users\/1"}],"replies":[{"embeddable":true,"href":"https:\/\/osg-excello.com\/pl\/wp-json\/wp\/v2\/comments?post=5723"}],"version-history":[{"count":5,"href":"https:\/\/osg-excello.com\/pl\/wp-json\/wp\/v2\/pages\/5723\/revisions"}],"predecessor-version":[{"id":5832,"href":"https:\/\/osg-excello.com\/pl\/wp-json\/wp\/v2\/pages\/5723\/revisions\/5832"}],"up":[{"embeddable":true,"href":"https:\/\/osg-excello.com\/pl\/wp-json\/wp\/v2\/pages\/2402"}],"wp:attachment":[{"href":"https:\/\/osg-excello.com\/pl\/wp-json\/wp\/v2\/media?parent=5723"}],"curies":[{"name":"wp","href":"https:\/\/api.w.org\/{rel}","templated":true}]}}