{"id":6637,"date":"2019-11-19T16:21:55","date_gmt":"2019-11-19T15:21:55","guid":{"rendered":"https:\/\/osg-excello.com\/narzedzia\/verfahrensentwicklung\/"},"modified":"2021-05-26T13:35:21","modified_gmt":"2021-05-26T11:35:21","slug":"verfahrensentwicklung","status":"publish","type":"page","link":"https:\/\/osg-excello.com\/pl\/narzedzia\/verfahrensentwicklung\/","title":{"rendered":"Rozw\u00f3j procesu"},"content":{"rendered":"\n<style type=\"text\/css\" data-created_by=\"avia_inline_auto\" id=\"style-css-av-807no-33a4a38e5e0d5dea70cde682a9dc653a\">\n.flex_column.av-807no-33a4a38e5e0d5dea70cde682a9dc653a{\nborder-radius:0px 0px 0px 0px;\npadding:25px 0px 0px 0px;\n}\n<\/style>\n<div  class='flex_column av-807no-33a4a38e5e0d5dea70cde682a9dc653a av_one_full  avia-builder-el-0  el_before_av_hr  avia-builder-el-first  first flex_column_div  '     ><style type=\"text\/css\" data-created_by=\"avia_inline_auto\" id=\"style-css-av-k3enjc10-7959c02e33cbfbb460f75735e459fafa\">\n#top .av-special-heading.av-k3enjc10-7959c02e33cbfbb460f75735e459fafa{\npadding-bottom:10px;\n}\nbody .av-special-heading.av-k3enjc10-7959c02e33cbfbb460f75735e459fafa .av-special-heading-tag .heading-char{\nfont-size:25px;\n}\n.av-special-heading.av-k3enjc10-7959c02e33cbfbb460f75735e459fafa .av-subheading{\nfont-size:15px;\n}\n<\/style>\n<div  class='av-special-heading av-k3enjc10-7959c02e33cbfbb460f75735e459fafa av-special-heading-h1 blockquote modern-quote modern-centered  avia-builder-el-1  avia-builder-el-no-sibling '><h1 class='av-special-heading-tag '  itemprop=\"headline\"  >Rozw\u00f3j procesu<\/h1><div class=\"special-heading-border\"><div class=\"special-heading-inner-border\"><\/div><\/div><\/div><\/div>\n<style type=\"text\/css\" data-created_by=\"avia_inline_auto\" id=\"style-css-av-k363cjsl-6c3a36cc1ad2d24930cc419f13ab6bc6\">\n#top .hr.av-k363cjsl-6c3a36cc1ad2d24930cc419f13ab6bc6{\nmargin-top:0px;\nmargin-bottom:30px;\n}\n.hr.av-k363cjsl-6c3a36cc1ad2d24930cc419f13ab6bc6 .hr-inner{\nwidth:30%;\nborder-color:#e8e8e8;\nmax-width:45%;\n}\n.hr.av-k363cjsl-6c3a36cc1ad2d24930cc419f13ab6bc6 .av-seperator-icon{\ncolor:#e8e8e8;\n}\n.hr.av-k363cjsl-6c3a36cc1ad2d24930cc419f13ab6bc6 .av-seperator-icon.avia-svg-icon svg:first-child{\nfill:#e8e8e8;\nstroke:#e8e8e8;\n}\n<\/style>\n<div  class='hr av-k363cjsl-6c3a36cc1ad2d24930cc419f13ab6bc6 hr-custom  avia-builder-el-2  el_after_av_one_full  el_before_av_section  avia-builder-el-last  hr-center hr-icon-yes'><span class='hr-inner inner-border-av-border-thin'><span class=\"hr-inner-style\"><\/span><\/span><span class='av-seperator-icon avia-iconfont avia-font-entypo-fontello' data-av_icon='\ue898' data-av_iconfont='entypo-fontello' ><\/span><span class='hr-inner inner-border-av-border-thin'><span class=\"hr-inner-style\"><\/span><\/span><\/div><\/p>\n<\/div><\/div><\/div><!-- close content main div --><\/div><\/div>\n<style type=\"text\/css\" data-created_by=\"avia_inline_auto\" id=\"style-css-av-k3647wxa-14f501a09e84162727fa6ec184c7a00c\">\n.avia-section.av-k3647wxa-14f501a09e84162727fa6ec184c7a00c{\nmargin-top:0px;\nmargin-bottom:100px;\n}\n<\/style>\n<div id='av_section_1'  class='avia-section av-k3647wxa-14f501a09e84162727fa6ec184c7a00c main_color avia-section-no-padding avia-no-border-styling  avia-builder-el-3  el_after_av_hr  avia-builder-el-last  avia-bg-style-scroll container_wrap sidebar_right'  ><div class='container av-section-cont-open' ><div class='template-page content  av-content-small alpha units'><div class='post-entry post-entry-type-page post-entry-6637'><div class='entry-content-wrapper clearfix'>\n\n<style type=\"text\/css\" data-created_by=\"avia_inline_auto\" id=\"style-css-av-7nzzw-2c1641dce56e8229eb55335a5a6ec76f\">\n.flex_column.av-7nzzw-2c1641dce56e8229eb55335a5a6ec76f{\nborder-radius:0px 0px 0px 0px;\npadding:0px 0px 0px 0px;\n}\n<\/style>\n<div  class='flex_column av-7nzzw-2c1641dce56e8229eb55335a5a6ec76f av_two_third  avia-builder-el-4  el_before_av_one_third  avia-builder-el-first  first flex_column_div av-animated-generic bottom-to-top av-zero-column-padding  '     ><p>\n<style type=\"text\/css\" data-created_by=\"avia_inline_auto\" id=\"style-css-av-k3conupj-00ff02189244189fd64bd41f67e2f7a4\">\n.avia-image-container.av-k3conupj-00ff02189244189fd64bd41f67e2f7a4 img.avia_image{\nbox-shadow:none;\n}\n.avia-image-container.av-k3conupj-00ff02189244189fd64bd41f67e2f7a4 .av-image-caption-overlay-center{\ncolor:#ffffff;\n}\n<\/style>\n<div  class='avia-image-container av-k3conupj-00ff02189244189fd64bd41f67e2f7a4 av-styling- av-hover-grow av-hide-overflow av-img-linked avia-align-center  avia-builder-el-5  el_before_av_hr  avia-builder-el-first '   itemprop=\"image\" itemscope=\"itemscope\" itemtype=\"https:\/\/schema.org\/ImageObject\" ><div class=\"avia-image-container-inner\"><div class=\"avia-image-overlay-wrap\"><a href=\"https:\/\/osg-excello.com\/wp-content\/uploads\/2019\/11\/werkzeug_verfahrensentwicklung_Kaltwalzen_DSC_7926_Ret_kl.jpg\" data-srcset=\"https:\/\/osg-excello.com\/wp-content\/uploads\/2019\/11\/werkzeug_verfahrensentwicklung_Kaltwalzen_DSC_7926_Ret_kl.jpg 1280w, https:\/\/osg-excello.com\/wp-content\/uploads\/2019\/11\/werkzeug_verfahrensentwicklung_Kaltwalzen_DSC_7926_Ret_kl-768x511.jpg 768w, https:\/\/osg-excello.com\/wp-content\/uploads\/2019\/11\/werkzeug_verfahrensentwicklung_Kaltwalzen_DSC_7926_Ret_kl-705x469.jpg 705w\" data-sizes=\"(max-width: 1280px) 100vw, 1280px\" class='avia_image '  aria-label='werkzeug_verfahrensentwicklung_Kaltwalzen_DSC_7926_Ret_kl'><img decoding=\"async\" fetchpriority=\"high\" class='wp-image-6651 avia-img-lazy-loading-not-6651 avia_image ' src=\"https:\/\/osg-excello.com\/wp-content\/uploads\/2019\/11\/werkzeug_verfahrensentwicklung_Kaltwalzen_DSC_7926_Ret_kl.jpg\" alt='' title='werkzeug_verfahrensentwicklung_Kaltwalzen_DSC_7926_Ret_kl'  height=\"852\" width=\"1280\"  itemprop=\"thumbnailUrl\" srcset=\"https:\/\/osg-excello.com\/wp-content\/uploads\/2019\/11\/werkzeug_verfahrensentwicklung_Kaltwalzen_DSC_7926_Ret_kl.jpg 1280w, https:\/\/osg-excello.com\/wp-content\/uploads\/2019\/11\/werkzeug_verfahrensentwicklung_Kaltwalzen_DSC_7926_Ret_kl-768x511.jpg 768w, https:\/\/osg-excello.com\/wp-content\/uploads\/2019\/11\/werkzeug_verfahrensentwicklung_Kaltwalzen_DSC_7926_Ret_kl-705x469.jpg 705w\" sizes=\"(max-width: 1280px) 100vw, 1280px\" \/><\/a><\/div><\/div><\/div><br \/>\n\n<style type=\"text\/css\" data-created_by=\"avia_inline_auto\" id=\"style-css-av-k3b9kc22-fb179e88a596ca9b3f22021301765415\">\n#top .hr.hr-invisible.av-k3b9kc22-fb179e88a596ca9b3f22021301765415{\nheight:30px;\n}\n<\/style>\n<div  class='hr av-k3b9kc22-fb179e88a596ca9b3f22021301765415 hr-invisible  avia-builder-el-6  el_after_av_image  el_before_av_image '><span class='hr-inner '><span class=\"hr-inner-style\"><\/span><\/span><\/div><br \/>\n\n<style type=\"text\/css\" data-created_by=\"avia_inline_auto\" id=\"style-css-av-k3conupj-939a11ef3f68ecd4e19f5157d8e7231a\">\n.avia-image-container.av-k3conupj-939a11ef3f68ecd4e19f5157d8e7231a img.avia_image{\nbox-shadow:none;\n}\n.avia-image-container.av-k3conupj-939a11ef3f68ecd4e19f5157d8e7231a .av-image-caption-overlay-center{\ncolor:#ffffff;\n}\n<\/style>\n<div  class='avia-image-container av-k3conupj-939a11ef3f68ecd4e19f5157d8e7231a av-styling- av-hover-grow av-hide-overflow av-img-linked avia-align-left  avia-builder-el-7  el_after_av_hr  el_before_av_image  rowImage50'   itemprop=\"image\" itemscope=\"itemscope\" itemtype=\"https:\/\/schema.org\/ImageObject\" ><div class=\"avia-image-container-inner\"><div class=\"avia-image-overlay-wrap\"><a href=\"https:\/\/osg-excello.com\/wp-content\/uploads\/2019\/11\/werkzeug_verfahrensentwicklung_SAM_3541.jpg\" data-srcset=\"https:\/\/osg-excello.com\/wp-content\/uploads\/2019\/11\/werkzeug_verfahrensentwicklung_SAM_3541.jpg 1280w, https:\/\/osg-excello.com\/wp-content\/uploads\/2019\/11\/werkzeug_verfahrensentwicklung_SAM_3541-768x512.jpg 768w, https:\/\/osg-excello.com\/wp-content\/uploads\/2019\/11\/werkzeug_verfahrensentwicklung_SAM_3541-705x470.jpg 705w\" data-sizes=\"(max-width: 1280px) 100vw, 1280px\" class='avia_image '  aria-label='werkzeug_verfahrensentwicklung_SAM_3541'><img decoding=\"async\" fetchpriority=\"high\" class='wp-image-6638 avia-img-lazy-loading-not-6638 avia_image ' src=\"https:\/\/osg-excello.com\/wp-content\/uploads\/2019\/11\/werkzeug_verfahrensentwicklung_SAM_3541.jpg\" alt='' title='werkzeug_verfahrensentwicklung_SAM_3541'  height=\"853\" width=\"1280\"  itemprop=\"thumbnailUrl\" srcset=\"https:\/\/osg-excello.com\/wp-content\/uploads\/2019\/11\/werkzeug_verfahrensentwicklung_SAM_3541.jpg 1280w, https:\/\/osg-excello.com\/wp-content\/uploads\/2019\/11\/werkzeug_verfahrensentwicklung_SAM_3541-768x512.jpg 768w, https:\/\/osg-excello.com\/wp-content\/uploads\/2019\/11\/werkzeug_verfahrensentwicklung_SAM_3541-705x470.jpg 705w\" sizes=\"(max-width: 1280px) 100vw, 1280px\" \/><\/a><\/div><\/div><\/div><br \/>\n\n<style type=\"text\/css\" data-created_by=\"avia_inline_auto\" id=\"style-css-av-k3conupj-f0aa03db99cac48a6c42da0a11b194be\">\n.avia-image-container.av-k3conupj-f0aa03db99cac48a6c42da0a11b194be img.avia_image{\nbox-shadow:none;\n}\n.avia-image-container.av-k3conupj-f0aa03db99cac48a6c42da0a11b194be .av-image-caption-overlay-center{\ncolor:#ffffff;\n}\n<\/style>\n<div  class='avia-image-container av-k3conupj-f0aa03db99cac48a6c42da0a11b194be av-styling- av-hover-grow av-hide-overflow av-img-linked avia-align-left  avia-builder-el-8  el_after_av_image  avia-builder-el-last  rowImage50'   itemprop=\"image\" itemscope=\"itemscope\" itemtype=\"https:\/\/schema.org\/ImageObject\" ><div class=\"avia-image-container-inner\"><div class=\"avia-image-overlay-wrap\"><a href=\"https:\/\/osg-excello.com\/wp-content\/uploads\/2019\/11\/werkzeug_verfahrensentwicklung_1.jpg\" class='avia_image '  aria-label='werkzeug_verfahrensentwicklung_1'><img decoding=\"async\" fetchpriority=\"high\" class='wp-image-6650 avia-img-lazy-loading-not-6650 avia_image ' src=\"https:\/\/osg-excello.com\/wp-content\/uploads\/2019\/11\/werkzeug_verfahrensentwicklung_1.jpg\" alt='' title='werkzeug_verfahrensentwicklung_1'  height=\"179\" width=\"453\"  itemprop=\"thumbnailUrl\"  \/><\/a><\/div><\/div><\/div><\/p><\/div>\n<style type=\"text\/css\" data-created_by=\"avia_inline_auto\" id=\"style-css-av-7nzzw-47ef4b95d16ddc52afc9d03e4ee84fbc\">\n.flex_column.av-7nzzw-47ef4b95d16ddc52afc9d03e4ee84fbc{\nborder-radius:0px 0px 0px 0px;\npadding:0px 0px 0px 0px;\n}\n<\/style>\n<div  class='flex_column av-7nzzw-47ef4b95d16ddc52afc9d03e4ee84fbc av_one_third  avia-builder-el-9  el_after_av_two_third  avia-builder-el-last  flex_column_div av-animated-generic bottom-to-top av-zero-column-padding  '     ><p>\n<style type=\"text\/css\" data-created_by=\"avia_inline_auto\" id=\"style-css-av-k3enkekk-6a2ca71ee2ea6d81afd4020431478b86\">\n#top .av-special-heading.av-k3enkekk-6a2ca71ee2ea6d81afd4020431478b86{\npadding-bottom:10px;\n}\nbody .av-special-heading.av-k3enkekk-6a2ca71ee2ea6d81afd4020431478b86 .av-special-heading-tag .heading-char{\nfont-size:25px;\n}\n.av-special-heading.av-k3enkekk-6a2ca71ee2ea6d81afd4020431478b86 .av-subheading{\nfont-size:15px;\n}\n<\/style>\n<div  class='av-special-heading av-k3enkekk-6a2ca71ee2ea6d81afd4020431478b86 av-special-heading-h3  avia-builder-el-10  el_before_av_textblock  avia-builder-el-first '><h3 class='av-special-heading-tag '  itemprop=\"headline\"  >Rozw\u00f3j narz\u0119dzi<\/h3><div class=\"special-heading-border\"><div class=\"special-heading-inner-border\"><\/div><\/div><\/div><br \/>\n<section  class='av_textblock_section av-k3a8vy1i-c3eaba6a5673f57b0224f2a8c69b5209 '   itemscope=\"itemscope\" itemtype=\"https:\/\/schema.org\/CreativeWork\" ><div class='avia_textblock'  itemprop=\"text\" ><ul>\n<li>Jako partner technologiczny OSG EX-CELL-O opracuje wsp\u00f3lnie z Tob\u0105 wysoce efektywny proces, gotowy do produkcji seryjnej.<\/li>\n<li>Po otrzymaniu Twojego rysunku oceniamy, czy rozwi\u0105zanie do formowania na zimno jest wykonalne.<\/li>\n<li>Je\u015bli konieczne jest dostosowanie ma\u0142ych detali do procesu formowania, informacje te otrzymasz z wyprzedzeniem.<\/li>\n<li>Nast\u0119pnie opracowujemy niezb\u0119dne narz\u0119dzia prototypowe i testujemy je na naszych maszynach prototypowych, najlepiej przy u\u017cyciu Pa\u0144stwa oryginalnych cz\u0119\u015bci.<\/li>\n<li>Je\u015bli wymagane s\u0105 poprawki, projekt narz\u0119dzi zostanie zmodyfikowany, a zmiany zostan\u0105 wprowadzone w narz\u0119dziach po ponownym te\u015bcie.<\/li>\n<li>W ko\u0144cu zostanie dla Ciebie wyprodukowana i udokumentowana ma\u0142a seria.<\/li>\n<\/ul>\n<\/div><\/section><br \/>\n\n<style type=\"text\/css\" data-created_by=\"avia_inline_auto\" id=\"style-css-av-k3enlegr-e4a3ec4c0bb96619209d3e7364eaabc6\">\n#top .av-special-heading.av-k3enlegr-e4a3ec4c0bb96619209d3e7364eaabc6{\npadding-bottom:10px;\n}\nbody .av-special-heading.av-k3enlegr-e4a3ec4c0bb96619209d3e7364eaabc6 .av-special-heading-tag .heading-char{\nfont-size:25px;\n}\n.av-special-heading.av-k3enlegr-e4a3ec4c0bb96619209d3e7364eaabc6 .av-subheading{\nfont-size:15px;\n}\n<\/style>\n<div  class='av-special-heading av-k3enlegr-e4a3ec4c0bb96619209d3e7364eaabc6 av-special-heading-h3  avia-builder-el-12  el_after_av_textblock  el_before_av_textblock '><h3 class='av-special-heading-tag '  itemprop=\"headline\"  >Rozw\u00f3j procesu<\/h3><div class=\"special-heading-border\"><div class=\"special-heading-inner-border\"><\/div><\/div><\/div><br \/>\n<section  class='av_textblock_section av-k3a8vy1i-c3eaba6a5673f57b0224f2a8c69b5209 '   itemscope=\"itemscope\" itemtype=\"https:\/\/schema.org\/CreativeWork\" ><div class='avia_textblock'  itemprop=\"text\" ><ul>\n<li>\u201eNieszablonowe my\u015blenie\u201d: w Grupie OSG realizujemy t\u0119 strategi\u0119 rozwoju. Nowe pomys\u0142y i innowacje dla dalszego rozwoju metod produkcji s\u0105 podstaw\u0105 przewagi konkurencyjnej i trwa\u0142ego wzrostu.<\/li>\n<li>Pomy\u015bl z nami \u201enieszablonowo\u201d i sprawd\u017a nasze kompetencje w zakresie opracowywania nowych proces\u00f3w formowania.<\/li>\n<\/ul>\n<\/div><\/section><\/p><\/div><\/div><\/div><\/div><!-- close content main div --><\/div><\/div><div id='after_section_1'  class='main_color av_default_container_wrap container_wrap sidebar_right'  ><div class='container av-section-cont-open' ><div class='template-page content  av-content-small alpha units'><div class='post-entry post-entry-type-page post-entry-6637'><div class='entry-content-wrapper clearfix'>\n","protected":false},"excerpt":{"rendered":"","protected":false},"author":1,"featured_media":0,"parent":2480,"menu_order":946,"comment_status":"closed","ping_status":"closed","template":"","meta":{"footnotes":""},"class_list":["post-6637","page","type-page","status-publish","hentry"],"yoast_head":"<!-- This site is optimized with the Yoast SEO plugin v27.2 - https:\/\/yoast.com\/product\/yoast-seo-wordpress\/ -->\n<title>Rozw\u00f3j procesu - OSG Ex-Cell-O<\/title>\n<meta name=\"robots\" content=\"index, follow, max-snippet:-1, max-image-preview:large, max-video-preview:-1\" \/>\n<link rel=\"canonical\" href=\"https:\/\/osg-excello.com\/pl\/narzedzia\/verfahrensentwicklung\/\" \/>\n<meta property=\"og:locale\" content=\"pl_PL\" \/>\n<meta property=\"og:type\" content=\"article\" \/>\n<meta property=\"og:title\" content=\"Rozw\u00f3j procesu - OSG Ex-Cell-O\" \/>\n<meta property=\"og:url\" content=\"https:\/\/osg-excello.com\/pl\/narzedzia\/verfahrensentwicklung\/\" \/>\n<meta property=\"og:site_name\" content=\"OSG Ex-Cell-O\" \/>\n<meta property=\"article:modified_time\" content=\"2021-05-26T11:35:21+00:00\" \/>\n<meta name=\"twitter:card\" content=\"summary_large_image\" \/>\n<meta name=\"twitter:label1\" content=\"Szacowany czas czytania\" \/>\n\t<meta name=\"twitter:data1\" content=\"6 minut\" \/>\n<script type=\"application\/ld+json\" class=\"yoast-schema-graph\">{\"@context\":\"https:\/\/schema.org\",\"@graph\":[{\"@type\":\"WebPage\",\"@id\":\"https:\/\/osg-excello.com\/pl\/narzedzia\/verfahrensentwicklung\/\",\"url\":\"https:\/\/osg-excello.com\/pl\/narzedzia\/verfahrensentwicklung\/\",\"name\":\"Rozw\u00f3j procesu - OSG Ex-Cell-O\",\"isPartOf\":{\"@id\":\"https:\/\/osg-excello.com\/pl\/#website\"},\"datePublished\":\"2019-11-19T15:21:55+00:00\",\"dateModified\":\"2021-05-26T11:35:21+00:00\",\"breadcrumb\":{\"@id\":\"https:\/\/osg-excello.com\/pl\/narzedzia\/verfahrensentwicklung\/#breadcrumb\"},\"inLanguage\":\"pl-PL\",\"potentialAction\":[{\"@type\":\"ReadAction\",\"target\":[\"https:\/\/osg-excello.com\/pl\/narzedzia\/verfahrensentwicklung\/\"]}]},{\"@type\":\"BreadcrumbList\",\"@id\":\"https:\/\/osg-excello.com\/pl\/narzedzia\/verfahrensentwicklung\/#breadcrumb\",\"itemListElement\":[{\"@type\":\"ListItem\",\"position\":1,\"name\":\"Startseite\",\"item\":\"https:\/\/osg-excello.com\/pl\/\"},{\"@type\":\"ListItem\",\"position\":2,\"name\":\"NARZ\u0118DZIA\",\"item\":\"https:\/\/osg-excello.com\/pl\/narzedzia\/\"},{\"@type\":\"ListItem\",\"position\":3,\"name\":\"Rozw\u00f3j procesu\"}]},{\"@type\":\"WebSite\",\"@id\":\"https:\/\/osg-excello.com\/pl\/#website\",\"url\":\"https:\/\/osg-excello.com\/pl\/\",\"name\":\"OSG Ex-Cell-O\",\"description\":\"\",\"publisher\":{\"@id\":\"https:\/\/osg-excello.com\/pl\/#organization\"},\"potentialAction\":[{\"@type\":\"SearchAction\",\"target\":{\"@type\":\"EntryPoint\",\"urlTemplate\":\"https:\/\/osg-excello.com\/pl\/?s={search_term_string}\"},\"query-input\":{\"@type\":\"PropertyValueSpecification\",\"valueRequired\":true,\"valueName\":\"search_term_string\"}}],\"inLanguage\":\"pl-PL\"},{\"@type\":\"Organization\",\"@id\":\"https:\/\/osg-excello.com\/pl\/#organization\",\"name\":\"OSG Ex-Cell-O GmbH\",\"url\":\"https:\/\/osg-excello.com\/pl\/\",\"logo\":{\"@type\":\"ImageObject\",\"inLanguage\":\"pl-PL\",\"@id\":\"https:\/\/osg-excello.com\/pl\/#\/schema\/logo\/image\/\",\"url\":\"https:\/\/osg-excello.com\/wp-content\/uploads\/2019\/11\/osg_excello_logo_final-2.png\",\"contentUrl\":\"https:\/\/osg-excello.com\/wp-content\/uploads\/2019\/11\/osg_excello_logo_final-2.png\",\"width\":514,\"height\":236,\"caption\":\"OSG Ex-Cell-O GmbH\"},\"image\":{\"@id\":\"https:\/\/osg-excello.com\/pl\/#\/schema\/logo\/image\/\"}}]}<\/script>\n<!-- \/ Yoast SEO plugin. -->","yoast_head_json":{"title":"Rozw\u00f3j procesu - OSG Ex-Cell-O","robots":{"index":"index","follow":"follow","max-snippet":"max-snippet:-1","max-image-preview":"max-image-preview:large","max-video-preview":"max-video-preview:-1"},"canonical":"https:\/\/osg-excello.com\/pl\/narzedzia\/verfahrensentwicklung\/","og_locale":"pl_PL","og_type":"article","og_title":"Rozw\u00f3j procesu - OSG Ex-Cell-O","og_url":"https:\/\/osg-excello.com\/pl\/narzedzia\/verfahrensentwicklung\/","og_site_name":"OSG Ex-Cell-O","article_modified_time":"2021-05-26T11:35:21+00:00","twitter_card":"summary_large_image","twitter_misc":{"Szacowany czas czytania":"6 minut"},"schema":{"@context":"https:\/\/schema.org","@graph":[{"@type":"WebPage","@id":"https:\/\/osg-excello.com\/pl\/narzedzia\/verfahrensentwicklung\/","url":"https:\/\/osg-excello.com\/pl\/narzedzia\/verfahrensentwicklung\/","name":"Rozw\u00f3j procesu - OSG Ex-Cell-O","isPartOf":{"@id":"https:\/\/osg-excello.com\/pl\/#website"},"datePublished":"2019-11-19T15:21:55+00:00","dateModified":"2021-05-26T11:35:21+00:00","breadcrumb":{"@id":"https:\/\/osg-excello.com\/pl\/narzedzia\/verfahrensentwicklung\/#breadcrumb"},"inLanguage":"pl-PL","potentialAction":[{"@type":"ReadAction","target":["https:\/\/osg-excello.com\/pl\/narzedzia\/verfahrensentwicklung\/"]}]},{"@type":"BreadcrumbList","@id":"https:\/\/osg-excello.com\/pl\/narzedzia\/verfahrensentwicklung\/#breadcrumb","itemListElement":[{"@type":"ListItem","position":1,"name":"Startseite","item":"https:\/\/osg-excello.com\/pl\/"},{"@type":"ListItem","position":2,"name":"NARZ\u0118DZIA","item":"https:\/\/osg-excello.com\/pl\/narzedzia\/"},{"@type":"ListItem","position":3,"name":"Rozw\u00f3j procesu"}]},{"@type":"WebSite","@id":"https:\/\/osg-excello.com\/pl\/#website","url":"https:\/\/osg-excello.com\/pl\/","name":"OSG Ex-Cell-O","description":"","publisher":{"@id":"https:\/\/osg-excello.com\/pl\/#organization"},"potentialAction":[{"@type":"SearchAction","target":{"@type":"EntryPoint","urlTemplate":"https:\/\/osg-excello.com\/pl\/?s={search_term_string}"},"query-input":{"@type":"PropertyValueSpecification","valueRequired":true,"valueName":"search_term_string"}}],"inLanguage":"pl-PL"},{"@type":"Organization","@id":"https:\/\/osg-excello.com\/pl\/#organization","name":"OSG Ex-Cell-O GmbH","url":"https:\/\/osg-excello.com\/pl\/","logo":{"@type":"ImageObject","inLanguage":"pl-PL","@id":"https:\/\/osg-excello.com\/pl\/#\/schema\/logo\/image\/","url":"https:\/\/osg-excello.com\/wp-content\/uploads\/2019\/11\/osg_excello_logo_final-2.png","contentUrl":"https:\/\/osg-excello.com\/wp-content\/uploads\/2019\/11\/osg_excello_logo_final-2.png","width":514,"height":236,"caption":"OSG Ex-Cell-O GmbH"},"image":{"@id":"https:\/\/osg-excello.com\/pl\/#\/schema\/logo\/image\/"}}]}},"_links":{"self":[{"href":"https:\/\/osg-excello.com\/pl\/wp-json\/wp\/v2\/pages\/6637","targetHints":{"allow":["GET"]}}],"collection":[{"href":"https:\/\/osg-excello.com\/pl\/wp-json\/wp\/v2\/pages"}],"about":[{"href":"https:\/\/osg-excello.com\/pl\/wp-json\/wp\/v2\/types\/page"}],"author":[{"embeddable":true,"href":"https:\/\/osg-excello.com\/pl\/wp-json\/wp\/v2\/users\/1"}],"replies":[{"embeddable":true,"href":"https:\/\/osg-excello.com\/pl\/wp-json\/wp\/v2\/comments?post=6637"}],"version-history":[{"count":5,"href":"https:\/\/osg-excello.com\/pl\/wp-json\/wp\/v2\/pages\/6637\/revisions"}],"predecessor-version":[{"id":6765,"href":"https:\/\/osg-excello.com\/pl\/wp-json\/wp\/v2\/pages\/6637\/revisions\/6765"}],"up":[{"embeddable":true,"href":"https:\/\/osg-excello.com\/pl\/wp-json\/wp\/v2\/pages\/2480"}],"wp:attachment":[{"href":"https:\/\/osg-excello.com\/pl\/wp-json\/wp\/v2\/media?parent=6637"}],"curies":[{"name":"wp","href":"https:\/\/api.w.org\/{rel}","templated":true}]}}