{"id":5433,"date":"2019-11-19T16:21:55","date_gmt":"2019-11-19T15:21:55","guid":{"rendered":"https:\/\/osg-excello.com\/maquinas\/xk-8-serie\/"},"modified":"2021-05-25T13:28:18","modified_gmt":"2021-05-25T11:28:18","slug":"xk-8-serie","status":"publish","type":"page","link":"https:\/\/osg-excello.com\/pt-pt\/maquinas\/xk-8-serie\/","title":{"rendered":"S\u00e9rie XK8"},"content":{"rendered":"\n<style type=\"text\/css\" data-created_by=\"avia_inline_auto\" id=\"style-css-av-807no-33a4a38e5e0d5dea70cde682a9dc653a\">\n.flex_column.av-807no-33a4a38e5e0d5dea70cde682a9dc653a{\nborder-radius:0px 0px 0px 0px;\npadding:25px 0px 0px 0px;\n}\n<\/style>\n<div  class='flex_column av-807no-33a4a38e5e0d5dea70cde682a9dc653a av_one_full  avia-builder-el-0  el_before_av_hr  avia-builder-el-first  first flex_column_div  '     ><style type=\"text\/css\" data-created_by=\"avia_inline_auto\" id=\"style-css-av-k3ekheso-4d0d3a3e698733fde1da8b3aa0744b81\">\n#top .av-special-heading.av-k3ekheso-4d0d3a3e698733fde1da8b3aa0744b81{\npadding-bottom:10px;\n}\nbody .av-special-heading.av-k3ekheso-4d0d3a3e698733fde1da8b3aa0744b81 .av-special-heading-tag .heading-char{\nfont-size:25px;\n}\n.av-special-heading.av-k3ekheso-4d0d3a3e698733fde1da8b3aa0744b81 .av-subheading{\nfont-size:15px;\n}\n<\/style>\n<div  class='av-special-heading av-k3ekheso-4d0d3a3e698733fde1da8b3aa0744b81 av-special-heading-h1 blockquote modern-quote modern-centered  avia-builder-el-1  avia-builder-el-no-sibling '><h1 class='av-special-heading-tag '  itemprop=\"headline\"  >S\u00e9rie XK8<\/h1><div class=\"special-heading-border\"><div class=\"special-heading-inner-border\"><\/div><\/div><\/div><\/div>\n\n<style type=\"text\/css\" data-created_by=\"avia_inline_auto\" id=\"style-css-av-k363cjsl-6c3a36cc1ad2d24930cc419f13ab6bc6\">\n#top .hr.av-k363cjsl-6c3a36cc1ad2d24930cc419f13ab6bc6{\nmargin-top:0px;\nmargin-bottom:30px;\n}\n.hr.av-k363cjsl-6c3a36cc1ad2d24930cc419f13ab6bc6 .hr-inner{\nwidth:30%;\nborder-color:#e8e8e8;\nmax-width:45%;\n}\n.hr.av-k363cjsl-6c3a36cc1ad2d24930cc419f13ab6bc6 .av-seperator-icon{\ncolor:#e8e8e8;\n}\n.hr.av-k363cjsl-6c3a36cc1ad2d24930cc419f13ab6bc6 .av-seperator-icon.avia-svg-icon svg:first-child{\nfill:#e8e8e8;\nstroke:#e8e8e8;\n}\n<\/style>\n<div  class='hr av-k363cjsl-6c3a36cc1ad2d24930cc419f13ab6bc6 hr-custom  avia-builder-el-2  el_after_av_one_full  el_before_av_section  avia-builder-el-last  hr-center hr-icon-yes'><span class='hr-inner inner-border-av-border-thin'><span class=\"hr-inner-style\"><\/span><\/span><span class='av-seperator-icon avia-iconfont avia-font-entypo-fontello' data-av_icon='\ue898' data-av_iconfont='entypo-fontello' ><\/span><span class='hr-inner inner-border-av-border-thin'><span class=\"hr-inner-style\"><\/span><\/span><\/div>\n<\/div><\/div><\/div><!-- close content main div --><\/div><\/div>\n<style type=\"text\/css\" data-created_by=\"avia_inline_auto\" id=\"style-css-av-k3647wxa-14f501a09e84162727fa6ec184c7a00c\">\n.avia-section.av-k3647wxa-14f501a09e84162727fa6ec184c7a00c{\nmargin-top:0px;\nmargin-bottom:100px;\n}\n<\/style>\n<div id='av_section_1'  class='avia-section av-k3647wxa-14f501a09e84162727fa6ec184c7a00c main_color avia-section-no-padding avia-no-border-styling  avia-builder-el-3  el_after_av_hr  avia-builder-el-last  avia-bg-style-scroll container_wrap sidebar_right'  ><div class='container av-section-cont-open' ><div class='template-page content  av-content-small alpha units'><div class='post-entry post-entry-type-page post-entry-5433'><div class='entry-content-wrapper clearfix'>\n\n<style type=\"text\/css\" data-created_by=\"avia_inline_auto\" id=\"style-css-av-7nzzw-2c1641dce56e8229eb55335a5a6ec76f\">\n.flex_column.av-7nzzw-2c1641dce56e8229eb55335a5a6ec76f{\nborder-radius:0px 0px 0px 0px;\npadding:0px 0px 0px 0px;\n}\n<\/style>\n<div  class='flex_column av-7nzzw-2c1641dce56e8229eb55335a5a6ec76f av_two_third  avia-builder-el-4  el_before_av_one_third  avia-builder-el-first  first flex_column_div av-animated-generic bottom-to-top av-zero-column-padding  '     ><p>\n<style type=\"text\/css\" data-created_by=\"avia_inline_auto\" id=\"style-css-av-k3conupj-55fee1ff08f7838d0f70b71d8b11d6ea\">\n.avia-image-container.av-k3conupj-55fee1ff08f7838d0f70b71d8b11d6ea img.avia_image{\nbox-shadow:none;\n}\n.avia-image-container.av-k3conupj-55fee1ff08f7838d0f70b71d8b11d6ea .av-image-caption-overlay-center{\ncolor:#ffffff;\n}\n<\/style>\n<div  class='avia-image-container av-k3conupj-55fee1ff08f7838d0f70b71d8b11d6ea av-styling- av-hover-grow av-hide-overflow av-img-linked avia-align-center  avia-builder-el-5  el_before_av_hr  avia-builder-el-first '   itemprop=\"image\" itemscope=\"itemscope\" itemtype=\"https:\/\/schema.org\/ImageObject\" ><div class=\"avia-image-container-inner\"><div class=\"avia-image-overlay-wrap\"><a href=\"https:\/\/osg-excello.com\/wp-content\/uploads\/2019\/11\/maschinen_XK851.jpg\" data-srcset=\"https:\/\/osg-excello.com\/wp-content\/uploads\/2019\/11\/maschinen_XK851.jpg 1280w, https:\/\/osg-excello.com\/wp-content\/uploads\/2019\/11\/maschinen_XK851-768x513.jpg 768w, https:\/\/osg-excello.com\/wp-content\/uploads\/2019\/11\/maschinen_XK851-705x471.jpg 705w\" data-sizes=\"(max-width: 1280px) 100vw, 1280px\" class='avia_image '  aria-label='maschinen_XK851'><img decoding=\"async\" fetchpriority=\"high\" class='wp-image-5451 avia-img-lazy-loading-not-5451 avia_image ' src=\"https:\/\/osg-excello.com\/wp-content\/uploads\/2019\/11\/maschinen_XK851.jpg\" alt='' title='maschinen_XK851'  height=\"855\" width=\"1280\"  itemprop=\"thumbnailUrl\" srcset=\"https:\/\/osg-excello.com\/wp-content\/uploads\/2019\/11\/maschinen_XK851.jpg 1280w, https:\/\/osg-excello.com\/wp-content\/uploads\/2019\/11\/maschinen_XK851-768x513.jpg 768w, https:\/\/osg-excello.com\/wp-content\/uploads\/2019\/11\/maschinen_XK851-705x471.jpg 705w\" sizes=\"(max-width: 1280px) 100vw, 1280px\" \/><\/a><\/div><\/div><\/div><br \/>\n\n<style type=\"text\/css\" data-created_by=\"avia_inline_auto\" id=\"style-css-av-k3b9kc22-fb179e88a596ca9b3f22021301765415\">\n#top .hr.hr-invisible.av-k3b9kc22-fb179e88a596ca9b3f22021301765415{\nheight:30px;\n}\n<\/style>\n<div  class='hr av-k3b9kc22-fb179e88a596ca9b3f22021301765415 hr-invisible  avia-builder-el-6  el_after_av_image  el_before_av_image '><span class='hr-inner '><span class=\"hr-inner-style\"><\/span><\/span><\/div><br \/>\n\n<style type=\"text\/css\" data-created_by=\"avia_inline_auto\" id=\"style-css-av-k3conupj-8fa6973591fbbf2b112528246621f6e0\">\n.avia-image-container.av-k3conupj-8fa6973591fbbf2b112528246621f6e0 img.avia_image{\nbox-shadow:none;\n}\n.avia-image-container.av-k3conupj-8fa6973591fbbf2b112528246621f6e0 .av-image-caption-overlay-center{\ncolor:#ffffff;\n}\n<\/style>\n<div  class='avia-image-container av-k3conupj-8fa6973591fbbf2b112528246621f6e0 av-styling- av-hover-grow av-hide-overflow av-img-linked avia-align-left  avia-builder-el-7  el_after_av_hr  avia-builder-el-last  rowImage50'   itemprop=\"image\" itemscope=\"itemscope\" itemtype=\"https:\/\/schema.org\/ImageObject\" ><div class=\"avia-image-container-inner\"><div class=\"avia-image-overlay-wrap\"><a href=\"https:\/\/osg-excello.com\/wp-content\/uploads\/2019\/11\/maschinen_xk8_120412_XK_DSC_6946.jpg\" data-srcset=\"https:\/\/osg-excello.com\/wp-content\/uploads\/2019\/11\/maschinen_xk8_120412_XK_DSC_6946.jpg 1280w, https:\/\/osg-excello.com\/wp-content\/uploads\/2019\/11\/maschinen_xk8_120412_XK_DSC_6946-768x576.jpg 768w, https:\/\/osg-excello.com\/wp-content\/uploads\/2019\/11\/maschinen_xk8_120412_XK_DSC_6946-705x529.jpg 705w\" data-sizes=\"(max-width: 1280px) 100vw, 1280px\" class='avia_image '  aria-label='maschinen_xk8_120412_XK_DSC_6946'><img decoding=\"async\" fetchpriority=\"high\" class='wp-image-5450 avia-img-lazy-loading-not-5450 avia_image ' src=\"https:\/\/osg-excello.com\/wp-content\/uploads\/2019\/11\/maschinen_xk8_120412_XK_DSC_6946.jpg\" alt='' title='maschinen_xk8_120412_XK_DSC_6946'  height=\"960\" width=\"1280\"  itemprop=\"thumbnailUrl\" srcset=\"https:\/\/osg-excello.com\/wp-content\/uploads\/2019\/11\/maschinen_xk8_120412_XK_DSC_6946.jpg 1280w, https:\/\/osg-excello.com\/wp-content\/uploads\/2019\/11\/maschinen_xk8_120412_XK_DSC_6946-768x576.jpg 768w, https:\/\/osg-excello.com\/wp-content\/uploads\/2019\/11\/maschinen_xk8_120412_XK_DSC_6946-705x529.jpg 705w\" sizes=\"(max-width: 1280px) 100vw, 1280px\" \/><\/a><\/div><\/div><\/div><\/p><\/div>\n<style type=\"text\/css\" data-created_by=\"avia_inline_auto\" id=\"style-css-av-7nzzw-47ef4b95d16ddc52afc9d03e4ee84fbc\">\n.flex_column.av-7nzzw-47ef4b95d16ddc52afc9d03e4ee84fbc{\nborder-radius:0px 0px 0px 0px;\npadding:0px 0px 0px 0px;\n}\n<\/style>\n<div  class='flex_column av-7nzzw-47ef4b95d16ddc52afc9d03e4ee84fbc av_one_third  avia-builder-el-8  el_after_av_two_third  avia-builder-el-last  flex_column_div av-animated-generic bottom-to-top av-zero-column-padding  '     ><p>\n<style type=\"text\/css\" data-created_by=\"avia_inline_auto\" id=\"style-css-av-20d60-8fbbc842ac81d5f2fa2a1f9100463826\">\n#top .av-special-heading.av-20d60-8fbbc842ac81d5f2fa2a1f9100463826{\npadding-bottom:10px;\n}\nbody .av-special-heading.av-20d60-8fbbc842ac81d5f2fa2a1f9100463826 .av-special-heading-tag .heading-char{\nfont-size:25px;\n}\n.av-special-heading.av-20d60-8fbbc842ac81d5f2fa2a1f9100463826 .av-subheading{\nfont-size:15px;\n}\n<\/style>\n<div  class='av-special-heading av-20d60-8fbbc842ac81d5f2fa2a1f9100463826 av-special-heading-h3  avia-builder-el-9  el_before_av_textblock  avia-builder-el-first '><h3 class='av-special-heading-tag '  itemprop=\"headline\"  >XK 837, XK 851, XK 875<\/h3><div class=\"special-heading-border\"><div class=\"special-heading-inner-border\"><\/div><\/div><\/div><br \/>\n<section  class='av_textblock_section av-k3a8vy1i-c3eaba6a5673f57b0224f2a8c69b5209 '   itemscope=\"itemscope\" itemtype=\"https:\/\/schema.org\/CreativeWork\" ><div class='avia_textblock'  itemprop=\"text\" ><p>H\u00e1 mais de 15 anos, quando o conceito para os modelos XK 8 foi desenvolvido, implementamos recursos abrangentes de economia de energia. Uma grande redu\u00e7\u00e3o no consumo foi alcan\u00e7ada com a substitui\u00e7\u00e3o dos acionamentos do eixo hidr\u00e1ulico por componentes eletromec\u00e2nicos, o que tamb\u00e9m reduziu significativamente a \u00e1rea ocupada e o n\u00edvel de ru\u00eddo. Com sua prote\u00e7\u00e3o ergonomicamente otimizada, o design da m\u00e1quina \u00e9 compacto, permitindo um di\u00e2metro de perfil m\u00e1ximo de 80mm e comprimento de pe\u00e7a de 1500mm.<\/p>\n<\/div><\/section><br \/>\n\n<style type=\"text\/css\" data-created_by=\"avia_inline_auto\" id=\"style-css-av-1nz0w-472f33f3065af89d7a4c4b33c23b5515\">\n#top .av-special-heading.av-1nz0w-472f33f3065af89d7a4c4b33c23b5515{\npadding-bottom:10px;\n}\nbody .av-special-heading.av-1nz0w-472f33f3065af89d7a4c4b33c23b5515 .av-special-heading-tag .heading-char{\nfont-size:25px;\n}\n.av-special-heading.av-1nz0w-472f33f3065af89d7a4c4b33c23b5515 .av-subheading{\nfont-size:15px;\n}\n<\/style>\n<div  class='av-special-heading av-1nz0w-472f33f3065af89d7a4c4b33c23b5515 av-special-heading-h3  avia-builder-el-11  el_after_av_textblock  el_before_av_textblock '><h3 class='av-special-heading-tag '  itemprop=\"headline\"  >Alcance de aplica\u00e7\u00e3o &#8211; XK 8xx<\/h3><div class=\"special-heading-border\"><div class=\"special-heading-inner-border\"><\/div><\/div><\/div><br \/>\n<section  class='av_textblock_section av-k3a8vy1i-c3eaba6a5673f57b0224f2a8c69b5209 '   itemscope=\"itemscope\" itemtype=\"https:\/\/schema.org\/CreativeWork\" ><div class='avia_textblock'  itemprop=\"text\" ><ul>\n<li>Semi-eixos de autom\u00f3veis<\/li>\n<li>Eixos de transmiss\u00e3o de autom\u00f3veis<\/li>\n<li>Produ\u00e7\u00e3o eficiente de pequenos lotes<\/li>\n<\/ul>\n<\/div><\/section><br \/>\n\n<style type=\"text\/css\" data-created_by=\"avia_inline_auto\" id=\"style-css-av-v8rk-422ac29efb782a45da7c94d1873c0774\">\n#top .av-special-heading.av-v8rk-422ac29efb782a45da7c94d1873c0774{\npadding-bottom:10px;\n}\nbody .av-special-heading.av-v8rk-422ac29efb782a45da7c94d1873c0774 .av-special-heading-tag .heading-char{\nfont-size:25px;\n}\n.av-special-heading.av-v8rk-422ac29efb782a45da7c94d1873c0774 .av-subheading{\nfont-size:15px;\n}\n<\/style>\n<div  class='av-special-heading av-v8rk-422ac29efb782a45da7c94d1873c0774 av-special-heading-h3  avia-builder-el-13  el_after_av_textblock  el_before_av_textblock '><h3 class='av-special-heading-tag '  itemprop=\"headline\"  >Destaques<\/h3><div class=\"special-heading-border\"><div class=\"special-heading-inner-border\"><\/div><\/div><\/div><br \/>\n<section  class='av_textblock_section av-k3a8vy1i-c3eaba6a5673f57b0224f2a8c69b5209 '   itemscope=\"itemscope\" itemtype=\"https:\/\/schema.org\/CreativeWork\" ><div class='avia_textblock'  itemprop=\"text\" ><ul>\n<li>Tecnologia de conforma\u00e7\u00e3o a frio de \u00faltima gera\u00e7\u00e3o com controle de processo<\/li>\n<li>Todos os movimentos s\u00e3o realizados por eixos controlados numericamente<\/li>\n<li>Varia\u00e7\u00e3o da quantidade de dentes da pe\u00e7a sem troca de ferramentas<\/li>\n<li>Avan\u00e7o vertical durante a lamina\u00e7\u00e3o<\/li>\n<li>As velocidades de lamina\u00e7\u00e3o podem ser programadas individualmente<\/li>\n<li>M\u00e1quina hidr\u00e1ulica livre &#8211; redu\u00e7\u00e3o da pegada e do n\u00edvel de ru\u00eddo<\/li>\n<li>Defini\u00e7\u00f5es de ferramentas simplificadas<\/li>\n<li>Aumento da flexibilidade<\/li>\n<\/ul>\n<\/div><\/section><\/p><\/div><\/div><\/div><\/div><!-- close content main div --><\/div><\/div><div id='after_section_1'  class='main_color av_default_container_wrap container_wrap sidebar_right'  ><div class='container av-section-cont-open' ><div class='template-page content  av-content-small alpha units'><div class='post-entry post-entry-type-page post-entry-5433'><div class='entry-content-wrapper clearfix'>\n","protected":false},"excerpt":{"rendered":"","protected":false},"author":1,"featured_media":0,"parent":2455,"menu_order":942,"comment_status":"closed","ping_status":"closed","template":"","meta":{"footnotes":""},"class_list":["post-5433","page","type-page","status-publish","hentry"],"yoast_head":"<!-- This site is optimized with the Yoast SEO plugin v27.2 - https:\/\/yoast.com\/product\/yoast-seo-wordpress\/ -->\n<title>S\u00e9rie XK8 - OSG Ex-Cell-O<\/title>\n<meta name=\"robots\" content=\"index, follow, max-snippet:-1, max-image-preview:large, max-video-preview:-1\" \/>\n<link rel=\"canonical\" href=\"https:\/\/osg-excello.com\/pt-pt\/maquinas\/xk-8-serie\/\" \/>\n<meta property=\"og:locale\" content=\"pt_PT\" \/>\n<meta property=\"og:type\" content=\"article\" \/>\n<meta property=\"og:title\" content=\"S\u00e9rie XK8 - OSG Ex-Cell-O\" \/>\n<meta property=\"og:url\" content=\"https:\/\/osg-excello.com\/pt-pt\/maquinas\/xk-8-serie\/\" \/>\n<meta property=\"og:site_name\" content=\"OSG Ex-Cell-O\" \/>\n<meta property=\"article:modified_time\" content=\"2021-05-25T11:28:18+00:00\" \/>\n<meta name=\"twitter:card\" content=\"summary_large_image\" \/>\n<meta name=\"twitter:label1\" content=\"Tempo estimado de leitura\" \/>\n\t<meta name=\"twitter:data1\" content=\"7 minutos\" \/>\n<script type=\"application\/ld+json\" class=\"yoast-schema-graph\">{\"@context\":\"https:\/\/schema.org\",\"@graph\":[{\"@type\":\"WebPage\",\"@id\":\"https:\/\/osg-excello.com\/pt-pt\/maquinas\/xk-8-serie\/\",\"url\":\"https:\/\/osg-excello.com\/pt-pt\/maquinas\/xk-8-serie\/\",\"name\":\"S\u00e9rie XK8 - OSG Ex-Cell-O\",\"isPartOf\":{\"@id\":\"https:\/\/osg-excello.com\/pt-pt\/#website\"},\"datePublished\":\"2019-11-19T15:21:55+00:00\",\"dateModified\":\"2021-05-25T11:28:18+00:00\",\"breadcrumb\":{\"@id\":\"https:\/\/osg-excello.com\/pt-pt\/maquinas\/xk-8-serie\/#breadcrumb\"},\"inLanguage\":\"pt-PT\",\"potentialAction\":[{\"@type\":\"ReadAction\",\"target\":[\"https:\/\/osg-excello.com\/pt-pt\/maquinas\/xk-8-serie\/\"]}]},{\"@type\":\"BreadcrumbList\",\"@id\":\"https:\/\/osg-excello.com\/pt-pt\/maquinas\/xk-8-serie\/#breadcrumb\",\"itemListElement\":[{\"@type\":\"ListItem\",\"position\":1,\"name\":\"Startseite\",\"item\":\"https:\/\/osg-excello.com\/pt-pt\/\"},{\"@type\":\"ListItem\",\"position\":2,\"name\":\"M\u00c1QUINAS\",\"item\":\"https:\/\/osg-excello.com\/pt-pt\/maquinas\/\"},{\"@type\":\"ListItem\",\"position\":3,\"name\":\"S\u00e9rie XK8\"}]},{\"@type\":\"WebSite\",\"@id\":\"https:\/\/osg-excello.com\/pt-pt\/#website\",\"url\":\"https:\/\/osg-excello.com\/pt-pt\/\",\"name\":\"OSG Ex-Cell-O\",\"description\":\"\",\"publisher\":{\"@id\":\"https:\/\/osg-excello.com\/pt-pt\/#organization\"},\"potentialAction\":[{\"@type\":\"SearchAction\",\"target\":{\"@type\":\"EntryPoint\",\"urlTemplate\":\"https:\/\/osg-excello.com\/pt-pt\/?s={search_term_string}\"},\"query-input\":{\"@type\":\"PropertyValueSpecification\",\"valueRequired\":true,\"valueName\":\"search_term_string\"}}],\"inLanguage\":\"pt-PT\"},{\"@type\":\"Organization\",\"@id\":\"https:\/\/osg-excello.com\/pt-pt\/#organization\",\"name\":\"OSG Ex-Cell-O GmbH\",\"url\":\"https:\/\/osg-excello.com\/pt-pt\/\",\"logo\":{\"@type\":\"ImageObject\",\"inLanguage\":\"pt-PT\",\"@id\":\"https:\/\/osg-excello.com\/pt-pt\/#\/schema\/logo\/image\/\",\"url\":\"https:\/\/osg-excello.com\/wp-content\/uploads\/2019\/11\/osg_excello_logo_final-2.png\",\"contentUrl\":\"https:\/\/osg-excello.com\/wp-content\/uploads\/2019\/11\/osg_excello_logo_final-2.png\",\"width\":514,\"height\":236,\"caption\":\"OSG Ex-Cell-O GmbH\"},\"image\":{\"@id\":\"https:\/\/osg-excello.com\/pt-pt\/#\/schema\/logo\/image\/\"}}]}<\/script>\n<!-- \/ Yoast SEO plugin. -->","yoast_head_json":{"title":"S\u00e9rie XK8 - OSG Ex-Cell-O","robots":{"index":"index","follow":"follow","max-snippet":"max-snippet:-1","max-image-preview":"max-image-preview:large","max-video-preview":"max-video-preview:-1"},"canonical":"https:\/\/osg-excello.com\/pt-pt\/maquinas\/xk-8-serie\/","og_locale":"pt_PT","og_type":"article","og_title":"S\u00e9rie XK8 - OSG Ex-Cell-O","og_url":"https:\/\/osg-excello.com\/pt-pt\/maquinas\/xk-8-serie\/","og_site_name":"OSG Ex-Cell-O","article_modified_time":"2021-05-25T11:28:18+00:00","twitter_card":"summary_large_image","twitter_misc":{"Tempo estimado de leitura":"7 minutos"},"schema":{"@context":"https:\/\/schema.org","@graph":[{"@type":"WebPage","@id":"https:\/\/osg-excello.com\/pt-pt\/maquinas\/xk-8-serie\/","url":"https:\/\/osg-excello.com\/pt-pt\/maquinas\/xk-8-serie\/","name":"S\u00e9rie XK8 - OSG Ex-Cell-O","isPartOf":{"@id":"https:\/\/osg-excello.com\/pt-pt\/#website"},"datePublished":"2019-11-19T15:21:55+00:00","dateModified":"2021-05-25T11:28:18+00:00","breadcrumb":{"@id":"https:\/\/osg-excello.com\/pt-pt\/maquinas\/xk-8-serie\/#breadcrumb"},"inLanguage":"pt-PT","potentialAction":[{"@type":"ReadAction","target":["https:\/\/osg-excello.com\/pt-pt\/maquinas\/xk-8-serie\/"]}]},{"@type":"BreadcrumbList","@id":"https:\/\/osg-excello.com\/pt-pt\/maquinas\/xk-8-serie\/#breadcrumb","itemListElement":[{"@type":"ListItem","position":1,"name":"Startseite","item":"https:\/\/osg-excello.com\/pt-pt\/"},{"@type":"ListItem","position":2,"name":"M\u00c1QUINAS","item":"https:\/\/osg-excello.com\/pt-pt\/maquinas\/"},{"@type":"ListItem","position":3,"name":"S\u00e9rie XK8"}]},{"@type":"WebSite","@id":"https:\/\/osg-excello.com\/pt-pt\/#website","url":"https:\/\/osg-excello.com\/pt-pt\/","name":"OSG Ex-Cell-O","description":"","publisher":{"@id":"https:\/\/osg-excello.com\/pt-pt\/#organization"},"potentialAction":[{"@type":"SearchAction","target":{"@type":"EntryPoint","urlTemplate":"https:\/\/osg-excello.com\/pt-pt\/?s={search_term_string}"},"query-input":{"@type":"PropertyValueSpecification","valueRequired":true,"valueName":"search_term_string"}}],"inLanguage":"pt-PT"},{"@type":"Organization","@id":"https:\/\/osg-excello.com\/pt-pt\/#organization","name":"OSG Ex-Cell-O GmbH","url":"https:\/\/osg-excello.com\/pt-pt\/","logo":{"@type":"ImageObject","inLanguage":"pt-PT","@id":"https:\/\/osg-excello.com\/pt-pt\/#\/schema\/logo\/image\/","url":"https:\/\/osg-excello.com\/wp-content\/uploads\/2019\/11\/osg_excello_logo_final-2.png","contentUrl":"https:\/\/osg-excello.com\/wp-content\/uploads\/2019\/11\/osg_excello_logo_final-2.png","width":514,"height":236,"caption":"OSG Ex-Cell-O GmbH"},"image":{"@id":"https:\/\/osg-excello.com\/pt-pt\/#\/schema\/logo\/image\/"}}]}},"_links":{"self":[{"href":"https:\/\/osg-excello.com\/pt-pt\/wp-json\/wp\/v2\/pages\/5433","targetHints":{"allow":["GET"]}}],"collection":[{"href":"https:\/\/osg-excello.com\/pt-pt\/wp-json\/wp\/v2\/pages"}],"about":[{"href":"https:\/\/osg-excello.com\/pt-pt\/wp-json\/wp\/v2\/types\/page"}],"author":[{"embeddable":true,"href":"https:\/\/osg-excello.com\/pt-pt\/wp-json\/wp\/v2\/users\/1"}],"replies":[{"embeddable":true,"href":"https:\/\/osg-excello.com\/pt-pt\/wp-json\/wp\/v2\/comments?post=5433"}],"version-history":[{"count":5,"href":"https:\/\/osg-excello.com\/pt-pt\/wp-json\/wp\/v2\/pages\/5433\/revisions"}],"predecessor-version":[{"id":5922,"href":"https:\/\/osg-excello.com\/pt-pt\/wp-json\/wp\/v2\/pages\/5433\/revisions\/5922"}],"up":[{"embeddable":true,"href":"https:\/\/osg-excello.com\/pt-pt\/wp-json\/wp\/v2\/pages\/2455"}],"wp:attachment":[{"href":"https:\/\/osg-excello.com\/pt-pt\/wp-json\/wp\/v2\/media?parent=5433"}],"curies":[{"name":"wp","href":"https:\/\/api.w.org\/{rel}","templated":true}]}}