{"id":6264,"date":"2019-11-19T16:09:05","date_gmt":"2019-11-19T15:09:05","guid":{"rendered":"https:\/\/osg-excello.com\/inovacoes\/neueste-technologie-zum-walzen-von-passverzahnungen-auf-hohlwellen\/"},"modified":"2021-05-26T10:41:51","modified_gmt":"2021-05-26T08:41:51","slug":"neueste-technologie-zum-walzen-von-passverzahnungen-auf-hohlwellen","status":"publish","type":"page","link":"https:\/\/osg-excello.com\/pt-pt\/inovacoes\/neueste-technologie-zum-walzen-von-passverzahnungen-auf-hohlwellen\/","title":{"rendered":"A mais recente tecnologia para enrolar estrias em veios ocos"},"content":{"rendered":"\n<style type=\"text\/css\" data-created_by=\"avia_inline_auto\" id=\"style-css-av-807no-33a4a38e5e0d5dea70cde682a9dc653a\">\n.flex_column.av-807no-33a4a38e5e0d5dea70cde682a9dc653a{\nborder-radius:0px 0px 0px 0px;\npadding:25px 0px 0px 0px;\n}\n<\/style>\n<div  class='flex_column av-807no-33a4a38e5e0d5dea70cde682a9dc653a av_one_full  avia-builder-el-0  el_before_av_hr  avia-builder-el-first  first flex_column_div  '     ><style type=\"text\/css\" data-created_by=\"avia_inline_auto\" id=\"style-css-av-k3ednkgz-da843d6e277cfda07004a3ccbac5c66c\">\n#top .av-special-heading.av-k3ednkgz-da843d6e277cfda07004a3ccbac5c66c{\npadding-bottom:10px;\n}\nbody .av-special-heading.av-k3ednkgz-da843d6e277cfda07004a3ccbac5c66c .av-special-heading-tag .heading-char{\nfont-size:25px;\n}\n.av-special-heading.av-k3ednkgz-da843d6e277cfda07004a3ccbac5c66c .av-subheading{\nfont-size:15px;\n}\n<\/style>\n<div  class='av-special-heading av-k3ednkgz-da843d6e277cfda07004a3ccbac5c66c av-special-heading-h1 blockquote modern-quote modern-centered  avia-builder-el-1  avia-builder-el-no-sibling '><h1 class='av-special-heading-tag '  itemprop=\"headline\"  >A mais recente tecnologia para enrolar estrias em veios ocos<\/h1><div class=\"special-heading-border\"><div class=\"special-heading-inner-border\"><\/div><\/div><\/div><\/div>\n<style type=\"text\/css\" data-created_by=\"avia_inline_auto\" id=\"style-css-av-k363cjsl-6c3a36cc1ad2d24930cc419f13ab6bc6\">\n#top .hr.av-k363cjsl-6c3a36cc1ad2d24930cc419f13ab6bc6{\nmargin-top:0px;\nmargin-bottom:30px;\n}\n.hr.av-k363cjsl-6c3a36cc1ad2d24930cc419f13ab6bc6 .hr-inner{\nwidth:30%;\nborder-color:#e8e8e8;\nmax-width:45%;\n}\n.hr.av-k363cjsl-6c3a36cc1ad2d24930cc419f13ab6bc6 .av-seperator-icon{\ncolor:#e8e8e8;\n}\n.hr.av-k363cjsl-6c3a36cc1ad2d24930cc419f13ab6bc6 .av-seperator-icon.avia-svg-icon svg:first-child{\nfill:#e8e8e8;\nstroke:#e8e8e8;\n}\n<\/style>\n<div  class='hr av-k363cjsl-6c3a36cc1ad2d24930cc419f13ab6bc6 hr-custom  avia-builder-el-2  el_after_av_one_full  el_before_av_section  avia-builder-el-last  hr-center hr-icon-yes'><span class='hr-inner inner-border-av-border-thin'><span class=\"hr-inner-style\"><\/span><\/span><span class='av-seperator-icon avia-iconfont avia-font-entypo-fontello' data-av_icon='\ue898' data-av_iconfont='entypo-fontello' ><\/span><span class='hr-inner inner-border-av-border-thin'><span class=\"hr-inner-style\"><\/span><\/span><\/div><\/p>\n<\/div><\/div><\/div><!-- close content main div --><\/div><\/div>\n<style type=\"text\/css\" data-created_by=\"avia_inline_auto\" id=\"style-css-av-k3647wxa-14f501a09e84162727fa6ec184c7a00c\">\n.avia-section.av-k3647wxa-14f501a09e84162727fa6ec184c7a00c{\nmargin-top:0px;\nmargin-bottom:100px;\n}\n<\/style>\n<div id='av_section_1'  class='avia-section av-k3647wxa-14f501a09e84162727fa6ec184c7a00c main_color avia-section-no-padding avia-no-border-styling  avia-builder-el-3  el_after_av_hr  avia-builder-el-last  avia-bg-style-scroll container_wrap sidebar_right'  ><div class='container av-section-cont-open' ><div class='template-page content  av-content-small alpha units'><div class='post-entry post-entry-type-page post-entry-6264'><div class='entry-content-wrapper clearfix'>\n\n<style type=\"text\/css\" data-created_by=\"avia_inline_auto\" id=\"style-css-av-7nzzw-2c1641dce56e8229eb55335a5a6ec76f\">\n.flex_column.av-7nzzw-2c1641dce56e8229eb55335a5a6ec76f{\nborder-radius:0px 0px 0px 0px;\npadding:0px 0px 0px 0px;\n}\n<\/style>\n<div  class='flex_column av-7nzzw-2c1641dce56e8229eb55335a5a6ec76f av_two_third  avia-builder-el-4  el_before_av_one_third  avia-builder-el-first  first flex_column_div av-animated-generic bottom-to-top av-zero-column-padding  '     ><section  class='av_textblock_section av-k3a8vy1i-c3eaba6a5673f57b0224f2a8c69b5209 '   itemscope=\"itemscope\" itemtype=\"https:\/\/schema.org\/CreativeWork\" ><div class='avia_textblock'  itemprop=\"text\" ><p class=\"p1\">Para reduzir o peso, os eixos ocos s\u00e3o cada vez mais utilizados em sistemas de transmiss\u00e3o. At\u00e9 agora, tais eixos s\u00f3 podiam ser estriados com o processo convencional de lamina\u00e7\u00e3o cruzada at\u00e9 uma certa espessura m\u00ednima de parede. No caso de pe\u00e7as com paredes extremamente finas, processos mais caros de fabrica\u00e7\u00e3o de estrias tiveram que ser desenvolvidos.<\/p>\n<p>&#13;<\/p>\n<p class=\"p1\">Com o nosso novo processo de lamina\u00e7\u00e3o reversa, o processo de conforma\u00e7\u00e3o leva um pouco mais de tempo, mas \u00e9 poss\u00edvel formar estrias em eixos ocos com espessuras de parede de at\u00e9 3 mm.<\/p>\n<p>&#13;<\/p>\n<p class=\"p1\">No caso de eixos ocos parciais, os processos tamb\u00e9m podem ser combinados de forma apropriada, de modo a obter a melhor rela\u00e7\u00e3o custo-benef\u00edcio.<\/p>\n<\/div><\/section><\/div>\n<style type=\"text\/css\" data-created_by=\"avia_inline_auto\" id=\"style-css-av-7nzzw-47ef4b95d16ddc52afc9d03e4ee84fbc\">\n.flex_column.av-7nzzw-47ef4b95d16ddc52afc9d03e4ee84fbc{\nborder-radius:0px 0px 0px 0px;\npadding:0px 0px 0px 0px;\n}\n<\/style>\n<div  class='flex_column av-7nzzw-47ef4b95d16ddc52afc9d03e4ee84fbc av_one_third  avia-builder-el-6  el_after_av_two_third  el_before_av_one_third  flex_column_div av-animated-generic bottom-to-top av-zero-column-padding  '     ><div  class='avia-video av-k3ed5wvu-db502dbfe1d356b1888d75f32d491350 avia-video-16-9 av-no-preview-image avia-video-load-always avia-video-html5'  itemprop=\"video\" itemtype=\"https:\/\/schema.org\/VideoObject\"  data-original_url='https:\/\/osg-excello.com\/wp-content\/uploads\/2019\/11\/Hohlwellen.mp4'><video class='avia_video'    preload=\"auto\"  controls id='player_6264_446666415_1019074982'><source src='https:\/\/osg-excello.com\/wp-content\/uploads\/2019\/11\/Hohlwellen.mp4' type='video\/mp4' \/><\/video><\/div><\/div>\n<style type=\"text\/css\" data-created_by=\"avia_inline_auto\" id=\"style-css-av-7nzzw-a0aa3dd63de0b977348db63f8acfb121\">\n.flex_column.av-7nzzw-a0aa3dd63de0b977348db63f8acfb121{\nborder-radius:0px 0px 0px 0px;\npadding:0px 0px 0px 0px;\n}\n<\/style>\n<div  class='flex_column av-7nzzw-a0aa3dd63de0b977348db63f8acfb121 av_one_third  avia-builder-el-8  el_after_av_one_third  el_before_av_one_third  rowImage50 first flex_column_div av-animated-generic bottom-to-top av-zero-column-padding  column-top-margin'     ><style type=\"text\/css\" data-created_by=\"avia_inline_auto\" id=\"style-css-av-k3edslgv-0b182d873fd21aef50297d056245cf59\">\n.avia-image-container.av-k3edslgv-0b182d873fd21aef50297d056245cf59 img.avia_image{\nbox-shadow:none;\n}\n.avia-image-container.av-k3edslgv-0b182d873fd21aef50297d056245cf59 .av-image-caption-overlay-center{\ncolor:#ffffff;\n}\n<\/style>\n<div  class='avia-image-container av-k3edslgv-0b182d873fd21aef50297d056245cf59 av-styling- av-hover-grow av-hide-overflow av-img-linked avia-align-center  avia-builder-el-9  avia-builder-el-no-sibling '   itemprop=\"image\" itemscope=\"itemscope\" itemtype=\"https:\/\/schema.org\/ImageObject\" ><div class=\"avia-image-container-inner\"><div class=\"avia-image-overlay-wrap\"><a href=\"https:\/\/osg-excello.com\/wp-content\/uploads\/2019\/11\/passverzahnung_170811_XK875HP_DSC_3960.jpg\" data-srcset=\"https:\/\/osg-excello.com\/wp-content\/uploads\/2019\/11\/passverzahnung_170811_XK875HP_DSC_3960.jpg 1280w, https:\/\/osg-excello.com\/wp-content\/uploads\/2019\/11\/passverzahnung_170811_XK875HP_DSC_3960-768x512.jpg 768w, https:\/\/osg-excello.com\/wp-content\/uploads\/2019\/11\/passverzahnung_170811_XK875HP_DSC_3960-705x470.jpg 705w\" data-sizes=\"(max-width: 1280px) 100vw, 1280px\" class='avia_image '  aria-label='passverzahnung_170811_XK875HP_DSC_3960'><img decoding=\"async\" fetchpriority=\"high\" class='wp-image-6281 avia-img-lazy-loading-not-6281 avia_image ' src=\"https:\/\/osg-excello.com\/wp-content\/uploads\/2019\/11\/passverzahnung_170811_XK875HP_DSC_3960.jpg\" alt='' title='passverzahnung_170811_XK875HP_DSC_3960'  height=\"853\" width=\"1280\"  itemprop=\"thumbnailUrl\" srcset=\"https:\/\/osg-excello.com\/wp-content\/uploads\/2019\/11\/passverzahnung_170811_XK875HP_DSC_3960.jpg 1280w, https:\/\/osg-excello.com\/wp-content\/uploads\/2019\/11\/passverzahnung_170811_XK875HP_DSC_3960-768x512.jpg 768w, https:\/\/osg-excello.com\/wp-content\/uploads\/2019\/11\/passverzahnung_170811_XK875HP_DSC_3960-705x470.jpg 705w\" sizes=\"(max-width: 1280px) 100vw, 1280px\" \/><\/a><\/div><\/div><\/div><\/div>\n<style type=\"text\/css\" data-created_by=\"avia_inline_auto\" id=\"style-css-av-7nzzw-6cdfa5db30c044f9e7bdf9337dd1d197\">\n.flex_column.av-7nzzw-6cdfa5db30c044f9e7bdf9337dd1d197{\nborder-radius:0px 0px 0px 0px;\npadding:0px 0px 0px 0px;\n}\n<\/style>\n<div  class='flex_column av-7nzzw-6cdfa5db30c044f9e7bdf9337dd1d197 av_one_third  avia-builder-el-10  el_after_av_one_third  el_before_av_one_third  rowImage50 flex_column_div av-animated-generic bottom-to-top av-zero-column-padding  column-top-margin'     ><style type=\"text\/css\" data-created_by=\"avia_inline_auto\" id=\"style-css-av-k3edslgv-73e9651706b7e09e7414d33d92bd07da\">\n.avia-image-container.av-k3edslgv-73e9651706b7e09e7414d33d92bd07da img.avia_image{\nbox-shadow:none;\n}\n.avia-image-container.av-k3edslgv-73e9651706b7e09e7414d33d92bd07da .av-image-caption-overlay-center{\ncolor:#ffffff;\n}\n<\/style>\n<div  class='avia-image-container av-k3edslgv-73e9651706b7e09e7414d33d92bd07da av-styling- av-hover-grow av-hide-overflow av-img-linked avia-align-center  avia-builder-el-11  avia-builder-el-no-sibling '   itemprop=\"image\" itemscope=\"itemscope\" itemtype=\"https:\/\/schema.org\/ImageObject\" ><div class=\"avia-image-container-inner\"><div class=\"avia-image-overlay-wrap\"><a href=\"https:\/\/osg-excello.com\/wp-content\/uploads\/2019\/11\/passverzahnung_SAM_3376.jpg\" data-srcset=\"https:\/\/osg-excello.com\/wp-content\/uploads\/2019\/11\/passverzahnung_SAM_3376.jpg 1280w, https:\/\/osg-excello.com\/wp-content\/uploads\/2019\/11\/passverzahnung_SAM_3376-768x512.jpg 768w, https:\/\/osg-excello.com\/wp-content\/uploads\/2019\/11\/passverzahnung_SAM_3376-705x470.jpg 705w\" data-sizes=\"(max-width: 1280px) 100vw, 1280px\" class='avia_image '  aria-label='passverzahnung_SAM_3376'><img decoding=\"async\" fetchpriority=\"high\" class='wp-image-6283 avia-img-lazy-loading-not-6283 avia_image ' src=\"https:\/\/osg-excello.com\/wp-content\/uploads\/2019\/11\/passverzahnung_SAM_3376.jpg\" alt='' title='passverzahnung_SAM_3376'  height=\"853\" width=\"1280\"  itemprop=\"thumbnailUrl\" srcset=\"https:\/\/osg-excello.com\/wp-content\/uploads\/2019\/11\/passverzahnung_SAM_3376.jpg 1280w, https:\/\/osg-excello.com\/wp-content\/uploads\/2019\/11\/passverzahnung_SAM_3376-768x512.jpg 768w, https:\/\/osg-excello.com\/wp-content\/uploads\/2019\/11\/passverzahnung_SAM_3376-705x470.jpg 705w\" sizes=\"(max-width: 1280px) 100vw, 1280px\" \/><\/a><\/div><\/div><\/div><\/div>\n<style type=\"text\/css\" data-created_by=\"avia_inline_auto\" id=\"style-css-av-7nzzw-6cdfa5db30c044f9e7bdf9337dd1d197\">\n.flex_column.av-7nzzw-6cdfa5db30c044f9e7bdf9337dd1d197{\nborder-radius:0px 0px 0px 0px;\npadding:0px 0px 0px 0px;\n}\n<\/style>\n<div  class='flex_column av-7nzzw-6cdfa5db30c044f9e7bdf9337dd1d197 av_one_third  avia-builder-el-12  el_after_av_one_third  avia-builder-el-last  rowImage50 flex_column_div av-animated-generic bottom-to-top av-zero-column-padding  column-top-margin'     ><style type=\"text\/css\" data-created_by=\"avia_inline_auto\" id=\"style-css-av-k3edslgv-b0b88596ac78c55d5b1c5ccdb35b37c3\">\n.avia-image-container.av-k3edslgv-b0b88596ac78c55d5b1c5ccdb35b37c3 img.avia_image{\nbox-shadow:none;\n}\n.avia-image-container.av-k3edslgv-b0b88596ac78c55d5b1c5ccdb35b37c3 .av-image-caption-overlay-center{\ncolor:#ffffff;\n}\n<\/style>\n<div  class='avia-image-container av-k3edslgv-b0b88596ac78c55d5b1c5ccdb35b37c3 av-styling- av-hover-grow av-hide-overflow av-img-linked avia-align-center  avia-builder-el-13  avia-builder-el-no-sibling '   itemprop=\"image\" itemscope=\"itemscope\" itemtype=\"https:\/\/schema.org\/ImageObject\" ><div class=\"avia-image-container-inner\"><div class=\"avia-image-overlay-wrap\"><a href=\"https:\/\/osg-excello.com\/wp-content\/uploads\/2019\/11\/passverzahnung_SAM_3331.jpg\" data-srcset=\"https:\/\/osg-excello.com\/wp-content\/uploads\/2019\/11\/passverzahnung_SAM_3331.jpg 1280w, https:\/\/osg-excello.com\/wp-content\/uploads\/2019\/11\/passverzahnung_SAM_3331-768x512.jpg 768w, https:\/\/osg-excello.com\/wp-content\/uploads\/2019\/11\/passverzahnung_SAM_3331-705x470.jpg 705w\" data-sizes=\"(max-width: 1280px) 100vw, 1280px\" class='avia_image '  aria-label='passverzahnung_SAM_3331'><img decoding=\"async\" fetchpriority=\"high\" class='wp-image-6282 avia-img-lazy-loading-not-6282 avia_image ' src=\"https:\/\/osg-excello.com\/wp-content\/uploads\/2019\/11\/passverzahnung_SAM_3331.jpg\" alt='' title='passverzahnung_SAM_3331'  height=\"853\" width=\"1280\"  itemprop=\"thumbnailUrl\" srcset=\"https:\/\/osg-excello.com\/wp-content\/uploads\/2019\/11\/passverzahnung_SAM_3331.jpg 1280w, https:\/\/osg-excello.com\/wp-content\/uploads\/2019\/11\/passverzahnung_SAM_3331-768x512.jpg 768w, https:\/\/osg-excello.com\/wp-content\/uploads\/2019\/11\/passverzahnung_SAM_3331-705x470.jpg 705w\" sizes=\"(max-width: 1280px) 100vw, 1280px\" \/><\/a><\/div><\/div><\/div><\/div><\/div><\/div><\/div><!-- close content main div --><\/div><\/div><div id='after_section_1'  class='main_color av_default_container_wrap container_wrap sidebar_right'  ><div class='container av-section-cont-open' ><div class='template-page content  av-content-small alpha units'><div class='post-entry post-entry-type-page post-entry-6264'><div class='entry-content-wrapper clearfix'>\n","protected":false},"excerpt":{"rendered":"","protected":false},"author":1,"featured_media":0,"parent":2403,"menu_order":934,"comment_status":"closed","ping_status":"closed","template":"","meta":{"footnotes":""},"class_list":["post-6264","page","type-page","status-publish","hentry"],"yoast_head":"<!-- This site is optimized with the Yoast SEO plugin v27.2 - https:\/\/yoast.com\/product\/yoast-seo-wordpress\/ -->\n<title>A mais recente tecnologia para enrolar estrias em veios ocos - OSG Ex-Cell-O<\/title>\n<meta name=\"robots\" content=\"index, follow, max-snippet:-1, max-image-preview:large, max-video-preview:-1\" \/>\n<link rel=\"canonical\" href=\"https:\/\/osg-excello.com\/pt-pt\/inovacoes\/neueste-technologie-zum-walzen-von-passverzahnungen-auf-hohlwellen\/\" \/>\n<meta property=\"og:locale\" content=\"pt_PT\" \/>\n<meta property=\"og:type\" content=\"article\" \/>\n<meta property=\"og:title\" content=\"A mais recente tecnologia para enrolar estrias em veios ocos - OSG Ex-Cell-O\" \/>\n<meta property=\"og:url\" content=\"https:\/\/osg-excello.com\/pt-pt\/inovacoes\/neueste-technologie-zum-walzen-von-passverzahnungen-auf-hohlwellen\/\" \/>\n<meta property=\"og:site_name\" content=\"OSG Ex-Cell-O\" \/>\n<meta property=\"article:modified_time\" content=\"2021-05-26T08:41:51+00:00\" \/>\n<meta name=\"twitter:card\" content=\"summary_large_image\" \/>\n<meta name=\"twitter:label1\" content=\"Tempo estimado de leitura\" \/>\n\t<meta name=\"twitter:data1\" content=\"7 minutos\" \/>\n<script type=\"application\/ld+json\" class=\"yoast-schema-graph\">{\"@context\":\"https:\/\/schema.org\",\"@graph\":[{\"@type\":\"WebPage\",\"@id\":\"https:\/\/osg-excello.com\/pt-pt\/inovacoes\/neueste-technologie-zum-walzen-von-passverzahnungen-auf-hohlwellen\/\",\"url\":\"https:\/\/osg-excello.com\/pt-pt\/inovacoes\/neueste-technologie-zum-walzen-von-passverzahnungen-auf-hohlwellen\/\",\"name\":\"A mais recente tecnologia para enrolar estrias em veios ocos - OSG Ex-Cell-O\",\"isPartOf\":{\"@id\":\"https:\/\/osg-excello.com\/pt-pt\/#website\"},\"datePublished\":\"2019-11-19T15:09:05+00:00\",\"dateModified\":\"2021-05-26T08:41:51+00:00\",\"breadcrumb\":{\"@id\":\"https:\/\/osg-excello.com\/pt-pt\/inovacoes\/neueste-technologie-zum-walzen-von-passverzahnungen-auf-hohlwellen\/#breadcrumb\"},\"inLanguage\":\"pt-PT\",\"potentialAction\":[{\"@type\":\"ReadAction\",\"target\":[\"https:\/\/osg-excello.com\/pt-pt\/inovacoes\/neueste-technologie-zum-walzen-von-passverzahnungen-auf-hohlwellen\/\"]}]},{\"@type\":\"BreadcrumbList\",\"@id\":\"https:\/\/osg-excello.com\/pt-pt\/inovacoes\/neueste-technologie-zum-walzen-von-passverzahnungen-auf-hohlwellen\/#breadcrumb\",\"itemListElement\":[{\"@type\":\"ListItem\",\"position\":1,\"name\":\"Startseite\",\"item\":\"https:\/\/osg-excello.com\/pt-pt\/\"},{\"@type\":\"ListItem\",\"position\":2,\"name\":\"INOVA\u00c7\u00d5ES\",\"item\":\"https:\/\/osg-excello.com\/pt-pt\/inovacoes\/\"},{\"@type\":\"ListItem\",\"position\":3,\"name\":\"A mais recente tecnologia para enrolar estrias em veios ocos\"}]},{\"@type\":\"WebSite\",\"@id\":\"https:\/\/osg-excello.com\/pt-pt\/#website\",\"url\":\"https:\/\/osg-excello.com\/pt-pt\/\",\"name\":\"OSG Ex-Cell-O\",\"description\":\"\",\"publisher\":{\"@id\":\"https:\/\/osg-excello.com\/pt-pt\/#organization\"},\"potentialAction\":[{\"@type\":\"SearchAction\",\"target\":{\"@type\":\"EntryPoint\",\"urlTemplate\":\"https:\/\/osg-excello.com\/pt-pt\/?s={search_term_string}\"},\"query-input\":{\"@type\":\"PropertyValueSpecification\",\"valueRequired\":true,\"valueName\":\"search_term_string\"}}],\"inLanguage\":\"pt-PT\"},{\"@type\":\"Organization\",\"@id\":\"https:\/\/osg-excello.com\/pt-pt\/#organization\",\"name\":\"OSG Ex-Cell-O GmbH\",\"url\":\"https:\/\/osg-excello.com\/pt-pt\/\",\"logo\":{\"@type\":\"ImageObject\",\"inLanguage\":\"pt-PT\",\"@id\":\"https:\/\/osg-excello.com\/pt-pt\/#\/schema\/logo\/image\/\",\"url\":\"https:\/\/osg-excello.com\/wp-content\/uploads\/2019\/11\/osg_excello_logo_final-2.png\",\"contentUrl\":\"https:\/\/osg-excello.com\/wp-content\/uploads\/2019\/11\/osg_excello_logo_final-2.png\",\"width\":514,\"height\":236,\"caption\":\"OSG Ex-Cell-O GmbH\"},\"image\":{\"@id\":\"https:\/\/osg-excello.com\/pt-pt\/#\/schema\/logo\/image\/\"}}]}<\/script>\n<!-- \/ Yoast SEO plugin. -->","yoast_head_json":{"title":"A mais recente tecnologia para enrolar estrias em veios ocos - OSG Ex-Cell-O","robots":{"index":"index","follow":"follow","max-snippet":"max-snippet:-1","max-image-preview":"max-image-preview:large","max-video-preview":"max-video-preview:-1"},"canonical":"https:\/\/osg-excello.com\/pt-pt\/inovacoes\/neueste-technologie-zum-walzen-von-passverzahnungen-auf-hohlwellen\/","og_locale":"pt_PT","og_type":"article","og_title":"A mais recente tecnologia para enrolar estrias em veios ocos - OSG Ex-Cell-O","og_url":"https:\/\/osg-excello.com\/pt-pt\/inovacoes\/neueste-technologie-zum-walzen-von-passverzahnungen-auf-hohlwellen\/","og_site_name":"OSG Ex-Cell-O","article_modified_time":"2021-05-26T08:41:51+00:00","twitter_card":"summary_large_image","twitter_misc":{"Tempo estimado de leitura":"7 minutos"},"schema":{"@context":"https:\/\/schema.org","@graph":[{"@type":"WebPage","@id":"https:\/\/osg-excello.com\/pt-pt\/inovacoes\/neueste-technologie-zum-walzen-von-passverzahnungen-auf-hohlwellen\/","url":"https:\/\/osg-excello.com\/pt-pt\/inovacoes\/neueste-technologie-zum-walzen-von-passverzahnungen-auf-hohlwellen\/","name":"A mais recente tecnologia para enrolar estrias em veios ocos - OSG Ex-Cell-O","isPartOf":{"@id":"https:\/\/osg-excello.com\/pt-pt\/#website"},"datePublished":"2019-11-19T15:09:05+00:00","dateModified":"2021-05-26T08:41:51+00:00","breadcrumb":{"@id":"https:\/\/osg-excello.com\/pt-pt\/inovacoes\/neueste-technologie-zum-walzen-von-passverzahnungen-auf-hohlwellen\/#breadcrumb"},"inLanguage":"pt-PT","potentialAction":[{"@type":"ReadAction","target":["https:\/\/osg-excello.com\/pt-pt\/inovacoes\/neueste-technologie-zum-walzen-von-passverzahnungen-auf-hohlwellen\/"]}]},{"@type":"BreadcrumbList","@id":"https:\/\/osg-excello.com\/pt-pt\/inovacoes\/neueste-technologie-zum-walzen-von-passverzahnungen-auf-hohlwellen\/#breadcrumb","itemListElement":[{"@type":"ListItem","position":1,"name":"Startseite","item":"https:\/\/osg-excello.com\/pt-pt\/"},{"@type":"ListItem","position":2,"name":"INOVA\u00c7\u00d5ES","item":"https:\/\/osg-excello.com\/pt-pt\/inovacoes\/"},{"@type":"ListItem","position":3,"name":"A mais recente tecnologia para enrolar estrias em veios ocos"}]},{"@type":"WebSite","@id":"https:\/\/osg-excello.com\/pt-pt\/#website","url":"https:\/\/osg-excello.com\/pt-pt\/","name":"OSG Ex-Cell-O","description":"","publisher":{"@id":"https:\/\/osg-excello.com\/pt-pt\/#organization"},"potentialAction":[{"@type":"SearchAction","target":{"@type":"EntryPoint","urlTemplate":"https:\/\/osg-excello.com\/pt-pt\/?s={search_term_string}"},"query-input":{"@type":"PropertyValueSpecification","valueRequired":true,"valueName":"search_term_string"}}],"inLanguage":"pt-PT"},{"@type":"Organization","@id":"https:\/\/osg-excello.com\/pt-pt\/#organization","name":"OSG Ex-Cell-O GmbH","url":"https:\/\/osg-excello.com\/pt-pt\/","logo":{"@type":"ImageObject","inLanguage":"pt-PT","@id":"https:\/\/osg-excello.com\/pt-pt\/#\/schema\/logo\/image\/","url":"https:\/\/osg-excello.com\/wp-content\/uploads\/2019\/11\/osg_excello_logo_final-2.png","contentUrl":"https:\/\/osg-excello.com\/wp-content\/uploads\/2019\/11\/osg_excello_logo_final-2.png","width":514,"height":236,"caption":"OSG Ex-Cell-O GmbH"},"image":{"@id":"https:\/\/osg-excello.com\/pt-pt\/#\/schema\/logo\/image\/"}}]}},"_links":{"self":[{"href":"https:\/\/osg-excello.com\/pt-pt\/wp-json\/wp\/v2\/pages\/6264","targetHints":{"allow":["GET"]}}],"collection":[{"href":"https:\/\/osg-excello.com\/pt-pt\/wp-json\/wp\/v2\/pages"}],"about":[{"href":"https:\/\/osg-excello.com\/pt-pt\/wp-json\/wp\/v2\/types\/page"}],"author":[{"embeddable":true,"href":"https:\/\/osg-excello.com\/pt-pt\/wp-json\/wp\/v2\/users\/1"}],"replies":[{"embeddable":true,"href":"https:\/\/osg-excello.com\/pt-pt\/wp-json\/wp\/v2\/comments?post=6264"}],"version-history":[{"count":5,"href":"https:\/\/osg-excello.com\/pt-pt\/wp-json\/wp\/v2\/pages\/6264\/revisions"}],"predecessor-version":[{"id":6339,"href":"https:\/\/osg-excello.com\/pt-pt\/wp-json\/wp\/v2\/pages\/6264\/revisions\/6339"}],"up":[{"embeddable":true,"href":"https:\/\/osg-excello.com\/pt-pt\/wp-json\/wp\/v2\/pages\/2403"}],"wp:attachment":[{"href":"https:\/\/osg-excello.com\/pt-pt\/wp-json\/wp\/v2\/media?parent=6264"}],"curies":[{"name":"wp","href":"https:\/\/api.w.org\/{rel}","templated":true}]}}