{"id":6639,"date":"2019-11-19T16:21:55","date_gmt":"2019-11-19T15:21:55","guid":{"rendered":"https:\/\/osg-excello.com\/ferramentas\/verfahrensentwicklung\/"},"modified":"2021-05-26T13:36:36","modified_gmt":"2021-05-26T11:36:36","slug":"verfahrensentwicklung","status":"publish","type":"page","link":"https:\/\/osg-excello.com\/pt-pt\/ferramentas\/verfahrensentwicklung\/","title":{"rendered":"Desenvolvimento de Processos"},"content":{"rendered":"\n<style type=\"text\/css\" data-created_by=\"avia_inline_auto\" id=\"style-css-av-807no-33a4a38e5e0d5dea70cde682a9dc653a\">\n.flex_column.av-807no-33a4a38e5e0d5dea70cde682a9dc653a{\nborder-radius:0px 0px 0px 0px;\npadding:25px 0px 0px 0px;\n}\n<\/style>\n<div  class='flex_column av-807no-33a4a38e5e0d5dea70cde682a9dc653a av_one_full  avia-builder-el-0  el_before_av_hr  avia-builder-el-first  first flex_column_div  '     ><style type=\"text\/css\" data-created_by=\"avia_inline_auto\" id=\"style-css-av-k3enjc10-18083715819b3349f76c3e73ad05525a\">\n#top .av-special-heading.av-k3enjc10-18083715819b3349f76c3e73ad05525a{\npadding-bottom:10px;\n}\nbody .av-special-heading.av-k3enjc10-18083715819b3349f76c3e73ad05525a .av-special-heading-tag .heading-char{\nfont-size:25px;\n}\n.av-special-heading.av-k3enjc10-18083715819b3349f76c3e73ad05525a .av-subheading{\nfont-size:15px;\n}\n<\/style>\n<div  class='av-special-heading av-k3enjc10-18083715819b3349f76c3e73ad05525a av-special-heading-h1 blockquote modern-quote modern-centered  avia-builder-el-1  avia-builder-el-no-sibling '><h1 class='av-special-heading-tag '  itemprop=\"headline\"  >Desenvolvimento de Processos<\/h1><div class=\"special-heading-border\"><div class=\"special-heading-inner-border\"><\/div><\/div><\/div><\/div>\n<style type=\"text\/css\" data-created_by=\"avia_inline_auto\" id=\"style-css-av-k363cjsl-6c3a36cc1ad2d24930cc419f13ab6bc6\">\n#top .hr.av-k363cjsl-6c3a36cc1ad2d24930cc419f13ab6bc6{\nmargin-top:0px;\nmargin-bottom:30px;\n}\n.hr.av-k363cjsl-6c3a36cc1ad2d24930cc419f13ab6bc6 .hr-inner{\nwidth:30%;\nborder-color:#e8e8e8;\nmax-width:45%;\n}\n.hr.av-k363cjsl-6c3a36cc1ad2d24930cc419f13ab6bc6 .av-seperator-icon{\ncolor:#e8e8e8;\n}\n.hr.av-k363cjsl-6c3a36cc1ad2d24930cc419f13ab6bc6 .av-seperator-icon.avia-svg-icon svg:first-child{\nfill:#e8e8e8;\nstroke:#e8e8e8;\n}\n<\/style>\n<div  class='hr av-k363cjsl-6c3a36cc1ad2d24930cc419f13ab6bc6 hr-custom  avia-builder-el-2  el_after_av_one_full  el_before_av_section  avia-builder-el-last  hr-center hr-icon-yes'><span class='hr-inner inner-border-av-border-thin'><span class=\"hr-inner-style\"><\/span><\/span><span class='av-seperator-icon avia-iconfont avia-font-entypo-fontello' data-av_icon='\ue898' data-av_iconfont='entypo-fontello' ><\/span><span class='hr-inner inner-border-av-border-thin'><span class=\"hr-inner-style\"><\/span><\/span><\/div><\/p>\n<\/div><\/div><\/div><!-- close content main div --><\/div><\/div>\n<style type=\"text\/css\" data-created_by=\"avia_inline_auto\" id=\"style-css-av-k3647wxa-14f501a09e84162727fa6ec184c7a00c\">\n.avia-section.av-k3647wxa-14f501a09e84162727fa6ec184c7a00c{\nmargin-top:0px;\nmargin-bottom:100px;\n}\n<\/style>\n<div id='av_section_1'  class='avia-section av-k3647wxa-14f501a09e84162727fa6ec184c7a00c main_color avia-section-no-padding avia-no-border-styling  avia-builder-el-3  el_after_av_hr  avia-builder-el-last  avia-bg-style-scroll container_wrap sidebar_right'  ><div class='container av-section-cont-open' ><div class='template-page content  av-content-small alpha units'><div class='post-entry post-entry-type-page post-entry-6639'><div class='entry-content-wrapper clearfix'>\n\n<style type=\"text\/css\" data-created_by=\"avia_inline_auto\" id=\"style-css-av-7nzzw-2c1641dce56e8229eb55335a5a6ec76f\">\n.flex_column.av-7nzzw-2c1641dce56e8229eb55335a5a6ec76f{\nborder-radius:0px 0px 0px 0px;\npadding:0px 0px 0px 0px;\n}\n<\/style>\n<div  class='flex_column av-7nzzw-2c1641dce56e8229eb55335a5a6ec76f av_two_third  avia-builder-el-4  el_before_av_one_third  avia-builder-el-first  first flex_column_div av-animated-generic bottom-to-top av-zero-column-padding  '     ><p>\n<style type=\"text\/css\" data-created_by=\"avia_inline_auto\" id=\"style-css-av-k3conupj-2a32bae86d5455268ad60dd9d9d6105c\">\n.avia-image-container.av-k3conupj-2a32bae86d5455268ad60dd9d9d6105c img.avia_image{\nbox-shadow:none;\n}\n.avia-image-container.av-k3conupj-2a32bae86d5455268ad60dd9d9d6105c .av-image-caption-overlay-center{\ncolor:#ffffff;\n}\n<\/style>\n<div  class='avia-image-container av-k3conupj-2a32bae86d5455268ad60dd9d9d6105c av-styling- av-hover-grow av-hide-overflow av-img-linked avia-align-center  avia-builder-el-5  el_before_av_hr  avia-builder-el-first '   itemprop=\"image\" itemscope=\"itemscope\" itemtype=\"https:\/\/schema.org\/ImageObject\" ><div class=\"avia-image-container-inner\"><div class=\"avia-image-overlay-wrap\"><a href=\"https:\/\/osg-excello.com\/wp-content\/uploads\/2019\/11\/werkzeug_verfahrensentwicklung_Kaltwalzen_DSC_7926_Ret_kl.jpg\" data-srcset=\"https:\/\/osg-excello.com\/wp-content\/uploads\/2019\/11\/werkzeug_verfahrensentwicklung_Kaltwalzen_DSC_7926_Ret_kl.jpg 1280w, https:\/\/osg-excello.com\/wp-content\/uploads\/2019\/11\/werkzeug_verfahrensentwicklung_Kaltwalzen_DSC_7926_Ret_kl-768x511.jpg 768w, https:\/\/osg-excello.com\/wp-content\/uploads\/2019\/11\/werkzeug_verfahrensentwicklung_Kaltwalzen_DSC_7926_Ret_kl-705x469.jpg 705w\" data-sizes=\"(max-width: 1280px) 100vw, 1280px\" class='avia_image '  aria-label='werkzeug_verfahrensentwicklung_Kaltwalzen_DSC_7926_Ret_kl'><img decoding=\"async\" fetchpriority=\"high\" class='wp-image-6655 avia-img-lazy-loading-not-6655 avia_image ' src=\"https:\/\/osg-excello.com\/wp-content\/uploads\/2019\/11\/werkzeug_verfahrensentwicklung_Kaltwalzen_DSC_7926_Ret_kl.jpg\" alt='' title='werkzeug_verfahrensentwicklung_Kaltwalzen_DSC_7926_Ret_kl'  height=\"852\" width=\"1280\"  itemprop=\"thumbnailUrl\" srcset=\"https:\/\/osg-excello.com\/wp-content\/uploads\/2019\/11\/werkzeug_verfahrensentwicklung_Kaltwalzen_DSC_7926_Ret_kl.jpg 1280w, https:\/\/osg-excello.com\/wp-content\/uploads\/2019\/11\/werkzeug_verfahrensentwicklung_Kaltwalzen_DSC_7926_Ret_kl-768x511.jpg 768w, https:\/\/osg-excello.com\/wp-content\/uploads\/2019\/11\/werkzeug_verfahrensentwicklung_Kaltwalzen_DSC_7926_Ret_kl-705x469.jpg 705w\" sizes=\"(max-width: 1280px) 100vw, 1280px\" \/><\/a><\/div><\/div><\/div><br \/>\n\n<style type=\"text\/css\" data-created_by=\"avia_inline_auto\" id=\"style-css-av-k3b9kc22-fb179e88a596ca9b3f22021301765415\">\n#top .hr.hr-invisible.av-k3b9kc22-fb179e88a596ca9b3f22021301765415{\nheight:30px;\n}\n<\/style>\n<div  class='hr av-k3b9kc22-fb179e88a596ca9b3f22021301765415 hr-invisible  avia-builder-el-6  el_after_av_image  el_before_av_image '><span class='hr-inner '><span class=\"hr-inner-style\"><\/span><\/span><\/div><br \/>\n\n<style type=\"text\/css\" data-created_by=\"avia_inline_auto\" id=\"style-css-av-k3conupj-bc804b56afd9ea4d81a2d39edd3f4a03\">\n.avia-image-container.av-k3conupj-bc804b56afd9ea4d81a2d39edd3f4a03 img.avia_image{\nbox-shadow:none;\n}\n.avia-image-container.av-k3conupj-bc804b56afd9ea4d81a2d39edd3f4a03 .av-image-caption-overlay-center{\ncolor:#ffffff;\n}\n<\/style>\n<div  class='avia-image-container av-k3conupj-bc804b56afd9ea4d81a2d39edd3f4a03 av-styling- av-hover-grow av-hide-overflow av-img-linked avia-align-left  avia-builder-el-7  el_after_av_hr  el_before_av_image  rowImage50'   itemprop=\"image\" itemscope=\"itemscope\" itemtype=\"https:\/\/schema.org\/ImageObject\" ><div class=\"avia-image-container-inner\"><div class=\"avia-image-overlay-wrap\"><a href=\"https:\/\/osg-excello.com\/wp-content\/uploads\/2019\/11\/werkzeug_verfahrensentwicklung_SAM_3541.jpg\" data-srcset=\"https:\/\/osg-excello.com\/wp-content\/uploads\/2019\/11\/werkzeug_verfahrensentwicklung_SAM_3541.jpg 1280w, https:\/\/osg-excello.com\/wp-content\/uploads\/2019\/11\/werkzeug_verfahrensentwicklung_SAM_3541-768x512.jpg 768w, https:\/\/osg-excello.com\/wp-content\/uploads\/2019\/11\/werkzeug_verfahrensentwicklung_SAM_3541-705x470.jpg 705w\" data-sizes=\"(max-width: 1280px) 100vw, 1280px\" class='avia_image '  aria-label='werkzeug_verfahrensentwicklung_SAM_3541'><img decoding=\"async\" fetchpriority=\"high\" class='wp-image-6640 avia-img-lazy-loading-not-6640 avia_image ' src=\"https:\/\/osg-excello.com\/wp-content\/uploads\/2019\/11\/werkzeug_verfahrensentwicklung_SAM_3541.jpg\" alt='' title='werkzeug_verfahrensentwicklung_SAM_3541'  height=\"853\" width=\"1280\"  itemprop=\"thumbnailUrl\" srcset=\"https:\/\/osg-excello.com\/wp-content\/uploads\/2019\/11\/werkzeug_verfahrensentwicklung_SAM_3541.jpg 1280w, https:\/\/osg-excello.com\/wp-content\/uploads\/2019\/11\/werkzeug_verfahrensentwicklung_SAM_3541-768x512.jpg 768w, https:\/\/osg-excello.com\/wp-content\/uploads\/2019\/11\/werkzeug_verfahrensentwicklung_SAM_3541-705x470.jpg 705w\" sizes=\"(max-width: 1280px) 100vw, 1280px\" \/><\/a><\/div><\/div><\/div><br \/>\n\n<style type=\"text\/css\" data-created_by=\"avia_inline_auto\" id=\"style-css-av-k3conupj-6289e3b9bda6bccdf78f517859015879\">\n.avia-image-container.av-k3conupj-6289e3b9bda6bccdf78f517859015879 img.avia_image{\nbox-shadow:none;\n}\n.avia-image-container.av-k3conupj-6289e3b9bda6bccdf78f517859015879 .av-image-caption-overlay-center{\ncolor:#ffffff;\n}\n<\/style>\n<div  class='avia-image-container av-k3conupj-6289e3b9bda6bccdf78f517859015879 av-styling- av-hover-grow av-hide-overflow av-img-linked avia-align-left  avia-builder-el-8  el_after_av_image  avia-builder-el-last  rowImage50'   itemprop=\"image\" itemscope=\"itemscope\" itemtype=\"https:\/\/schema.org\/ImageObject\" ><div class=\"avia-image-container-inner\"><div class=\"avia-image-overlay-wrap\"><a href=\"https:\/\/osg-excello.com\/wp-content\/uploads\/2019\/11\/werkzeug_verfahrensentwicklung_1.jpg\" class='avia_image '  aria-label='werkzeug_verfahrensentwicklung_1'><img decoding=\"async\" fetchpriority=\"high\" class='wp-image-6654 avia-img-lazy-loading-not-6654 avia_image ' src=\"https:\/\/osg-excello.com\/wp-content\/uploads\/2019\/11\/werkzeug_verfahrensentwicklung_1.jpg\" alt='' title='werkzeug_verfahrensentwicklung_1'  height=\"179\" width=\"453\"  itemprop=\"thumbnailUrl\"  \/><\/a><\/div><\/div><\/div><\/p><\/div>\n<style type=\"text\/css\" data-created_by=\"avia_inline_auto\" id=\"style-css-av-7nzzw-47ef4b95d16ddc52afc9d03e4ee84fbc\">\n.flex_column.av-7nzzw-47ef4b95d16ddc52afc9d03e4ee84fbc{\nborder-radius:0px 0px 0px 0px;\npadding:0px 0px 0px 0px;\n}\n<\/style>\n<div  class='flex_column av-7nzzw-47ef4b95d16ddc52afc9d03e4ee84fbc av_one_third  avia-builder-el-9  el_after_av_two_third  avia-builder-el-last  flex_column_div av-animated-generic bottom-to-top av-zero-column-padding  '     ><p>\n<style type=\"text\/css\" data-created_by=\"avia_inline_auto\" id=\"style-css-av-k3enkekk-279bc102a404ecc3b0e3839f3f412384\">\n#top .av-special-heading.av-k3enkekk-279bc102a404ecc3b0e3839f3f412384{\npadding-bottom:10px;\n}\nbody .av-special-heading.av-k3enkekk-279bc102a404ecc3b0e3839f3f412384 .av-special-heading-tag .heading-char{\nfont-size:25px;\n}\n.av-special-heading.av-k3enkekk-279bc102a404ecc3b0e3839f3f412384 .av-subheading{\nfont-size:15px;\n}\n<\/style>\n<div  class='av-special-heading av-k3enkekk-279bc102a404ecc3b0e3839f3f412384 av-special-heading-h3  avia-builder-el-10  el_before_av_textblock  avia-builder-el-first '><h3 class='av-special-heading-tag '  itemprop=\"headline\"  >Desenvolvimento de ferramentas<\/h3><div class=\"special-heading-border\"><div class=\"special-heading-inner-border\"><\/div><\/div><\/div><br \/>\n<section  class='av_textblock_section av-k3a8vy1i-c3eaba6a5673f57b0224f2a8c69b5209 '   itemscope=\"itemscope\" itemtype=\"https:\/\/schema.org\/CreativeWork\" ><div class='avia_textblock'  itemprop=\"text\" ><ul>\n<li>Como seu parceiro tecnol\u00f3gico, a OSG EX-CELL-O desenvolve com voc\u00ea seu processo eficiente, pronto para a produ\u00e7\u00e3o em s\u00e9rie.<\/li>\n<li>Depois de receber seu desenho, avaliamos se uma solu\u00e7\u00e3o de conforma\u00e7\u00e3o a frio \u00e9 vi\u00e1vel.<\/li>\n<li>Se pequenos detalhes precisarem ser ajustados para habilitar o processo de conforma\u00e7\u00e3o, voc\u00ea receber\u00e1 essas informa\u00e7\u00f5es com anteced\u00eancia.<\/li>\n<li>A seguir, desenvolvemos as ferramentas de prot\u00f3tipo necess\u00e1rias e testamos em nossas m\u00e1quinas de prot\u00f3tipo, utilizando suas pe\u00e7as originais.<\/li>\n<li>Se forem necess\u00e1rias corre\u00e7\u00f5es, o design das ferramentas ser\u00e1 modificado e as altera\u00e7\u00f5es ser\u00e3o implementadas nas ferramentas com atrav\u00e9s de um novo teste.<\/li>\n<li>Finalmente, uma pequena linha ser\u00e1 produzida e documentada para voc\u00ea.<\/li>\n<\/ul>\n<\/div><\/section><br \/>\n\n<style type=\"text\/css\" data-created_by=\"avia_inline_auto\" id=\"style-css-av-k3enlegr-d7c4ad9d640f50bd568fd54cdc8c9b79\">\n#top .av-special-heading.av-k3enlegr-d7c4ad9d640f50bd568fd54cdc8c9b79{\npadding-bottom:10px;\n}\nbody .av-special-heading.av-k3enlegr-d7c4ad9d640f50bd568fd54cdc8c9b79 .av-special-heading-tag .heading-char{\nfont-size:25px;\n}\n.av-special-heading.av-k3enlegr-d7c4ad9d640f50bd568fd54cdc8c9b79 .av-subheading{\nfont-size:15px;\n}\n<\/style>\n<div  class='av-special-heading av-k3enlegr-d7c4ad9d640f50bd568fd54cdc8c9b79 av-special-heading-h3  avia-builder-el-12  el_after_av_textblock  el_before_av_textblock '><h3 class='av-special-heading-tag '  itemprop=\"headline\"  >Desenvolvimento de Processos<\/h3><div class=\"special-heading-border\"><div class=\"special-heading-inner-border\"><\/div><\/div><\/div><br \/>\n<section  class='av_textblock_section av-k3a8vy1i-c3eaba6a5673f57b0224f2a8c69b5209 '   itemscope=\"itemscope\" itemtype=\"https:\/\/schema.org\/CreativeWork\" ><div class='avia_textblock'  itemprop=\"text\" ><ul>\n<li>&#8220;Pensar fora da caixa&#8221;: dentro do Grupo OSG vivemos essa estrat\u00e9gia de desenvolvimento. Novas ideias e inova\u00e7\u00f5es para novos desenvolvimentos de m\u00e9todos de produ\u00e7\u00e3o s\u00e3o a base para vantagens competitivas e crescimento sustent\u00e1vel<\/li>\n<li>Pense conosco &#8220;fora da caixa&#8221; e teste nossa capacidade de desenvolver novos processos de conforma\u00e7\u00e3o<\/li>\n<\/ul>\n<\/div><\/section><\/p><\/div><\/div><\/div><\/div><!-- close content main div --><\/div><\/div><div id='after_section_1'  class='main_color av_default_container_wrap container_wrap sidebar_right'  ><div class='container av-section-cont-open' ><div class='template-page content  av-content-small alpha units'><div class='post-entry post-entry-type-page post-entry-6639'><div class='entry-content-wrapper clearfix'>\n","protected":false},"excerpt":{"rendered":"","protected":false},"author":1,"featured_media":0,"parent":2481,"menu_order":946,"comment_status":"closed","ping_status":"closed","template":"","meta":{"footnotes":""},"class_list":["post-6639","page","type-page","status-publish","hentry"],"yoast_head":"<!-- This site is optimized with the Yoast SEO plugin v27.2 - https:\/\/yoast.com\/product\/yoast-seo-wordpress\/ -->\n<title>Desenvolvimento de Processos - OSG Ex-Cell-O<\/title>\n<meta name=\"robots\" content=\"index, follow, max-snippet:-1, max-image-preview:large, max-video-preview:-1\" \/>\n<link rel=\"canonical\" href=\"https:\/\/osg-excello.com\/pt-pt\/ferramentas\/verfahrensentwicklung\/\" \/>\n<meta property=\"og:locale\" content=\"pt_PT\" \/>\n<meta property=\"og:type\" content=\"article\" \/>\n<meta property=\"og:title\" content=\"Desenvolvimento de Processos - OSG Ex-Cell-O\" \/>\n<meta property=\"og:url\" content=\"https:\/\/osg-excello.com\/pt-pt\/ferramentas\/verfahrensentwicklung\/\" \/>\n<meta property=\"og:site_name\" content=\"OSG Ex-Cell-O\" \/>\n<meta property=\"article:modified_time\" content=\"2021-05-26T11:36:36+00:00\" \/>\n<meta name=\"twitter:card\" content=\"summary_large_image\" \/>\n<meta name=\"twitter:label1\" content=\"Tempo estimado de leitura\" \/>\n\t<meta name=\"twitter:data1\" content=\"6 minutos\" \/>\n<script type=\"application\/ld+json\" class=\"yoast-schema-graph\">{\"@context\":\"https:\/\/schema.org\",\"@graph\":[{\"@type\":\"WebPage\",\"@id\":\"https:\/\/osg-excello.com\/pt-pt\/ferramentas\/verfahrensentwicklung\/\",\"url\":\"https:\/\/osg-excello.com\/pt-pt\/ferramentas\/verfahrensentwicklung\/\",\"name\":\"Desenvolvimento de Processos - OSG Ex-Cell-O\",\"isPartOf\":{\"@id\":\"https:\/\/osg-excello.com\/pt-pt\/#website\"},\"datePublished\":\"2019-11-19T15:21:55+00:00\",\"dateModified\":\"2021-05-26T11:36:36+00:00\",\"breadcrumb\":{\"@id\":\"https:\/\/osg-excello.com\/pt-pt\/ferramentas\/verfahrensentwicklung\/#breadcrumb\"},\"inLanguage\":\"pt-PT\",\"potentialAction\":[{\"@type\":\"ReadAction\",\"target\":[\"https:\/\/osg-excello.com\/pt-pt\/ferramentas\/verfahrensentwicklung\/\"]}]},{\"@type\":\"BreadcrumbList\",\"@id\":\"https:\/\/osg-excello.com\/pt-pt\/ferramentas\/verfahrensentwicklung\/#breadcrumb\",\"itemListElement\":[{\"@type\":\"ListItem\",\"position\":1,\"name\":\"Startseite\",\"item\":\"https:\/\/osg-excello.com\/pt-pt\/\"},{\"@type\":\"ListItem\",\"position\":2,\"name\":\"FERRAMENTAS\",\"item\":\"https:\/\/osg-excello.com\/pt-pt\/ferramentas\/\"},{\"@type\":\"ListItem\",\"position\":3,\"name\":\"Desenvolvimento de Processos\"}]},{\"@type\":\"WebSite\",\"@id\":\"https:\/\/osg-excello.com\/pt-pt\/#website\",\"url\":\"https:\/\/osg-excello.com\/pt-pt\/\",\"name\":\"OSG Ex-Cell-O\",\"description\":\"\",\"publisher\":{\"@id\":\"https:\/\/osg-excello.com\/pt-pt\/#organization\"},\"potentialAction\":[{\"@type\":\"SearchAction\",\"target\":{\"@type\":\"EntryPoint\",\"urlTemplate\":\"https:\/\/osg-excello.com\/pt-pt\/?s={search_term_string}\"},\"query-input\":{\"@type\":\"PropertyValueSpecification\",\"valueRequired\":true,\"valueName\":\"search_term_string\"}}],\"inLanguage\":\"pt-PT\"},{\"@type\":\"Organization\",\"@id\":\"https:\/\/osg-excello.com\/pt-pt\/#organization\",\"name\":\"OSG Ex-Cell-O GmbH\",\"url\":\"https:\/\/osg-excello.com\/pt-pt\/\",\"logo\":{\"@type\":\"ImageObject\",\"inLanguage\":\"pt-PT\",\"@id\":\"https:\/\/osg-excello.com\/pt-pt\/#\/schema\/logo\/image\/\",\"url\":\"https:\/\/osg-excello.com\/wp-content\/uploads\/2019\/11\/osg_excello_logo_final-2.png\",\"contentUrl\":\"https:\/\/osg-excello.com\/wp-content\/uploads\/2019\/11\/osg_excello_logo_final-2.png\",\"width\":514,\"height\":236,\"caption\":\"OSG Ex-Cell-O GmbH\"},\"image\":{\"@id\":\"https:\/\/osg-excello.com\/pt-pt\/#\/schema\/logo\/image\/\"}}]}<\/script>\n<!-- \/ Yoast SEO plugin. -->","yoast_head_json":{"title":"Desenvolvimento de Processos - OSG Ex-Cell-O","robots":{"index":"index","follow":"follow","max-snippet":"max-snippet:-1","max-image-preview":"max-image-preview:large","max-video-preview":"max-video-preview:-1"},"canonical":"https:\/\/osg-excello.com\/pt-pt\/ferramentas\/verfahrensentwicklung\/","og_locale":"pt_PT","og_type":"article","og_title":"Desenvolvimento de Processos - OSG Ex-Cell-O","og_url":"https:\/\/osg-excello.com\/pt-pt\/ferramentas\/verfahrensentwicklung\/","og_site_name":"OSG Ex-Cell-O","article_modified_time":"2021-05-26T11:36:36+00:00","twitter_card":"summary_large_image","twitter_misc":{"Tempo estimado de leitura":"6 minutos"},"schema":{"@context":"https:\/\/schema.org","@graph":[{"@type":"WebPage","@id":"https:\/\/osg-excello.com\/pt-pt\/ferramentas\/verfahrensentwicklung\/","url":"https:\/\/osg-excello.com\/pt-pt\/ferramentas\/verfahrensentwicklung\/","name":"Desenvolvimento de Processos - OSG Ex-Cell-O","isPartOf":{"@id":"https:\/\/osg-excello.com\/pt-pt\/#website"},"datePublished":"2019-11-19T15:21:55+00:00","dateModified":"2021-05-26T11:36:36+00:00","breadcrumb":{"@id":"https:\/\/osg-excello.com\/pt-pt\/ferramentas\/verfahrensentwicklung\/#breadcrumb"},"inLanguage":"pt-PT","potentialAction":[{"@type":"ReadAction","target":["https:\/\/osg-excello.com\/pt-pt\/ferramentas\/verfahrensentwicklung\/"]}]},{"@type":"BreadcrumbList","@id":"https:\/\/osg-excello.com\/pt-pt\/ferramentas\/verfahrensentwicklung\/#breadcrumb","itemListElement":[{"@type":"ListItem","position":1,"name":"Startseite","item":"https:\/\/osg-excello.com\/pt-pt\/"},{"@type":"ListItem","position":2,"name":"FERRAMENTAS","item":"https:\/\/osg-excello.com\/pt-pt\/ferramentas\/"},{"@type":"ListItem","position":3,"name":"Desenvolvimento de Processos"}]},{"@type":"WebSite","@id":"https:\/\/osg-excello.com\/pt-pt\/#website","url":"https:\/\/osg-excello.com\/pt-pt\/","name":"OSG Ex-Cell-O","description":"","publisher":{"@id":"https:\/\/osg-excello.com\/pt-pt\/#organization"},"potentialAction":[{"@type":"SearchAction","target":{"@type":"EntryPoint","urlTemplate":"https:\/\/osg-excello.com\/pt-pt\/?s={search_term_string}"},"query-input":{"@type":"PropertyValueSpecification","valueRequired":true,"valueName":"search_term_string"}}],"inLanguage":"pt-PT"},{"@type":"Organization","@id":"https:\/\/osg-excello.com\/pt-pt\/#organization","name":"OSG Ex-Cell-O GmbH","url":"https:\/\/osg-excello.com\/pt-pt\/","logo":{"@type":"ImageObject","inLanguage":"pt-PT","@id":"https:\/\/osg-excello.com\/pt-pt\/#\/schema\/logo\/image\/","url":"https:\/\/osg-excello.com\/wp-content\/uploads\/2019\/11\/osg_excello_logo_final-2.png","contentUrl":"https:\/\/osg-excello.com\/wp-content\/uploads\/2019\/11\/osg_excello_logo_final-2.png","width":514,"height":236,"caption":"OSG Ex-Cell-O GmbH"},"image":{"@id":"https:\/\/osg-excello.com\/pt-pt\/#\/schema\/logo\/image\/"}}]}},"_links":{"self":[{"href":"https:\/\/osg-excello.com\/pt-pt\/wp-json\/wp\/v2\/pages\/6639","targetHints":{"allow":["GET"]}}],"collection":[{"href":"https:\/\/osg-excello.com\/pt-pt\/wp-json\/wp\/v2\/pages"}],"about":[{"href":"https:\/\/osg-excello.com\/pt-pt\/wp-json\/wp\/v2\/types\/page"}],"author":[{"embeddable":true,"href":"https:\/\/osg-excello.com\/pt-pt\/wp-json\/wp\/v2\/users\/1"}],"replies":[{"embeddable":true,"href":"https:\/\/osg-excello.com\/pt-pt\/wp-json\/wp\/v2\/comments?post=6639"}],"version-history":[{"count":5,"href":"https:\/\/osg-excello.com\/pt-pt\/wp-json\/wp\/v2\/pages\/6639\/revisions"}],"predecessor-version":[{"id":6768,"href":"https:\/\/osg-excello.com\/pt-pt\/wp-json\/wp\/v2\/pages\/6639\/revisions\/6768"}],"up":[{"embeddable":true,"href":"https:\/\/osg-excello.com\/pt-pt\/wp-json\/wp\/v2\/pages\/2481"}],"wp:attachment":[{"href":"https:\/\/osg-excello.com\/pt-pt\/wp-json\/wp\/v2\/media?parent=6639"}],"curies":[{"name":"wp","href":"https:\/\/api.w.org\/{rel}","templated":true}]}}