{"id":6813,"date":"2019-11-19T16:21:56","date_gmt":"2019-11-19T15:21:56","guid":{"rendered":"https:\/\/osg-excello.com\/servicos\/online-service\/"},"modified":"2021-05-26T14:37:45","modified_gmt":"2021-05-26T12:37:45","slug":"online-service","status":"publish","type":"page","link":"https:\/\/osg-excello.com\/pt-pt\/servicos\/online-service\/","title":{"rendered":"Servi\u00e7o Online"},"content":{"rendered":"\n<style type=\"text\/css\" data-created_by=\"avia_inline_auto\" id=\"style-css-av-807no-33a4a38e5e0d5dea70cde682a9dc653a\">\n.flex_column.av-807no-33a4a38e5e0d5dea70cde682a9dc653a{\nborder-radius:0px 0px 0px 0px;\npadding:25px 0px 0px 0px;\n}\n<\/style>\n<div  class='flex_column av-807no-33a4a38e5e0d5dea70cde682a9dc653a av_one_full  avia-builder-el-0  el_before_av_hr  avia-builder-el-first  first flex_column_div  '     ><style type=\"text\/css\" data-created_by=\"avia_inline_auto\" id=\"style-css-av-k3fuh56l-a8c8ba53734bdd91218fe694efbcec4f\">\n#top .av-special-heading.av-k3fuh56l-a8c8ba53734bdd91218fe694efbcec4f{\npadding-bottom:10px;\n}\nbody .av-special-heading.av-k3fuh56l-a8c8ba53734bdd91218fe694efbcec4f .av-special-heading-tag .heading-char{\nfont-size:25px;\n}\n.av-special-heading.av-k3fuh56l-a8c8ba53734bdd91218fe694efbcec4f .av-subheading{\nfont-size:15px;\n}\n<\/style>\n<div  class='av-special-heading av-k3fuh56l-a8c8ba53734bdd91218fe694efbcec4f av-special-heading-h1 blockquote modern-quote modern-centered  avia-builder-el-1  avia-builder-el-no-sibling '><h1 class='av-special-heading-tag '  itemprop=\"headline\"  >Servi\u00e7o Online<\/h1><div class=\"special-heading-border\"><div class=\"special-heading-inner-border\"><\/div><\/div><\/div><\/div>\n\n<style type=\"text\/css\" data-created_by=\"avia_inline_auto\" id=\"style-css-av-k363cjsl-6c3a36cc1ad2d24930cc419f13ab6bc6\">\n#top .hr.av-k363cjsl-6c3a36cc1ad2d24930cc419f13ab6bc6{\nmargin-top:0px;\nmargin-bottom:30px;\n}\n.hr.av-k363cjsl-6c3a36cc1ad2d24930cc419f13ab6bc6 .hr-inner{\nwidth:30%;\nborder-color:#e8e8e8;\nmax-width:45%;\n}\n.hr.av-k363cjsl-6c3a36cc1ad2d24930cc419f13ab6bc6 .av-seperator-icon{\ncolor:#e8e8e8;\n}\n.hr.av-k363cjsl-6c3a36cc1ad2d24930cc419f13ab6bc6 .av-seperator-icon.avia-svg-icon svg:first-child{\nfill:#e8e8e8;\nstroke:#e8e8e8;\n}\n<\/style>\n<div  class='hr av-k363cjsl-6c3a36cc1ad2d24930cc419f13ab6bc6 hr-custom  avia-builder-el-2  el_after_av_one_full  el_before_av_section  avia-builder-el-last  hr-center hr-icon-yes'><span class='hr-inner inner-border-av-border-thin'><span class=\"hr-inner-style\"><\/span><\/span><span class='av-seperator-icon avia-iconfont avia-font-entypo-fontello' data-av_icon='\ue898' data-av_iconfont='entypo-fontello' ><\/span><span class='hr-inner inner-border-av-border-thin'><span class=\"hr-inner-style\"><\/span><\/span><\/div>\n<\/div><\/div><\/div><!-- close content main div --><\/div><\/div>\n<style type=\"text\/css\" data-created_by=\"avia_inline_auto\" id=\"style-css-av-k3647wxa-14f501a09e84162727fa6ec184c7a00c\">\n.avia-section.av-k3647wxa-14f501a09e84162727fa6ec184c7a00c{\nmargin-top:0px;\nmargin-bottom:100px;\n}\n<\/style>\n<div id='av_section_1'  class='avia-section av-k3647wxa-14f501a09e84162727fa6ec184c7a00c main_color avia-section-no-padding avia-no-border-styling  avia-builder-el-3  el_after_av_hr  avia-builder-el-last  avia-bg-style-scroll container_wrap sidebar_right'  ><div class='container av-section-cont-open' ><div class='template-page content  av-content-small alpha units'><div class='post-entry post-entry-type-page post-entry-6813'><div class='entry-content-wrapper clearfix'>\n\n<style type=\"text\/css\" data-created_by=\"avia_inline_auto\" id=\"style-css-av-7nzzw-2c1641dce56e8229eb55335a5a6ec76f\">\n.flex_column.av-7nzzw-2c1641dce56e8229eb55335a5a6ec76f{\nborder-radius:0px 0px 0px 0px;\npadding:0px 0px 0px 0px;\n}\n<\/style>\n<div  class='flex_column av-7nzzw-2c1641dce56e8229eb55335a5a6ec76f av_two_third  avia-builder-el-4  el_before_av_one_third  avia-builder-el-first  first flex_column_div av-animated-generic bottom-to-top av-zero-column-padding  '     ><style type=\"text\/css\" data-created_by=\"avia_inline_auto\" id=\"style-css-av-k3r0sioe-c0e4e4ad9ae42a9707c9079b10f7e4d2\">\n.avia-image-container.av-k3r0sioe-c0e4e4ad9ae42a9707c9079b10f7e4d2 img.avia_image{\nbox-shadow:none;\n}\n.avia-image-container.av-k3r0sioe-c0e4e4ad9ae42a9707c9079b10f7e4d2 .av-image-caption-overlay-center{\ncolor:#ffffff;\n}\n<\/style>\n<div  class='avia-image-container av-k3r0sioe-c0e4e4ad9ae42a9707c9079b10f7e4d2 av-styling- av-hover-grow av-hide-overflow av-img-linked avia_animated_image av-animated-when-visible-95 bottom-to-top avia-align-center  avia-builder-el-5  avia-builder-el-no-sibling '   itemprop=\"image\" itemscope=\"itemscope\" itemtype=\"https:\/\/schema.org\/ImageObject\" ><div class=\"avia-image-container-inner\"><div class=\"avia-image-overlay-wrap\"><a href=\"https:\/\/osg-excello.com\/wp-content\/uploads\/2019\/12\/onlineservices_SAM_3674.jpg\" data-srcset=\"https:\/\/osg-excello.com\/wp-content\/uploads\/2019\/12\/onlineservices_SAM_3674.jpg 1280w, https:\/\/osg-excello.com\/wp-content\/uploads\/2019\/12\/onlineservices_SAM_3674-768x512.jpg 768w, https:\/\/osg-excello.com\/wp-content\/uploads\/2019\/12\/onlineservices_SAM_3674-705x470.jpg 705w\" data-sizes=\"(max-width: 1280px) 100vw, 1280px\" class='avia_image '  aria-label='onlineservices_SAM_3674'><img decoding=\"async\" fetchpriority=\"high\" class='wp-image-6826 avia-img-lazy-loading-not-6826 avia_image ' src=\"https:\/\/osg-excello.com\/wp-content\/uploads\/2019\/12\/onlineservices_SAM_3674.jpg\" alt='' title='onlineservices_SAM_3674'  height=\"853\" width=\"1280\"  itemprop=\"thumbnailUrl\" srcset=\"https:\/\/osg-excello.com\/wp-content\/uploads\/2019\/12\/onlineservices_SAM_3674.jpg 1280w, https:\/\/osg-excello.com\/wp-content\/uploads\/2019\/12\/onlineservices_SAM_3674-768x512.jpg 768w, https:\/\/osg-excello.com\/wp-content\/uploads\/2019\/12\/onlineservices_SAM_3674-705x470.jpg 705w\" sizes=\"(max-width: 1280px) 100vw, 1280px\" \/><\/a><\/div><\/div><\/div><\/div>\n<style type=\"text\/css\" data-created_by=\"avia_inline_auto\" id=\"style-css-av-7nzzw-47ef4b95d16ddc52afc9d03e4ee84fbc\">\n.flex_column.av-7nzzw-47ef4b95d16ddc52afc9d03e4ee84fbc{\nborder-radius:0px 0px 0px 0px;\npadding:0px 0px 0px 0px;\n}\n<\/style>\n<div  class='flex_column av-7nzzw-47ef4b95d16ddc52afc9d03e4ee84fbc av_one_third  avia-builder-el-6  el_after_av_two_third  avia-builder-el-last  flex_column_div av-animated-generic bottom-to-top av-zero-column-padding  '     ><p>\n<style type=\"text\/css\" data-created_by=\"avia_inline_auto\" id=\"style-css-av-av_heading-9c9221057ee52a99aaf0fb96c339f28b\">\n#top .av-special-heading.av-av_heading-9c9221057ee52a99aaf0fb96c339f28b{\npadding-bottom:10px;\n}\nbody .av-special-heading.av-av_heading-9c9221057ee52a99aaf0fb96c339f28b .av-special-heading-tag .heading-char{\nfont-size:25px;\n}\n.av-special-heading.av-av_heading-9c9221057ee52a99aaf0fb96c339f28b .av-subheading{\nfont-size:15px;\n}\n<\/style>\n<div  class='av-special-heading av-av_heading-9c9221057ee52a99aaf0fb96c339f28b av-special-heading-h3  avia-builder-el-7  el_before_av_textblock  avia-builder-el-first '><h3 class='av-special-heading-tag '  itemprop=\"headline\"  >Servi\u00e7o Online<\/h3><div class=\"special-heading-border\"><div class=\"special-heading-inner-border\"><\/div><\/div><\/div><br \/>\n<section  class='av_textblock_section av-k3a8vy1i-c3eaba6a5673f57b0224f2a8c69b5209 '   itemscope=\"itemscope\" itemtype=\"https:\/\/schema.org\/CreativeWork\" ><div class='avia_textblock'  itemprop=\"text\" ><p class=\"p1\">Solu\u00e7\u00f5es da Ind\u00fastria 4.0 que implementamos em nossos produtos h\u00e1 muito tempo. Al\u00e9m das aplica\u00e7\u00f5es 4.0 padronizadas, muitas m\u00e1quinas de lamina\u00e7\u00e3o a frio j\u00e1 foram equipadas com software de acesso remoto da SIEMENS ou TEAMVIEWER.<\/p>\n<p>&#13;<\/p>\n<p class=\"p1\">Esse aplicativo de servi\u00e7o online permite a conex\u00e3o r\u00e1pida da m\u00e1quina com nossa equipe de especialistas &#8211; globalmente. Ap\u00f3s alguns cliques, podemos apoiar e aconselhar nossos clientes de forma r\u00e1pida e econ\u00f4mica na an\u00e1lise e solu\u00e7\u00e3o de problemas.<\/p>\n<\/div><\/section><br \/>\n\n<style type=\"text\/css\" data-created_by=\"avia_inline_auto\" id=\"style-css-av-k3fv0wo3-ab3e04440a9bea17fba0b36a875284c0\">\n#top .hr.hr-invisible.av-k3fv0wo3-ab3e04440a9bea17fba0b36a875284c0{\nheight:25px;\n}\n<\/style>\n<div  class='hr av-k3fv0wo3-ab3e04440a9bea17fba0b36a875284c0 hr-invisible  avia-builder-el-9  el_after_av_textblock  el_before_av_image '><span class='hr-inner '><span class=\"hr-inner-style\"><\/span><\/span><\/div><br \/>\n\n<style type=\"text\/css\" data-created_by=\"avia_inline_auto\" id=\"style-css-av-k3fv07yl-0de8d2b7696b6ec8f4632e88299ae05d\">\n.avia-image-container.av-k3fv07yl-0de8d2b7696b6ec8f4632e88299ae05d img.avia_image{\nbox-shadow:none;\n}\n.avia-image-container.av-k3fv07yl-0de8d2b7696b6ec8f4632e88299ae05d .av-image-caption-overlay-center{\ncolor:#ffffff;\n}\n<\/style>\n<div  class='avia-image-container av-k3fv07yl-0de8d2b7696b6ec8f4632e88299ae05d av-styling- av-img-linked avia-align-center  avia-builder-el-10  el_after_av_hr  avia-builder-el-last  teamviewer'   itemprop=\"image\" itemscope=\"itemscope\" itemtype=\"https:\/\/schema.org\/ImageObject\" ><div class=\"avia-image-container-inner\"><div class=\"avia-image-overlay-wrap\"><a href=\"https:\/\/www.teamviewer.com\/\" class='avia_image '  target=\"_blank\"  rel=\"noopener noreferrer\" aria-label='teamviewer-logo'><img decoding=\"async\" fetchpriority=\"high\" class='wp-image-6814 avia-img-lazy-loading-not-6814 avia_image ' src=\"https:\/\/osg-excello.com\/wp-content\/uploads\/2019\/11\/teamviewer-logo.png\" alt='' title='teamviewer-logo'  height=\"251\" width=\"900\"  itemprop=\"thumbnailUrl\" srcset=\"https:\/\/osg-excello.com\/wp-content\/uploads\/2019\/11\/teamviewer-logo.png 900w, https:\/\/osg-excello.com\/wp-content\/uploads\/2019\/11\/teamviewer-logo-768x214.png 768w, https:\/\/osg-excello.com\/wp-content\/uploads\/2019\/11\/teamviewer-logo-705x197.png 705w\" sizes=\"(max-width: 900px) 100vw, 900px\" \/><\/a><\/div><\/div><\/div><\/p><\/div><\/div><\/div><\/div><!-- close content main div --><\/div><\/div><div id='after_section_1'  class='main_color av_default_container_wrap container_wrap sidebar_right'  ><div class='container av-section-cont-open' ><div class='template-page content  av-content-small alpha units'><div class='post-entry post-entry-type-page post-entry-6813'><div class='entry-content-wrapper clearfix'>\n","protected":false},"excerpt":{"rendered":"","protected":false},"author":1,"featured_media":0,"parent":2494,"menu_order":953,"comment_status":"closed","ping_status":"closed","template":"","meta":{"footnotes":""},"class_list":["post-6813","page","type-page","status-publish","hentry"],"yoast_head":"<!-- This site is optimized with the Yoast SEO plugin v27.2 - https:\/\/yoast.com\/product\/yoast-seo-wordpress\/ -->\n<title>Servi\u00e7o Online - OSG Ex-Cell-O<\/title>\n<meta name=\"robots\" content=\"index, follow, max-snippet:-1, max-image-preview:large, max-video-preview:-1\" \/>\n<link rel=\"canonical\" href=\"https:\/\/osg-excello.com\/pt-pt\/servicos\/online-service\/\" \/>\n<meta property=\"og:locale\" content=\"pt_PT\" \/>\n<meta property=\"og:type\" content=\"article\" \/>\n<meta property=\"og:title\" content=\"Servi\u00e7o Online - OSG Ex-Cell-O\" \/>\n<meta property=\"og:url\" content=\"https:\/\/osg-excello.com\/pt-pt\/servicos\/online-service\/\" \/>\n<meta property=\"og:site_name\" content=\"OSG Ex-Cell-O\" \/>\n<meta property=\"article:modified_time\" content=\"2021-05-26T12:37:45+00:00\" \/>\n<meta name=\"twitter:card\" content=\"summary_large_image\" \/>\n<meta name=\"twitter:label1\" content=\"Tempo estimado de leitura\" \/>\n\t<meta name=\"twitter:data1\" content=\"5 minutos\" \/>\n<script type=\"application\/ld+json\" class=\"yoast-schema-graph\">{\"@context\":\"https:\/\/schema.org\",\"@graph\":[{\"@type\":\"WebPage\",\"@id\":\"https:\/\/osg-excello.com\/pt-pt\/servicos\/online-service\/\",\"url\":\"https:\/\/osg-excello.com\/pt-pt\/servicos\/online-service\/\",\"name\":\"Servi\u00e7o Online - OSG Ex-Cell-O\",\"isPartOf\":{\"@id\":\"https:\/\/osg-excello.com\/pt-pt\/#website\"},\"datePublished\":\"2019-11-19T15:21:56+00:00\",\"dateModified\":\"2021-05-26T12:37:45+00:00\",\"breadcrumb\":{\"@id\":\"https:\/\/osg-excello.com\/pt-pt\/servicos\/online-service\/#breadcrumb\"},\"inLanguage\":\"pt-PT\",\"potentialAction\":[{\"@type\":\"ReadAction\",\"target\":[\"https:\/\/osg-excello.com\/pt-pt\/servicos\/online-service\/\"]}]},{\"@type\":\"BreadcrumbList\",\"@id\":\"https:\/\/osg-excello.com\/pt-pt\/servicos\/online-service\/#breadcrumb\",\"itemListElement\":[{\"@type\":\"ListItem\",\"position\":1,\"name\":\"Startseite\",\"item\":\"https:\/\/osg-excello.com\/pt-pt\/\"},{\"@type\":\"ListItem\",\"position\":2,\"name\":\"SERVI\u00c7OS\",\"item\":\"https:\/\/osg-excello.com\/pt-pt\/servicos\/\"},{\"@type\":\"ListItem\",\"position\":3,\"name\":\"Servi\u00e7o Online\"}]},{\"@type\":\"WebSite\",\"@id\":\"https:\/\/osg-excello.com\/pt-pt\/#website\",\"url\":\"https:\/\/osg-excello.com\/pt-pt\/\",\"name\":\"OSG Ex-Cell-O\",\"description\":\"\",\"publisher\":{\"@id\":\"https:\/\/osg-excello.com\/pt-pt\/#organization\"},\"potentialAction\":[{\"@type\":\"SearchAction\",\"target\":{\"@type\":\"EntryPoint\",\"urlTemplate\":\"https:\/\/osg-excello.com\/pt-pt\/?s={search_term_string}\"},\"query-input\":{\"@type\":\"PropertyValueSpecification\",\"valueRequired\":true,\"valueName\":\"search_term_string\"}}],\"inLanguage\":\"pt-PT\"},{\"@type\":\"Organization\",\"@id\":\"https:\/\/osg-excello.com\/pt-pt\/#organization\",\"name\":\"OSG Ex-Cell-O GmbH\",\"url\":\"https:\/\/osg-excello.com\/pt-pt\/\",\"logo\":{\"@type\":\"ImageObject\",\"inLanguage\":\"pt-PT\",\"@id\":\"https:\/\/osg-excello.com\/pt-pt\/#\/schema\/logo\/image\/\",\"url\":\"https:\/\/osg-excello.com\/wp-content\/uploads\/2019\/11\/osg_excello_logo_final-2.png\",\"contentUrl\":\"https:\/\/osg-excello.com\/wp-content\/uploads\/2019\/11\/osg_excello_logo_final-2.png\",\"width\":514,\"height\":236,\"caption\":\"OSG Ex-Cell-O GmbH\"},\"image\":{\"@id\":\"https:\/\/osg-excello.com\/pt-pt\/#\/schema\/logo\/image\/\"}}]}<\/script>\n<!-- \/ Yoast SEO plugin. -->","yoast_head_json":{"title":"Servi\u00e7o Online - OSG Ex-Cell-O","robots":{"index":"index","follow":"follow","max-snippet":"max-snippet:-1","max-image-preview":"max-image-preview:large","max-video-preview":"max-video-preview:-1"},"canonical":"https:\/\/osg-excello.com\/pt-pt\/servicos\/online-service\/","og_locale":"pt_PT","og_type":"article","og_title":"Servi\u00e7o Online - OSG Ex-Cell-O","og_url":"https:\/\/osg-excello.com\/pt-pt\/servicos\/online-service\/","og_site_name":"OSG Ex-Cell-O","article_modified_time":"2021-05-26T12:37:45+00:00","twitter_card":"summary_large_image","twitter_misc":{"Tempo estimado de leitura":"5 minutos"},"schema":{"@context":"https:\/\/schema.org","@graph":[{"@type":"WebPage","@id":"https:\/\/osg-excello.com\/pt-pt\/servicos\/online-service\/","url":"https:\/\/osg-excello.com\/pt-pt\/servicos\/online-service\/","name":"Servi\u00e7o Online - OSG Ex-Cell-O","isPartOf":{"@id":"https:\/\/osg-excello.com\/pt-pt\/#website"},"datePublished":"2019-11-19T15:21:56+00:00","dateModified":"2021-05-26T12:37:45+00:00","breadcrumb":{"@id":"https:\/\/osg-excello.com\/pt-pt\/servicos\/online-service\/#breadcrumb"},"inLanguage":"pt-PT","potentialAction":[{"@type":"ReadAction","target":["https:\/\/osg-excello.com\/pt-pt\/servicos\/online-service\/"]}]},{"@type":"BreadcrumbList","@id":"https:\/\/osg-excello.com\/pt-pt\/servicos\/online-service\/#breadcrumb","itemListElement":[{"@type":"ListItem","position":1,"name":"Startseite","item":"https:\/\/osg-excello.com\/pt-pt\/"},{"@type":"ListItem","position":2,"name":"SERVI\u00c7OS","item":"https:\/\/osg-excello.com\/pt-pt\/servicos\/"},{"@type":"ListItem","position":3,"name":"Servi\u00e7o Online"}]},{"@type":"WebSite","@id":"https:\/\/osg-excello.com\/pt-pt\/#website","url":"https:\/\/osg-excello.com\/pt-pt\/","name":"OSG Ex-Cell-O","description":"","publisher":{"@id":"https:\/\/osg-excello.com\/pt-pt\/#organization"},"potentialAction":[{"@type":"SearchAction","target":{"@type":"EntryPoint","urlTemplate":"https:\/\/osg-excello.com\/pt-pt\/?s={search_term_string}"},"query-input":{"@type":"PropertyValueSpecification","valueRequired":true,"valueName":"search_term_string"}}],"inLanguage":"pt-PT"},{"@type":"Organization","@id":"https:\/\/osg-excello.com\/pt-pt\/#organization","name":"OSG Ex-Cell-O GmbH","url":"https:\/\/osg-excello.com\/pt-pt\/","logo":{"@type":"ImageObject","inLanguage":"pt-PT","@id":"https:\/\/osg-excello.com\/pt-pt\/#\/schema\/logo\/image\/","url":"https:\/\/osg-excello.com\/wp-content\/uploads\/2019\/11\/osg_excello_logo_final-2.png","contentUrl":"https:\/\/osg-excello.com\/wp-content\/uploads\/2019\/11\/osg_excello_logo_final-2.png","width":514,"height":236,"caption":"OSG Ex-Cell-O GmbH"},"image":{"@id":"https:\/\/osg-excello.com\/pt-pt\/#\/schema\/logo\/image\/"}}]}},"_links":{"self":[{"href":"https:\/\/osg-excello.com\/pt-pt\/wp-json\/wp\/v2\/pages\/6813","targetHints":{"allow":["GET"]}}],"collection":[{"href":"https:\/\/osg-excello.com\/pt-pt\/wp-json\/wp\/v2\/pages"}],"about":[{"href":"https:\/\/osg-excello.com\/pt-pt\/wp-json\/wp\/v2\/types\/page"}],"author":[{"embeddable":true,"href":"https:\/\/osg-excello.com\/pt-pt\/wp-json\/wp\/v2\/users\/1"}],"replies":[{"embeddable":true,"href":"https:\/\/osg-excello.com\/pt-pt\/wp-json\/wp\/v2\/comments?post=6813"}],"version-history":[{"count":5,"href":"https:\/\/osg-excello.com\/pt-pt\/wp-json\/wp\/v2\/pages\/6813\/revisions"}],"predecessor-version":[{"id":7062,"href":"https:\/\/osg-excello.com\/pt-pt\/wp-json\/wp\/v2\/pages\/6813\/revisions\/7062"}],"up":[{"embeddable":true,"href":"https:\/\/osg-excello.com\/pt-pt\/wp-json\/wp\/v2\/pages\/2494"}],"wp:attachment":[{"href":"https:\/\/osg-excello.com\/pt-pt\/wp-json\/wp\/v2\/media?parent=6813"}],"curies":[{"name":"wp","href":"https:\/\/api.w.org\/{rel}","templated":true}]}}