{"id":10140,"date":"2021-11-02T17:06:40","date_gmt":"2021-11-02T16:06:40","guid":{"rendered":"https:\/\/osg-excello.com\/?page_id=10140"},"modified":"2021-12-12T16:13:24","modified_gmt":"2021-12-12T15:13:24","slug":"silindirik-haddeleme-kaliplari","status":"publish","type":"page","link":"https:\/\/osg-excello.com\/tr\/silindirik-haddeleme-kaliplari\/","title":{"rendered":"Silindirik haddeleme Kal\u0131plar\u0131"},"content":{"rendered":"\n<style type=\"text\/css\" data-created_by=\"avia_inline_auto\" id=\"style-css-av-807no-33a4a38e5e0d5dea70cde682a9dc653a\">\n.flex_column.av-807no-33a4a38e5e0d5dea70cde682a9dc653a{\nborder-radius:0px 0px 0px 0px;\npadding:25px 0px 0px 0px;\n}\n<\/style>\n<div  class='flex_column av-807no-33a4a38e5e0d5dea70cde682a9dc653a av_one_full  avia-builder-el-0  el_before_av_hr  avia-builder-el-first  first flex_column_div  '     ><style type=\"text\/css\" data-created_by=\"avia_inline_auto\" id=\"style-css-av-k3ftxwyb-73a7360bd50e0cb714ee83f00cf7af6a\">\n#top .av-special-heading.av-k3ftxwyb-73a7360bd50e0cb714ee83f00cf7af6a{\npadding-bottom:10px;\n}\nbody .av-special-heading.av-k3ftxwyb-73a7360bd50e0cb714ee83f00cf7af6a .av-special-heading-tag .heading-char{\nfont-size:25px;\n}\n.av-special-heading.av-k3ftxwyb-73a7360bd50e0cb714ee83f00cf7af6a .av-subheading{\nfont-size:15px;\n}\n<\/style>\n<div  class='av-special-heading av-k3ftxwyb-73a7360bd50e0cb714ee83f00cf7af6a av-special-heading-h1 blockquote modern-quote modern-centered  avia-builder-el-1  avia-builder-el-no-sibling  av-linked-heading'><h1 class='av-special-heading-tag '  itemprop=\"headline\"  >Silindirik haddeleme Kal\u0131plar\u0131<\/h1><div class=\"special-heading-border\"><div class=\"special-heading-inner-border\"><\/div><\/div><\/div><\/div>\n\n<style type=\"text\/css\" data-created_by=\"avia_inline_auto\" id=\"style-css-av-k363cjsl-6c3a36cc1ad2d24930cc419f13ab6bc6\">\n#top .hr.av-k363cjsl-6c3a36cc1ad2d24930cc419f13ab6bc6{\nmargin-top:0px;\nmargin-bottom:30px;\n}\n.hr.av-k363cjsl-6c3a36cc1ad2d24930cc419f13ab6bc6 .hr-inner{\nwidth:30%;\nborder-color:#e8e8e8;\nmax-width:45%;\n}\n.hr.av-k363cjsl-6c3a36cc1ad2d24930cc419f13ab6bc6 .av-seperator-icon{\ncolor:#e8e8e8;\n}\n.hr.av-k363cjsl-6c3a36cc1ad2d24930cc419f13ab6bc6 .av-seperator-icon.avia-svg-icon svg:first-child{\nfill:#e8e8e8;\nstroke:#e8e8e8;\n}\n<\/style>\n<div  class='hr av-k363cjsl-6c3a36cc1ad2d24930cc419f13ab6bc6 hr-custom  avia-builder-el-2  el_after_av_one_full  el_before_av_textblock  hr-center hr-icon-yes'><span class='hr-inner inner-border-av-border-thin'><span class=\"hr-inner-style\"><\/span><\/span><span class='av-seperator-icon avia-iconfont avia-font-entypo-fontello' data-av_icon='\ue898' data-av_iconfont='entypo-fontello' ><\/span><span class='hr-inner inner-border-av-border-thin'><span class=\"hr-inner-style\"><\/span><\/span><\/div>\n<section  class='av_textblock_section av-kvgl23ml-454fcc7366a5bc16dc6579fa28d902ed '   itemscope=\"itemscope\" itemtype=\"https:\/\/schema.org\/CreativeWork\" ><div class='avia_textblock'  itemprop=\"text\" ><p><strong>Silindirik Hadde Kal\u0131plar\u0131:<\/strong><\/p>\n<li>OSG EX-CELL-O silindirik haddeleme kal\u0131plar\u0131, en y\u00fcksek kalite ve m\u00fckemmel tak\u0131m \u00f6mr\u00fc ile ikna eder.<\/li>\n<li>\u00d6zel geli\u015ftirilmi\u015f tak\u0131m \u00e7eliklerinden \u00fcretilir, iste\u011fe ba\u011fl\u0131 olarak SQT kaplama ile y\u00fczey i\u015flemi yap\u0131l\u0131r.<\/li>\n<p><strong>Varyantlar:<\/strong><\/p>\n<li>CNC yuvarlak haddeleme makinelerinde \u015fekillendirme i\u015flemleri i\u00e7in sabit d\u0131\u015f \u00e7apa sahip silindirik kal\u0131plar.<\/li>\n<li>CNC veya geleneksel yuvarlak haddeleme makinelerinde \u015fekillendirme i\u015flemleri i\u00e7in art\u0131ml\u0131 profilli silindirik tak\u0131mlar.<\/li>\n<p><strong>Uygulamaya genel bak\u0131\u015f \/ \u00f6zel tasar\u0131mlar:<\/strong><\/p>\n<li>Kamalar, di\u015fler, ya\u011f oluklar\u0131, halka oluklar\u0131, t\u0131rt\u0131klar.<\/li>\n<li>Sivri di\u015fler, di\u015f giri\u015finde pahlar, bloke di\u015fler, \u00f6nceden tornalanm\u0131\u015f oluklar\u0131n a\u00e7\u0131kl\u0131\u011f\u0131, kombine aletler.<\/li>\n<\/div><\/section>\n<\/div><\/div><\/div><!-- close content main div --><\/div><\/div>\n<style type=\"text\/css\" data-created_by=\"avia_inline_auto\" id=\"style-css-av-k3647wxa-14f501a09e84162727fa6ec184c7a00c\">\n.avia-section.av-k3647wxa-14f501a09e84162727fa6ec184c7a00c{\nmargin-top:0px;\nmargin-bottom:100px;\n}\n<\/style>\n<div id='av_section_1'  class='avia-section av-k3647wxa-14f501a09e84162727fa6ec184c7a00c main_color avia-section-no-padding avia-no-border-styling  avia-builder-el-4  el_after_av_textblock  avia-builder-el-last  avia-bg-style-scroll container_wrap sidebar_right'  ><div class='container av-section-cont-open' ><div class='template-page content  av-content-small alpha units'><div class='post-entry post-entry-type-page post-entry-10140'><div class='entry-content-wrapper clearfix'>\n<div id='av-masonry-1' class='av-masonry av-k3egpode-45f4dba547dd54fe89d38cfb526b4299 noHover av-fixed-size av-large-gap av-hover-overlay- av-masonry-animation-active av-masonry-col-3 av-caption-always av-caption-style- av-masonry-gallery ' data-post_id=\"10140\"><div class=\"av-masonry-container isotope av-js-disabled\"><div class='av-masonry-entry isotope-item av-masonry-item-no-image '><\/div><a href=\"https:\/\/osg-excello.com\/wp-content\/uploads\/2021\/10\/20211021_123236_ret-scaled.jpg\" data-srcset=\"https:\/\/osg-excello.com\/wp-content\/uploads\/2021\/10\/20211021_123236_ret-scaled.jpg 2560w, https:\/\/osg-excello.com\/wp-content\/uploads\/2021\/10\/20211021_123236_ret-768x432.jpg 768w, https:\/\/osg-excello.com\/wp-content\/uploads\/2021\/10\/20211021_123236_ret-1536x864.jpg 1536w, https:\/\/osg-excello.com\/wp-content\/uploads\/2021\/10\/20211021_123236_ret-2048x1152.jpg 2048w, https:\/\/osg-excello.com\/wp-content\/uploads\/2021\/10\/20211021_123236_ret-1500x844.jpg 1500w, https:\/\/osg-excello.com\/wp-content\/uploads\/2021\/10\/20211021_123236_ret-705x397.jpg 705w\" data-sizes=\"(max-width: 2560px) 100vw, 2560px\"  aria-label=\"image xy\"  id='av-masonry-1-item-9932' data-av-masonry-item='9932' class='av-masonry-entry isotope-item post-9932 attachment type-attachment status-inherit hentry  av-masonry-item-with-image' title=\"xy\" alt=\"\"    itemprop=\"thumbnailUrl\" ><div class='av-inner-masonry-sizer'><\/div><figure class='av-inner-masonry main_color'><div class=\"av-masonry-outerimage-container\"><div class='av-masonry-image-container' style=\"background-image: url(https:\/\/osg-excello.com\/wp-content\/uploads\/2021\/10\/20211021_123236_ret-705x397.jpg);\"  title=\"xy\" ><\/div><\/div><\/figure><\/a><!--end av-masonry entry--><a href=\"https:\/\/osg-excello.com\/wp-content\/uploads\/2021\/12\/20211208_122034_ret-scaled.jpg\" data-srcset=\"https:\/\/osg-excello.com\/wp-content\/uploads\/2021\/12\/20211208_122034_ret-scaled.jpg 2560w, https:\/\/osg-excello.com\/wp-content\/uploads\/2021\/12\/20211208_122034_ret-768x432.jpg 768w, https:\/\/osg-excello.com\/wp-content\/uploads\/2021\/12\/20211208_122034_ret-1536x864.jpg 1536w, https:\/\/osg-excello.com\/wp-content\/uploads\/2021\/12\/20211208_122034_ret-2048x1152.jpg 2048w, https:\/\/osg-excello.com\/wp-content\/uploads\/2021\/12\/20211208_122034_ret-1500x844.jpg 1500w, https:\/\/osg-excello.com\/wp-content\/uploads\/2021\/12\/20211208_122034_ret-705x397.jpg 705w\" data-sizes=\"(max-width: 2560px) 100vw, 2560px\"  aria-label=\"image 20211208_122034_ret\"  id='av-masonry-1-item-11165' data-av-masonry-item='11165' class='av-masonry-entry isotope-item post-11165 attachment type-attachment status-inherit hentry  av-masonry-item-with-image' title=\"20211208_122034_ret\" alt=\"\"    itemprop=\"thumbnailUrl\" ><div class='av-inner-masonry-sizer'><\/div><figure class='av-inner-masonry main_color'><div class=\"av-masonry-outerimage-container\"><div class='av-masonry-image-container' style=\"background-image: url(https:\/\/osg-excello.com\/wp-content\/uploads\/2021\/12\/20211208_122034_ret-705x397.jpg);\"  title=\"20211208_122034_ret\" ><\/div><\/div><\/figure><\/a><!--end av-masonry entry--><a href=\"https:\/\/osg-excello.com\/wp-content\/uploads\/2021\/10\/20210916_111620_ret-scaled.jpg\" data-srcset=\"https:\/\/osg-excello.com\/wp-content\/uploads\/2021\/10\/20210916_111620_ret-scaled.jpg 2560w, https:\/\/osg-excello.com\/wp-content\/uploads\/2021\/10\/20210916_111620_ret-768x432.jpg 768w, https:\/\/osg-excello.com\/wp-content\/uploads\/2021\/10\/20210916_111620_ret-1536x864.jpg 1536w, https:\/\/osg-excello.com\/wp-content\/uploads\/2021\/10\/20210916_111620_ret-2048x1152.jpg 2048w, https:\/\/osg-excello.com\/wp-content\/uploads\/2021\/10\/20210916_111620_ret-1500x844.jpg 1500w, https:\/\/osg-excello.com\/wp-content\/uploads\/2021\/10\/20210916_111620_ret-705x397.jpg 705w\" data-sizes=\"(max-width: 2560px) 100vw, 2560px\"  aria-label=\"image xy\"  id='av-masonry-1-item-9900' data-av-masonry-item='9900' class='av-masonry-entry isotope-item post-9900 attachment type-attachment status-inherit hentry  av-masonry-item-with-image' title=\"xy\" alt=\"\"    itemprop=\"thumbnailUrl\" ><div class='av-inner-masonry-sizer'><\/div><figure class='av-inner-masonry main_color'><div class=\"av-masonry-outerimage-container\"><div class='av-masonry-image-container' style=\"background-image: url(https:\/\/osg-excello.com\/wp-content\/uploads\/2021\/10\/20210916_111620_ret-705x397.jpg);\"  title=\"xy\" ><\/div><\/div><\/figure><\/a><!--end av-masonry entry--><a href=\"https:\/\/osg-excello.com\/wp-content\/uploads\/2021\/10\/20200924_132645_ret-scaled.jpg\" data-srcset=\"https:\/\/osg-excello.com\/wp-content\/uploads\/2021\/10\/20200924_132645_ret-scaled.jpg 2560w, https:\/\/osg-excello.com\/wp-content\/uploads\/2021\/10\/20200924_132645_ret-768x432.jpg 768w, https:\/\/osg-excello.com\/wp-content\/uploads\/2021\/10\/20200924_132645_ret-1536x864.jpg 1536w, https:\/\/osg-excello.com\/wp-content\/uploads\/2021\/10\/20200924_132645_ret-2048x1152.jpg 2048w, https:\/\/osg-excello.com\/wp-content\/uploads\/2021\/10\/20200924_132645_ret-1500x844.jpg 1500w, https:\/\/osg-excello.com\/wp-content\/uploads\/2021\/10\/20200924_132645_ret-705x397.jpg 705w\" data-sizes=\"(max-width: 2560px) 100vw, 2560px\"  aria-label=\"image xy\"  id='av-masonry-1-item-9948' data-av-masonry-item='9948' class='av-masonry-entry isotope-item post-9948 attachment type-attachment status-inherit hentry  av-masonry-item-with-image' title=\"xy\" alt=\"\"    itemprop=\"thumbnailUrl\" ><div class='av-inner-masonry-sizer'><\/div><figure class='av-inner-masonry main_color'><div class=\"av-masonry-outerimage-container\"><div class='av-masonry-image-container' style=\"background-image: url(https:\/\/osg-excello.com\/wp-content\/uploads\/2021\/10\/20200924_132645_ret-705x397.jpg);\"  title=\"xy\" ><\/div><\/div><\/figure><\/a><!--end av-masonry entry--><a href=\"https:\/\/osg-excello.com\/wp-content\/uploads\/2021\/10\/20211021_100023_ret-scaled.jpg\" data-srcset=\"https:\/\/osg-excello.com\/wp-content\/uploads\/2021\/10\/20211021_100023_ret-scaled.jpg 2560w, https:\/\/osg-excello.com\/wp-content\/uploads\/2021\/10\/20211021_100023_ret-768x432.jpg 768w, https:\/\/osg-excello.com\/wp-content\/uploads\/2021\/10\/20211021_100023_ret-1536x864.jpg 1536w, https:\/\/osg-excello.com\/wp-content\/uploads\/2021\/10\/20211021_100023_ret-2048x1152.jpg 2048w, https:\/\/osg-excello.com\/wp-content\/uploads\/2021\/10\/20211021_100023_ret-1500x844.jpg 1500w, https:\/\/osg-excello.com\/wp-content\/uploads\/2021\/10\/20211021_100023_ret-705x397.jpg 705w\" data-sizes=\"(max-width: 2560px) 100vw, 2560px\"  aria-label=\"image xy\"  id='av-masonry-1-item-9916' data-av-masonry-item='9916' class='av-masonry-entry isotope-item post-9916 attachment type-attachment status-inherit hentry  av-masonry-item-with-image' title=\"xy\" alt=\"\"    itemprop=\"thumbnailUrl\" ><div class='av-inner-masonry-sizer'><\/div><figure class='av-inner-masonry main_color'><div class=\"av-masonry-outerimage-container\"><div class='av-masonry-image-container' style=\"background-image: url(https:\/\/osg-excello.com\/wp-content\/uploads\/2021\/10\/20211021_100023_ret-705x397.jpg);\"  title=\"xy\" ><\/div><\/div><\/figure><\/a><!--end av-masonry entry--><a href=\"https:\/\/osg-excello.com\/wp-content\/uploads\/2021\/10\/20201002_132331_ret-scaled.jpg\" data-srcset=\"https:\/\/osg-excello.com\/wp-content\/uploads\/2021\/10\/20201002_132331_ret-scaled.jpg 2560w, https:\/\/osg-excello.com\/wp-content\/uploads\/2021\/10\/20201002_132331_ret-768x432.jpg 768w, https:\/\/osg-excello.com\/wp-content\/uploads\/2021\/10\/20201002_132331_ret-1536x864.jpg 1536w, https:\/\/osg-excello.com\/wp-content\/uploads\/2021\/10\/20201002_132331_ret-2048x1152.jpg 2048w, https:\/\/osg-excello.com\/wp-content\/uploads\/2021\/10\/20201002_132331_ret-1500x844.jpg 1500w, https:\/\/osg-excello.com\/wp-content\/uploads\/2021\/10\/20201002_132331_ret-705x397.jpg 705w\" data-sizes=\"(max-width: 2560px) 100vw, 2560px\"  aria-label=\"image xy\"  id='av-masonry-1-item-9884' data-av-masonry-item='9884' class='av-masonry-entry isotope-item post-9884 attachment type-attachment status-inherit hentry  av-masonry-item-with-image' title=\"xy\" alt=\"\"    itemprop=\"thumbnailUrl\" ><div class='av-inner-masonry-sizer'><\/div><figure class='av-inner-masonry main_color'><div class=\"av-masonry-outerimage-container\"><div class='av-masonry-image-container' style=\"background-image: url(https:\/\/osg-excello.com\/wp-content\/uploads\/2021\/10\/20201002_132331_ret-705x397.jpg);\"  title=\"xy\" ><\/div><\/div><\/figure><\/a><!--end av-masonry entry--><a href=\"https:\/\/osg-excello.com\/wp-content\/uploads\/2021\/10\/20200924_153047_ret-scaled.jpg\" data-srcset=\"https:\/\/osg-excello.com\/wp-content\/uploads\/2021\/10\/20200924_153047_ret-scaled.jpg 2560w, https:\/\/osg-excello.com\/wp-content\/uploads\/2021\/10\/20200924_153047_ret-768x432.jpg 768w, https:\/\/osg-excello.com\/wp-content\/uploads\/2021\/10\/20200924_153047_ret-1536x864.jpg 1536w, https:\/\/osg-excello.com\/wp-content\/uploads\/2021\/10\/20200924_153047_ret-2048x1152.jpg 2048w, https:\/\/osg-excello.com\/wp-content\/uploads\/2021\/10\/20200924_153047_ret-1500x844.jpg 1500w, https:\/\/osg-excello.com\/wp-content\/uploads\/2021\/10\/20200924_153047_ret-705x397.jpg 705w\" data-sizes=\"(max-width: 2560px) 100vw, 2560px\"  aria-label=\"image xy\"  id='av-masonry-1-item-9868' data-av-masonry-item='9868' class='av-masonry-entry isotope-item post-9868 attachment type-attachment status-inherit hentry  av-masonry-item-with-image' title=\"xy\" alt=\"\"    itemprop=\"thumbnailUrl\" ><div class='av-inner-masonry-sizer'><\/div><figure class='av-inner-masonry main_color'><div class=\"av-masonry-outerimage-container\"><div class='av-masonry-image-container' style=\"background-image: url(https:\/\/osg-excello.com\/wp-content\/uploads\/2021\/10\/20200924_153047_ret-705x397.jpg);\"  title=\"xy\" ><\/div><\/div><\/figure><\/a><!--end av-masonry entry--><a href=\"https:\/\/osg-excello.com\/wp-content\/uploads\/2021\/12\/20211125_102000_ret-scaled.jpg\" data-srcset=\"https:\/\/osg-excello.com\/wp-content\/uploads\/2021\/12\/20211125_102000_ret-scaled.jpg 2560w, https:\/\/osg-excello.com\/wp-content\/uploads\/2021\/12\/20211125_102000_ret-768x432.jpg 768w, https:\/\/osg-excello.com\/wp-content\/uploads\/2021\/12\/20211125_102000_ret-1536x864.jpg 1536w, https:\/\/osg-excello.com\/wp-content\/uploads\/2021\/12\/20211125_102000_ret-2048x1152.jpg 2048w, https:\/\/osg-excello.com\/wp-content\/uploads\/2021\/12\/20211125_102000_ret-1500x844.jpg 1500w, https:\/\/osg-excello.com\/wp-content\/uploads\/2021\/12\/20211125_102000_ret-705x397.jpg 705w\" data-sizes=\"(max-width: 2560px) 100vw, 2560px\"  aria-label=\"image 20211125_102000_ret\"  id='av-masonry-1-item-11149' data-av-masonry-item='11149' class='av-masonry-entry isotope-item post-11149 attachment type-attachment status-inherit hentry  av-masonry-item-with-image' title=\"20211125_102000_ret\" alt=\"\"    itemprop=\"thumbnailUrl\" ><div class='av-inner-masonry-sizer'><\/div><figure class='av-inner-masonry main_color'><div class=\"av-masonry-outerimage-container\"><div class='av-masonry-image-container' style=\"background-image: url(https:\/\/osg-excello.com\/wp-content\/uploads\/2021\/12\/20211125_102000_ret-705x397.jpg);\"  title=\"20211125_102000_ret\" ><\/div><\/div><\/figure><\/a><!--end av-masonry entry--><a href=\"https:\/\/osg-excello.com\/wp-content\/uploads\/2021\/12\/20211106_113111_ret-scaled.jpg\" data-srcset=\"https:\/\/osg-excello.com\/wp-content\/uploads\/2021\/12\/20211106_113111_ret-scaled.jpg 2560w, https:\/\/osg-excello.com\/wp-content\/uploads\/2021\/12\/20211106_113111_ret-768x432.jpg 768w, https:\/\/osg-excello.com\/wp-content\/uploads\/2021\/12\/20211106_113111_ret-1536x864.jpg 1536w, https:\/\/osg-excello.com\/wp-content\/uploads\/2021\/12\/20211106_113111_ret-2048x1152.jpg 2048w, https:\/\/osg-excello.com\/wp-content\/uploads\/2021\/12\/20211106_113111_ret-1500x844.jpg 1500w, https:\/\/osg-excello.com\/wp-content\/uploads\/2021\/12\/20211106_113111_ret-705x397.jpg 705w\" data-sizes=\"(max-width: 2560px) 100vw, 2560px\"  aria-label=\"image 20211106_113111_ret\"  id='av-masonry-1-item-11133' data-av-masonry-item='11133' class='av-masonry-entry isotope-item post-11133 attachment type-attachment status-inherit hentry  av-masonry-item-with-image' title=\"20211106_113111_ret\" alt=\"\"    itemprop=\"thumbnailUrl\" ><div class='av-inner-masonry-sizer'><\/div><figure class='av-inner-masonry main_color'><div class=\"av-masonry-outerimage-container\"><div class='av-masonry-image-container' style=\"background-image: url(https:\/\/osg-excello.com\/wp-content\/uploads\/2021\/12\/20211106_113111_ret-705x397.jpg);\"  title=\"20211106_113111_ret\" ><\/div><\/div><\/figure><\/a><!--end av-masonry entry--><\/div><\/div>\n<\/div><\/div><\/div><!-- close content main div --><\/div><\/div><div id='after_section_1'  class='main_color av_default_container_wrap container_wrap sidebar_right'  ><div class='container av-section-cont-open' ><div class='template-page content  av-content-small alpha units'><div class='post-entry post-entry-type-page post-entry-10140'><div class='entry-content-wrapper clearfix'>\n","protected":false},"excerpt":{"rendered":"","protected":false},"author":2,"featured_media":0,"parent":0,"menu_order":0,"comment_status":"closed","ping_status":"closed","template":"","meta":{"footnotes":""},"class_list":["post-10140","page","type-page","status-publish","hentry"],"yoast_head":"<!-- This site is optimized with the Yoast SEO plugin v27.2 - https:\/\/yoast.com\/product\/yoast-seo-wordpress\/ -->\n<title>Silindirik haddeleme Kal\u0131plar\u0131 - OSG Ex-Cell-O<\/title>\n<meta name=\"robots\" content=\"index, follow, max-snippet:-1, max-image-preview:large, max-video-preview:-1\" \/>\n<link rel=\"canonical\" href=\"https:\/\/osg-excello.com\/tr\/silindirik-haddeleme-kaliplari\/\" \/>\n<meta property=\"og:locale\" content=\"tr_TR\" \/>\n<meta property=\"og:type\" content=\"article\" \/>\n<meta property=\"og:title\" content=\"Silindirik haddeleme Kal\u0131plar\u0131 - OSG Ex-Cell-O\" \/>\n<meta property=\"og:url\" content=\"https:\/\/osg-excello.com\/tr\/silindirik-haddeleme-kaliplari\/\" \/>\n<meta property=\"og:site_name\" content=\"OSG Ex-Cell-O\" \/>\n<meta property=\"article:modified_time\" content=\"2021-12-12T15:13:24+00:00\" \/>\n<meta name=\"twitter:card\" content=\"summary_large_image\" \/>\n<meta name=\"twitter:label1\" content=\"Tahmini okuma s\u00fcresi\" \/>\n\t<meta name=\"twitter:data1\" content=\"2 dakika\" \/>\n<script type=\"application\/ld+json\" class=\"yoast-schema-graph\">{\"@context\":\"https:\/\/schema.org\",\"@graph\":[{\"@type\":\"WebPage\",\"@id\":\"https:\/\/osg-excello.com\/tr\/silindirik-haddeleme-kaliplari\/\",\"url\":\"https:\/\/osg-excello.com\/tr\/silindirik-haddeleme-kaliplari\/\",\"name\":\"Silindirik haddeleme Kal\u0131plar\u0131 - OSG Ex-Cell-O\",\"isPartOf\":{\"@id\":\"https:\/\/osg-excello.com\/tr\/#website\"},\"datePublished\":\"2021-11-02T16:06:40+00:00\",\"dateModified\":\"2021-12-12T15:13:24+00:00\",\"breadcrumb\":{\"@id\":\"https:\/\/osg-excello.com\/tr\/silindirik-haddeleme-kaliplari\/#breadcrumb\"},\"inLanguage\":\"tr\",\"potentialAction\":[{\"@type\":\"ReadAction\",\"target\":[\"https:\/\/osg-excello.com\/tr\/silindirik-haddeleme-kaliplari\/\"]}]},{\"@type\":\"BreadcrumbList\",\"@id\":\"https:\/\/osg-excello.com\/tr\/silindirik-haddeleme-kaliplari\/#breadcrumb\",\"itemListElement\":[{\"@type\":\"ListItem\",\"position\":1,\"name\":\"Startseite\",\"item\":\"https:\/\/osg-excello.com\/tr\/\"},{\"@type\":\"ListItem\",\"position\":2,\"name\":\"Silindirik haddeleme Kal\u0131plar\u0131\"}]},{\"@type\":\"WebSite\",\"@id\":\"https:\/\/osg-excello.com\/tr\/#website\",\"url\":\"https:\/\/osg-excello.com\/tr\/\",\"name\":\"OSG Ex-Cell-O\",\"description\":\"\",\"publisher\":{\"@id\":\"https:\/\/osg-excello.com\/tr\/#organization\"},\"potentialAction\":[{\"@type\":\"SearchAction\",\"target\":{\"@type\":\"EntryPoint\",\"urlTemplate\":\"https:\/\/osg-excello.com\/tr\/?s={search_term_string}\"},\"query-input\":{\"@type\":\"PropertyValueSpecification\",\"valueRequired\":true,\"valueName\":\"search_term_string\"}}],\"inLanguage\":\"tr\"},{\"@type\":\"Organization\",\"@id\":\"https:\/\/osg-excello.com\/tr\/#organization\",\"name\":\"OSG Ex-Cell-O GmbH\",\"url\":\"https:\/\/osg-excello.com\/tr\/\",\"logo\":{\"@type\":\"ImageObject\",\"inLanguage\":\"tr\",\"@id\":\"https:\/\/osg-excello.com\/tr\/#\/schema\/logo\/image\/\",\"url\":\"https:\/\/osg-excello.com\/wp-content\/uploads\/2019\/11\/osg_excello_logo_final-2.png\",\"contentUrl\":\"https:\/\/osg-excello.com\/wp-content\/uploads\/2019\/11\/osg_excello_logo_final-2.png\",\"width\":514,\"height\":236,\"caption\":\"OSG Ex-Cell-O GmbH\"},\"image\":{\"@id\":\"https:\/\/osg-excello.com\/tr\/#\/schema\/logo\/image\/\"}}]}<\/script>\n<!-- \/ Yoast SEO plugin. -->","yoast_head_json":{"title":"Silindirik haddeleme Kal\u0131plar\u0131 - OSG Ex-Cell-O","robots":{"index":"index","follow":"follow","max-snippet":"max-snippet:-1","max-image-preview":"max-image-preview:large","max-video-preview":"max-video-preview:-1"},"canonical":"https:\/\/osg-excello.com\/tr\/silindirik-haddeleme-kaliplari\/","og_locale":"tr_TR","og_type":"article","og_title":"Silindirik haddeleme Kal\u0131plar\u0131 - OSG Ex-Cell-O","og_url":"https:\/\/osg-excello.com\/tr\/silindirik-haddeleme-kaliplari\/","og_site_name":"OSG Ex-Cell-O","article_modified_time":"2021-12-12T15:13:24+00:00","twitter_card":"summary_large_image","twitter_misc":{"Tahmini okuma s\u00fcresi":"2 dakika"},"schema":{"@context":"https:\/\/schema.org","@graph":[{"@type":"WebPage","@id":"https:\/\/osg-excello.com\/tr\/silindirik-haddeleme-kaliplari\/","url":"https:\/\/osg-excello.com\/tr\/silindirik-haddeleme-kaliplari\/","name":"Silindirik haddeleme Kal\u0131plar\u0131 - OSG Ex-Cell-O","isPartOf":{"@id":"https:\/\/osg-excello.com\/tr\/#website"},"datePublished":"2021-11-02T16:06:40+00:00","dateModified":"2021-12-12T15:13:24+00:00","breadcrumb":{"@id":"https:\/\/osg-excello.com\/tr\/silindirik-haddeleme-kaliplari\/#breadcrumb"},"inLanguage":"tr","potentialAction":[{"@type":"ReadAction","target":["https:\/\/osg-excello.com\/tr\/silindirik-haddeleme-kaliplari\/"]}]},{"@type":"BreadcrumbList","@id":"https:\/\/osg-excello.com\/tr\/silindirik-haddeleme-kaliplari\/#breadcrumb","itemListElement":[{"@type":"ListItem","position":1,"name":"Startseite","item":"https:\/\/osg-excello.com\/tr\/"},{"@type":"ListItem","position":2,"name":"Silindirik haddeleme Kal\u0131plar\u0131"}]},{"@type":"WebSite","@id":"https:\/\/osg-excello.com\/tr\/#website","url":"https:\/\/osg-excello.com\/tr\/","name":"OSG Ex-Cell-O","description":"","publisher":{"@id":"https:\/\/osg-excello.com\/tr\/#organization"},"potentialAction":[{"@type":"SearchAction","target":{"@type":"EntryPoint","urlTemplate":"https:\/\/osg-excello.com\/tr\/?s={search_term_string}"},"query-input":{"@type":"PropertyValueSpecification","valueRequired":true,"valueName":"search_term_string"}}],"inLanguage":"tr"},{"@type":"Organization","@id":"https:\/\/osg-excello.com\/tr\/#organization","name":"OSG Ex-Cell-O GmbH","url":"https:\/\/osg-excello.com\/tr\/","logo":{"@type":"ImageObject","inLanguage":"tr","@id":"https:\/\/osg-excello.com\/tr\/#\/schema\/logo\/image\/","url":"https:\/\/osg-excello.com\/wp-content\/uploads\/2019\/11\/osg_excello_logo_final-2.png","contentUrl":"https:\/\/osg-excello.com\/wp-content\/uploads\/2019\/11\/osg_excello_logo_final-2.png","width":514,"height":236,"caption":"OSG Ex-Cell-O GmbH"},"image":{"@id":"https:\/\/osg-excello.com\/tr\/#\/schema\/logo\/image\/"}}]}},"_links":{"self":[{"href":"https:\/\/osg-excello.com\/tr\/wp-json\/wp\/v2\/pages\/10140","targetHints":{"allow":["GET"]}}],"collection":[{"href":"https:\/\/osg-excello.com\/tr\/wp-json\/wp\/v2\/pages"}],"about":[{"href":"https:\/\/osg-excello.com\/tr\/wp-json\/wp\/v2\/types\/page"}],"author":[{"embeddable":true,"href":"https:\/\/osg-excello.com\/tr\/wp-json\/wp\/v2\/users\/2"}],"replies":[{"embeddable":true,"href":"https:\/\/osg-excello.com\/tr\/wp-json\/wp\/v2\/comments?post=10140"}],"version-history":[{"count":9,"href":"https:\/\/osg-excello.com\/tr\/wp-json\/wp\/v2\/pages\/10140\/revisions"}],"predecessor-version":[{"id":11189,"href":"https:\/\/osg-excello.com\/tr\/wp-json\/wp\/v2\/pages\/10140\/revisions\/11189"}],"wp:attachment":[{"href":"https:\/\/osg-excello.com\/tr\/wp-json\/wp\/v2\/media?parent=10140"}],"curies":[{"name":"wp","href":"https:\/\/api.w.org\/{rel}","templated":true}]}}