{"id":3514,"date":"2019-11-19T14:13:56","date_gmt":"2019-11-19T13:13:56","guid":{"rendered":"https:\/\/osg-excello.com\/sirket\/unternehmensvorstellung\/"},"modified":"2021-05-19T08:09:28","modified_gmt":"2021-05-19T06:09:28","slug":"unternehmensvorstellung","status":"publish","type":"page","link":"https:\/\/osg-excello.com\/tr\/sirket\/unternehmensvorstellung\/","title":{"rendered":"\u015eirket Tan\u0131t\u0131m\u0131"},"content":{"rendered":"\n<style type=\"text\/css\" data-created_by=\"avia_inline_auto\" id=\"style-css-av-807no-33a4a38e5e0d5dea70cde682a9dc653a\">\n.flex_column.av-807no-33a4a38e5e0d5dea70cde682a9dc653a{\nborder-radius:0px 0px 0px 0px;\npadding:25px 0px 0px 0px;\n}\n<\/style>\n<div  class='flex_column av-807no-33a4a38e5e0d5dea70cde682a9dc653a av_one_full  avia-builder-el-0  el_before_av_hr  avia-builder-el-first  first flex_column_div  '     ><style type=\"text\/css\" data-created_by=\"avia_inline_auto\" id=\"style-css-av-k3ebgi0v-6240049bb13b5e4762ea40ea7944890a\">\n#top .av-special-heading.av-k3ebgi0v-6240049bb13b5e4762ea40ea7944890a{\npadding-bottom:10px;\n}\nbody .av-special-heading.av-k3ebgi0v-6240049bb13b5e4762ea40ea7944890a .av-special-heading-tag .heading-char{\nfont-size:25px;\n}\n.av-special-heading.av-k3ebgi0v-6240049bb13b5e4762ea40ea7944890a .av-subheading{\nfont-size:15px;\n}\n<\/style>\n<div  class='av-special-heading av-k3ebgi0v-6240049bb13b5e4762ea40ea7944890a av-special-heading-h1 blockquote modern-quote modern-centered  avia-builder-el-1  avia-builder-el-no-sibling '><h1 class='av-special-heading-tag '  itemprop=\"headline\"  >\u015eirket Tan\u0131t\u0131m\u0131<\/h1><div class=\"special-heading-border\"><div class=\"special-heading-inner-border\"><\/div><\/div><\/div><\/div>\n\n<style type=\"text\/css\" data-created_by=\"avia_inline_auto\" id=\"style-css-av-k363cjsl-6c3a36cc1ad2d24930cc419f13ab6bc6\">\n#top .hr.av-k363cjsl-6c3a36cc1ad2d24930cc419f13ab6bc6{\nmargin-top:0px;\nmargin-bottom:30px;\n}\n.hr.av-k363cjsl-6c3a36cc1ad2d24930cc419f13ab6bc6 .hr-inner{\nwidth:30%;\nborder-color:#e8e8e8;\nmax-width:45%;\n}\n.hr.av-k363cjsl-6c3a36cc1ad2d24930cc419f13ab6bc6 .av-seperator-icon{\ncolor:#e8e8e8;\n}\n.hr.av-k363cjsl-6c3a36cc1ad2d24930cc419f13ab6bc6 .av-seperator-icon.avia-svg-icon svg:first-child{\nfill:#e8e8e8;\nstroke:#e8e8e8;\n}\n<\/style>\n<div  class='hr av-k363cjsl-6c3a36cc1ad2d24930cc419f13ab6bc6 hr-custom  avia-builder-el-2  el_after_av_one_full  el_before_av_section  avia-builder-el-last  hr-center hr-icon-yes'><span class='hr-inner inner-border-av-border-thin'><span class=\"hr-inner-style\"><\/span><\/span><span class='av-seperator-icon avia-iconfont avia-font-entypo-fontello' data-av_icon='\ue898' data-av_iconfont='entypo-fontello' ><\/span><span class='hr-inner inner-border-av-border-thin'><span class=\"hr-inner-style\"><\/span><\/span><\/div>\n<\/div><\/div><\/div><!-- close content main div --><\/div><\/div>\n<style type=\"text\/css\" data-created_by=\"avia_inline_auto\" id=\"style-css-av-k3647wxa-14f501a09e84162727fa6ec184c7a00c\">\n.avia-section.av-k3647wxa-14f501a09e84162727fa6ec184c7a00c{\nmargin-top:0px;\nmargin-bottom:100px;\n}\n<\/style>\n<div id='av_section_1'  class='avia-section av-k3647wxa-14f501a09e84162727fa6ec184c7a00c main_color avia-section-no-padding avia-no-border-styling  avia-builder-el-3  el_after_av_hr  avia-builder-el-last  avia-bg-style-scroll container_wrap sidebar_right'  ><div class='container av-section-cont-open' ><div class='template-page content  av-content-small alpha units'><div class='post-entry post-entry-type-page post-entry-3514'><div class='entry-content-wrapper clearfix'>\n\n<style type=\"text\/css\" data-created_by=\"avia_inline_auto\" id=\"style-css-av-7nzzw-2c1641dce56e8229eb55335a5a6ec76f\">\n.flex_column.av-7nzzw-2c1641dce56e8229eb55335a5a6ec76f{\nborder-radius:0px 0px 0px 0px;\npadding:0px 0px 0px 0px;\n}\n<\/style>\n<div  class='flex_column av-7nzzw-2c1641dce56e8229eb55335a5a6ec76f av_two_third  avia-builder-el-4  el_before_av_one_third  avia-builder-el-first  first flex_column_div av-animated-generic bottom-to-top av-zero-column-padding  '     ><section  class='av_textblock_section av-k3ebj9xh-e41d0b73d1ff0648d95f3ac70995ff20 '   itemscope=\"itemscope\" itemtype=\"https:\/\/schema.org\/CreativeWork\" ><div class='avia_textblock'  itemprop=\"text\" ><h3>OSG \u015eirketi:<\/h3>\n<p>&#13;<br \/>\nOSG \u015eirketi, d\u00fcnyan\u0131n en b\u00fcy\u00fck d\u00f6ner kesici tak\u0131m \u00fcreticilerindendir. 1938 y\u0131l\u0131nda kurulmu\u015f olup, \u00fcretim end\u00fcstrisinde tam \u00e7\u00f6z\u00fcmc\u00fc kesici tak\u0131m  tedarik\u00e7isi olarak uzun s\u00fcredir itibar\u0131n\u0131 korumaktad\u0131r.&#13;<br \/>\nJaponya Kesici Tak\u0131mlar Sekt\u00f6r\u00fcnde \u00fcst s\u0131ralarda 1 Numaray\u0131 korumas\u0131n\u0131n sebebi 33 \u00fclkeyi kapsayan \u00fcretimi,sat\u0131\u015f\u0131 ve teknik a\u011f\u0131d\u0131r.&#13;<br \/>\nOSG, firmam\u0131z\u0131n ismi ve markam\u0131z:&#13;<br \/>\n\u201cO\u201d  kurucumuz OSAWA&#8217; y\u0131 temsil ediyor&#13;<br \/>\n\u201cS\u201d  SCREW (di\u015f) temsil ediyor&#13;<br \/>\n\u201cG\u201d GRINDING (bileme) temsil ediyor&#13;<br \/>\n&#13;<br \/>\nOSG, k\u0131lavuzlar, parmak frezeler, matkaplar ve takma u\u00e7lu kesici tak\u0131mlar\u0131n lider \u00fcreticisidir. OSG\u2019nin kapsaml\u0131 y\u00fcksek teknolojik kesme tak\u0131mlar\u0131, \u00fcretkenli\u011fi, g\u00fcvenilirli\u011fi ve tak\u0131m \u00f6mr\u00fcn\u00fc art\u0131rmaya yard\u0131mc\u0131 olmak i\u00e7in \u00f6zel metal bilimi, kesme geometrileri ve patentli y\u00fczey i\u015flemleri i\u00e7erir.&#13;<br \/>\nOSG ayn\u0131 zamanda ba\u011flant\u0131 elemanlar\u0131 end\u00fcstrisine so\u011fuk haddeleme tak\u0131mlar\u0131yla hizmet sunar. \u015eirket, her t\u00fcrden di\u015f \u00e7ekme kal\u0131plar\u0131, d\u00fcz haddeleme kal\u0131plar\u0131, silindirik kal\u0131plar, planet kal\u0131plar, yiv a\u00e7ma hadde kal\u0131plar\u0131 (ovalama \u00e7ubuklar\u0131) ve trim kal\u0131plar\u0131 sunmaktad\u0131r.<\/p>\n<\/div><\/section><br \/>\n\n<style type=\"text\/css\" data-created_by=\"avia_inline_auto\" id=\"style-css-av-k363cjsl-1954af1815cd89afcfc4a831f7fe2ab9\">\n#top .hr.av-k363cjsl-1954af1815cd89afcfc4a831f7fe2ab9{\nmargin-top:30px;\nmargin-bottom:30px;\n}\n.hr.av-k363cjsl-1954af1815cd89afcfc4a831f7fe2ab9 .hr-inner{\nwidth:30%;\nborder-color:#e8e8e8;\nmax-width:45%;\n}\n.hr.av-k363cjsl-1954af1815cd89afcfc4a831f7fe2ab9 .av-seperator-icon{\ncolor:#e8e8e8;\n}\n.hr.av-k363cjsl-1954af1815cd89afcfc4a831f7fe2ab9 .av-seperator-icon.avia-svg-icon svg:first-child{\nfill:#e8e8e8;\nstroke:#e8e8e8;\n}\n<\/style>\n<div  class='hr av-k363cjsl-1954af1815cd89afcfc4a831f7fe2ab9 hr-custom  avia-builder-el-6  el_after_av_textblock  el_before_av_textblock  hr-center hr-icon-yes'><span class='hr-inner inner-border-av-border-thin'><span class=\"hr-inner-style\"><\/span><\/span><span class='av-seperator-icon avia-iconfont avia-font-entypo-fontello' data-av_icon='\ue898' data-av_iconfont='entypo-fontello' ><\/span><span class='hr-inner inner-border-av-border-thin'><span class=\"hr-inner-style\"><\/span><\/span><\/div><br \/>\n<section  class='av_textblock_section av-k3ebj9xh-e41d0b73d1ff0648d95f3ac70995ff20 '   itemscope=\"itemscope\" itemtype=\"https:\/\/schema.org\/CreativeWork\" ><div class='avia_textblock'  itemprop=\"text\" ><h3>OSG EX-CELL-O GmbH:<\/h3>\n<p>&#13;<br \/>\n\u0130\u015f oryantasyonumuzun \u00f6z\u00fc, silindirik bile\u015fenler \u00fczerinde yivlerim, di\u015flerin, ya\u011f kanallar\u0131n\u0131n, t\u0131rt\u0131l di\u015flerin veya di\u011fer benzer formlar\u0131n yo\u011fun bi\u00e7imlendirilmesini i\u00e7erir.&#13;<br \/>\n&#13;<br \/>\nKendimizi m\u00fc\u015fterilerimiz i\u00e7in teknoloji orta\u011f\u0131 olarak tan\u0131ml\u0131yoruz ve bilin\u00e7li olarak olarak en yenilik\u00e7i \u00fcretim \u00e7\u00f6z\u00fcmlerine d\u00f6n\u00fc\u015f\u00fcyoruz. Ekibimiz, so\u011fuk haddeleme teknolojisinde ortalama 15 y\u0131ll\u0131k deneyime sahip iyi e\u011fitimli teknoloji uzmanlar\u0131ndan olu\u015fmaktad\u0131r.&#13;<br \/>\n&#13;<br \/>\n\u00dcr\u00fcn portf\u00f6y\u00fcm\u00fcz son teknoloji CNC yiv a\u00e7ma hadde makinelerini, tak\u0131m yenilemeleri, mevcut makinelerde y\u00fckseltmeleri de i\u00e7erir. Ayr\u0131yetten, y\u00fcksek hassasiyetli haddeleme tak\u0131mlar\u0131, prototipler ve k\u00fc\u00e7\u00fck seri \u00fcretimlerin yan\u0131 s\u0131ra m\u00fc\u015fteri hizmetleri, teknoloji odakl\u0131 i\u015flerimizin bir par\u00e7as\u0131d\u0131r.&#13;<br \/>\n&#13;<br \/>\nOSG Grup b\u00fcnyesinde Japonya, Kore, \u00c7in, Tayvan, Hindistan, Tayland, ABD, Meksika ve Almanya&#8217;daki \u00fcretim tesisleriyle, form verme teknolojisinin bir par\u00e7as\u0131y\u0131z.<\/p>\n<\/div><\/section><\/p><\/div>\n<style type=\"text\/css\" data-created_by=\"avia_inline_auto\" id=\"style-css-av-7nzzw-47ef4b95d16ddc52afc9d03e4ee84fbc\">\n.flex_column.av-7nzzw-47ef4b95d16ddc52afc9d03e4ee84fbc{\nborder-radius:0px 0px 0px 0px;\npadding:0px 0px 0px 0px;\n}\n<\/style>\n<div  class='flex_column av-7nzzw-47ef4b95d16ddc52afc9d03e4ee84fbc av_one_third  avia-builder-el-8  el_after_av_two_third  avia-builder-el-last  flex_column_div av-animated-generic bottom-to-top av-zero-column-padding  '     ><style type=\"text\/css\" data-created_by=\"avia_inline_auto\" id=\"style-css-av-k3ebmw4j-74b4472a53fba6e9a692b90fe86289cd\">\n.avia-image-container.av-k3ebmw4j-74b4472a53fba6e9a692b90fe86289cd img.avia_image{\nbox-shadow:none;\n}\n.avia-image-container.av-k3ebmw4j-74b4472a53fba6e9a692b90fe86289cd .av-image-caption-overlay-center{\ncolor:#ffffff;\n}\n<\/style>\n<div  class='avia-image-container av-k3ebmw4j-74b4472a53fba6e9a692b90fe86289cd av-styling- av-hover-grow av-hide-overflow av-img-linked avia-align-center  avia-builder-el-9  avia-builder-el-no-sibling '   itemprop=\"image\" itemscope=\"itemscope\" itemtype=\"https:\/\/schema.org\/ImageObject\" ><div class=\"avia-image-container-inner\"><div class=\"avia-image-overlay-wrap\"><a href=\"https:\/\/osg-excello.com\/wp-content\/uploads\/2019\/11\/unternehmensvorstellung_150413_XK_Welle_DSC_5920-1.jpg\" data-srcset=\"https:\/\/osg-excello.com\/wp-content\/uploads\/2019\/11\/unternehmensvorstellung_150413_XK_Welle_DSC_5920-1.jpg 1280w, https:\/\/osg-excello.com\/wp-content\/uploads\/2019\/11\/unternehmensvorstellung_150413_XK_Welle_DSC_5920-1-768x512.jpg 768w, https:\/\/osg-excello.com\/wp-content\/uploads\/2019\/11\/unternehmensvorstellung_150413_XK_Welle_DSC_5920-1-705x470.jpg 705w\" data-sizes=\"(max-width: 1280px) 100vw, 1280px\" class='avia_image '  aria-label='unternehmensvorstellung_150413_XK_Welle_DSC_5920-1'><img decoding=\"async\" fetchpriority=\"high\" class='wp-image-3515 avia-img-lazy-loading-not-3515 avia_image ' src=\"https:\/\/osg-excello.com\/wp-content\/uploads\/2019\/11\/unternehmensvorstellung_150413_XK_Welle_DSC_5920-1.jpg\" alt='' title='unternehmensvorstellung_150413_XK_Welle_DSC_5920-1'  height=\"853\" width=\"1280\"  itemprop=\"thumbnailUrl\" srcset=\"https:\/\/osg-excello.com\/wp-content\/uploads\/2019\/11\/unternehmensvorstellung_150413_XK_Welle_DSC_5920-1.jpg 1280w, https:\/\/osg-excello.com\/wp-content\/uploads\/2019\/11\/unternehmensvorstellung_150413_XK_Welle_DSC_5920-1-768x512.jpg 768w, https:\/\/osg-excello.com\/wp-content\/uploads\/2019\/11\/unternehmensvorstellung_150413_XK_Welle_DSC_5920-1-705x470.jpg 705w\" sizes=\"(max-width: 1280px) 100vw, 1280px\" \/><\/a><\/div><\/div><\/div><\/div><\/div><\/div><\/div><!-- close content main div --><\/div><\/div><div id='after_section_1'  class='main_color av_default_container_wrap container_wrap sidebar_right'  ><div class='container av-section-cont-open' ><div class='template-page content  av-content-small alpha units'><div class='post-entry post-entry-type-page post-entry-3514'><div class='entry-content-wrapper clearfix'>\n","protected":false},"excerpt":{"rendered":"","protected":false},"author":1,"featured_media":0,"parent":2292,"menu_order":10,"comment_status":"closed","ping_status":"closed","template":"","meta":{"footnotes":""},"class_list":["post-3514","page","type-page","status-publish","hentry"],"yoast_head":"<!-- This site is optimized with the Yoast SEO plugin v27.2 - https:\/\/yoast.com\/product\/yoast-seo-wordpress\/ -->\n<title>\u015eirket Tan\u0131t\u0131m\u0131 - OSG Ex-Cell-O<\/title>\n<meta name=\"robots\" content=\"index, follow, max-snippet:-1, max-image-preview:large, max-video-preview:-1\" \/>\n<link rel=\"canonical\" href=\"https:\/\/osg-excello.com\/tr\/sirket\/unternehmensvorstellung\/\" \/>\n<meta property=\"og:locale\" content=\"tr_TR\" \/>\n<meta property=\"og:type\" content=\"article\" \/>\n<meta property=\"og:title\" content=\"\u015eirket Tan\u0131t\u0131m\u0131 - OSG Ex-Cell-O\" \/>\n<meta property=\"og:url\" content=\"https:\/\/osg-excello.com\/tr\/sirket\/unternehmensvorstellung\/\" \/>\n<meta property=\"og:site_name\" content=\"OSG Ex-Cell-O\" \/>\n<meta property=\"article:modified_time\" content=\"2021-05-19T06:09:28+00:00\" \/>\n<meta name=\"twitter:card\" content=\"summary_large_image\" \/>\n<meta name=\"twitter:label1\" content=\"Tahmini okuma s\u00fcresi\" \/>\n\t<meta name=\"twitter:data1\" content=\"6 dakika\" \/>\n<script type=\"application\/ld+json\" class=\"yoast-schema-graph\">{\"@context\":\"https:\/\/schema.org\",\"@graph\":[{\"@type\":\"WebPage\",\"@id\":\"https:\/\/osg-excello.com\/tr\/sirket\/unternehmensvorstellung\/\",\"url\":\"https:\/\/osg-excello.com\/tr\/sirket\/unternehmensvorstellung\/\",\"name\":\"\u015eirket Tan\u0131t\u0131m\u0131 - OSG Ex-Cell-O\",\"isPartOf\":{\"@id\":\"https:\/\/osg-excello.com\/tr\/#website\"},\"datePublished\":\"2019-11-19T13:13:56+00:00\",\"dateModified\":\"2021-05-19T06:09:28+00:00\",\"breadcrumb\":{\"@id\":\"https:\/\/osg-excello.com\/tr\/sirket\/unternehmensvorstellung\/#breadcrumb\"},\"inLanguage\":\"tr\",\"potentialAction\":[{\"@type\":\"ReadAction\",\"target\":[\"https:\/\/osg-excello.com\/tr\/sirket\/unternehmensvorstellung\/\"]}]},{\"@type\":\"BreadcrumbList\",\"@id\":\"https:\/\/osg-excello.com\/tr\/sirket\/unternehmensvorstellung\/#breadcrumb\",\"itemListElement\":[{\"@type\":\"ListItem\",\"position\":1,\"name\":\"Startseite\",\"item\":\"https:\/\/osg-excello.com\/tr\/\"},{\"@type\":\"ListItem\",\"position\":2,\"name\":\"\u015eirket\",\"item\":\"https:\/\/osg-excello.com\/tr\/\"},{\"@type\":\"ListItem\",\"position\":3,\"name\":\"\u015eirket Tan\u0131t\u0131m\u0131\"}]},{\"@type\":\"WebSite\",\"@id\":\"https:\/\/osg-excello.com\/tr\/#website\",\"url\":\"https:\/\/osg-excello.com\/tr\/\",\"name\":\"OSG Ex-Cell-O\",\"description\":\"\",\"publisher\":{\"@id\":\"https:\/\/osg-excello.com\/tr\/#organization\"},\"potentialAction\":[{\"@type\":\"SearchAction\",\"target\":{\"@type\":\"EntryPoint\",\"urlTemplate\":\"https:\/\/osg-excello.com\/tr\/?s={search_term_string}\"},\"query-input\":{\"@type\":\"PropertyValueSpecification\",\"valueRequired\":true,\"valueName\":\"search_term_string\"}}],\"inLanguage\":\"tr\"},{\"@type\":\"Organization\",\"@id\":\"https:\/\/osg-excello.com\/tr\/#organization\",\"name\":\"OSG Ex-Cell-O GmbH\",\"url\":\"https:\/\/osg-excello.com\/tr\/\",\"logo\":{\"@type\":\"ImageObject\",\"inLanguage\":\"tr\",\"@id\":\"https:\/\/osg-excello.com\/tr\/#\/schema\/logo\/image\/\",\"url\":\"https:\/\/osg-excello.com\/wp-content\/uploads\/2019\/11\/osg_excello_logo_final-2.png\",\"contentUrl\":\"https:\/\/osg-excello.com\/wp-content\/uploads\/2019\/11\/osg_excello_logo_final-2.png\",\"width\":514,\"height\":236,\"caption\":\"OSG Ex-Cell-O GmbH\"},\"image\":{\"@id\":\"https:\/\/osg-excello.com\/tr\/#\/schema\/logo\/image\/\"}}]}<\/script>\n<!-- \/ Yoast SEO plugin. -->","yoast_head_json":{"title":"\u015eirket Tan\u0131t\u0131m\u0131 - OSG Ex-Cell-O","robots":{"index":"index","follow":"follow","max-snippet":"max-snippet:-1","max-image-preview":"max-image-preview:large","max-video-preview":"max-video-preview:-1"},"canonical":"https:\/\/osg-excello.com\/tr\/sirket\/unternehmensvorstellung\/","og_locale":"tr_TR","og_type":"article","og_title":"\u015eirket Tan\u0131t\u0131m\u0131 - OSG Ex-Cell-O","og_url":"https:\/\/osg-excello.com\/tr\/sirket\/unternehmensvorstellung\/","og_site_name":"OSG Ex-Cell-O","article_modified_time":"2021-05-19T06:09:28+00:00","twitter_card":"summary_large_image","twitter_misc":{"Tahmini okuma s\u00fcresi":"6 dakika"},"schema":{"@context":"https:\/\/schema.org","@graph":[{"@type":"WebPage","@id":"https:\/\/osg-excello.com\/tr\/sirket\/unternehmensvorstellung\/","url":"https:\/\/osg-excello.com\/tr\/sirket\/unternehmensvorstellung\/","name":"\u015eirket Tan\u0131t\u0131m\u0131 - OSG Ex-Cell-O","isPartOf":{"@id":"https:\/\/osg-excello.com\/tr\/#website"},"datePublished":"2019-11-19T13:13:56+00:00","dateModified":"2021-05-19T06:09:28+00:00","breadcrumb":{"@id":"https:\/\/osg-excello.com\/tr\/sirket\/unternehmensvorstellung\/#breadcrumb"},"inLanguage":"tr","potentialAction":[{"@type":"ReadAction","target":["https:\/\/osg-excello.com\/tr\/sirket\/unternehmensvorstellung\/"]}]},{"@type":"BreadcrumbList","@id":"https:\/\/osg-excello.com\/tr\/sirket\/unternehmensvorstellung\/#breadcrumb","itemListElement":[{"@type":"ListItem","position":1,"name":"Startseite","item":"https:\/\/osg-excello.com\/tr\/"},{"@type":"ListItem","position":2,"name":"\u015eirket","item":"https:\/\/osg-excello.com\/tr\/"},{"@type":"ListItem","position":3,"name":"\u015eirket Tan\u0131t\u0131m\u0131"}]},{"@type":"WebSite","@id":"https:\/\/osg-excello.com\/tr\/#website","url":"https:\/\/osg-excello.com\/tr\/","name":"OSG Ex-Cell-O","description":"","publisher":{"@id":"https:\/\/osg-excello.com\/tr\/#organization"},"potentialAction":[{"@type":"SearchAction","target":{"@type":"EntryPoint","urlTemplate":"https:\/\/osg-excello.com\/tr\/?s={search_term_string}"},"query-input":{"@type":"PropertyValueSpecification","valueRequired":true,"valueName":"search_term_string"}}],"inLanguage":"tr"},{"@type":"Organization","@id":"https:\/\/osg-excello.com\/tr\/#organization","name":"OSG Ex-Cell-O GmbH","url":"https:\/\/osg-excello.com\/tr\/","logo":{"@type":"ImageObject","inLanguage":"tr","@id":"https:\/\/osg-excello.com\/tr\/#\/schema\/logo\/image\/","url":"https:\/\/osg-excello.com\/wp-content\/uploads\/2019\/11\/osg_excello_logo_final-2.png","contentUrl":"https:\/\/osg-excello.com\/wp-content\/uploads\/2019\/11\/osg_excello_logo_final-2.png","width":514,"height":236,"caption":"OSG Ex-Cell-O GmbH"},"image":{"@id":"https:\/\/osg-excello.com\/tr\/#\/schema\/logo\/image\/"}}]}},"_links":{"self":[{"href":"https:\/\/osg-excello.com\/tr\/wp-json\/wp\/v2\/pages\/3514","targetHints":{"allow":["GET"]}}],"collection":[{"href":"https:\/\/osg-excello.com\/tr\/wp-json\/wp\/v2\/pages"}],"about":[{"href":"https:\/\/osg-excello.com\/tr\/wp-json\/wp\/v2\/types\/page"}],"author":[{"embeddable":true,"href":"https:\/\/osg-excello.com\/tr\/wp-json\/wp\/v2\/users\/1"}],"replies":[{"embeddable":true,"href":"https:\/\/osg-excello.com\/tr\/wp-json\/wp\/v2\/comments?post=3514"}],"version-history":[{"count":5,"href":"https:\/\/osg-excello.com\/tr\/wp-json\/wp\/v2\/pages\/3514\/revisions"}],"predecessor-version":[{"id":3560,"href":"https:\/\/osg-excello.com\/tr\/wp-json\/wp\/v2\/pages\/3514\/revisions\/3560"}],"up":[{"embeddable":true,"href":"https:\/\/osg-excello.com\/tr\/wp-json\/wp\/v2\/pages\/2292"}],"wp:attachment":[{"href":"https:\/\/osg-excello.com\/tr\/wp-json\/wp\/v2\/media?parent=3514"}],"curies":[{"name":"wp","href":"https:\/\/api.w.org\/{rel}","templated":true}]}}