{"id":5397,"date":"2019-11-19T16:21:55","date_gmt":"2019-11-19T15:21:55","guid":{"rendered":"https:\/\/osg-excello.com\/makine\/xk-8-serie\/"},"modified":"2021-05-25T13:39:09","modified_gmt":"2021-05-25T11:39:09","slug":"xk-8-serie","status":"publish","type":"page","link":"https:\/\/osg-excello.com\/tr\/makine\/xk-8-serie\/","title":{"rendered":"XK8 Serisi"},"content":{"rendered":"\n<style type=\"text\/css\" data-created_by=\"avia_inline_auto\" id=\"style-css-av-807no-33a4a38e5e0d5dea70cde682a9dc653a\">\n.flex_column.av-807no-33a4a38e5e0d5dea70cde682a9dc653a{\nborder-radius:0px 0px 0px 0px;\npadding:25px 0px 0px 0px;\n}\n<\/style>\n<div  class='flex_column av-807no-33a4a38e5e0d5dea70cde682a9dc653a av_one_full  avia-builder-el-0  el_before_av_hr  avia-builder-el-first  first flex_column_div  '     ><style type=\"text\/css\" data-created_by=\"avia_inline_auto\" id=\"style-css-av-k3ekheso-691df7184c18f8beac877ab400d55154\">\n#top .av-special-heading.av-k3ekheso-691df7184c18f8beac877ab400d55154{\npadding-bottom:10px;\n}\nbody .av-special-heading.av-k3ekheso-691df7184c18f8beac877ab400d55154 .av-special-heading-tag .heading-char{\nfont-size:25px;\n}\n.av-special-heading.av-k3ekheso-691df7184c18f8beac877ab400d55154 .av-subheading{\nfont-size:15px;\n}\n<\/style>\n<div  class='av-special-heading av-k3ekheso-691df7184c18f8beac877ab400d55154 av-special-heading-h1 blockquote modern-quote modern-centered  avia-builder-el-1  avia-builder-el-no-sibling '><h1 class='av-special-heading-tag '  itemprop=\"headline\"  >XK8 Serisi<\/h1><div class=\"special-heading-border\"><div class=\"special-heading-inner-border\"><\/div><\/div><\/div><\/div>\n\n<style type=\"text\/css\" data-created_by=\"avia_inline_auto\" id=\"style-css-av-k363cjsl-6c3a36cc1ad2d24930cc419f13ab6bc6\">\n#top .hr.av-k363cjsl-6c3a36cc1ad2d24930cc419f13ab6bc6{\nmargin-top:0px;\nmargin-bottom:30px;\n}\n.hr.av-k363cjsl-6c3a36cc1ad2d24930cc419f13ab6bc6 .hr-inner{\nwidth:30%;\nborder-color:#e8e8e8;\nmax-width:45%;\n}\n.hr.av-k363cjsl-6c3a36cc1ad2d24930cc419f13ab6bc6 .av-seperator-icon{\ncolor:#e8e8e8;\n}\n.hr.av-k363cjsl-6c3a36cc1ad2d24930cc419f13ab6bc6 .av-seperator-icon.avia-svg-icon svg:first-child{\nfill:#e8e8e8;\nstroke:#e8e8e8;\n}\n<\/style>\n<div  class='hr av-k363cjsl-6c3a36cc1ad2d24930cc419f13ab6bc6 hr-custom  avia-builder-el-2  el_after_av_one_full  el_before_av_section  avia-builder-el-last  hr-center hr-icon-yes'><span class='hr-inner inner-border-av-border-thin'><span class=\"hr-inner-style\"><\/span><\/span><span class='av-seperator-icon avia-iconfont avia-font-entypo-fontello' data-av_icon='\ue898' data-av_iconfont='entypo-fontello' ><\/span><span class='hr-inner inner-border-av-border-thin'><span class=\"hr-inner-style\"><\/span><\/span><\/div>\n<\/div><\/div><\/div><!-- close content main div --><\/div><\/div>\n<style type=\"text\/css\" data-created_by=\"avia_inline_auto\" id=\"style-css-av-k3647wxa-14f501a09e84162727fa6ec184c7a00c\">\n.avia-section.av-k3647wxa-14f501a09e84162727fa6ec184c7a00c{\nmargin-top:0px;\nmargin-bottom:100px;\n}\n<\/style>\n<div id='av_section_1'  class='avia-section av-k3647wxa-14f501a09e84162727fa6ec184c7a00c main_color avia-section-no-padding avia-no-border-styling  avia-builder-el-3  el_after_av_hr  avia-builder-el-last  avia-bg-style-scroll container_wrap sidebar_right'  ><div class='container av-section-cont-open' ><div class='template-page content  av-content-small alpha units'><div class='post-entry post-entry-type-page post-entry-5397'><div class='entry-content-wrapper clearfix'>\n\n<style type=\"text\/css\" data-created_by=\"avia_inline_auto\" id=\"style-css-av-7nzzw-2c1641dce56e8229eb55335a5a6ec76f\">\n.flex_column.av-7nzzw-2c1641dce56e8229eb55335a5a6ec76f{\nborder-radius:0px 0px 0px 0px;\npadding:0px 0px 0px 0px;\n}\n<\/style>\n<div  class='flex_column av-7nzzw-2c1641dce56e8229eb55335a5a6ec76f av_two_third  avia-builder-el-4  el_before_av_one_third  avia-builder-el-first  first flex_column_div av-animated-generic bottom-to-top av-zero-column-padding  '     ><p>\n<style type=\"text\/css\" data-created_by=\"avia_inline_auto\" id=\"style-css-av-k3conupj-dc709a1082b52100210e67b658a25fa5\">\n.avia-image-container.av-k3conupj-dc709a1082b52100210e67b658a25fa5 img.avia_image{\nbox-shadow:none;\n}\n.avia-image-container.av-k3conupj-dc709a1082b52100210e67b658a25fa5 .av-image-caption-overlay-center{\ncolor:#ffffff;\n}\n<\/style>\n<div  class='avia-image-container av-k3conupj-dc709a1082b52100210e67b658a25fa5 av-styling- av-hover-grow av-hide-overflow av-img-linked avia-align-center  avia-builder-el-5  el_before_av_hr  avia-builder-el-first '   itemprop=\"image\" itemscope=\"itemscope\" itemtype=\"https:\/\/schema.org\/ImageObject\" ><div class=\"avia-image-container-inner\"><div class=\"avia-image-overlay-wrap\"><a href=\"https:\/\/osg-excello.com\/wp-content\/uploads\/2019\/11\/maschinen_XK851.jpg\" data-srcset=\"https:\/\/osg-excello.com\/wp-content\/uploads\/2019\/11\/maschinen_XK851.jpg 1280w, https:\/\/osg-excello.com\/wp-content\/uploads\/2019\/11\/maschinen_XK851-768x513.jpg 768w, https:\/\/osg-excello.com\/wp-content\/uploads\/2019\/11\/maschinen_XK851-705x471.jpg 705w\" data-sizes=\"(max-width: 1280px) 100vw, 1280px\" class='avia_image '  aria-label='maschinen_XK851'><img decoding=\"async\" fetchpriority=\"high\" class='wp-image-5409 avia-img-lazy-loading-not-5409 avia_image ' src=\"https:\/\/osg-excello.com\/wp-content\/uploads\/2019\/11\/maschinen_XK851.jpg\" alt='' title='maschinen_XK851'  height=\"855\" width=\"1280\"  itemprop=\"thumbnailUrl\" srcset=\"https:\/\/osg-excello.com\/wp-content\/uploads\/2019\/11\/maschinen_XK851.jpg 1280w, https:\/\/osg-excello.com\/wp-content\/uploads\/2019\/11\/maschinen_XK851-768x513.jpg 768w, https:\/\/osg-excello.com\/wp-content\/uploads\/2019\/11\/maschinen_XK851-705x471.jpg 705w\" sizes=\"(max-width: 1280px) 100vw, 1280px\" \/><\/a><\/div><\/div><\/div><br \/>\n\n<style type=\"text\/css\" data-created_by=\"avia_inline_auto\" id=\"style-css-av-k3b9kc22-fb179e88a596ca9b3f22021301765415\">\n#top .hr.hr-invisible.av-k3b9kc22-fb179e88a596ca9b3f22021301765415{\nheight:30px;\n}\n<\/style>\n<div  class='hr av-k3b9kc22-fb179e88a596ca9b3f22021301765415 hr-invisible  avia-builder-el-6  el_after_av_image  el_before_av_image '><span class='hr-inner '><span class=\"hr-inner-style\"><\/span><\/span><\/div><br \/>\n\n<style type=\"text\/css\" data-created_by=\"avia_inline_auto\" id=\"style-css-av-k3conupj-67743cf9f2eb263b18d25af3182bfd84\">\n.avia-image-container.av-k3conupj-67743cf9f2eb263b18d25af3182bfd84 img.avia_image{\nbox-shadow:none;\n}\n.avia-image-container.av-k3conupj-67743cf9f2eb263b18d25af3182bfd84 .av-image-caption-overlay-center{\ncolor:#ffffff;\n}\n<\/style>\n<div  class='avia-image-container av-k3conupj-67743cf9f2eb263b18d25af3182bfd84 av-styling- av-hover-grow av-hide-overflow av-img-linked avia-align-left  avia-builder-el-7  el_after_av_hr  avia-builder-el-last  rowImage50'   itemprop=\"image\" itemscope=\"itemscope\" itemtype=\"https:\/\/schema.org\/ImageObject\" ><div class=\"avia-image-container-inner\"><div class=\"avia-image-overlay-wrap\"><a href=\"https:\/\/osg-excello.com\/wp-content\/uploads\/2019\/11\/maschinen_xk8_120412_XK_DSC_6946.jpg\" data-srcset=\"https:\/\/osg-excello.com\/wp-content\/uploads\/2019\/11\/maschinen_xk8_120412_XK_DSC_6946.jpg 1280w, https:\/\/osg-excello.com\/wp-content\/uploads\/2019\/11\/maschinen_xk8_120412_XK_DSC_6946-768x576.jpg 768w, https:\/\/osg-excello.com\/wp-content\/uploads\/2019\/11\/maschinen_xk8_120412_XK_DSC_6946-705x529.jpg 705w\" data-sizes=\"(max-width: 1280px) 100vw, 1280px\" class='avia_image '  aria-label='maschinen_xk8_120412_XK_DSC_6946'><img decoding=\"async\" fetchpriority=\"high\" class='wp-image-5408 avia-img-lazy-loading-not-5408 avia_image ' src=\"https:\/\/osg-excello.com\/wp-content\/uploads\/2019\/11\/maschinen_xk8_120412_XK_DSC_6946.jpg\" alt='' title='maschinen_xk8_120412_XK_DSC_6946'  height=\"960\" width=\"1280\"  itemprop=\"thumbnailUrl\" srcset=\"https:\/\/osg-excello.com\/wp-content\/uploads\/2019\/11\/maschinen_xk8_120412_XK_DSC_6946.jpg 1280w, https:\/\/osg-excello.com\/wp-content\/uploads\/2019\/11\/maschinen_xk8_120412_XK_DSC_6946-768x576.jpg 768w, https:\/\/osg-excello.com\/wp-content\/uploads\/2019\/11\/maschinen_xk8_120412_XK_DSC_6946-705x529.jpg 705w\" sizes=\"(max-width: 1280px) 100vw, 1280px\" \/><\/a><\/div><\/div><\/div><\/p><\/div>\n<style type=\"text\/css\" data-created_by=\"avia_inline_auto\" id=\"style-css-av-7nzzw-47ef4b95d16ddc52afc9d03e4ee84fbc\">\n.flex_column.av-7nzzw-47ef4b95d16ddc52afc9d03e4ee84fbc{\nborder-radius:0px 0px 0px 0px;\npadding:0px 0px 0px 0px;\n}\n<\/style>\n<div  class='flex_column av-7nzzw-47ef4b95d16ddc52afc9d03e4ee84fbc av_one_third  avia-builder-el-8  el_after_av_two_third  avia-builder-el-last  flex_column_div av-animated-generic bottom-to-top av-zero-column-padding  '     ><p>\n<style type=\"text\/css\" data-created_by=\"avia_inline_auto\" id=\"style-css-av-20d60-8fbbc842ac81d5f2fa2a1f9100463826\">\n#top .av-special-heading.av-20d60-8fbbc842ac81d5f2fa2a1f9100463826{\npadding-bottom:10px;\n}\nbody .av-special-heading.av-20d60-8fbbc842ac81d5f2fa2a1f9100463826 .av-special-heading-tag .heading-char{\nfont-size:25px;\n}\n.av-special-heading.av-20d60-8fbbc842ac81d5f2fa2a1f9100463826 .av-subheading{\nfont-size:15px;\n}\n<\/style>\n<div  class='av-special-heading av-20d60-8fbbc842ac81d5f2fa2a1f9100463826 av-special-heading-h3  avia-builder-el-9  el_before_av_textblock  avia-builder-el-first '><h3 class='av-special-heading-tag '  itemprop=\"headline\"  >XK 837, XK 851, XK 875<\/h3><div class=\"special-heading-border\"><div class=\"special-heading-inner-border\"><\/div><\/div><\/div><br \/>\n<section  class='av_textblock_section av-k3a8vy1i-c3eaba6a5673f57b0224f2a8c69b5209 '   itemscope=\"itemscope\" itemtype=\"https:\/\/schema.org\/CreativeWork\" ><div class='avia_textblock'  itemprop=\"text\" ><p>15 y\u0131ldan daha uzun bir s\u00fcre \u00f6nce, XK 8 modelleri i\u00e7in konsept geli\u015ftirildi\u011finden beri, \u00fcr\u00fcnlere kapsaml\u0131 enerji tasarrufu \u00f6zellikleri uyguluyoruz. Hidrolik eksen s\u00fcr\u00fcc\u00fclerinin elektromekanik bile\u015fenlerle de\u011fi\u015ftirilmesiyle enerji t\u00fcketiminde b\u00fcy\u00fck bir azalma elde edildi, bu da kaplad\u0131\u011f\u0131 alan\u0131 ve g\u00fcr\u00fclt\u00fc seviyesini \u00f6nemli \u00f6l\u00e7\u00fcde azaltt\u0131. Ergonomik olarak optimize edilmi\u015f makine korumas\u0131, makine tasar\u0131m\u0131 kompaktt\u0131r ve maksimum 80 mm profil \u00e7ap\u0131 ve 1500 mm i\u015f par\u00e7as\u0131 uzunlu\u011funa izin verir.<\/p>\n<\/div><\/section><br \/>\n\n<style type=\"text\/css\" data-created_by=\"avia_inline_auto\" id=\"style-css-av-1nz0w-3624564ae6c26d8c39401c31f2593e1c\">\n#top .av-special-heading.av-1nz0w-3624564ae6c26d8c39401c31f2593e1c{\npadding-bottom:10px;\n}\nbody .av-special-heading.av-1nz0w-3624564ae6c26d8c39401c31f2593e1c .av-special-heading-tag .heading-char{\nfont-size:25px;\n}\n.av-special-heading.av-1nz0w-3624564ae6c26d8c39401c31f2593e1c .av-subheading{\nfont-size:15px;\n}\n<\/style>\n<div  class='av-special-heading av-1nz0w-3624564ae6c26d8c39401c31f2593e1c av-special-heading-h3  avia-builder-el-11  el_after_av_textblock  el_before_av_textblock '><h3 class='av-special-heading-tag '  itemprop=\"headline\"  >XK 8xx &#8211; Uygulama aral\u0131\u011f\u0131<\/h3><div class=\"special-heading-border\"><div class=\"special-heading-inner-border\"><\/div><\/div><\/div><br \/>\n<section  class='av_textblock_section av-k3a8vy1i-c3eaba6a5673f57b0224f2a8c69b5209 '   itemscope=\"itemscope\" itemtype=\"https:\/\/schema.org\/CreativeWork\" ><div class='avia_textblock'  itemprop=\"text\" ><ul>\n<li>Binek ara\u00e7 aks milleri<\/li>\n<li>Binek ara\u00e7 tahrik milleri\n<\/li>\n<li>K\u00fc\u00e7\u00fck partilerin verimli \u00fcretimi<\/li>\n<\/ul>\n<\/div><\/section><br \/>\n\n<style type=\"text\/css\" data-created_by=\"avia_inline_auto\" id=\"style-css-av-v8rk-b7fb7e8d3182b9a9c76e9ecf77bf4325\">\n#top .av-special-heading.av-v8rk-b7fb7e8d3182b9a9c76e9ecf77bf4325{\npadding-bottom:10px;\n}\nbody .av-special-heading.av-v8rk-b7fb7e8d3182b9a9c76e9ecf77bf4325 .av-special-heading-tag .heading-char{\nfont-size:25px;\n}\n.av-special-heading.av-v8rk-b7fb7e8d3182b9a9c76e9ecf77bf4325 .av-subheading{\nfont-size:15px;\n}\n<\/style>\n<div  class='av-special-heading av-v8rk-b7fb7e8d3182b9a9c76e9ecf77bf4325 av-special-heading-h3  avia-builder-el-13  el_after_av_textblock  el_before_av_textblock '><h3 class='av-special-heading-tag '  itemprop=\"headline\"  >\u00d6ne \u00c7\u0131kanlar<\/h3><div class=\"special-heading-border\"><div class=\"special-heading-inner-border\"><\/div><\/div><\/div><br \/>\n<section  class='av_textblock_section av-k3a8vy1i-c3eaba6a5673f57b0224f2a8c69b5209 '   itemscope=\"itemscope\" itemtype=\"https:\/\/schema.org\/CreativeWork\" ><div class='avia_textblock'  itemprop=\"text\" ><ul>\n<li>Proses kontroll\u00fc en geli\u015fmi\u015f so\u011fuk \u015fekillendirme teknolojisi<\/li>\n<li>T\u00fcm hareketler n\u00fcmerik olarak kontrol edilen eksenler taraf\u0131ndan ger\u00e7ekle\u015ftirilir<\/li>\n<li>Tak\u0131m de\u011fi\u015ftirmeden i\u015f par\u00e7as\u0131 di\u015f miktar\u0131n\u0131n varyasyonlar\u0131<\/li>\n<li>Haddeleme s\u0131ras\u0131nda dikey ilerleme<\/li>\n<li>Yuvarlanma h\u0131zlar\u0131 ayr\u0131 ayr\u0131 programlanabilir<\/li>\n<li>Hidrolik i\u00e7ermeyen makine &#8211; azalt\u0131lm\u0131\u015f kapsama alan\u0131 ve g\u00fcr\u00fclt\u00fc seviyesi<\/li>\n<li>Basitle\u015ftirilmi\u015f tak\u0131m ayarlar\u0131<\/li>\n<li>Artt\u0131r\u0131lm\u0131\u015f esneklik<\/li>\n<\/ul>\n<\/div><\/section><\/p><\/div><\/div><\/div><\/div><!-- close content main div --><\/div><\/div><div id='after_section_1'  class='main_color av_default_container_wrap container_wrap sidebar_right'  ><div class='container av-section-cont-open' ><div class='template-page content  av-content-small alpha units'><div class='post-entry post-entry-type-page post-entry-5397'><div class='entry-content-wrapper clearfix'>\n","protected":false},"excerpt":{"rendered":"","protected":false},"author":1,"featured_media":0,"parent":2460,"menu_order":942,"comment_status":"closed","ping_status":"closed","template":"","meta":{"footnotes":""},"class_list":["post-5397","page","type-page","status-publish","hentry"],"yoast_head":"<!-- This site is optimized with the Yoast SEO plugin v27.2 - https:\/\/yoast.com\/product\/yoast-seo-wordpress\/ -->\n<title>XK8 Serisi - OSG Ex-Cell-O<\/title>\n<meta name=\"robots\" content=\"index, follow, max-snippet:-1, max-image-preview:large, max-video-preview:-1\" \/>\n<link rel=\"canonical\" href=\"https:\/\/osg-excello.com\/tr\/makine\/xk-8-serie\/\" \/>\n<meta property=\"og:locale\" content=\"tr_TR\" \/>\n<meta property=\"og:type\" content=\"article\" \/>\n<meta property=\"og:title\" content=\"XK8 Serisi - OSG Ex-Cell-O\" \/>\n<meta property=\"og:url\" content=\"https:\/\/osg-excello.com\/tr\/makine\/xk-8-serie\/\" \/>\n<meta property=\"og:site_name\" content=\"OSG Ex-Cell-O\" \/>\n<meta property=\"article:modified_time\" content=\"2021-05-25T11:39:09+00:00\" \/>\n<meta name=\"twitter:card\" content=\"summary_large_image\" \/>\n<meta name=\"twitter:label1\" content=\"Tahmini okuma s\u00fcresi\" \/>\n\t<meta name=\"twitter:data1\" content=\"7 dakika\" \/>\n<script type=\"application\/ld+json\" class=\"yoast-schema-graph\">{\"@context\":\"https:\/\/schema.org\",\"@graph\":[{\"@type\":\"WebPage\",\"@id\":\"https:\/\/osg-excello.com\/tr\/makine\/xk-8-serie\/\",\"url\":\"https:\/\/osg-excello.com\/tr\/makine\/xk-8-serie\/\",\"name\":\"XK8 Serisi - OSG Ex-Cell-O\",\"isPartOf\":{\"@id\":\"https:\/\/osg-excello.com\/tr\/#website\"},\"datePublished\":\"2019-11-19T15:21:55+00:00\",\"dateModified\":\"2021-05-25T11:39:09+00:00\",\"breadcrumb\":{\"@id\":\"https:\/\/osg-excello.com\/tr\/makine\/xk-8-serie\/#breadcrumb\"},\"inLanguage\":\"tr\",\"potentialAction\":[{\"@type\":\"ReadAction\",\"target\":[\"https:\/\/osg-excello.com\/tr\/makine\/xk-8-serie\/\"]}]},{\"@type\":\"BreadcrumbList\",\"@id\":\"https:\/\/osg-excello.com\/tr\/makine\/xk-8-serie\/#breadcrumb\",\"itemListElement\":[{\"@type\":\"ListItem\",\"position\":1,\"name\":\"Startseite\",\"item\":\"https:\/\/osg-excello.com\/tr\/\"},{\"@type\":\"ListItem\",\"position\":2,\"name\":\"Makine\",\"item\":\"https:\/\/osg-excello.com\/tr\/makine\/\"},{\"@type\":\"ListItem\",\"position\":3,\"name\":\"XK8 Serisi\"}]},{\"@type\":\"WebSite\",\"@id\":\"https:\/\/osg-excello.com\/tr\/#website\",\"url\":\"https:\/\/osg-excello.com\/tr\/\",\"name\":\"OSG Ex-Cell-O\",\"description\":\"\",\"publisher\":{\"@id\":\"https:\/\/osg-excello.com\/tr\/#organization\"},\"potentialAction\":[{\"@type\":\"SearchAction\",\"target\":{\"@type\":\"EntryPoint\",\"urlTemplate\":\"https:\/\/osg-excello.com\/tr\/?s={search_term_string}\"},\"query-input\":{\"@type\":\"PropertyValueSpecification\",\"valueRequired\":true,\"valueName\":\"search_term_string\"}}],\"inLanguage\":\"tr\"},{\"@type\":\"Organization\",\"@id\":\"https:\/\/osg-excello.com\/tr\/#organization\",\"name\":\"OSG Ex-Cell-O GmbH\",\"url\":\"https:\/\/osg-excello.com\/tr\/\",\"logo\":{\"@type\":\"ImageObject\",\"inLanguage\":\"tr\",\"@id\":\"https:\/\/osg-excello.com\/tr\/#\/schema\/logo\/image\/\",\"url\":\"https:\/\/osg-excello.com\/wp-content\/uploads\/2019\/11\/osg_excello_logo_final-2.png\",\"contentUrl\":\"https:\/\/osg-excello.com\/wp-content\/uploads\/2019\/11\/osg_excello_logo_final-2.png\",\"width\":514,\"height\":236,\"caption\":\"OSG Ex-Cell-O GmbH\"},\"image\":{\"@id\":\"https:\/\/osg-excello.com\/tr\/#\/schema\/logo\/image\/\"}}]}<\/script>\n<!-- \/ Yoast SEO plugin. -->","yoast_head_json":{"title":"XK8 Serisi - OSG Ex-Cell-O","robots":{"index":"index","follow":"follow","max-snippet":"max-snippet:-1","max-image-preview":"max-image-preview:large","max-video-preview":"max-video-preview:-1"},"canonical":"https:\/\/osg-excello.com\/tr\/makine\/xk-8-serie\/","og_locale":"tr_TR","og_type":"article","og_title":"XK8 Serisi - OSG Ex-Cell-O","og_url":"https:\/\/osg-excello.com\/tr\/makine\/xk-8-serie\/","og_site_name":"OSG Ex-Cell-O","article_modified_time":"2021-05-25T11:39:09+00:00","twitter_card":"summary_large_image","twitter_misc":{"Tahmini okuma s\u00fcresi":"7 dakika"},"schema":{"@context":"https:\/\/schema.org","@graph":[{"@type":"WebPage","@id":"https:\/\/osg-excello.com\/tr\/makine\/xk-8-serie\/","url":"https:\/\/osg-excello.com\/tr\/makine\/xk-8-serie\/","name":"XK8 Serisi - OSG Ex-Cell-O","isPartOf":{"@id":"https:\/\/osg-excello.com\/tr\/#website"},"datePublished":"2019-11-19T15:21:55+00:00","dateModified":"2021-05-25T11:39:09+00:00","breadcrumb":{"@id":"https:\/\/osg-excello.com\/tr\/makine\/xk-8-serie\/#breadcrumb"},"inLanguage":"tr","potentialAction":[{"@type":"ReadAction","target":["https:\/\/osg-excello.com\/tr\/makine\/xk-8-serie\/"]}]},{"@type":"BreadcrumbList","@id":"https:\/\/osg-excello.com\/tr\/makine\/xk-8-serie\/#breadcrumb","itemListElement":[{"@type":"ListItem","position":1,"name":"Startseite","item":"https:\/\/osg-excello.com\/tr\/"},{"@type":"ListItem","position":2,"name":"Makine","item":"https:\/\/osg-excello.com\/tr\/makine\/"},{"@type":"ListItem","position":3,"name":"XK8 Serisi"}]},{"@type":"WebSite","@id":"https:\/\/osg-excello.com\/tr\/#website","url":"https:\/\/osg-excello.com\/tr\/","name":"OSG Ex-Cell-O","description":"","publisher":{"@id":"https:\/\/osg-excello.com\/tr\/#organization"},"potentialAction":[{"@type":"SearchAction","target":{"@type":"EntryPoint","urlTemplate":"https:\/\/osg-excello.com\/tr\/?s={search_term_string}"},"query-input":{"@type":"PropertyValueSpecification","valueRequired":true,"valueName":"search_term_string"}}],"inLanguage":"tr"},{"@type":"Organization","@id":"https:\/\/osg-excello.com\/tr\/#organization","name":"OSG Ex-Cell-O GmbH","url":"https:\/\/osg-excello.com\/tr\/","logo":{"@type":"ImageObject","inLanguage":"tr","@id":"https:\/\/osg-excello.com\/tr\/#\/schema\/logo\/image\/","url":"https:\/\/osg-excello.com\/wp-content\/uploads\/2019\/11\/osg_excello_logo_final-2.png","contentUrl":"https:\/\/osg-excello.com\/wp-content\/uploads\/2019\/11\/osg_excello_logo_final-2.png","width":514,"height":236,"caption":"OSG Ex-Cell-O GmbH"},"image":{"@id":"https:\/\/osg-excello.com\/tr\/#\/schema\/logo\/image\/"}}]}},"_links":{"self":[{"href":"https:\/\/osg-excello.com\/tr\/wp-json\/wp\/v2\/pages\/5397","targetHints":{"allow":["GET"]}}],"collection":[{"href":"https:\/\/osg-excello.com\/tr\/wp-json\/wp\/v2\/pages"}],"about":[{"href":"https:\/\/osg-excello.com\/tr\/wp-json\/wp\/v2\/types\/page"}],"author":[{"embeddable":true,"href":"https:\/\/osg-excello.com\/tr\/wp-json\/wp\/v2\/users\/1"}],"replies":[{"embeddable":true,"href":"https:\/\/osg-excello.com\/tr\/wp-json\/wp\/v2\/comments?post=5397"}],"version-history":[{"count":7,"href":"https:\/\/osg-excello.com\/tr\/wp-json\/wp\/v2\/pages\/5397\/revisions"}],"predecessor-version":[{"id":5936,"href":"https:\/\/osg-excello.com\/tr\/wp-json\/wp\/v2\/pages\/5397\/revisions\/5936"}],"up":[{"embeddable":true,"href":"https:\/\/osg-excello.com\/tr\/wp-json\/wp\/v2\/pages\/2460"}],"wp:attachment":[{"href":"https:\/\/osg-excello.com\/tr\/wp-json\/wp\/v2\/media?parent=5397"}],"curies":[{"name":"wp","href":"https:\/\/api.w.org\/{rel}","templated":true}]}}