{"id":5572,"date":"2019-11-19T16:21:55","date_gmt":"2019-11-19T15:21:55","guid":{"rendered":"https:\/\/osg-excello.com\/makine\/xk12-serie\/"},"modified":"2021-05-25T15:08:42","modified_gmt":"2021-05-25T13:08:42","slug":"xk12-serie","status":"publish","type":"page","link":"https:\/\/osg-excello.com\/tr\/makine\/xk12-serie\/","title":{"rendered":"XK12 Serisi"},"content":{"rendered":"\n<style type=\"text\/css\" data-created_by=\"avia_inline_auto\" id=\"style-css-av-807no-33a4a38e5e0d5dea70cde682a9dc653a\">\n.flex_column.av-807no-33a4a38e5e0d5dea70cde682a9dc653a{\nborder-radius:0px 0px 0px 0px;\npadding:25px 0px 0px 0px;\n}\n<\/style>\n<div  class='flex_column av-807no-33a4a38e5e0d5dea70cde682a9dc653a av_one_full  avia-builder-el-0  el_before_av_hr  avia-builder-el-first  first flex_column_div  '     ><style type=\"text\/css\" data-created_by=\"avia_inline_auto\" id=\"style-css-av-k3a80l1x-de8da2836042c809fb5c6025f6e5d4d4\">\n#top .av-special-heading.av-k3a80l1x-de8da2836042c809fb5c6025f6e5d4d4{\npadding-bottom:10px;\n}\nbody .av-special-heading.av-k3a80l1x-de8da2836042c809fb5c6025f6e5d4d4 .av-special-heading-tag .heading-char{\nfont-size:25px;\n}\n.av-special-heading.av-k3a80l1x-de8da2836042c809fb5c6025f6e5d4d4 .av-subheading{\nfont-size:15px;\n}\n<\/style>\n<div  class='av-special-heading av-k3a80l1x-de8da2836042c809fb5c6025f6e5d4d4 av-special-heading-h1 blockquote modern-quote modern-centered  avia-builder-el-1  avia-builder-el-no-sibling '><h1 class='av-special-heading-tag '  itemprop=\"headline\"  >XK12 Serisi<\/h1><div class=\"special-heading-border\"><div class=\"special-heading-inner-border\"><\/div><\/div><\/div><\/div>\n\n<style type=\"text\/css\" data-created_by=\"avia_inline_auto\" id=\"style-css-av-k363cjsl-6c3a36cc1ad2d24930cc419f13ab6bc6\">\n#top .hr.av-k363cjsl-6c3a36cc1ad2d24930cc419f13ab6bc6{\nmargin-top:0px;\nmargin-bottom:30px;\n}\n.hr.av-k363cjsl-6c3a36cc1ad2d24930cc419f13ab6bc6 .hr-inner{\nwidth:30%;\nborder-color:#e8e8e8;\nmax-width:45%;\n}\n.hr.av-k363cjsl-6c3a36cc1ad2d24930cc419f13ab6bc6 .av-seperator-icon{\ncolor:#e8e8e8;\n}\n.hr.av-k363cjsl-6c3a36cc1ad2d24930cc419f13ab6bc6 .av-seperator-icon.avia-svg-icon svg:first-child{\nfill:#e8e8e8;\nstroke:#e8e8e8;\n}\n<\/style>\n<div  class='hr av-k363cjsl-6c3a36cc1ad2d24930cc419f13ab6bc6 hr-custom  avia-builder-el-2  el_after_av_one_full  el_before_av_section  avia-builder-el-last  hr-center hr-icon-yes'><span class='hr-inner inner-border-av-border-thin'><span class=\"hr-inner-style\"><\/span><\/span><span class='av-seperator-icon avia-iconfont avia-font-entypo-fontello' data-av_icon='\ue898' data-av_iconfont='entypo-fontello' ><\/span><span class='hr-inner inner-border-av-border-thin'><span class=\"hr-inner-style\"><\/span><\/span><\/div>\n<\/div><\/div><\/div><!-- close content main div --><\/div><\/div>\n<style type=\"text\/css\" data-created_by=\"avia_inline_auto\" id=\"style-css-av-k3647wxa-14f501a09e84162727fa6ec184c7a00c\">\n.avia-section.av-k3647wxa-14f501a09e84162727fa6ec184c7a00c{\nmargin-top:0px;\nmargin-bottom:100px;\n}\n<\/style>\n<div id='av_section_1'  class='avia-section av-k3647wxa-14f501a09e84162727fa6ec184c7a00c main_color avia-section-no-padding avia-no-border-styling  avia-builder-el-3  el_after_av_hr  avia-builder-el-last  avia-bg-style-scroll container_wrap sidebar_right'  ><div class='container av-section-cont-open' ><div class='template-page content  av-content-small alpha units'><div class='post-entry post-entry-type-page post-entry-5572'><div class='entry-content-wrapper clearfix'>\n\n<style type=\"text\/css\" data-created_by=\"avia_inline_auto\" id=\"style-css-av-7nzzw-2c1641dce56e8229eb55335a5a6ec76f\">\n.flex_column.av-7nzzw-2c1641dce56e8229eb55335a5a6ec76f{\nborder-radius:0px 0px 0px 0px;\npadding:0px 0px 0px 0px;\n}\n<\/style>\n<div  class='flex_column av-7nzzw-2c1641dce56e8229eb55335a5a6ec76f av_two_third  avia-builder-el-4  el_before_av_one_third  avia-builder-el-first  first flex_column_div av-animated-generic bottom-to-top av-zero-column-padding  '     ><p>\n<style type=\"text\/css\" data-created_by=\"avia_inline_auto\" id=\"style-css-av-k3conupj-58aacb7ba857ee70bd45ed55897a28ca\">\n.avia-image-container.av-k3conupj-58aacb7ba857ee70bd45ed55897a28ca img.avia_image{\nbox-shadow:none;\n}\n.avia-image-container.av-k3conupj-58aacb7ba857ee70bd45ed55897a28ca .av-image-caption-overlay-center{\ncolor:#ffffff;\n}\n<\/style>\n<div  class='avia-image-container av-k3conupj-58aacb7ba857ee70bd45ed55897a28ca av-styling- av-hover-grow av-hide-overflow av-img-linked avia-align-center  avia-builder-el-5  el_before_av_hr  avia-builder-el-first '   itemprop=\"image\" itemscope=\"itemscope\" itemtype=\"https:\/\/schema.org\/ImageObject\" ><div class=\"avia-image-container-inner\"><div class=\"avia-image-overlay-wrap\"><a href=\"https:\/\/osg-excello.com\/wp-content\/uploads\/2019\/11\/maschinen_XK12.jpg\" data-srcset=\"https:\/\/osg-excello.com\/wp-content\/uploads\/2019\/11\/maschinen_XK12.jpg 1280w, https:\/\/osg-excello.com\/wp-content\/uploads\/2019\/11\/maschinen_XK12-768x443.jpg 768w, https:\/\/osg-excello.com\/wp-content\/uploads\/2019\/11\/maschinen_XK12-705x407.jpg 705w\" data-sizes=\"(max-width: 1280px) 100vw, 1280px\" class='avia_image '  aria-label='maschinen_XK12'><img decoding=\"async\" fetchpriority=\"high\" class='wp-image-5592 avia-img-lazy-loading-not-5592 avia_image ' src=\"https:\/\/osg-excello.com\/wp-content\/uploads\/2019\/11\/maschinen_XK12.jpg\" alt='' title='maschinen_XK12'  height=\"739\" width=\"1280\"  itemprop=\"thumbnailUrl\" srcset=\"https:\/\/osg-excello.com\/wp-content\/uploads\/2019\/11\/maschinen_XK12.jpg 1280w, https:\/\/osg-excello.com\/wp-content\/uploads\/2019\/11\/maschinen_XK12-768x443.jpg 768w, https:\/\/osg-excello.com\/wp-content\/uploads\/2019\/11\/maschinen_XK12-705x407.jpg 705w\" sizes=\"(max-width: 1280px) 100vw, 1280px\" \/><\/a><\/div><\/div><\/div><br \/>\n\n<style type=\"text\/css\" data-created_by=\"avia_inline_auto\" id=\"style-css-av-k3b9kc22-fb179e88a596ca9b3f22021301765415\">\n#top .hr.hr-invisible.av-k3b9kc22-fb179e88a596ca9b3f22021301765415{\nheight:30px;\n}\n<\/style>\n<div  class='hr av-k3b9kc22-fb179e88a596ca9b3f22021301765415 hr-invisible  avia-builder-el-6  el_after_av_image  el_before_av_image '><span class='hr-inner '><span class=\"hr-inner-style\"><\/span><\/span><\/div><br \/>\n\n<style type=\"text\/css\" data-created_by=\"avia_inline_auto\" id=\"style-css-av-k3conupj-cc288c2e892d5afe08ab274f0f331673\">\n.avia-image-container.av-k3conupj-cc288c2e892d5afe08ab274f0f331673 img.avia_image{\nbox-shadow:none;\n}\n.avia-image-container.av-k3conupj-cc288c2e892d5afe08ab274f0f331673 .av-image-caption-overlay-center{\ncolor:#ffffff;\n}\n<\/style>\n<div  class='avia-image-container av-k3conupj-cc288c2e892d5afe08ab274f0f331673 av-styling- av-hover-grow av-hide-overflow av-img-linked avia-align-left  avia-builder-el-7  el_after_av_hr  el_before_av_image  rowImage50'   itemprop=\"image\" itemscope=\"itemscope\" itemtype=\"https:\/\/schema.org\/ImageObject\" ><div class=\"avia-image-container-inner\"><div class=\"avia-image-overlay-wrap\"><a href=\"https:\/\/osg-excello.com\/wp-content\/uploads\/2019\/11\/xk12_IMG_4621_retouched.jpg\" data-srcset=\"https:\/\/osg-excello.com\/wp-content\/uploads\/2019\/11\/xk12_IMG_4621_retouched.jpg 800w, https:\/\/osg-excello.com\/wp-content\/uploads\/2019\/11\/xk12_IMG_4621_retouched-300x200.jpg 300w, https:\/\/osg-excello.com\/wp-content\/uploads\/2019\/11\/xk12_IMG_4621_retouched-768x512.jpg 768w, https:\/\/osg-excello.com\/wp-content\/uploads\/2019\/11\/xk12_IMG_4621_retouched-705x470.jpg 705w\" data-sizes=\"(max-width: 800px) 100vw, 800px\" class='avia_image '  aria-label='xk12_IMG_4621_retouched'><img decoding=\"async\" fetchpriority=\"high\" class='wp-image-5589 avia-img-lazy-loading-not-5589 avia_image ' src=\"https:\/\/osg-excello.com\/wp-content\/uploads\/2019\/11\/xk12_IMG_4621_retouched-495x400.jpg\" alt='' title='xk12_IMG_4621_retouched'  height=\"400\" width=\"495\"  itemprop=\"thumbnailUrl\"  \/><\/a><\/div><\/div><\/div><br \/>\n\n<style type=\"text\/css\" data-created_by=\"avia_inline_auto\" id=\"style-css-av-k3conupj-aa38c1643de3a755aae716e85400090d\">\n.avia-image-container.av-k3conupj-aa38c1643de3a755aae716e85400090d img.avia_image{\nbox-shadow:none;\n}\n.avia-image-container.av-k3conupj-aa38c1643de3a755aae716e85400090d .av-image-caption-overlay-center{\ncolor:#ffffff;\n}\n<\/style>\n<div  class='avia-image-container av-k3conupj-aa38c1643de3a755aae716e85400090d av-styling- av-hover-grow av-hide-overflow av-img-linked avia-align-left  avia-builder-el-8  el_after_av_image  avia-builder-el-last  rowImage50'   itemprop=\"image\" itemscope=\"itemscope\" itemtype=\"https:\/\/schema.org\/ImageObject\" ><div class=\"avia-image-container-inner\"><div class=\"avia-image-overlay-wrap\"><a href=\"https:\/\/osg-excello.com\/wp-content\/uploads\/2019\/11\/xk12_IMG_4614_Welle_freigestellt_retuschiert.jpg\" data-srcset=\"https:\/\/osg-excello.com\/wp-content\/uploads\/2019\/11\/xk12_IMG_4614_Welle_freigestellt_retuschiert.jpg 800w, https:\/\/osg-excello.com\/wp-content\/uploads\/2019\/11\/xk12_IMG_4614_Welle_freigestellt_retuschiert-300x156.jpg 300w, https:\/\/osg-excello.com\/wp-content\/uploads\/2019\/11\/xk12_IMG_4614_Welle_freigestellt_retuschiert-768x398.jpg 768w, https:\/\/osg-excello.com\/wp-content\/uploads\/2019\/11\/xk12_IMG_4614_Welle_freigestellt_retuschiert-705x366.jpg 705w\" data-sizes=\"(max-width: 800px) 100vw, 800px\" class='avia_image '  aria-label='xk12_IMG_4614_Welle_freigestellt_retuschiert'><img decoding=\"async\" fetchpriority=\"high\" class='wp-image-5588 avia-img-lazy-loading-not-5588 avia_image ' src=\"https:\/\/osg-excello.com\/wp-content\/uploads\/2019\/11\/xk12_IMG_4614_Welle_freigestellt_retuschiert-495x400.jpg\" alt='' title='xk12_IMG_4614_Welle_freigestellt_retuschiert'  height=\"400\" width=\"495\"  itemprop=\"thumbnailUrl\"  \/><\/a><\/div><\/div><\/div><\/p><\/div>\n<style type=\"text\/css\" data-created_by=\"avia_inline_auto\" id=\"style-css-av-7nzzw-47ef4b95d16ddc52afc9d03e4ee84fbc\">\n.flex_column.av-7nzzw-47ef4b95d16ddc52afc9d03e4ee84fbc{\nborder-radius:0px 0px 0px 0px;\npadding:0px 0px 0px 0px;\n}\n<\/style>\n<div  class='flex_column av-7nzzw-47ef4b95d16ddc52afc9d03e4ee84fbc av_one_third  avia-builder-el-9  el_after_av_two_third  avia-builder-el-last  flex_column_div av-animated-generic bottom-to-top av-zero-column-padding  '     ><p>\n<style type=\"text\/css\" data-created_by=\"avia_inline_auto\" id=\"style-css-av-2dhba-e4133c2046e2fceb0b307322d1d074ac\">\n#top .av-special-heading.av-2dhba-e4133c2046e2fceb0b307322d1d074ac{\npadding-bottom:10px;\n}\nbody .av-special-heading.av-2dhba-e4133c2046e2fceb0b307322d1d074ac .av-special-heading-tag .heading-char{\nfont-size:25px;\n}\n.av-special-heading.av-2dhba-e4133c2046e2fceb0b307322d1d074ac .av-subheading{\nfont-size:15px;\n}\n<\/style>\n<div  class='av-special-heading av-2dhba-e4133c2046e2fceb0b307322d1d074ac av-special-heading-h3  avia-builder-el-10  el_before_av_textblock  avia-builder-el-first '><h3 class='av-special-heading-tag '  itemprop=\"headline\"  >XK 1275<\/h3><div class=\"special-heading-border\"><div class=\"special-heading-inner-border\"><\/div><\/div><\/div><br \/>\n<section  class='av_textblock_section av-k3a8vy1i-c3eaba6a5673f57b0224f2a8c69b5209 '   itemscope=\"itemscope\" itemtype=\"https:\/\/schema.org\/CreativeWork\" ><div class='avia_textblock'  itemprop=\"text\" ><p>XK 12 modeli, MAG&#8217;\u0131n so\u011fuk \u015fekillendirme makine serisine maksimum bir boyut ekliyor. Kan\u0131tlanm\u0131\u015f XK 8 makinesini temel al\u0131r ve sa\u011flaml\u0131k ve i\u015fleme kuvvetleri aral\u0131\u011f\u0131 a\u00e7\u0131s\u0131ndan tamamen geli\u015ftirilmi\u015ftir. 120 mm&#8217;ye kadar profil \u00e7aplar\u0131n\u0131 ve 5000 mm&#8217;ye kadar i\u015f par\u00e7as\u0131 uzunluklar\u0131na kadar  b\u00fcy\u00fck \u00f6l\u00e7\u00fcde art\u0131r\u0131lm\u0131\u015f uygulama aral\u0131\u011f\u0131na ra\u011fmen, tasar\u0131m k\u00fc\u00e7\u00fck bir alan tutuyor ve daha iyi eri\u015filebilirlik i\u00e7in optimize edilmi\u015ftir. Ayr\u0131ca elektromekanik s\u00fcr\u00fcc\u00fcler, d\u00fc\u015f\u00fck enerji t\u00fcketimi sa\u011flamaktad\u0131r.<\/p>\n<\/div><\/section><br \/>\n\n<style type=\"text\/css\" data-created_by=\"avia_inline_auto\" id=\"style-css-av-1f3yu-f462283a6c622c37b4ac4c90201e7677\">\n#top .av-special-heading.av-1f3yu-f462283a6c622c37b4ac4c90201e7677{\npadding-bottom:10px;\n}\nbody .av-special-heading.av-1f3yu-f462283a6c622c37b4ac4c90201e7677 .av-special-heading-tag .heading-char{\nfont-size:25px;\n}\n.av-special-heading.av-1f3yu-f462283a6c622c37b4ac4c90201e7677 .av-subheading{\nfont-size:15px;\n}\n<\/style>\n<div  class='av-special-heading av-1f3yu-f462283a6c622c37b4ac4c90201e7677 av-special-heading-h3  avia-builder-el-12  el_after_av_textblock  el_before_av_textblock '><h3 class='av-special-heading-tag '  itemprop=\"headline\"  >XK 1275 &#8211; Uygulama aral\u0131\u011f\u0131<\/h3><div class=\"special-heading-border\"><div class=\"special-heading-inner-border\"><\/div><\/div><\/div><br \/>\n<section  class='av_textblock_section av-k3a8vy1i-c3eaba6a5673f57b0224f2a8c69b5209 '   itemscope=\"itemscope\" itemtype=\"https:\/\/schema.org\/CreativeWork\" ><div class='avia_textblock'  itemprop=\"text\" ><ul>\n<li>Kamyon aks milleri<\/li>\n<li>Kamyon tahrik milleri<\/li>\n<li>CUV&#8217;ler veya denizcilik end\u00fcstrisi i\u00e7in b\u00fcy\u00fck tahrik bile\u015fenleri<\/li>\n<\/ul>\n<\/div><\/section><br \/>\n\n<style type=\"text\/css\" data-created_by=\"avia_inline_auto\" id=\"style-css-av-ywpm-a4facc6b32758e3b52c107ec518b0176\">\n#top .av-special-heading.av-ywpm-a4facc6b32758e3b52c107ec518b0176{\npadding-bottom:10px;\n}\nbody .av-special-heading.av-ywpm-a4facc6b32758e3b52c107ec518b0176 .av-special-heading-tag .heading-char{\nfont-size:25px;\n}\n.av-special-heading.av-ywpm-a4facc6b32758e3b52c107ec518b0176 .av-subheading{\nfont-size:15px;\n}\n<\/style>\n<div  class='av-special-heading av-ywpm-a4facc6b32758e3b52c107ec518b0176 av-special-heading-h3  avia-builder-el-14  el_after_av_textblock  el_before_av_textblock '><h3 class='av-special-heading-tag '  itemprop=\"headline\"  >\u00d6ne \u00c7\u0131kanlar<\/h3><div class=\"special-heading-border\"><div class=\"special-heading-inner-border\"><\/div><\/div><\/div><br \/>\n<section  class='av_textblock_section av-k3a8vy1i-c3eaba6a5673f57b0224f2a8c69b5209 '   itemscope=\"itemscope\" itemtype=\"https:\/\/schema.org\/CreativeWork\" ><div class='avia_textblock'  itemprop=\"text\" ><ul>\n<li>Geli\u015fmi\u015f sa\u011flaml\u0131k ve i\u015fleme kuvvetleri<\/li>\n<li>5 m&#8217;ye kadar i\u015f par\u00e7as\u0131 uzunlu\u011fu<\/li>\n<li>CNC kontroll\u00fc i\u015f par\u00e7as\u0131 ve ilerleme eksenleri &#8211; enerji a\u00e7\u0131s\u0131ndan verimli ve kompakt<\/li>\n<li>CNC kontrol\u00fc ile bo\u015fluk hatalar\u0131n\u0131n d\u00fczeltilmesi<\/li>\n<li>\u00c7evrim i\u00e7i X ve Z ekseni enterpolasyonu<\/li>\n<li>Tak\u0131m de\u011fi\u015ftirmeden i\u015f par\u00e7as\u0131 di\u015f miktar\u0131n\u0131n varyasyonlar\u0131<\/li>\n<li>Haddeleme h\u0131zlar\u0131 ayr\u0131 ayr\u0131 programlanabilir<\/li>\n<li>Optimize edilmi\u015f makine muhafazas\u0131<\/li>\n<\/ul>\n<\/div><\/section><\/p><\/div><\/div><\/div><\/div><!-- close content main div --><\/div><\/div><div id='after_section_1'  class='main_color av_default_container_wrap container_wrap sidebar_right'  ><div class='container av-section-cont-open' ><div class='template-page content  av-content-small alpha units'><div class='post-entry post-entry-type-page post-entry-5572'><div class='entry-content-wrapper clearfix'>\n","protected":false},"excerpt":{"rendered":"","protected":false},"author":1,"featured_media":0,"parent":2460,"menu_order":944,"comment_status":"closed","ping_status":"closed","template":"","meta":{"footnotes":""},"class_list":["post-5572","page","type-page","status-publish","hentry"],"yoast_head":"<!-- This site is optimized with the Yoast SEO plugin v27.2 - https:\/\/yoast.com\/product\/yoast-seo-wordpress\/ -->\n<title>XK12 Serisi - OSG Ex-Cell-O<\/title>\n<meta name=\"robots\" content=\"index, follow, max-snippet:-1, max-image-preview:large, max-video-preview:-1\" \/>\n<link rel=\"canonical\" href=\"https:\/\/osg-excello.com\/tr\/makine\/xk12-serie\/\" \/>\n<meta property=\"og:locale\" content=\"tr_TR\" \/>\n<meta property=\"og:type\" content=\"article\" \/>\n<meta property=\"og:title\" content=\"XK12 Serisi - OSG Ex-Cell-O\" \/>\n<meta property=\"og:url\" content=\"https:\/\/osg-excello.com\/tr\/makine\/xk12-serie\/\" \/>\n<meta property=\"og:site_name\" content=\"OSG Ex-Cell-O\" \/>\n<meta property=\"article:modified_time\" content=\"2021-05-25T13:08:42+00:00\" \/>\n<meta name=\"twitter:card\" content=\"summary_large_image\" \/>\n<meta name=\"twitter:label1\" content=\"Tahmini okuma s\u00fcresi\" \/>\n\t<meta name=\"twitter:data1\" content=\"7 dakika\" \/>\n<script type=\"application\/ld+json\" class=\"yoast-schema-graph\">{\"@context\":\"https:\/\/schema.org\",\"@graph\":[{\"@type\":\"WebPage\",\"@id\":\"https:\/\/osg-excello.com\/tr\/makine\/xk12-serie\/\",\"url\":\"https:\/\/osg-excello.com\/tr\/makine\/xk12-serie\/\",\"name\":\"XK12 Serisi - OSG Ex-Cell-O\",\"isPartOf\":{\"@id\":\"https:\/\/osg-excello.com\/tr\/#website\"},\"datePublished\":\"2019-11-19T15:21:55+00:00\",\"dateModified\":\"2021-05-25T13:08:42+00:00\",\"breadcrumb\":{\"@id\":\"https:\/\/osg-excello.com\/tr\/makine\/xk12-serie\/#breadcrumb\"},\"inLanguage\":\"tr\",\"potentialAction\":[{\"@type\":\"ReadAction\",\"target\":[\"https:\/\/osg-excello.com\/tr\/makine\/xk12-serie\/\"]}]},{\"@type\":\"BreadcrumbList\",\"@id\":\"https:\/\/osg-excello.com\/tr\/makine\/xk12-serie\/#breadcrumb\",\"itemListElement\":[{\"@type\":\"ListItem\",\"position\":1,\"name\":\"Startseite\",\"item\":\"https:\/\/osg-excello.com\/tr\/\"},{\"@type\":\"ListItem\",\"position\":2,\"name\":\"Makine\",\"item\":\"https:\/\/osg-excello.com\/tr\/makine\/\"},{\"@type\":\"ListItem\",\"position\":3,\"name\":\"XK12 Serisi\"}]},{\"@type\":\"WebSite\",\"@id\":\"https:\/\/osg-excello.com\/tr\/#website\",\"url\":\"https:\/\/osg-excello.com\/tr\/\",\"name\":\"OSG Ex-Cell-O\",\"description\":\"\",\"publisher\":{\"@id\":\"https:\/\/osg-excello.com\/tr\/#organization\"},\"potentialAction\":[{\"@type\":\"SearchAction\",\"target\":{\"@type\":\"EntryPoint\",\"urlTemplate\":\"https:\/\/osg-excello.com\/tr\/?s={search_term_string}\"},\"query-input\":{\"@type\":\"PropertyValueSpecification\",\"valueRequired\":true,\"valueName\":\"search_term_string\"}}],\"inLanguage\":\"tr\"},{\"@type\":\"Organization\",\"@id\":\"https:\/\/osg-excello.com\/tr\/#organization\",\"name\":\"OSG Ex-Cell-O GmbH\",\"url\":\"https:\/\/osg-excello.com\/tr\/\",\"logo\":{\"@type\":\"ImageObject\",\"inLanguage\":\"tr\",\"@id\":\"https:\/\/osg-excello.com\/tr\/#\/schema\/logo\/image\/\",\"url\":\"https:\/\/osg-excello.com\/wp-content\/uploads\/2019\/11\/osg_excello_logo_final-2.png\",\"contentUrl\":\"https:\/\/osg-excello.com\/wp-content\/uploads\/2019\/11\/osg_excello_logo_final-2.png\",\"width\":514,\"height\":236,\"caption\":\"OSG Ex-Cell-O GmbH\"},\"image\":{\"@id\":\"https:\/\/osg-excello.com\/tr\/#\/schema\/logo\/image\/\"}}]}<\/script>\n<!-- \/ Yoast SEO plugin. -->","yoast_head_json":{"title":"XK12 Serisi - OSG Ex-Cell-O","robots":{"index":"index","follow":"follow","max-snippet":"max-snippet:-1","max-image-preview":"max-image-preview:large","max-video-preview":"max-video-preview:-1"},"canonical":"https:\/\/osg-excello.com\/tr\/makine\/xk12-serie\/","og_locale":"tr_TR","og_type":"article","og_title":"XK12 Serisi - OSG Ex-Cell-O","og_url":"https:\/\/osg-excello.com\/tr\/makine\/xk12-serie\/","og_site_name":"OSG Ex-Cell-O","article_modified_time":"2021-05-25T13:08:42+00:00","twitter_card":"summary_large_image","twitter_misc":{"Tahmini okuma s\u00fcresi":"7 dakika"},"schema":{"@context":"https:\/\/schema.org","@graph":[{"@type":"WebPage","@id":"https:\/\/osg-excello.com\/tr\/makine\/xk12-serie\/","url":"https:\/\/osg-excello.com\/tr\/makine\/xk12-serie\/","name":"XK12 Serisi - OSG Ex-Cell-O","isPartOf":{"@id":"https:\/\/osg-excello.com\/tr\/#website"},"datePublished":"2019-11-19T15:21:55+00:00","dateModified":"2021-05-25T13:08:42+00:00","breadcrumb":{"@id":"https:\/\/osg-excello.com\/tr\/makine\/xk12-serie\/#breadcrumb"},"inLanguage":"tr","potentialAction":[{"@type":"ReadAction","target":["https:\/\/osg-excello.com\/tr\/makine\/xk12-serie\/"]}]},{"@type":"BreadcrumbList","@id":"https:\/\/osg-excello.com\/tr\/makine\/xk12-serie\/#breadcrumb","itemListElement":[{"@type":"ListItem","position":1,"name":"Startseite","item":"https:\/\/osg-excello.com\/tr\/"},{"@type":"ListItem","position":2,"name":"Makine","item":"https:\/\/osg-excello.com\/tr\/makine\/"},{"@type":"ListItem","position":3,"name":"XK12 Serisi"}]},{"@type":"WebSite","@id":"https:\/\/osg-excello.com\/tr\/#website","url":"https:\/\/osg-excello.com\/tr\/","name":"OSG Ex-Cell-O","description":"","publisher":{"@id":"https:\/\/osg-excello.com\/tr\/#organization"},"potentialAction":[{"@type":"SearchAction","target":{"@type":"EntryPoint","urlTemplate":"https:\/\/osg-excello.com\/tr\/?s={search_term_string}"},"query-input":{"@type":"PropertyValueSpecification","valueRequired":true,"valueName":"search_term_string"}}],"inLanguage":"tr"},{"@type":"Organization","@id":"https:\/\/osg-excello.com\/tr\/#organization","name":"OSG Ex-Cell-O GmbH","url":"https:\/\/osg-excello.com\/tr\/","logo":{"@type":"ImageObject","inLanguage":"tr","@id":"https:\/\/osg-excello.com\/tr\/#\/schema\/logo\/image\/","url":"https:\/\/osg-excello.com\/wp-content\/uploads\/2019\/11\/osg_excello_logo_final-2.png","contentUrl":"https:\/\/osg-excello.com\/wp-content\/uploads\/2019\/11\/osg_excello_logo_final-2.png","width":514,"height":236,"caption":"OSG Ex-Cell-O GmbH"},"image":{"@id":"https:\/\/osg-excello.com\/tr\/#\/schema\/logo\/image\/"}}]}},"_links":{"self":[{"href":"https:\/\/osg-excello.com\/tr\/wp-json\/wp\/v2\/pages\/5572","targetHints":{"allow":["GET"]}}],"collection":[{"href":"https:\/\/osg-excello.com\/tr\/wp-json\/wp\/v2\/pages"}],"about":[{"href":"https:\/\/osg-excello.com\/tr\/wp-json\/wp\/v2\/types\/page"}],"author":[{"embeddable":true,"href":"https:\/\/osg-excello.com\/tr\/wp-json\/wp\/v2\/users\/1"}],"replies":[{"embeddable":true,"href":"https:\/\/osg-excello.com\/tr\/wp-json\/wp\/v2\/comments?post=5572"}],"version-history":[{"count":7,"href":"https:\/\/osg-excello.com\/tr\/wp-json\/wp\/v2\/pages\/5572\/revisions"}],"predecessor-version":[{"id":6017,"href":"https:\/\/osg-excello.com\/tr\/wp-json\/wp\/v2\/pages\/5572\/revisions\/6017"}],"up":[{"embeddable":true,"href":"https:\/\/osg-excello.com\/tr\/wp-json\/wp\/v2\/pages\/2460"}],"wp:attachment":[{"href":"https:\/\/osg-excello.com\/tr\/wp-json\/wp\/v2\/media?parent=5572"}],"curies":[{"name":"wp","href":"https:\/\/api.w.org\/{rel}","templated":true}]}}