{"id":6176,"date":"2019-11-19T16:09:05","date_gmt":"2019-11-19T15:09:05","guid":{"rendered":"https:\/\/osg-excello.com\/yenilik\/hoehere-verzahnungsqualitaet-durch-vorhalten-des-verzugs-aus-der-waermebehandlung\/"},"modified":"2021-05-26T10:28:56","modified_gmt":"2021-05-26T08:28:56","slug":"hoehere-verzahnungsqualitaet-durch-vorhalten-des-verzugs-aus-der-waermebehandlung","status":"publish","type":"page","link":"https:\/\/osg-excello.com\/tr\/yenilik\/hoehere-verzahnungsqualitaet-durch-vorhalten-des-verzugs-aus-der-waermebehandlung\/","title":{"rendered":"\u00d6nceden ayarlanan od \u0131s\u0131sal i\u015flem sapmalar\u0131 ile spline kalitesi art\u0131r\u0131ld\u0131"},"content":{"rendered":"\n<style type=\"text\/css\" data-created_by=\"avia_inline_auto\" id=\"style-css-av-807no-33a4a38e5e0d5dea70cde682a9dc653a\">\n.flex_column.av-807no-33a4a38e5e0d5dea70cde682a9dc653a{\nborder-radius:0px 0px 0px 0px;\npadding:25px 0px 0px 0px;\n}\n<\/style>\n<div  class='flex_column av-807no-33a4a38e5e0d5dea70cde682a9dc653a av_one_full  avia-builder-el-0  el_before_av_hr  avia-builder-el-first  first flex_column_div  '     ><style type=\"text\/css\" data-created_by=\"avia_inline_auto\" id=\"style-css-av-k3edhkkl-b1005bea7e92d275cf7b4878ab36a302\">\n#top .av-special-heading.av-k3edhkkl-b1005bea7e92d275cf7b4878ab36a302{\npadding-bottom:10px;\n}\nbody .av-special-heading.av-k3edhkkl-b1005bea7e92d275cf7b4878ab36a302 .av-special-heading-tag .heading-char{\nfont-size:25px;\n}\n.av-special-heading.av-k3edhkkl-b1005bea7e92d275cf7b4878ab36a302 .av-subheading{\nfont-size:15px;\n}\n<\/style>\n<div  class='av-special-heading av-k3edhkkl-b1005bea7e92d275cf7b4878ab36a302 av-special-heading-h1 blockquote modern-quote modern-centered  avia-builder-el-1  avia-builder-el-no-sibling '><h1 class='av-special-heading-tag '  itemprop=\"headline\"  >\u00d6nceden ayarlanan od \u0131s\u0131sal i\u015flem sapmalar\u0131 ile spline kalitesi art\u0131r\u0131ld\u0131<\/h1><div class=\"special-heading-border\"><div class=\"special-heading-inner-border\"><\/div><\/div><\/div><\/div>\n<style type=\"text\/css\" data-created_by=\"avia_inline_auto\" id=\"style-css-av-k363cjsl-6c3a36cc1ad2d24930cc419f13ab6bc6\">\n#top .hr.av-k363cjsl-6c3a36cc1ad2d24930cc419f13ab6bc6{\nmargin-top:0px;\nmargin-bottom:30px;\n}\n.hr.av-k363cjsl-6c3a36cc1ad2d24930cc419f13ab6bc6 .hr-inner{\nwidth:30%;\nborder-color:#e8e8e8;\nmax-width:45%;\n}\n.hr.av-k363cjsl-6c3a36cc1ad2d24930cc419f13ab6bc6 .av-seperator-icon{\ncolor:#e8e8e8;\n}\n.hr.av-k363cjsl-6c3a36cc1ad2d24930cc419f13ab6bc6 .av-seperator-icon.avia-svg-icon svg:first-child{\nfill:#e8e8e8;\nstroke:#e8e8e8;\n}\n<\/style>\n<div  class='hr av-k363cjsl-6c3a36cc1ad2d24930cc419f13ab6bc6 hr-custom  avia-builder-el-2  el_after_av_one_full  el_before_av_section  avia-builder-el-last  hr-center hr-icon-yes'><span class='hr-inner inner-border-av-border-thin'><span class=\"hr-inner-style\"><\/span><\/span><span class='av-seperator-icon avia-iconfont avia-font-entypo-fontello' data-av_icon='\ue898' data-av_iconfont='entypo-fontello' ><\/span><span class='hr-inner inner-border-av-border-thin'><span class=\"hr-inner-style\"><\/span><\/span><\/div><\/p>\n<\/div><\/div><\/div><!-- close content main div --><\/div><\/div>\n<style type=\"text\/css\" data-created_by=\"avia_inline_auto\" id=\"style-css-av-k3647wxa-14f501a09e84162727fa6ec184c7a00c\">\n.avia-section.av-k3647wxa-14f501a09e84162727fa6ec184c7a00c{\nmargin-top:0px;\nmargin-bottom:100px;\n}\n<\/style>\n<div id='av_section_1'  class='avia-section av-k3647wxa-14f501a09e84162727fa6ec184c7a00c main_color avia-section-no-padding avia-no-border-styling  avia-builder-el-3  el_after_av_hr  avia-builder-el-last  avia-bg-style-scroll container_wrap sidebar_right'  ><div class='container av-section-cont-open' ><div class='template-page content  av-content-small alpha units'><div class='post-entry post-entry-type-page post-entry-6176'><div class='entry-content-wrapper clearfix'>\n\n<style type=\"text\/css\" data-created_by=\"avia_inline_auto\" id=\"style-css-av-7nzzw-2c1641dce56e8229eb55335a5a6ec76f\">\n.flex_column.av-7nzzw-2c1641dce56e8229eb55335a5a6ec76f{\nborder-radius:0px 0px 0px 0px;\npadding:0px 0px 0px 0px;\n}\n<\/style>\n<div  class='flex_column av-7nzzw-2c1641dce56e8229eb55335a5a6ec76f av_two_third  avia-builder-el-4  el_before_av_one_third  avia-builder-el-first  first flex_column_div av-animated-generic bottom-to-top av-zero-column-padding  '     ><section  class='av_textblock_section av-k3a8vy1i-c3eaba6a5673f57b0224f2a8c69b5209 '   itemscope=\"itemscope\" itemtype=\"https:\/\/schema.org\/CreativeWork\" ><div class='avia_textblock'  itemprop=\"text\" ><p class=\"p1\">\u0130nvol\u00fct yivler, \u00e7ok \u00e7e\u015fitli \u015fekillendirme prosesleri ile yumu\u015fak proseste son derece hassas \u015fekilde \u00fcretilebilir. Bununla birlikte, sonraki \u0131s\u0131l i\u015flemde, pimler \u00fczerindeki \u00f6l\u00e7\u00fcmde ve yiv konikli\u011finde bozulmalar meydana gelir ve bu da \u00f6nemli \u00f6l\u00e7\u00fcde daha d\u00fc\u015f\u00fck kalitelere ve hatta \u0131skartalara yol a\u00e7ar.<\/p>\n<ul>\n<li>Bu gecikmelerin nedenleri \u00e7o\u011funlukla farkl\u0131d\u0131r. Malzeme partilerindeki, bile\u015fen veya i\u015flemle ilgili so\u011futma e\u011frilerindeki varyasyonlar veya ind\u00fckt\u00f6rlerdeki varyasyonlar, pimler ve yiv konikli\u011findeki \u00f6l\u00e7\u00fcmlerde sertlik deformasyonlar\u0131 \u00fczerinde bir etkiye sahiptir.<\/li>\n<li>M\u00fckemmel nihai kaliteyi sa\u011flamak i\u00e7in, sertlik deformasyonlar\u0131 yumu\u015fak i\u015flemede \u00f6nceden d\u00fczeltilmelidir.<\/li>\n<li>Son teknoloji \u00fcr\u00fcn\u00fc 8e eksen teknolojimizle, hem pimler \u00fczerindeki \u00f6l\u00e7\u00fcm hem de yiv konikli\u011fi \u00f6l\u00e7\u00fcm\u00fcndeki \u03bc-do\u011frulu\u011fu d\u00fczeltilebilir. Bu, yivlerin y\u00fcksek hassasiyetli nihai kalitesini garanti eder.<\/li>\n<\/ul>\n<\/div><\/section><\/div>\n<style type=\"text\/css\" data-created_by=\"avia_inline_auto\" id=\"style-css-av-7nzzw-47ef4b95d16ddc52afc9d03e4ee84fbc\">\n.flex_column.av-7nzzw-47ef4b95d16ddc52afc9d03e4ee84fbc{\nborder-radius:0px 0px 0px 0px;\npadding:0px 0px 0px 0px;\n}\n<\/style>\n<div  class='flex_column av-7nzzw-47ef4b95d16ddc52afc9d03e4ee84fbc av_one_third  avia-builder-el-6  el_after_av_two_third  avia-builder-el-last  flex_column_div av-animated-generic bottom-to-top av-zero-column-padding  '     ><div  class='avia-video av-k3ed5wvu-d5e6796499f617abd477fc419d698f9a avia-video-16-9 av-no-preview-image avia-video-load-always avia-video-html5'  itemprop=\"video\" itemtype=\"https:\/\/schema.org\/VideoObject\"  data-original_url='https:\/\/osg-excello.com\/wp-content\/uploads\/2019\/11\/Konizitaet.mp4'><video class='avia_video'    preload=\"auto\"  controls id='player_6176_279496956_1281450618'><source src='https:\/\/osg-excello.com\/wp-content\/uploads\/2019\/11\/Konizitaet.mp4' type='video\/mp4' \/><\/video><\/div><\/div><\/div><\/div><\/div><!-- close content main div --><\/div><\/div><div id='after_section_1'  class='main_color av_default_container_wrap container_wrap sidebar_right'  ><div class='container av-section-cont-open' ><div class='template-page content  av-content-small alpha units'><div class='post-entry post-entry-type-page post-entry-6176'><div class='entry-content-wrapper clearfix'>\n","protected":false},"excerpt":{"rendered":"","protected":false},"author":1,"featured_media":0,"parent":2408,"menu_order":933,"comment_status":"closed","ping_status":"closed","template":"","meta":{"footnotes":""},"class_list":["post-6176","page","type-page","status-publish","hentry"],"yoast_head":"<!-- This site is optimized with the Yoast SEO plugin v27.2 - https:\/\/yoast.com\/product\/yoast-seo-wordpress\/ -->\n<title>\u00d6nceden ayarlanan od \u0131s\u0131sal i\u015flem sapmalar\u0131 ile spline kalitesi art\u0131r\u0131ld\u0131 - OSG Ex-Cell-O<\/title>\n<meta name=\"robots\" content=\"index, follow, max-snippet:-1, max-image-preview:large, max-video-preview:-1\" \/>\n<link rel=\"canonical\" href=\"https:\/\/osg-excello.com\/tr\/yenilik\/hoehere-verzahnungsqualitaet-durch-vorhalten-des-verzugs-aus-der-waermebehandlung\/\" \/>\n<meta property=\"og:locale\" content=\"tr_TR\" \/>\n<meta property=\"og:type\" content=\"article\" \/>\n<meta property=\"og:title\" content=\"\u00d6nceden ayarlanan od \u0131s\u0131sal i\u015flem sapmalar\u0131 ile spline kalitesi art\u0131r\u0131ld\u0131 - OSG Ex-Cell-O\" \/>\n<meta property=\"og:url\" content=\"https:\/\/osg-excello.com\/tr\/yenilik\/hoehere-verzahnungsqualitaet-durch-vorhalten-des-verzugs-aus-der-waermebehandlung\/\" \/>\n<meta property=\"og:site_name\" content=\"OSG Ex-Cell-O\" \/>\n<meta property=\"article:modified_time\" content=\"2021-05-26T08:28:56+00:00\" \/>\n<meta name=\"twitter:card\" content=\"summary_large_image\" \/>\n<meta name=\"twitter:label1\" content=\"Tahmini okuma s\u00fcresi\" \/>\n\t<meta name=\"twitter:data1\" content=\"4 dakika\" \/>\n<script type=\"application\/ld+json\" class=\"yoast-schema-graph\">{\"@context\":\"https:\/\/schema.org\",\"@graph\":[{\"@type\":\"WebPage\",\"@id\":\"https:\/\/osg-excello.com\/tr\/yenilik\/hoehere-verzahnungsqualitaet-durch-vorhalten-des-verzugs-aus-der-waermebehandlung\/\",\"url\":\"https:\/\/osg-excello.com\/tr\/yenilik\/hoehere-verzahnungsqualitaet-durch-vorhalten-des-verzugs-aus-der-waermebehandlung\/\",\"name\":\"\u00d6nceden ayarlanan od \u0131s\u0131sal i\u015flem sapmalar\u0131 ile spline kalitesi art\u0131r\u0131ld\u0131 - OSG Ex-Cell-O\",\"isPartOf\":{\"@id\":\"https:\/\/osg-excello.com\/tr\/#website\"},\"datePublished\":\"2019-11-19T15:09:05+00:00\",\"dateModified\":\"2021-05-26T08:28:56+00:00\",\"breadcrumb\":{\"@id\":\"https:\/\/osg-excello.com\/tr\/yenilik\/hoehere-verzahnungsqualitaet-durch-vorhalten-des-verzugs-aus-der-waermebehandlung\/#breadcrumb\"},\"inLanguage\":\"tr\",\"potentialAction\":[{\"@type\":\"ReadAction\",\"target\":[\"https:\/\/osg-excello.com\/tr\/yenilik\/hoehere-verzahnungsqualitaet-durch-vorhalten-des-verzugs-aus-der-waermebehandlung\/\"]}]},{\"@type\":\"BreadcrumbList\",\"@id\":\"https:\/\/osg-excello.com\/tr\/yenilik\/hoehere-verzahnungsqualitaet-durch-vorhalten-des-verzugs-aus-der-waermebehandlung\/#breadcrumb\",\"itemListElement\":[{\"@type\":\"ListItem\",\"position\":1,\"name\":\"Startseite\",\"item\":\"https:\/\/osg-excello.com\/tr\/\"},{\"@type\":\"ListItem\",\"position\":2,\"name\":\"Yenilik\",\"item\":\"https:\/\/osg-excello.com\/tr\/yenilik\/\"},{\"@type\":\"ListItem\",\"position\":3,\"name\":\"\u00d6nceden ayarlanan od \u0131s\u0131sal i\u015flem sapmalar\u0131 ile spline kalitesi art\u0131r\u0131ld\u0131\"}]},{\"@type\":\"WebSite\",\"@id\":\"https:\/\/osg-excello.com\/tr\/#website\",\"url\":\"https:\/\/osg-excello.com\/tr\/\",\"name\":\"OSG Ex-Cell-O\",\"description\":\"\",\"publisher\":{\"@id\":\"https:\/\/osg-excello.com\/tr\/#organization\"},\"potentialAction\":[{\"@type\":\"SearchAction\",\"target\":{\"@type\":\"EntryPoint\",\"urlTemplate\":\"https:\/\/osg-excello.com\/tr\/?s={search_term_string}\"},\"query-input\":{\"@type\":\"PropertyValueSpecification\",\"valueRequired\":true,\"valueName\":\"search_term_string\"}}],\"inLanguage\":\"tr\"},{\"@type\":\"Organization\",\"@id\":\"https:\/\/osg-excello.com\/tr\/#organization\",\"name\":\"OSG Ex-Cell-O GmbH\",\"url\":\"https:\/\/osg-excello.com\/tr\/\",\"logo\":{\"@type\":\"ImageObject\",\"inLanguage\":\"tr\",\"@id\":\"https:\/\/osg-excello.com\/tr\/#\/schema\/logo\/image\/\",\"url\":\"https:\/\/osg-excello.com\/wp-content\/uploads\/2019\/11\/osg_excello_logo_final-2.png\",\"contentUrl\":\"https:\/\/osg-excello.com\/wp-content\/uploads\/2019\/11\/osg_excello_logo_final-2.png\",\"width\":514,\"height\":236,\"caption\":\"OSG Ex-Cell-O GmbH\"},\"image\":{\"@id\":\"https:\/\/osg-excello.com\/tr\/#\/schema\/logo\/image\/\"}}]}<\/script>\n<!-- \/ Yoast SEO plugin. -->","yoast_head_json":{"title":"\u00d6nceden ayarlanan od \u0131s\u0131sal i\u015flem sapmalar\u0131 ile spline kalitesi art\u0131r\u0131ld\u0131 - OSG Ex-Cell-O","robots":{"index":"index","follow":"follow","max-snippet":"max-snippet:-1","max-image-preview":"max-image-preview:large","max-video-preview":"max-video-preview:-1"},"canonical":"https:\/\/osg-excello.com\/tr\/yenilik\/hoehere-verzahnungsqualitaet-durch-vorhalten-des-verzugs-aus-der-waermebehandlung\/","og_locale":"tr_TR","og_type":"article","og_title":"\u00d6nceden ayarlanan od \u0131s\u0131sal i\u015flem sapmalar\u0131 ile spline kalitesi art\u0131r\u0131ld\u0131 - OSG Ex-Cell-O","og_url":"https:\/\/osg-excello.com\/tr\/yenilik\/hoehere-verzahnungsqualitaet-durch-vorhalten-des-verzugs-aus-der-waermebehandlung\/","og_site_name":"OSG Ex-Cell-O","article_modified_time":"2021-05-26T08:28:56+00:00","twitter_card":"summary_large_image","twitter_misc":{"Tahmini okuma s\u00fcresi":"4 dakika"},"schema":{"@context":"https:\/\/schema.org","@graph":[{"@type":"WebPage","@id":"https:\/\/osg-excello.com\/tr\/yenilik\/hoehere-verzahnungsqualitaet-durch-vorhalten-des-verzugs-aus-der-waermebehandlung\/","url":"https:\/\/osg-excello.com\/tr\/yenilik\/hoehere-verzahnungsqualitaet-durch-vorhalten-des-verzugs-aus-der-waermebehandlung\/","name":"\u00d6nceden ayarlanan od \u0131s\u0131sal i\u015flem sapmalar\u0131 ile spline kalitesi art\u0131r\u0131ld\u0131 - OSG Ex-Cell-O","isPartOf":{"@id":"https:\/\/osg-excello.com\/tr\/#website"},"datePublished":"2019-11-19T15:09:05+00:00","dateModified":"2021-05-26T08:28:56+00:00","breadcrumb":{"@id":"https:\/\/osg-excello.com\/tr\/yenilik\/hoehere-verzahnungsqualitaet-durch-vorhalten-des-verzugs-aus-der-waermebehandlung\/#breadcrumb"},"inLanguage":"tr","potentialAction":[{"@type":"ReadAction","target":["https:\/\/osg-excello.com\/tr\/yenilik\/hoehere-verzahnungsqualitaet-durch-vorhalten-des-verzugs-aus-der-waermebehandlung\/"]}]},{"@type":"BreadcrumbList","@id":"https:\/\/osg-excello.com\/tr\/yenilik\/hoehere-verzahnungsqualitaet-durch-vorhalten-des-verzugs-aus-der-waermebehandlung\/#breadcrumb","itemListElement":[{"@type":"ListItem","position":1,"name":"Startseite","item":"https:\/\/osg-excello.com\/tr\/"},{"@type":"ListItem","position":2,"name":"Yenilik","item":"https:\/\/osg-excello.com\/tr\/yenilik\/"},{"@type":"ListItem","position":3,"name":"\u00d6nceden ayarlanan od \u0131s\u0131sal i\u015flem sapmalar\u0131 ile spline kalitesi art\u0131r\u0131ld\u0131"}]},{"@type":"WebSite","@id":"https:\/\/osg-excello.com\/tr\/#website","url":"https:\/\/osg-excello.com\/tr\/","name":"OSG Ex-Cell-O","description":"","publisher":{"@id":"https:\/\/osg-excello.com\/tr\/#organization"},"potentialAction":[{"@type":"SearchAction","target":{"@type":"EntryPoint","urlTemplate":"https:\/\/osg-excello.com\/tr\/?s={search_term_string}"},"query-input":{"@type":"PropertyValueSpecification","valueRequired":true,"valueName":"search_term_string"}}],"inLanguage":"tr"},{"@type":"Organization","@id":"https:\/\/osg-excello.com\/tr\/#organization","name":"OSG Ex-Cell-O GmbH","url":"https:\/\/osg-excello.com\/tr\/","logo":{"@type":"ImageObject","inLanguage":"tr","@id":"https:\/\/osg-excello.com\/tr\/#\/schema\/logo\/image\/","url":"https:\/\/osg-excello.com\/wp-content\/uploads\/2019\/11\/osg_excello_logo_final-2.png","contentUrl":"https:\/\/osg-excello.com\/wp-content\/uploads\/2019\/11\/osg_excello_logo_final-2.png","width":514,"height":236,"caption":"OSG Ex-Cell-O GmbH"},"image":{"@id":"https:\/\/osg-excello.com\/tr\/#\/schema\/logo\/image\/"}}]}},"_links":{"self":[{"href":"https:\/\/osg-excello.com\/tr\/wp-json\/wp\/v2\/pages\/6176","targetHints":{"allow":["GET"]}}],"collection":[{"href":"https:\/\/osg-excello.com\/tr\/wp-json\/wp\/v2\/pages"}],"about":[{"href":"https:\/\/osg-excello.com\/tr\/wp-json\/wp\/v2\/types\/page"}],"author":[{"embeddable":true,"href":"https:\/\/osg-excello.com\/tr\/wp-json\/wp\/v2\/users\/1"}],"replies":[{"embeddable":true,"href":"https:\/\/osg-excello.com\/tr\/wp-json\/wp\/v2\/comments?post=6176"}],"version-history":[{"count":4,"href":"https:\/\/osg-excello.com\/tr\/wp-json\/wp\/v2\/pages\/6176\/revisions"}],"predecessor-version":[{"id":6224,"href":"https:\/\/osg-excello.com\/tr\/wp-json\/wp\/v2\/pages\/6176\/revisions\/6224"}],"up":[{"embeddable":true,"href":"https:\/\/osg-excello.com\/tr\/wp-json\/wp\/v2\/pages\/2408"}],"wp:attachment":[{"href":"https:\/\/osg-excello.com\/tr\/wp-json\/wp\/v2\/media?parent=6176"}],"curies":[{"name":"wp","href":"https:\/\/api.w.org\/{rel}","templated":true}]}}