{"id":7648,"date":"2019-11-19T16:21:56","date_gmt":"2019-11-19T15:21:56","guid":{"rendered":"https:\/\/osg-excello.com\/hizmetleri\/verzahnen-ihrer-werkstuecke\/"},"modified":"2021-05-28T08:35:10","modified_gmt":"2021-05-28T06:35:10","slug":"verzahnen-ihrer-werkstuecke","status":"publish","type":"page","link":"https:\/\/osg-excello.com\/tr\/hizmetleri\/verzahnen-ihrer-werkstuecke\/","title":{"rendered":"\u0130\u015f par\u00e7alar\u0131n\u0131z\u0131n k\u0131ym\u0131klama"},"content":{"rendered":"\n<style type=\"text\/css\" data-created_by=\"avia_inline_auto\" id=\"style-css-av-807no-33a4a38e5e0d5dea70cde682a9dc653a\">\n.flex_column.av-807no-33a4a38e5e0d5dea70cde682a9dc653a{\nborder-radius:0px 0px 0px 0px;\npadding:25px 0px 0px 0px;\n}\n<\/style>\n<div  class='flex_column av-807no-33a4a38e5e0d5dea70cde682a9dc653a av_one_full  avia-builder-el-0  el_before_av_hr  avia-builder-el-first  first flex_column_div  '     ><style type=\"text\/css\" data-created_by=\"avia_inline_auto\" id=\"style-css-av-k3fv32zz-3ceb6f62214ba760330d296da308813f\">\n#top .av-special-heading.av-k3fv32zz-3ceb6f62214ba760330d296da308813f{\npadding-bottom:10px;\n}\nbody .av-special-heading.av-k3fv32zz-3ceb6f62214ba760330d296da308813f .av-special-heading-tag .heading-char{\nfont-size:25px;\n}\n.av-special-heading.av-k3fv32zz-3ceb6f62214ba760330d296da308813f .av-subheading{\nfont-size:15px;\n}\n<\/style>\n<div  class='av-special-heading av-k3fv32zz-3ceb6f62214ba760330d296da308813f av-special-heading-h1 blockquote modern-quote modern-centered  avia-builder-el-1  avia-builder-el-no-sibling '><h1 class='av-special-heading-tag '  itemprop=\"headline\"  >\u0130\u015f par\u00e7alar\u0131n\u0131z\u0131n k\u0131ym\u0131klama<\/h1><div class=\"special-heading-border\"><div class=\"special-heading-inner-border\"><\/div><\/div><\/div><\/div>\n<style type=\"text\/css\" data-created_by=\"avia_inline_auto\" id=\"style-css-av-k363cjsl-6c3a36cc1ad2d24930cc419f13ab6bc6\">\n#top .hr.av-k363cjsl-6c3a36cc1ad2d24930cc419f13ab6bc6{\nmargin-top:0px;\nmargin-bottom:30px;\n}\n.hr.av-k363cjsl-6c3a36cc1ad2d24930cc419f13ab6bc6 .hr-inner{\nwidth:30%;\nborder-color:#e8e8e8;\nmax-width:45%;\n}\n.hr.av-k363cjsl-6c3a36cc1ad2d24930cc419f13ab6bc6 .av-seperator-icon{\ncolor:#e8e8e8;\n}\n.hr.av-k363cjsl-6c3a36cc1ad2d24930cc419f13ab6bc6 .av-seperator-icon.avia-svg-icon svg:first-child{\nfill:#e8e8e8;\nstroke:#e8e8e8;\n}\n<\/style>\n<div  class='hr av-k363cjsl-6c3a36cc1ad2d24930cc419f13ab6bc6 hr-custom  avia-builder-el-2  el_after_av_one_full  el_before_av_section  avia-builder-el-last  hr-center hr-icon-yes'><span class='hr-inner inner-border-av-border-thin'><span class=\"hr-inner-style\"><\/span><\/span><span class='av-seperator-icon avia-iconfont avia-font-entypo-fontello' data-av_icon='\ue898' data-av_iconfont='entypo-fontello' ><\/span><span class='hr-inner inner-border-av-border-thin'><span class=\"hr-inner-style\"><\/span><\/span><\/div><\/p>\n<\/div><\/div><\/div><!-- close content main div --><\/div><\/div>\n<style type=\"text\/css\" data-created_by=\"avia_inline_auto\" id=\"style-css-av-k3647wxa-14f501a09e84162727fa6ec184c7a00c\">\n.avia-section.av-k3647wxa-14f501a09e84162727fa6ec184c7a00c{\nmargin-top:0px;\nmargin-bottom:100px;\n}\n<\/style>\n<div id='av_section_1'  class='avia-section av-k3647wxa-14f501a09e84162727fa6ec184c7a00c main_color avia-section-no-padding avia-no-border-styling  avia-builder-el-3  el_after_av_hr  avia-builder-el-last  avia-bg-style-scroll container_wrap sidebar_right'  ><div class='container av-section-cont-open' ><div class='template-page content  av-content-small alpha units'><div class='post-entry post-entry-type-page post-entry-7648'><div class='entry-content-wrapper clearfix'>\n\n<style type=\"text\/css\" data-created_by=\"avia_inline_auto\" id=\"style-css-av-7nzzw-2c1641dce56e8229eb55335a5a6ec76f\">\n.flex_column.av-7nzzw-2c1641dce56e8229eb55335a5a6ec76f{\nborder-radius:0px 0px 0px 0px;\npadding:0px 0px 0px 0px;\n}\n<\/style>\n<div  class='flex_column av-7nzzw-2c1641dce56e8229eb55335a5a6ec76f av_two_third  avia-builder-el-4  el_before_av_one_third  avia-builder-el-first  first flex_column_div av-animated-generic bottom-to-top av-zero-column-padding  '     ><style type=\"text\/css\" data-created_by=\"avia_inline_auto\" id=\"style-css-av-k3conupj-ba78eee3d6ee427b25f836f1d93a9461\">\n.avia-image-container.av-k3conupj-ba78eee3d6ee427b25f836f1d93a9461 img.avia_image{\nbox-shadow:none;\n}\n.avia-image-container.av-k3conupj-ba78eee3d6ee427b25f836f1d93a9461 .av-image-caption-overlay-center{\ncolor:#ffffff;\n}\n<\/style>\n<div  class='avia-image-container av-k3conupj-ba78eee3d6ee427b25f836f1d93a9461 av-styling- av-hover-grow av-hide-overflow av-img-linked avia-align-center  avia-builder-el-5  avia-builder-el-no-sibling '   itemprop=\"image\" itemscope=\"itemscope\" itemtype=\"https:\/\/schema.org\/ImageObject\" ><div class=\"avia-image-container-inner\"><div class=\"avia-image-overlay-wrap\"><a href=\"https:\/\/osg-excello.com\/wp-content\/uploads\/2019\/11\/dienstleistung_verzahnen_150629_XK_Kurbelwelle_DSC_9361_Ret.jpg\" data-srcset=\"https:\/\/osg-excello.com\/wp-content\/uploads\/2019\/11\/dienstleistung_verzahnen_150629_XK_Kurbelwelle_DSC_9361_Ret.jpg 1280w, https:\/\/osg-excello.com\/wp-content\/uploads\/2019\/11\/dienstleistung_verzahnen_150629_XK_Kurbelwelle_DSC_9361_Ret-768x512.jpg 768w, https:\/\/osg-excello.com\/wp-content\/uploads\/2019\/11\/dienstleistung_verzahnen_150629_XK_Kurbelwelle_DSC_9361_Ret-705x470.jpg 705w\" data-sizes=\"(max-width: 1280px) 100vw, 1280px\" class='avia_image '  aria-label='dienstleistung_verzahnen_150629_XK_Kurbelwelle_DSC_9361_Ret'><img decoding=\"async\" fetchpriority=\"high\" class='wp-image-7649 avia-img-lazy-loading-not-7649 avia_image ' src=\"https:\/\/osg-excello.com\/wp-content\/uploads\/2019\/11\/dienstleistung_verzahnen_150629_XK_Kurbelwelle_DSC_9361_Ret.jpg\" alt='' title='dienstleistung_verzahnen_150629_XK_Kurbelwelle_DSC_9361_Ret'  height=\"853\" width=\"1280\"  itemprop=\"thumbnailUrl\" srcset=\"https:\/\/osg-excello.com\/wp-content\/uploads\/2019\/11\/dienstleistung_verzahnen_150629_XK_Kurbelwelle_DSC_9361_Ret.jpg 1280w, https:\/\/osg-excello.com\/wp-content\/uploads\/2019\/11\/dienstleistung_verzahnen_150629_XK_Kurbelwelle_DSC_9361_Ret-768x512.jpg 768w, https:\/\/osg-excello.com\/wp-content\/uploads\/2019\/11\/dienstleistung_verzahnen_150629_XK_Kurbelwelle_DSC_9361_Ret-705x470.jpg 705w\" sizes=\"(max-width: 1280px) 100vw, 1280px\" \/><\/a><\/div><\/div><\/div><\/div>\n<style type=\"text\/css\" data-created_by=\"avia_inline_auto\" id=\"style-css-av-7nzzw-47ef4b95d16ddc52afc9d03e4ee84fbc\">\n.flex_column.av-7nzzw-47ef4b95d16ddc52afc9d03e4ee84fbc{\nborder-radius:0px 0px 0px 0px;\npadding:0px 0px 0px 0px;\n}\n<\/style>\n<div  class='flex_column av-7nzzw-47ef4b95d16ddc52afc9d03e4ee84fbc av_one_third  avia-builder-el-6  el_after_av_two_third  avia-builder-el-last  flex_column_div av-animated-generic bottom-to-top av-zero-column-padding  '     ><p>\n<style type=\"text\/css\" data-created_by=\"avia_inline_auto\" id=\"style-css-av-k3fv423a-a3d0b9927d6e6fac7ea65640eef8a913\">\n#top .av-special-heading.av-k3fv423a-a3d0b9927d6e6fac7ea65640eef8a913{\npadding-bottom:10px;\n}\nbody .av-special-heading.av-k3fv423a-a3d0b9927d6e6fac7ea65640eef8a913 .av-special-heading-tag .heading-char{\nfont-size:25px;\n}\n.av-special-heading.av-k3fv423a-a3d0b9927d6e6fac7ea65640eef8a913 .av-subheading{\nfont-size:15px;\n}\n<\/style>\n<div  class='av-special-heading av-k3fv423a-a3d0b9927d6e6fac7ea65640eef8a913 av-special-heading-h3  avia-builder-el-7  el_before_av_textblock  avia-builder-el-first '><h3 class='av-special-heading-tag '  itemprop=\"headline\"  >\u0130\u015f par\u00e7alar\u0131n\u0131z\u0131n k\u0131ym\u0131klama<\/h3><div class=\"special-heading-border\"><div class=\"special-heading-inner-border\"><\/div><\/div><\/div><br \/>\n<section  class='av_textblock_section av-k3a8vy1i-c3eaba6a5673f57b0224f2a8c69b5209 '   itemscope=\"itemscope\" itemtype=\"https:\/\/schema.org\/CreativeWork\" ><div class='avia_textblock'  itemprop=\"text\" ><p>K\u00fc\u00e7\u00fck partilerde \u015fekillendirme teknolojisi ile ba\u015flamak istiyorsunuz, ancak yeni makinelere yat\u0131r\u0131m hen\u00fcz ekonomik de\u011fil mi?<br \/>\nKapasite a\u015f\u0131mlar\u0131 i\u00e7in \u00e7\u00f6z\u00fcm bulman\u0131z m\u0131 gerekiyor?<br \/>\nSo\u011fuk haddeleme makineniz \u00e7al\u0131\u015fm\u0131yor ve hemen alternatif \/ ge\u00e7ici \u00fcretime mi ihtiyac\u0131n\u0131z var?<\/p>\n<p>Sorun de\u011fil! OSG EX-CELL-O, &#8220;projeleriniz i\u00e7in kaynak sa\u011flayan&#8221; yetkili orta\u011f\u0131n\u0131zd\u0131r. \u00d6nde gelen bir so\u011fuk haddeleme makineleri ve haddeleme tak\u0131mlar\u0131 \u00fcreticisi olarak, geli\u015ftirme departman\u0131m\u0131zda daima en son makine teknolojisine sahibiz &#8211; \u00fcretiminiz i\u00e7in de kullan\u0131labilir.<\/p>\n<\/div><\/section><br \/>\n\n<style type=\"text\/css\" data-created_by=\"avia_inline_auto\" id=\"style-css-av-k3fv52lk-4962aee5997426f29fe1c13ab3ebc3af\">\n#top .av-special-heading.av-k3fv52lk-4962aee5997426f29fe1c13ab3ebc3af{\npadding-bottom:10px;\n}\nbody .av-special-heading.av-k3fv52lk-4962aee5997426f29fe1c13ab3ebc3af .av-special-heading-tag .heading-char{\nfont-size:25px;\n}\n.av-special-heading.av-k3fv52lk-4962aee5997426f29fe1c13ab3ebc3af .av-subheading{\nfont-size:15px;\n}\n<\/style>\n<div  class='av-special-heading av-k3fv52lk-4962aee5997426f29fe1c13ab3ebc3af av-special-heading-h3  avia-builder-el-9  el_after_av_textblock  el_before_av_textblock '><h3 class='av-special-heading-tag '  itemprop=\"headline\"  >Projeleriniz i\u00e7in kaynak sa\u011flayan f\u0131rsatlar\u0131n\u0131z:<\/h3><div class=\"special-heading-border\"><div class=\"special-heading-inner-border\"><\/div><\/div><\/div><br \/>\n<section  class='av_textblock_section av-k3a8vy1i-c3eaba6a5673f57b0224f2a8c69b5209 '   itemscope=\"itemscope\" itemtype=\"https:\/\/schema.org\/CreativeWork\" ><div class='avia_textblock'  itemprop=\"text\" ><ul>\n<li>K\u00fc\u00e7\u00fck partilerin yivleri , \u00f6rn. Motor sporlar\u0131 bile\u015fenleri<\/li>\n<li>Prototipler \u00fczerindeki yivler<\/li>\n<li>Orta serilerde yivler<\/li>\n<li>Yumu\u015fak \/ sert analiz<\/li>\n<li>Alternatif \u00fcretim \/ acil durum \u00fcretimi<\/li>\n<li>Spesifikasyonlar\u0131n\u0131za g\u00f6re kalite g\u00fcvencesi<\/li>\n<\/ul>\n<\/div><\/section><\/p><\/div><\/div><\/div><\/div><!-- close content main div --><\/div><\/div><div id='after_section_1'  class='main_color av_default_container_wrap container_wrap sidebar_right'  ><div class='container av-section-cont-open' ><div class='template-page content  av-content-small alpha units'><div class='post-entry post-entry-type-page post-entry-7648'><div class='entry-content-wrapper clearfix'>\n","protected":false},"excerpt":{"rendered":"","protected":false},"author":1,"featured_media":0,"parent":2499,"menu_order":954,"comment_status":"closed","ping_status":"closed","template":"","meta":{"footnotes":""},"class_list":["post-7648","page","type-page","status-publish","hentry"],"yoast_head":"<!-- This site is optimized with the Yoast SEO plugin v27.2 - https:\/\/yoast.com\/product\/yoast-seo-wordpress\/ -->\n<title>\u0130\u015f par\u00e7alar\u0131n\u0131z\u0131n k\u0131ym\u0131klama - OSG Ex-Cell-O<\/title>\n<meta name=\"robots\" content=\"index, follow, max-snippet:-1, max-image-preview:large, max-video-preview:-1\" \/>\n<link rel=\"canonical\" href=\"https:\/\/osg-excello.com\/tr\/hizmetleri\/verzahnen-ihrer-werkstuecke\/\" \/>\n<meta property=\"og:locale\" content=\"tr_TR\" \/>\n<meta property=\"og:type\" content=\"article\" \/>\n<meta property=\"og:title\" content=\"\u0130\u015f par\u00e7alar\u0131n\u0131z\u0131n k\u0131ym\u0131klama - OSG Ex-Cell-O\" \/>\n<meta property=\"og:url\" content=\"https:\/\/osg-excello.com\/tr\/hizmetleri\/verzahnen-ihrer-werkstuecke\/\" \/>\n<meta property=\"og:site_name\" content=\"OSG Ex-Cell-O\" \/>\n<meta property=\"article:modified_time\" content=\"2021-05-28T06:35:10+00:00\" \/>\n<meta name=\"twitter:card\" content=\"summary_large_image\" \/>\n<meta name=\"twitter:label1\" content=\"Tahmini okuma s\u00fcresi\" \/>\n\t<meta name=\"twitter:data1\" content=\"5 dakika\" \/>\n<script type=\"application\/ld+json\" class=\"yoast-schema-graph\">{\"@context\":\"https:\/\/schema.org\",\"@graph\":[{\"@type\":\"WebPage\",\"@id\":\"https:\/\/osg-excello.com\/tr\/hizmetleri\/verzahnen-ihrer-werkstuecke\/\",\"url\":\"https:\/\/osg-excello.com\/tr\/hizmetleri\/verzahnen-ihrer-werkstuecke\/\",\"name\":\"\u0130\u015f par\u00e7alar\u0131n\u0131z\u0131n k\u0131ym\u0131klama - OSG Ex-Cell-O\",\"isPartOf\":{\"@id\":\"https:\/\/osg-excello.com\/tr\/#website\"},\"datePublished\":\"2019-11-19T15:21:56+00:00\",\"dateModified\":\"2021-05-28T06:35:10+00:00\",\"breadcrumb\":{\"@id\":\"https:\/\/osg-excello.com\/tr\/hizmetleri\/verzahnen-ihrer-werkstuecke\/#breadcrumb\"},\"inLanguage\":\"tr\",\"potentialAction\":[{\"@type\":\"ReadAction\",\"target\":[\"https:\/\/osg-excello.com\/tr\/hizmetleri\/verzahnen-ihrer-werkstuecke\/\"]}]},{\"@type\":\"BreadcrumbList\",\"@id\":\"https:\/\/osg-excello.com\/tr\/hizmetleri\/verzahnen-ihrer-werkstuecke\/#breadcrumb\",\"itemListElement\":[{\"@type\":\"ListItem\",\"position\":1,\"name\":\"Startseite\",\"item\":\"https:\/\/osg-excello.com\/tr\/\"},{\"@type\":\"ListItem\",\"position\":2,\"name\":\"Hizmetleri\",\"item\":\"https:\/\/osg-excello.com\/tr\/hizmetleri\/\"},{\"@type\":\"ListItem\",\"position\":3,\"name\":\"\u0130\u015f par\u00e7alar\u0131n\u0131z\u0131n k\u0131ym\u0131klama\"}]},{\"@type\":\"WebSite\",\"@id\":\"https:\/\/osg-excello.com\/tr\/#website\",\"url\":\"https:\/\/osg-excello.com\/tr\/\",\"name\":\"OSG Ex-Cell-O\",\"description\":\"\",\"publisher\":{\"@id\":\"https:\/\/osg-excello.com\/tr\/#organization\"},\"potentialAction\":[{\"@type\":\"SearchAction\",\"target\":{\"@type\":\"EntryPoint\",\"urlTemplate\":\"https:\/\/osg-excello.com\/tr\/?s={search_term_string}\"},\"query-input\":{\"@type\":\"PropertyValueSpecification\",\"valueRequired\":true,\"valueName\":\"search_term_string\"}}],\"inLanguage\":\"tr\"},{\"@type\":\"Organization\",\"@id\":\"https:\/\/osg-excello.com\/tr\/#organization\",\"name\":\"OSG Ex-Cell-O GmbH\",\"url\":\"https:\/\/osg-excello.com\/tr\/\",\"logo\":{\"@type\":\"ImageObject\",\"inLanguage\":\"tr\",\"@id\":\"https:\/\/osg-excello.com\/tr\/#\/schema\/logo\/image\/\",\"url\":\"https:\/\/osg-excello.com\/wp-content\/uploads\/2019\/11\/osg_excello_logo_final-2.png\",\"contentUrl\":\"https:\/\/osg-excello.com\/wp-content\/uploads\/2019\/11\/osg_excello_logo_final-2.png\",\"width\":514,\"height\":236,\"caption\":\"OSG Ex-Cell-O GmbH\"},\"image\":{\"@id\":\"https:\/\/osg-excello.com\/tr\/#\/schema\/logo\/image\/\"}}]}<\/script>\n<!-- \/ Yoast SEO plugin. -->","yoast_head_json":{"title":"\u0130\u015f par\u00e7alar\u0131n\u0131z\u0131n k\u0131ym\u0131klama - OSG Ex-Cell-O","robots":{"index":"index","follow":"follow","max-snippet":"max-snippet:-1","max-image-preview":"max-image-preview:large","max-video-preview":"max-video-preview:-1"},"canonical":"https:\/\/osg-excello.com\/tr\/hizmetleri\/verzahnen-ihrer-werkstuecke\/","og_locale":"tr_TR","og_type":"article","og_title":"\u0130\u015f par\u00e7alar\u0131n\u0131z\u0131n k\u0131ym\u0131klama - OSG Ex-Cell-O","og_url":"https:\/\/osg-excello.com\/tr\/hizmetleri\/verzahnen-ihrer-werkstuecke\/","og_site_name":"OSG Ex-Cell-O","article_modified_time":"2021-05-28T06:35:10+00:00","twitter_card":"summary_large_image","twitter_misc":{"Tahmini okuma s\u00fcresi":"5 dakika"},"schema":{"@context":"https:\/\/schema.org","@graph":[{"@type":"WebPage","@id":"https:\/\/osg-excello.com\/tr\/hizmetleri\/verzahnen-ihrer-werkstuecke\/","url":"https:\/\/osg-excello.com\/tr\/hizmetleri\/verzahnen-ihrer-werkstuecke\/","name":"\u0130\u015f par\u00e7alar\u0131n\u0131z\u0131n k\u0131ym\u0131klama - OSG Ex-Cell-O","isPartOf":{"@id":"https:\/\/osg-excello.com\/tr\/#website"},"datePublished":"2019-11-19T15:21:56+00:00","dateModified":"2021-05-28T06:35:10+00:00","breadcrumb":{"@id":"https:\/\/osg-excello.com\/tr\/hizmetleri\/verzahnen-ihrer-werkstuecke\/#breadcrumb"},"inLanguage":"tr","potentialAction":[{"@type":"ReadAction","target":["https:\/\/osg-excello.com\/tr\/hizmetleri\/verzahnen-ihrer-werkstuecke\/"]}]},{"@type":"BreadcrumbList","@id":"https:\/\/osg-excello.com\/tr\/hizmetleri\/verzahnen-ihrer-werkstuecke\/#breadcrumb","itemListElement":[{"@type":"ListItem","position":1,"name":"Startseite","item":"https:\/\/osg-excello.com\/tr\/"},{"@type":"ListItem","position":2,"name":"Hizmetleri","item":"https:\/\/osg-excello.com\/tr\/hizmetleri\/"},{"@type":"ListItem","position":3,"name":"\u0130\u015f par\u00e7alar\u0131n\u0131z\u0131n k\u0131ym\u0131klama"}]},{"@type":"WebSite","@id":"https:\/\/osg-excello.com\/tr\/#website","url":"https:\/\/osg-excello.com\/tr\/","name":"OSG Ex-Cell-O","description":"","publisher":{"@id":"https:\/\/osg-excello.com\/tr\/#organization"},"potentialAction":[{"@type":"SearchAction","target":{"@type":"EntryPoint","urlTemplate":"https:\/\/osg-excello.com\/tr\/?s={search_term_string}"},"query-input":{"@type":"PropertyValueSpecification","valueRequired":true,"valueName":"search_term_string"}}],"inLanguage":"tr"},{"@type":"Organization","@id":"https:\/\/osg-excello.com\/tr\/#organization","name":"OSG Ex-Cell-O GmbH","url":"https:\/\/osg-excello.com\/tr\/","logo":{"@type":"ImageObject","inLanguage":"tr","@id":"https:\/\/osg-excello.com\/tr\/#\/schema\/logo\/image\/","url":"https:\/\/osg-excello.com\/wp-content\/uploads\/2019\/11\/osg_excello_logo_final-2.png","contentUrl":"https:\/\/osg-excello.com\/wp-content\/uploads\/2019\/11\/osg_excello_logo_final-2.png","width":514,"height":236,"caption":"OSG Ex-Cell-O GmbH"},"image":{"@id":"https:\/\/osg-excello.com\/tr\/#\/schema\/logo\/image\/"}}]}},"_links":{"self":[{"href":"https:\/\/osg-excello.com\/tr\/wp-json\/wp\/v2\/pages\/7648","targetHints":{"allow":["GET"]}}],"collection":[{"href":"https:\/\/osg-excello.com\/tr\/wp-json\/wp\/v2\/pages"}],"about":[{"href":"https:\/\/osg-excello.com\/tr\/wp-json\/wp\/v2\/types\/page"}],"author":[{"embeddable":true,"href":"https:\/\/osg-excello.com\/tr\/wp-json\/wp\/v2\/users\/1"}],"replies":[{"embeddable":true,"href":"https:\/\/osg-excello.com\/tr\/wp-json\/wp\/v2\/comments?post=7648"}],"version-history":[{"count":4,"href":"https:\/\/osg-excello.com\/tr\/wp-json\/wp\/v2\/pages\/7648\/revisions"}],"predecessor-version":[{"id":7756,"href":"https:\/\/osg-excello.com\/tr\/wp-json\/wp\/v2\/pages\/7648\/revisions\/7756"}],"up":[{"embeddable":true,"href":"https:\/\/osg-excello.com\/tr\/wp-json\/wp\/v2\/pages\/2499"}],"wp:attachment":[{"href":"https:\/\/osg-excello.com\/tr\/wp-json\/wp\/v2\/media?parent=7648"}],"curies":[{"name":"wp","href":"https:\/\/api.w.org\/{rel}","templated":true}]}}